{"id":14575,"date":"2025-08-25T10:23:20","date_gmt":"2025-08-25T08:23:20","guid":{"rendered":"https:\/\/mwb.com.pl\/mwb2017\/?page_id=14575"},"modified":"2025-09-17T13:22:20","modified_gmt":"2025-09-17T11:22:20","slug":"jak-orzel-na-godlo-przylecial","status":"publish","type":"page","link":"https:\/\/mwb.com.pl\/mwb2017\/oferta\/edukacja\/jak-orzel-na-godlo-przylecial\/","title":{"rendered":"Jak orze\u0142 na god\u0142o przylecia\u0142\u2026"},"content":{"rendered":"<p><strong>Poziom edukacji: PRZEDSZKOLA &#8211; od 4 do 6 lat<\/strong><\/p>\n<p>To warsztaty pe\u0142ne legend, kr\u00f3tkich opowie\u015bci i muzealnych zagadek dla przedszkolak\u00f3w, podczas kt\u00f3rych dzieci poznaj\u0105 histori\u0119 polskiego god\u0142a oraz znaczenie symboli narodowych. W\u0119druj\u0105c przez muzealne sale odkrywamy, sk\u0105d wzi\u0119\u0142y si\u0119 barwy bia\u0142o-czerwone i dlaczego \u015bpiewamy hymn, a na zako\u0144czenie ka\u017cdy uczestnik otrzyma specjalnie przygotowan\u0105 pami\u0105tkow\u0105 niespodziank\u0119.<\/p>\n<div align=\"center\"><a href=\"https:\/\/mwb.com.pl\/rezerwacja\/przedszkola\/jak-orzel-na-godlo-przylecial\/\" target=\"_blank\" rel=\"noopener noreferrer\"><img decoding=\"async\" class=\"aligncenter wp-image-2736 size-thumbnail\" src=\"https:\/\/mwb.com.pl\/mwb2017\/wp-content\/uploads\/2019\/01\/booking-150x150.png\" alt=\"ikona rezerwacji\" width=\"150\" height=\"150\" srcset=\"https:\/\/mwb.com.pl\/mwb2017\/wp-content\/uploads\/2019\/01\/booking-150x150.png 150w, https:\/\/mwb.com.pl\/mwb2017\/wp-content\/uploads\/2019\/01\/booking.png 256w\" sizes=\"(max-width: 150px) 100vw, 150px\" \/><br \/>\nZarezerwuj online<\/a><\/div>\n","protected":false},"excerpt":{"rendered":"<p>Poziom edukacji: PRZEDSZKOLA &#8211; od 4 do 6 lat To warsztaty pe\u0142ne legend, kr\u00f3tkich opowie\u015bci i muzealnych zagadek dla przedszkolak\u00f3w, podczas kt\u00f3rych dzieci poznaj\u0105 histori\u0119 polskiego god\u0142a oraz znaczenie symboli narodowych. W\u0119druj\u0105c przez muzealne sale odkrywamy, sk\u0105d wzi\u0119\u0142y si\u0119 barwy bia\u0142o-czerwone i dlaczego \u015bpiewamy hymn, a na zako\u0144czenie ka\u017cdy uczestnik otrzyma specjalnie przygotowan\u0105 pami\u0105tkow\u0105 niespodziank\u0119. [&hellip;]<\/p>\n","protected":false},"author":1,"featured_media":0,"parent":18,"menu_order":0,"comment_status":"closed","ping_status":"closed","template":"","meta":{"ngg_post_thumbnail":0,"h5ap_radio_sources":[],"_vp_format_video_url":"","_vp_image_focal_point":[],"footnotes":""},"class_list":["post-14575","page","type-page","status-publish","hentry"],"_links":{"self":[{"href":"https:\/\/mwb.com.pl\/mwb2017\/wp-json\/wp\/v2\/pages\/14575","targetHints":{"allow":["GET"]}}],"collection":[{"href":"https:\/\/mwb.com.pl\/mwb2017\/wp-json\/wp\/v2\/pages"}],"about":[{"href":"https:\/\/mwb.com.pl\/mwb2017\/wp-json\/wp\/v2\/types\/page"}],"author":[{"embeddable":true,"href":"https:\/\/mwb.com.pl\/mwb2017\/wp-json\/wp\/v2\/users\/1"}],"replies":[{"embeddable":true,"href":"https:\/\/mwb.com.pl\/mwb2017\/wp-json\/wp\/v2\/comments?post=14575"}],"version-history":[{"count":2,"href":"https:\/\/mwb.com.pl\/mwb2017\/wp-json\/wp\/v2\/pages\/14575\/revisions"}],"predecessor-version":[{"id":14702,"href":"https:\/\/mwb.com.pl\/mwb2017\/wp-json\/wp\/v2\/pages\/14575\/revisions\/14702"}],"up":[{"embeddable":true,"href":"https:\/\/mwb.com.pl\/mwb2017\/wp-json\/wp\/v2\/pages\/18"}],"wp:attachment":[{"href":"https:\/\/mwb.com.pl\/mwb2017\/wp-json\/wp\/v2\/media?parent=14575"}],"curies":[{"name":"wp","href":"https:\/\/api.w.org\/{rel}","templated":true}]}}