{"id":14573,"date":"2025-08-25T10:21:28","date_gmt":"2025-08-25T08:21:28","guid":{"rendered":"https:\/\/mwb.com.pl\/mwb2017\/?page_id=14573"},"modified":"2025-08-25T10:21:28","modified_gmt":"2025-08-25T08:21:28","slug":"muzealne-tajemnice","status":"publish","type":"page","link":"https:\/\/mwb.com.pl\/mwb2017\/oferta\/edukacja\/muzealne-tajemnice\/","title":{"rendered":"Muzealne Tajemnice"},"content":{"rendered":"<p><strong>Poziom edukacji: PRZEDSZKOLA &#8211; od 4 do 6 lat<\/strong><\/p>\n<p>Muzeum brzmi tajemniczo, szczeg\u00f3lnie dla najm\u0142odszych. Z warsztatami zapozna nas specjalny, pluszowy przewodnik, kt\u00f3ry uchyli r\u0105bka tajemnic Uczestnicy poznaj\u0105 najwa\u017cniejsze poj\u0119cia zwi\u0105zane z muzeum oraz spos\u00f3b poruszania si\u0119 po salach ekspozycyjnych. Dowiedz\u0105 si\u0119 jakie panuj\u0105 zasady w takich instytucjach oraz co mo\u017cna tam zobaczy\u0107. Na koniec zaj\u0119\u0107 wykonaj\u0105 prac\u0119 plastyczn\u0105 \u2013 muzeum 3D. <\/p>\n<div align=\"center\"><a href=\"https:\/\/mwb.com.pl\/rezerwacja\/przedszkola\/muzealne-tajemnice\/\" target=\"_blank\" rel=\"noopener noreferrer\"><img decoding=\"async\" class=\"aligncenter wp-image-2736 size-thumbnail\" src=\"https:\/\/mwb.com.pl\/mwb2017\/wp-content\/uploads\/2019\/01\/booking-150x150.png\" alt=\"ikona rezerwacji\" width=\"150\" height=\"150\" srcset=\"https:\/\/mwb.com.pl\/mwb2017\/wp-content\/uploads\/2019\/01\/booking-150x150.png 150w, https:\/\/mwb.com.pl\/mwb2017\/wp-content\/uploads\/2019\/01\/booking.png 256w\" sizes=\"(max-width: 150px) 100vw, 150px\" \/><br \/>\nZarezerwuj online<\/a><\/div>\n","protected":false},"excerpt":{"rendered":"<p>Poziom edukacji: PRZEDSZKOLA &#8211; od 4 do 6 lat Muzeum brzmi tajemniczo, szczeg\u00f3lnie dla najm\u0142odszych. Z warsztatami zapozna nas specjalny, pluszowy przewodnik, kt\u00f3ry uchyli r\u0105bka tajemnic Uczestnicy poznaj\u0105 najwa\u017cniejsze poj\u0119cia zwi\u0105zane z muzeum oraz spos\u00f3b poruszania si\u0119 po salach ekspozycyjnych. Dowiedz\u0105 si\u0119 jakie panuj\u0105 zasady w takich instytucjach oraz co mo\u017cna tam zobaczy\u0107. Na koniec [&hellip;]<\/p>\n","protected":false},"author":1,"featured_media":0,"parent":18,"menu_order":0,"comment_status":"closed","ping_status":"closed","template":"","meta":{"ngg_post_thumbnail":0,"h5ap_radio_sources":[],"_vp_format_video_url":"","_vp_image_focal_point":[],"footnotes":""},"class_list":["post-14573","page","type-page","status-publish","hentry"],"_links":{"self":[{"href":"https:\/\/mwb.com.pl\/mwb2017\/wp-json\/wp\/v2\/pages\/14573","targetHints":{"allow":["GET"]}}],"collection":[{"href":"https:\/\/mwb.com.pl\/mwb2017\/wp-json\/wp\/v2\/pages"}],"about":[{"href":"https:\/\/mwb.com.pl\/mwb2017\/wp-json\/wp\/v2\/types\/page"}],"author":[{"embeddable":true,"href":"https:\/\/mwb.com.pl\/mwb2017\/wp-json\/wp\/v2\/users\/1"}],"replies":[{"embeddable":true,"href":"https:\/\/mwb.com.pl\/mwb2017\/wp-json\/wp\/v2\/comments?post=14573"}],"version-history":[{"count":1,"href":"https:\/\/mwb.com.pl\/mwb2017\/wp-json\/wp\/v2\/pages\/14573\/revisions"}],"predecessor-version":[{"id":14574,"href":"https:\/\/mwb.com.pl\/mwb2017\/wp-json\/wp\/v2\/pages\/14573\/revisions\/14574"}],"up":[{"embeddable":true,"href":"https:\/\/mwb.com.pl\/mwb2017\/wp-json\/wp\/v2\/pages\/18"}],"wp:attachment":[{"href":"https:\/\/mwb.com.pl\/mwb2017\/wp-json\/wp\/v2\/media?parent=14573"}],"curies":[{"name":"wp","href":"https:\/\/api.w.org\/{rel}","templated":true}]}}