{"id":14571,"date":"2025-08-25T10:18:33","date_gmt":"2025-08-25T08:18:33","guid":{"rendered":"https:\/\/mwb.com.pl\/mwb2017\/?page_id=14571"},"modified":"2025-08-25T10:18:33","modified_gmt":"2025-08-25T08:18:33","slug":"mis-wojtek","status":"publish","type":"page","link":"https:\/\/mwb.com.pl\/mwb2017\/oferta\/edukacja\/mis-wojtek\/","title":{"rendered":"Mi\u015b Wojtek"},"content":{"rendered":"<p><strong>Poziom edukacji: PRZEDSZKOLA &#8211; od 4 do 6 lat<\/strong><\/p>\n<p>Warsztaty \u201eMi\u015b Wojtek\u201d to wyj\u0105tkowe spotkanie, podczas kt\u00f3rego dzieci poznaj\u0105 histori\u0119 niezwyk\u0142ego nied\u017awiedzia, kt\u00f3ry s\u0142u\u017cy\u0142 w armii genera\u0142a Andersa i bra\u0142 udzia\u0142 w bitwie o Monte Cassino. Zaj\u0119cia odbywaj\u0105 si\u0119 na salach wystawowych. Uczestnicy ogl\u0105daj\u0105 zdj\u0119cia archiwalne oraz bior\u0105 udzia\u0142 w tw\u00f3rczych dzia\u0142aniach teatralnych z wykorzystaniem teatrzyku Kamishibai. Poprzez zabaw\u0119 i prac\u0119 w grupach ucz\u0105 si\u0119 o historii II wojny \u015bwiatowej, poznaj\u0105 losy polskich \u017co\u0142nierzy, w szczeg\u00f3lno\u015bci histori\u0119 zwierz\u0119cego kaprala. Zaj\u0119cia rozwijaj\u0105 wyobra\u017ani\u0119, empati\u0119 i wra\u017cliwo\u015b\u0107 na przesz\u0142o\u015b\u0107.<\/p>\n<div align=\"center\"><a href=\"https:\/\/mwb.com.pl\/rezerwacja\/przedszkola\/mis-wojtek\/\" target=\"_blank\" rel=\"noopener noreferrer\"><img decoding=\"async\" class=\"aligncenter wp-image-2736 size-thumbnail\" src=\"https:\/\/mwb.com.pl\/mwb2017\/wp-content\/uploads\/2019\/01\/booking-150x150.png\" alt=\"ikona rezerwacji\" width=\"150\" height=\"150\" srcset=\"https:\/\/mwb.com.pl\/mwb2017\/wp-content\/uploads\/2019\/01\/booking-150x150.png 150w, https:\/\/mwb.com.pl\/mwb2017\/wp-content\/uploads\/2019\/01\/booking.png 256w\" sizes=\"(max-width: 150px) 100vw, 150px\" \/><br \/>\nZarezerwuj online<\/a><\/div>\n","protected":false},"excerpt":{"rendered":"<p>Poziom edukacji: PRZEDSZKOLA &#8211; od 4 do 6 lat Warsztaty \u201eMi\u015b Wojtek\u201d to wyj\u0105tkowe spotkanie, podczas kt\u00f3rego dzieci poznaj\u0105 histori\u0119 niezwyk\u0142ego nied\u017awiedzia, kt\u00f3ry s\u0142u\u017cy\u0142 w armii genera\u0142a Andersa i bra\u0142 udzia\u0142 w bitwie o Monte Cassino. Zaj\u0119cia odbywaj\u0105 si\u0119 na salach wystawowych. Uczestnicy ogl\u0105daj\u0105 zdj\u0119cia archiwalne oraz bior\u0105 udzia\u0142 w tw\u00f3rczych dzia\u0142aniach teatralnych z wykorzystaniem [&hellip;]<\/p>\n","protected":false},"author":1,"featured_media":0,"parent":18,"menu_order":0,"comment_status":"closed","ping_status":"closed","template":"","meta":{"ngg_post_thumbnail":0,"h5ap_radio_sources":[],"_vp_format_video_url":"","_vp_image_focal_point":[],"footnotes":""},"class_list":["post-14571","page","type-page","status-publish","hentry"],"_links":{"self":[{"href":"https:\/\/mwb.com.pl\/mwb2017\/wp-json\/wp\/v2\/pages\/14571","targetHints":{"allow":["GET"]}}],"collection":[{"href":"https:\/\/mwb.com.pl\/mwb2017\/wp-json\/wp\/v2\/pages"}],"about":[{"href":"https:\/\/mwb.com.pl\/mwb2017\/wp-json\/wp\/v2\/types\/page"}],"author":[{"embeddable":true,"href":"https:\/\/mwb.com.pl\/mwb2017\/wp-json\/wp\/v2\/users\/1"}],"replies":[{"embeddable":true,"href":"https:\/\/mwb.com.pl\/mwb2017\/wp-json\/wp\/v2\/comments?post=14571"}],"version-history":[{"count":1,"href":"https:\/\/mwb.com.pl\/mwb2017\/wp-json\/wp\/v2\/pages\/14571\/revisions"}],"predecessor-version":[{"id":14572,"href":"https:\/\/mwb.com.pl\/mwb2017\/wp-json\/wp\/v2\/pages\/14571\/revisions\/14572"}],"up":[{"embeddable":true,"href":"https:\/\/mwb.com.pl\/mwb2017\/wp-json\/wp\/v2\/pages\/18"}],"wp:attachment":[{"href":"https:\/\/mwb.com.pl\/mwb2017\/wp-json\/wp\/v2\/media?parent=14571"}],"curies":[{"name":"wp","href":"https:\/\/api.w.org\/{rel}","templated":true}]}}