{"id":13354,"date":"2024-08-05T13:57:24","date_gmt":"2024-08-05T11:57:24","guid":{"rendered":"https:\/\/mwb.com.pl\/mwb2017\/?page_id=13354"},"modified":"2024-08-05T13:57:24","modified_gmt":"2024-08-05T11:57:24","slug":"kto-bronil-naszych-granic","status":"publish","type":"page","link":"https:\/\/mwb.com.pl\/mwb2017\/oferta\/edukacja\/kto-bronil-naszych-granic\/","title":{"rendered":"Kto broni\u0142 naszych granic"},"content":{"rendered":"<p><strong>Poziom edukacji: PRZEDSZKOLE | KLASY I \u2013 III<\/strong><\/p>\n<p>Podczas warsztat\u00f3w uczestnicy dowiedz\u0105 si\u0119 jak na przestrzeni lat zmienia\u0142y si\u0119 granice Polski i w jaki spos\u00f3b by\u0142y i s\u0105 chronione. Wciel\u0105 si\u0119 w rol\u0119 poszukiwaczy, kt\u00f3rzy odnajd\u0105 na muzealnych ekspozycjach sylwetki \u017co\u0142nierzy Korpusu Ochrony Pogranicza. Poznaj\u0105 zadania tych \u017co\u0142nierzy i zastanowi\u0105 si\u0119 jakie obowi\u0105zki ma dzi\u015b Stra\u017c Graniczna. W drugiej cz\u0119\u015bci warsztat\u00f3w wykonaj\u0105 map\u0119 Polski technik\u0105 stemplowania.<\/p>\n<div align=\"center\"><a href=\"https:\/\/mwb.com.pl\/rezerwacja\/przedszkola-i-klasy-i-iii\/kto-bronil-naszych-granic\/\" target=\"_blank\" rel=\"noopener noreferrer\"><img decoding=\"async\" class=\"aligncenter wp-image-2736 size-thumbnail\" src=\"https:\/\/mwb.com.pl\/mwb2017\/wp-content\/uploads\/2019\/01\/booking-150x150.png\" alt=\"ikona rezerwacji\" width=\"150\" height=\"150\" srcset=\"https:\/\/mwb.com.pl\/mwb2017\/wp-content\/uploads\/2019\/01\/booking-150x150.png 150w, https:\/\/mwb.com.pl\/mwb2017\/wp-content\/uploads\/2019\/01\/booking.png 256w\" sizes=\"(max-width: 150px) 100vw, 150px\" \/><br \/>\nZarezerwuj online<\/a><\/div>\n","protected":false},"excerpt":{"rendered":"<p>Poziom edukacji: PRZEDSZKOLE | KLASY I \u2013 III Podczas warsztat\u00f3w uczestnicy dowiedz\u0105 si\u0119 jak na przestrzeni lat zmienia\u0142y si\u0119 granice Polski i w jaki spos\u00f3b by\u0142y i s\u0105 chronione. Wciel\u0105 si\u0119 w rol\u0119 poszukiwaczy, kt\u00f3rzy odnajd\u0105 na muzealnych ekspozycjach sylwetki \u017co\u0142nierzy Korpusu Ochrony Pogranicza. Poznaj\u0105 zadania tych \u017co\u0142nierzy i zastanowi\u0105 si\u0119 jakie obowi\u0105zki ma dzi\u015b [&hellip;]<\/p>\n","protected":false},"author":1,"featured_media":0,"parent":18,"menu_order":0,"comment_status":"closed","ping_status":"closed","template":"","meta":{"ngg_post_thumbnail":0,"h5ap_radio_sources":[],"_vp_format_video_url":"","_vp_image_focal_point":[],"footnotes":""},"class_list":["post-13354","page","type-page","status-publish","hentry"],"_links":{"self":[{"href":"https:\/\/mwb.com.pl\/mwb2017\/wp-json\/wp\/v2\/pages\/13354","targetHints":{"allow":["GET"]}}],"collection":[{"href":"https:\/\/mwb.com.pl\/mwb2017\/wp-json\/wp\/v2\/pages"}],"about":[{"href":"https:\/\/mwb.com.pl\/mwb2017\/wp-json\/wp\/v2\/types\/page"}],"author":[{"embeddable":true,"href":"https:\/\/mwb.com.pl\/mwb2017\/wp-json\/wp\/v2\/users\/1"}],"replies":[{"embeddable":true,"href":"https:\/\/mwb.com.pl\/mwb2017\/wp-json\/wp\/v2\/comments?post=13354"}],"version-history":[{"count":1,"href":"https:\/\/mwb.com.pl\/mwb2017\/wp-json\/wp\/v2\/pages\/13354\/revisions"}],"predecessor-version":[{"id":13355,"href":"https:\/\/mwb.com.pl\/mwb2017\/wp-json\/wp\/v2\/pages\/13354\/revisions\/13355"}],"up":[{"embeddable":true,"href":"https:\/\/mwb.com.pl\/mwb2017\/wp-json\/wp\/v2\/pages\/18"}],"wp:attachment":[{"href":"https:\/\/mwb.com.pl\/mwb2017\/wp-json\/wp\/v2\/media?parent=13354"}],"curies":[{"name":"wp","href":"https:\/\/api.w.org\/{rel}","templated":true}]}}