{"id":13320,"date":"2024-07-19T10:56:37","date_gmt":"2024-07-19T08:56:37","guid":{"rendered":"https:\/\/mwb.com.pl\/mwb2017\/?page_id=13320"},"modified":"2024-07-19T10:56:37","modified_gmt":"2024-07-19T08:56:37","slug":"fotoplastykon","status":"publish","type":"page","link":"https:\/\/mwb.com.pl\/mwb2017\/fotoplastykon\/","title":{"rendered":"Fotoplastykon"},"content":{"rendered":"<p>Zach\u0119camy do zobaczenia wystawy \u201eW mundurze, przy mundurze, za mundurem\u201d. Zdj\u0119cia legendarnego Boles\u0142awa Augustisa pokazujemy w fotoplastykonie przy ul. Kili\u0144skiego 7.<\/p>\n<blockquote><p>Marcin Kozi\u0144ski: Boles\u0142aw Augustis (1912\u20131995) urodzi\u0142 si\u0119 w Imperium Rosyjskim w polskiej rodzinie. W 1932 roku przyjecha\u0142 wraz z rodzicami i rodze\u0144stwem z Nowosybirska do Bia\u0142egostoku. Pocz\u0105tkowo pracowa\u0142 jako pomocnik fotografa Neuh\u00fcttlera przy Rynku Ko\u015bciuszki, w 1935 roku otworzy\u0142 w\u0142asny zak\u0142ad \u201ePolonia Film\u201d przy ul. Kili\u0144skiego 12 (potem przy Kili\u0144skiego 14). Jego specjalno\u015bci\u0105 sta\u0142y si\u0119 tzw. \u201eulic\u00f3wki\u201d \u2013 pojedyncze i grupowe portrety przechodni\u00f3w, wykonywane w centrum miasta. W latach 1935\u20131938 uwieczni\u0142 w ten spos\u00f3b kilkadziesi\u0105t tysi\u0119cy bia\u0142ostoczan. Na zdj\u0119ciach znalaz\u0142y si\u0119 te\u017c wydarzenia, wygl\u0105d ulic, detale architektoniczne, zwyczaje mieszka\u0144c\u00f3w i ich stroje, w tym mundury, stanowi\u0105ce element wsp\u00f3lny fotografii prezentowanych w fotoplastykonie.<\/p><\/blockquote>\n<p><img decoding=\"async\" src=\"https:\/\/mwb.com.pl\/mwb2017\/wp-content\/uploads\/fotoplastykon\/fotoplastykon2.jpg\" width=\"600px\"><\/p>\n<p>W 2004 roku, w starym budynku przy ulicy Bema w Bia\u0142ymstoku, odnaleziono przypadkiem negatywy z zak\u0142adu Boles\u0142awa Augustisa. Zbi\u00f3r trafi\u0142 do Grzegorza D\u0105browskiego, fotografa i popularyzatora fotografii w regionie, kt\u00f3ry systematycznie digitalizuje poszczeg\u00f3lne klatki (w tej chwili jest ich ju\u017c kilkana\u015bcie tysi\u0119cy) i udost\u0119pnia na stronie internetowej. Wsp\u00f3lnie ze Stowarzyszeniem Edukacji Kulturalnej Widok wyda\u0142 tak\u017ce ksi\u0105\u017cki fotograficzne ze zdj\u0119ciami Augustisa i by\u0142 kuratorem jego wystaw m.in. w Warszawie, Berlinie, Belgradzie i Trie\u015bcie.<\/p>\n<blockquote><p>Mateusz Budzy\u0144ski: Fotoplastykony to urz\u0105dzenia konstruowane na prze\u0142omie XIX i XX wieku, s\u0142u\u017c\u0105ce do prezentacji zdj\u0119\u0107 stereoskopowych. W obudowie automatu umiejscowione by\u0142y wizjery do ogl\u0105dania przesuwaj\u0105cych si\u0119 fotografii. Specyficzny uk\u0142ad pary obraz\u00f3w dawa\u0142 wra\u017cenie g\u0142\u0119bi i tr\u00f3jwymiarowo\u015bci. Przy du\u017cej umowno\u015bci tego sformu\u0142owania \u2013 mo\u017cemy je nazwa\u0107 przedwojennym 3D.<\/p><\/blockquote>\n<p><img decoding=\"async\" src=\"https:\/\/mwb.com.pl\/mwb2017\/wp-content\/uploads\/fotoplastykon\/fotoplastykon1.jpg\" width=\"600px\"><\/p>\n<p>Fotoplastykon przygotowany zosta\u0142 przez Muzeum Wojska w Bia\u0142ymstoku, we wsp\u00f3\u0142pracy z Fundacj\u0105 Koncept Kultura i Stowarzyszeniem Edukacji Kulturalnej Widok. Zadanie zrealizowano z bud\u017cetu Miasta Bia\u0142egostoku. Ekspozytor jest sta\u0142ym elementem przestrzeni miejskiej, czynnym codziennie, przez dwadzie\u015bcia cztery godziny na dob\u0119.<\/p>\n","protected":false},"excerpt":{"rendered":"<p>Zach\u0119camy do zobaczenia wystawy \u201eW mundurze, przy mundurze, za mundurem\u201d. Zdj\u0119cia legendarnego Boles\u0142awa Augustisa pokazujemy w fotoplastykonie przy ul. Kili\u0144skiego 7. Marcin Kozi\u0144ski: Boles\u0142aw Augustis (1912\u20131995) urodzi\u0142 si\u0119 w Imperium Rosyjskim w polskiej rodzinie. W 1932 roku przyjecha\u0142 wraz z rodzicami i rodze\u0144stwem z Nowosybirska do Bia\u0142egostoku. Pocz\u0105tkowo pracowa\u0142 jako pomocnik fotografa Neuh\u00fcttlera przy Rynku [&hellip;]<\/p>\n","protected":false},"author":1,"featured_media":0,"parent":0,"menu_order":0,"comment_status":"closed","ping_status":"closed","template":"","meta":{"ngg_post_thumbnail":0,"h5ap_radio_sources":[],"_vp_format_video_url":"","_vp_image_focal_point":[],"footnotes":""},"class_list":["post-13320","page","type-page","status-publish","hentry"],"_links":{"self":[{"href":"https:\/\/mwb.com.pl\/mwb2017\/wp-json\/wp\/v2\/pages\/13320","targetHints":{"allow":["GET"]}}],"collection":[{"href":"https:\/\/mwb.com.pl\/mwb2017\/wp-json\/wp\/v2\/pages"}],"about":[{"href":"https:\/\/mwb.com.pl\/mwb2017\/wp-json\/wp\/v2\/types\/page"}],"author":[{"embeddable":true,"href":"https:\/\/mwb.com.pl\/mwb2017\/wp-json\/wp\/v2\/users\/1"}],"replies":[{"embeddable":true,"href":"https:\/\/mwb.com.pl\/mwb2017\/wp-json\/wp\/v2\/comments?post=13320"}],"version-history":[{"count":1,"href":"https:\/\/mwb.com.pl\/mwb2017\/wp-json\/wp\/v2\/pages\/13320\/revisions"}],"predecessor-version":[{"id":13321,"href":"https:\/\/mwb.com.pl\/mwb2017\/wp-json\/wp\/v2\/pages\/13320\/revisions\/13321"}],"wp:attachment":[{"href":"https:\/\/mwb.com.pl\/mwb2017\/wp-json\/wp\/v2\/media?parent=13320"}],"curies":[{"name":"wp","href":"https:\/\/api.w.org\/{rel}","templated":true}]}}