{"id":12944,"date":"2024-03-21T09:47:00","date_gmt":"2024-03-21T08:47:00","guid":{"rendered":"https:\/\/mwb.com.pl\/mwb2017\/?page_id=12944"},"modified":"2024-03-21T09:58:28","modified_gmt":"2024-03-21T08:58:28","slug":"historia-zapisana-w-fotografii","status":"publish","type":"page","link":"https:\/\/mwb.com.pl\/mwb2017\/oferta\/edukacja\/historia-zapisana-w-fotografii\/","title":{"rendered":"Historia zapisana w fotografii"},"content":{"rendered":"<p><strong>Osoby w wieku 60+<\/strong><\/p>\n<p>Fotografie sprzed lat kryj\u0105 wiele sekret\u00f3w i historii. Nie wszystkie potrafimy odkry\u0107 i rozszyfrowa\u0107. Czasami potrzebujemy nie tylko lupy, ale te\u017c i zg\u0142\u0119bienia wiedzy historycznej. Podczas warsztat\u00f3w uczestnicy zapoznaj\u0105 si\u0119 z wybranymi zdj\u0119ciami, albumami ze zbior\u00f3w Muzeum Wojska w Bia\u0142ymstoku, poznaj\u0105 ich historie. Dowiedz\u0105 si\u0119 w jaki spos\u00f3b by\u0142y pozyskiwane owe zbiory , jak s\u0105 obecnie opisywane i przechowywane w muzeum oraz do czego pos\u0142u\u017c\u0105 w przysz\u0142o\u015bci. Uczestnicy b\u0119d\u0105 mieli mo\u017cliwo\u015b\u0107 zaprezentowa\u0107 w\u0142asne zdj\u0119cia i opowiedzie\u0107 o nich, tworz\u0105c sw\u00f3j album wspomnie\u0144. <\/p>\n<p>Czas trwania: 60 min.<br \/>\nLiczba uczestnik\u00f3w: od 10 os\u00f3b do 25 os\u00f3b<br \/>\nWst\u0119p: bezp\u0142atny<br \/>\nObowi\u0105zuje rezerwacja miejsc:<br \/>\nPrzyjmujemy zapisy telefonicznie w godz. 9.30- 15.30 pod numerem: 85 7416-449, mo\u017cna te\u017c wys\u0142a\u0107 e-mail na adres:rezerwacja@mwb.com.pl<br \/>\nOsoba do kontaktu: Teresa Przepie\u015b\u0107-Misarko tel. 85 7416-449 w.17, tmisarko@mwb.com.pl<\/p>\n<p>W przypadku grup powy\u017cej 10 os\u00f3b nale\u017cy wype\u0142ni\u0107 formularz rezerwacji.<\/p>\n<div align=\"center\"><a href=\"https:\/\/mwb.com.pl\/rezerwacja\/osoby-60\/historia-zapisana-w-fotografii\/\" target=\"_blank\" rel=\"noopener noreferrer\"><img decoding=\"async\" class=\"aligncenter wp-image-2736 size-thumbnail\" src=\"https:\/\/mwb.com.pl\/mwb2017\/wp-content\/uploads\/2019\/01\/booking-150x150.png\" alt=\"ikona rezerwacji\" width=\"150\" height=\"150\" srcset=\"https:\/\/mwb.com.pl\/mwb2017\/wp-content\/uploads\/2019\/01\/booking-150x150.png 150w, https:\/\/mwb.com.pl\/mwb2017\/wp-content\/uploads\/2019\/01\/booking.png 256w\" sizes=\"(max-width: 150px) 100vw, 150px\" \/><br \/>\nZarezerwuj online<\/a><\/div>\n","protected":false},"excerpt":{"rendered":"<p>Osoby w wieku 60+ Fotografie sprzed lat kryj\u0105 wiele sekret\u00f3w i historii. Nie wszystkie potrafimy odkry\u0107 i rozszyfrowa\u0107. Czasami potrzebujemy nie tylko lupy, ale te\u017c i zg\u0142\u0119bienia wiedzy historycznej. Podczas warsztat\u00f3w uczestnicy zapoznaj\u0105 si\u0119 z wybranymi zdj\u0119ciami, albumami ze zbior\u00f3w Muzeum Wojska w Bia\u0142ymstoku, poznaj\u0105 ich historie. Dowiedz\u0105 si\u0119 w jaki spos\u00f3b by\u0142y pozyskiwane owe [&hellip;]<\/p>\n","protected":false},"author":1,"featured_media":0,"parent":18,"menu_order":0,"comment_status":"closed","ping_status":"closed","template":"","meta":{"ngg_post_thumbnail":0,"h5ap_radio_sources":[],"_vp_format_video_url":"","_vp_image_focal_point":[],"footnotes":""},"class_list":["post-12944","page","type-page","status-publish","hentry"],"_links":{"self":[{"href":"https:\/\/mwb.com.pl\/mwb2017\/wp-json\/wp\/v2\/pages\/12944","targetHints":{"allow":["GET"]}}],"collection":[{"href":"https:\/\/mwb.com.pl\/mwb2017\/wp-json\/wp\/v2\/pages"}],"about":[{"href":"https:\/\/mwb.com.pl\/mwb2017\/wp-json\/wp\/v2\/types\/page"}],"author":[{"embeddable":true,"href":"https:\/\/mwb.com.pl\/mwb2017\/wp-json\/wp\/v2\/users\/1"}],"replies":[{"embeddable":true,"href":"https:\/\/mwb.com.pl\/mwb2017\/wp-json\/wp\/v2\/comments?post=12944"}],"version-history":[{"count":4,"href":"https:\/\/mwb.com.pl\/mwb2017\/wp-json\/wp\/v2\/pages\/12944\/revisions"}],"predecessor-version":[{"id":12955,"href":"https:\/\/mwb.com.pl\/mwb2017\/wp-json\/wp\/v2\/pages\/12944\/revisions\/12955"}],"up":[{"embeddable":true,"href":"https:\/\/mwb.com.pl\/mwb2017\/wp-json\/wp\/v2\/pages\/18"}],"wp:attachment":[{"href":"https:\/\/mwb.com.pl\/mwb2017\/wp-json\/wp\/v2\/media?parent=12944"}],"curies":[{"name":"wp","href":"https:\/\/api.w.org\/{rel}","templated":true}]}}