{"id":12,"date":"2017-02-28T13:02:50","date_gmt":"2017-02-28T12:02:50","guid":{"rendered":"http:\/\/mwb.com.pl\/mwb2017\/?page_id=12"},"modified":"2020-12-15T13:44:33","modified_gmt":"2020-12-15T12:44:33","slug":"muzeum","status":"publish","type":"page","link":"https:\/\/mwb.com.pl\/mwb2017\/muzeum\/","title":{"rendered":"Muzeum"},"content":{"rendered":"<p><a href=\"https:\/\/mwb.com.pl\/mwb2017\/wp-content\/uploads\/jezyk_prosty\/muzeum_prosty.pdf\" target=\"_blank\" rel=\"noopener noreferrer\"><img decoding=\"async\" src=\"https:\/\/mwb.com.pl\/mwb2017\/wp-content\/uploads\/jezyk_prosty\/baner_jezyk_prosty.jpg\" alt=\"tekst \u0142atwy do czytania i rozumienia\"><\/a><\/p>\n<p>Pocz\u0105tki Muzeum Wojska w Bia\u0142ymstoku si\u0119gaj\u0105 roku 1968. We wrze\u015bniu tego roku przy Muzeum Okr\u0119gowym (obecnie Muzeum Podlaskie) powo\u0142ano dzia\u0142 historii wojskowo\u015bci. Zaj\u0105\u0142 si\u0119 on badaniem bogatej historii militarnej regionu p\u00f3\u0142nocno-wschodniej Polski oraz gromadzeniem eksponat\u00f3w z ni\u0105 zwi\u0105zanych. Nowej instytucji przydzielono cz\u0119\u015b\u0107 pomieszcze\u0144 w Pa\u0142acyku Go\u015bcinnym przy ulicy Kili\u0144skiego 6. Jednak nie by\u0142y one w stanie pomie\u015bci\u0107 szybko rozrastaj\u0105cych si\u0119 zbior\u00f3w i konieczne sta\u0142o si\u0119 znalezienie nowej siedziby. W 1974 r. w\u0142adze Bia\u0142egostoku przeznaczy\u0142y na ten cel budynek przy ulicy Kili\u0144skiego 7, vis a vis dotychczasowej siedziby.<\/p>\n<p><img fetchpriority=\"high\" decoding=\"async\" class=\"alignleft size-medium wp-image-706\" src=\"http:\/\/mwb.com.pl\/mwb2017\/wp-content\/uploads\/2017\/02\/nowy2-300x191.jpg\" alt=\"Posesja przy Kili\u0144skiego 7\" width=\"300\" height=\"191\" srcset=\"https:\/\/mwb.com.pl\/mwb2017\/wp-content\/uploads\/2017\/02\/nowy2-300x191.jpg 300w, https:\/\/mwb.com.pl\/mwb2017\/wp-content\/uploads\/2017\/02\/nowy2-768x488.jpg 768w, https:\/\/mwb.com.pl\/mwb2017\/wp-content\/uploads\/2017\/02\/nowy2-600x381.jpg 600w, https:\/\/mwb.com.pl\/mwb2017\/wp-content\/uploads\/2017\/02\/nowy2.jpg 800w\" sizes=\"(max-width: 300px) 100vw, 300px\" \/>Posesj\u0119 przy ul. Kili\u0144skiego 7 do I wojny \u015bwiatowej zajmowa\u0142a s\u0142u\u017cba zaopatrzenia rosyjskiego VI Korpusu Armii, stacjonuj\u0105cego w Bia\u0142ymstoku i okolicznych miejscowo\u015bciach. W czasie wojny zburzono stary budynek i dopiero w 1930 r. wzniesiono nowy, z powodu charakterystycznego wygl\u0105du nazywany przez mieszka\u0144c\u00f3w okr\u0105glakiem. Mie\u015bci\u0142y si\u0119 w nim mieszkania i sk\u0142ad materia\u0142\u00f3w budowlanych. Szcz\u0119\u015bliwie nie ucierpia\u0142 on zbytnio podczas II wojny \u015bwiatowej i w 1945 r. zosta\u0142 przekazany Szkole Malarstwa i Rzemios\u0142a Artystycznego (obecnie Liceum Plastyczne w Supra\u015blu). Kolejnym w\u0142a\u015bcicielem obiektu by\u0142a Pa\u0144stwowa Szko\u0142a Muzyczna, dzia\u0142aj\u0105ca przy ul. Kili\u0144skiego w latach 1960-1973.<\/p>\n<p>W nowej siedzibie muzeum utworzono jako sta\u0142\u0105 ekspozycj\u0119 pt. \u201eDzieje or\u0119\u017ca polskiego\u201d, prezentuj\u0105c\u0105 bro\u0144 oraz dzia\u0142ania wojskowe na przestrzeni niemal tysi\u0105ca lat (od X do XX wieku). Szybko rozrastaj\u0105cy si\u0119 zbi\u00f3r oraz aktywna dzia\u0142alno\u015b\u0107 naukowa pracownik\u00f3w instytucji stworzy\u0142y potrzeb\u0119 usamodzielnienia si\u0119 muzeum. W 1976 r. zapad\u0142a decyzja o nadaniu dotychczasowej filii statusu samodzielnej jednostki pod nazw\u0105 Muzeum Wojska w Bia\u0142ymstoku. Jego pierwszym dyrektorem zosta\u0142 p\u0142k dr Zygmunt Koszty\u0142a (1929-1987). Tw\u00f3rca bia\u0142ostockiego muzeum by\u0142 jednocze\u015bnie autorem wielu prac dotycz\u0105cych historii regionu.<\/p>\n<p>Kolejnym dyrektorem Muzeum Wojska by\u0142 pp\u0142k Janusz Figura (1947-1997), a nast\u0119pnie dr hab. Krzysztof Filipow. Od pocz\u0105tku roku 2010 funkcj\u0119 dyrektora pe\u0142ni mgr Robert Sadowski. W tym samym roku rozpocz\u0119to intensywne prace nad zmian\u0105 ekspozycji sta\u0142ej. W ci\u0105gu trzech lat powsta\u0142y wystawy: \u201eMi\u0119dzy dwiema wojnami 1914-1939\u201d, \u201ePrzeciw dw\u00f3m wrogom. Militarne dzieje Podlasia i jego mieszka\u0144c\u00f3w w latach 1939-1956\u201d, oraz \u201eWojsko Polskie 1956-2010\u201d. Stosuj\u0105c nowatorskie i interaktywne metody prezentacji eksponat\u00f3w, kontynuuj\u0105 one tradycje przybli\u017cania zwiedzaj\u0105cym wiedzy o przesz\u0142o\u015bci, zw\u0142aszcza za\u015b wojskowej historii regionu. Stanowi\u0105 r\u00f3wnie\u017c podstaw\u0119 realizowanych program\u00f3w edukacyjnych i spo\u0142ecznych.<\/p>\n<p>Od 1980 r. przy Muzeum dzia\u0142a O\u015brodek Bada\u0144 Historii Wojskowo\u015bci. Zajmuje si\u0119 organizacj\u0105 konferencji naukowych, a tak\u017ce prowadzi bogat\u0105 dzia\u0142alno\u015b\u0107 wydawnicz\u0105. Warto tu wymieni\u0107 takie publikacje, jak ,,Zeszyt Naukowy Muzeum Wojska\u201d oraz ,,Studia i Materia\u0142y do Historii Wojskowo\u015bci\u201d. Pracownicy O\u015brodka prowadz\u0105 badania nad histori\u0105 militarn\u0105 przede wszystkim w skali regionu, ale tak\u017ce Polski i Europy. Wsp\u00f3\u0142pracuj\u0105 r\u00f3wnie\u017c z pracownikami naukowymi Uniwersytetu w Bia\u0142ymstoku.<\/p>\n<p>Muzeum Wojska w Bia\u0142ymstoku jest najwi\u0119ksz\u0105 tego typu instytucj\u0105 w wojew\u00f3dztwie podlaskim oraz jednym z najch\u0119tniej odwiedzanych muze\u00f3w. W 2018 r. osi\u0105gn\u0119\u0142o frekwencj\u0119 na poziomie ponad 40 tys. zwiedzaj\u0105cych.<br \/>\nW ci\u0105gu 50 lat dzia\u0142alno\u015bci Muzeum Wojska zebra\u0142o poka\u017an\u0105 kolekcj\u0119 eksponat\u00f3w. Pochodz\u0105 one z zakup\u00f3w i wykopalisk, ale r\u00f3wnie\u017c z dar\u00f3w mieszka\u0144c\u00f3w miasta i lokalnych jednostek wojskowych. W naszych zbiorach znajduje si\u0119 bro\u0144 bia\u0142a od czas\u00f3w \u015bredniowiecza po szable u\u0142an\u00f3w, bro\u0144 palna z niemal wszystkich kraj\u00f3w Europy, a tak\u017ce elementy wyposa\u017cenia i umundurowania (przede wszystkim polskie, niemieckie i rosyjskie). Pozyskiwanie nowych eksponat\u00f3w ma na celu odtworzenie wygl\u0105du \u017co\u0142nierzy z konkretnych okres\u00f3w historycznych. Oddzielny zbi\u00f3r stanowi kolekcja dokument\u00f3w historycznych.<\/p>\n","protected":false},"excerpt":{"rendered":"<p>Pocz\u0105tki Muzeum Wojska w Bia\u0142ymstoku si\u0119gaj\u0105 roku 1968. We wrze\u015bniu tego roku przy Muzeum Okr\u0119gowym (obecnie Muzeum Podlaskie) powo\u0142ano dzia\u0142 historii wojskowo\u015bci. Zaj\u0105\u0142 si\u0119 on badaniem bogatej historii militarnej regionu p\u00f3\u0142nocno-wschodniej Polski oraz gromadzeniem eksponat\u00f3w z ni\u0105 zwi\u0105zanych. Nowej instytucji przydzielono cz\u0119\u015b\u0107 pomieszcze\u0144 w Pa\u0142acyku Go\u015bcinnym przy ulicy Kili\u0144skiego 6. Jednak nie by\u0142y one w [&hellip;]<\/p>\n","protected":false},"author":2,"featured_media":0,"parent":0,"menu_order":0,"comment_status":"closed","ping_status":"closed","template":"","meta":{"ngg_post_thumbnail":0,"h5ap_radio_sources":[],"_vp_format_video_url":"","_vp_image_focal_point":[],"footnotes":""},"class_list":["post-12","page","type-page","status-publish","hentry"],"_links":{"self":[{"href":"https:\/\/mwb.com.pl\/mwb2017\/wp-json\/wp\/v2\/pages\/12","targetHints":{"allow":["GET"]}}],"collection":[{"href":"https:\/\/mwb.com.pl\/mwb2017\/wp-json\/wp\/v2\/pages"}],"about":[{"href":"https:\/\/mwb.com.pl\/mwb2017\/wp-json\/wp\/v2\/types\/page"}],"author":[{"embeddable":true,"href":"https:\/\/mwb.com.pl\/mwb2017\/wp-json\/wp\/v2\/users\/2"}],"replies":[{"embeddable":true,"href":"https:\/\/mwb.com.pl\/mwb2017\/wp-json\/wp\/v2\/comments?post=12"}],"version-history":[{"count":8,"href":"https:\/\/mwb.com.pl\/mwb2017\/wp-json\/wp\/v2\/pages\/12\/revisions"}],"predecessor-version":[{"id":6399,"href":"https:\/\/mwb.com.pl\/mwb2017\/wp-json\/wp\/v2\/pages\/12\/revisions\/6399"}],"wp:attachment":[{"href":"https:\/\/mwb.com.pl\/mwb2017\/wp-json\/wp\/v2\/media?parent=12"}],"curies":[{"name":"wp","href":"https:\/\/api.w.org\/{rel}","templated":true}]}}