{"id":11998,"date":"2023-08-21T11:35:00","date_gmt":"2023-08-21T09:35:00","guid":{"rendered":"https:\/\/mwb.com.pl\/mwb2017\/?page_id=11998"},"modified":"2023-08-21T11:40:54","modified_gmt":"2023-08-21T09:40:54","slug":"mali-patrioci","status":"publish","type":"page","link":"https:\/\/mwb.com.pl\/mwb2017\/oferta\/edukacja\/mali-patrioci\/","title":{"rendered":"Mali patrioci"},"content":{"rendered":"<p>Poziom edukacji: <strong>przedszkola i klasy I-III<\/strong><\/p>\n<p>Zaj\u0119cia poruszaj\u0105ce zagadnienia zwi\u0105zane z patriotyzmem, to najch\u0119tniej wybierana pozycja z muzealnej oferty edukacyjnej. Podczas spotkania najm\u0142odsi poznaj\u0105 polskie symbole narodowe: god\u0142o, flag\u0119 oraz hymn. Razem z prowadz\u0105cym udadz\u0105 si\u0119 na sale wystawowe, gdzie utrwal\u0105 zdobyt\u0105 wiedz\u0119 dzi\u0119ki zabawom ruchowym. Na zako\u0144czenie ka\u017cdy uczestnik otrzyma \u201eOdznak\u0119 ma\u0142ego patrioty\u201d.<\/p>\n<div align=\"center\"><a href=\"https:\/\/mwb.com.pl\/rezerwacja\/przedszkola-i-klasy-i-iii\/mali-patrioci\/\" target=\"_blank\" rel=\"noopener noreferrer\"><img decoding=\"async\" class=\"aligncenter wp-image-2736 size-thumbnail\" src=\"https:\/\/mwb.com.pl\/mwb2017\/wp-content\/uploads\/2019\/01\/booking-150x150.png\" alt=\"ikona rezerwacji\" width=\"150\" height=\"150\" srcset=\"https:\/\/mwb.com.pl\/mwb2017\/wp-content\/uploads\/2019\/01\/booking-150x150.png 150w, https:\/\/mwb.com.pl\/mwb2017\/wp-content\/uploads\/2019\/01\/booking.png 256w\" sizes=\"(max-width: 150px) 100vw, 150px\" \/><br \/>\nZarezerwuj online<\/a><\/div>\n","protected":false},"excerpt":{"rendered":"<p>Poziom edukacji: przedszkola i klasy I-III Zaj\u0119cia poruszaj\u0105ce zagadnienia zwi\u0105zane z patriotyzmem, to najch\u0119tniej wybierana pozycja z muzealnej oferty edukacyjnej. Podczas spotkania najm\u0142odsi poznaj\u0105 polskie symbole narodowe: god\u0142o, flag\u0119 oraz hymn. Razem z prowadz\u0105cym udadz\u0105 si\u0119 na sale wystawowe, gdzie utrwal\u0105 zdobyt\u0105 wiedz\u0119 dzi\u0119ki zabawom ruchowym. Na zako\u0144czenie ka\u017cdy uczestnik otrzyma \u201eOdznak\u0119 ma\u0142ego patrioty\u201d. Zarezerwuj [&hellip;]<\/p>\n","protected":false},"author":1,"featured_media":0,"parent":18,"menu_order":0,"comment_status":"closed","ping_status":"closed","template":"","meta":{"ngg_post_thumbnail":0,"h5ap_radio_sources":[],"_vp_format_video_url":"","_vp_image_focal_point":[],"footnotes":""},"class_list":["post-11998","page","type-page","status-publish","hentry"],"_links":{"self":[{"href":"https:\/\/mwb.com.pl\/mwb2017\/wp-json\/wp\/v2\/pages\/11998","targetHints":{"allow":["GET"]}}],"collection":[{"href":"https:\/\/mwb.com.pl\/mwb2017\/wp-json\/wp\/v2\/pages"}],"about":[{"href":"https:\/\/mwb.com.pl\/mwb2017\/wp-json\/wp\/v2\/types\/page"}],"author":[{"embeddable":true,"href":"https:\/\/mwb.com.pl\/mwb2017\/wp-json\/wp\/v2\/users\/1"}],"replies":[{"embeddable":true,"href":"https:\/\/mwb.com.pl\/mwb2017\/wp-json\/wp\/v2\/comments?post=11998"}],"version-history":[{"count":1,"href":"https:\/\/mwb.com.pl\/mwb2017\/wp-json\/wp\/v2\/pages\/11998\/revisions"}],"predecessor-version":[{"id":11999,"href":"https:\/\/mwb.com.pl\/mwb2017\/wp-json\/wp\/v2\/pages\/11998\/revisions\/11999"}],"up":[{"embeddable":true,"href":"https:\/\/mwb.com.pl\/mwb2017\/wp-json\/wp\/v2\/pages\/18"}],"wp:attachment":[{"href":"https:\/\/mwb.com.pl\/mwb2017\/wp-json\/wp\/v2\/media?parent=11998"}],"curies":[{"name":"wp","href":"https:\/\/api.w.org\/{rel}","templated":true}]}}