{"id":1191,"date":"2017-09-27T13:33:39","date_gmt":"2017-09-27T11:33:39","guid":{"rendered":"http:\/\/mwb.com.pl\/mwb2017\/?page_id=1191"},"modified":"2017-09-27T13:33:39","modified_gmt":"2017-09-27T11:33:39","slug":"ogloszenie-194","status":"publish","type":"page","link":"https:\/\/mwb.com.pl\/mwb2017\/ogloszenie-194\/","title":{"rendered":"Og\u0142oszenie 194"},"content":{"rendered":"<p style=\"text-align: right;\">Bia\u0142ystok, dn. 18.09.2017 r.<\/p>\n<p><strong>Muzeum Wojska w Bia\u0142ymstoku <\/strong><br \/>\nul. Jana Kili\u0144skiego 7<br \/>\n15-089 Bia\u0142ystok<br \/>\ntel\/fax: +48 85 741 54 48<br \/>\nbiuro@mwb.com.pl<br \/>\nwww.mwb.com.pl<\/p>\n<p style=\"text-align: center;\"><strong>OG\u0141OSZENIE<\/strong><br \/>\n<strong>&#8211; zaproszenie do sk\u0142adania ofert<\/strong><\/p>\n<p><strong>I. ZAMAWIAJ\u0104CY<\/strong><\/p>\n<p><strong>Muzeum Wojska w Bia\u0142ymstoku (Muzeum)<\/strong><br \/>\nul. Jana Kili\u0144skiego 7<br \/>\n15-089 Bia\u0142ystok<br \/>\nNIP: 542-12-90-558, REGON: 000671160, RIK: 04\/94<\/p>\n<p><strong>II. PRZEDMIOT ZAM\u00d3WIENIA<\/strong><\/p>\n<p>Muzeum Wojska w Bia\u0142ymstoku jest zainteresowane zakupem:<br \/>\nelement\u00f3w do pojazd\u00f3w u\u017cytkowanych w Wojsku Polskim w okresie mi\u0119dzywojennym oraz podczas II wojny \u015bwiatowej.<\/p>\n<p><strong>III. MIEJSCE SK\u0141ADANIA OFERT<\/strong><\/p>\n<p>Oferta powinna by\u0107 przes\u0142ana za po\u015brednictwem: poczty elektronicznej na adres: strzeciakowska@mwb.com.pl , faksem na nr: 85 741 54 48, poczty, kuriera lub te\u017c dostarczona osobi\u015bcie na adres: ul. Jana Kili\u0144skiego 7, 15-089 Bia\u0142ystok.<\/p>\n<p>IV. DODATKOWE INFORMACJE<\/p>\n<p>Dodatkowych informacji udziela Sylwia Trzeciakowska pod numerem telefonu: 535 937 007 oraz adresem email: strzeciakowska@mwb.com.pl,<\/p>\n","protected":false},"excerpt":{"rendered":"<p>Bia\u0142ystok, dn. 18.09.2017 r. Muzeum Wojska w Bia\u0142ymstoku ul. Jana Kili\u0144skiego 7 15-089 Bia\u0142ystok tel\/fax: +48 85 741 54 48 biuro@mwb.com.pl www.mwb.com.pl OG\u0141OSZENIE &#8211; zaproszenie do sk\u0142adania ofert I. ZAMAWIAJ\u0104CY Muzeum Wojska w Bia\u0142ymstoku (Muzeum) ul. Jana Kili\u0144skiego 7 15-089 Bia\u0142ystok NIP: 542-12-90-558, REGON: 000671160, RIK: 04\/94 II. PRZEDMIOT ZAM\u00d3WIENIA Muzeum Wojska w Bia\u0142ymstoku jest [&hellip;]<\/p>\n","protected":false},"author":1,"featured_media":0,"parent":0,"menu_order":0,"comment_status":"closed","ping_status":"closed","template":"","meta":{"ngg_post_thumbnail":0,"h5ap_radio_sources":[],"_vp_format_video_url":"","_vp_image_focal_point":[],"footnotes":""},"class_list":["post-1191","page","type-page","status-publish","hentry"],"_links":{"self":[{"href":"https:\/\/mwb.com.pl\/mwb2017\/wp-json\/wp\/v2\/pages\/1191","targetHints":{"allow":["GET"]}}],"collection":[{"href":"https:\/\/mwb.com.pl\/mwb2017\/wp-json\/wp\/v2\/pages"}],"about":[{"href":"https:\/\/mwb.com.pl\/mwb2017\/wp-json\/wp\/v2\/types\/page"}],"author":[{"embeddable":true,"href":"https:\/\/mwb.com.pl\/mwb2017\/wp-json\/wp\/v2\/users\/1"}],"replies":[{"embeddable":true,"href":"https:\/\/mwb.com.pl\/mwb2017\/wp-json\/wp\/v2\/comments?post=1191"}],"version-history":[{"count":1,"href":"https:\/\/mwb.com.pl\/mwb2017\/wp-json\/wp\/v2\/pages\/1191\/revisions"}],"predecessor-version":[{"id":1192,"href":"https:\/\/mwb.com.pl\/mwb2017\/wp-json\/wp\/v2\/pages\/1191\/revisions\/1192"}],"wp:attachment":[{"href":"https:\/\/mwb.com.pl\/mwb2017\/wp-json\/wp\/v2\/media?parent=1191"}],"curies":[{"name":"wp","href":"https:\/\/api.w.org\/{rel}","templated":true}]}}