{"id":1168,"date":"2017-09-22T08:17:05","date_gmt":"2017-09-22T06:17:05","guid":{"rendered":"http:\/\/mwb.com.pl\/mwb2017\/?page_id=1168"},"modified":"2017-10-03T14:50:42","modified_gmt":"2017-10-03T12:50:42","slug":"tlumaczenie-na-jezyk-migowy-komiksu-koleje-losu-bialystok-pilsudskiego","status":"publish","type":"page","link":"https:\/\/mwb.com.pl\/mwb2017\/tlumaczenie-na-jezyk-migowy-komiksu-koleje-losu-bialystok-pilsudskiego\/","title":{"rendered":"T\u0142umaczenie na j\u0119zyk migowy komiksu &#8222;Koleje losu. Bia\u0142ystok Pi\u0142sudskiego&#8221;"},"content":{"rendered":"<p>Wydawca &#8211; Muzeum Wojska w Bia\u0142ymstoku<br \/>\nScenariusz: Paulina Kr\u00f3likowska<br \/>\nRysunki, projekt i sk\u0142ad ok\u0142adki: Daniel Baum<\/p>\n<p>Realizacja: Fundacja Kultury Bez Barier<br \/>\nT\u0142umaczenie na j\u0119zyk migowy powsta\u0142o w ramach projektu &#8222;Historia dost\u0119pna!&#8221; dofinansowanego przez Muzeum Historii Polski z programu Patriotyzm Jutra 2017.<\/p>\n<p>&nbsp;<\/p>\n<p><iframe title=\"Koleje Losu. Bia\u0142ystok Pi\u0142sudskiego - komiks z t\u0142umaczeniem PJM\" width=\"606\" height=\"341\" src=\"https:\/\/www.youtube.com\/embed\/6sRYRABbSbU?fs=0&#038;rel=0\" frameborder=\"0\" allow=\"accelerometer; autoplay; clipboard-write; encrypted-media; gyroscope; picture-in-picture; web-share\" referrerpolicy=\"strict-origin-when-cross-origin\" allowfullscreen><\/iframe><\/p>\n<p>&nbsp;<\/p>\n<p><img fetchpriority=\"high\" decoding=\"async\" class=\"aligncenter wp-image-1171 size-full\" src=\"http:\/\/mwb.com.pl\/mwb2017\/wp-content\/uploads\/2017\/09\/logotypy1.jpg\" alt=\"logotypy\" width=\"550\" height=\"104\" srcset=\"https:\/\/mwb.com.pl\/mwb2017\/wp-content\/uploads\/2017\/09\/logotypy1.jpg 550w, https:\/\/mwb.com.pl\/mwb2017\/wp-content\/uploads\/2017\/09\/logotypy1-300x57.jpg 300w\" sizes=\"(max-width: 550px) 100vw, 550px\" \/><\/p>\n","protected":false},"excerpt":{"rendered":"<p>Wydawca &#8211; Muzeum Wojska w Bia\u0142ymstoku Scenariusz: Paulina Kr\u00f3likowska Rysunki, projekt i sk\u0142ad ok\u0142adki: Daniel Baum Realizacja: Fundacja Kultury Bez Barier T\u0142umaczenie na j\u0119zyk migowy powsta\u0142o w ramach projektu &#8222;Historia dost\u0119pna!&#8221; dofinansowanego przez Muzeum Historii Polski z programu Patriotyzm Jutra 2017. &nbsp; &nbsp;<\/p>\n","protected":false},"author":1,"featured_media":0,"parent":0,"menu_order":0,"comment_status":"closed","ping_status":"closed","template":"","meta":{"ngg_post_thumbnail":0,"h5ap_radio_sources":[],"_vp_format_video_url":"","_vp_image_focal_point":[],"footnotes":""},"class_list":["post-1168","page","type-page","status-publish","hentry"],"_links":{"self":[{"href":"https:\/\/mwb.com.pl\/mwb2017\/wp-json\/wp\/v2\/pages\/1168","targetHints":{"allow":["GET"]}}],"collection":[{"href":"https:\/\/mwb.com.pl\/mwb2017\/wp-json\/wp\/v2\/pages"}],"about":[{"href":"https:\/\/mwb.com.pl\/mwb2017\/wp-json\/wp\/v2\/types\/page"}],"author":[{"embeddable":true,"href":"https:\/\/mwb.com.pl\/mwb2017\/wp-json\/wp\/v2\/users\/1"}],"replies":[{"embeddable":true,"href":"https:\/\/mwb.com.pl\/mwb2017\/wp-json\/wp\/v2\/comments?post=1168"}],"version-history":[{"count":15,"href":"https:\/\/mwb.com.pl\/mwb2017\/wp-json\/wp\/v2\/pages\/1168\/revisions"}],"predecessor-version":[{"id":1172,"href":"https:\/\/mwb.com.pl\/mwb2017\/wp-json\/wp\/v2\/pages\/1168\/revisions\/1172"}],"wp:attachment":[{"href":"https:\/\/mwb.com.pl\/mwb2017\/wp-json\/wp\/v2\/media?parent=1168"}],"curies":[{"name":"wp","href":"https:\/\/api.w.org\/{rel}","templated":true}]}}