{"id":1166,"date":"2017-09-22T08:14:04","date_gmt":"2017-09-22T06:14:04","guid":{"rendered":"http:\/\/mwb.com.pl\/mwb2017\/?page_id=1166"},"modified":"2017-10-03T11:34:35","modified_gmt":"2017-10-03T09:34:35","slug":"audiodeskrypcja-komiksu-koleje-losu-bialystok-pilsudskiego","status":"publish","type":"page","link":"https:\/\/mwb.com.pl\/mwb2017\/audiodeskrypcja-komiksu-koleje-losu-bialystok-pilsudskiego\/","title":{"rendered":"Audiodeskrypcja komiksu &#8222;Koleje losu. Bia\u0142ystok Pi\u0142sudskiego&#8221;"},"content":{"rendered":"<p>Wydawca &#8211; Muzeum Wojska w Bia\u0142ymstoku<br \/>\nScenariusz: Paulina Kr\u00f3likowska<br \/>\nRysunki, projekt i sk\u0142ad ok\u0142adki: Daniel Baum<\/p>\n<p>Tekst audiodeskrypcji: Ewelina Sarosiek<br \/>\nKonsultacja merytoryczna: Monika Marciniak<br \/>\nRealizacja: Grzegorz Falkowski (Studio Nagra\u0144 w Operze i Filharmonii Podlaskiej)<\/p>\n<p>Czyta:<br \/>\nMonika Ko\u015bciukiewicz<br \/>\nPiotr Bia\u0142okozowicz<br \/>\nMateusz Budzy\u0144ski<br \/>\nKrzysztof Kukli\u0144ski<\/p>\n<p><strong>Pliki audiodeskrypcji w formacie zip<\/strong><br \/>\n<a href=\"http:\/\/mwb.com.pl\/mwb2017\/wp-content\/uploads\/komiks\/audiodeskrypcja\/Koleje_losu.zip\" download=\"\">do pobrania<\/a><\/p>\n<p>&nbsp;<\/p>\n<p><strong>Wprowadzenie<\/strong><br \/>\n<audio class=\"wp-audio-shortcode\" id=\"audio-1166-1\" preload=\"none\" style=\"width: 100%;\" controls=\"controls\"><source type=\"audio\/mpeg\" src=\"http:\/\/mwb.com.pl\/mwb2017\/wp-content\/uploads\/komiks\/audiodeskrypcja\/01_Wprowadzenie.mp3?_=1\" \/><a href=\"http:\/\/mwb.com.pl\/mwb2017\/wp-content\/uploads\/komiks\/audiodeskrypcja\/01_Wprowadzenie.mp3\">http:\/\/mwb.com.pl\/mwb2017\/wp-content\/uploads\/komiks\/audiodeskrypcja\/01_Wprowadzenie.mp3<\/a><\/audio><\/p>\n<p><a href=\"http:\/\/mwb.com.pl\/mwb2017\/wp-content\/uploads\/komiks\/audiodeskrypcja\/01_Wprowadzenie.mp3\" download=\"\">do pobrania<\/a><\/p>\n<p>&nbsp;<\/p>\n<p><strong>Plansza 01<\/strong><br \/>\n<audio class=\"wp-audio-shortcode\" id=\"audio-1166-2\" preload=\"none\" style=\"width: 100%;\" controls=\"controls\"><source type=\"audio\/mpeg\" src=\"http:\/\/mwb.com.pl\/mwb2017\/wp-content\/uploads\/komiks\/audiodeskrypcja\/02_Plansza_01.mp3?_=2\" \/><a href=\"http:\/\/mwb.com.pl\/mwb2017\/wp-content\/uploads\/komiks\/audiodeskrypcja\/02_Plansza_01.mp3\">http:\/\/mwb.com.pl\/mwb2017\/wp-content\/uploads\/komiks\/audiodeskrypcja\/02_Plansza_01.mp3<\/a><\/audio><\/p>\n<p><a href=\"http:\/\/mwb.com.pl\/mwb2017\/wp-content\/uploads\/komiks\/audiodeskrypcja\/02_Plansza_01.mp3\" download=\"\">do pobrania<\/a><\/p>\n<p>&nbsp;<\/p>\n<p><strong>Plansza 02<\/strong><br \/>\n<audio class=\"wp-audio-shortcode\" id=\"audio-1166-3\" preload=\"none\" style=\"width: 100%;\" controls=\"controls\"><source type=\"audio\/mpeg\" src=\"http:\/\/mwb.com.pl\/mwb2017\/wp-content\/uploads\/komiks\/audiodeskrypcja\/03_Plansza_02.mp3?_=3\" \/><a href=\"http:\/\/mwb.com.pl\/mwb2017\/wp-content\/uploads\/komiks\/audiodeskrypcja\/03_Plansza_02.mp3\">http:\/\/mwb.com.pl\/mwb2017\/wp-content\/uploads\/komiks\/audiodeskrypcja\/03_Plansza_02.mp3<\/a><\/audio><\/p>\n<p><a href=\"http:\/\/mwb.com.pl\/mwb2017\/wp-content\/uploads\/komiks\/audiodeskrypcja\/03_Plansza_02.mp3\" download=\"\">do pobrania<\/a><\/p>\n<p>&nbsp;<\/p>\n<p><strong>Plansza 03<\/strong><br \/>\n<audio class=\"wp-audio-shortcode\" id=\"audio-1166-4\" preload=\"none\" style=\"width: 100%;\" controls=\"controls\"><source type=\"audio\/mpeg\" src=\"http:\/\/mwb.com.pl\/mwb2017\/wp-content\/uploads\/komiks\/audiodeskrypcja\/04_Plansza_03.mp3?_=4\" \/><a href=\"http:\/\/mwb.com.pl\/mwb2017\/wp-content\/uploads\/komiks\/audiodeskrypcja\/04_Plansza_03.mp3\">http:\/\/mwb.com.pl\/mwb2017\/wp-content\/uploads\/komiks\/audiodeskrypcja\/04_Plansza_03.mp3<\/a><\/audio><\/p>\n<p><a href=\"http:\/\/mwb.com.pl\/mwb2017\/wp-content\/uploads\/komiks\/audiodeskrypcja\/04_Plansza_03.mp3\" download=\"\">do pobrania<\/a><\/p>\n<p>&nbsp;<\/p>\n<p><strong>Plansza 04<\/strong><br \/>\n<audio class=\"wp-audio-shortcode\" id=\"audio-1166-5\" preload=\"none\" style=\"width: 100%;\" controls=\"controls\"><source type=\"audio\/mpeg\" src=\"http:\/\/mwb.com.pl\/mwb2017\/wp-content\/uploads\/komiks\/audiodeskrypcja\/05_Plansza_04.mp3?_=5\" \/><a href=\"http:\/\/mwb.com.pl\/mwb2017\/wp-content\/uploads\/komiks\/audiodeskrypcja\/05_Plansza_04.mp3\">http:\/\/mwb.com.pl\/mwb2017\/wp-content\/uploads\/komiks\/audiodeskrypcja\/05_Plansza_04.mp3<\/a><\/audio><\/p>\n<p><a href=\"http:\/\/mwb.com.pl\/mwb2017\/wp-content\/uploads\/komiks\/audiodeskrypcja\/05_Plansza_04.mp3\" download=\"\">do pobrania<\/a><\/p>\n<p>&nbsp;<\/p>\n<p><strong>Plansza 05<\/strong><br \/>\n<audio class=\"wp-audio-shortcode\" id=\"audio-1166-6\" preload=\"none\" style=\"width: 100%;\" controls=\"controls\"><source type=\"audio\/mpeg\" src=\"http:\/\/mwb.com.pl\/mwb2017\/wp-content\/uploads\/komiks\/audiodeskrypcja\/06_Plansza_05.mp3?_=6\" \/><a href=\"http:\/\/mwb.com.pl\/mwb2017\/wp-content\/uploads\/komiks\/audiodeskrypcja\/06_Plansza_05.mp3\">http:\/\/mwb.com.pl\/mwb2017\/wp-content\/uploads\/komiks\/audiodeskrypcja\/06_Plansza_05.mp3<\/a><\/audio><\/p>\n<p><a href=\"http:\/\/mwb.com.pl\/mwb2017\/wp-content\/uploads\/komiks\/audiodeskrypcja\/06_Plansza_05.mp3\" download=\"\">do pobrania<\/a><\/p>\n<p>&nbsp;<\/p>\n<p><strong>Plansza 06<\/strong><br \/>\n<audio class=\"wp-audio-shortcode\" id=\"audio-1166-7\" preload=\"none\" style=\"width: 100%;\" controls=\"controls\"><source type=\"audio\/mpeg\" src=\"http:\/\/mwb.com.pl\/mwb2017\/wp-content\/uploads\/komiks\/audiodeskrypcja\/07_Plansza_06.mp3?_=7\" \/><a href=\"http:\/\/mwb.com.pl\/mwb2017\/wp-content\/uploads\/komiks\/audiodeskrypcja\/07_Plansza_06.mp3\">http:\/\/mwb.com.pl\/mwb2017\/wp-content\/uploads\/komiks\/audiodeskrypcja\/07_Plansza_06.mp3<\/a><\/audio><\/p>\n<p><a href=\"http:\/\/mwb.com.pl\/mwb2017\/wp-content\/uploads\/komiks\/audiodeskrypcja\/07_Plansza_06.mp3\" download=\"\">do pobrania<\/a><\/p>\n<p>&nbsp;<\/p>\n<p><strong>Plansza 07<\/strong><br \/>\n<audio class=\"wp-audio-shortcode\" id=\"audio-1166-8\" preload=\"none\" style=\"width: 100%;\" controls=\"controls\"><source type=\"audio\/mpeg\" src=\"http:\/\/mwb.com.pl\/mwb2017\/wp-content\/uploads\/komiks\/audiodeskrypcja\/08_Plansza_07.mp3?_=8\" \/><a href=\"http:\/\/mwb.com.pl\/mwb2017\/wp-content\/uploads\/komiks\/audiodeskrypcja\/08_Plansza_07.mp3\">http:\/\/mwb.com.pl\/mwb2017\/wp-content\/uploads\/komiks\/audiodeskrypcja\/08_Plansza_07.mp3<\/a><\/audio><\/p>\n<p><a href=\"http:\/\/mwb.com.pl\/mwb2017\/wp-content\/uploads\/komiks\/audiodeskrypcja\/08_Plansza_07.mp3\" download=\"\">do pobrania<\/a><\/p>\n<p>&nbsp;<\/p>\n<p><strong>Plansza 08<\/strong><br \/>\n<audio class=\"wp-audio-shortcode\" id=\"audio-1166-9\" preload=\"none\" style=\"width: 100%;\" controls=\"controls\"><source type=\"audio\/mpeg\" src=\"http:\/\/mwb.com.pl\/mwb2017\/wp-content\/uploads\/komiks\/audiodeskrypcja\/09_Plansza_08.mp3?_=9\" \/><a href=\"http:\/\/mwb.com.pl\/mwb2017\/wp-content\/uploads\/komiks\/audiodeskrypcja\/09_Plansza_08.mp3\">http:\/\/mwb.com.pl\/mwb2017\/wp-content\/uploads\/komiks\/audiodeskrypcja\/09_Plansza_08.mp3<\/a><\/audio><\/p>\n<p><a href=\"http:\/\/mwb.com.pl\/mwb2017\/wp-content\/uploads\/komiks\/audiodeskrypcja\/09_Plansza_08.mp3\" download=\"\">do pobrania<\/a><\/p>\n<p>&nbsp;<\/p>\n<p><strong>Plansza 09<\/strong><br \/>\n<audio class=\"wp-audio-shortcode\" id=\"audio-1166-10\" preload=\"none\" style=\"width: 100%;\" controls=\"controls\"><source type=\"audio\/mpeg\" src=\"http:\/\/mwb.com.pl\/mwb2017\/wp-content\/uploads\/komiks\/audiodeskrypcja\/10_Plansza_09.mp3?_=10\" \/><a href=\"http:\/\/mwb.com.pl\/mwb2017\/wp-content\/uploads\/komiks\/audiodeskrypcja\/10_Plansza_09.mp3\">http:\/\/mwb.com.pl\/mwb2017\/wp-content\/uploads\/komiks\/audiodeskrypcja\/10_Plansza_09.mp3<\/a><\/audio><\/p>\n<p><a href=\"http:\/\/mwb.com.pl\/mwb2017\/wp-content\/uploads\/komiks\/audiodeskrypcja\/10_Plansza_09.mp3\" download=\"\">do pobrania<\/a><\/p>\n<p>&nbsp;<\/p>\n<p><strong>Plansza 10<\/strong><br \/>\n<audio class=\"wp-audio-shortcode\" id=\"audio-1166-11\" preload=\"none\" style=\"width: 100%;\" controls=\"controls\"><source type=\"audio\/mpeg\" src=\"http:\/\/mwb.com.pl\/mwb2017\/wp-content\/uploads\/komiks\/audiodeskrypcja\/11_Plansza_10.mp3?_=11\" \/><a href=\"http:\/\/mwb.com.pl\/mwb2017\/wp-content\/uploads\/komiks\/audiodeskrypcja\/11_Plansza_10.mp3\">http:\/\/mwb.com.pl\/mwb2017\/wp-content\/uploads\/komiks\/audiodeskrypcja\/11_Plansza_10.mp3<\/a><\/audio><\/p>\n<p><a href=\"http:\/\/mwb.com.pl\/mwb2017\/wp-content\/uploads\/komiks\/audiodeskrypcja\/11_Plansza_10.mp3\" download=\"\">do pobrania<\/a><\/p>\n<p>&nbsp;<\/p>\n<p><strong>Plansza 11<\/strong><br \/>\n<audio class=\"wp-audio-shortcode\" id=\"audio-1166-12\" preload=\"none\" style=\"width: 100%;\" controls=\"controls\"><source type=\"audio\/mpeg\" src=\"http:\/\/mwb.com.pl\/mwb2017\/wp-content\/uploads\/komiks\/audiodeskrypcja\/12_Plansza_11.mp3?_=12\" \/><a href=\"http:\/\/mwb.com.pl\/mwb2017\/wp-content\/uploads\/komiks\/audiodeskrypcja\/12_Plansza_11.mp3\">http:\/\/mwb.com.pl\/mwb2017\/wp-content\/uploads\/komiks\/audiodeskrypcja\/12_Plansza_11.mp3<\/a><\/audio><\/p>\n<p><a href=\"http:\/\/mwb.com.pl\/mwb2017\/wp-content\/uploads\/komiks\/audiodeskrypcja\/12_Plansza_11.mp3\" download=\"\">do pobrania<\/a><\/p>\n<p>&nbsp;<\/p>\n<p><strong>Plansza 12<\/strong><br \/>\n<audio class=\"wp-audio-shortcode\" id=\"audio-1166-13\" preload=\"none\" style=\"width: 100%;\" controls=\"controls\"><source type=\"audio\/mpeg\" src=\"http:\/\/mwb.com.pl\/mwb2017\/wp-content\/uploads\/komiks\/audiodeskrypcja\/13_Plansza_12.mp3?_=13\" \/><a href=\"http:\/\/mwb.com.pl\/mwb2017\/wp-content\/uploads\/komiks\/audiodeskrypcja\/13_Plansza_12.mp3\">http:\/\/mwb.com.pl\/mwb2017\/wp-content\/uploads\/komiks\/audiodeskrypcja\/13_Plansza_12.mp3<\/a><\/audio><\/p>\n<p><a href=\"http:\/\/mwb.com.pl\/mwb2017\/wp-content\/uploads\/komiks\/audiodeskrypcja\/13_Plansza_12.mp3\" download=\"\">do pobrania<\/a><\/p>\n<p>&nbsp;<\/p>\n<p><strong>Plansza 13<\/strong><br \/>\n<audio class=\"wp-audio-shortcode\" id=\"audio-1166-14\" preload=\"none\" style=\"width: 100%;\" controls=\"controls\"><source type=\"audio\/mpeg\" src=\"http:\/\/mwb.com.pl\/mwb2017\/wp-content\/uploads\/komiks\/audiodeskrypcja\/14_Plansza_13.mp3?_=14\" \/><a href=\"http:\/\/mwb.com.pl\/mwb2017\/wp-content\/uploads\/komiks\/audiodeskrypcja\/14_Plansza_13.mp3\">http:\/\/mwb.com.pl\/mwb2017\/wp-content\/uploads\/komiks\/audiodeskrypcja\/14_Plansza_13.mp3<\/a><\/audio><\/p>\n<p><a href=\"http:\/\/mwb.com.pl\/mwb2017\/wp-content\/uploads\/komiks\/audiodeskrypcja\/14_Plansza_13.mp3\" download=\"\">do pobrania<\/a><\/p>\n<p>&nbsp;<\/p>\n<p><strong>Plansza 14<\/strong><br \/>\n<audio class=\"wp-audio-shortcode\" id=\"audio-1166-15\" preload=\"none\" style=\"width: 100%;\" controls=\"controls\"><source type=\"audio\/mpeg\" src=\"http:\/\/mwb.com.pl\/mwb2017\/wp-content\/uploads\/komiks\/audiodeskrypcja\/15_Plansza_14.mp3?_=15\" \/><a href=\"http:\/\/mwb.com.pl\/mwb2017\/wp-content\/uploads\/komiks\/audiodeskrypcja\/15_Plansza_14.mp3\">http:\/\/mwb.com.pl\/mwb2017\/wp-content\/uploads\/komiks\/audiodeskrypcja\/15_Plansza_14.mp3<\/a><\/audio><\/p>\n<p><a href=\"http:\/\/mwb.com.pl\/mwb2017\/wp-content\/uploads\/komiks\/audiodeskrypcja\/15_Plansza_14.mp3\" download=\"\">do pobrania<\/a><\/p>\n<p>&nbsp;<\/p>\n<p><strong>Plansza 15<\/strong><br \/>\n<audio class=\"wp-audio-shortcode\" id=\"audio-1166-16\" preload=\"none\" style=\"width: 100%;\" controls=\"controls\"><source type=\"audio\/mpeg\" src=\"http:\/\/mwb.com.pl\/mwb2017\/wp-content\/uploads\/komiks\/audiodeskrypcja\/16_Plansza_15.mp3?_=16\" \/><a href=\"http:\/\/mwb.com.pl\/mwb2017\/wp-content\/uploads\/komiks\/audiodeskrypcja\/16_Plansza_15.mp3\">http:\/\/mwb.com.pl\/mwb2017\/wp-content\/uploads\/komiks\/audiodeskrypcja\/16_Plansza_15.mp3<\/a><\/audio><\/p>\n<p><a href=\"http:\/\/mwb.com.pl\/mwb2017\/wp-content\/uploads\/komiks\/audiodeskrypcja\/16_Plansza_15.mp3\" download=\"\">do pobrania<\/a><\/p>\n<p>&nbsp;<\/p>\n<p><strong>Plansza 16<\/strong><br \/>\n<audio class=\"wp-audio-shortcode\" id=\"audio-1166-17\" preload=\"none\" style=\"width: 100%;\" controls=\"controls\"><source type=\"audio\/mpeg\" src=\"http:\/\/mwb.com.pl\/mwb2017\/wp-content\/uploads\/komiks\/audiodeskrypcja\/17_Plansza_16.mp3?_=17\" \/><a href=\"http:\/\/mwb.com.pl\/mwb2017\/wp-content\/uploads\/komiks\/audiodeskrypcja\/17_Plansza_16.mp3\">http:\/\/mwb.com.pl\/mwb2017\/wp-content\/uploads\/komiks\/audiodeskrypcja\/17_Plansza_16.mp3<\/a><\/audio><\/p>\n<p><a href=\"http:\/\/mwb.com.pl\/mwb2017\/wp-content\/uploads\/komiks\/audiodeskrypcja\/17_Plansza_16.mp3\" download=\"\">do pobrania<\/a><\/p>\n<p>&nbsp;<\/p>\n<p><strong>Plansza 17<\/strong><br \/>\n<audio class=\"wp-audio-shortcode\" id=\"audio-1166-18\" preload=\"none\" style=\"width: 100%;\" controls=\"controls\"><source type=\"audio\/mpeg\" src=\"http:\/\/mwb.com.pl\/mwb2017\/wp-content\/uploads\/komiks\/audiodeskrypcja\/18_Plansza_17.mp3?_=18\" \/><a href=\"http:\/\/mwb.com.pl\/mwb2017\/wp-content\/uploads\/komiks\/audiodeskrypcja\/18_Plansza_17.mp3\">http:\/\/mwb.com.pl\/mwb2017\/wp-content\/uploads\/komiks\/audiodeskrypcja\/18_Plansza_17.mp3<\/a><\/audio><\/p>\n<p><a href=\"http:\/\/mwb.com.pl\/mwb2017\/wp-content\/uploads\/komiks\/audiodeskrypcja\/18_Plansza_17.mp3\" download=\"\">do pobrania<\/a><\/p>\n<p>&nbsp;<\/p>\n<p><strong>Plansza 18<\/strong><br \/>\n<audio class=\"wp-audio-shortcode\" id=\"audio-1166-19\" preload=\"none\" style=\"width: 100%;\" controls=\"controls\"><source type=\"audio\/mpeg\" src=\"http:\/\/mwb.com.pl\/mwb2017\/wp-content\/uploads\/komiks\/audiodeskrypcja\/19_Plansza_18.mp3?_=19\" \/><a href=\"http:\/\/mwb.com.pl\/mwb2017\/wp-content\/uploads\/komiks\/audiodeskrypcja\/19_Plansza_18.mp3\">http:\/\/mwb.com.pl\/mwb2017\/wp-content\/uploads\/komiks\/audiodeskrypcja\/19_Plansza_18.mp3<\/a><\/audio><\/p>\n<p><a href=\"http:\/\/mwb.com.pl\/mwb2017\/wp-content\/uploads\/komiks\/audiodeskrypcja\/19_Plansza_18.mp3\" download=\"\">do pobrania<\/a><\/p>\n<p>&nbsp;<\/p>\n<p><strong>Plansza 19<\/strong><br \/>\n<audio class=\"wp-audio-shortcode\" id=\"audio-1166-20\" preload=\"none\" style=\"width: 100%;\" controls=\"controls\"><source type=\"audio\/mpeg\" src=\"http:\/\/mwb.com.pl\/mwb2017\/wp-content\/uploads\/komiks\/audiodeskrypcja\/20_Plansza_19.mp3?_=20\" \/><a href=\"http:\/\/mwb.com.pl\/mwb2017\/wp-content\/uploads\/komiks\/audiodeskrypcja\/20_Plansza_19.mp3\">http:\/\/mwb.com.pl\/mwb2017\/wp-content\/uploads\/komiks\/audiodeskrypcja\/20_Plansza_19.mp3<\/a><\/audio><\/p>\n<p><a href=\"http:\/\/mwb.com.pl\/mwb2017\/wp-content\/uploads\/komiks\/audiodeskrypcja\/20_Plansza_19.mp3\" download=\"\">do pobrania<\/a><\/p>\n<p>&nbsp;<\/p>\n<p><strong>Plansza 20<\/strong><br \/>\n<audio class=\"wp-audio-shortcode\" id=\"audio-1166-21\" preload=\"none\" style=\"width: 100%;\" controls=\"controls\"><source type=\"audio\/mpeg\" src=\"http:\/\/mwb.com.pl\/mwb2017\/wp-content\/uploads\/komiks\/audiodeskrypcja\/21_Plansza_20.mp3?_=21\" \/><a href=\"http:\/\/mwb.com.pl\/mwb2017\/wp-content\/uploads\/komiks\/audiodeskrypcja\/21_Plansza_20.mp3\">http:\/\/mwb.com.pl\/mwb2017\/wp-content\/uploads\/komiks\/audiodeskrypcja\/21_Plansza_20.mp3<\/a><\/audio><\/p>\n<p><a href=\"http:\/\/mwb.com.pl\/mwb2017\/wp-content\/uploads\/komiks\/audiodeskrypcja\/21_Plansza_20.mp3\" download=\"\">do pobrania<\/a><\/p>\n<p>&nbsp;<\/p>\n<p><strong>Plansza 21<\/strong><br \/>\n<strong> \u00a0<\/strong><\/p>\n<audio class=\"wp-audio-shortcode\" id=\"audio-1166-22\" preload=\"none\" style=\"width: 100%;\" controls=\"controls\"><source type=\"audio\/mpeg\" src=\"http:\/\/mwb.com.pl\/mwb2017\/wp-content\/uploads\/komiks\/audiodeskrypcja\/22_Plansza_21.mp3?_=22\" \/><a href=\"http:\/\/mwb.com.pl\/mwb2017\/wp-content\/uploads\/komiks\/audiodeskrypcja\/22_Plansza_21.mp3\">http:\/\/mwb.com.pl\/mwb2017\/wp-content\/uploads\/komiks\/audiodeskrypcja\/22_Plansza_21.mp3<\/a><\/audio>\n<p><a href=\"http:\/\/mwb.com.pl\/mwb2017\/wp-content\/uploads\/komiks\/audiodeskrypcja\/22_Plansza_21.mp3\" download=\"\">do pobrania<\/a><\/p>\n<p>&nbsp;<\/p>\n<p><strong>Plansza 22<\/strong><br \/>\n<audio class=\"wp-audio-shortcode\" id=\"audio-1166-23\" preload=\"none\" style=\"width: 100%;\" controls=\"controls\"><source type=\"audio\/mpeg\" src=\"http:\/\/mwb.com.pl\/mwb2017\/wp-content\/uploads\/komiks\/audiodeskrypcja\/23_Plansza_22.mp3?_=23\" \/><a href=\"http:\/\/mwb.com.pl\/mwb2017\/wp-content\/uploads\/komiks\/audiodeskrypcja\/23_Plansza_22.mp3\">http:\/\/mwb.com.pl\/mwb2017\/wp-content\/uploads\/komiks\/audiodeskrypcja\/23_Plansza_22.mp3<\/a><\/audio><\/p>\n<p><a href=\"http:\/\/mwb.com.pl\/mwb2017\/wp-content\/uploads\/komiks\/audiodeskrypcja\/23_Plansza_22.mp3\" download=\"\">do pobrania<\/a><\/p>\n<p>&nbsp;<\/p>\n<p><strong>Plansza 23<\/strong><br \/>\n<audio class=\"wp-audio-shortcode\" id=\"audio-1166-24\" preload=\"none\" style=\"width: 100%;\" controls=\"controls\"><source type=\"audio\/mpeg\" src=\"http:\/\/mwb.com.pl\/mwb2017\/wp-content\/uploads\/komiks\/audiodeskrypcja\/24_Plansza_23.mp3?_=24\" \/><a href=\"http:\/\/mwb.com.pl\/mwb2017\/wp-content\/uploads\/komiks\/audiodeskrypcja\/24_Plansza_23.mp3\">http:\/\/mwb.com.pl\/mwb2017\/wp-content\/uploads\/komiks\/audiodeskrypcja\/24_Plansza_23.mp3<\/a><\/audio><\/p>\n<p><a href=\"http:\/\/mwb.com.pl\/mwb2017\/wp-content\/uploads\/komiks\/audiodeskrypcja\/24_Plansza_23.mp3\" download=\"\">do pobrania<\/a><\/p>\n<p>&nbsp;<\/p>\n<p><strong>Plansza 24<\/strong><br \/>\n<audio class=\"wp-audio-shortcode\" id=\"audio-1166-25\" preload=\"none\" style=\"width: 100%;\" controls=\"controls\"><source type=\"audio\/mpeg\" src=\"http:\/\/mwb.com.pl\/mwb2017\/wp-content\/uploads\/komiks\/audiodeskrypcja\/25_Plansza_24.mp3?_=25\" \/><a href=\"http:\/\/mwb.com.pl\/mwb2017\/wp-content\/uploads\/komiks\/audiodeskrypcja\/25_Plansza_24.mp3\">http:\/\/mwb.com.pl\/mwb2017\/wp-content\/uploads\/komiks\/audiodeskrypcja\/25_Plansza_24.mp3<\/a><\/audio><\/p>\n<p><a href=\"http:\/\/mwb.com.pl\/mwb2017\/wp-content\/uploads\/komiks\/audiodeskrypcja\/25_Plansza_24.mp3\" download=\"\">do pobrania<\/a><\/p>\n<p>&nbsp;<\/p>\n<p><strong>Plansza 25<\/strong><br \/>\n<audio class=\"wp-audio-shortcode\" id=\"audio-1166-26\" preload=\"none\" style=\"width: 100%;\" controls=\"controls\"><source type=\"audio\/mpeg\" src=\"http:\/\/mwb.com.pl\/mwb2017\/wp-content\/uploads\/komiks\/audiodeskrypcja\/26_Plansza_25.mp3?_=26\" \/><a href=\"http:\/\/mwb.com.pl\/mwb2017\/wp-content\/uploads\/komiks\/audiodeskrypcja\/26_Plansza_25.mp3\">http:\/\/mwb.com.pl\/mwb2017\/wp-content\/uploads\/komiks\/audiodeskrypcja\/26_Plansza_25.mp3<\/a><\/audio><\/p>\n<p><a href=\"http:\/\/mwb.com.pl\/mwb2017\/wp-content\/uploads\/komiks\/audiodeskrypcja\/26_Plansza_25.mp3\" download=\"\">do pobrania<\/a><\/p>\n<p>&nbsp;<\/p>\n<p><strong>Plansza 26<\/strong><br \/>\n<audio class=\"wp-audio-shortcode\" id=\"audio-1166-27\" preload=\"none\" style=\"width: 100%;\" controls=\"controls\"><source type=\"audio\/mpeg\" src=\"http:\/\/mwb.com.pl\/mwb2017\/wp-content\/uploads\/komiks\/audiodeskrypcja\/27_Plansza_26.mp3?_=27\" \/><a href=\"http:\/\/mwb.com.pl\/mwb2017\/wp-content\/uploads\/komiks\/audiodeskrypcja\/27_Plansza_26.mp3\">http:\/\/mwb.com.pl\/mwb2017\/wp-content\/uploads\/komiks\/audiodeskrypcja\/27_Plansza_26.mp3<\/a><\/audio><\/p>\n<p><a href=\"http:\/\/mwb.com.pl\/mwb2017\/wp-content\/uploads\/komiks\/audiodeskrypcja\/27_Plansza_26.mp3\" download=\"\">do pobrania<\/a><\/p>\n<p>&nbsp;<\/p>\n<p><strong>Plansza 27<\/strong><br \/>\n<audio class=\"wp-audio-shortcode\" id=\"audio-1166-28\" preload=\"none\" style=\"width: 100%;\" controls=\"controls\"><source type=\"audio\/mpeg\" src=\"http:\/\/mwb.com.pl\/mwb2017\/wp-content\/uploads\/komiks\/audiodeskrypcja\/28_Plansza_27.mp3?_=28\" \/><a href=\"http:\/\/mwb.com.pl\/mwb2017\/wp-content\/uploads\/komiks\/audiodeskrypcja\/28_Plansza_27.mp3\">http:\/\/mwb.com.pl\/mwb2017\/wp-content\/uploads\/komiks\/audiodeskrypcja\/28_Plansza_27.mp3<\/a><\/audio><\/p>\n<p><a href=\"http:\/\/mwb.com.pl\/mwb2017\/wp-content\/uploads\/komiks\/audiodeskrypcja\/28_Plansza_27.mp3\" download=\"\">do pobrania<\/a><\/p>\n<p>&nbsp;<\/p>\n<p><strong>Plansza 28<\/strong><br \/>\n<audio class=\"wp-audio-shortcode\" id=\"audio-1166-29\" preload=\"none\" style=\"width: 100%;\" controls=\"controls\"><source type=\"audio\/mpeg\" src=\"http:\/\/mwb.com.pl\/mwb2017\/wp-content\/uploads\/komiks\/audiodeskrypcja\/29_Plansza_28.mp3?_=29\" \/><a href=\"http:\/\/mwb.com.pl\/mwb2017\/wp-content\/uploads\/komiks\/audiodeskrypcja\/29_Plansza_28.mp3\">http:\/\/mwb.com.pl\/mwb2017\/wp-content\/uploads\/komiks\/audiodeskrypcja\/29_Plansza_28.mp3<\/a><\/audio><\/p>\n<p><a href=\"http:\/\/mwb.com.pl\/mwb2017\/wp-content\/uploads\/komiks\/audiodeskrypcja\/29_Plansza_28.mp3\" download=\"\">do pobrania<\/a><\/p>\n<p>&nbsp;<\/p>\n<p><strong>Plansza 29<\/strong><br \/>\n<audio class=\"wp-audio-shortcode\" id=\"audio-1166-30\" preload=\"none\" style=\"width: 100%;\" controls=\"controls\"><source type=\"audio\/mpeg\" src=\"http:\/\/mwb.com.pl\/mwb2017\/wp-content\/uploads\/komiks\/audiodeskrypcja\/30_Plansza_29.mp3?_=30\" \/><a href=\"http:\/\/mwb.com.pl\/mwb2017\/wp-content\/uploads\/komiks\/audiodeskrypcja\/30_Plansza_29.mp3\">http:\/\/mwb.com.pl\/mwb2017\/wp-content\/uploads\/komiks\/audiodeskrypcja\/30_Plansza_29.mp3<\/a><\/audio><\/p>\n<p><a href=\"http:\/\/mwb.com.pl\/mwb2017\/wp-content\/uploads\/komiks\/audiodeskrypcja\/30_Plansza_29.mp3\" download=\"\">do pobrania<\/a><\/p>\n<p>&nbsp;<\/p>\n<p><strong>Plansza 30<\/strong><br \/>\n<audio class=\"wp-audio-shortcode\" id=\"audio-1166-31\" preload=\"none\" style=\"width: 100%;\" controls=\"controls\"><source type=\"audio\/mpeg\" src=\"http:\/\/mwb.com.pl\/mwb2017\/wp-content\/uploads\/komiks\/audiodeskrypcja\/31_Plansza_30.mp3?_=31\" \/><a href=\"http:\/\/mwb.com.pl\/mwb2017\/wp-content\/uploads\/komiks\/audiodeskrypcja\/31_Plansza_30.mp3\">http:\/\/mwb.com.pl\/mwb2017\/wp-content\/uploads\/komiks\/audiodeskrypcja\/31_Plansza_30.mp3<\/a><\/audio><\/p>\n<p><a href=\"http:\/\/mwb.com.pl\/mwb2017\/wp-content\/uploads\/komiks\/audiodeskrypcja\/31_Plansza_30.mp3\" download=\"\">do pobrania<\/a><\/p>\n<p>&nbsp;<\/p>\n<p><strong>Plansza 31<\/strong><br \/>\n<audio class=\"wp-audio-shortcode\" id=\"audio-1166-32\" preload=\"none\" style=\"width: 100%;\" controls=\"controls\"><source type=\"audio\/mpeg\" src=\"http:\/\/mwb.com.pl\/mwb2017\/wp-content\/uploads\/komiks\/audiodeskrypcja\/32_Plansza_31.mp3?_=32\" \/><a href=\"http:\/\/mwb.com.pl\/mwb2017\/wp-content\/uploads\/komiks\/audiodeskrypcja\/32_Plansza_31.mp3\">http:\/\/mwb.com.pl\/mwb2017\/wp-content\/uploads\/komiks\/audiodeskrypcja\/32_Plansza_31.mp3<\/a><\/audio><\/p>\n<p><a href=\"http:\/\/mwb.com.pl\/mwb2017\/wp-content\/uploads\/komiks\/audiodeskrypcja\/32_Plansza_31.mp3\" download=\"\">do pobrania<\/a><\/p>\n<p>&nbsp;<\/p>\n<p><strong>Plansza 32<\/strong><br \/>\n<strong> \u00a0<\/strong><\/p>\n<audio class=\"wp-audio-shortcode\" id=\"audio-1166-33\" preload=\"none\" style=\"width: 100%;\" controls=\"controls\"><source type=\"audio\/mpeg\" src=\"http:\/\/mwb.com.pl\/mwb2017\/wp-content\/uploads\/komiks\/audiodeskrypcja\/33_Plansza_32.mp3?_=33\" \/><a href=\"http:\/\/mwb.com.pl\/mwb2017\/wp-content\/uploads\/komiks\/audiodeskrypcja\/33_Plansza_32.mp3\">http:\/\/mwb.com.pl\/mwb2017\/wp-content\/uploads\/komiks\/audiodeskrypcja\/33_Plansza_32.mp3<\/a><\/audio>\n<p><a href=\"http:\/\/mwb.com.pl\/mwb2017\/wp-content\/uploads\/komiks\/audiodeskrypcja\/33_Plansza_32.mp3\" download=\"\">do pobrania<\/a><\/p>\n<p>&nbsp;<\/p>\n<p><strong>Pos\u0142owie<\/strong><br \/>\n<audio class=\"wp-audio-shortcode\" id=\"audio-1166-34\" preload=\"none\" style=\"width: 100%;\" controls=\"controls\"><source type=\"audio\/mpeg\" src=\"http:\/\/mwb.com.pl\/mwb2017\/wp-content\/uploads\/komiks\/audiodeskrypcja\/34_Poslowie.mp3?_=34\" \/><a href=\"http:\/\/mwb.com.pl\/mwb2017\/wp-content\/uploads\/komiks\/audiodeskrypcja\/34_Poslowie.mp3\">http:\/\/mwb.com.pl\/mwb2017\/wp-content\/uploads\/komiks\/audiodeskrypcja\/34_Poslowie.mp3<\/a><\/audio><\/p>\n<p><a href=\"http:\/\/mwb.com.pl\/mwb2017\/wp-content\/uploads\/komiks\/audiodeskrypcja\/34_Poslowie.mp3\" download=\"\">do pobrania<\/a><\/p>\n<p>&nbsp;<\/p>\n","protected":false},"excerpt":{"rendered":"<p>Wydawca &#8211; Muzeum Wojska w Bia\u0142ymstoku Scenariusz: Paulina Kr\u00f3likowska Rysunki, projekt i sk\u0142ad ok\u0142adki: Daniel Baum Tekst audiodeskrypcji: Ewelina Sarosiek Konsultacja merytoryczna: Monika Marciniak Realizacja: Grzegorz Falkowski (Studio Nagra\u0144 w Operze i Filharmonii Podlaskiej) Czyta: Monika Ko\u015bciukiewicz Piotr Bia\u0142okozowicz Mateusz Budzy\u0144ski Krzysztof Kukli\u0144ski Pliki audiodeskrypcji w formacie zip do pobrania &nbsp; Wprowadzenie do pobrania &nbsp; [&hellip;]<\/p>\n","protected":false},"author":1,"featured_media":0,"parent":0,"menu_order":0,"comment_status":"closed","ping_status":"closed","template":"","meta":{"ngg_post_thumbnail":0,"h5ap_radio_sources":[],"_vp_format_video_url":"","_vp_image_focal_point":[],"footnotes":""},"class_list":["post-1166","page","type-page","status-publish","hentry"],"_links":{"self":[{"href":"https:\/\/mwb.com.pl\/mwb2017\/wp-json\/wp\/v2\/pages\/1166","targetHints":{"allow":["GET"]}}],"collection":[{"href":"https:\/\/mwb.com.pl\/mwb2017\/wp-json\/wp\/v2\/pages"}],"about":[{"href":"https:\/\/mwb.com.pl\/mwb2017\/wp-json\/wp\/v2\/types\/page"}],"author":[{"embeddable":true,"href":"https:\/\/mwb.com.pl\/mwb2017\/wp-json\/wp\/v2\/users\/1"}],"replies":[{"embeddable":true,"href":"https:\/\/mwb.com.pl\/mwb2017\/wp-json\/wp\/v2\/comments?post=1166"}],"version-history":[{"count":12,"href":"https:\/\/mwb.com.pl\/mwb2017\/wp-json\/wp\/v2\/pages\/1166\/revisions"}],"predecessor-version":[{"id":1222,"href":"https:\/\/mwb.com.pl\/mwb2017\/wp-json\/wp\/v2\/pages\/1166\/revisions\/1222"}],"wp:attachment":[{"href":"https:\/\/mwb.com.pl\/mwb2017\/wp-json\/wp\/v2\/media?parent=1166"}],"curies":[{"name":"wp","href":"https:\/\/api.w.org\/{rel}","templated":true}]}}