{"id":1164,"date":"2017-09-22T08:10:14","date_gmt":"2017-09-22T06:10:14","guid":{"rendered":"http:\/\/mwb.com.pl\/mwb2017\/?page_id=1164"},"modified":"2017-10-03T12:25:46","modified_gmt":"2017-10-03T10:25:46","slug":"komiks-koleje-losu-bialystok-pilsudskiego","status":"publish","type":"page","link":"https:\/\/mwb.com.pl\/mwb2017\/komiks-koleje-losu-bialystok-pilsudskiego\/","title":{"rendered":"Komiks &#8222;Koleje losu. Bia\u0142ystok Pi\u0142sudskiego&#8221;"},"content":{"rendered":"<p>Wydawca &#8211; Muzeum Wojska w Bia\u0142ymstoku<br \/>\nScenariusz: Paulina Kr\u00f3likowska<br \/>\nRysunki, projekt i sk\u0142ad ok\u0142adki: Daniel Baum<\/p>\n<p><a href=\"http:\/\/mwb.com.pl\/mwb2017\/wp-content\/uploads\/komiks\/Koleje_losu.pdf\" download=\"\" rel=\"noopener\">Komiks do pobrania w formacie pdf<\/a><br \/>\n&nbsp;<br \/>\n<a href=\"http:\/\/mwb.com.pl\/mwb2017\/wp-content\/uploads\/komiks\/plansze\/01.jpg\"><br \/>\n<img decoding=\"async\" src=\"http:\/\/mwb.com.pl\/mwb2017\/wp-content\/uploads\/komiks\/plansze\/01.jpg\" alt=\"Koleje losu - plansza 01\" \/><\/a><br \/>\n&nbsp;<br \/>\n<a href=\"http:\/\/mwb.com.pl\/mwb2017\/wp-content\/uploads\/komiks\/plansze\/02.jpg\"><br \/>\n<img decoding=\"async\" src=\"http:\/\/mwb.com.pl\/mwb2017\/wp-content\/uploads\/komiks\/plansze\/02.jpg\" alt=\"Koleje losu - plansza 02\" \/><\/a><br \/>\n&nbsp;<\/p>\n<p><a href=\"http:\/\/mwb.com.pl\/mwb2017\/wp-content\/uploads\/komiks\/plansze\/03.jpg\"><br \/>\n<img decoding=\"async\" src=\"http:\/\/mwb.com.pl\/mwb2017\/wp-content\/uploads\/komiks\/plansze\/03.jpg\" alt=\"Koleje losu - plansza 03\" \/><\/a><br \/>\n&nbsp;<\/p>\n<p><a href=\"http:\/\/mwb.com.pl\/mwb2017\/wp-content\/uploads\/komiks\/plansze\/04.jpg\"><br \/>\n<img decoding=\"async\" src=\"http:\/\/mwb.com.pl\/mwb2017\/wp-content\/uploads\/komiks\/plansze\/04.jpg\" alt=\"Koleje losu - plansza 04\" \/><\/a><br \/>\n&nbsp;<br \/>\n<a href=\"http:\/\/mwb.com.pl\/mwb2017\/wp-content\/uploads\/komiks\/plansze\/05.jpg\"><br \/>\n<img decoding=\"async\" src=\"http:\/\/mwb.com.pl\/mwb2017\/wp-content\/uploads\/komiks\/plansze\/05.jpg\" alt=\"Koleje losu - plansza 05\" \/><\/a><br \/>\n&nbsp;<br \/>\n<a href=\"http:\/\/mwb.com.pl\/mwb2017\/wp-content\/uploads\/komiks\/plansze\/06.jpg\"><br \/>\n<img decoding=\"async\" src=\"http:\/\/mwb.com.pl\/mwb2017\/wp-content\/uploads\/komiks\/plansze\/06.jpg\" alt=\"Koleje losu - plansza 06\" \/><\/a><br \/>\n&nbsp;<br \/>\n<a href=\"http:\/\/mwb.com.pl\/mwb2017\/wp-content\/uploads\/komiks\/plansze\/07.jpg\"><br \/>\n<img decoding=\"async\" src=\"http:\/\/mwb.com.pl\/mwb2017\/wp-content\/uploads\/komiks\/plansze\/07.jpg\" alt=\"Koleje losu - plansza 07\" \/><\/a><br \/>\n&nbsp;<br \/>\n<a href=\"http:\/\/mwb.com.pl\/mwb2017\/wp-content\/uploads\/komiks\/plansze\/08.jpg\"><br \/>\n<img decoding=\"async\" src=\"http:\/\/mwb.com.pl\/mwb2017\/wp-content\/uploads\/komiks\/plansze\/08.jpg\" alt=\"Koleje losu - plansza 08\" \/><\/a><br \/>\n&nbsp;<br \/>\n<a href=\"http:\/\/mwb.com.pl\/mwb2017\/wp-content\/uploads\/komiks\/plansze\/09.jpg\"><br \/>\n<img decoding=\"async\" src=\"http:\/\/mwb.com.pl\/mwb2017\/wp-content\/uploads\/komiks\/plansze\/09.jpg\" alt=\"Koleje losu - plansza 09\" \/><\/a><br \/>\n&nbsp;<br \/>\n<a href=\"http:\/\/mwb.com.pl\/mwb2017\/wp-content\/uploads\/komiks\/plansze\/10.jpg\"><br \/>\n<img decoding=\"async\" src=\"http:\/\/mwb.com.pl\/mwb2017\/wp-content\/uploads\/komiks\/plansze\/10.jpg\" alt=\"Koleje losu - plansza 10\" \/><\/a><br \/>\n&nbsp;<br \/>\n<a href=\"http:\/\/mwb.com.pl\/mwb2017\/wp-content\/uploads\/komiks\/plansze\/11.jpg\"><br \/>\n<img decoding=\"async\" src=\"http:\/\/mwb.com.pl\/mwb2017\/wp-content\/uploads\/komiks\/plansze\/11.jpg\" alt=\"Koleje losu - plansza 11\" \/><\/a><br \/>\n&nbsp;<br \/>\n<a href=\"http:\/\/mwb.com.pl\/mwb2017\/wp-content\/uploads\/komiks\/plansze\/12.jpg\"><br \/>\n<img decoding=\"async\" src=\"http:\/\/mwb.com.pl\/mwb2017\/wp-content\/uploads\/komiks\/plansze\/12.jpg\" alt=\"Koleje losu - plansza 12\" \/><\/a><br \/>\n&nbsp;<br \/>\n<a href=\"http:\/\/mwb.com.pl\/mwb2017\/wp-content\/uploads\/komiks\/plansze\/13.jpg\"><br \/>\n<img decoding=\"async\" src=\"http:\/\/mwb.com.pl\/mwb2017\/wp-content\/uploads\/komiks\/plansze\/13.jpg\" alt=\"Koleje losu - plansza 13\" \/><\/a><br \/>\n&nbsp;<br \/>\n<a href=\"http:\/\/mwb.com.pl\/mwb2017\/wp-content\/uploads\/komiks\/plansze\/14.jpg\"><br \/>\n<img decoding=\"async\" src=\"http:\/\/mwb.com.pl\/mwb2017\/wp-content\/uploads\/komiks\/plansze\/14.jpg\" alt=\"Koleje losu - plansza 14\" \/><\/a><br \/>\n&nbsp;<br \/>\n<a href=\"http:\/\/mwb.com.pl\/mwb2017\/wp-content\/uploads\/komiks\/plansze\/15.jpg\"><br \/>\n<img decoding=\"async\" src=\"http:\/\/mwb.com.pl\/mwb2017\/wp-content\/uploads\/komiks\/plansze\/15.jpg\" alt=\"Koleje losu - plansza 15\" \/><\/a><br \/>\n&nbsp;<br \/>\n<a href=\"http:\/\/mwb.com.pl\/mwb2017\/wp-content\/uploads\/komiks\/plansze\/16.jpg\"><br \/>\n<img decoding=\"async\" src=\"http:\/\/mwb.com.pl\/mwb2017\/wp-content\/uploads\/komiks\/plansze\/16.jpg\" alt=\"Koleje losu - plansza 16\" \/><\/a><br \/>\n&nbsp;<br \/>\n<a href=\"http:\/\/mwb.com.pl\/mwb2017\/wp-content\/uploads\/komiks\/plansze\/17.jpg\"><br \/>\n<img decoding=\"async\" src=\"http:\/\/mwb.com.pl\/mwb2017\/wp-content\/uploads\/komiks\/plansze\/17.jpg\" alt=\"Koleje losu - plansza 17\" \/><\/a><br \/>\n&nbsp;<br \/>\n<a href=\"http:\/\/mwb.com.pl\/mwb2017\/wp-content\/uploads\/komiks\/plansze\/18.jpg\"><br \/>\n<img decoding=\"async\" src=\"http:\/\/mwb.com.pl\/mwb2017\/wp-content\/uploads\/komiks\/plansze\/18.jpg\" alt=\"Koleje losu - plansza 18\" \/><\/a><br \/>\n&nbsp;<br \/>\n<a href=\"http:\/\/mwb.com.pl\/mwb2017\/wp-content\/uploads\/komiks\/plansze\/19.jpg\"><br \/>\n<img decoding=\"async\" src=\"http:\/\/mwb.com.pl\/mwb2017\/wp-content\/uploads\/komiks\/plansze\/19.jpg\" alt=\"Koleje losu - plansza 19\" \/><\/a><br \/>\n&nbsp;<br \/>\n<a href=\"http:\/\/mwb.com.pl\/mwb2017\/wp-content\/uploads\/komiks\/plansze\/20.jpg\"><br \/>\n<img decoding=\"async\" src=\"http:\/\/mwb.com.pl\/mwb2017\/wp-content\/uploads\/komiks\/plansze\/20.jpg\" alt=\"Koleje losu - plansza 20\" \/><\/a><br \/>\n&nbsp;<br \/>\n<a href=\"http:\/\/mwb.com.pl\/mwb2017\/wp-content\/uploads\/komiks\/plansze\/21.jpg\"><br \/>\n<img decoding=\"async\" src=\"http:\/\/mwb.com.pl\/mwb2017\/wp-content\/uploads\/komiks\/plansze\/21.jpg\" alt=\"Koleje losu - plansza 21\" \/><\/a><br \/>\n&nbsp;<br \/>\n<a href=\"http:\/\/mwb.com.pl\/mwb2017\/wp-content\/uploads\/komiks\/plansze\/22.jpg\"><br \/>\n<img decoding=\"async\" src=\"http:\/\/mwb.com.pl\/mwb2017\/wp-content\/uploads\/komiks\/plansze\/22.jpg\" alt=\"Koleje losu - plansza 22\" \/><\/a><br \/>\n&nbsp;<br \/>\n<a href=\"http:\/\/mwb.com.pl\/mwb2017\/wp-content\/uploads\/komiks\/plansze\/23.jpg\"><br \/>\n<img decoding=\"async\" src=\"http:\/\/mwb.com.pl\/mwb2017\/wp-content\/uploads\/komiks\/plansze\/23.jpg\" alt=\"Koleje losu - plansza 23\" \/><\/a><br \/>\n&nbsp;<br \/>\n<a href=\"http:\/\/mwb.com.pl\/mwb2017\/wp-content\/uploads\/komiks\/plansze\/24.jpg\"><br \/>\n<img decoding=\"async\" src=\"http:\/\/mwb.com.pl\/mwb2017\/wp-content\/uploads\/komiks\/plansze\/24.jpg\" alt=\"Koleje losu - plansza 24\" \/><\/a><br \/>\n&nbsp;<br \/>\n<a href=\"http:\/\/mwb.com.pl\/mwb2017\/wp-content\/uploads\/komiks\/plansze\/25.jpg\"><br \/>\n<img decoding=\"async\" src=\"http:\/\/mwb.com.pl\/mwb2017\/wp-content\/uploads\/komiks\/plansze\/25.jpg\" alt=\"Koleje losu - plansza 25\" \/><\/a><br \/>\n&nbsp;<br \/>\n<a href=\"http:\/\/mwb.com.pl\/mwb2017\/wp-content\/uploads\/komiks\/plansze\/26.jpg\"><br \/>\n<img decoding=\"async\" src=\"http:\/\/mwb.com.pl\/mwb2017\/wp-content\/uploads\/komiks\/plansze\/26.jpg\" alt=\"Koleje losu - plansza 26\" \/><\/a><br \/>\n&nbsp;<br \/>\n<a href=\"http:\/\/mwb.com.pl\/mwb2017\/wp-content\/uploads\/komiks\/plansze\/27.jpg\"><br \/>\n<img decoding=\"async\" src=\"http:\/\/mwb.com.pl\/mwb2017\/wp-content\/uploads\/komiks\/plansze\/27.jpg\" alt=\"Koleje losu - plansza 27\" \/><\/a><br \/>\n&nbsp;<br \/>\n<a href=\"http:\/\/mwb.com.pl\/mwb2017\/wp-content\/uploads\/komiks\/plansze\/28.jpg\"><br \/>\n<img decoding=\"async\" src=\"http:\/\/mwb.com.pl\/mwb2017\/wp-content\/uploads\/komiks\/plansze\/28.jpg\" alt=\"Koleje losu - plansza 28\" \/><\/a><br \/>\n&nbsp;<br \/>\n<a href=\"http:\/\/mwb.com.pl\/mwb2017\/wp-content\/uploads\/komiks\/plansze\/29.jpg\"><br \/>\n<img decoding=\"async\" src=\"http:\/\/mwb.com.pl\/mwb2017\/wp-content\/uploads\/komiks\/plansze\/29.jpg\" alt=\"Koleje losu - plansza 29\" \/><\/a><br \/>\n&nbsp;<br \/>\n<a href=\"http:\/\/mwb.com.pl\/mwb2017\/wp-content\/uploads\/komiks\/plansze\/30.jpg\"><br \/>\n<img decoding=\"async\" src=\"http:\/\/mwb.com.pl\/mwb2017\/wp-content\/uploads\/komiks\/plansze\/30.jpg\" alt=\"Koleje losu - plansza 30\" \/><\/a><br \/>\n&nbsp;<br \/>\n<a href=\"http:\/\/mwb.com.pl\/mwb2017\/wp-content\/uploads\/komiks\/plansze\/31.jpg\"><br \/>\n<img decoding=\"async\" src=\"http:\/\/mwb.com.pl\/mwb2017\/wp-content\/uploads\/komiks\/plansze\/31.jpg\" alt=\"Koleje losu - plansza 31\" \/><\/a><br \/>\n&nbsp;<br \/>\n<a href=\"http:\/\/mwb.com.pl\/mwb2017\/wp-content\/uploads\/komiks\/plansze\/32.jpg\"><br \/>\n<img decoding=\"async\" src=\"http:\/\/mwb.com.pl\/mwb2017\/wp-content\/uploads\/komiks\/plansze\/32.jpg\" alt=\"Koleje losu - plansza 32\" \/><\/a><br \/>\n&nbsp;<br \/>\n<a href=\"http:\/\/mwb.com.pl\/mwb2017\/wp-content\/uploads\/komiks\/plansze\/33.jpg\"><br \/>\n<img decoding=\"async\" src=\"http:\/\/mwb.com.pl\/mwb2017\/wp-content\/uploads\/komiks\/plansze\/33.jpg\" alt=\"Koleje losu - plansza 33\" \/><\/a><br \/>\n&nbsp;<br \/>\n<a href=\"http:\/\/mwb.com.pl\/mwb2017\/wp-content\/uploads\/komiks\/plansze\/34.jpg\"><br \/>\n<img decoding=\"async\" src=\"http:\/\/mwb.com.pl\/mwb2017\/wp-content\/uploads\/komiks\/plansze\/34.jpg\" alt=\"Koleje losu - plansza 34\" \/><\/a><br \/>\n&nbsp;<br \/>\n<a href=\"http:\/\/mwb.com.pl\/mwb2017\/wp-content\/uploads\/komiks\/plansze\/35.jpg\"><br \/>\n<img decoding=\"async\" src=\"http:\/\/mwb.com.pl\/mwb2017\/wp-content\/uploads\/komiks\/plansze\/35.jpg\" alt=\"Koleje losu - plansza 35\" \/><\/a><br \/>\n&nbsp;<br \/>\n<a href=\"http:\/\/mwb.com.pl\/mwb2017\/wp-content\/uploads\/komiks\/plansze\/37.jpg\"><br \/>\n<img decoding=\"async\" src=\"http:\/\/mwb.com.pl\/mwb2017\/wp-content\/uploads\/komiks\/plansze\/37.jpg\" alt=\"Koleje losu - plansza 37\" \/><\/a><br \/>\n&nbsp;<br \/>\n<a href=\"http:\/\/mwb.com.pl\/mwb2017\/wp-content\/uploads\/komiks\/plansze\/38.jpg\"><br \/>\n<img decoding=\"async\" src=\"http:\/\/mwb.com.pl\/mwb2017\/wp-content\/uploads\/komiks\/plansze\/38.jpg\" alt=\"Koleje losu - plansza 38\" \/><\/a><\/p>\n","protected":false},"excerpt":{"rendered":"<p>Wydawca &#8211; Muzeum Wojska w Bia\u0142ymstoku Scenariusz: Paulina Kr\u00f3likowska Rysunki, projekt i sk\u0142ad ok\u0142adki: Daniel Baum Komiks do pobrania w formacie pdf &nbsp; &nbsp; &nbsp; &nbsp; &nbsp; &nbsp; &nbsp; &nbsp; &nbsp; &nbsp; &nbsp; &nbsp; &nbsp; &nbsp; &nbsp; &nbsp; &nbsp; &nbsp; &nbsp; &nbsp; &nbsp; &nbsp; &nbsp; &nbsp; &nbsp; &nbsp; &nbsp; &nbsp; &nbsp; &nbsp; &nbsp; &nbsp; &nbsp; [&hellip;]<\/p>\n","protected":false},"author":1,"featured_media":0,"parent":0,"menu_order":0,"comment_status":"closed","ping_status":"closed","template":"","meta":{"ngg_post_thumbnail":0,"h5ap_radio_sources":[],"_vp_format_video_url":"","_vp_image_focal_point":[],"footnotes":""},"class_list":["post-1164","page","type-page","status-publish","hentry"],"_links":{"self":[{"href":"https:\/\/mwb.com.pl\/mwb2017\/wp-json\/wp\/v2\/pages\/1164","targetHints":{"allow":["GET"]}}],"collection":[{"href":"https:\/\/mwb.com.pl\/mwb2017\/wp-json\/wp\/v2\/pages"}],"about":[{"href":"https:\/\/mwb.com.pl\/mwb2017\/wp-json\/wp\/v2\/types\/page"}],"author":[{"embeddable":true,"href":"https:\/\/mwb.com.pl\/mwb2017\/wp-json\/wp\/v2\/users\/1"}],"replies":[{"embeddable":true,"href":"https:\/\/mwb.com.pl\/mwb2017\/wp-json\/wp\/v2\/comments?post=1164"}],"version-history":[{"count":13,"href":"https:\/\/mwb.com.pl\/mwb2017\/wp-json\/wp\/v2\/pages\/1164\/revisions"}],"predecessor-version":[{"id":1208,"href":"https:\/\/mwb.com.pl\/mwb2017\/wp-json\/wp\/v2\/pages\/1164\/revisions\/1208"}],"wp:attachment":[{"href":"https:\/\/mwb.com.pl\/mwb2017\/wp-json\/wp\/v2\/media?parent=1164"}],"curies":[{"name":"wp","href":"https:\/\/api.w.org\/{rel}","templated":true}]}}