{"id":10855,"date":"2024-11-07T08:23:58","date_gmt":"2024-11-07T07:23:58","guid":{"rendered":"https:\/\/mwb.com.pl\/mwb2017\/?page_id=10855"},"modified":"2024-11-07T12:04:45","modified_gmt":"2024-11-07T11:04:45","slug":"zbiory","status":"publish","type":"page","link":"https:\/\/mwb.com.pl\/mwb2017\/muzeum\/zbiory\/","title":{"rendered":"Zbiory Muzeum"},"content":{"rendered":"\t\t<div data-elementor-type=\"wp-page\" data-elementor-id=\"10855\" class=\"elementor elementor-10855\">\n\t\t\t\t\t\t<section class=\"elementor-section elementor-top-section elementor-element elementor-element-28f41f9 elementor-section-boxed elementor-section-height-default elementor-section-height-default\" data-id=\"28f41f9\" data-element_type=\"section\" data-e-type=\"section\">\n\t\t\t\t\t\t<div class=\"elementor-container elementor-column-gap-default\">\n\t\t\t\t\t<div class=\"elementor-column elementor-col-100 elementor-top-column elementor-element elementor-element-f6fddcd\" data-id=\"f6fddcd\" data-element_type=\"column\" data-e-type=\"column\">\n\t\t\t<div class=\"elementor-widget-wrap elementor-element-populated\">\n\t\t\t\t\t\t<div class=\"elementor-element elementor-element-2cf43f2 elementor-widget elementor-widget-text-editor\" data-id=\"2cf43f2\" data-element_type=\"widget\" data-e-type=\"widget\" data-widget_type=\"text-editor.default\">\n\t\t\t\t<div class=\"elementor-widget-container\">\n\t\t\t\t\t\t\t\t\t<p>Jednym z podstawowych zada\u0144 Muzeum jest gromadzenie obiekt\u00f3w zwi\u0105zanych z histori\u0105 wojskow\u0105 regionu. Pozyskiwane artefakty uzupe\u0142niaj\u0105 zbiory muzealne, a tak\u017ce pomagaj\u0105 tworzy\u0107 nowe ekspozycje czasowe i sta\u0142e. W chwili obecnej posiadamy kilkana\u015bcie tysi\u0119cy muzeali\u00f3w. Co roku trafia do nas oko\u0142o 500 eksponat\u00f3w.<\/p><p>W tym miejscu b\u0119dziemy Pa\u0144stwu udost\u0119pnia\u0107 nasze najciekawsze oraz najnowsze nabytki.<\/p><p>Jednocze\u015bnie chcemy serdecznie podzi\u0119kowa\u0107 naszym darczy\u0144com za okazywane nam zaufanie i wsp\u00f3lne budowanie muzealnych kolekcji.<\/p>\t\t\t\t\t\t\t\t<\/div>\n\t\t\t\t<\/div>\n\t\t\t\t\t<\/div>\n\t\t<\/div>\n\t\t\t\t\t<\/div>\n\t\t<\/section>\n\t\t\t\t<section class=\"elementor-section elementor-top-section elementor-element elementor-element-f0d9b7e elementor-section-boxed elementor-section-height-default elementor-section-height-default\" data-id=\"f0d9b7e\" data-element_type=\"section\" data-e-type=\"section\">\n\t\t\t\t\t\t<div class=\"elementor-container elementor-column-gap-default\">\n\t\t\t\t\t<div class=\"elementor-column elementor-col-100 elementor-top-column elementor-element elementor-element-3f0cdf1\" data-id=\"3f0cdf1\" data-element_type=\"column\" data-e-type=\"column\">\n\t\t\t<div class=\"elementor-widget-wrap elementor-element-populated\">\n\t\t\t\t\t\t<div class=\"elementor-element elementor-element-61408b8 elementor-widget elementor-widget-heading\" data-id=\"61408b8\" data-element_type=\"widget\" data-e-type=\"widget\" data-widget_type=\"heading.default\">\n\t\t\t\t<div class=\"elementor-widget-container\">\n\t\t\t\t\t<h5 class=\"elementor-heading-title elementor-size-default\">JERZY KOSSAK (1886-1955), TRYPTYK BITWA POD RAFAJ\u0141OW\u0104, OLEJ, P\u0141\u00d3TNO, KRAK\u00d3W 1936-1937 (nr inw. MWB\/4071\/1-3)<\/h5>\t\t\t\t<\/div>\n\t\t\t\t<\/div>\n\t\t\t\t\t<\/div>\n\t\t<\/div>\n\t\t\t\t\t<\/div>\n\t\t<\/section>\n\t\t\t\t<section class=\"elementor-section elementor-top-section elementor-element elementor-element-be21641 elementor-section-boxed elementor-section-height-default elementor-section-height-default\" data-id=\"be21641\" data-element_type=\"section\" data-e-type=\"section\">\n\t\t\t\t\t\t<div class=\"elementor-container elementor-column-gap-default\">\n\t\t\t\t\t<div class=\"elementor-column elementor-col-100 elementor-top-column elementor-element elementor-element-f9cfb03\" data-id=\"f9cfb03\" data-element_type=\"column\" data-e-type=\"column\">\n\t\t\t<div class=\"elementor-widget-wrap elementor-element-populated\">\n\t\t\t\t\t\t<div class=\"elementor-element elementor-element-79ff55b elementor-widget elementor-widget-text-editor\" data-id=\"79ff55b\" data-element_type=\"widget\" data-e-type=\"widget\" data-widget_type=\"text-editor.default\">\n\t\t\t\t<div class=\"elementor-widget-container\">\n\t\t\t\t\t\t\t\t\t<p><strong>Cz\u0119\u015b\u0107 1 &#8211; KONTRATAK O \u015aWICIE 24 STYCZNIA<\/strong><br \/>Rozeg\u0142y zimowy pejza\u017c z lotu ptaka z oddzia\u0142em \u017co\u0142nierzy na pierwszym planie i g\u00f3rami w tle. Oddzia\u0142 Legion\u00f3w Polskich w pe\u0142nym oporz\u0105dzeniu ukazany wzd\u0142u\u017c dolnej i lewej kraw\u0119dzi, z prawej pnie wierzb. W g\u0142\u0119bi z lewej dow\u00f3dca na gniadym koniu &#8211; major Boles\u0142aw Roja. Dalej na osi poziomej nacieraj\u0105ca piechota i szereg krytych strzech\u0105 chat. Dalej o\u015bnie\u017cone g\u00f3ry o \u0142agodnych zboczach z pasami ciemnozielonych zaro\u015bli. Ca\u0142o\u015b\u0107 utrzymana w odcieniach \u0142amanej szaro\u015bci\u0105 zieleni w partii mundur\u00f3w, bieli w partii \u015bniegu z akcentami ciemnej kobaltowej zieleni w partii zaro\u015bli na zboczach g\u00f3r. Sygnowany w ldr czerni\u0105 &#8222;Jerzy Kossak 1936&#8221;. Obraz znajduje si\u0119 w ozdobnej ramie w kolorze z\u0142otym.<br \/>Nalepka w lgr krosna: &#8222;DESA Dzie\u0142a Sztuki Antyki\/Sp. z o.o.\/ Krak\u00f3w, ul. Floria\u0144ska 13\/ Aukcja nr 51\/Nr kat. 51&#8221;.<\/p>\t\t\t\t\t\t\t\t<\/div>\n\t\t\t\t<\/div>\n\t\t\t\t\t<\/div>\n\t\t<\/div>\n\t\t\t\t\t<\/div>\n\t\t<\/section>\n\t\t\t\t<section class=\"elementor-section elementor-top-section elementor-element elementor-element-0609114 elementor-section-boxed elementor-section-height-default elementor-section-height-default\" data-id=\"0609114\" data-element_type=\"section\" data-e-type=\"section\">\n\t\t\t\t\t\t<div class=\"elementor-container elementor-column-gap-default\">\n\t\t\t\t\t<div class=\"elementor-column elementor-col-100 elementor-top-column elementor-element elementor-element-94e192c\" data-id=\"94e192c\" data-element_type=\"column\" data-e-type=\"column\">\n\t\t\t<div class=\"elementor-widget-wrap elementor-element-populated\">\n\t\t\t\t\t\t<div class=\"elementor-element elementor-element-c74870c elementor-widget elementor-widget-image\" data-id=\"c74870c\" data-element_type=\"widget\" data-e-type=\"widget\" data-widget_type=\"image.default\">\n\t\t\t\t<div class=\"elementor-widget-container\">\n\t\t\t\t\t\t\t\t\t\t\t\t\t\t\t\t<a href=\"https:\/\/mwb.com.pl\/mwb2017\/wp-content\/uploads\/2023\/04\/1.jpg\" data-elementor-open-lightbox=\"yes\" data-elementor-lightbox-title=\"JERZY KOSSAK (1886-1955), TRYPTYK BITWA POD RAFAJ\u0141OW\u0104, OLEJ, P\u0141\u00d3TNO, KRAK\u00d3W 1936-1937 (nr inw. MWB\/4071\/1-3)\" data-e-action-hash=\"#elementor-action%3Aaction%3Dlightbox%26settings%3DeyJpZCI6MTA4NjEsInVybCI6Imh0dHBzOlwvXC9td2IuY29tLnBsXC9td2IyMDE3XC93cC1jb250ZW50XC91cGxvYWRzXC8yMDIzXC8wNFwvMS5qcGcifQ%3D%3D\">\n\t\t\t\t\t\t\t<img fetchpriority=\"high\" decoding=\"async\" width=\"800\" height=\"506\" src=\"https:\/\/mwb.com.pl\/mwb2017\/wp-content\/uploads\/2023\/04\/1.jpg\" class=\"attachment-full size-full wp-image-10861\" alt=\"JERZY KOSSAK (1886-1955), TRYPTYK BITWA POD RAFAJ\u0141OW\u0104, OLEJ, P\u0141\u00d3TNO, KRAK\u00d3W 1936-1937 (nr inw. MWB\/4071\/1-3)\" srcset=\"https:\/\/mwb.com.pl\/mwb2017\/wp-content\/uploads\/2023\/04\/1.jpg 800w, https:\/\/mwb.com.pl\/mwb2017\/wp-content\/uploads\/2023\/04\/1-300x190.jpg 300w, https:\/\/mwb.com.pl\/mwb2017\/wp-content\/uploads\/2023\/04\/1-768x486.jpg 768w, https:\/\/mwb.com.pl\/mwb2017\/wp-content\/uploads\/2023\/04\/1-600x380.jpg 600w, https:\/\/mwb.com.pl\/mwb2017\/wp-content\/uploads\/2023\/04\/1-500x316.jpg 500w\" sizes=\"(max-width: 800px) 100vw, 800px\" \/>\t\t\t\t\t\t\t\t<\/a>\n\t\t\t\t\t\t\t\t\t\t\t\t\t\t\t<\/div>\n\t\t\t\t<\/div>\n\t\t\t\t\t<\/div>\n\t\t<\/div>\n\t\t\t\t\t<\/div>\n\t\t<\/section>\n\t\t\t\t<section class=\"elementor-section elementor-top-section elementor-element elementor-element-7587593 elementor-section-boxed elementor-section-height-default elementor-section-height-default\" data-id=\"7587593\" data-element_type=\"section\" data-e-type=\"section\">\n\t\t\t\t\t\t<div class=\"elementor-container elementor-column-gap-default\">\n\t\t\t\t\t<div class=\"elementor-column elementor-col-100 elementor-top-column elementor-element elementor-element-b5c77f4\" data-id=\"b5c77f4\" data-element_type=\"column\" data-e-type=\"column\">\n\t\t\t<div class=\"elementor-widget-wrap elementor-element-populated\">\n\t\t\t\t\t\t<div class=\"elementor-element elementor-element-91d81c9 elementor-widget elementor-widget-text-editor\" data-id=\"91d81c9\" data-element_type=\"widget\" data-e-type=\"widget\" data-widget_type=\"text-editor.default\">\n\t\t\t\t<div class=\"elementor-widget-container\">\n\t\t\t\t\t\t\t\t\t<p><strong>Cz\u0119\u015b\u0107 2 &#8211; NOCNA WALKA NA MO\u015aCIE NA BYSTRZYCY<\/strong><br \/>Scena batalistyczna ukazana z lotu ptaka na tle zimowego pejza\u017cu. Z lewej i w centrum pokryta \u015bniegiem dolina, na pierwszym planie cia\u0142a poleg\u0142ych \u017co\u0142nierzy, w g\u0142\u0119bi oddzia\u0142 biegn\u0105cych w prawo \u017co\u0142nierzy z karabinami w d\u0142oniach. Z prawej fragment rzeki i mostku, na kt\u00f3rym znajduj\u0105 si\u0119 walcz\u0105cy \u017co\u0142nierze. Na dalszym planie w oddali szeregi \u017co\u0142nierz, z prawej w tle ciemnoniebieskie wzg\u00f3rze. Scena rozgrywa si\u0119 o zmierzchu, barwy stonowane z przewag\u0105 odcieni \u0142amanej szaro\u015bci\u0105 ultramaryny, mundury \u017co\u0142nierzy w odcieniach zieleni. Sygnowany w ldr czerni\u0105 &#8222;Jerzy Kossak\/1937&#8221;. Obraz znajduje si\u0119 w ozdobnej ramie w kolorze z\u0142otym.<br \/>Sygnowany w ldr czerni\u0105 &#8222;Jerzy Kossak\/1937&#8221;. Na odwrociu faksymile-napis &#8222;Stwierdzam autentycz\/no\u015b\u0107 tego obrazu\/Jerzy Kossak&#8221;. Poni\u017cej piecz\u0119\u0107 okr\u0105g\u0142a i nr 847.<\/p>\t\t\t\t\t\t\t\t<\/div>\n\t\t\t\t<\/div>\n\t\t\t\t\t<\/div>\n\t\t<\/div>\n\t\t\t\t\t<\/div>\n\t\t<\/section>\n\t\t\t\t<section class=\"elementor-section elementor-top-section elementor-element elementor-element-a0d914d elementor-section-boxed elementor-section-height-default elementor-section-height-default\" data-id=\"a0d914d\" data-element_type=\"section\" data-e-type=\"section\">\n\t\t\t\t\t\t<div class=\"elementor-container elementor-column-gap-default\">\n\t\t\t\t\t<div class=\"elementor-column elementor-col-100 elementor-top-column elementor-element elementor-element-28471da\" data-id=\"28471da\" data-element_type=\"column\" data-e-type=\"column\">\n\t\t\t<div class=\"elementor-widget-wrap elementor-element-populated\">\n\t\t\t\t\t\t<div class=\"elementor-element elementor-element-a01c8bb elementor-widget elementor-widget-image\" data-id=\"a01c8bb\" data-element_type=\"widget\" data-e-type=\"widget\" data-widget_type=\"image.default\">\n\t\t\t\t<div class=\"elementor-widget-container\">\n\t\t\t\t\t\t\t\t\t\t\t\t\t\t\t\t<a href=\"https:\/\/mwb.com.pl\/mwb2017\/wp-content\/uploads\/2023\/04\/1-1.jpg\" data-elementor-open-lightbox=\"yes\" data-elementor-lightbox-title=\"JERZY KOSSAK (1886-1955), TRYPTYK BITWA POD RAFAJ\u0141OW\u0104, OLEJ, P\u0141\u00d3TNO, KRAK\u00d3W 1936-1937 (nr inw. MWB\/4071\/1-3)\" data-e-action-hash=\"#elementor-action%3Aaction%3Dlightbox%26settings%3DeyJpZCI6MTA4ODIsInVybCI6Imh0dHBzOlwvXC9td2IuY29tLnBsXC9td2IyMDE3XC93cC1jb250ZW50XC91cGxvYWRzXC8yMDIzXC8wNFwvMS0xLmpwZyJ9\">\n\t\t\t\t\t\t\t<img decoding=\"async\" width=\"790\" height=\"800\" src=\"https:\/\/mwb.com.pl\/mwb2017\/wp-content\/uploads\/2023\/04\/1-1.jpg\" class=\"attachment-full size-full wp-image-10882\" alt=\"JERZY KOSSAK (1886-1955), TRYPTYK BITWA POD RAFAJ\u0141OW\u0104, OLEJ, P\u0141\u00d3TNO, KRAK\u00d3W 1936-1937 (nr inw. MWB\/4071\/1-3)\" srcset=\"https:\/\/mwb.com.pl\/mwb2017\/wp-content\/uploads\/2023\/04\/1-1.jpg 790w, https:\/\/mwb.com.pl\/mwb2017\/wp-content\/uploads\/2023\/04\/1-1-296x300.jpg 296w, https:\/\/mwb.com.pl\/mwb2017\/wp-content\/uploads\/2023\/04\/1-1-768x778.jpg 768w, https:\/\/mwb.com.pl\/mwb2017\/wp-content\/uploads\/2023\/04\/1-1-600x608.jpg 600w, https:\/\/mwb.com.pl\/mwb2017\/wp-content\/uploads\/2023\/04\/1-1-500x506.jpg 500w\" sizes=\"(max-width: 790px) 100vw, 790px\" \/>\t\t\t\t\t\t\t\t<\/a>\n\t\t\t\t\t\t\t\t\t\t\t\t\t\t\t<\/div>\n\t\t\t\t<\/div>\n\t\t\t\t\t<\/div>\n\t\t<\/div>\n\t\t\t\t\t<\/div>\n\t\t<\/section>\n\t\t\t\t<section class=\"elementor-section elementor-top-section elementor-element elementor-element-9e0312c elementor-section-boxed elementor-section-height-default elementor-section-height-default\" data-id=\"9e0312c\" data-element_type=\"section\" data-e-type=\"section\">\n\t\t\t\t\t\t<div class=\"elementor-container elementor-column-gap-default\">\n\t\t\t\t\t<div class=\"elementor-column elementor-col-100 elementor-top-column elementor-element elementor-element-dc35527\" data-id=\"dc35527\" data-element_type=\"column\" data-e-type=\"column\">\n\t\t\t<div class=\"elementor-widget-wrap elementor-element-populated\">\n\t\t\t\t\t\t<div class=\"elementor-element elementor-element-5fa0f38 elementor-widget elementor-widget-text-editor\" data-id=\"5fa0f38\" data-element_type=\"widget\" data-e-type=\"widget\" data-widget_type=\"text-editor.default\">\n\t\t\t\t<div class=\"elementor-widget-container\">\n\t\t\t\t\t\t\t\t\t<p><strong>Cz\u0119\u015b\u0107 3 &#8211; NAZAJUTRZ PO BITWIE<\/strong> <br \/>Fragment zimowego pejza\u017cu z o\u015bnie\u017conym \u015bwierkiem z lewej, z prawej na \u015bniegu czterej le\u017c\u0105cy \u017co\u0142nierze w mundurach rosyjskich. W g\u0142\u0119bi w centrum na osi poziomej drewniany most nad skut\u0105 lodem rzek\u0105, na nim zwr\u00f3cona do widza kobieta w czerwonej sp\u00f3dnicy, obok niej trzej konni \u017co\u0142nierze. W g\u0142\u0119bi z prawej o\u015bnie\u017cone wzg\u00f3rze poro\u015bni\u0119te \u015bwierkami. W g\u00f3rze niebo z ob\u0142okami i refleksami r\u00f3\u017cu. Obraz malowany stonowanymi odcieniami szaroniebieskimi, \u015bnieg z akcentami niebieskich cieni, mundury \u017co\u0142nierzy w odcieniu oliwkowej zieleni. Sygnowany w pdr czerni\u0105 &#8222;Jerzy Kossak\/1937&#8221;. Obraz znajduje si\u0119 w ozdobnej ramie w kolorze z\u0142otym.<br \/>Na odwrociu na p\u0142\u00f3tnie powy\u017cej osi poziomej faksymile &#8211; napis &#8222;Stwierdzam autentycz\/no\u015b\u0107 tego obrazu\/Jerzy Kossak&#8221;. Poni\u017cej piecz\u0119\u0107 okr\u0105g\u0142a z napisem w otoku i numerem &#8222;848&#8221;.<\/p>\t\t\t\t\t\t\t\t<\/div>\n\t\t\t\t<\/div>\n\t\t\t\t\t<\/div>\n\t\t<\/div>\n\t\t\t\t\t<\/div>\n\t\t<\/section>\n\t\t\t\t<section class=\"elementor-section elementor-top-section elementor-element elementor-element-f314604 elementor-section-boxed elementor-section-height-default elementor-section-height-default\" data-id=\"f314604\" data-element_type=\"section\" data-e-type=\"section\">\n\t\t\t\t\t\t<div class=\"elementor-container elementor-column-gap-default\">\n\t\t\t\t\t<div class=\"elementor-column elementor-col-100 elementor-top-column elementor-element elementor-element-4e0d0f0\" data-id=\"4e0d0f0\" data-element_type=\"column\" data-e-type=\"column\">\n\t\t\t<div class=\"elementor-widget-wrap elementor-element-populated\">\n\t\t\t\t\t\t<div class=\"elementor-element elementor-element-01cc61e elementor-widget elementor-widget-image\" data-id=\"01cc61e\" data-element_type=\"widget\" data-e-type=\"widget\" data-widget_type=\"image.default\">\n\t\t\t\t<div class=\"elementor-widget-container\">\n\t\t\t\t\t\t\t\t\t\t\t\t\t\t\t\t<a href=\"https:\/\/mwb.com.pl\/mwb2017\/wp-content\/uploads\/2023\/04\/1-2.jpg\" data-elementor-open-lightbox=\"yes\" data-elementor-lightbox-title=\"JERZY KOSSAK (1886-1955), TRYPTYK BITWA POD RAFAJ\u0141OW\u0104, OLEJ, P\u0141\u00d3TNO, KRAK\u00d3W 1936-1937 (nr inw. MWB\/4071\/1-3)\" data-e-action-hash=\"#elementor-action%3Aaction%3Dlightbox%26settings%3DeyJpZCI6MTA4OTksInVybCI6Imh0dHBzOlwvXC9td2IuY29tLnBsXC9td2IyMDE3XC93cC1jb250ZW50XC91cGxvYWRzXC8yMDIzXC8wNFwvMS0yLmpwZyJ9\">\n\t\t\t\t\t\t\t<img decoding=\"async\" width=\"606\" height=\"611\" src=\"https:\/\/mwb.com.pl\/mwb2017\/wp-content\/uploads\/2023\/04\/1-2.jpg\" class=\"attachment-large size-large wp-image-10899\" alt=\"JERZY KOSSAK (1886-1955), TRYPTYK BITWA POD RAFAJ\u0141OW\u0104, OLEJ, P\u0141\u00d3TNO, KRAK\u00d3W 1936-1937 (nr inw. MWB\/4071\/1-3)\" srcset=\"https:\/\/mwb.com.pl\/mwb2017\/wp-content\/uploads\/2023\/04\/1-2.jpg 793w, https:\/\/mwb.com.pl\/mwb2017\/wp-content\/uploads\/2023\/04\/1-2-297x300.jpg 297w, https:\/\/mwb.com.pl\/mwb2017\/wp-content\/uploads\/2023\/04\/1-2-150x150.jpg 150w, https:\/\/mwb.com.pl\/mwb2017\/wp-content\/uploads\/2023\/04\/1-2-768x775.jpg 768w, https:\/\/mwb.com.pl\/mwb2017\/wp-content\/uploads\/2023\/04\/1-2-600x605.jpg 600w, https:\/\/mwb.com.pl\/mwb2017\/wp-content\/uploads\/2023\/04\/1-2-500x504.jpg 500w\" sizes=\"(max-width: 606px) 100vw, 606px\" \/>\t\t\t\t\t\t\t\t<\/a>\n\t\t\t\t\t\t\t\t\t\t\t\t\t\t\t<\/div>\n\t\t\t\t<\/div>\n\t\t\t\t\t<\/div>\n\t\t<\/div>\n\t\t\t\t\t<\/div>\n\t\t<\/section>\n\t\t\t\t<section class=\"elementor-section elementor-top-section elementor-element elementor-element-a3d2448 elementor-section-boxed elementor-section-height-default elementor-section-height-default\" data-id=\"a3d2448\" data-element_type=\"section\" data-e-type=\"section\">\n\t\t\t\t\t\t<div class=\"elementor-container elementor-column-gap-default\">\n\t\t\t\t\t<div class=\"elementor-column elementor-col-100 elementor-top-column elementor-element elementor-element-e95c798\" data-id=\"e95c798\" data-element_type=\"column\" data-e-type=\"column\">\n\t\t\t<div class=\"elementor-widget-wrap elementor-element-populated\">\n\t\t\t\t\t\t<div class=\"elementor-element elementor-element-e843e7c elementor-widget elementor-widget-text-editor\" data-id=\"e843e7c\" data-element_type=\"widget\" data-e-type=\"widget\" data-widget_type=\"text-editor.default\">\n\t\t\t\t<div class=\"elementor-widget-container\">\n\t\t\t\t\t\t\t\t\t<p>Wymiary w \u015bwietle: cz\u0119\u015b\u0107 1 \u2013 76 x 150 cm, cz\u0119\u015b\u0107 2 \u2013 75,5 x 75,5 cm, cz\u0119\u015b\u0107 3 &#8211; 73,5 x 73 cm<\/p><p>Bibliografia: https:\/\/pcr.uwb.edu.pl\/ZNMW\/files\/ZNMW_2002_15_019.pdf<\/p><p>Obiekty zakupiono do zbior\u00f3w Muzeum Wojska w 2000 r.<\/p>\t\t\t\t\t\t\t\t<\/div>\n\t\t\t\t<\/div>\n\t\t\t\t\t<\/div>\n\t\t<\/div>\n\t\t\t\t\t<\/div>\n\t\t<\/section>\n\t\t\t\t<\/div>\n\t\t","protected":false},"excerpt":{"rendered":"<p>Jednym z podstawowych zada\u0144 Muzeum jest gromadzenie obiekt\u00f3w zwi\u0105zanych z histori\u0105 wojskow\u0105 regionu. Pozyskiwane artefakty uzupe\u0142niaj\u0105 zbiory muzealne, a tak\u017ce pomagaj\u0105 tworzy\u0107 nowe ekspozycje czasowe i sta\u0142e. W chwili obecnej posiadamy kilkana\u015bcie tysi\u0119cy muzeali\u00f3w. Co roku trafia do nas oko\u0142o 500 eksponat\u00f3w. W tym miejscu b\u0119dziemy Pa\u0144stwu udost\u0119pnia\u0107 nasze najciekawsze oraz najnowsze nabytki. Jednocze\u015bnie chcemy [&hellip;]<\/p>\n","protected":false},"author":1,"featured_media":0,"parent":12,"menu_order":0,"comment_status":"closed","ping_status":"closed","template":"","meta":{"ngg_post_thumbnail":0,"h5ap_radio_sources":[],"_vp_format_video_url":"","_vp_image_focal_point":[],"footnotes":""},"class_list":["post-10855","page","type-page","status-publish","hentry"],"_links":{"self":[{"href":"https:\/\/mwb.com.pl\/mwb2017\/wp-json\/wp\/v2\/pages\/10855","targetHints":{"allow":["GET"]}}],"collection":[{"href":"https:\/\/mwb.com.pl\/mwb2017\/wp-json\/wp\/v2\/pages"}],"about":[{"href":"https:\/\/mwb.com.pl\/mwb2017\/wp-json\/wp\/v2\/types\/page"}],"author":[{"embeddable":true,"href":"https:\/\/mwb.com.pl\/mwb2017\/wp-json\/wp\/v2\/users\/1"}],"replies":[{"embeddable":true,"href":"https:\/\/mwb.com.pl\/mwb2017\/wp-json\/wp\/v2\/comments?post=10855"}],"version-history":[{"count":373,"href":"https:\/\/mwb.com.pl\/mwb2017\/wp-json\/wp\/v2\/pages\/10855\/revisions"}],"predecessor-version":[{"id":13657,"href":"https:\/\/mwb.com.pl\/mwb2017\/wp-json\/wp\/v2\/pages\/10855\/revisions\/13657"}],"up":[{"embeddable":true,"href":"https:\/\/mwb.com.pl\/mwb2017\/wp-json\/wp\/v2\/pages\/12"}],"wp:attachment":[{"href":"https:\/\/mwb.com.pl\/mwb2017\/wp-json\/wp\/v2\/media?parent=10855"}],"curies":[{"name":"wp","href":"https:\/\/api.w.org\/{rel}","templated":true}]}}