{"id":1042,"date":"2017-08-22T11:32:22","date_gmt":"2017-08-22T09:32:22","guid":{"rendered":"http:\/\/mwb.com.pl\/mwb2017\/?page_id=1042"},"modified":"2020-09-03T08:12:12","modified_gmt":"2020-09-03T06:12:12","slug":"cenniki","status":"publish","type":"page","link":"https:\/\/mwb.com.pl\/mwb2017\/cenniki\/","title":{"rendered":"Cenniki"},"content":{"rendered":"<p><strong>CENNIK BILET\u00d3W<\/strong><\/p>\n<p>W okresie od 01 IX do 26 IX wst\u0119p do Muzeum Wojska w Bia\u0142ymstoku ze wzgl\u0119du na prace remontowe jest BEZP\u0141ATNY.<\/p>\n<p>Bilety indywidualne:<br \/>\n&#8211; normalny 7 z\u0142<br \/>\n&#8211; ulgowy* 4 z\u0142<\/p>\n<p>Bilety grupowe:<br \/>\n&#8211; od 4 do 9 os\u00f3b \u2013 3,5 z\u0142\/osoba<br \/>\n&#8211; powy\u017cej 10 os\u00f3b \u2013 3 z\u0142\/osoba<\/p>\n<p>Warsztaty edukacyjne \u2013 5 z\u0142 \/osoba<\/p>\n<p>Oprowadzanie w j\u0119zyku polskim &#8211; 25 z\u0142<br \/>\nOprowadzanie w j\u0119zyku obcym (angielski, rosyjskim)- 35 z\u0142<\/p>\n<p>Zni\u017cki:<br \/>\nPosiadacze Bia\u0142ostockiej Karty Du\u017cej Rodziny oraz Karty Du\u017cej Rodziny:<br \/>\n&#8211; 50 % zni\u017cki na bilety wst\u0119pu (normalny &#8211; 3,5 z\u0142, ulgowy &#8211; 2 z\u0142)<br \/>\n&#8211; dla dzieci na zaj\u0119cia edukacyjne z oferty wakacje i ferie (1 z\u0142)<br \/>\nZni\u017cka dla posiadaczy Karty Du\u017cej Rodziny nie \u0142\u0105czy si\u0119 ze zni\u017ck\u0105 w ramach bilet\u00f3w grupowych dla instytucji.<\/p>\n<p>Posiadacze Karty Aktywnego Seniora<br \/>\n&#8211; 50 % zni\u017cki na bilety wst\u0119pu (normalny &#8211; 3,5 z\u0142, ulgowy &#8211; 2 z\u0142)<\/p>\n<p>Wszystkie bilety upowa\u017cniaj\u0105 do zwiedzania wystaw sta\u0142ych oraz czasowych.<br \/>\nW soboty wst\u0119p wolny.<\/p>\n<p><em>*Bilet ulgowy przys\u0142uguje za okazaniem stosownych dokument\u00f3w:<\/em><br \/>\n<em>&#8211; m\u0142odzie\u017cy szkolnej i akademickiej do 26 roku \u017cycia,<\/em><br \/>\n<em>&#8211; obecnym i by\u0142ym \u017co\u0142nierzom Wojska Polskiego,<\/em><br \/>\n<em>&#8211; funkcjonariuszom Policji Pa\u0144stwowej i Stra\u017cy Granicznej,<\/em><br \/>\n<em>&#8211; kombatantom,<\/em><br \/>\n<em>&#8211; emerytom i rencistom,<\/em><br \/>\n<em>&#8211; osobom niepe\u0142nosprawnym i ich opiekunom (pod warunkiem sprawowania opieki nad osob\u0105 niepe\u0142nosprawn\u0105 podczas jej wizyty w Muzeum),<\/em><br \/>\n<em>&#8211; posiadaczom Honorowej Odznaki Sybiraka.<\/em><\/p>\n<p><em>Wst\u0119p wolny przys\u0142uguje:<\/em><br \/>\n<em>&#8211; osobom odznaczonym Orderem Or\u0142a Bia\u0142ego, Virtuti Militari, Orderem Zas\u0142ugi RP, medalem Zas\u0142u\u017cony Kulturze Gloria Artis, laureatom Nagrody Artystycznej Prezydenta Miasta Bia\u0142egostoku,<\/em><br \/>\n<em>&#8211; posiadaczom odznaki Zas\u0142u\u017cony dla Kultury Polskiej oraz Krzy\u017ca Zes\u0142a\u0144c\u00f3w Sybiru,<\/em><br \/>\n<em>&#8211; pracownikom muze\u00f3w,<\/em><br \/>\n<em>&#8211; opiekunom grup zorganizowanych (tj. posiadaj\u0105cych bilet grupowy),<\/em><br \/>\n<em>&#8211; dzieciom do lat 6 (z wyj\u0105tkiem grup zorganizowanych powy\u017cej 10 os\u00f3b),<\/em><br \/>\n<em>&#8211; osobom posiadaj\u0105cym Kart\u0119 Polaka.<\/em><\/p>\n","protected":false},"excerpt":{"rendered":"<p>CENNIK BILET\u00d3W W okresie od 01 IX do 26 IX wst\u0119p do Muzeum Wojska w Bia\u0142ymstoku ze wzgl\u0119du na prace remontowe jest BEZP\u0141ATNY. Bilety indywidualne: &#8211; normalny 7 z\u0142 &#8211; ulgowy* 4 z\u0142 Bilety grupowe: &#8211; od 4 do 9 os\u00f3b \u2013 3,5 z\u0142\/osoba &#8211; powy\u017cej 10 os\u00f3b \u2013 3 z\u0142\/osoba Warsztaty edukacyjne \u2013 5 [&hellip;]<\/p>\n","protected":false},"author":1,"featured_media":0,"parent":0,"menu_order":0,"comment_status":"closed","ping_status":"closed","template":"","meta":{"ngg_post_thumbnail":0,"h5ap_radio_sources":[],"_vp_format_video_url":"","_vp_image_focal_point":[],"footnotes":""},"class_list":["post-1042","page","type-page","status-publish","hentry"],"_links":{"self":[{"href":"https:\/\/mwb.com.pl\/mwb2017\/wp-json\/wp\/v2\/pages\/1042","targetHints":{"allow":["GET"]}}],"collection":[{"href":"https:\/\/mwb.com.pl\/mwb2017\/wp-json\/wp\/v2\/pages"}],"about":[{"href":"https:\/\/mwb.com.pl\/mwb2017\/wp-json\/wp\/v2\/types\/page"}],"author":[{"embeddable":true,"href":"https:\/\/mwb.com.pl\/mwb2017\/wp-json\/wp\/v2\/users\/1"}],"replies":[{"embeddable":true,"href":"https:\/\/mwb.com.pl\/mwb2017\/wp-json\/wp\/v2\/comments?post=1042"}],"version-history":[{"count":3,"href":"https:\/\/mwb.com.pl\/mwb2017\/wp-json\/wp\/v2\/pages\/1042\/revisions"}],"predecessor-version":[{"id":5906,"href":"https:\/\/mwb.com.pl\/mwb2017\/wp-json\/wp\/v2\/pages\/1042\/revisions\/5906"}],"wp:attachment":[{"href":"https:\/\/mwb.com.pl\/mwb2017\/wp-json\/wp\/v2\/media?parent=1042"}],"curies":[{"name":"wp","href":"https:\/\/api.w.org\/{rel}","templated":true}]}}