{"id":1040,"date":"2017-08-22T11:27:16","date_gmt":"2017-08-22T09:27:16","guid":{"rendered":"http:\/\/mwb.com.pl\/mwb2017\/?page_id=1040"},"modified":"2024-07-19T13:48:59","modified_gmt":"2024-07-19T11:48:59","slug":"cennik-oplat","status":"publish","type":"page","link":"https:\/\/mwb.com.pl\/mwb2017\/cennik-oplat\/","title":{"rendered":"Cennik op\u0142at"},"content":{"rendered":"<p style=\"text-align: center;\"><strong>CENNIK OP\u0141AT ZA PONOWNE WYKORZYSTYWANIE INFORMACJI<\/strong><\/p>\n<p>I. Stawki op\u0142at za ponowne wykorzystanie informacji wynosz\u0105 w przypadku udost\u0119pniania lub przekazywania informacji sektora publicznego <strong>w celach innych ni\u017c niekomercyjne<\/strong> o charakterze badawczym, naukowym lub edukacyjnym:<br \/>\n1. Za po\u015brednictwem systemu teleinformatycznego lub fotografii cyfrowej zapisane na no\u015bniku cyfrowym CD\/DVD \u2013 20-40 z\u0142 (za 1 skan\/fotografi\u0119)<br \/>\n2. W postaci papierowej:<br \/>\na) za jedn\u0105 stron\u0119 odbitki lub wydruku kolorowego:<br \/>\n\u2013 w formacie A4 \u2013 10 z\u0142,<br \/>\n\u2013 w formacie A3 \u2013 20 z\u0142,<br \/>\nb) za jedn\u0105 stron\u0119 odbitki lub wydruku czarno-bia\u0142ego:<br \/>\n\u2013 w formacie A4 \u2013 7 z\u0142,<br \/>\n\u2013 w formacie A3 \u2013 15 z\u0142;<br \/>\n3. W postaci nagrania d\u017awi\u0119ku lub obrazu na no\u015bnik cyfrowy \u2013 20 z\u0142 za ka\u017cdy no\u015bnik nagrania;<br \/>\n4. W spos\u00f3b lub w postaci innych ni\u017c okre\u015blone w pkt. 1-3 cena zostanie ustalona na drodze indywidualnego porozumienia bior\u0105c pod uwag\u0119 rodzaj i zakres zleconej us\u0142ugi.<\/p>\n<p>II. Stawki op\u0142at za ponowne wykorzystanie informacji, je\u017celi przygotowanie lub przekazanie informacji w spos\u00f3b lub w formie wskazanych we wniosku o ponowne wykorzystywanie wymaga poniesienia dodatkowych koszt\u00f3w, wynosz\u0105 w przypadku udost\u0119pniania lub przekazywania informacji sektora publicznego <strong>w celach niekomercyjnych<\/strong> o charakterze badawczym, naukowym lub edukacyjnym:<br \/>\n1. Za po\u015brednictwem systemu teleinformatycznego lub fotografii cyfrowej zapisane na no\u015bniku cyfrowym CD\/DVD &#8211; 5 z\u0142 (za 1 skan\/fotografi\u0119).<br \/>\n2. W postaci papierowej:<br \/>\na) za jedn\u0105 stron\u0119 odbitki lub wydruku kolorowego:<br \/>\n\u2013 w formacie A4 \u2013 1 z\u0142,<br \/>\n\u2013 w formacie A3 \u2013 2 z\u0142,<br \/>\nb) za jedn\u0105 stron\u0119 odbitki lub wydruku czarno-bia\u0142ego:<br \/>\n\u2013 w formacie A4 \u2013 0,50 z\u0142,<br \/>\n\u2013 w formacie A3 \u2013 1 z\u0142;<br \/>\n3. W postaci nagrania d\u017awi\u0119ku lub obrazu na no\u015bnik cyfrowy \u2013 10 z\u0142 za ka\u017cdy no\u015bnik nagrania;<br \/>\n4. W spos\u00f3b lub w postaci innych ni\u017c okre\u015blone w pkt. 1-3 cena zostanie ustalona na drodze indywidualnego porozumienia bior\u0105c pod uwag\u0119 rodzaj i zakres zleconej us\u0142ugi.<\/p>\n<p>Przez <strong>cel niekomercyjny<\/strong> rozumie si\u0119 dzia\u0142alno\u015b\u0107 inn\u0105 ni\u017c dzia\u0142alno\u015b\u0107 zarobkowa prowadzona na rzecz os\u00f3b trzecich.<\/p>\n<p style=\"text-align: center;\"><strong>\u015aWIADCZENIE INNYCH US\u0141UG<\/strong><\/p>\n<p>1. Muzeum mo\u017ce \u015bwiadczy\u0107 \u2013 w zakresie prowadzonej dzia\u0142alno\u015bci statutowej \u2013 us\u0142ugi inne ni\u017c zwiedzanie oraz udost\u0119pnia\u0107 informacje sektora publicznego.<br \/>\n2. W wyj\u0105tkowych przypadkach Dyrektor MWB uprawniony jest do udzielenia rabatu od cen okre\u015blonych cennikiem, jednak\u017ce op\u0142aty po udzielonym rabacie musz\u0105 pokrywa\u0107 bezpo\u015brednie koszty realizacji us\u0142ugi. Za wyj\u0105tkowe przypadki uznaje si\u0119 m.in. realizacj\u0119 cel\u00f3w charytatywnych, us\u0142ug\u0119 dla organizacji non-profit oraz dla jednostek edukacyjnych do realizacji ich cel\u00f3w statutowych pod warunkiem, \u017ce podmioty te nie wykorzystuj\u0105 udost\u0119pnianych przedmiot\u00f3w do cel\u00f3w prowadzonej dzia\u0142alno\u015bci gospodarczej.<br \/>\n3. Zgod\u0119 na wykonanie us\u0142ugi wyra\u017ca Dyrektor MWB na podstawie opinii kierownika dzia\u0142u MWB, w\u0142a\u015bciwego do wykonania us\u0142ugi.<br \/>\n4. Realizacja us\u0142ug winna uwzgl\u0119dnia\u0107 wszelkie wymogi konserwatorskie oraz respektowa\u0107 warunki ochrony i bezpiecze\u0144stwa obiekt\u00f3w muzealnych.<br \/>\n5. Us\u0142ugi nie obj\u0119te cennikiem realizowane s\u0105 w formie odr\u0119bnej umowy zlecenia.<br \/>\n6. Za wszelkie us\u0142ugi \u015bwiadczone na rzecz innych muze\u00f3w, MWB \u2013 na zasadzie wzajemno\u015bci \u2013 nie pobiera op\u0142at.<br \/>\n7. Nie pobiera si\u0119 r\u00f3wnie\u017c op\u0142at za ponowne wykorzystanie informacji od podmiot\u00f3w zwolnionych z tych op\u0142at na podstawie ustawy z dnia 11 sierpnia 2021 r. o otwartych danych i ponownym wykorzystywaniu informacji sektora publicznego (Dz.U. 2021 poz. 1641).<\/p>\n","protected":false},"excerpt":{"rendered":"<p>CENNIK OP\u0141AT ZA PONOWNE WYKORZYSTYWANIE INFORMACJI I. Stawki op\u0142at za ponowne wykorzystanie informacji wynosz\u0105 w przypadku udost\u0119pniania lub przekazywania informacji sektora publicznego w celach innych ni\u017c niekomercyjne o charakterze badawczym, naukowym lub edukacyjnym: 1. Za po\u015brednictwem systemu teleinformatycznego lub fotografii cyfrowej zapisane na no\u015bniku cyfrowym CD\/DVD \u2013 20-40 z\u0142 (za 1 skan\/fotografi\u0119) 2. W postaci [&hellip;]<\/p>\n","protected":false},"author":1,"featured_media":0,"parent":0,"menu_order":0,"comment_status":"closed","ping_status":"closed","template":"","meta":{"ngg_post_thumbnail":0,"h5ap_radio_sources":[],"_vp_format_video_url":"","_vp_image_focal_point":[],"footnotes":""},"class_list":["post-1040","page","type-page","status-publish","hentry"],"_links":{"self":[{"href":"https:\/\/mwb.com.pl\/mwb2017\/wp-json\/wp\/v2\/pages\/1040","targetHints":{"allow":["GET"]}}],"collection":[{"href":"https:\/\/mwb.com.pl\/mwb2017\/wp-json\/wp\/v2\/pages"}],"about":[{"href":"https:\/\/mwb.com.pl\/mwb2017\/wp-json\/wp\/v2\/types\/page"}],"author":[{"embeddable":true,"href":"https:\/\/mwb.com.pl\/mwb2017\/wp-json\/wp\/v2\/users\/1"}],"replies":[{"embeddable":true,"href":"https:\/\/mwb.com.pl\/mwb2017\/wp-json\/wp\/v2\/comments?post=1040"}],"version-history":[{"count":5,"href":"https:\/\/mwb.com.pl\/mwb2017\/wp-json\/wp\/v2\/pages\/1040\/revisions"}],"predecessor-version":[{"id":13329,"href":"https:\/\/mwb.com.pl\/mwb2017\/wp-json\/wp\/v2\/pages\/1040\/revisions\/13329"}],"wp:attachment":[{"href":"https:\/\/mwb.com.pl\/mwb2017\/wp-json\/wp\/v2\/media?parent=1040"}],"curies":[{"name":"wp","href":"https:\/\/api.w.org\/{rel}","templated":true}]}}