{"id":1038,"date":"2017-08-22T11:25:17","date_gmt":"2017-08-22T09:25:17","guid":{"rendered":"http:\/\/mwb.com.pl\/mwb2017\/?page_id=1038"},"modified":"2025-10-23T13:34:32","modified_gmt":"2025-10-23T11:34:32","slug":"cennik-uslug","status":"publish","type":"page","link":"https:\/\/mwb.com.pl\/mwb2017\/cennik-uslug\/","title":{"rendered":"Cennik us\u0142ug"},"content":{"rendered":"<p style=\"text-align: center;\"><strong>CENNIK US\u0141UG INNYCH NI\u017b ZWIEDZANIE<\/strong><\/p>\n<p><strong>I. UDOST\u0118PNIANIE ZBIOR\u00d3W i SAL WRAZ ZE ZGOD\u0104 NA PUBLIKACJ\u0118<\/strong><\/p>\n<p>1. Udost\u0119pnianie obiekt\u00f3w do filmowania, skanowania, fotografowania i kserowania przez zamawiaj\u0105cego (w zale\u017cno\u015bci od warto\u015bci obiektu) 10-50 z\u0142 (za 1 obiekt)<\/p>\n<p>W przypadku udost\u0119pnienia poza granice kraju (w zale\u017cno\u015bci od warto\u015bci obiektu i odleg\u0142o\u015bci) 50-250 z\u0142 (za 1 obiekt)<\/p>\n<p>2. Za udost\u0119pnienie ekspozycji wystawowej do filmowania 200 z\u0142\/1 godz.<\/p>\n<p>3. Udost\u0119pnienie ekspozycji\/zbior\u00f3w do wydawnictw reklamowych (plakaty, kalendarze, poczt\u00f3wki, itp.) 300-500 z\u0142<\/p>\n<p>4. Udost\u0119pnianie sal wystawowych, w szczeg\u00f3lno\u015bci na sesje, konferencje, seminaria, szkolenia 100-300 z\u0142\/1 godz.<\/p>\n<p>5. Udost\u0119pnianie negatyw\u00f3w, diapozyt\u00f3w i p\u0142yt CD 10 z\u0142\/1 szt.<\/p>\n<p><strong>II. US\u0141UGI FOTOGRAFICZNE, KSEROWANIA, SKANOWANIA WRAZ ZE ZGOD\u0104 NA PUBLIKACJ\u0118 DO CEL\u00d3W INNYCH NI\u017b NIEKOMERCYJNE<\/strong><\/p>\n<p>1. Fotografowanie zbior\u00f3w, skanowanie fotografii przez Muzeum na zlecenie (skanowanie nie wi\u0119ksze ni\u017c format A3) 40-80 z\u0142 (za 1 skan\/fotografi\u0119)<\/p>\n<p>2. Fotografowanie obiekt\u00f3w wielkogabarytowych ze zbior\u00f3w Muzeum (Muzeum mo\u017ce odm\u00f3wi\u0107 wykonania fotografii ze wzgl\u0119du na utrudniony dost\u0119p do obiektu) 300 z\u0142<\/p>\n<p>3. Kserowanie lub skanowanie druk\u00f3w zwartych (fragment\u00f3w) z zasob\u00f3w Biblioteki Muzeum b\u0105d\u017a innych nie wymienionych w cenniku dokument\u00f3w 30 gr\/1 strona<\/p>\n<p>4. Kserowanie lub skanowanie ze Zbior\u00f3w Specjalnych 10 z\u0142\/1 strona<\/p>\n<p><strong>III. US\u0141UGI FOTOGRAFICZNE, KSEROWANIA, SKANOWANIA WRAZ ZE ZGOD\u0104 NA PUBLIKACJ\u0118 DO CEL\u00d3W NIEKOMERCYJNYCH<\/strong><\/p>\n<p>1. Fotografowanie zbior\u00f3w, skanowanie fotografii przez Muzeum na zlecenie (skanowanie nie wi\u0119ksze ni\u017c format A3) 10 z\u0142 (za 1 skan\/fotografi\u0119)<\/p>\n<p>2. Fotografowanie obiekt\u00f3w wielkogabarytowych ze zbior\u00f3w Muzeum (Muzeum mo\u017ce odm\u00f3wi\u0107 wykonania fotografii ze wzgl\u0119du na utrudniony dost\u0119p do obiektu) 100 z\u0142<\/p>\n<p>3. Kserowanie lub skanowanie druk\u00f3w zwartych (fragment\u00f3w) z zasob\u00f3w Biblioteki Muzeum b\u0105d\u017a innych nie wymienionych w cenniku dokument\u00f3w 20 gr\/1 stron\u0119<\/p>\n<p>4. Kserowanie lub skanowanie ze Zbior\u00f3w Specjalnych 2 z\u0142\/1 stron\u0119<\/p>\n<p><strong>IV. INNE US\u0141UGI NIE WYMIENIONE W CENNIKU<\/strong><\/p>\n<p>1. Kwerenda zbior\u00f3w Muzeum 25 z\u0142\/1 godz.<\/p>\n<p>2. Inne us\u0142ugi dotycz\u0105ce zbior\u00f3w Muzeum<br \/>\ncena zostanie ustalona na drodze indywidualnego porozumienia bior\u0105c pod uwag\u0119 rodzaj i zakres zleconej us\u0142ugi.<\/p>\n<p>3. Wynajem sali z projektorem i nag\u0142o\u015bnieniem na sesje, konferencje, seminaria, szkolenia<br \/>\nwraz z osob\u0105 pe\u0142ni\u0105c\u0105 dy\u017cur administracyjny 400 z\u0142\/godz.<\/p>\n<p>UWAGA: Podana cena wraz ze zgod\u0105 na publikacj\u0119 zbior\u00f3w obejmuje jednorazow\u0105 publikacj\u0119.<br \/>\nW przypadku publikacji obejmuj\u0105cych r\u00f3\u017cne formy b\u0105d\u017a wielorazowych publikacji wynagrodzenie z tego tytu\u0142u okre\u015bla odr\u0119bna umowa.<\/p>\n","protected":false},"excerpt":{"rendered":"<p>CENNIK US\u0141UG INNYCH NI\u017b ZWIEDZANIE I. UDOST\u0118PNIANIE ZBIOR\u00d3W i SAL WRAZ ZE ZGOD\u0104 NA PUBLIKACJ\u0118 1. Udost\u0119pnianie obiekt\u00f3w do filmowania, skanowania, fotografowania i kserowania przez zamawiaj\u0105cego (w zale\u017cno\u015bci od warto\u015bci obiektu) 10-50 z\u0142 (za 1 obiekt) W przypadku udost\u0119pnienia poza granice kraju (w zale\u017cno\u015bci od warto\u015bci obiektu i odleg\u0142o\u015bci) 50-250 z\u0142 (za 1 obiekt) 2. [&hellip;]<\/p>\n","protected":false},"author":1,"featured_media":0,"parent":0,"menu_order":0,"comment_status":"closed","ping_status":"closed","template":"","meta":{"ngg_post_thumbnail":0,"h5ap_radio_sources":[],"_vp_format_video_url":"","_vp_image_focal_point":[],"footnotes":""},"class_list":["post-1038","page","type-page","status-publish","hentry"],"_links":{"self":[{"href":"https:\/\/mwb.com.pl\/mwb2017\/wp-json\/wp\/v2\/pages\/1038","targetHints":{"allow":["GET"]}}],"collection":[{"href":"https:\/\/mwb.com.pl\/mwb2017\/wp-json\/wp\/v2\/pages"}],"about":[{"href":"https:\/\/mwb.com.pl\/mwb2017\/wp-json\/wp\/v2\/types\/page"}],"author":[{"embeddable":true,"href":"https:\/\/mwb.com.pl\/mwb2017\/wp-json\/wp\/v2\/users\/1"}],"replies":[{"embeddable":true,"href":"https:\/\/mwb.com.pl\/mwb2017\/wp-json\/wp\/v2\/comments?post=1038"}],"version-history":[{"count":10,"href":"https:\/\/mwb.com.pl\/mwb2017\/wp-json\/wp\/v2\/pages\/1038\/revisions"}],"predecessor-version":[{"id":14844,"href":"https:\/\/mwb.com.pl\/mwb2017\/wp-json\/wp\/v2\/pages\/1038\/revisions\/14844"}],"wp:attachment":[{"href":"https:\/\/mwb.com.pl\/mwb2017\/wp-json\/wp\/v2\/media?parent=1038"}],"curies":[{"name":"wp","href":"https:\/\/api.w.org\/{rel}","templated":true}]}}