{"id":10,"date":"2024-07-17T13:02:34","date_gmt":"2024-07-17T11:02:34","guid":{"rendered":"http:\/\/mwb.com.pl\/mwb2017\/?page_id=10"},"modified":"2024-10-07T13:41:23","modified_gmt":"2024-10-07T11:41:23","slug":"bilety","status":"publish","type":"page","link":"https:\/\/mwb.com.pl\/mwb2017\/bilety\/","title":{"rendered":"Bilety"},"content":{"rendered":"<div style=\"text-align: right;\"><a href=\"https:\/\/mwb.com.pl\/mwb2017\/wp-content\/uploads\/jezyk_prosty\/cennik_prosty.pdf\" target=\"_blank\" rel=\"noopener noreferrer\"><img decoding=\"async\" src=\"https:\/\/mwb.com.pl\/mwb2017\/wp-content\/uploads\/jezyk_prosty\/baner_jezyk_prosty2.jpg\" alt=\"tekst \u0142atwy do czytania i rozumienia\" width=\"60px\"><\/a><\/div>\n<p><strong>CENNIK BILET\u00d3W<\/strong><\/p>\n<p>Bilety indywidualne w siedzibie g\u0142\u00f3wnej przy ulicy Jana Kili\u0144skiego 7:<br \/>\n&#8211; normalny 12 z\u0142<br \/>\n&#8211; ulgowy* 7 z\u0142<\/p>\n<p>Bilety indywidualne w Parku Militarnym przy ulicy W\u0119glowej 3 (b\u0119dzie otwarty w maju 2025 r.):<br \/>\n&#8211; normalny 7 z\u0142<br \/>\n&#8211; ulgowy* 5 z\u0142<\/p>\n<p>Bilety grupowe:<br \/>\n&#8211; od 4 do 9 os\u00f3b \u2013 7 z\u0142\/osoba<br \/>\n&#8211; powy\u017cej 10 os\u00f3b \u2013 6 z\u0142\/osoba<\/p>\n<p>Warsztaty edukacyjne w ofercie na rok szkolny 2024\/25 &#8211; 10 z\u0142 \/osoba<\/p>\n<p>Oprowadzanie w j\u0119zyku polskim &#8211; 25 z\u0142<br \/>\nOprowadzanie w j\u0119zyku obcym (angielskim, rosyjskim) &#8211; 35 z\u0142<\/p>\n<p>Zni\u017cki:<br \/>\nPosiadacze Bia\u0142ostockiej Karty Du\u017cej Rodziny oraz Karty Du\u017cej Rodziny:<br \/>\n&#8211; 50 % zni\u017cki na bilety wst\u0119pu<\/p>\n<p>Zni\u017cka dla posiadaczy Karty Du\u017cej Rodziny nie \u0142\u0105czy si\u0119 ze zni\u017ck\u0105 w ramach bilet\u00f3w grupowych dla instytucji.<\/p>\n<p>Posiadacze Karty Aktywnego Seniora<br \/>\n&#8211; 50 % zni\u017cki na bilety wst\u0119pu<br \/>\nWszystkie bilety upowa\u017cniaj\u0105 do zwiedzania wystaw sta\u0142ych oraz czasowych.<\/p>\n<p>We wtorki w siedzibie g\u0142\u00f3wnej przy ulicy Jana Kili\u0144skiego 7 i od maja 2025 r. w soboty w Parku Militarnym przy ulicy W\u0119glowej 3 &#8211; <strong>wst\u0119p wolny<\/strong>.<\/p>\n<p><em><br \/>\n*Bilet ulgowy przys\u0142uguje, zgodnie z art. 10 ust. 3a ustawy z dnia 21 listopada 1996 o muzeach (t.j. Dz. U.z 2022 r. poz. 385), za okazaniem stosownych dokument\u00f3w, w szczeg\u00f3lno\u015bci:<\/em><br \/>\n<em>\u2013 m\u0142odzie\u017cy szkolnej i akademickiej do 26 roku \u017cycia,<\/em><br \/>\n<em>\u2013 funkcjonariuszom Policji Pa\u0144stwowej i Stra\u017cy Granicznej,<\/em><br \/>\n<em>\u2013 emerytom i rencistom,<\/em><br \/>\n<em>\u2013 osobom niepe\u0142nosprawnym i ich opiekunom (pod warunkiem sprawowania opieki nad osob\u0105 niepe\u0142nosprawn\u0105 podczas jej wizyty w Muzeum),<\/em><br \/>\n<em>\u2013 posiadaczom Honorowej Odznaki Sybiraka, odznaki Za opiek\u0119 nad Zabytkami, odznaki honorowej Zas\u0142u\u017cony Dzia\u0142acz Kultury i Zas\u0142u\u017cony Dla Kultury Narodowej,<\/em><br \/>\n<em>\u2013 osobom powy\u017cej 65 roku \u017cycia,<\/em><br \/>\n<em>\u2013 nauczycielom.<\/em><\/p>\n<p><em>Wst\u0119p wolny przys\u0142uguje, zgodnie z art. 10 ust. 3a ustawy z dnia 21 listopada 1996 o muzeach (t.j. Dz. U.z 2022 r. poz. 385), w szczeg\u00f3lno\u015bci:<\/em><br \/>\n<em>\u2013 osobom odznaczonym Orderem Or\u0142a Bia\u0142ego, Virtuti Militari, Orderem Krzy\u017ca Wojskowego, Orderem Zas\u0142ugi RP, medalem Zas\u0142u\u017cony Kulturze Gloria Artis oraz laureatom Nagrody Artystycznej Prezydenta Miasta Bia\u0142egostoku,<\/em><br \/>\n<em>&#8211; kombatantom i weteranom misji poza granicami kraju,<\/em><br \/>\n<em>&#8211; \u017co\u0142nierzom w s\u0142u\u017cbie czynnej,<\/em><br \/>\n<em>\u2013 posiadaczom odznaki Zas\u0142u\u017cony dla Kultury Polskiej oraz Krzy\u017ca Zes\u0142a\u0144c\u00f3w Sybiru,<\/em><br \/>\n<em>\u2013 pracownikom muze\u00f3w,<\/em><br \/>\n<em>\u2013 opiekunom grup zorganizowanych (tj. posiadaj\u0105cych bilet grupowy),<\/em><br \/>\n<em>\u2013 dzieciom do lat 7 (z wyj\u0105tkiem grup zorganizowanych powy\u017cej 10 os\u00f3b),<\/em><br \/>\n<em>\u2013 osobom posiadaj\u0105cym Kart\u0119 Polaka,<\/em><br \/>\n<em>\u2013 cz\u0142onkom ICOM i ICOMOS,<\/em><\/p>\n","protected":false},"excerpt":{"rendered":"<p>CENNIK BILET\u00d3W Bilety indywidualne w siedzibie g\u0142\u00f3wnej przy ulicy Jana Kili\u0144skiego 7: &#8211; normalny 12 z\u0142 &#8211; ulgowy* 7 z\u0142 Bilety indywidualne w Parku Militarnym przy ulicy W\u0119glowej 3 (b\u0119dzie otwarty w maju 2025 r.): &#8211; normalny 7 z\u0142 &#8211; ulgowy* 5 z\u0142 Bilety grupowe: &#8211; od 4 do 9 os\u00f3b \u2013 7 z\u0142\/osoba &#8211; [&hellip;]<\/p>\n","protected":false},"author":2,"featured_media":0,"parent":0,"menu_order":0,"comment_status":"closed","ping_status":"closed","template":"","meta":{"ngg_post_thumbnail":0,"h5ap_radio_sources":[],"_vp_format_video_url":"","_vp_image_focal_point":[],"footnotes":""},"class_list":["post-10","page","type-page","status-publish","hentry"],"_links":{"self":[{"href":"https:\/\/mwb.com.pl\/mwb2017\/wp-json\/wp\/v2\/pages\/10","targetHints":{"allow":["GET"]}}],"collection":[{"href":"https:\/\/mwb.com.pl\/mwb2017\/wp-json\/wp\/v2\/pages"}],"about":[{"href":"https:\/\/mwb.com.pl\/mwb2017\/wp-json\/wp\/v2\/types\/page"}],"author":[{"embeddable":true,"href":"https:\/\/mwb.com.pl\/mwb2017\/wp-json\/wp\/v2\/users\/2"}],"replies":[{"embeddable":true,"href":"https:\/\/mwb.com.pl\/mwb2017\/wp-json\/wp\/v2\/comments?post=10"}],"version-history":[{"count":33,"href":"https:\/\/mwb.com.pl\/mwb2017\/wp-json\/wp\/v2\/pages\/10\/revisions"}],"predecessor-version":[{"id":13535,"href":"https:\/\/mwb.com.pl\/mwb2017\/wp-json\/wp\/v2\/pages\/10\/revisions\/13535"}],"wp:attachment":[{"href":"https:\/\/mwb.com.pl\/mwb2017\/wp-json\/wp\/v2\/media?parent=10"}],"curies":[{"name":"wp","href":"https:\/\/api.w.org\/{rel}","templated":true}]}}