{"id":8,"date":"2020-01-05T10:53:09","date_gmt":"2020-01-05T09:53:09","guid":{"rendered":"https:\/\/mwb.com.pl\/konferencjaSMP\/?page_id=8"},"modified":"2022-02-24T11:36:03","modified_gmt":"2022-02-24T10:36:03","slug":"konferencja","status":"publish","type":"page","link":"https:\/\/mwb.com.pl\/konferencjaSMP\/","title":{"rendered":"Konferencja"},"content":{"rendered":"<p>&nbsp;<\/p>\n<h6 style=\"text-align: center;\">ZAPROSZENIE DO UDZIA\u0141U<\/h6>\n<h5 style=\"text-align: center;\">W II DOROCZNEJ KONFERENCJI MUZEALNEJ<br \/>\nSTOWARZYSZENIA MUZEALNIK\u00d3W POLSKICH<\/h5>\n<h5 style=\"text-align: center;\"><strong>&#8222;TRUDNE DZIEDZICTWO&#8221;<\/strong><\/h5>\n<p><\/p>\n<h4 style=\"text-align: center;\">\n<p style=\"color:#c66b2d\">SZANOWNI PA\u0143STWO,<\/p>\n<p>Uprzejmie informujemy, \u017ce II Doroczna Konferencja Muzealna odb\u0119dzie si\u0119 bez zmian w&nbsp;wyznaczonym terminie 11-13 marca 2020 r. <\/h4>\n<p><\/p>\n<h4 style=\"text-align: center;\">\n<p style=\"color:#c66b2d\">UWAGA<\/p>\n<\/h4>\n<p>W zwi\u0105zku z opublikowan\u0105 instrukcj\u0105 Ministerstwa Zdrowia w sprawie rozprzestrzeniania si\u0119 epidemii koronawirusa organizatorzy II Dorocznej Konferencji Muzealnej Stowarzyszenia Muzealnik\u00f3w Polskich, jaka odbywa si\u0119 w Bia\u0142ymstoku w dniach 11-13 marca 2020 r., prosz\u0105 wszystkich jej uczestnik\u00f3w o zastosowanie si\u0119 do poni\u017cszych zalece\u0144:<br \/>\n1.\tNale\u017cy cz\u0119sto my\u0107 r\u0119ce u\u017cywaj\u0105c do tego myd\u0142a i wody oraz p\u0142yn\u00f3w lub \u017celi powsta\u0142ych na bazie alkoholu (min. 60%).<br \/>\n2.\tPodczas kaszlu i kichania nale\u017cy zakry\u0107 usta i nos zgi\u0119tym \u0142okciem lub chusteczk\u0105, a nast\u0119pnie wyrzuci\u0107 chusteczk\u0119 do zamkni\u0119tego kosza i umy\u0107 r\u0119ce u\u017cywaj\u0105c myd\u0142a i wody, a je\u015bli nie mamy do nich dost\u0119pu \u2013 p\u0142yn\u00f3w\/\u017celi na bazie alkoholu (min. 60%).<br \/>\n3.\tNale\u017cy zachowa\u0107 co najmniej 1 metr odleg\u0142o\u015bci mi\u0119dzy sob\u0105 a innymi lud\u017ami, szczeg\u00f3lnie tymi, kt\u00f3rzy kaszl\u0105, kichaj\u0105 i maj\u0105 gor\u0105czk\u0119.<br \/>\n4.\tNale\u017cy unika\u0107 dotykania oczu, nosa i ust.<br \/>\n5.\tJe\u015bli masz gor\u0105czk\u0119, kaszel oraz trudno\u015bci w oddychaniu, zasi\u0119gnij natychmiast pomocy medycznej.<br \/>\nProsimy uprzejmie o dostosowanie si\u0119 do powy\u017cszych zalece\u0144 Ministerstwa Zdrowia.<\/p>\n<h4 style=\"text-align: center;\">\n<p style=\"color:#c66b2d\">O KONFERENCJI<\/p>\n<\/h4>\n<p>Trudne dziedzictwo \u2013 to wielokrotnie spotykane zjawisko w \u015bwiecie kultury. Najbardziej mo\u017cna je odczu\u0107 z perspektywy muzealnej. Buduj\u0105c kolekcj\u0119, tworz\u0105c scenariusze wystaw, muzealnik powinien kierowa\u0107 si\u0119 dystansem i stara\u0107 si\u0119 osi\u0105gn\u0105\u0107 jak najwy\u017cszy poziom obiektywizmu. Cz\u0119sto jednak ten proces utrudniaj\u0105 same artefakty czy emocje spo\u0142eczne. Nie\u0142atwo jest bowiem oderwa\u0107 si\u0119 od tocz\u0105cych si\u0119 spor\u00f3w natury politycznej, moralnej czy historycznej. Muzealnik jednak ma t\u0119 przewag\u0119 nad innymi uczestnikami publicznej dyskusji, \u017ce gromadzi, zbiera materialn\u0105 tkank\u0119 r\u00f3\u017cnych zjawisk i proces\u00f3w spo\u0142ecznych, artystycznych czy cywilizacyjnych. Na podstawie zgromadzonych kolekcji muzealnik ma r\u00f3wnie trudn\u0105 misj\u0119 poddawania pod publiczny os\u0105d swojej narracji. Wielokrotnie rodz\u0105 si\u0119 wi\u0119c spory dotycz\u0105ce historii r\u00f3\u017cnych epok, cho\u0107 najdotkliwiej odczuwane s\u0105 w perspektywie XX wieku.<\/p>\n<p>Konferencja muzealna \u201eTrudne dziedzictwo\u201d ma do spe\u0142nienia dwa g\u0142\u00f3wne cele. Pierwszym b\u0119dzie zdiagnozowanie stanu rzeczy. Por\u00f3wnanie wyst\u0119powania skali zjawiska, kt\u00f3re sam muzealnik nazwie \u201etrudnym\u201d. Drugim celem, bardziej uniwersalnym, powinna by\u0107 pr\u00f3ba wypracowania standard\u00f3w okre\u015blaj\u0105cych rol\u0119 kolekcji i muzealnik\u00f3w w edukacji i tocz\u0105cej si\u0119 publicznej dyskusji.<\/p>\n<p>Pos\u0142uguj\u0105c si\u0119 tak rozumianym kontekstem has\u0142a \u201etrudne dziedzictwo\u201d zapraszamy do przemy\u015ble\u0144 i dyskusji. Powinny one odwo\u0142ywa\u0107 si\u0119 do posiadanych kolekcji, przyk\u0142ad\u00f3w wystaw muzealnych, w\u0142asnych do\u015bwiadcze\u0144 zawodowych, a tak\u017ce przedstawia\u0107 problemy oraz wytycza\u0107 dalsze perspektywy. Liczymy, \u017ce refleksje, kt\u00f3re si\u0119 zrodz\u0105 w trakcie przygotowywania, a p\u00f3\u017aniej podczas konferencji, pozwol\u0105 na podzielenie si\u0119 do\u015bwiadczeniami z szerokim forum. Pomog\u0105 w radzeniu sobie z \u201etrudnym dziedzictwem\u201d w praktyce, dadz\u0105 podstawy do zdefiniowania i zastosowania w praktyce zagadnienia \u201eTrudne dziedzictwo\u201d.<\/p>\n<p>Zapraszamy wi\u0119c w dniach 11-13 marca 2020 r. do Bia\u0142egostoku i podzielenia si\u0119 z nami swoimi do\u015bwiadczeniami, przemy\u015bleniami oraz posiadan\u0105 wiedz\u0105 w trzech wybranych dla siebie sesjach tematycznych: I \u2013 \u201eTrudne dziedzictwo \u2013 pr\u00f3ba diagnozy\u201d, II \u2013 \u201eZbiory muzealne a trudne dziedzictwo\u201d, III &#8211; \u201eSposoby narracji i edukacji muzealnej w prezentacji trudnego dziedzictwa\u201d.<\/p>\n<p><strong>Miejsce obrad:<\/strong> Hotel Go\u0142\u0119biewski, u. Pa\u0142acowa 7, 15-064 Bia\u0142ystok.<\/p>\n<p><strong>Termin obrad:<\/strong> 11-13 marca 2020 r.<\/p>\n<p><strong>J\u0119zyk obrad:<\/strong> polski.<\/p>\n","protected":false},"excerpt":{"rendered":"<p>&nbsp; ZAPROSZENIE DO UDZIA\u0141U W II DOROCZNEJ KONFERENCJI MUZEALNEJ STOWARZYSZENIA MUZEALNIK\u00d3W POLSKICH &#8222;TRUDNE DZIEDZICTWO&#8221; SZANOWNI PA\u0143STWO, Uprzejmie informujemy, \u017ce II Doroczna Konferencja Muzealna odb\u0119dzie si\u0119 bez zmian w&nbsp;wyznaczonym terminie 11-13 marca 2020 r. UWAGA W zwi\u0105zku z opublikowan\u0105 instrukcj\u0105 Ministerstwa Zdrowia w sprawie rozprzestrzeniania si\u0119 epidemii koronawirusa organizatorzy II Dorocznej Konferencji Muzealnej Stowarzyszenia Muzealnik\u00f3w Polskich, [&hellip;]<\/p>\n","protected":false},"author":1,"featured_media":0,"parent":0,"menu_order":0,"comment_status":"closed","ping_status":"closed","template":"page-templates\/page_front-page.php","meta":{"footnotes":""},"class_list":["post-8","page","type-page","status-publish","hentry"],"_links":{"self":[{"href":"https:\/\/mwb.com.pl\/konferencjaSMP\/wp-json\/wp\/v2\/pages\/8","targetHints":{"allow":["GET"]}}],"collection":[{"href":"https:\/\/mwb.com.pl\/konferencjaSMP\/wp-json\/wp\/v2\/pages"}],"about":[{"href":"https:\/\/mwb.com.pl\/konferencjaSMP\/wp-json\/wp\/v2\/types\/page"}],"author":[{"embeddable":true,"href":"https:\/\/mwb.com.pl\/konferencjaSMP\/wp-json\/wp\/v2\/users\/1"}],"replies":[{"embeddable":true,"href":"https:\/\/mwb.com.pl\/konferencjaSMP\/wp-json\/wp\/v2\/comments?post=8"}],"version-history":[{"count":29,"href":"https:\/\/mwb.com.pl\/konferencjaSMP\/wp-json\/wp\/v2\/pages\/8\/revisions"}],"predecessor-version":[{"id":193,"href":"https:\/\/mwb.com.pl\/konferencjaSMP\/wp-json\/wp\/v2\/pages\/8\/revisions\/193"}],"wp:attachment":[{"href":"https:\/\/mwb.com.pl\/konferencjaSMP\/wp-json\/wp\/v2\/media?parent=8"}],"curies":[{"name":"wp","href":"https:\/\/api.w.org\/{rel}","templated":true}]}}