{"id":161,"date":"2020-02-17T09:45:22","date_gmt":"2020-02-17T08:45:22","guid":{"rendered":"https:\/\/mwb.com.pl\/konferencjaSMP\/?page_id=161"},"modified":"2020-02-17T10:05:08","modified_gmt":"2020-02-17T09:05:08","slug":"miejsce-obrad","status":"publish","type":"page","link":"https:\/\/mwb.com.pl\/konferencjaSMP\/miejsce-obrad\/","title":{"rendered":"Miejsce obrad"},"content":{"rendered":"<h5><\/h5>\n<h5 style=\"text-align: center;\">MIEJSCE OBRAD<\/h5>\n<p style=\"text-align: center;\">Sala Kongresowa Hotelu Go\u0142\u0119biewski<\/p>\n<p style=\"text-align: center;\">ul. Pa\u0142acowa 7, 15-064 Bia\u0142ystok<\/p>\n<p style=\"text-align: center;\"><a href=\"https:\/\/mwb.com.pl\/konferencjaSMP\/wp-content\/uploads\/informator.pdf\">Informator do pobrania w formacie pdf<\/a><\/p>\n<p><a href=\"https:\/\/mwb.com.pl\/konferencjaSMP\/wp-content\/uploads\/informator.pdf\"><img decoding=\"async\" class=\"aligncenter\" src=\"https:\/\/mwb.com.pl\/konferencjaSMP\/wp-content\/uploads\/informator_str1.jpg\" alt=\"informator\" \/><\/a><\/p>\n","protected":false},"excerpt":{"rendered":"<p>MIEJSCE OBRAD Sala Kongresowa Hotelu Go\u0142\u0119biewski ul. Pa\u0142acowa 7, 15-064 Bia\u0142ystok Informator do pobrania w formacie pdf<\/p>\n","protected":false},"author":1,"featured_media":0,"parent":0,"menu_order":0,"comment_status":"closed","ping_status":"closed","template":"page-templates\/page_front-page.php","meta":{"footnotes":""},"class_list":["post-161","page","type-page","status-publish","hentry"],"_links":{"self":[{"href":"https:\/\/mwb.com.pl\/konferencjaSMP\/wp-json\/wp\/v2\/pages\/161","targetHints":{"allow":["GET"]}}],"collection":[{"href":"https:\/\/mwb.com.pl\/konferencjaSMP\/wp-json\/wp\/v2\/pages"}],"about":[{"href":"https:\/\/mwb.com.pl\/konferencjaSMP\/wp-json\/wp\/v2\/types\/page"}],"author":[{"embeddable":true,"href":"https:\/\/mwb.com.pl\/konferencjaSMP\/wp-json\/wp\/v2\/users\/1"}],"replies":[{"embeddable":true,"href":"https:\/\/mwb.com.pl\/konferencjaSMP\/wp-json\/wp\/v2\/comments?post=161"}],"version-history":[{"count":9,"href":"https:\/\/mwb.com.pl\/konferencjaSMP\/wp-json\/wp\/v2\/pages\/161\/revisions"}],"predecessor-version":[{"id":171,"href":"https:\/\/mwb.com.pl\/konferencjaSMP\/wp-json\/wp\/v2\/pages\/161\/revisions\/171"}],"wp:attachment":[{"href":"https:\/\/mwb.com.pl\/konferencjaSMP\/wp-json\/wp\/v2\/media?parent=161"}],"curies":[{"name":"wp","href":"https:\/\/api.w.org\/{rel}","templated":true}]}}