{"id":14,"date":"2020-01-05T11:08:58","date_gmt":"2020-01-05T10:08:58","guid":{"rendered":"https:\/\/mwb.com.pl\/konferencjaSMP\/?page_id=14"},"modified":"2020-01-21T18:13:18","modified_gmt":"2020-01-21T17:13:18","slug":"kontakt","status":"publish","type":"page","link":"https:\/\/mwb.com.pl\/konferencjaSMP\/kontakt\/","title":{"rendered":"Kontakt"},"content":{"rendered":"<h5><\/h5>\n<h5 style=\"text-align: center;\">KONTAKT<\/h5>\n<p>W razie w\u0105tpliwo\u015bci b\u0105d\u017a pyta\u0144 prosimy o kontakt z sekretarzami konferencji:<br \/>\n<strong>Marek Gajewski<\/strong> &#8211; mgajewski@mwb.com.pl tel. 505 134 020<br \/>\n<strong>Magdalena Muska\u0142a<\/strong> \u2013 magdalena.muskala@umb.edu.pl tel. 608 893 763<\/p>\n","protected":false},"excerpt":{"rendered":"<p>KONTAKT W razie w\u0105tpliwo\u015bci b\u0105d\u017a pyta\u0144 prosimy o kontakt z sekretarzami konferencji: Marek Gajewski &#8211; mgajewski@mwb.com.pl tel. 505 134 020 Magdalena Muska\u0142a \u2013 magdalena.muskala@umb.edu.pl tel. 608 893 763<\/p>\n","protected":false},"author":1,"featured_media":0,"parent":0,"menu_order":0,"comment_status":"closed","ping_status":"closed","template":"page-templates\/page_front-page.php","meta":{"footnotes":""},"class_list":["post-14","page","type-page","status-publish","hentry"],"_links":{"self":[{"href":"https:\/\/mwb.com.pl\/konferencjaSMP\/wp-json\/wp\/v2\/pages\/14","targetHints":{"allow":["GET"]}}],"collection":[{"href":"https:\/\/mwb.com.pl\/konferencjaSMP\/wp-json\/wp\/v2\/pages"}],"about":[{"href":"https:\/\/mwb.com.pl\/konferencjaSMP\/wp-json\/wp\/v2\/types\/page"}],"author":[{"embeddable":true,"href":"https:\/\/mwb.com.pl\/konferencjaSMP\/wp-json\/wp\/v2\/users\/1"}],"replies":[{"embeddable":true,"href":"https:\/\/mwb.com.pl\/konferencjaSMP\/wp-json\/wp\/v2\/comments?post=14"}],"version-history":[{"count":4,"href":"https:\/\/mwb.com.pl\/konferencjaSMP\/wp-json\/wp\/v2\/pages\/14\/revisions"}],"predecessor-version":[{"id":143,"href":"https:\/\/mwb.com.pl\/konferencjaSMP\/wp-json\/wp\/v2\/pages\/14\/revisions\/143"}],"wp:attachment":[{"href":"https:\/\/mwb.com.pl\/konferencjaSMP\/wp-json\/wp\/v2\/media?parent=14"}],"curies":[{"name":"wp","href":"https:\/\/api.w.org\/{rel}","templated":true}]}}