{"id":10,"date":"2020-01-05T10:53:46","date_gmt":"2020-01-05T09:53:46","guid":{"rendered":"https:\/\/mwb.com.pl\/konferencjaSMP\/?page_id=10"},"modified":"2020-02-17T12:38:44","modified_gmt":"2020-02-17T11:38:44","slug":"agenda","status":"publish","type":"page","link":"https:\/\/mwb.com.pl\/konferencjaSMP\/agenda\/","title":{"rendered":"Program"},"content":{"rendered":"<h5><\/h5>\n<h5 style=\"text-align: center;\">PROGRAM<\/h5>\n<p>Szczeg\u00f3\u0142owy program konferencji &#8211; do pobrania:<\/p>\n<p>&#8211; <a href=\"https:\/\/mwb.com.pl\/konferencjaSMP\/wp-content\/uploads\/PROGRAM.pdf\" target=\"_blank\" rel=\"noopener noreferrer\">w formacie pdf<\/a><\/p>\n<p>&#8211; <a href=\"https:\/\/mwb.com.pl\/konferencjaSMP\/wp-content\/uploads\/PROGRAM.docx\" target=\"_blank\" rel=\"noopener noreferrer\">w formacie docx<\/a><\/p>\n<p>Ca\u0142o\u015b\u0107 materia\u0142\u00f3w z konferencji zostanie opublikowana w formie monografii ksi\u0105\u017ckowej.<\/p>\n<p>W trakcie konferencji przewidziane s\u0105 dwie uroczyste kolacje oraz wyjazdy studyjne do Tykocina, Supra\u015bla i Kruszynian oraz do Suwa\u0142k i Wigier (do indywidualnego wyboru przez uczestnika konferencji).<\/p>\n","protected":false},"excerpt":{"rendered":"<p>PROGRAM Szczeg\u00f3\u0142owy program konferencji &#8211; do pobrania: &#8211; w formacie pdf &#8211; w formacie docx Ca\u0142o\u015b\u0107 materia\u0142\u00f3w z konferencji zostanie opublikowana w formie monografii ksi\u0105\u017ckowej. W trakcie konferencji przewidziane s\u0105 dwie uroczyste kolacje oraz wyjazdy studyjne do Tykocina, Supra\u015bla i Kruszynian oraz do Suwa\u0142k i Wigier (do indywidualnego wyboru przez uczestnika konferencji).<\/p>\n","protected":false},"author":1,"featured_media":0,"parent":0,"menu_order":0,"comment_status":"closed","ping_status":"closed","template":"page-templates\/page_front-page.php","meta":{"footnotes":""},"class_list":["post-10","page","type-page","status-publish","hentry"],"_links":{"self":[{"href":"https:\/\/mwb.com.pl\/konferencjaSMP\/wp-json\/wp\/v2\/pages\/10","targetHints":{"allow":["GET"]}}],"collection":[{"href":"https:\/\/mwb.com.pl\/konferencjaSMP\/wp-json\/wp\/v2\/pages"}],"about":[{"href":"https:\/\/mwb.com.pl\/konferencjaSMP\/wp-json\/wp\/v2\/types\/page"}],"author":[{"embeddable":true,"href":"https:\/\/mwb.com.pl\/konferencjaSMP\/wp-json\/wp\/v2\/users\/1"}],"replies":[{"embeddable":true,"href":"https:\/\/mwb.com.pl\/konferencjaSMP\/wp-json\/wp\/v2\/comments?post=10"}],"version-history":[{"count":11,"href":"https:\/\/mwb.com.pl\/konferencjaSMP\/wp-json\/wp\/v2\/pages\/10\/revisions"}],"predecessor-version":[{"id":173,"href":"https:\/\/mwb.com.pl\/konferencjaSMP\/wp-json\/wp\/v2\/pages\/10\/revisions\/173"}],"wp:attachment":[{"href":"https:\/\/mwb.com.pl\/konferencjaSMP\/wp-json\/wp\/v2\/media?parent=10"}],"curies":[{"name":"wp","href":"https:\/\/api.w.org\/{rel}","templated":true}]}}