{"id":9,"date":"2021-06-21T12:49:16","date_gmt":"2021-06-21T10:49:16","guid":{"rendered":"https:\/\/mwb.com.pl\/garnizon\/?page_id=9"},"modified":"2021-11-15T09:17:08","modified_gmt":"2021-11-15T08:17:08","slug":"o-projekcie","status":"publish","type":"page","link":"https:\/\/mwb.com.pl\/garnizon\/","title":{"rendered":"O projekcie"},"content":{"rendered":"\t\t<div data-elementor-type=\"wp-page\" data-elementor-id=\"9\" class=\"elementor elementor-9\">\n\t\t\t\t\t\t<section class=\"elementor-section elementor-top-section elementor-element elementor-element-3232337 elementor-hidden-tablet elementor-hidden-phone elementor-section-boxed elementor-section-height-default elementor-section-height-default\" data-id=\"3232337\" data-element_type=\"section\" data-e-type=\"section\">\n\t\t\t\t\t\t<div class=\"elementor-container elementor-column-gap-default\">\n\t\t\t\t\t<div class=\"elementor-column elementor-col-100 elementor-top-column elementor-element elementor-element-18e53c9\" data-id=\"18e53c9\" data-element_type=\"column\" data-e-type=\"column\">\n\t\t\t<div class=\"elementor-widget-wrap elementor-element-populated\">\n\t\t\t\t\t\t<section class=\"elementor-section elementor-inner-section elementor-element elementor-element-f2baa13 elementor-section-boxed elementor-section-height-default elementor-section-height-default\" data-id=\"f2baa13\" data-element_type=\"section\" data-e-type=\"section\" data-settings=\"{&quot;background_background&quot;:&quot;classic&quot;}\">\n\t\t\t\t\t\t<div class=\"elementor-container elementor-column-gap-default\">\n\t\t\t\t\t<div class=\"elementor-column elementor-col-50 elementor-inner-column elementor-element elementor-element-f6c01b6\" data-id=\"f6c01b6\" data-element_type=\"column\" data-e-type=\"column\">\n\t\t\t<div class=\"elementor-widget-wrap elementor-element-populated\">\n\t\t\t\t\t\t<div class=\"elementor-element elementor-element-1efa58d elementor-widget elementor-widget-image\" data-id=\"1efa58d\" data-element_type=\"widget\" data-e-type=\"widget\" data-widget_type=\"image.default\">\n\t\t\t\t<div class=\"elementor-widget-container\">\n\t\t\t\t\t\t\t\t\t\t\t\t\t\t\t\t<a href=\"https:\/\/mwb.com.pl\/garnizon\/warsztaty\/\">\n\t\t\t\t\t\t\t<img decoding=\"async\" src=\"https:\/\/mwb.com.pl\/garnizon\/wp-content\/uploads\/elementor\/thumbs\/Grupa-1@2x-pa1pcwi5gznazt66sg0vsy0ishxv20ft535m1evq6y.jpg\" title=\"dowiedz si\u0119 wi\u0119cej\" alt=\"dowiedz si\u0119 wi\u0119cej\" loading=\"lazy\" \/>\t\t\t\t\t\t\t\t<\/a>\n\t\t\t\t\t\t\t\t\t\t\t\t\t\t\t<\/div>\n\t\t\t\t<\/div>\n\t\t\t\t\t<\/div>\n\t\t<\/div>\n\t\t\t\t<div class=\"elementor-column elementor-col-50 elementor-inner-column elementor-element elementor-element-6150ca4\" data-id=\"6150ca4\" data-element_type=\"column\" data-e-type=\"column\">\n\t\t\t<div class=\"elementor-widget-wrap\">\n\t\t\t\t\t\t\t<\/div>\n\t\t<\/div>\n\t\t\t\t\t<\/div>\n\t\t<\/section>\n\t\t\t\t\t<\/div>\n\t\t<\/div>\n\t\t\t\t\t<\/div>\n\t\t<\/section>\n\t\t\t\t<section class=\"elementor-section elementor-top-section elementor-element elementor-element-1fbfb9c elementor-section-boxed elementor-section-height-default elementor-section-height-default\" data-id=\"1fbfb9c\" data-element_type=\"section\" data-e-type=\"section\">\n\t\t\t\t\t\t<div class=\"elementor-container elementor-column-gap-default\">\n\t\t\t\t\t<div class=\"elementor-column elementor-col-100 elementor-top-column elementor-element elementor-element-145ab6a\" data-id=\"145ab6a\" data-element_type=\"column\" data-e-type=\"column\">\n\t\t\t<div class=\"elementor-widget-wrap elementor-element-populated\">\n\t\t\t\t\t\t<div class=\"elementor-element elementor-element-096f8fb elementor-hidden-desktop elementor-widget elementor-widget-image\" data-id=\"096f8fb\" data-element_type=\"widget\" data-e-type=\"widget\" data-widget_type=\"image.default\">\n\t\t\t\t<div class=\"elementor-widget-container\">\n\t\t\t\t\t\t\t\t\t\t\t\t\t\t\t\t<a href=\"https:\/\/mwb.com.pl\/garnizon\/warsztaty\/\">\n\t\t\t\t\t\t\t<img fetchpriority=\"high\" decoding=\"async\" width=\"1038\" height=\"476\" src=\"https:\/\/mwb.com.pl\/garnizon\/wp-content\/uploads\/2021\/07\/Grupa-1@2x.jpg\" class=\"attachment-full size-full wp-image-437\" alt=\"dowiedz si\u0119 wi\u0119cej\" srcset=\"https:\/\/mwb.com.pl\/garnizon\/wp-content\/uploads\/2021\/07\/Grupa-1@2x.jpg 1038w, https:\/\/mwb.com.pl\/garnizon\/wp-content\/uploads\/2021\/07\/Grupa-1@2x-300x138.jpg 300w, https:\/\/mwb.com.pl\/garnizon\/wp-content\/uploads\/2021\/07\/Grupa-1@2x-1024x470.jpg 1024w, https:\/\/mwb.com.pl\/garnizon\/wp-content\/uploads\/2021\/07\/Grupa-1@2x-768x352.jpg 768w, https:\/\/mwb.com.pl\/garnizon\/wp-content\/uploads\/2021\/07\/Grupa-1@2x-830x381.jpg 830w, https:\/\/mwb.com.pl\/garnizon\/wp-content\/uploads\/2021\/07\/Grupa-1@2x-230x105.jpg 230w, https:\/\/mwb.com.pl\/garnizon\/wp-content\/uploads\/2021\/07\/Grupa-1@2x-350x161.jpg 350w, https:\/\/mwb.com.pl\/garnizon\/wp-content\/uploads\/2021\/07\/Grupa-1@2x-480x220.jpg 480w\" sizes=\"(max-width: 1038px) 100vw, 1038px\" \/>\t\t\t\t\t\t\t\t<\/a>\n\t\t\t\t\t\t\t\t\t\t\t\t\t\t\t<\/div>\n\t\t\t\t<\/div>\n\t\t\t\t\t<\/div>\n\t\t<\/div>\n\t\t\t\t\t<\/div>\n\t\t<\/section>\n\t\t\t\t<section class=\"elementor-section elementor-top-section elementor-element elementor-element-bc0af73 elementor-section-boxed elementor-section-height-default elementor-section-height-default\" data-id=\"bc0af73\" data-element_type=\"section\" data-e-type=\"section\">\n\t\t\t\t\t\t<div class=\"elementor-container elementor-column-gap-default\">\n\t\t\t\t\t<div class=\"elementor-column elementor-col-100 elementor-top-column elementor-element elementor-element-ed53d74\" data-id=\"ed53d74\" data-element_type=\"column\" data-e-type=\"column\">\n\t\t\t<div class=\"elementor-widget-wrap elementor-element-populated\">\n\t\t\t\t\t\t<div class=\"elementor-element elementor-element-9242b89 elementor-widget elementor-widget-spacer\" data-id=\"9242b89\" data-element_type=\"widget\" data-e-type=\"widget\" data-widget_type=\"spacer.default\">\n\t\t\t\t<div class=\"elementor-widget-container\">\n\t\t\t\t\t\t\t<div class=\"elementor-spacer\">\n\t\t\t<div class=\"elementor-spacer-inner\"><\/div>\n\t\t<\/div>\n\t\t\t\t\t\t<\/div>\n\t\t\t\t<\/div>\n\t\t\t\t<div class=\"elementor-element elementor-element-f79ccea elementor-widget elementor-widget-image\" data-id=\"f79ccea\" data-element_type=\"widget\" data-e-type=\"widget\" data-widget_type=\"image.default\">\n\t\t\t\t<div class=\"elementor-widget-container\">\n\t\t\t\t\t\t\t\t\t\t\t\t\t\t\t<img decoding=\"async\" src=\"https:\/\/mwb.com.pl\/garnizon\/wp-content\/uploads\/elementor\/thumbs\/flaga_godlo-pcgrfaxcc4hfd0j2urzo03fysgz14qffnx6xxs1vqg.png\" title=\"flaga_godlo\" alt=\"flaga i god\u0142o\" loading=\"lazy\" \/>\t\t\t\t\t\t\t\t\t\t\t\t\t\t\t<\/div>\n\t\t\t\t<\/div>\n\t\t\t\t<div class=\"elementor-element elementor-element-c229722 elementor-widget elementor-widget-text-editor\" data-id=\"c229722\" data-element_type=\"widget\" data-e-type=\"widget\" data-widget_type=\"text-editor.default\">\n\t\t\t\t<div class=\"elementor-widget-container\">\n\t\t\t\t\t\t\t\t\t<p><strong>DOFINANSOWANO ZE \u015aRODK\u00d3W BUD\u017bETU PA\u0143STWA<\/strong><br \/><strong>PATRIOTYZM JUTRA 2021<\/strong><br \/>BIA\u0141OSTOCKI GARNIZON W J\u0118ZYKACH DOST\u0118PNYCH<br \/>DOFINANSOWANIE<br \/>52 000 Z\u0141<br \/>CA\u0141KOWITA WARTO\u015a\u0106<br \/>67 500 Z\u0141<\/p>\t\t\t\t\t\t\t\t<\/div>\n\t\t\t\t<\/div>\n\t\t\t\t<div class=\"elementor-element elementor-element-67987c2 elementor-widget elementor-widget-text-editor\" data-id=\"67987c2\" data-element_type=\"widget\" data-e-type=\"widget\" data-widget_type=\"text-editor.default\">\n\t\t\t\t<div class=\"elementor-widget-container\">\n\t\t\t\t\t\t\t\t\t<p>Za\u0142o\u017ceniem projektu jest budowanie wiedzy o historii bia\u0142ostockiego garnizonu wojskowego w\u015br\u00f3d dzieci i m\u0142odzie\u017cy ze szczeg\u00f3lnymi potrzebami. Wyj\u0105tkowe obiekty muzealne b\u0119d\u0105 punktem wyj\u015bcia do przypomnienia wa\u017cnych wydarze\u0144 z historii Bia\u0142egostoku i znaczenia wojska dla jego rozwoju na przestrzeni lat. Zagadnienia te s\u0105 cz\u0119sto niedost\u0119pne osobom z niepe\u0142nosprawno\u015bciami czy autyzmem z uwagi na ograniczone mo\u017cliwo\u015bci poznawcze i poj\u0119ciowe. G\u0142\u00f3wnym elementem projektu b\u0119d\u0105 anga\u017cuj\u0105ce uczestnik\u00f3w warsztaty historyczno-artystyczne. Na ich potrzeby powstan\u0105 narz\u0119dzia dost\u0119pno\u015bci: t\u0142umaczenia artefakt\u00f3w na j\u0119zyki migowy i prosty, audiodeskrypcje, tyflografiki, kontent do monitora interaktywnego oraz \u015bcie\u017cka edukacyjna do wystaw sta\u0142ych Muzeum. Komponent historyczny warsztat\u00f3w zostanie wzmocniony artystycznymi metodami pracy. Wa\u017cnym b\u0119dzie odwo\u0142anie do patriotycznych postaw \u017co\u0142nierzy. To pozwoli dotrze\u0107 do odbiorc\u00f3w, kt\u00f3rzy cz\u0119sto nie maj\u0105 \u015bwiadomo\u015bci patriotycznej, nie charakteryzuj\u0105 takich poj\u0119\u0107 jak patriotyzm i ojczyzna. Zako\u0144czeniem projektu b\u0119dzie wydanie broszury towarzysz\u0105cej, zawieraj\u0105cej dokumentacj\u0119 fotograficzn\u0105 z ca\u0142ego procesu projektowego. Sto egzemplarzy drukowanego wydawnictwa b\u0119dzie stanowi\u0107 promocj\u0119 ma\u0142o znanej historii miasta, jak i samego udzia\u0142u os\u00f3b ze szczeg\u00f3lnymi potrzebami w \u017cyciu kulturalnym.<\/p><p>Bia\u0142ostocki garnizon pocz\u0105tkami si\u0119ga II po\u0142. XVIII w., czas\u00f3w hetmana wielkiego koronnego Jana Klemensa Branickiego, kiedy by\u0142 miejscem sta\u0142ego pobytu oddzia\u0142\u00f3w koronnych i prywatnych w licz. ok. 1500 \u017co\u0142nierzy. W kolejnych latach stacjonowa\u0142y tu wojska zaborcze. Po odzyskaniu niepodleg\u0142o\u015bci w lutym 1919 r. do miasta wkroczy\u0142y oddzia\u0142y polskie. Przez ca\u0142y okres mi\u0119dzywojenny Bia\u0142ystok pozostawa\u0142 garnizonem dla \u017co\u0142nierzy piechoty, kawalerii i artylerii konnej. W czasie II wojny \u015bwiatowej stacjonowali tu \u017co\u0142nierze wojsk okupacyjnych, za\u015b po wojnie \u2013 oddzia\u0142y radzieckie i polskie. Dzi\u015b w koszarach przy ul. Kawaleryjskiej funkcjonuje 18. Bia\u0142ostocki Pu\u0142k Rozpoznawczy.<\/p>\t\t\t\t\t\t\t\t<\/div>\n\t\t\t\t<\/div>\n\t\t\t\t\t<\/div>\n\t\t<\/div>\n\t\t\t\t\t<\/div>\n\t\t<\/section>\n\t\t\t\t<section class=\"elementor-section elementor-top-section elementor-element elementor-element-5631bd3 elementor-section-boxed elementor-section-height-default elementor-section-height-default\" data-id=\"5631bd3\" data-element_type=\"section\" data-e-type=\"section\">\n\t\t\t\t\t\t<div class=\"elementor-container elementor-column-gap-default\">\n\t\t\t\t\t<div class=\"elementor-column elementor-col-100 elementor-top-column elementor-element elementor-element-d78cf26\" data-id=\"d78cf26\" data-element_type=\"column\" data-e-type=\"column\">\n\t\t\t<div class=\"elementor-widget-wrap elementor-element-populated\">\n\t\t\t\t\t\t<div class=\"elementor-element elementor-element-1e6411f elementor-widget elementor-widget-text-editor\" data-id=\"1e6411f\" data-element_type=\"widget\" data-e-type=\"widget\" data-widget_type=\"text-editor.default\">\n\t\t\t\t<div class=\"elementor-widget-container\">\n\t\t\t\t\t\t\t\t\t<p><strong>Koordynacja projektu i kontakt:<\/strong><\/p><p><strong>Marzena Wilczko<\/strong><\/p><p>mwilczko@mwb.com.pl<\/p><p>tel. 85 741 64 49 wew. 19<\/p><p>tel. kom. 536 123 424<\/p><p><strong>Muzeum Wojska w Bia\u0142ymstoku<\/strong><br \/>ul. Jana Kili\u0144skiego 7<br \/>15-089 Bia\u0142ystok<\/p>\t\t\t\t\t\t\t\t<\/div>\n\t\t\t\t<\/div>\n\t\t\t\t\t<\/div>\n\t\t<\/div>\n\t\t\t\t\t<\/div>\n\t\t<\/section>\n\t\t\t\t<section class=\"elementor-section elementor-top-section elementor-element elementor-element-c5e8c08 elementor-section-boxed elementor-section-height-default elementor-section-height-default\" data-id=\"c5e8c08\" data-element_type=\"section\" data-e-type=\"section\">\n\t\t\t\t\t\t<div class=\"elementor-container elementor-column-gap-default\">\n\t\t\t\t\t<div class=\"elementor-column elementor-col-100 elementor-top-column elementor-element elementor-element-6806853\" data-id=\"6806853\" data-element_type=\"column\" data-e-type=\"column\">\n\t\t\t<div class=\"elementor-widget-wrap elementor-element-populated\">\n\t\t\t\t\t\t<div class=\"elementor-element elementor-element-6be60e0 elementor-widget-divider--view-line elementor-widget elementor-widget-divider\" data-id=\"6be60e0\" data-element_type=\"widget\" data-e-type=\"widget\" data-widget_type=\"divider.default\">\n\t\t\t\t<div class=\"elementor-widget-container\">\n\t\t\t\t\t\t\t<div class=\"elementor-divider\">\n\t\t\t<span class=\"elementor-divider-separator\">\n\t\t\t\t\t\t<\/span>\n\t\t<\/div>\n\t\t\t\t\t\t<\/div>\n\t\t\t\t<\/div>\n\t\t\t\t\t<\/div>\n\t\t<\/div>\n\t\t\t\t\t<\/div>\n\t\t<\/section>\n\t\t\t\t<section class=\"elementor-section elementor-top-section elementor-element elementor-element-ded183a elementor-section-boxed elementor-section-height-default elementor-section-height-default\" data-id=\"ded183a\" data-element_type=\"section\" data-e-type=\"section\">\n\t\t\t\t\t\t<div class=\"elementor-container elementor-column-gap-default\">\n\t\t\t\t\t<div class=\"elementor-column elementor-col-100 elementor-top-column elementor-element elementor-element-e890f91\" data-id=\"e890f91\" data-element_type=\"column\" data-e-type=\"column\">\n\t\t\t<div class=\"elementor-widget-wrap elementor-element-populated\">\n\t\t\t\t\t\t<div class=\"elementor-element elementor-element-8d98f18 gallery-spacing-custom elementor-widget elementor-widget-image-gallery\" data-id=\"8d98f18\" data-element_type=\"widget\" data-e-type=\"widget\" data-widget_type=\"image-gallery.default\">\n\t\t\t\t<div class=\"elementor-widget-container\">\n\t\t\t\t\t\t\t<div class=\"elementor-image-gallery\">\n\t\t\t<div id='gallery-1' class='gallery galleryid-9 gallery-columns-7 gallery-size-thumbnail'><figure class='gallery-item'>\n\t\t\t<div class='gallery-icon landscape'>\n\t\t\t\t<a data-elementor-open-lightbox=\"yes\" data-elementor-lightbox-slideshow=\"8d98f18\" data-elementor-lightbox-title=\"Warsztaty &quot;Garnizon dost\u0119pny&quot;\" data-e-action-hash=\"#elementor-action%3Aaction%3Dlightbox%26settings%3DeyJpZCI6MjY4NiwidXJsIjoiaHR0cHM6XC9cL213Yi5jb20ucGxcL2dhcm5pem9uXC93cC1jb250ZW50XC91cGxvYWRzXC8yMDIxXC8xMFwvRFNDXzQzNzkuanBnIiwic2xpZGVzaG93IjoiOGQ5OGYxOCJ9\" href='https:\/\/mwb.com.pl\/garnizon\/wp-content\/uploads\/2021\/10\/DSC_4379.jpg'><img decoding=\"async\" width=\"150\" height=\"150\" src=\"https:\/\/mwb.com.pl\/garnizon\/wp-content\/uploads\/2021\/10\/DSC_4379-150x150.jpg\" class=\"attachment-thumbnail size-thumbnail\" alt=\"Warsztaty &quot;Garnizon dost\u0119pny&quot;\" \/><\/a>\n\t\t\t<\/div><\/figure><figure class='gallery-item'>\n\t\t\t<div class='gallery-icon landscape'>\n\t\t\t\t<a data-elementor-open-lightbox=\"yes\" data-elementor-lightbox-slideshow=\"8d98f18\" data-elementor-lightbox-title=\"Warsztaty &quot;Garnizon dost\u0119pny&quot;\" data-e-action-hash=\"#elementor-action%3Aaction%3Dlightbox%26settings%3DeyJpZCI6MjY4NywidXJsIjoiaHR0cHM6XC9cL213Yi5jb20ucGxcL2dhcm5pem9uXC93cC1jb250ZW50XC91cGxvYWRzXC8yMDIxXC8xMFwvRFNDXzQ0NTguanBnIiwic2xpZGVzaG93IjoiOGQ5OGYxOCJ9\" href='https:\/\/mwb.com.pl\/garnizon\/wp-content\/uploads\/2021\/10\/DSC_4458.jpg'><img decoding=\"async\" width=\"150\" height=\"150\" src=\"https:\/\/mwb.com.pl\/garnizon\/wp-content\/uploads\/2021\/10\/DSC_4458-150x150.jpg\" class=\"attachment-thumbnail size-thumbnail\" alt=\"Warsztaty &quot;Garnizon dost\u0119pny&quot;\" \/><\/a>\n\t\t\t<\/div><\/figure><figure class='gallery-item'>\n\t\t\t<div class='gallery-icon landscape'>\n\t\t\t\t<a data-elementor-open-lightbox=\"yes\" data-elementor-lightbox-slideshow=\"8d98f18\" data-elementor-lightbox-title=\"Warsztaty &quot;Garnizon dost\u0119pny&quot;\" data-e-action-hash=\"#elementor-action%3Aaction%3Dlightbox%26settings%3DeyJpZCI6MjY4OCwidXJsIjoiaHR0cHM6XC9cL213Yi5jb20ucGxcL2dhcm5pem9uXC93cC1jb250ZW50XC91cGxvYWRzXC8yMDIxXC8xMFwvRFNDXzQ2NjUuanBnIiwic2xpZGVzaG93IjoiOGQ5OGYxOCJ9\" href='https:\/\/mwb.com.pl\/garnizon\/wp-content\/uploads\/2021\/10\/DSC_4665.jpg'><img loading=\"lazy\" decoding=\"async\" width=\"150\" height=\"150\" src=\"https:\/\/mwb.com.pl\/garnizon\/wp-content\/uploads\/2021\/10\/DSC_4665-150x150.jpg\" class=\"attachment-thumbnail size-thumbnail\" alt=\"Warsztaty &quot;Garnizon dost\u0119pny&quot;\" \/><\/a>\n\t\t\t<\/div><\/figure><figure class='gallery-item'>\n\t\t\t<div class='gallery-icon landscape'>\n\t\t\t\t<a data-elementor-open-lightbox=\"yes\" data-elementor-lightbox-slideshow=\"8d98f18\" data-elementor-lightbox-title=\"Warsztaty &quot;Garnizon dost\u0119pny&quot;\" data-e-action-hash=\"#elementor-action%3Aaction%3Dlightbox%26settings%3DeyJpZCI6MjY4OSwidXJsIjoiaHR0cHM6XC9cL213Yi5jb20ucGxcL2dhcm5pem9uXC93cC1jb250ZW50XC91cGxvYWRzXC8yMDIxXC8xMFwvRFNDXzUwOTQtMS5qcGciLCJzbGlkZXNob3ciOiI4ZDk4ZjE4In0%3D\" href='https:\/\/mwb.com.pl\/garnizon\/wp-content\/uploads\/2021\/10\/DSC_5094-1.jpg'><img loading=\"lazy\" decoding=\"async\" width=\"150\" height=\"150\" src=\"https:\/\/mwb.com.pl\/garnizon\/wp-content\/uploads\/2021\/10\/DSC_5094-1-150x150.jpg\" class=\"attachment-thumbnail size-thumbnail\" alt=\"Warsztaty &quot;Garnizon dost\u0119pny&quot;\" \/><\/a>\n\t\t\t<\/div><\/figure><figure class='gallery-item'>\n\t\t\t<div class='gallery-icon landscape'>\n\t\t\t\t<a data-elementor-open-lightbox=\"yes\" data-elementor-lightbox-slideshow=\"8d98f18\" data-elementor-lightbox-title=\"Warsztaty &quot;Garnizon dost\u0119pny&quot;\" data-e-action-hash=\"#elementor-action%3Aaction%3Dlightbox%26settings%3DeyJpZCI6MjY5MCwidXJsIjoiaHR0cHM6XC9cL213Yi5jb20ucGxcL2dhcm5pem9uXC93cC1jb250ZW50XC91cGxvYWRzXC8yMDIxXC8xMFwvRFNDXzUxMzcuanBnIiwic2xpZGVzaG93IjoiOGQ5OGYxOCJ9\" href='https:\/\/mwb.com.pl\/garnizon\/wp-content\/uploads\/2021\/10\/DSC_5137.jpg'><img loading=\"lazy\" decoding=\"async\" width=\"150\" height=\"150\" src=\"https:\/\/mwb.com.pl\/garnizon\/wp-content\/uploads\/2021\/10\/DSC_5137-150x150.jpg\" class=\"attachment-thumbnail size-thumbnail\" alt=\"Warsztaty &quot;Garnizon dost\u0119pny&quot;\" \/><\/a>\n\t\t\t<\/div><\/figure><figure class='gallery-item'>\n\t\t\t<div class='gallery-icon landscape'>\n\t\t\t\t<a data-elementor-open-lightbox=\"yes\" data-elementor-lightbox-slideshow=\"8d98f18\" data-elementor-lightbox-title=\"Warsztaty &quot;Garnizon dost\u0119pny&quot;\" data-e-action-hash=\"#elementor-action%3Aaction%3Dlightbox%26settings%3DeyJpZCI6MjY5MSwidXJsIjoiaHR0cHM6XC9cL213Yi5jb20ucGxcL2dhcm5pem9uXC93cC1jb250ZW50XC91cGxvYWRzXC8yMDIxXC8xMFwvRFNDXzcyMzAuanBnIiwic2xpZGVzaG93IjoiOGQ5OGYxOCJ9\" href='https:\/\/mwb.com.pl\/garnizon\/wp-content\/uploads\/2021\/10\/DSC_7230.jpg'><img loading=\"lazy\" decoding=\"async\" width=\"150\" height=\"150\" src=\"https:\/\/mwb.com.pl\/garnizon\/wp-content\/uploads\/2021\/10\/DSC_7230-150x150.jpg\" class=\"attachment-thumbnail size-thumbnail\" alt=\"Warsztaty &quot;Garnizon dost\u0119pny&quot;\" \/><\/a>\n\t\t\t<\/div><\/figure><figure class='gallery-item'>\n\t\t\t<div class='gallery-icon landscape'>\n\t\t\t\t<a data-elementor-open-lightbox=\"yes\" data-elementor-lightbox-slideshow=\"8d98f18\" data-elementor-lightbox-title=\"Warsztaty &quot;Garnizon dost\u0119pny&quot;\" data-e-action-hash=\"#elementor-action%3Aaction%3Dlightbox%26settings%3DeyJpZCI6MjY5MiwidXJsIjoiaHR0cHM6XC9cL213Yi5jb20ucGxcL2dhcm5pem9uXC93cC1jb250ZW50XC91cGxvYWRzXC8yMDIxXC8xMFwvRFNDXzc0MTUuanBnIiwic2xpZGVzaG93IjoiOGQ5OGYxOCJ9\" href='https:\/\/mwb.com.pl\/garnizon\/wp-content\/uploads\/2021\/10\/DSC_7415.jpg'><img loading=\"lazy\" decoding=\"async\" width=\"150\" height=\"150\" src=\"https:\/\/mwb.com.pl\/garnizon\/wp-content\/uploads\/2021\/10\/DSC_7415-150x150.jpg\" class=\"attachment-thumbnail size-thumbnail\" alt=\"Warsztaty &quot;Garnizon dost\u0119pny&quot;\" \/><\/a>\n\t\t\t<\/div><\/figure>\n\t\t<\/div>\n\t\t<\/div>\n\t\t\t\t\t\t<\/div>\n\t\t\t\t<\/div>\n\t\t\t\t\t<\/div>\n\t\t<\/div>\n\t\t\t\t\t<\/div>\n\t\t<\/section>\n\t\t\t\t<section class=\"elementor-section elementor-top-section elementor-element elementor-element-931d065 elementor-section-boxed elementor-section-height-default elementor-section-height-default\" data-id=\"931d065\" data-element_type=\"section\" data-e-type=\"section\">\n\t\t\t\t\t\t<div class=\"elementor-container elementor-column-gap-default\">\n\t\t\t\t\t<div class=\"elementor-column elementor-col-100 elementor-top-column elementor-element elementor-element-d26f371\" data-id=\"d26f371\" data-element_type=\"column\" data-e-type=\"column\">\n\t\t\t<div class=\"elementor-widget-wrap elementor-element-populated\">\n\t\t\t\t\t\t<div class=\"elementor-element elementor-element-2f26758 elementor-widget-divider--view-line elementor-widget elementor-widget-divider\" data-id=\"2f26758\" data-element_type=\"widget\" data-e-type=\"widget\" data-widget_type=\"divider.default\">\n\t\t\t\t<div class=\"elementor-widget-container\">\n\t\t\t\t\t\t\t<div class=\"elementor-divider\">\n\t\t\t<span class=\"elementor-divider-separator\">\n\t\t\t\t\t\t<\/span>\n\t\t<\/div>\n\t\t\t\t\t\t<\/div>\n\t\t\t\t<\/div>\n\t\t\t\t\t<\/div>\n\t\t<\/div>\n\t\t\t\t\t<\/div>\n\t\t<\/section>\n\t\t\t\t<\/div>\n\t\t","protected":false},"excerpt":{"rendered":"<p>DOFINANSOWANO ZE \u015aRODK\u00d3W BUD\u017bETU PA\u0143STWAPATRIOTYZM JUTRA 2021BIA\u0141OSTOCKI GARNIZON W J\u0118ZYKACH DOST\u0118PNYCHDOFINANSOWANIE52 000 Z\u0141CA\u0141KOWITA WARTO\u015a\u010667 500 Z\u0141 Za\u0142o\u017ceniem projektu jest budowanie wiedzy o historii bia\u0142ostockiego garnizonu wojskowego w\u015br\u00f3d dzieci i m\u0142odzie\u017cy ze szczeg\u00f3lnymi potrzebami. Wyj\u0105tkowe obiekty muzealne b\u0119d\u0105 punktem wyj\u015bcia do przypomnienia wa\u017cnych wydarze\u0144 z historii Bia\u0142egostoku i znaczenia wojska dla jego rozwoju na przestrzeni lat. [&hellip;]<\/p>\n","protected":false},"author":1,"featured_media":0,"parent":0,"menu_order":0,"comment_status":"closed","ping_status":"closed","template":"page-templates\/page_front-page.php","meta":{"h5ap_radio_sources":[],"footnotes":""},"class_list":["post-9","page","type-page","status-publish","hentry"],"_links":{"self":[{"href":"https:\/\/mwb.com.pl\/garnizon\/wp-json\/wp\/v2\/pages\/9","targetHints":{"allow":["GET"]}}],"collection":[{"href":"https:\/\/mwb.com.pl\/garnizon\/wp-json\/wp\/v2\/pages"}],"about":[{"href":"https:\/\/mwb.com.pl\/garnizon\/wp-json\/wp\/v2\/types\/page"}],"author":[{"embeddable":true,"href":"https:\/\/mwb.com.pl\/garnizon\/wp-json\/wp\/v2\/users\/1"}],"replies":[{"embeddable":true,"href":"https:\/\/mwb.com.pl\/garnizon\/wp-json\/wp\/v2\/comments?post=9"}],"version-history":[{"count":358,"href":"https:\/\/mwb.com.pl\/garnizon\/wp-json\/wp\/v2\/pages\/9\/revisions"}],"predecessor-version":[{"id":3320,"href":"https:\/\/mwb.com.pl\/garnizon\/wp-json\/wp\/v2\/pages\/9\/revisions\/3320"}],"wp:attachment":[{"href":"https:\/\/mwb.com.pl\/garnizon\/wp-json\/wp\/v2\/media?parent=9"}],"curies":[{"name":"wp","href":"https:\/\/api.w.org\/{rel}","templated":true}]}}