{"id":3449,"date":"2021-11-24T13:34:38","date_gmt":"2021-11-24T12:34:38","guid":{"rendered":"https:\/\/mwb.com.pl\/garnizon\/?page_id=3449"},"modified":"2021-11-24T13:51:17","modified_gmt":"2021-11-24T12:51:17","slug":"materialy","status":"publish","type":"page","link":"https:\/\/mwb.com.pl\/garnizon\/materialy\/","title":{"rendered":"Materia\u0142y"},"content":{"rendered":"\t\t<div data-elementor-type=\"wp-page\" data-elementor-id=\"3449\" class=\"elementor elementor-3449\">\n\t\t\t\t\t\t<section class=\"elementor-section elementor-top-section elementor-element elementor-element-eaa1095 elementor-section-boxed elementor-section-height-default elementor-section-height-default\" data-id=\"eaa1095\" data-element_type=\"section\" data-e-type=\"section\">\n\t\t\t\t\t\t<div class=\"elementor-container elementor-column-gap-default\">\n\t\t\t\t\t<div class=\"elementor-column elementor-col-100 elementor-top-column elementor-element elementor-element-694a490\" data-id=\"694a490\" data-element_type=\"column\" data-e-type=\"column\">\n\t\t\t<div class=\"elementor-widget-wrap elementor-element-populated\">\n\t\t\t\t\t\t<div class=\"elementor-element elementor-element-a306a35 elementor-widget elementor-widget-heading\" data-id=\"a306a35\" data-element_type=\"widget\" data-e-type=\"widget\" data-widget_type=\"heading.default\">\n\t\t\t\t<div class=\"elementor-widget-container\">\n\t\t\t\t\t<h3 class=\"elementor-heading-title elementor-size-default\">MATERIA\u0141Y<\/h3>\t\t\t\t<\/div>\n\t\t\t\t<\/div>\n\t\t\t\t\t<\/div>\n\t\t<\/div>\n\t\t\t\t\t<\/div>\n\t\t<\/section>\n\t\t\t\t<section class=\"elementor-section elementor-top-section elementor-element elementor-element-8ff2797 elementor-section-boxed elementor-section-height-default elementor-section-height-default\" data-id=\"8ff2797\" data-element_type=\"section\" data-e-type=\"section\">\n\t\t\t\t\t\t<div class=\"elementor-container elementor-column-gap-default\">\n\t\t\t\t\t<div class=\"elementor-column elementor-col-100 elementor-top-column elementor-element elementor-element-52cb915\" data-id=\"52cb915\" data-element_type=\"column\" data-e-type=\"column\">\n\t\t\t<div class=\"elementor-widget-wrap elementor-element-populated\">\n\t\t\t\t\t\t<div class=\"elementor-element elementor-element-876dadc elementor-widget elementor-widget-text-editor\" data-id=\"876dadc\" data-element_type=\"widget\" data-e-type=\"widget\" data-widget_type=\"text-editor.default\">\n\t\t\t\t<div class=\"elementor-widget-container\">\n\t\t\t\t\t\t\t\t\t&nbsp;\n<div align=\"center\" style=\"margin-bottom: 10px\"><a href=\"https:\/\/mwb.com.pl\/garnizon\/wp-content\/uploads\/materialy\/broszura.pdf\" rel=\"noopener noreferrer\" download=\"broszura.pdf\">\n<button style=\"width: 320px\">Broszura o projekcie<\/button>\n<\/a><\/div>\n<div align=\"center\" style=\"margin-bottom: 10px\"><a href=\"https:\/\/mwb.com.pl\/garnizon\/wp-content\/uploads\/materialy\/przewodnik.pdf\" rel=\"noopener noreferrer\" download=\"przewodnik.pdf\">\n<button style=\"width: 320px\">Przewodnik po metodzie<\/button>\n<\/a><\/div>\n<div align=\"center\" style=\"margin-bottom: 10px\"><a href=\"https:\/\/mwb.com.pl\/garnizon\/wp-content\/uploads\/materialy\/historia.pdf\" rel=\"noopener noreferrer\" download=\"historia.pdf\">\n<button style=\"width: 320px\">Historia garnizonu w obiektach<\/button>\n<\/a><\/div>\n<div align=\"center\" style=\"margin-bottom: 10px\"><a href=\"https:\/\/mwb.com.pl\/garnizon\/wp-content\/uploads\/materialy\/zwiedzanie.pdf\" rel=\"noopener noreferrer\" download=\"zwiedzanie.pdf\">\n<button style=\"width: 320px\">\u015acie\u017cka zwiedzania<\/button>\n<\/a><\/div>\n<div align=\"center\" style=\"margin-bottom: 10px\"><a href=\"https:\/\/mwb.com.pl\/garnizon\/wp-content\/uploads\/materialy\/tyflografiki.zip\" rel=\"noopener noreferrer\" download=\"tyflografiki.zip\">\n<button style=\"width: 320px\">Tyflografiki<\/button>\n<\/a><\/div>\n<div align=\"center\" style=\"margin-bottom: 10px\"><a href=\"https:\/\/mwb.com.pl\/garnizon\/wp-content\/uploads\/materialy\/promocja.zip\" rel=\"noopener noreferrer\" download=\"promocja.zip\">\n<button style=\"width: 320px\">Materia\u0142y promocyjne<\/button>\n<\/a><\/div>\t\t\t\t\t\t\t\t<\/div>\n\t\t\t\t<\/div>\n\t\t\t\t\t<\/div>\n\t\t<\/div>\n\t\t\t\t\t<\/div>\n\t\t<\/section>\n\t\t\t\t<section class=\"elementor-section elementor-top-section elementor-element elementor-element-8b85050 elementor-section-boxed elementor-section-height-default elementor-section-height-default\" data-id=\"8b85050\" data-element_type=\"section\" data-e-type=\"section\">\n\t\t\t\t\t\t<div class=\"elementor-container elementor-column-gap-default\">\n\t\t\t\t\t<div class=\"elementor-column elementor-col-100 elementor-top-column elementor-element elementor-element-8bafdad\" data-id=\"8bafdad\" data-element_type=\"column\" data-e-type=\"column\">\n\t\t\t<div class=\"elementor-widget-wrap elementor-element-populated\">\n\t\t\t\t\t\t<div class=\"elementor-element elementor-element-795bbe2 elementor-widget-divider--view-line elementor-widget elementor-widget-divider\" data-id=\"795bbe2\" data-element_type=\"widget\" data-e-type=\"widget\" data-widget_type=\"divider.default\">\n\t\t\t\t<div class=\"elementor-widget-container\">\n\t\t\t\t\t\t\t<div class=\"elementor-divider\">\n\t\t\t<span class=\"elementor-divider-separator\">\n\t\t\t\t\t\t<\/span>\n\t\t<\/div>\n\t\t\t\t\t\t<\/div>\n\t\t\t\t<\/div>\n\t\t\t\t\t<\/div>\n\t\t<\/div>\n\t\t\t\t\t<\/div>\n\t\t<\/section>\n\t\t\t\t<section class=\"elementor-section elementor-top-section elementor-element elementor-element-ead168d elementor-section-boxed elementor-section-height-default elementor-section-height-default\" data-id=\"ead168d\" data-element_type=\"section\" data-e-type=\"section\">\n\t\t\t\t\t\t<div class=\"elementor-container elementor-column-gap-default\">\n\t\t\t\t\t<div class=\"elementor-column elementor-col-100 elementor-top-column elementor-element elementor-element-d2f55ae\" data-id=\"d2f55ae\" data-element_type=\"column\" data-e-type=\"column\">\n\t\t\t<div class=\"elementor-widget-wrap elementor-element-populated\">\n\t\t\t\t\t\t<div class=\"elementor-element elementor-element-5d67327 elementor-position-top elementor-widget elementor-widget-image-box\" data-id=\"5d67327\" data-element_type=\"widget\" data-e-type=\"widget\" data-widget_type=\"image-box.default\">\n\t\t\t\t<div class=\"elementor-widget-container\">\n\t\t\t\t\t<div class=\"elementor-image-box-wrapper\"><figure class=\"elementor-image-box-img\"><img fetchpriority=\"high\" decoding=\"async\" width=\"379\" height=\"133\" src=\"https:\/\/mwb.com.pl\/garnizon\/wp-content\/uploads\/2021\/10\/CC-BY-SA.png\" class=\"attachment-full size-full wp-image-2704\" alt=\"CC-BY-SA\" srcset=\"https:\/\/mwb.com.pl\/garnizon\/wp-content\/uploads\/2021\/10\/CC-BY-SA.png 379w, https:\/\/mwb.com.pl\/garnizon\/wp-content\/uploads\/2021\/10\/CC-BY-SA-300x105.png 300w, https:\/\/mwb.com.pl\/garnizon\/wp-content\/uploads\/2021\/10\/CC-BY-SA-230x81.png 230w, https:\/\/mwb.com.pl\/garnizon\/wp-content\/uploads\/2021\/10\/CC-BY-SA-350x123.png 350w\" sizes=\"(max-width: 379px) 100vw, 379px\" \/><\/figure><div class=\"elementor-image-box-content\"><p class=\"elementor-image-box-description\">Materia\u0142y dost\u0119pne na licencji CC BY SA Uznanie Autorstwa - Na tych samych warunkach.<\/p><\/div><\/div>\t\t\t\t<\/div>\n\t\t\t\t<\/div>\n\t\t\t\t\t<\/div>\n\t\t<\/div>\n\t\t\t\t\t<\/div>\n\t\t<\/section>\n\t\t\t\t<section class=\"elementor-section elementor-top-section elementor-element elementor-element-1b160cb elementor-section-boxed elementor-section-height-default elementor-section-height-default\" data-id=\"1b160cb\" data-element_type=\"section\" data-e-type=\"section\">\n\t\t\t\t\t\t<div class=\"elementor-container elementor-column-gap-default\">\n\t\t\t\t\t<div class=\"elementor-column elementor-col-100 elementor-top-column elementor-element elementor-element-ce7f29b\" data-id=\"ce7f29b\" data-element_type=\"column\" data-e-type=\"column\">\n\t\t\t<div class=\"elementor-widget-wrap elementor-element-populated\">\n\t\t\t\t\t\t<div class=\"elementor-element elementor-element-e179841 elementor-widget-divider--view-line elementor-widget elementor-widget-divider\" data-id=\"e179841\" data-element_type=\"widget\" data-e-type=\"widget\" data-widget_type=\"divider.default\">\n\t\t\t\t<div class=\"elementor-widget-container\">\n\t\t\t\t\t\t\t<div class=\"elementor-divider\">\n\t\t\t<span class=\"elementor-divider-separator\">\n\t\t\t\t\t\t<\/span>\n\t\t<\/div>\n\t\t\t\t\t\t<\/div>\n\t\t\t\t<\/div>\n\t\t\t\t\t<\/div>\n\t\t<\/div>\n\t\t\t\t\t<\/div>\n\t\t<\/section>\n\t\t\t\t<\/div>\n\t\t","protected":false},"excerpt":{"rendered":"<p>MATERIA\u0141Y &nbsp; Broszura o projekcie Przewodnik po metodzie Historia garnizonu w obiektach \u015acie\u017cka zwiedzania Tyflografiki Materia\u0142y promocyjne Materia\u0142y dost\u0119pne na licencji CC BY SA Uznanie Autorstwa &#8211; Na tych samych warunkach.<\/p>\n","protected":false},"author":1,"featured_media":0,"parent":0,"menu_order":0,"comment_status":"closed","ping_status":"closed","template":"page-templates\/page_front-page.php","meta":{"h5ap_radio_sources":[],"footnotes":""},"class_list":["post-3449","page","type-page","status-publish","hentry"],"_links":{"self":[{"href":"https:\/\/mwb.com.pl\/garnizon\/wp-json\/wp\/v2\/pages\/3449","targetHints":{"allow":["GET"]}}],"collection":[{"href":"https:\/\/mwb.com.pl\/garnizon\/wp-json\/wp\/v2\/pages"}],"about":[{"href":"https:\/\/mwb.com.pl\/garnizon\/wp-json\/wp\/v2\/types\/page"}],"author":[{"embeddable":true,"href":"https:\/\/mwb.com.pl\/garnizon\/wp-json\/wp\/v2\/users\/1"}],"replies":[{"embeddable":true,"href":"https:\/\/mwb.com.pl\/garnizon\/wp-json\/wp\/v2\/comments?post=3449"}],"version-history":[{"count":16,"href":"https:\/\/mwb.com.pl\/garnizon\/wp-json\/wp\/v2\/pages\/3449\/revisions"}],"predecessor-version":[{"id":3466,"href":"https:\/\/mwb.com.pl\/garnizon\/wp-json\/wp\/v2\/pages\/3449\/revisions\/3466"}],"wp:attachment":[{"href":"https:\/\/mwb.com.pl\/garnizon\/wp-json\/wp\/v2\/media?parent=3449"}],"curies":[{"name":"wp","href":"https:\/\/api.w.org\/{rel}","templated":true}]}}