{"id":15,"date":"2021-06-21T12:50:46","date_gmt":"2021-06-21T10:50:46","guid":{"rendered":"https:\/\/mwb.com.pl\/garnizon\/?page_id=15"},"modified":"2021-11-12T12:53:41","modified_gmt":"2021-11-12T11:53:41","slug":"zwiedzanie","status":"publish","type":"page","link":"https:\/\/mwb.com.pl\/garnizon\/zwiedzanie\/","title":{"rendered":"Zwiedzanie"},"content":{"rendered":"\t\t<div data-elementor-type=\"wp-page\" data-elementor-id=\"15\" class=\"elementor elementor-15\">\n\t\t\t\t\t\t<section class=\"elementor-section elementor-top-section elementor-element elementor-element-502a904 elementor-section-boxed elementor-section-height-default elementor-section-height-default\" data-id=\"502a904\" data-element_type=\"section\" data-e-type=\"section\">\n\t\t\t\t\t\t<div class=\"elementor-container elementor-column-gap-default\">\n\t\t\t\t\t<div class=\"elementor-column elementor-col-100 elementor-top-column elementor-element elementor-element-29ff32c\" data-id=\"29ff32c\" data-element_type=\"column\" data-e-type=\"column\">\n\t\t\t<div class=\"elementor-widget-wrap elementor-element-populated\">\n\t\t\t\t\t\t<div class=\"elementor-element elementor-element-fbf0544 elementor-widget elementor-widget-heading\" data-id=\"fbf0544\" data-element_type=\"widget\" data-e-type=\"widget\" data-widget_type=\"heading.default\">\n\t\t\t\t<div class=\"elementor-widget-container\">\n\t\t\t\t\t<h3 class=\"elementor-heading-title elementor-size-default\">\u015aCIE\u017bKA EDUKACYJNA<\/h3>\t\t\t\t<\/div>\n\t\t\t\t<\/div>\n\t\t\t\t\t<\/div>\n\t\t<\/div>\n\t\t\t\t\t<\/div>\n\t\t<\/section>\n\t\t\t\t<section class=\"elementor-section elementor-top-section elementor-element elementor-element-5a78a2a elementor-section-boxed elementor-section-height-default elementor-section-height-default\" data-id=\"5a78a2a\" data-element_type=\"section\" data-e-type=\"section\">\n\t\t\t\t\t\t<div class=\"elementor-container elementor-column-gap-default\">\n\t\t\t\t\t<div class=\"elementor-column elementor-col-100 elementor-top-column elementor-element elementor-element-75d130b\" data-id=\"75d130b\" data-element_type=\"column\" data-e-type=\"column\">\n\t\t\t<div class=\"elementor-widget-wrap elementor-element-populated\">\n\t\t\t\t\t\t<div class=\"elementor-element elementor-element-6ded0a9 elementor-widget elementor-widget-heading\" data-id=\"6ded0a9\" data-element_type=\"widget\" data-e-type=\"widget\" data-widget_type=\"heading.default\">\n\t\t\t\t<div class=\"elementor-widget-container\">\n\t\t\t\t\t<h5 class=\"elementor-heading-title elementor-size-default\">Wystawy Muzeum Wojska po\u015bwi\u0119cone historii bia\u0142ostockiego garnizonu<\/h5>\t\t\t\t<\/div>\n\t\t\t\t<\/div>\n\t\t\t\t\t<\/div>\n\t\t<\/div>\n\t\t\t\t\t<\/div>\n\t\t<\/section>\n\t\t\t\t<section class=\"elementor-section elementor-top-section elementor-element elementor-element-eb7a112 elementor-section-boxed elementor-section-height-default elementor-section-height-default\" data-id=\"eb7a112\" data-element_type=\"section\" data-e-type=\"section\">\n\t\t\t\t\t\t<div class=\"elementor-container elementor-column-gap-default\">\n\t\t\t\t\t<div class=\"elementor-column elementor-col-100 elementor-top-column elementor-element elementor-element-9226298\" data-id=\"9226298\" data-element_type=\"column\" data-e-type=\"column\">\n\t\t\t<div class=\"elementor-widget-wrap elementor-element-populated\">\n\t\t\t\t\t\t<div class=\"elementor-element elementor-element-5c997dc elementor-widget elementor-widget-shortcode\" data-id=\"5c997dc\" data-element_type=\"widget\" data-e-type=\"widget\" data-widget_type=\"shortcode.default\">\n\t\t\t\t<div class=\"elementor-widget-container\">\n\t\t\t\t\t\t\t<div class=\"elementor-shortcode\">\t\t<script type=\"text\/javascript\">\n\t\t\t\"use strict\";\n\t\t\tvar forEach = function (array, callback, scope) {for (var i = 0; i < array.length; i++) {callback.call(scope, i, array[i])}};\n\t\t\twindow.onload = function(){\n\t\t\t\tvar max = -219.99078369140625;\n\t\t\t\tforEach(document.querySelectorAll('.wtl-progress'), function (index, value) {\n\t\t\t\tpercent = value.getAttribute('data-progress');\n\t\t\t\tvalue.querySelector('.wtl_fill').setAttribute('style', 'stroke-dashoffset: ' + ((100 - percent) \/ 100) * max);\n\t\t\t\t});\n\t\t\t}\n\t\t<\/script>\n\t\t<div class=\"wtl_wrapper wp_timeline_post_list schedule_cover  layout_id_1\"><div class=\"wtl_blog_template blog_template schedule wtl_single_post_wrapp uncategorized\"><div class=\"wtl-schedule-wrap wtl-blog-curve-timeline\"><div class=\"wtl-blog-curve-timeline-inner\"><ul>No posts found.<\/ul><\/div><\/div><\/div><\/div><\/div>\n\t\t\t\t\t\t<\/div>\n\t\t\t\t<\/div>\n\t\t\t\t\t<\/div>\n\t\t<\/div>\n\t\t\t\t\t<\/div>\n\t\t<\/section>\n\t\t\t\t<section class=\"elementor-section elementor-top-section elementor-element elementor-element-ee892db elementor-section-boxed elementor-section-height-default elementor-section-height-default\" data-id=\"ee892db\" data-element_type=\"section\" data-e-type=\"section\">\n\t\t\t\t\t\t<div class=\"elementor-container elementor-column-gap-default\">\n\t\t\t\t\t<div class=\"elementor-column elementor-col-100 elementor-top-column elementor-element elementor-element-449900b\" data-id=\"449900b\" data-element_type=\"column\" data-e-type=\"column\">\n\t\t\t<div class=\"elementor-widget-wrap elementor-element-populated\">\n\t\t\t\t\t\t<div class=\"elementor-element elementor-element-76d780c elementor-widget-divider--view-line elementor-widget elementor-widget-divider\" data-id=\"76d780c\" data-element_type=\"widget\" data-e-type=\"widget\" data-widget_type=\"divider.default\">\n\t\t\t\t<div class=\"elementor-widget-container\">\n\t\t\t\t\t\t\t<div class=\"elementor-divider\">\n\t\t\t<span class=\"elementor-divider-separator\">\n\t\t\t\t\t\t<\/span>\n\t\t<\/div>\n\t\t\t\t\t\t<\/div>\n\t\t\t\t<\/div>\n\t\t\t\t\t<\/div>\n\t\t<\/div>\n\t\t\t\t\t<\/div>\n\t\t<\/section>\n\t\t\t\t<section class=\"elementor-section elementor-top-section elementor-element elementor-element-b63173f elementor-section-boxed elementor-section-height-default elementor-section-height-default\" data-id=\"b63173f\" data-element_type=\"section\" data-e-type=\"section\">\n\t\t\t\t\t\t<div class=\"elementor-container elementor-column-gap-default\">\n\t\t\t\t\t<div class=\"elementor-column elementor-col-100 elementor-top-column elementor-element elementor-element-ff1d530\" data-id=\"ff1d530\" data-element_type=\"column\" data-e-type=\"column\">\n\t\t\t<div class=\"elementor-widget-wrap elementor-element-populated\">\n\t\t\t\t\t\t<div class=\"elementor-element elementor-element-4c02adc elementor-position-top elementor-widget elementor-widget-image-box\" data-id=\"4c02adc\" data-element_type=\"widget\" data-e-type=\"widget\" data-widget_type=\"image-box.default\">\n\t\t\t\t<div class=\"elementor-widget-container\">\n\t\t\t\t\t<div class=\"elementor-image-box-wrapper\"><figure class=\"elementor-image-box-img\"><img fetchpriority=\"high\" decoding=\"async\" width=\"379\" height=\"133\" src=\"https:\/\/mwb.com.pl\/garnizon\/wp-content\/uploads\/2021\/10\/CC-BY-SA.png\" class=\"attachment-full size-full wp-image-2704\" alt=\"CC-BY-SA\" srcset=\"https:\/\/mwb.com.pl\/garnizon\/wp-content\/uploads\/2021\/10\/CC-BY-SA.png 379w, https:\/\/mwb.com.pl\/garnizon\/wp-content\/uploads\/2021\/10\/CC-BY-SA-300x105.png 300w, https:\/\/mwb.com.pl\/garnizon\/wp-content\/uploads\/2021\/10\/CC-BY-SA-230x81.png 230w, https:\/\/mwb.com.pl\/garnizon\/wp-content\/uploads\/2021\/10\/CC-BY-SA-350x123.png 350w\" sizes=\"(max-width: 379px) 100vw, 379px\" \/><\/figure><div class=\"elementor-image-box-content\"><p class=\"elementor-image-box-description\">Materia\u0142y dost\u0119pne na licencji CC BY SA Uznanie Autorstwa - Na tych samych warunkach.<\/p><\/div><\/div>\t\t\t\t<\/div>\n\t\t\t\t<\/div>\n\t\t\t\t\t<\/div>\n\t\t<\/div>\n\t\t\t\t\t<\/div>\n\t\t<\/section>\n\t\t\t\t<section class=\"elementor-section elementor-top-section elementor-element elementor-element-5cfe833 elementor-section-boxed elementor-section-height-default elementor-section-height-default\" data-id=\"5cfe833\" data-element_type=\"section\" data-e-type=\"section\">\n\t\t\t\t\t\t<div class=\"elementor-container elementor-column-gap-default\">\n\t\t\t\t\t<div class=\"elementor-column elementor-col-100 elementor-top-column elementor-element elementor-element-03f75b5\" data-id=\"03f75b5\" data-element_type=\"column\" data-e-type=\"column\">\n\t\t\t<div class=\"elementor-widget-wrap elementor-element-populated\">\n\t\t\t\t\t\t<div class=\"elementor-element elementor-element-0ee3e52 elementor-widget-divider--view-line elementor-widget elementor-widget-divider\" data-id=\"0ee3e52\" data-element_type=\"widget\" data-e-type=\"widget\" data-widget_type=\"divider.default\">\n\t\t\t\t<div class=\"elementor-widget-container\">\n\t\t\t\t\t\t\t<div class=\"elementor-divider\">\n\t\t\t<span class=\"elementor-divider-separator\">\n\t\t\t\t\t\t<\/span>\n\t\t<\/div>\n\t\t\t\t\t\t<\/div>\n\t\t\t\t<\/div>\n\t\t\t\t\t<\/div>\n\t\t<\/div>\n\t\t\t\t\t<\/div>\n\t\t<\/section>\n\t\t\t\t<\/div>\n\t\t","protected":false},"excerpt":{"rendered":"<p>\u015aCIE\u017bKA EDUKACYJNA Wystawy Muzeum Wojska po\u015bwi\u0119cone historii bia\u0142ostockiego garnizonu Materia\u0142y dost\u0119pne na licencji CC BY SA Uznanie Autorstwa &#8211; Na tych samych warunkach.<\/p>\n","protected":false},"author":1,"featured_media":0,"parent":0,"menu_order":0,"comment_status":"closed","ping_status":"closed","template":"page-templates\/page_front-page.php","meta":{"h5ap_radio_sources":[],"footnotes":""},"class_list":["post-15","page","type-page","status-publish","hentry"],"_links":{"self":[{"href":"https:\/\/mwb.com.pl\/garnizon\/wp-json\/wp\/v2\/pages\/15","targetHints":{"allow":["GET"]}}],"collection":[{"href":"https:\/\/mwb.com.pl\/garnizon\/wp-json\/wp\/v2\/pages"}],"about":[{"href":"https:\/\/mwb.com.pl\/garnizon\/wp-json\/wp\/v2\/types\/page"}],"author":[{"embeddable":true,"href":"https:\/\/mwb.com.pl\/garnizon\/wp-json\/wp\/v2\/users\/1"}],"replies":[{"embeddable":true,"href":"https:\/\/mwb.com.pl\/garnizon\/wp-json\/wp\/v2\/comments?post=15"}],"version-history":[{"count":93,"href":"https:\/\/mwb.com.pl\/garnizon\/wp-json\/wp\/v2\/pages\/15\/revisions"}],"predecessor-version":[{"id":3313,"href":"https:\/\/mwb.com.pl\/garnizon\/wp-json\/wp\/v2\/pages\/15\/revisions\/3313"}],"wp:attachment":[{"href":"https:\/\/mwb.com.pl\/garnizon\/wp-json\/wp\/v2\/media?parent=15"}],"curies":[{"name":"wp","href":"https:\/\/api.w.org\/{rel}","templated":true}]}}