{"id":1361,"date":"2021-09-01T14:28:49","date_gmt":"2021-09-01T12:28:49","guid":{"rendered":"https:\/\/mwb.com.pl\/garnizon\/?page_id=1361"},"modified":"2021-11-24T13:01:42","modified_gmt":"2021-11-24T12:01:42","slug":"kurtka-mundurowa","status":"publish","type":"page","link":"https:\/\/mwb.com.pl\/garnizon\/kurtka-mundurowa\/","title":{"rendered":"Kurtka mundurowa"},"content":{"rendered":"\t\t<div data-elementor-type=\"wp-page\" data-elementor-id=\"1361\" class=\"elementor elementor-1361\">\n\t\t\t\t\t\t<section class=\"elementor-section elementor-top-section elementor-element elementor-element-69100969 elementor-section-boxed elementor-section-height-default elementor-section-height-default\" data-id=\"69100969\" data-element_type=\"section\" data-e-type=\"section\">\n\t\t\t\t\t\t<div class=\"elementor-container elementor-column-gap-default\">\n\t\t\t\t\t<div class=\"elementor-column elementor-col-100 elementor-top-column elementor-element elementor-element-74c890f7\" data-id=\"74c890f7\" data-element_type=\"column\" data-e-type=\"column\">\n\t\t\t<div class=\"elementor-widget-wrap elementor-element-populated\">\n\t\t\t\t\t\t<div class=\"elementor-element elementor-element-5b2616e2 elementor-widget elementor-widget-heading\" data-id=\"5b2616e2\" data-element_type=\"widget\" data-e-type=\"widget\" data-widget_type=\"heading.default\">\n\t\t\t\t<div class=\"elementor-widget-container\">\n\t\t\t\t\t<h3 class=\"elementor-heading-title elementor-size-default\">KURTKA MUNDUROWA<\/h3>\t\t\t\t<\/div>\n\t\t\t\t<\/div>\n\t\t\t\t\t<\/div>\n\t\t<\/div>\n\t\t\t\t\t<\/div>\n\t\t<\/section>\n\t\t\t\t<section class=\"elementor-section elementor-top-section elementor-element elementor-element-35a3e130 elementor-section-boxed elementor-section-height-default elementor-section-height-default\" data-id=\"35a3e130\" data-element_type=\"section\" data-e-type=\"section\">\n\t\t\t\t\t\t<div class=\"elementor-container elementor-column-gap-default\">\n\t\t\t\t\t<div class=\"elementor-column elementor-col-100 elementor-top-column elementor-element elementor-element-7280e262\" data-id=\"7280e262\" data-element_type=\"column\" data-e-type=\"column\">\n\t\t\t<div class=\"elementor-widget-wrap elementor-element-populated\">\n\t\t\t\t\t\t<div class=\"elementor-element elementor-element-6d37bcff elementor-widget elementor-widget-heading\" data-id=\"6d37bcff\" data-element_type=\"widget\" data-e-type=\"widget\" data-widget_type=\"heading.default\">\n\t\t\t\t<div class=\"elementor-widget-container\">\n\t\t\t\t\t<h5 class=\"elementor-heading-title elementor-size-default\">Kurtka \u017co\u0142nierza 14. dywizjonu artylerii konnej<\/h5>\t\t\t\t<\/div>\n\t\t\t\t<\/div>\n\t\t\t\t\t<\/div>\n\t\t<\/div>\n\t\t\t\t\t<\/div>\n\t\t<\/section>\n\t\t\t\t<section class=\"elementor-section elementor-top-section elementor-element elementor-element-3770d9d4 elementor-section-boxed elementor-section-height-default elementor-section-height-default\" data-id=\"3770d9d4\" data-element_type=\"section\" data-e-type=\"section\">\n\t\t\t\t\t\t<div class=\"elementor-container elementor-column-gap-default\">\n\t\t\t\t\t<div class=\"elementor-column elementor-col-100 elementor-top-column elementor-element elementor-element-5eff8e4\" data-id=\"5eff8e4\" data-element_type=\"column\" data-e-type=\"column\">\n\t\t\t<div class=\"elementor-widget-wrap elementor-element-populated\">\n\t\t\t\t\t\t<div class=\"elementor-element elementor-element-305a6ce1 elementor-widget elementor-widget-heading\" data-id=\"305a6ce1\" data-element_type=\"widget\" data-e-type=\"widget\" data-widget_type=\"heading.default\">\n\t\t\t\t<div class=\"elementor-widget-container\">\n\t\t\t\t\t<h5 class=\"elementor-heading-title elementor-size-default\">Nr inw. MWB\/4279<\/h5>\t\t\t\t<\/div>\n\t\t\t\t<\/div>\n\t\t\t\t\t<\/div>\n\t\t<\/div>\n\t\t\t\t\t<\/div>\n\t\t<\/section>\n\t\t\t\t<section class=\"elementor-section elementor-top-section elementor-element elementor-element-7ce7a877 elementor-section-boxed elementor-section-height-default elementor-section-height-default\" data-id=\"7ce7a877\" data-element_type=\"section\" data-e-type=\"section\">\n\t\t\t\t\t\t<div class=\"elementor-container elementor-column-gap-default\">\n\t\t\t\t\t<div class=\"elementor-column elementor-col-50 elementor-top-column elementor-element elementor-element-218d907b\" data-id=\"218d907b\" data-element_type=\"column\" data-e-type=\"column\">\n\t\t\t<div class=\"elementor-widget-wrap elementor-element-populated\">\n\t\t\t\t\t\t<div class=\"elementor-element elementor-element-2d09e581 elementor-widget elementor-widget-image\" data-id=\"2d09e581\" data-element_type=\"widget\" data-e-type=\"widget\" data-widget_type=\"image.default\">\n\t\t\t\t<div class=\"elementor-widget-container\">\n\t\t\t\t\t\t\t\t\t\t\t\t\t\t\t<img decoding=\"async\" src=\"https:\/\/mwb.com.pl\/garnizon\/wp-content\/uploads\/images1\/27.png\" title=\"\" alt=\"Portret Branickiego\" loading=\"lazy\" \/>\t\t\t\t\t\t\t\t\t\t\t\t\t\t\t<\/div>\n\t\t\t\t<\/div>\n\t\t\t\t<section class=\"elementor-section elementor-inner-section elementor-element elementor-element-550fa12f elementor-section-full_width elementor-section-height-default elementor-section-height-default\" data-id=\"550fa12f\" data-element_type=\"section\" data-e-type=\"section\">\n\t\t\t\t\t\t<div class=\"elementor-container elementor-column-gap-default\">\n\t\t\t\t\t<div class=\"elementor-column elementor-col-50 elementor-inner-column elementor-element elementor-element-23ddb845\" data-id=\"23ddb845\" data-element_type=\"column\" data-e-type=\"column\">\n\t\t\t<div class=\"elementor-widget-wrap elementor-element-populated\">\n\t\t\t\t\t\t<div class=\"elementor-element elementor-element-1ca81f8f elementor-align-center elementor-widget elementor-widget-button\" data-id=\"1ca81f8f\" data-element_type=\"widget\" data-e-type=\"widget\" data-widget_type=\"button.default\">\n\t\t\t\t<div class=\"elementor-widget-container\">\n\t\t\t\t\t\t\t\t\t<div class=\"elementor-button-wrapper\">\n\t\t\t\t\t<a class=\"elementor-button elementor-button-link elementor-size-lg\" href=\"https:\/\/mwb.com.pl\/garnizon\/taczanka\/\">\n\t\t\t\t\t\t<span class=\"elementor-button-content-wrapper\">\n\t\t\t\t\t\t<span class=\"elementor-button-icon\">\n\t\t\t\t<i aria-hidden=\"true\" class=\"fas fa-chevron-left\"><\/i>\t\t\t<\/span>\n\t\t\t\t\t\t\t\t<\/span>\n\t\t\t\t\t<\/a>\n\t\t\t\t<\/div>\n\t\t\t\t\t\t\t\t<\/div>\n\t\t\t\t<\/div>\n\t\t\t\t\t<\/div>\n\t\t<\/div>\n\t\t\t\t<div class=\"elementor-column elementor-col-50 elementor-inner-column elementor-element elementor-element-3a4218cb\" data-id=\"3a4218cb\" data-element_type=\"column\" data-e-type=\"column\">\n\t\t\t<div class=\"elementor-widget-wrap elementor-element-populated\">\n\t\t\t\t\t\t<div class=\"elementor-element elementor-element-20d38516 elementor-align-center elementor-widget elementor-widget-button\" data-id=\"20d38516\" data-element_type=\"widget\" data-e-type=\"widget\" data-widget_type=\"button.default\">\n\t\t\t\t<div class=\"elementor-widget-container\">\n\t\t\t\t\t\t\t\t\t<div class=\"elementor-button-wrapper\">\n\t\t\t\t\t<a class=\"elementor-button elementor-button-link elementor-size-lg\" href=\"https:\/\/mwb.com.pl\/garnizon\/telefon-polowy\/\">\n\t\t\t\t\t\t<span class=\"elementor-button-content-wrapper\">\n\t\t\t\t\t\t<span class=\"elementor-button-icon\">\n\t\t\t\t<i aria-hidden=\"true\" class=\"fas fa-chevron-right\"><\/i>\t\t\t<\/span>\n\t\t\t\t\t\t\t\t<\/span>\n\t\t\t\t\t<\/a>\n\t\t\t\t<\/div>\n\t\t\t\t\t\t\t\t<\/div>\n\t\t\t\t<\/div>\n\t\t\t\t\t<\/div>\n\t\t<\/div>\n\t\t\t\t\t<\/div>\n\t\t<\/section>\n\t\t\t\t\t<\/div>\n\t\t<\/div>\n\t\t\t\t<div class=\"elementor-column elementor-col-50 elementor-top-column elementor-element elementor-element-37b08b3c\" data-id=\"37b08b3c\" data-element_type=\"column\" data-e-type=\"column\" data-settings=\"{&quot;background_background&quot;:&quot;classic&quot;}\">\n\t\t\t<div class=\"elementor-widget-wrap elementor-element-populated\">\n\t\t\t\t\t\t<div class=\"elementor-element elementor-element-5e473a6e elementor-widget__width-inherit elementor-widget-tablet__width-inherit elementor-widget elementor-widget-eael-adv-tabs\" data-id=\"5e473a6e\" data-element_type=\"widget\" data-e-type=\"widget\" data-widget_type=\"eael-adv-tabs.default\">\n\t\t\t\t<div class=\"elementor-widget-container\">\n\t\t\t\t\t        <div data-scroll-on-click=\"no\" data-scroll-speed=\"300\" id=\"eael-advance-tabs-5e473a6e\" class=\"eael-advance-tabs eael-tabs-horizontal eael-tab-auto-active  active-caret-on\" data-tabid=\"5e473a6e\">\n            <div class=\"eael-tabs-nav \">\n                <ul class=\"eael-tab-inline-icon\" role=\"tablist\">\n                                            <li id=\"\" class=\"inactive eael-tab-item-trigger eael-tab-nav-item\" aria-selected=\"true\" data-tab=\"1\" role=\"tab\" tabindex=\"0\" aria-controls=\"-tab\" aria-expanded=\"false\">\n                            \n                                                                <i class=\"far fa-eye\"><\/i>                                                            \n                                                            <span class=\"eael-tab-title title-after-icon\" ><\/span>                            \n                                                    <\/li>\n                                            <li id=\"\" class=\"inactive eael-tab-item-trigger eael-tab-nav-item\" aria-selected=\"false\" data-tab=\"2\" role=\"tab\" tabindex=\"-1\" aria-controls=\"-tab\" aria-expanded=\"false\">\n                            \n                                                                <i class=\"fas fa-assistive-listening-systems\"><\/i>                                                            \n                                                            <span class=\"eael-tab-title title-after-icon\" ><\/span>                            \n                                                    <\/li>\n                                            <li id=\"\" class=\"inactive eael-tab-item-trigger eael-tab-nav-item\" aria-selected=\"false\" data-tab=\"3\" role=\"tab\" tabindex=\"-1\" aria-controls=\"-tab\" aria-expanded=\"false\">\n                            \n                                                                <i class=\"fas fa-deaf\"><\/i>                                                            \n                                                            <span class=\"eael-tab-title title-after-icon\" ><\/span>                            \n                                                    <\/li>\n                                            <li id=\"\" class=\"inactive eael-tab-item-trigger eael-tab-nav-item\" aria-selected=\"false\" data-tab=\"4\" role=\"tab\" tabindex=\"-1\" aria-controls=\"-tab\" aria-expanded=\"false\">\n                            \n                                                                <svg xmlns=\"http:\/\/www.w3.org\/2000\/svg\" width=\"64\" height=\"64\" viewBox=\"0 0 64 64\"><title>easy5<\/title><path d=\"M29.4 0.9c-1.1 0.5-3.2 2.3-4.6 3.9-2.9 3.4-5.6 12.8-4.1 14.3s11.3 2.9 15.7 2.3c6.7-1.1 7.6-1.9 7.6-7 0-9.5-7.5-16.5-14.6-13.5zM28.7 12.4c-0.4 0.9-1.1 1.6-1.7 1.6-1.1 0-1.4-3.3-0.3-4.4 1.1-1 2.6 1.1 2 2.8zM38.8 13.2c-0.2 1.3-0.7 2.3-1.3 2.3-0.5 0-1.1-1-1.3-2.3-0.2-1.5 0.2-2.2 1.3-2.2s1.5 0.7 1.3 2.2zM34.5 18.4c0.8-0.4 1.5-0.1 1.5 0.4 0 1.7-3.7 2.4-6 1.2-2.9-1.6-2.6-3.2 0.5-2 1.4 0.5 3.2 0.7 4 0.4z\"><\/path><path d=\"M0 38v18.9l3 1.6c2.6 1.3 20 4.4 25.3 4.5 1.6 0 1.7-1.6 1.7-18.9 0-17.2-0.2-19-1.7-19.5-1-0.3-5.8-1-10.8-1.6s-10.9-1.7-13.2-2.5l-4.3-1.4v18.9zM20.6 29.5c1.5 2.3 1.5 2.9 0.2 6.4l-1.5 3.9 3.3 1.5c1.8 0.9 3.7 2.4 4.2 3.4 1.9 3.5-5.2 14.1-8.6 12.8-0.7-0.3-2.4-0.5-3.7-0.5-1.4 0-3.9-1.3-5.7-2.9s-4.2-3-5.3-3.2c-2.2-0.4-3.1-4.3-2.1-8.5 0.5-1.8 1.3-2.4 3.4-2.4 3.6 0 11.2-7.2 11.2-10.6 0-3.2 2.5-3.1 4.6 0.1z\"><\/path><path d=\"M17.5 31c-1.2 4.2-8.5 11-11.7 11-2.6 0-2.8 0.3-2.8 4 0 3.4 0.3 4 2.2 4 1.2 0 3.2 1 4.5 2.2 2 1.9 2.3 1.9 2.3 0.4 0-0.9 0.9-3.5 2-5.6 2.1-4.1 4.7-5.1 8-3 2.1 1.3 0.5 2.3-1.9 1.1-1.3-0.7-2.2-0.8-2.6-0.1-0.7 1.1 4.1 3.2 6.3 2.8 3.1-0.6 2.2-2.8-2-4.9-2.4-1.2-4.4-2.3-4.6-2.4s0.5-1.9 1.4-3.8c1.3-2.8 1.5-4.2 0.7-5.9l-1-2.3-0.8 2.5z\"><\/path><path d=\"M17 49.5c1.4 0.8 3.6 1.4 5 1.4 2.3 0 2.2-0.1-0.9-1.4-4.4-2-7.5-1.9-4.1 0z\"><\/path><path d=\"M14 50.6c0 0.8 6.2 3.5 7.2 3.2 0.6-0.2-0.8-1.1-3.1-2-2.2-0.9-4.1-1.5-4.1-1.2z\"><\/path><path d=\"M15.4 54.4c1.1 0.9 2.7 1.6 3.5 1.5 1.4 0 1.4-0.1 0.1-0.6-0.8-0.3-2.4-1-3.5-1.5-2-0.9-2-0.9-0.1 0.6z\"><\/path><path d=\"M58.5 20.9c-1.1 0.5-6 1.4-11 2-15.2 2-13.5-0.7-13.5 21.5v19.2l11.9-1.7c6.6-1 13.3-2.5 15-3.4l3.1-1.6v-18.4c0-20.1 0.1-19.8-5.5-17.6zM59 26.5c0 2-2.8 3-11.7 4.4-3.9 0.6-7.8 1.4-8.7 1.7-1.1 0.4-1.6 0-1.6-1.4 0-1.7 1-2.2 7.3-3.2 3.9-0.6 8.3-1.5 9.7-2 3.8-1.3 5-1.2 5 0.5zM59 32.4c0 1.8-1.8 2.4-9.4 3.6-3.4 0.5-7.6 1.2-9.5 1.6-2.9 0.6-3.3 0.5-2.9-1.2 0.3-1.5 2-2.2 9.3-3.5 11.7-2.1 12.5-2.2 12.5-0.5zM59 37.5c0 1.9-2.9 3-10 4-3 0.3-7 1-8.7 1.5-2.9 0.7-3.3 0.6-3.3-1 0-1.4 1-2.1 3.8-2.6 2-0.3 6.4-1.2 9.7-1.9 8.2-1.7 8.5-1.7 8.5 0zM58.8 48.7c-0.2 1.2-1.8 2.1-4.8 2.6-2.5 0.5-7.3 1.4-10.7 2.1-5.9 1.2-6.3 1.2-6.3-0.5 0-1.4 1.3-2 5.8-2.8 3.1-0.6 7.5-1.5 9.7-2 6.1-1.3 6.7-1.3 6.3 0.6zM59 53.5c0 2.1-2.6 3.1-11 4.4-4.1 0.6-8.3 1.4-9.2 1.7-1.3 0.4-1.8 0-1.8-1.5 0-1.6 0.9-2.1 4.8-2.6 2.6-0.3 7.2-1.2 10.2-1.9s5.8-1.4 6.3-1.5c0.4 0 0.7 0.6 0.7 1.4z\"><\/path><\/svg>                                                            \n                                                            <span class=\"eael-tab-title title-after-icon\" ><\/span>                            \n                                                    <\/li>\n                    \n                                  <\/ul>\n            <\/div>\n            \n            <div class=\"eael-tabs-content\">\n\t\t        \n                    <div id=\"-tab\" class=\"clearfix eael-tab-content-item inactive\" data-title-link=\"-tab\">\n\t\t\t\t        Trzeci\u0105 jednostk\u0105 wojskow\u0105 stacjonuj\u0105c\u0105 w przedwojennym Bia\u0142ymstoku by\u0142 14. dywizjon artylerii konnej. Koszary znajdowa\u0142y si\u0119 przy ul. gen. Bema. Wszyscy \u017co\u0142nierze artylerii konnej poruszali si\u0119 na koniach. Do nich by\u0142y zaprz\u0119gni\u0119te armaty. \u017bo\u0142nierze dywizjonu stanowili wsparcie kawalerzyst\u00f3w.\nKurtka nale\u017ca\u0142a do artylerzysty Stanis\u0142awa Ko\u0142odzieja s\u0142u\u017c\u0105cego w 14. DAKu w stopniu starszego ogniomistrza. Zosta\u0142a uszyta z gabardyny w kolorze khaki. Na guzikach widoczne s\u0105 polskie or\u0142y wojskowe. Mundur jest podstawowym przedmiotem codziennego u\u017cytku w wojsku. Przedwojenne mundury polskie nie odpowiada\u0142y w pe\u0142ni na potrzeby \u017co\u0142nierzy, by\u0142y sztywne i niewygodne. Za to pi\u0119knie si\u0119 prezentowa\u0142y.\n\n&nbsp;\n<div>\n<a href=\"https:\/\/mwb.com.pl\/garnizon\/wp-content\/uploads\/opisy\/11.pdf\" rel=\"noopener noreferrer\">\n<button>Pobierz plik<\/button>\n<\/a><\/div>                    <\/div>\n\t\t        \n                    <div id=\"-tab\" class=\"clearfix eael-tab-content-item inactive\" data-title-link=\"-tab\">\n\t\t\t\t        <audio class=\"wp-audio-shortcode\" id=\"audio-1361-1\" preload=\"none\" style=\"width: 100%;\" controls=\"controls\"><source type=\"audio\/mpeg\" src=\"https:\/\/mwb.com.pl\/garnizon\/wp-content\/uploads\/nagrania\/27.mp3?_=1\" \/><a href=\"https:\/\/mwb.com.pl\/garnizon\/wp-content\/uploads\/nagrania\/27.mp3\">https:\/\/mwb.com.pl\/garnizon\/wp-content\/uploads\/nagrania\/27.mp3<\/a><\/audio>\n\n&nbsp;\n<div>\n<a href=\"https:\/\/mwb.com.pl\/garnizon\/wp-content\/uploads\/nagrania\/27.mp3\" rel=\"noopener noreferrer\">\n<button>Pobierz plik<\/button>\n<\/a><\/div>                    <\/div>\n\t\t        \n                    <div id=\"-tab\" class=\"clearfix eael-tab-content-item inactive\" data-title-link=\"-tab\">\n\t\t\t\t        <iframe width=\"560\" height=\"315\" src=\"https:\/\/www.youtube.com\/embed\/s4EKy6sZLMc\" title=\"YouTube video player\" allowfullscreen><\/iframe>                    <\/div>\n\t\t        \n                    <div id=\"-tab\" class=\"clearfix eael-tab-content-item inactive\" data-title-link=\"-tab\">\n\t\t\t\t        <h6><div class=\"pdfjs-fullscreen\"><a href=\"https:\/\/mwb.com.pl\/garnizon\/wp-content\/plugins\/pdfjs-viewer-shortcode\/pdfjs\/web\/viewer.php?file=https:\/\/mwb.com.pl\/garnizon\/wp-content\/uploads\/pdf\/27.pdf&#038;attachment_id=0&#038;dButton=true&#038;pButton=false&#038;oButton=false&#038;sButton=true&#038;editButtons=true&#038;v=3.1.0&#038;_wpnonce=5d4bcb0d61#zoom=page-width&#038;pagemode=none\" target=\"_blank\" aria-label=\"Open PDF in fullscreen mode\">PE\u0141NY EKRAN<\/a><\/div><a href=\"#pdfjs-viewer-skip\" class=\"screen-reader-text\">Skip to PDF content<\/a><div role=\"region\" aria-label=\"PDF Viewer\" id=\"pdfjs-viewer-skip\"><iframe width=\"100%\" height=\"450px\" src=\"https:\/\/mwb.com.pl\/garnizon\/wp-content\/plugins\/pdfjs-viewer-shortcode\/pdfjs\/web\/viewer.php?file=https:\/\/mwb.com.pl\/garnizon\/wp-content\/uploads\/pdf\/27.pdf&#038;attachment_id=0&#038;dButton=true&#038;pButton=false&#038;oButton=false&#038;sButton=true&#038;editButtons=true&#038;v=3.1.0&#038;_wpnonce=5d4bcb0d61#zoom=page-width&#038;pagemode=none\" title=\"PDF document: 27.pdf\" aria-label=\"PDF document: 27.pdf\" class=\"pdfjs-iframe\" tabindex=\"0\" loading=\"lazy\" style=\"max-width: 100%;\"><\/iframe><\/div><\/h6>                    <\/div>\n\t\t                    <\/div>\n        <\/div>\n\t\t\t\t<\/div>\n\t\t\t\t<\/div>\n\t\t\t\t\t<\/div>\n\t\t<\/div>\n\t\t\t\t\t<\/div>\n\t\t<\/section>\n\t\t\t\t<section class=\"elementor-section elementor-top-section elementor-element elementor-element-3bfc1c35 elementor-section-boxed elementor-section-height-default elementor-section-height-default\" data-id=\"3bfc1c35\" data-element_type=\"section\" data-e-type=\"section\">\n\t\t\t\t\t\t<div class=\"elementor-container elementor-column-gap-default\">\n\t\t\t\t\t<div class=\"elementor-column elementor-col-100 elementor-top-column elementor-element elementor-element-6be468ee\" data-id=\"6be468ee\" data-element_type=\"column\" data-e-type=\"column\">\n\t\t\t<div class=\"elementor-widget-wrap elementor-element-populated\">\n\t\t\t\t\t\t<div class=\"elementor-element elementor-element-61cebbd3 elementor-widget elementor-widget-spacer\" data-id=\"61cebbd3\" data-element_type=\"widget\" data-e-type=\"widget\" data-widget_type=\"spacer.default\">\n\t\t\t\t<div class=\"elementor-widget-container\">\n\t\t\t\t\t\t\t<div class=\"elementor-spacer\">\n\t\t\t<div class=\"elementor-spacer-inner\"><\/div>\n\t\t<\/div>\n\t\t\t\t\t\t<\/div>\n\t\t\t\t<\/div>\n\t\t\t\t\t<\/div>\n\t\t<\/div>\n\t\t\t\t\t<\/div>\n\t\t<\/section>\n\t\t\t\t<\/div>\n\t\t","protected":false},"excerpt":{"rendered":"<p>KURTKA MUNDUROWA Kurtka \u017co\u0142nierza 14. dywizjonu artylerii konnej Nr inw. MWB\/4279 easy5 Trzeci\u0105 jednostk\u0105 wojskow\u0105 stacjonuj\u0105c\u0105 w przedwojennym Bia\u0142ymstoku by\u0142 14. dywizjon artylerii konnej. Koszary znajdowa\u0142y si\u0119 przy ul. gen. Bema. Wszyscy \u017co\u0142nierze artylerii konnej poruszali si\u0119 na koniach. Do nich by\u0142y zaprz\u0119gni\u0119te armaty. \u017bo\u0142nierze dywizjonu stanowili wsparcie kawalerzyst\u00f3w. Kurtka nale\u017ca\u0142a do artylerzysty Stanis\u0142awa Ko\u0142odzieja [&hellip;]<\/p>\n","protected":false},"author":1,"featured_media":0,"parent":0,"menu_order":0,"comment_status":"closed","ping_status":"closed","template":"page-templates\/page_front-page.php","meta":{"h5ap_radio_sources":[],"footnotes":""},"class_list":["post-1361","page","type-page","status-publish","hentry"],"_links":{"self":[{"href":"https:\/\/mwb.com.pl\/garnizon\/wp-json\/wp\/v2\/pages\/1361","targetHints":{"allow":["GET"]}}],"collection":[{"href":"https:\/\/mwb.com.pl\/garnizon\/wp-json\/wp\/v2\/pages"}],"about":[{"href":"https:\/\/mwb.com.pl\/garnizon\/wp-json\/wp\/v2\/types\/page"}],"author":[{"embeddable":true,"href":"https:\/\/mwb.com.pl\/garnizon\/wp-json\/wp\/v2\/users\/1"}],"replies":[{"embeddable":true,"href":"https:\/\/mwb.com.pl\/garnizon\/wp-json\/wp\/v2\/comments?post=1361"}],"version-history":[{"count":34,"href":"https:\/\/mwb.com.pl\/garnizon\/wp-json\/wp\/v2\/pages\/1361\/revisions"}],"predecessor-version":[{"id":3388,"href":"https:\/\/mwb.com.pl\/garnizon\/wp-json\/wp\/v2\/pages\/1361\/revisions\/3388"}],"wp:attachment":[{"href":"https:\/\/mwb.com.pl\/garnizon\/wp-json\/wp\/v2\/media?parent=1361"}],"curies":[{"name":"wp","href":"https:\/\/api.w.org\/{rel}","templated":true}]}}