{"id":1267,"date":"2021-09-01T13:22:26","date_gmt":"2021-09-01T11:22:26","guid":{"rendered":"https:\/\/mwb.com.pl\/garnizon\/?page_id=1267"},"modified":"2021-11-24T13:07:54","modified_gmt":"2021-11-24T12:07:54","slug":"miniatura-sztandaru","status":"publish","type":"page","link":"https:\/\/mwb.com.pl\/garnizon\/miniatura-sztandaru\/","title":{"rendered":"Miniatura sztandaru"},"content":{"rendered":"\t\t<div data-elementor-type=\"wp-page\" data-elementor-id=\"1267\" class=\"elementor elementor-1267\">\n\t\t\t\t\t\t<section class=\"elementor-section elementor-top-section elementor-element elementor-element-5405fb elementor-section-boxed elementor-section-height-default elementor-section-height-default\" data-id=\"5405fb\" data-element_type=\"section\" data-e-type=\"section\">\n\t\t\t\t\t\t<div class=\"elementor-container elementor-column-gap-default\">\n\t\t\t\t\t<div class=\"elementor-column elementor-col-100 elementor-top-column elementor-element elementor-element-3ed06adb\" data-id=\"3ed06adb\" data-element_type=\"column\" data-e-type=\"column\">\n\t\t\t<div class=\"elementor-widget-wrap elementor-element-populated\">\n\t\t\t\t\t\t<div class=\"elementor-element elementor-element-280147c9 elementor-widget elementor-widget-heading\" data-id=\"280147c9\" data-element_type=\"widget\" data-e-type=\"widget\" data-widget_type=\"heading.default\">\n\t\t\t\t<div class=\"elementor-widget-container\">\n\t\t\t\t\t<h3 class=\"elementor-heading-title elementor-size-default\">MINIATURA SZTANDARU<\/h3>\t\t\t\t<\/div>\n\t\t\t\t<\/div>\n\t\t\t\t\t<\/div>\n\t\t<\/div>\n\t\t\t\t\t<\/div>\n\t\t<\/section>\n\t\t\t\t<section class=\"elementor-section elementor-top-section elementor-element elementor-element-250b7273 elementor-section-boxed elementor-section-height-default elementor-section-height-default\" data-id=\"250b7273\" data-element_type=\"section\" data-e-type=\"section\">\n\t\t\t\t\t\t<div class=\"elementor-container elementor-column-gap-default\">\n\t\t\t\t\t<div class=\"elementor-column elementor-col-100 elementor-top-column elementor-element elementor-element-27302a66\" data-id=\"27302a66\" data-element_type=\"column\" data-e-type=\"column\">\n\t\t\t<div class=\"elementor-widget-wrap elementor-element-populated\">\n\t\t\t\t\t\t<div class=\"elementor-element elementor-element-5b7581e2 elementor-widget elementor-widget-heading\" data-id=\"5b7581e2\" data-element_type=\"widget\" data-e-type=\"widget\" data-widget_type=\"heading.default\">\n\t\t\t\t<div class=\"elementor-widget-container\">\n\t\t\t\t\t<h5 class=\"elementor-heading-title elementor-size-default\">Miniatura sztandaru 42. pu\u0142ku piechoty <\/h5>\t\t\t\t<\/div>\n\t\t\t\t<\/div>\n\t\t\t\t\t<\/div>\n\t\t<\/div>\n\t\t\t\t\t<\/div>\n\t\t<\/section>\n\t\t\t\t<section class=\"elementor-section elementor-top-section elementor-element elementor-element-1282a2b8 elementor-section-boxed elementor-section-height-default elementor-section-height-default\" data-id=\"1282a2b8\" data-element_type=\"section\" data-e-type=\"section\">\n\t\t\t\t\t\t<div class=\"elementor-container elementor-column-gap-default\">\n\t\t\t\t\t<div class=\"elementor-column elementor-col-100 elementor-top-column elementor-element elementor-element-2b34c22e\" data-id=\"2b34c22e\" data-element_type=\"column\" data-e-type=\"column\">\n\t\t\t<div class=\"elementor-widget-wrap elementor-element-populated\">\n\t\t\t\t\t\t<div class=\"elementor-element elementor-element-60e529ec elementor-widget elementor-widget-heading\" data-id=\"60e529ec\" data-element_type=\"widget\" data-e-type=\"widget\" data-widget_type=\"heading.default\">\n\t\t\t\t<div class=\"elementor-widget-container\">\n\t\t\t\t\t<h5 class=\"elementor-heading-title elementor-size-default\">Nr inw. MWB\/110<\/h5>\t\t\t\t<\/div>\n\t\t\t\t<\/div>\n\t\t\t\t\t<\/div>\n\t\t<\/div>\n\t\t\t\t\t<\/div>\n\t\t<\/section>\n\t\t\t\t<section class=\"elementor-section elementor-top-section elementor-element elementor-element-34618af3 elementor-section-boxed elementor-section-height-default elementor-section-height-default\" data-id=\"34618af3\" data-element_type=\"section\" data-e-type=\"section\">\n\t\t\t\t\t\t<div class=\"elementor-container elementor-column-gap-default\">\n\t\t\t\t\t<div class=\"elementor-column elementor-col-50 elementor-top-column elementor-element elementor-element-3f3d3d8e\" data-id=\"3f3d3d8e\" data-element_type=\"column\" data-e-type=\"column\">\n\t\t\t<div class=\"elementor-widget-wrap elementor-element-populated\">\n\t\t\t\t\t\t<div class=\"elementor-element elementor-element-132a0b17 elementor-widget elementor-widget-image\" data-id=\"132a0b17\" data-element_type=\"widget\" data-e-type=\"widget\" data-widget_type=\"image.default\">\n\t\t\t\t<div class=\"elementor-widget-container\">\n\t\t\t\t\t\t\t\t\t\t\t\t\t\t\t<img decoding=\"async\" src=\"https:\/\/mwb.com.pl\/garnizon\/wp-content\/uploads\/images1\/21.png\" title=\"\" alt=\"Portret Branickiego\" loading=\"lazy\" \/>\t\t\t\t\t\t\t\t\t\t\t\t\t\t\t<\/div>\n\t\t\t\t<\/div>\n\t\t\t\t<section class=\"elementor-section elementor-inner-section elementor-element elementor-element-7156cfb4 elementor-section-full_width elementor-section-height-default elementor-section-height-default\" data-id=\"7156cfb4\" data-element_type=\"section\" data-e-type=\"section\">\n\t\t\t\t\t\t<div class=\"elementor-container elementor-column-gap-default\">\n\t\t\t\t\t<div class=\"elementor-column elementor-col-50 elementor-inner-column elementor-element elementor-element-75c5b429\" data-id=\"75c5b429\" data-element_type=\"column\" data-e-type=\"column\">\n\t\t\t<div class=\"elementor-widget-wrap elementor-element-populated\">\n\t\t\t\t\t\t<div class=\"elementor-element elementor-element-1170015 elementor-align-center elementor-widget elementor-widget-button\" data-id=\"1170015\" data-element_type=\"widget\" data-e-type=\"widget\" data-widget_type=\"button.default\">\n\t\t\t\t<div class=\"elementor-widget-container\">\n\t\t\t\t\t\t\t\t\t<div class=\"elementor-button-wrapper\">\n\t\t\t\t\t<a class=\"elementor-button elementor-button-link elementor-size-lg\" href=\"https:\/\/mwb.com.pl\/garnizon\/list-branickiego\/\">\n\t\t\t\t\t\t<span class=\"elementor-button-content-wrapper\">\n\t\t\t\t\t\t<span class=\"elementor-button-icon\">\n\t\t\t\t<i aria-hidden=\"true\" class=\"fas fa-chevron-left\"><\/i>\t\t\t<\/span>\n\t\t\t\t\t\t\t\t<\/span>\n\t\t\t\t\t<\/a>\n\t\t\t\t<\/div>\n\t\t\t\t\t\t\t\t<\/div>\n\t\t\t\t<\/div>\n\t\t\t\t\t<\/div>\n\t\t<\/div>\n\t\t\t\t<div class=\"elementor-column elementor-col-50 elementor-inner-column elementor-element elementor-element-6da47e81\" data-id=\"6da47e81\" data-element_type=\"column\" data-e-type=\"column\">\n\t\t\t<div class=\"elementor-widget-wrap elementor-element-populated\">\n\t\t\t\t\t\t<div class=\"elementor-element elementor-element-4c528358 elementor-align-center elementor-widget elementor-widget-button\" data-id=\"4c528358\" data-element_type=\"widget\" data-e-type=\"widget\" data-widget_type=\"button.default\">\n\t\t\t\t<div class=\"elementor-widget-container\">\n\t\t\t\t\t\t\t\t\t<div class=\"elementor-button-wrapper\">\n\t\t\t\t\t<a class=\"elementor-button elementor-button-link elementor-size-lg\" href=\"https:\/\/mwb.com.pl\/garnizon\/legitymacja\/\">\n\t\t\t\t\t\t<span class=\"elementor-button-content-wrapper\">\n\t\t\t\t\t\t<span class=\"elementor-button-icon\">\n\t\t\t\t<i aria-hidden=\"true\" class=\"fas fa-chevron-right\"><\/i>\t\t\t<\/span>\n\t\t\t\t\t\t\t\t<\/span>\n\t\t\t\t\t<\/a>\n\t\t\t\t<\/div>\n\t\t\t\t\t\t\t\t<\/div>\n\t\t\t\t<\/div>\n\t\t\t\t\t<\/div>\n\t\t<\/div>\n\t\t\t\t\t<\/div>\n\t\t<\/section>\n\t\t\t\t\t<\/div>\n\t\t<\/div>\n\t\t\t\t<div class=\"elementor-column elementor-col-50 elementor-top-column elementor-element elementor-element-4e86af05\" data-id=\"4e86af05\" data-element_type=\"column\" data-e-type=\"column\" data-settings=\"{&quot;background_background&quot;:&quot;classic&quot;}\">\n\t\t\t<div class=\"elementor-widget-wrap elementor-element-populated\">\n\t\t\t\t\t\t<div class=\"elementor-element elementor-element-78bdde2e elementor-widget__width-inherit elementor-widget-tablet__width-inherit elementor-widget elementor-widget-eael-adv-tabs\" data-id=\"78bdde2e\" data-element_type=\"widget\" data-e-type=\"widget\" data-widget_type=\"eael-adv-tabs.default\">\n\t\t\t\t<div class=\"elementor-widget-container\">\n\t\t\t\t\t        <div data-scroll-on-click=\"no\" data-scroll-speed=\"300\" id=\"eael-advance-tabs-78bdde2e\" class=\"eael-advance-tabs eael-tabs-horizontal eael-tab-auto-active  active-caret-on\" data-tabid=\"78bdde2e\">\n            <div class=\"eael-tabs-nav \">\n                <ul class=\"eael-tab-inline-icon\" role=\"tablist\">\n                                            <li id=\"\" class=\"inactive eael-tab-item-trigger eael-tab-nav-item\" aria-selected=\"true\" data-tab=\"1\" role=\"tab\" tabindex=\"0\" aria-controls=\"-tab\" aria-expanded=\"false\">\n                            \n                                                                <i class=\"far fa-eye\"><\/i>                                                            \n                                                            <span class=\"eael-tab-title title-after-icon\" ><\/span>                            \n                                                    <\/li>\n                                            <li id=\"\" class=\"inactive eael-tab-item-trigger eael-tab-nav-item\" aria-selected=\"false\" data-tab=\"2\" role=\"tab\" tabindex=\"-1\" aria-controls=\"-tab\" aria-expanded=\"false\">\n                            \n                                                                <i class=\"fas fa-assistive-listening-systems\"><\/i>                                                            \n                                                            <span class=\"eael-tab-title title-after-icon\" ><\/span>                            \n                                                    <\/li>\n                                            <li id=\"\" class=\"inactive eael-tab-item-trigger eael-tab-nav-item\" aria-selected=\"false\" data-tab=\"3\" role=\"tab\" tabindex=\"-1\" aria-controls=\"-tab\" aria-expanded=\"false\">\n                            \n                                                                <i class=\"fas fa-deaf\"><\/i>                                                            \n                                                            <span class=\"eael-tab-title title-after-icon\" ><\/span>                            \n                                                    <\/li>\n                                            <li id=\"\" class=\"inactive eael-tab-item-trigger eael-tab-nav-item\" aria-selected=\"false\" data-tab=\"4\" role=\"tab\" tabindex=\"-1\" aria-controls=\"-tab\" aria-expanded=\"false\">\n                            \n                                                                <svg xmlns=\"http:\/\/www.w3.org\/2000\/svg\" width=\"64\" height=\"64\" viewBox=\"0 0 64 64\"><title>easy5<\/title><path d=\"M29.4 0.9c-1.1 0.5-3.2 2.3-4.6 3.9-2.9 3.4-5.6 12.8-4.1 14.3s11.3 2.9 15.7 2.3c6.7-1.1 7.6-1.9 7.6-7 0-9.5-7.5-16.5-14.6-13.5zM28.7 12.4c-0.4 0.9-1.1 1.6-1.7 1.6-1.1 0-1.4-3.3-0.3-4.4 1.1-1 2.6 1.1 2 2.8zM38.8 13.2c-0.2 1.3-0.7 2.3-1.3 2.3-0.5 0-1.1-1-1.3-2.3-0.2-1.5 0.2-2.2 1.3-2.2s1.5 0.7 1.3 2.2zM34.5 18.4c0.8-0.4 1.5-0.1 1.5 0.4 0 1.7-3.7 2.4-6 1.2-2.9-1.6-2.6-3.2 0.5-2 1.4 0.5 3.2 0.7 4 0.4z\"><\/path><path d=\"M0 38v18.9l3 1.6c2.6 1.3 20 4.4 25.3 4.5 1.6 0 1.7-1.6 1.7-18.9 0-17.2-0.2-19-1.7-19.5-1-0.3-5.8-1-10.8-1.6s-10.9-1.7-13.2-2.5l-4.3-1.4v18.9zM20.6 29.5c1.5 2.3 1.5 2.9 0.2 6.4l-1.5 3.9 3.3 1.5c1.8 0.9 3.7 2.4 4.2 3.4 1.9 3.5-5.2 14.1-8.6 12.8-0.7-0.3-2.4-0.5-3.7-0.5-1.4 0-3.9-1.3-5.7-2.9s-4.2-3-5.3-3.2c-2.2-0.4-3.1-4.3-2.1-8.5 0.5-1.8 1.3-2.4 3.4-2.4 3.6 0 11.2-7.2 11.2-10.6 0-3.2 2.5-3.1 4.6 0.1z\"><\/path><path d=\"M17.5 31c-1.2 4.2-8.5 11-11.7 11-2.6 0-2.8 0.3-2.8 4 0 3.4 0.3 4 2.2 4 1.2 0 3.2 1 4.5 2.2 2 1.9 2.3 1.9 2.3 0.4 0-0.9 0.9-3.5 2-5.6 2.1-4.1 4.7-5.1 8-3 2.1 1.3 0.5 2.3-1.9 1.1-1.3-0.7-2.2-0.8-2.6-0.1-0.7 1.1 4.1 3.2 6.3 2.8 3.1-0.6 2.2-2.8-2-4.9-2.4-1.2-4.4-2.3-4.6-2.4s0.5-1.9 1.4-3.8c1.3-2.8 1.5-4.2 0.7-5.9l-1-2.3-0.8 2.5z\"><\/path><path d=\"M17 49.5c1.4 0.8 3.6 1.4 5 1.4 2.3 0 2.2-0.1-0.9-1.4-4.4-2-7.5-1.9-4.1 0z\"><\/path><path d=\"M14 50.6c0 0.8 6.2 3.5 7.2 3.2 0.6-0.2-0.8-1.1-3.1-2-2.2-0.9-4.1-1.5-4.1-1.2z\"><\/path><path d=\"M15.4 54.4c1.1 0.9 2.7 1.6 3.5 1.5 1.4 0 1.4-0.1 0.1-0.6-0.8-0.3-2.4-1-3.5-1.5-2-0.9-2-0.9-0.1 0.6z\"><\/path><path d=\"M58.5 20.9c-1.1 0.5-6 1.4-11 2-15.2 2-13.5-0.7-13.5 21.5v19.2l11.9-1.7c6.6-1 13.3-2.5 15-3.4l3.1-1.6v-18.4c0-20.1 0.1-19.8-5.5-17.6zM59 26.5c0 2-2.8 3-11.7 4.4-3.9 0.6-7.8 1.4-8.7 1.7-1.1 0.4-1.6 0-1.6-1.4 0-1.7 1-2.2 7.3-3.2 3.9-0.6 8.3-1.5 9.7-2 3.8-1.3 5-1.2 5 0.5zM59 32.4c0 1.8-1.8 2.4-9.4 3.6-3.4 0.5-7.6 1.2-9.5 1.6-2.9 0.6-3.3 0.5-2.9-1.2 0.3-1.5 2-2.2 9.3-3.5 11.7-2.1 12.5-2.2 12.5-0.5zM59 37.5c0 1.9-2.9 3-10 4-3 0.3-7 1-8.7 1.5-2.9 0.7-3.3 0.6-3.3-1 0-1.4 1-2.1 3.8-2.6 2-0.3 6.4-1.2 9.7-1.9 8.2-1.7 8.5-1.7 8.5 0zM58.8 48.7c-0.2 1.2-1.8 2.1-4.8 2.6-2.5 0.5-7.3 1.4-10.7 2.1-5.9 1.2-6.3 1.2-6.3-0.5 0-1.4 1.3-2 5.8-2.8 3.1-0.6 7.5-1.5 9.7-2 6.1-1.3 6.7-1.3 6.3 0.6zM59 53.5c0 2.1-2.6 3.1-11 4.4-4.1 0.6-8.3 1.4-9.2 1.7-1.3 0.4-1.8 0-1.8-1.5 0-1.6 0.9-2.1 4.8-2.6 2.6-0.3 7.2-1.2 10.2-1.9s5.8-1.4 6.3-1.5c0.4 0 0.7 0.6 0.7 1.4z\"><\/path><\/svg>                                                            \n                                                            <span class=\"eael-tab-title title-after-icon\" ><\/span>                            \n                                                    <\/li>\n                    \n                                  <\/ul>\n            <\/div>\n            \n            <div class=\"eael-tabs-content\">\n\t\t        \n                    <div id=\"-tab\" class=\"clearfix eael-tab-content-item inactive\" data-title-link=\"-tab\">\n\t\t\t\t        Wraz z zako\u0144czeniem I wojny \u015bwiatowej Polska odzyska\u0142a niepodleg\u0142o\u015b\u0107 po 123 latach zabor\u00f3w. Polscy \u017co\u0142nierze wkroczyli do Bia\u0142egostoku w lutym 1919 r. Rozpocz\u0105\u0142 si\u0119 okres nazywany dwudziestoleciem mi\u0119dzywojennym. Miasto by\u0142o w\u00f3wczas \u015bredniej wielko\u015bci garnizonem wojskowym. Stacjonowali tu \u017co\u0142nierze piechoty, kawalerii i artylerii konnej. Wi\u0119kszo\u015b\u0107 czasu sp\u0119dzali w koszarach b\u0105d\u017a na poligonie. Brali tak\u017ce czynny udzia\u0142 w \u017cyciu miasta, ich widok na ulicach nikogo nie dziwi\u0142.\n42. pu\u0142k piechoty stacjonowa\u0142 w koszarach przy ulicy Traugutta i by\u0142 jednostk\u0105 wyj\u0105tkow\u0105. Jego \u017co\u0142nierzy nazywano \u201eDzie\u0107mi Bia\u0142ostockimi\u201d. To im bia\u0142ostoczanie ufundowali sztandar bojowy, kt\u00f3ry zosta\u0142 wr\u0119czony dow\u00f3dcy przez samego J\u00f3zefa Pi\u0142sudskiego podczas uroczystego powitania \u017co\u0142nierzy w mie\u015bcie w 1921 r.\nMiniatura sztandaru nie jest wiern\u0105 kopi\u0105 sztandaru, a jedynie jego przybli\u017conym odwzorowaniem. By\u0142a form\u0105 upominku dla odchodz\u0105cego dow\u00f3dcy jednostki.\n\n&nbsp;\n<div>\n<a href=\"https:\/\/mwb.com.pl\/garnizon\/wp-content\/uploads\/opisy\/5.pdf\" rel=\"noopener noreferrer\">\n<button>Pobierz plik<\/button>\n<\/a><\/div>                    <\/div>\n\t\t        \n                    <div id=\"-tab\" class=\"clearfix eael-tab-content-item inactive\" data-title-link=\"-tab\">\n\t\t\t\t        <audio class=\"wp-audio-shortcode\" id=\"audio-1267-1\" preload=\"none\" style=\"width: 100%;\" controls=\"controls\"><source type=\"audio\/mpeg\" src=\"https:\/\/mwb.com.pl\/garnizon\/wp-content\/uploads\/nagrania\/21.mp3?_=1\" \/><a href=\"https:\/\/mwb.com.pl\/garnizon\/wp-content\/uploads\/nagrania\/21.mp3\">https:\/\/mwb.com.pl\/garnizon\/wp-content\/uploads\/nagrania\/21.mp3<\/a><\/audio>\n\n&nbsp;\n<div>\n<a href=\"https:\/\/mwb.com.pl\/garnizon\/wp-content\/uploads\/nagrania\/21.mp3\" rel=\"noopener noreferrer\">\n<button>Pobierz plik<\/button>\n<\/a><\/div>                    <\/div>\n\t\t        \n                    <div id=\"-tab\" class=\"clearfix eael-tab-content-item inactive\" data-title-link=\"-tab\">\n\t\t\t\t        <iframe width=\"560\" height=\"315\" src=\"https:\/\/www.youtube.com\/embed\/a9gOYwLsPNA\" title=\"YouTube video player\" allowfullscreen><\/iframe>                    <\/div>\n\t\t        \n                    <div id=\"-tab\" class=\"clearfix eael-tab-content-item inactive\" data-title-link=\"-tab\">\n\t\t\t\t        <h6><div class=\"pdfjs-fullscreen\"><a href=\"https:\/\/mwb.com.pl\/garnizon\/wp-content\/plugins\/pdfjs-viewer-shortcode\/pdfjs\/web\/viewer.php?file=https:\/\/mwb.com.pl\/garnizon\/wp-content\/uploads\/pdf\/21.pdf&#038;attachment_id=0&#038;dButton=true&#038;pButton=false&#038;oButton=false&#038;sButton=true&#038;editButtons=true&#038;v=3.1.0&#038;_wpnonce=c813b65de1#zoom=page-width&#038;pagemode=none\" target=\"_blank\" aria-label=\"Open PDF in fullscreen mode\">PE\u0141NY EKRAN<\/a><\/div><a href=\"#pdfjs-viewer-skip\" class=\"screen-reader-text\">Skip to PDF content<\/a><div role=\"region\" aria-label=\"PDF Viewer\" id=\"pdfjs-viewer-skip\"><iframe width=\"100%\" height=\"450px\" src=\"https:\/\/mwb.com.pl\/garnizon\/wp-content\/plugins\/pdfjs-viewer-shortcode\/pdfjs\/web\/viewer.php?file=https:\/\/mwb.com.pl\/garnizon\/wp-content\/uploads\/pdf\/21.pdf&#038;attachment_id=0&#038;dButton=true&#038;pButton=false&#038;oButton=false&#038;sButton=true&#038;editButtons=true&#038;v=3.1.0&#038;_wpnonce=c813b65de1#zoom=page-width&#038;pagemode=none\" title=\"PDF document: 21.pdf\" aria-label=\"PDF document: 21.pdf\" class=\"pdfjs-iframe\" tabindex=\"0\" loading=\"lazy\" style=\"max-width: 100%;\"><\/iframe><\/div><\/h6>                    <\/div>\n\t\t                    <\/div>\n        <\/div>\n\t\t\t\t<\/div>\n\t\t\t\t<\/div>\n\t\t\t\t\t<\/div>\n\t\t<\/div>\n\t\t\t\t\t<\/div>\n\t\t<\/section>\n\t\t\t\t<section class=\"elementor-section elementor-top-section elementor-element elementor-element-15689dd0 elementor-section-boxed elementor-section-height-default elementor-section-height-default\" data-id=\"15689dd0\" data-element_type=\"section\" data-e-type=\"section\">\n\t\t\t\t\t\t<div class=\"elementor-container elementor-column-gap-default\">\n\t\t\t\t\t<div class=\"elementor-column elementor-col-100 elementor-top-column elementor-element elementor-element-59f1d1a2\" data-id=\"59f1d1a2\" data-element_type=\"column\" data-e-type=\"column\">\n\t\t\t<div class=\"elementor-widget-wrap elementor-element-populated\">\n\t\t\t\t\t\t<div class=\"elementor-element elementor-element-65e7255a elementor-widget elementor-widget-spacer\" data-id=\"65e7255a\" data-element_type=\"widget\" data-e-type=\"widget\" data-widget_type=\"spacer.default\">\n\t\t\t\t<div class=\"elementor-widget-container\">\n\t\t\t\t\t\t\t<div class=\"elementor-spacer\">\n\t\t\t<div class=\"elementor-spacer-inner\"><\/div>\n\t\t<\/div>\n\t\t\t\t\t\t<\/div>\n\t\t\t\t<\/div>\n\t\t\t\t\t<\/div>\n\t\t<\/div>\n\t\t\t\t\t<\/div>\n\t\t<\/section>\n\t\t\t\t<\/div>\n\t\t","protected":false},"excerpt":{"rendered":"<p>MINIATURA SZTANDARU Miniatura sztandaru 42. pu\u0142ku piechoty Nr inw. MWB\/110 easy5 Wraz z zako\u0144czeniem I wojny \u015bwiatowej Polska odzyska\u0142a niepodleg\u0142o\u015b\u0107 po 123 latach zabor\u00f3w. Polscy \u017co\u0142nierze wkroczyli do Bia\u0142egostoku w lutym 1919 r. Rozpocz\u0105\u0142 si\u0119 okres nazywany dwudziestoleciem mi\u0119dzywojennym. Miasto by\u0142o w\u00f3wczas \u015bredniej wielko\u015bci garnizonem wojskowym. Stacjonowali tu \u017co\u0142nierze piechoty, kawalerii i artylerii konnej. Wi\u0119kszo\u015b\u0107 [&hellip;]<\/p>\n","protected":false},"author":1,"featured_media":0,"parent":0,"menu_order":0,"comment_status":"closed","ping_status":"closed","template":"page-templates\/page_front-page.php","meta":{"h5ap_radio_sources":[],"footnotes":""},"class_list":["post-1267","page","type-page","status-publish","hentry"],"_links":{"self":[{"href":"https:\/\/mwb.com.pl\/garnizon\/wp-json\/wp\/v2\/pages\/1267","targetHints":{"allow":["GET"]}}],"collection":[{"href":"https:\/\/mwb.com.pl\/garnizon\/wp-json\/wp\/v2\/pages"}],"about":[{"href":"https:\/\/mwb.com.pl\/garnizon\/wp-json\/wp\/v2\/types\/page"}],"author":[{"embeddable":true,"href":"https:\/\/mwb.com.pl\/garnizon\/wp-json\/wp\/v2\/users\/1"}],"replies":[{"embeddable":true,"href":"https:\/\/mwb.com.pl\/garnizon\/wp-json\/wp\/v2\/comments?post=1267"}],"version-history":[{"count":31,"href":"https:\/\/mwb.com.pl\/garnizon\/wp-json\/wp\/v2\/pages\/1267\/revisions"}],"predecessor-version":[{"id":3406,"href":"https:\/\/mwb.com.pl\/garnizon\/wp-json\/wp\/v2\/pages\/1267\/revisions\/3406"}],"wp:attachment":[{"href":"https:\/\/mwb.com.pl\/garnizon\/wp-json\/wp\/v2\/media?parent=1267"}],"curies":[{"name":"wp","href":"https:\/\/api.w.org\/{rel}","templated":true}]}}