{"id":8,"date":"2020-09-09T14:13:39","date_gmt":"2020-09-09T12:13:39","guid":{"rendered":"https:\/\/mwb.com.pl\/autyzm\/?page_id=8"},"modified":"2020-12-02T10:08:05","modified_gmt":"2020-12-02T09:08:05","slug":"materialy-szkoleniowe","status":"publish","type":"page","link":"https:\/\/mwb.com.pl\/autyzm\/materialy-szkoleniowe\/","title":{"rendered":"Materia\u0142y szkoleniowe"},"content":{"rendered":"\t\t<div data-elementor-type=\"wp-page\" data-elementor-id=\"8\" class=\"elementor elementor-8\">\n\t\t\t\t\t\t<section class=\"elementor-section elementor-top-section elementor-element elementor-element-f6799fb elementor-section-boxed elementor-section-height-default elementor-section-height-default\" data-id=\"f6799fb\" data-element_type=\"section\" data-e-type=\"section\">\n\t\t\t\t\t\t<div class=\"elementor-container elementor-column-gap-default\">\n\t\t\t\t\t<div class=\"elementor-column elementor-col-100 elementor-top-column elementor-element elementor-element-c59d53d\" data-id=\"c59d53d\" data-element_type=\"column\" data-e-type=\"column\">\n\t\t\t<div class=\"elementor-widget-wrap elementor-element-populated\">\n\t\t\t\t\t\t<div class=\"elementor-element elementor-element-87ba7ab elementor-widget elementor-widget-heading\" data-id=\"87ba7ab\" data-element_type=\"widget\" data-e-type=\"widget\" data-widget_type=\"heading.default\">\n\t\t\t\t<div class=\"elementor-widget-container\">\n\t\t\t\t\t<h4 class=\"elementor-heading-title elementor-size-default\">MATERIA\u0141Y SZKOLENIOWE<\/h4>\t\t\t\t<\/div>\n\t\t\t\t<\/div>\n\t\t\t\t\t<\/div>\n\t\t<\/div>\n\t\t\t\t\t<\/div>\n\t\t<\/section>\n\t\t\t\t<section class=\"elementor-section elementor-top-section elementor-element elementor-element-7ab5477 elementor-section-boxed elementor-section-height-default elementor-section-height-default\" data-id=\"7ab5477\" data-element_type=\"section\" data-e-type=\"section\">\n\t\t\t\t\t\t<div class=\"elementor-container elementor-column-gap-default\">\n\t\t\t\t\t<div class=\"elementor-column elementor-col-100 elementor-top-column elementor-element elementor-element-439e943\" data-id=\"439e943\" data-element_type=\"column\" data-e-type=\"column\">\n\t\t\t<div class=\"elementor-widget-wrap elementor-element-populated\">\n\t\t\t\t\t\t<div class=\"elementor-element elementor-element-935fd7a elementor-widget elementor-widget-text-editor\" data-id=\"935fd7a\" data-element_type=\"widget\" data-e-type=\"widget\" data-widget_type=\"text-editor.default\">\n\t\t\t\t<div class=\"elementor-widget-container\">\n\t\t\t\t\t\t\t\t\t<p>Dost\u0119pne poni\u017cej nagrania pochodz\u0105 z webinari\u00f3w, w kt\u00f3rych wzi\u0119li udzia\u0142 pracownicy Dzia\u0142u Edukacji i Wystaw Muzeum Wojska w Bia\u0142ymstoku. Szkolenia online z ekspertami odby\u0142y si\u0119 w maju i czerwcu 2020 r. Stanowi\u0142y g\u0142\u00f3wn\u0105 cz\u0119\u015b\u0107 cyklu szkoleniowego, maj\u0105cego na celu podniesienie kompetencji pracownik\u00f3w Muzeum w zakresie pracy z osobami z autyzmem. Ponadto odby\u0142y si\u0119 zdalne spotkania z pracownikami instytucji kultury: Muzeum \u0141azienki Kr\u00f3lewskie oraz Muzeum \u017byd\u00f3w Polskich Polin, a tak\u017ce z mam\u0105 dziecka z autyzmem. Za wszystkie spotkania dzi\u0119kujemy!<\/p>\t\t\t\t\t\t\t\t<\/div>\n\t\t\t\t<\/div>\n\t\t\t\t\t<\/div>\n\t\t<\/div>\n\t\t\t\t\t<\/div>\n\t\t<\/section>\n\t\t\t\t<section class=\"elementor-section elementor-top-section elementor-element elementor-element-90d807a elementor-section-boxed elementor-section-height-default elementor-section-height-default\" data-id=\"90d807a\" data-element_type=\"section\" data-e-type=\"section\">\n\t\t\t\t\t\t<div class=\"elementor-container elementor-column-gap-default\">\n\t\t\t\t\t<div class=\"elementor-column elementor-col-100 elementor-top-column elementor-element elementor-element-c0f2581\" data-id=\"c0f2581\" data-element_type=\"column\" data-e-type=\"column\">\n\t\t\t<div class=\"elementor-widget-wrap elementor-element-populated\">\n\t\t\t\t\t\t<section class=\"elementor-section elementor-inner-section elementor-element elementor-element-d727e8f elementor-section-boxed elementor-section-height-default elementor-section-height-default\" data-id=\"d727e8f\" data-element_type=\"section\" data-e-type=\"section\">\n\t\t\t\t\t\t<div class=\"elementor-container elementor-column-gap-default\">\n\t\t\t\t\t<div class=\"elementor-column elementor-col-50 elementor-inner-column elementor-element elementor-element-46f9072\" data-id=\"46f9072\" data-element_type=\"column\" data-e-type=\"column\">\n\t\t\t<div class=\"elementor-widget-wrap elementor-element-populated\">\n\t\t\t\t\t\t<div class=\"elementor-element elementor-element-341b2e4 elementor-widget elementor-widget-text-editor\" data-id=\"341b2e4\" data-element_type=\"widget\" data-e-type=\"widget\" data-widget_type=\"text-editor.default\">\n\t\t\t\t<div class=\"elementor-widget-container\">\n\t\t\t\t\t\t\t\t\t<p><strong>\u201eDziecko ze spektrum autyzmu\u201d<\/strong>, Nina Zawadzka i Micha\u0142 Fiedosiuk, Krajowe Towarzystwo Autyzmu, Oddzia\u0142 w Bia\u0142ymstoku<br \/>Celem webinarium by\u0142o wprowadzenie s\u0142uchaczy w zagadnienie autyzmu i jego objaw\u00f3w. Prowadz\u0105cy om\u00f3wili zaburzenia sensoryczne wyst\u0119puj\u0105ce u os\u00f3b z autyzmem oraz wyja\u015bnili funkcje zachowa\u0144 trudnych. Kwintesencj\u0105 wyk\u0142adu by\u0142y wskaz\u00f3wki do pracy z osobami z autyzmem w instytucji kultury. Eksperci opowiedzieli o potrzebach os\u00f3b z autyzmem w zakresie: sta\u0142o\u015bci i nieprzewidywalno\u015bci, komfortu sensorycznego, wizualnego kana\u0142u przekazu informacji, kontrolowanego sposobu m\u00f3wienia czy wzmacniania motywacji.<\/p><p><strong>Nina Zawadzka<\/strong> &#8211; nauczyciel i terapeuta z 18-letnim sta\u017cem w pracy z dzie\u0107mi i m\u0142odzie\u017c\u0105 z zaburzeniami rozwoju, oligofrenopedagog, kurs kwalifikacyjny z terapii pedagogicznej. Sw\u00f3j poziom kompetencji w zakresie diagnozowania i prowadzenia terapii doskonali\u0142a uczestnicz\u0105c w wielu kursach specjalistycznych, konferencjach i szkoleniach.<\/p><p><strong>Micha\u0142 Fiedosiuk<\/strong> &#8211; oligofrenopedagog, absolwent wydzia\u0142u Pedagogiki i Psychologii Uniwersytetu w Bia\u0142ymstoku oraz Akademii Pedagogiki Specjalnej im. Marii Grzegorzewskiej w Warszawie. W codziennej pracy zajmuje si\u0119 terapi\u0105 i edukacj\u0105 dzieci z zaburzeniami rozwojowymi ze spektrum autyzmu.<\/p>\t\t\t\t\t\t\t\t<\/div>\n\t\t\t\t<\/div>\n\t\t\t\t\t<\/div>\n\t\t<\/div>\n\t\t\t\t<div class=\"elementor-column elementor-col-50 elementor-inner-column elementor-element elementor-element-f107c32\" data-id=\"f107c32\" data-element_type=\"column\" data-e-type=\"column\">\n\t\t\t<div class=\"elementor-widget-wrap elementor-element-populated\">\n\t\t\t\t\t\t<div class=\"elementor-element elementor-element-334133e elementor-widget__width-initial elementor-widget elementor-widget-video\" data-id=\"334133e\" data-element_type=\"widget\" data-e-type=\"widget\" data-settings=\"{&quot;youtube_url&quot;:&quot;https:\\\/\\\/www.youtube.com\\\/watch?v=zoHo2DVURPs&quot;,&quot;video_type&quot;:&quot;youtube&quot;,&quot;controls&quot;:&quot;yes&quot;}\" data-widget_type=\"video.default\">\n\t\t\t\t<div class=\"elementor-widget-container\">\n\t\t\t\t\t\t\t<div class=\"elementor-wrapper elementor-open-inline\">\n\t\t\t<div class=\"elementor-video\"><\/div>\t\t<\/div>\n\t\t\t\t\t\t<\/div>\n\t\t\t\t<\/div>\n\t\t\t\t<div class=\"elementor-element elementor-element-daa7b34 elementor-widget__width-initial elementor-widget elementor-widget-video\" data-id=\"daa7b34\" data-element_type=\"widget\" data-e-type=\"widget\" data-settings=\"{&quot;youtube_url&quot;:&quot;https:\\\/\\\/www.youtube.com\\\/watch?v=oWvajeDJiRY&quot;,&quot;video_type&quot;:&quot;youtube&quot;,&quot;controls&quot;:&quot;yes&quot;}\" data-widget_type=\"video.default\">\n\t\t\t\t<div class=\"elementor-widget-container\">\n\t\t\t\t\t\t\t<div class=\"elementor-wrapper elementor-open-inline\">\n\t\t\t<div class=\"elementor-video\"><\/div>\t\t<\/div>\n\t\t\t\t\t\t<\/div>\n\t\t\t\t<\/div>\n\t\t\t\t<div class=\"elementor-element elementor-element-1bc1226 elementor-widget__width-initial elementor-widget elementor-widget-video\" data-id=\"1bc1226\" data-element_type=\"widget\" data-e-type=\"widget\" data-settings=\"{&quot;youtube_url&quot;:&quot;https:\\\/\\\/www.youtube.com\\\/watch?v=LiVONQRJ3sM&quot;,&quot;video_type&quot;:&quot;youtube&quot;,&quot;controls&quot;:&quot;yes&quot;}\" data-widget_type=\"video.default\">\n\t\t\t\t<div class=\"elementor-widget-container\">\n\t\t\t\t\t\t\t<div class=\"elementor-wrapper elementor-open-inline\">\n\t\t\t<div class=\"elementor-video\"><\/div>\t\t<\/div>\n\t\t\t\t\t\t<\/div>\n\t\t\t\t<\/div>\n\t\t\t\t\t<\/div>\n\t\t<\/div>\n\t\t\t\t\t<\/div>\n\t\t<\/section>\n\t\t\t\t\t<\/div>\n\t\t<\/div>\n\t\t\t\t\t<\/div>\n\t\t<\/section>\n\t\t\t\t<section class=\"elementor-section elementor-top-section elementor-element elementor-element-b8ffe6f elementor-section-boxed elementor-section-height-default elementor-section-height-default\" data-id=\"b8ffe6f\" data-element_type=\"section\" data-e-type=\"section\">\n\t\t\t\t\t\t<div class=\"elementor-container elementor-column-gap-default\">\n\t\t\t\t\t<div class=\"elementor-column elementor-col-100 elementor-top-column elementor-element elementor-element-99c09db\" data-id=\"99c09db\" data-element_type=\"column\" data-e-type=\"column\">\n\t\t\t<div class=\"elementor-widget-wrap elementor-element-populated\">\n\t\t\t\t\t\t<section class=\"elementor-section elementor-inner-section elementor-element elementor-element-8a8c1d1 elementor-section-boxed elementor-section-height-default elementor-section-height-default\" data-id=\"8a8c1d1\" data-element_type=\"section\" data-e-type=\"section\">\n\t\t\t\t\t\t<div class=\"elementor-container elementor-column-gap-default\">\n\t\t\t\t\t<div class=\"elementor-column elementor-col-50 elementor-inner-column elementor-element elementor-element-160a9e8\" data-id=\"160a9e8\" data-element_type=\"column\" data-e-type=\"column\">\n\t\t\t<div class=\"elementor-widget-wrap elementor-element-populated\">\n\t\t\t\t\t\t<div class=\"elementor-element elementor-element-630d575 elementor-widget elementor-widget-text-editor\" data-id=\"630d575\" data-element_type=\"widget\" data-e-type=\"widget\" data-widget_type=\"text-editor.default\">\n\t\t\t\t<div class=\"elementor-widget-container\">\n\t\t\t\t\t\t\t\t\t<p><strong>\u201eWzory r\u00f3\u017cnorodno\u015bci. Projektowanie do\u015bwiadcze\u0144 edukacyjnych\u201d<\/strong>, Dagmara Stanosz | Muzeum \u015al\u0105skie<br \/>Szkolenie mia\u0142o na celu przekazanie dobrych praktyk w pracy z osobami z autyzmem w instytucji kultury. We wst\u0119pie prowadz\u0105ca om\u00f3wi\u0142a zaburzenia ze spektrum autyzmu. Jednocze\u015bnie zach\u0119ca\u0142a do wyj\u015bcia poza stereotypowe my\u015blenie o spektrum, jak o zaburzeniu intelektualnym, na rzecz kultury autystycznej i neuror\u00f3\u017cnorodno\u015bci. W kolejnych cz\u0119\u015bciach przedstawi\u0142a zasady projektowania oferty instytucji kultury dla os\u00f3b z autyzmem. Dotyczy\u0142y one zar\u00f3wno poziomu organizacji przestrzeni zwiedzania, zasad prowadzenia strony internetowej czy promocji dzia\u0142a\u0144. Na koniec poda\u0142a praktyczne wskaz\u00f3wki do projektowania i prowadzenia zaj\u0119\u0107 edukacyjnych z osobami z autyzmem.<\/p><p><strong>Dagmara Stanosz<\/strong> \u2013 antropolo\u017cka kultury, na co dzie\u0144 pracuje w Muzeum \u015al\u0105skim, gdzie tworzy i koordynuje interdyscyplinarne projekty edukacyjno-artystyczne, prowadzi autorskie warsztaty dla grup zagro\u017conych wykluczeniem spo\u0142ecznym, w tym os\u00f3b niewidomych, nies\u0142ysz\u0105cych, ze spektrum autyzmu. W 2019 roku otrzyma\u0142a wyr\u00f3\u017cnienie \u201eIdola \u015brodowiska\u201d os\u00f3b niewidomych za innowacyjne dzia\u0142ania w obszarze edukacji.<\/p>\t\t\t\t\t\t\t\t<\/div>\n\t\t\t\t<\/div>\n\t\t\t\t\t<\/div>\n\t\t<\/div>\n\t\t\t\t<div class=\"elementor-column elementor-col-50 elementor-inner-column elementor-element elementor-element-0df0e40\" data-id=\"0df0e40\" data-element_type=\"column\" data-e-type=\"column\">\n\t\t\t<div class=\"elementor-widget-wrap elementor-element-populated\">\n\t\t\t\t\t\t<div class=\"elementor-element elementor-element-a0c983e elementor-widget__width-initial elementor-widget elementor-widget-video\" data-id=\"a0c983e\" data-element_type=\"widget\" data-e-type=\"widget\" data-settings=\"{&quot;youtube_url&quot;:&quot;https:\\\/\\\/www.youtube.com\\\/watch?v=lE1_OhXBnNE&quot;,&quot;video_type&quot;:&quot;youtube&quot;,&quot;controls&quot;:&quot;yes&quot;}\" data-widget_type=\"video.default\">\n\t\t\t\t<div class=\"elementor-widget-container\">\n\t\t\t\t\t\t\t<div class=\"elementor-wrapper elementor-open-inline\">\n\t\t\t<div class=\"elementor-video\"><\/div>\t\t<\/div>\n\t\t\t\t\t\t<\/div>\n\t\t\t\t<\/div>\n\t\t\t\t<div class=\"elementor-element elementor-element-521b93d elementor-widget__width-initial elementor-widget elementor-widget-video\" data-id=\"521b93d\" data-element_type=\"widget\" data-e-type=\"widget\" data-settings=\"{&quot;youtube_url&quot;:&quot;https:\\\/\\\/www.youtube.com\\\/watch?v=mLx2c72aMtE&quot;,&quot;video_type&quot;:&quot;youtube&quot;,&quot;controls&quot;:&quot;yes&quot;}\" data-widget_type=\"video.default\">\n\t\t\t\t<div class=\"elementor-widget-container\">\n\t\t\t\t\t\t\t<div class=\"elementor-wrapper elementor-open-inline\">\n\t\t\t<div class=\"elementor-video\"><\/div>\t\t<\/div>\n\t\t\t\t\t\t<\/div>\n\t\t\t\t<\/div>\n\t\t\t\t<div class=\"elementor-element elementor-element-8f066e7 elementor-widget__width-initial elementor-widget elementor-widget-video\" data-id=\"8f066e7\" data-element_type=\"widget\" data-e-type=\"widget\" data-settings=\"{&quot;youtube_url&quot;:&quot;https:\\\/\\\/www.youtube.com\\\/watch?v=nfrqot5dJFQ&quot;,&quot;video_type&quot;:&quot;youtube&quot;,&quot;controls&quot;:&quot;yes&quot;}\" data-widget_type=\"video.default\">\n\t\t\t\t<div class=\"elementor-widget-container\">\n\t\t\t\t\t\t\t<div class=\"elementor-wrapper elementor-open-inline\">\n\t\t\t<div class=\"elementor-video\"><\/div>\t\t<\/div>\n\t\t\t\t\t\t<\/div>\n\t\t\t\t<\/div>\n\t\t\t\t<div class=\"elementor-element elementor-element-f107901 elementor-widget__width-initial elementor-widget elementor-widget-video\" data-id=\"f107901\" data-element_type=\"widget\" data-e-type=\"widget\" data-settings=\"{&quot;youtube_url&quot;:&quot;https:\\\/\\\/www.youtube.com\\\/watch?v=KyJjjqOqzl8&quot;,&quot;video_type&quot;:&quot;youtube&quot;,&quot;controls&quot;:&quot;yes&quot;}\" data-widget_type=\"video.default\">\n\t\t\t\t<div class=\"elementor-widget-container\">\n\t\t\t\t\t\t\t<div class=\"elementor-wrapper elementor-open-inline\">\n\t\t\t<div class=\"elementor-video\"><\/div>\t\t<\/div>\n\t\t\t\t\t\t<\/div>\n\t\t\t\t<\/div>\n\t\t\t\t\t<\/div>\n\t\t<\/div>\n\t\t\t\t\t<\/div>\n\t\t<\/section>\n\t\t\t\t\t<\/div>\n\t\t<\/div>\n\t\t\t\t\t<\/div>\n\t\t<\/section>\n\t\t\t\t<\/div>\n\t\t","protected":false},"excerpt":{"rendered":"<p>MATERIA\u0141Y SZKOLENIOWE Dost\u0119pne poni\u017cej nagrania pochodz\u0105 z webinari\u00f3w, w kt\u00f3rych wzi\u0119li udzia\u0142 pracownicy Dzia\u0142u Edukacji i Wystaw Muzeum Wojska w Bia\u0142ymstoku. Szkolenia online z ekspertami odby\u0142y si\u0119 w maju i czerwcu 2020 r. Stanowi\u0142y g\u0142\u00f3wn\u0105 cz\u0119\u015b\u0107 cyklu szkoleniowego, maj\u0105cego na celu podniesienie kompetencji pracownik\u00f3w Muzeum w zakresie pracy z osobami z autyzmem. Ponadto odby\u0142y si\u0119 [&hellip;]<\/p>\n","protected":false},"author":1,"featured_media":0,"parent":0,"menu_order":0,"comment_status":"closed","ping_status":"closed","template":"page-templates\/page_front-page.php","meta":{"h5ap_radio_sources":[],"footnotes":""},"class_list":["post-8","page","type-page","status-publish","hentry"],"_links":{"self":[{"href":"https:\/\/mwb.com.pl\/autyzm\/wp-json\/wp\/v2\/pages\/8","targetHints":{"allow":["GET"]}}],"collection":[{"href":"https:\/\/mwb.com.pl\/autyzm\/wp-json\/wp\/v2\/pages"}],"about":[{"href":"https:\/\/mwb.com.pl\/autyzm\/wp-json\/wp\/v2\/types\/page"}],"author":[{"embeddable":true,"href":"https:\/\/mwb.com.pl\/autyzm\/wp-json\/wp\/v2\/users\/1"}],"replies":[{"embeddable":true,"href":"https:\/\/mwb.com.pl\/autyzm\/wp-json\/wp\/v2\/comments?post=8"}],"version-history":[{"count":39,"href":"https:\/\/mwb.com.pl\/autyzm\/wp-json\/wp\/v2\/pages\/8\/revisions"}],"predecessor-version":[{"id":298,"href":"https:\/\/mwb.com.pl\/autyzm\/wp-json\/wp\/v2\/pages\/8\/revisions\/298"}],"wp:attachment":[{"href":"https:\/\/mwb.com.pl\/autyzm\/wp-json\/wp\/v2\/media?parent=8"}],"curies":[{"name":"wp","href":"https:\/\/api.w.org\/{rel}","templated":true}]}}