{"id":79,"date":"2020-09-11T13:46:13","date_gmt":"2020-09-11T11:46:13","guid":{"rendered":"https:\/\/mwb.com.pl\/autyzm\/?page_id=79"},"modified":"2022-02-14T11:45:38","modified_gmt":"2022-02-14T10:45:38","slug":"oferta-edukacyjna","status":"publish","type":"page","link":"https:\/\/mwb.com.pl\/autyzm\/oferta-edukacyjna\/","title":{"rendered":"Oferta edukacyjna"},"content":{"rendered":"<p>&nbsp;<\/p>\n<h4 style=\"text-align: center; color: #00008b;\">OFERTA EDUKACYJNA<\/h4>\n<p>&nbsp;<\/p>\n<div align=\"center\"><a href=\"https:\/\/mwb.com.pl\/autyzm\/wp-content\/uploads\/jezyk_prosty\/autyzm2_prosty.pdf\" target=\"_blank\" rel=\"noopener noreferrer\"><img decoding=\"async\" src=\"https:\/\/mwb.com.pl\/autyzm\/wp-content\/uploads\/jezyk_prosty\/baner_jezyk_prosty.jpg\" alt=\"tekst \u0142atwy do czytania i rozumienia\" \/><\/a><\/div>\n<p>Muzeum Wojska w Bia\u0142ymstoku zaprasza grupy zorganizowane do korzystania z oferty warsztat\u00f3w edukacyjnych przygotowanych z my\u015bl\u0105 o potrzebach os\u00f3b ze spektrum autyzmu. Przyjmowane s\u0105 zapisy grup os\u00f3b z autyzmem oraz grup integracyjnych.<\/p>\n<p><strong>Tematy warsztat\u00f3w:<\/strong><\/p>\n<p>O malarstwie i wojnie<br \/>\nCelem zaj\u0119\u0107 jest poznanie obraz\u00f3w ze zbior\u00f3w Muzeum Wojska w Bia\u0142ymstoku po\u015bwi\u0119conych wojnie polsko-bolszewickiej, a tak\u017ce materia\u0142\u00f3w i przybor\u00f3w malarskich. Na drodze prostych, pobudzaj\u0105cych zmys\u0142y \u0107wicze\u0144, wyja\u015bnimy zagadnienia wojny, jak i samej sztuki malowania.<\/p>\n<p><strong>Kuchnia polowa<\/strong><br \/>\nTematyk\u0105 spotkania b\u0119dzie sprz\u0119t kuchenny oraz kwestie \u017cywienia w wojsku. Dzi\u0119ki historycznym fotografiom dowiemy si\u0119, jak wojskowi jedli i jedz\u0105. Poznamy menu \u017co\u0142nierza oraz przedmioty, z kt\u00f3rych korzysta przy posi\u0142kach. Wybrane przyprawy pozwol\u0105 nam poczu\u0107 zapach wojskowych potraw.<\/p>\n<p><strong>\u017bo\u0142nierskie niezb\u0119dniki<\/strong><br \/>\nMundur i ekwipunek s\u0105 podstaw\u0105 sprawnego funkcjonowania \u017co\u0142nierza. W trakcie zaj\u0119\u0107 poznamy poszczeg\u00f3lne cz\u0119\u015bci munduru, a tak\u017ce dotkniemy tkanin z jakich zosta\u0142y uszyte. Na koniec skompletujemy \u017co\u0142nierski ekwipunek.<\/p>\n<p><strong>Dawny Bia\u0142ystok<\/strong><br \/>\nNasz\u0105 uwag\u0119 skupimy na planie mi\u0119dzywojennego Bia\u0142egostoku. Wsp\u00f3lnie rozszyfrujemy wszystkie znaki na mapie, a nast\u0119pnie spr\u00f3bujemy zlokalizowa\u0107 na niej miejsca, pokazane na starych fotografiach. Zadaniem uczestnik\u00f3w b\u0119dzie wykonanie mapy miejsca, w kt\u00f3rym najbardziej lubi\u0105 sp\u0119dza\u0107 czas.<\/p>\n<p><strong>\u017bo\u0142nierz w terenie<\/strong><br \/>\nW trakcie spotkania przyjrzymy si\u0119 r\u00f3\u017cnym rodzajom krajobrazu, w jakich \u017co\u0142nierze realizuj\u0105 swoje zadania. Zadaniem uczestnik\u00f3w b\u0119dzie dobranie do scenerii lasu, \u0142\u0105ki, g\u00f3r lub miasta odpowiednich d\u017awi\u0119k\u00f3w i przedmiot\u00f3w.<\/p>\n<p><strong>Udzia\u0142 w zaj\u0119ciach jest bezp\u0142atny.<\/strong><\/p>\n<p>Odbiorcy: Wszystkie warsztaty s\u0105 skierowane do trzech grup wiekowych: dzieci, m\u0142odzie\u017cy oraz doros\u0142ych ze spektrum autyzmu i Zespo\u0142em Aspergera, w tym do grup integracyjnych.<br \/>\nProwadzenie: edukatorzy Muzeum Wojska w Bia\u0142ymstoku<br \/>\nCzas trwania zaj\u0119\u0107: do 60 min.<br \/>\nRezerwacja: https:\/\/mwb.com.pl\/rezerwacja\/<br \/>\nLiczba uczestnik\u00f3w: do 15 os\u00f3b (wraz z prowadz\u0105cym i opiekunami)<\/p>\n<p><strong>Istnieje mo\u017cliwo\u015b\u0107 realizacji warsztat\u00f3w w siedzibie zamawiaj\u0105cego. <\/strong><\/p>\n<p><strong>Kontakt: Ewelina Sarosiek, tel. 857416449 wew. 13.<br \/>\n<\/strong><\/p>\n<p>&nbsp;<\/p>\n<p style=\"text-align: center;\">Rezerwacja online<br \/>\n<img decoding=\"async\" class=\"wp-image-2736 size-thumbnail aligncenter\" src=\"https:\/\/mwb.com.pl\/mwb2017\/wp-content\/uploads\/2019\/01\/booking-150x150.png\" alt=\"ikona rezerwacji\" width=\"150\" height=\"150\" \/><\/p>\n<p>&nbsp;<\/p>\n","protected":false},"excerpt":{"rendered":"<p>&nbsp; OFERTA EDUKACYJNA &nbsp; Muzeum Wojska w Bia\u0142ymstoku zaprasza grupy zorganizowane do korzystania z oferty warsztat\u00f3w edukacyjnych przygotowanych z my\u015bl\u0105 o potrzebach os\u00f3b ze spektrum autyzmu. Przyjmowane s\u0105 zapisy grup os\u00f3b z autyzmem oraz grup integracyjnych. Tematy warsztat\u00f3w: O malarstwie i wojnie Celem zaj\u0119\u0107 jest poznanie obraz\u00f3w ze zbior\u00f3w Muzeum Wojska w Bia\u0142ymstoku po\u015bwi\u0119conych wojnie [&hellip;]<\/p>\n","protected":false},"author":1,"featured_media":0,"parent":0,"menu_order":0,"comment_status":"closed","ping_status":"closed","template":"page-templates\/page_front-page.php","meta":{"h5ap_radio_sources":[],"footnotes":""},"class_list":["post-79","page","type-page","status-publish","hentry"],"_links":{"self":[{"href":"https:\/\/mwb.com.pl\/autyzm\/wp-json\/wp\/v2\/pages\/79","targetHints":{"allow":["GET"]}}],"collection":[{"href":"https:\/\/mwb.com.pl\/autyzm\/wp-json\/wp\/v2\/pages"}],"about":[{"href":"https:\/\/mwb.com.pl\/autyzm\/wp-json\/wp\/v2\/types\/page"}],"author":[{"embeddable":true,"href":"https:\/\/mwb.com.pl\/autyzm\/wp-json\/wp\/v2\/users\/1"}],"replies":[{"embeddable":true,"href":"https:\/\/mwb.com.pl\/autyzm\/wp-json\/wp\/v2\/comments?post=79"}],"version-history":[{"count":40,"href":"https:\/\/mwb.com.pl\/autyzm\/wp-json\/wp\/v2\/pages\/79\/revisions"}],"predecessor-version":[{"id":670,"href":"https:\/\/mwb.com.pl\/autyzm\/wp-json\/wp\/v2\/pages\/79\/revisions\/670"}],"wp:attachment":[{"href":"https:\/\/mwb.com.pl\/autyzm\/wp-json\/wp\/v2\/media?parent=79"}],"curies":[{"name":"wp","href":"https:\/\/api.w.org\/{rel}","templated":true}]}}