{"id":639,"date":"2021-02-09T15:03:33","date_gmt":"2021-02-09T14:03:33","guid":{"rendered":"https:\/\/mwb.com.pl\/autyzm\/?page_id=639"},"modified":"2021-02-09T15:12:40","modified_gmt":"2021-02-09T14:12:40","slug":"about-the-project-2","status":"publish","type":"page","link":"https:\/\/mwb.com.pl\/autyzm\/en\/about-the-project-2\/","title":{"rendered":"About the project"},"content":{"rendered":"\t\t<div data-elementor-type=\"wp-page\" data-elementor-id=\"639\" class=\"elementor elementor-639\">\n\t\t\t\t\t\t<section class=\"elementor-section elementor-top-section elementor-element elementor-element-fe75f13 elementor-section-boxed elementor-section-height-default elementor-section-height-default\" data-id=\"fe75f13\" data-element_type=\"section\" data-e-type=\"section\">\n\t\t\t\t\t\t<div class=\"elementor-container elementor-column-gap-default\">\n\t\t\t\t\t<div class=\"elementor-column elementor-col-100 elementor-top-column elementor-element elementor-element-f5d3122\" data-id=\"f5d3122\" data-element_type=\"column\" data-e-type=\"column\">\n\t\t\t<div class=\"elementor-widget-wrap elementor-element-populated\">\n\t\t\t\t\t\t<div class=\"elementor-element elementor-element-a239110 elementor-widget elementor-widget-text-editor\" data-id=\"a239110\" data-element_type=\"widget\" data-e-type=\"widget\" data-widget_type=\"text-editor.default\">\n\t\t\t\t<div class=\"elementor-widget-container\">\n\t\t\t\t\t\t\t\t\t<h4>\u00a0<\/h4><h4 style=\"color: #1f2493; text-align: center;\">ABOUT THE PROJECT<\/h4>\t\t\t\t\t\t\t\t<\/div>\n\t\t\t\t<\/div>\n\t\t\t\t\t<\/div>\n\t\t<\/div>\n\t\t\t\t\t<\/div>\n\t\t<\/section>\n\t\t\t\t<section class=\"elementor-section elementor-top-section elementor-element elementor-element-7ef469b9 elementor-section-boxed elementor-section-height-default elementor-section-height-default\" data-id=\"7ef469b9\" data-element_type=\"section\" data-e-type=\"section\">\n\t\t\t\t\t\t<div class=\"elementor-container elementor-column-gap-default\">\n\t\t\t\t\t<div class=\"elementor-column elementor-col-100 elementor-top-column elementor-element elementor-element-6a50ab3\" data-id=\"6a50ab3\" data-element_type=\"column\" data-e-type=\"column\">\n\t\t\t<div class=\"elementor-widget-wrap elementor-element-populated\">\n\t\t\t\t\t\t<div class=\"elementor-element elementor-element-21d11307 elementor-widget elementor-widget-text-editor\" data-id=\"21d11307\" data-element_type=\"widget\" data-e-type=\"widget\" data-widget_type=\"text-editor.default\">\n\t\t\t\t<div class=\"elementor-widget-container\">\n\t\t\t\t\t\t\t\t\t<p>The project <strong>Autism closer. Adapting the educational and cultural offer of the Army Museum in Bia\u0142ystok to the needs of people with autism<\/strong> was implemented with the financial suport from the Ministry of Culture and National Heritage within the framework of the Culture Accessible programme.<\/p><p>The aim of the project was to include, people who perceive the world through the prism of autism, in to the audience of the Museum.<\/p><p>The first project activity was a series of training sessions addressed to employees of the Education and Exhibition Department, like educators, guides and people involved in visitor services. During the expert workshops and meetings with practitioners, the employees acquired knowledge on the needs of people on the autism spectrum and learned examples of effective activities with these audiences. Based on this, an offer dedicated to people with autism was developed, as well as standards for working with these people. As far as possible, free workshops for groups of people on the autism spectrum and inclusive groups, were held until the closure of the institution due to the Covid-19 pandemic. Workshops for students were held in partner schools.<\/p><p>The National Autism Society, Department In Bia\u0142ystok was the main partner of the project.<\/p><p>Partners in Podlaskie Voivodeship: &#8222;Bajka&#8221; Non-public Therapeutic Primary School in Suwa\u0142ki, Special School Complex in August\u00f3w, Primary School for Children with Autism and Associated Disabilities in \u0141om\u017ca, W\u0142adys\u0142aw Jagie\u0142\u0142o Primary School No. 2 in Hajn\u00f3wka, John Paul II Special School Complex in Grajewo.<\/p>\t\t\t\t\t\t\t\t<\/div>\n\t\t\t\t<\/div>\n\t\t\t\t\t<\/div>\n\t\t<\/div>\n\t\t\t\t\t<\/div>\n\t\t<\/section>\n\t\t\t\t<section class=\"elementor-section elementor-top-section elementor-element elementor-element-1ad37cb elementor-section-boxed elementor-section-height-default elementor-section-height-default\" data-id=\"1ad37cb\" data-element_type=\"section\" data-e-type=\"section\">\n\t\t\t\t\t\t<div class=\"elementor-container elementor-column-gap-default\">\n\t\t\t\t\t<div class=\"elementor-column elementor-col-33 elementor-top-column elementor-element elementor-element-f58f97f\" data-id=\"f58f97f\" data-element_type=\"column\" data-e-type=\"column\">\n\t\t\t<div class=\"elementor-widget-wrap\">\n\t\t\t\t\t\t\t<\/div>\n\t\t<\/div>\n\t\t\t\t<div class=\"elementor-column elementor-col-33 elementor-top-column elementor-element elementor-element-797d88b\" data-id=\"797d88b\" data-element_type=\"column\" data-e-type=\"column\">\n\t\t\t<div class=\"elementor-widget-wrap elementor-element-populated\">\n\t\t\t\t\t\t<div class=\"elementor-element elementor-element-b1cc4b3 elementor-widget elementor-widget-text-editor\" data-id=\"b1cc4b3\" data-element_type=\"widget\" data-e-type=\"widget\" data-widget_type=\"text-editor.default\">\n\t\t\t\t<div class=\"elementor-widget-container\">\n\t\t\t\t\t\t\t\t\t<div  id=\"jtg-516\" class=\"modula modula-gallery modula-columns\" data-config=\"{&quot;tabletHeight&quot;:800,&quot;mobileHeight&quot;:800,&quot;desktopHeight&quot;:800,&quot;enableTwitter&quot;:false,&quot;enableWhatsapp&quot;:false,&quot;enableFacebook&quot;:false,&quot;enablePinterest&quot;:false,&quot;enableLinkedin&quot;:false,&quot;enableEmail&quot;:false,&quot;randomFactor&quot;:0.5,&quot;type&quot;:&quot;grid&quot;,&quot;columns&quot;:12,&quot;gutter&quot;:10,&quot;mobileGutter&quot;:10,&quot;tabletGutter&quot;:10,&quot;desktopGutter&quot;:10,&quot;enableResponsive&quot;:&quot;0&quot;,&quot;tabletColumns&quot;:&quot;2&quot;,&quot;mobileColumns&quot;:&quot;1&quot;,&quot;lazyLoad&quot;:0,&quot;lightboxOpts&quot;:{&quot;animated&quot;:true,&quot;Thumbs&quot;:{&quot;type&quot;:&quot;modern&quot;,&quot;showOnStart&quot;:false},&quot;Toolbar&quot;:{&quot;display&quot;:{&quot;right&quot;:[&quot;close&quot;]},&quot;enabled&quot;:true},&quot;Carousel&quot;:{&quot;Panzoom&quot;:{&quot;touch&quot;:true},&quot;infinite&quot;:false},&quot;keyboard&quot;:{&quot;Escape&quot;:&quot;close&quot;,&quot;Delete&quot;:&quot;close&quot;,&quot;Backspace&quot;:&quot;close&quot;,&quot;PageUp&quot;:false,&quot;PageDown&quot;:false,&quot;ArrowUp&quot;:false,&quot;ArrowDown&quot;:false,&quot;ArrowRight&quot;:false,&quot;ArrowLeft&quot;:false},&quot;touch&quot;:false,&quot;backdropClick&quot;:false,&quot;l10n&quot;:{&quot;CLOSE&quot;:&quot;Zamknij&quot;,&quot;NEXT&quot;:&quot;Nast\\u0119pny&quot;,&quot;PREV&quot;:&quot;Poprzedni&quot;,&quot;Error&quot;:&quot;Nie mo\\u017cna wczyta\\u0107 \\u017c\\u0105danej tre\\u015bci. Spr\\u00f3buj ponownie p\\u00f3\\u017aniej.&quot;,&quot;PLAY_START&quot;:&quot;Rozpocznij pokaz slajd\\u00f3w&quot;,&quot;PLAY_STOP&quot;:&quot;Zatrzymaj pokaz slajd\\u00f3w&quot;,&quot;FULL_SCREEN&quot;:&quot;Pe\\u0142ny ekran&quot;,&quot;THUMBS&quot;:&quot;Miniaturki&quot;,&quot;DOWNLOAD&quot;:&quot;Pobieranie&quot;,&quot;SHARE&quot;:&quot;Udost\\u0119pnij&quot;,&quot;ZOOM&quot;:&quot;Powi\\u0119kszenie&quot;,&quot;EMAIL&quot;:&quot;Here is the link to the image : %%image_link%% and this is the link to the gallery : %%gallery_link%%&quot;,&quot;MODAL&quot;:&quot;Mo\\u017cesz zamkn\\u0105\\u0107 t\\u0119 zawarto\\u015b\\u0107 okna modalnego za pomoc\\u0105 klawisza ESC&quot;,&quot;ERROR&quot;:&quot;Co\\u015b posz\\u0142o nie tak. Spr\\u00f3buj ponownie p\\u00f3\\u017aniej&quot;,&quot;IMAGE_ERROR&quot;:&quot;Nie znaleziono obrazka&quot;,&quot;ELEMENT_NOT_FOUND&quot;:&quot;Nie znaleziono elementu HTML&quot;,&quot;AJAX_NOT_FOUND&quot;:&quot;B\\u0142\\u0105d wczytywania AJAX: Nie znaleziono&quot;,&quot;AJAX_FORBIDDEN&quot;:&quot;B\\u0142\\u0105d wczytywania AJAX: Zabronione&quot;,&quot;IFRAME_ERROR&quot;:&quot;B\\u0142\\u0105d wczytywania strony&quot;,&quot;TOGGLE_ZOOM&quot;:&quot;Prze\\u0142\\u0105cz poziom powi\\u0119kszenia&quot;,&quot;TOGGLE_THUMBS&quot;:&quot;Prze\\u0142\\u0105cz miniaturki&quot;,&quot;TOGGLE_SLIDESHOW&quot;:&quot;Prze\\u0142\\u0105cz pokaz slajd\\u00f3w&quot;,&quot;TOGGLE_FULLSCREEN&quot;:&quot;Prze\\u0142\\u0105cz tryb pe\\u0142noekranowy&quot;},&quot;Images&quot;:{&quot;Panzoom&quot;:{&quot;maxScale&quot;:2}},&quot;mainClass&quot;:&quot;modula-fancybox-container modula-lightbox-jtg-516&quot;,&quot;Html&quot;:{&quot;videoAutoplay&quot;:0,&quot;videoTpl&quot;:&quot;&lt;video class=\\&quot;fancybox__html5video\\&quot; controls muted playsinline controlsList controlsList=\\&quot;nodownload\\&quot; poster=\\&quot;{{poster}}\\&quot; src=\\&quot;{{src}}\\&quot; type=\\&quot;{{format}}\\&quot; &gt;  Sorry, your browser doesn&#039;t support embedded videos, &lt;a href=\\&quot;{{src}}\\&quot;&gt; download &lt;\\\/a&gt; and watch with your favorite video player! &lt;\\\/video&gt;&quot;}},&quot;inView&quot;:false,&quot;email_subject&quot;:&quot;Check out this awesome image !!&quot;,&quot;email_message&quot;:&quot;Here is the link to the image : %%image_link%% and this is the link to the gallery : %%gallery_link%%&quot;,&quot;grid_type&quot;:&quot;automatic&quot;,&quot;rowHeight&quot;:150,&quot;lastRow&quot;:&quot;center&quot;,&quot;lightbox&quot;:&quot;fancybox&quot;}\">\n\n\t\n\t<div  class=\"modula-items grid-gallery\">\n\t\t<div class=\"modula-item\" >\n\t<div class=\"modula-item-content\">\n\t\t\n\t\t\t\t\t<a data-image-id=\"517\" role=\"button\" data-elementor-open-lightbox=\"no\" tabindex=\"0\" rel=\"jtg-516\" data-caption=\"\" aria-label=\"Otw\u00f3rz obrazek w lightboxie\" class=\"tile-inner modula-item-link\"><\/a>\n\t\t\n\t\t<img decoding=\"async\" class=\"pic wp-image-517\"  data-valign=\"middle\" data-halign=\"center\" alt=\"R\u0119ka trzymaj\u0105ca roz\u0142o\u017cone karty.\" data-full=\"https:\/\/mwb.com.pl\/autyzm\/wp-content\/uploads\/2020\/12\/karty_do_pakietu.jpg\" title=\"R\u0119ka trzymaj\u0105ca roz\u0142o\u017cone karty.\" width=\"150\" height=\"150\" src=\"https:\/\/mwb.com.pl\/autyzm\/wp-content\/uploads\/2020\/12\/karty_do_pakietu-150x150.jpg\" data-src=\"https:\/\/mwb.com.pl\/autyzm\/wp-content\/uploads\/2020\/12\/karty_do_pakietu-150x150.jpg\" data-caption=\"\"\/>\n\t<\/div>\n\n<\/div><div class=\"modula-item\" >\n\t<div class=\"modula-item-content\">\n\t\t\n\t\t\t\t\t<a data-image-id=\"518\" role=\"button\" data-elementor-open-lightbox=\"no\" tabindex=\"0\" rel=\"jtg-516\" data-caption=\"\" aria-label=\"Otw\u00f3rz obrazek w lightboxie\" class=\"tile-inner modula-item-link\"><\/a>\n\t\t\n\t\t<img decoding=\"async\" class=\"pic wp-image-518\"  data-valign=\"middle\" data-halign=\"center\" alt=\"Trzy stoj\u0105ce na stole teczki z napisem pakiet edukacyjny i logotypem projektu.\" data-full=\"https:\/\/mwb.com.pl\/autyzm\/wp-content\/uploads\/2020\/12\/pakiet_edukacyjny_wydrukowany.jpg\" title=\"Trzy stoj\u0105ce na stole teczki z napisem pakiet edukacyjny i logotypem projektu.\" width=\"150\" height=\"150\" src=\"https:\/\/mwb.com.pl\/autyzm\/wp-content\/uploads\/2020\/12\/pakiet_edukacyjny_wydrukowany-150x150.jpg\" data-src=\"https:\/\/mwb.com.pl\/autyzm\/wp-content\/uploads\/2020\/12\/pakiet_edukacyjny_wydrukowany-150x150.jpg\" data-caption=\"\"\/>\n\t<\/div>\n\n<\/div><div class=\"modula-item\" >\n\t<div class=\"modula-item-content\">\n\t\t\n\t\t\t\t\t<a data-image-id=\"519\" role=\"button\" data-elementor-open-lightbox=\"no\" tabindex=\"0\" rel=\"jtg-516\" data-caption=\"\" aria-label=\"Otw\u00f3rz obrazek w lightboxie\" class=\"tile-inner modula-item-link\"><\/a>\n\t\t\n\t\t<img decoding=\"async\" class=\"pic wp-image-519\"  data-valign=\"middle\" data-halign=\"center\" alt=\"Edukatorka pokazuje dzieciom mena\u017ck\u0119.\" data-full=\"https:\/\/mwb.com.pl\/autyzm\/wp-content\/uploads\/2020\/12\/warsztaty.jpg\" title=\"Edukatorka pokazuje dzieciom mena\u017ck\u0119.\" width=\"150\" height=\"150\" src=\"https:\/\/mwb.com.pl\/autyzm\/wp-content\/uploads\/2020\/12\/warsztaty-150x150.jpg\" data-src=\"https:\/\/mwb.com.pl\/autyzm\/wp-content\/uploads\/2020\/12\/warsztaty-150x150.jpg\" data-caption=\"\"\/>\n\t<\/div>\n\n<\/div><div class=\"modula-item\" >\n\t<div class=\"modula-item-content\">\n\t\t\n\t\t\t\t\t<a data-image-id=\"520\" role=\"button\" data-elementor-open-lightbox=\"no\" tabindex=\"0\" rel=\"jtg-516\" data-caption=\"\" aria-label=\"Otw\u00f3rz obrazek w lightboxie\" class=\"tile-inner modula-item-link\"><\/a>\n\t\t\n\t\t<img loading=\"lazy\" decoding=\"async\" class=\"pic wp-image-520\"  data-valign=\"middle\" data-halign=\"center\" alt=\"Dziewczynka dotyka mena\u017ck\u0119.\" data-full=\"https:\/\/mwb.com.pl\/autyzm\/wp-content\/uploads\/2020\/12\/warsztaty_1.jpg\" title=\"Dziewczynka dotyka mena\u017ck\u0119.\" width=\"150\" height=\"150\" src=\"https:\/\/mwb.com.pl\/autyzm\/wp-content\/uploads\/2020\/12\/warsztaty_1-150x150.jpg\" data-src=\"https:\/\/mwb.com.pl\/autyzm\/wp-content\/uploads\/2020\/12\/warsztaty_1-150x150.jpg\" data-caption=\"\"\/>\n\t<\/div>\n\n<\/div><div class=\"modula-item\" >\n\t<div class=\"modula-item-content\">\n\t\t\n\t\t\t\t\t<a data-image-id=\"521\" role=\"button\" data-elementor-open-lightbox=\"no\" tabindex=\"0\" rel=\"jtg-516\" data-caption=\"\" aria-label=\"Otw\u00f3rz obrazek w lightboxie\" class=\"tile-inner modula-item-link\"><\/a>\n\t\t\n\t\t<img loading=\"lazy\" decoding=\"async\" class=\"pic wp-image-521\"  data-valign=\"middle\" data-halign=\"center\" alt=\"Edukatorka pokazuje obrazki z wyposa\u017ceniem \u017co\u0142nierza, przed ni\u0105 le\u017c\u0105 roz\u0142o\u017cone karty i eksponaty.\" data-full=\"https:\/\/mwb.com.pl\/autyzm\/wp-content\/uploads\/2020\/12\/warsztaty_2.jpg\" title=\"Edukatorka pokazuje obrazki z wyposa\u017ceniem \u017co\u0142nierza, przed ni\u0105 le\u017c\u0105 roz\u0142o\u017cone karty i eksponaty.\" width=\"150\" height=\"150\" src=\"https:\/\/mwb.com.pl\/autyzm\/wp-content\/uploads\/2020\/12\/warsztaty_2-150x150.jpg\" data-src=\"https:\/\/mwb.com.pl\/autyzm\/wp-content\/uploads\/2020\/12\/warsztaty_2-150x150.jpg\" data-caption=\"\"\/>\n\t<\/div>\n\n<\/div><div class=\"modula-item\" >\n\t<div class=\"modula-item-content\">\n\t\t\n\t\t\t\t\t<a data-image-id=\"522\" role=\"button\" data-elementor-open-lightbox=\"no\" tabindex=\"0\" rel=\"jtg-516\" data-caption=\"\" aria-label=\"Otw\u00f3rz obrazek w lightboxie\" class=\"tile-inner modula-item-link\"><\/a>\n\t\t\n\t\t<img loading=\"lazy\" decoding=\"async\" class=\"pic wp-image-522\"  data-valign=\"middle\" data-halign=\"center\" alt=\"Ch\u0142opiec trzyma racj\u0119 \u017cywno\u015bciow\u0105.\" data-full=\"https:\/\/mwb.com.pl\/autyzm\/wp-content\/uploads\/2020\/12\/warsztaty_3.jpg\" title=\"Ch\u0142opiec trzyma racj\u0119 \u017cywno\u015bciow\u0105.\" width=\"150\" height=\"150\" src=\"https:\/\/mwb.com.pl\/autyzm\/wp-content\/uploads\/2020\/12\/warsztaty_3-150x150.jpg\" data-src=\"https:\/\/mwb.com.pl\/autyzm\/wp-content\/uploads\/2020\/12\/warsztaty_3-150x150.jpg\" data-caption=\"\"\/>\n\t<\/div>\n\n<\/div><div class=\"modula-item\" >\n\t<div class=\"modula-item-content\">\n\t\t\n\t\t\t\t\t<a data-image-id=\"523\" role=\"button\" data-elementor-open-lightbox=\"no\" tabindex=\"0\" rel=\"jtg-516\" data-caption=\"\" aria-label=\"Otw\u00f3rz obrazek w lightboxie\" class=\"tile-inner modula-item-link\"><\/a>\n\t\t\n\t\t<img loading=\"lazy\" decoding=\"async\" class=\"pic wp-image-523\"  data-valign=\"middle\" data-halign=\"center\" alt=\"Ch\u0142opiec odkr\u0119ca manierk\u0119.\" data-full=\"https:\/\/mwb.com.pl\/autyzm\/wp-content\/uploads\/2020\/12\/warsztaty_4.jpg\" title=\"Ch\u0142opiec odkr\u0119ca manierk\u0119.\" width=\"150\" height=\"150\" src=\"https:\/\/mwb.com.pl\/autyzm\/wp-content\/uploads\/2020\/12\/warsztaty_4-150x150.jpg\" data-src=\"https:\/\/mwb.com.pl\/autyzm\/wp-content\/uploads\/2020\/12\/warsztaty_4-150x150.jpg\" data-caption=\"\"\/>\n\t<\/div>\n\n<\/div><div class=\"modula-item\" >\n\t<div class=\"modula-item-content\">\n\t\t\n\t\t\t\t\t<a data-image-id=\"524\" role=\"button\" data-elementor-open-lightbox=\"no\" tabindex=\"0\" rel=\"jtg-516\" data-caption=\"\" aria-label=\"Otw\u00f3rz obrazek w lightboxie\" class=\"tile-inner modula-item-link\"><\/a>\n\t\t\n\t\t<img loading=\"lazy\" decoding=\"async\" class=\"pic wp-image-524\"  data-valign=\"middle\" data-halign=\"center\" alt=\"Dziewczynka ogl\u0105da manierk\u0119, przed dziewczynk\u0105 le\u017c\u0105 fotografie z potrawami.\" data-full=\"https:\/\/mwb.com.pl\/autyzm\/wp-content\/uploads\/2020\/12\/warsztaty_5.jpg\" title=\"Dziewczynka ogl\u0105da manierk\u0119, przed dziewczynk\u0105 le\u017c\u0105 fotografie z potrawami.\" width=\"150\" height=\"150\" src=\"https:\/\/mwb.com.pl\/autyzm\/wp-content\/uploads\/2020\/12\/warsztaty_5-150x150.jpg\" data-src=\"https:\/\/mwb.com.pl\/autyzm\/wp-content\/uploads\/2020\/12\/warsztaty_5-150x150.jpg\" data-caption=\"\"\/>\n\t<\/div>\n\n<\/div><div class=\"modula-item\" >\n\t<div class=\"modula-item-content\">\n\t\t\n\t\t\t\t\t<a data-image-id=\"526\" role=\"button\" data-elementor-open-lightbox=\"no\" tabindex=\"0\" rel=\"jtg-516\" data-caption=\"\" aria-label=\"Otw\u00f3rz obrazek w lightboxie\" class=\"tile-inner modula-item-link\"><\/a>\n\t\t\n\t\t<img loading=\"lazy\" decoding=\"async\" class=\"pic wp-image-526\"  data-valign=\"middle\" data-halign=\"center\" alt=\"D\u0142onie dziecka wyklejaj\u0105 drzewo z zielonego sznurka i patyczk\u00f3w.\" data-full=\"https:\/\/mwb.com.pl\/autyzm\/wp-content\/uploads\/2020\/12\/warsztaty_7.jpg\" title=\"D\u0142onie dziecka wyklejaj\u0105 drzewo z zielonego sznurka i patyczk\u00f3w.\" width=\"150\" height=\"150\" src=\"https:\/\/mwb.com.pl\/autyzm\/wp-content\/uploads\/2020\/12\/warsztaty_7-150x150.jpg\" data-src=\"https:\/\/mwb.com.pl\/autyzm\/wp-content\/uploads\/2020\/12\/warsztaty_7-150x150.jpg\" data-caption=\"\"\/>\n\t<\/div>\n\n<\/div><div class=\"modula-item\" >\n\t<div class=\"modula-item-content\">\n\t\t\n\t\t\t\t\t<a data-image-id=\"525\" role=\"button\" data-elementor-open-lightbox=\"no\" tabindex=\"0\" rel=\"jtg-516\" data-caption=\"\" aria-label=\"Otw\u00f3rz obrazek w lightboxie\" class=\"tile-inner modula-item-link\"><\/a>\n\t\t\n\t\t<img loading=\"lazy\" decoding=\"async\" class=\"pic wp-image-525\"  data-valign=\"middle\" data-halign=\"center\" alt=\"Ch\u0142opiec pochylony nad czarn\u0105 kartk\u0105, wykonuje prac\u0119 plastyczn\u0105.\" data-full=\"https:\/\/mwb.com.pl\/autyzm\/wp-content\/uploads\/2020\/12\/warsztaty_6.jpg\" title=\"Ch\u0142opiec pochylony nad czarn\u0105 kartk\u0105, wykonuje prac\u0119 plastyczn\u0105.\" width=\"150\" height=\"150\" src=\"https:\/\/mwb.com.pl\/autyzm\/wp-content\/uploads\/2020\/12\/warsztaty_6-150x150.jpg\" data-src=\"https:\/\/mwb.com.pl\/autyzm\/wp-content\/uploads\/2020\/12\/warsztaty_6-150x150.jpg\" data-caption=\"\"\/>\n\t<\/div>\n\n<\/div>\t\t\n\t<\/div>\n\n\t\n\t\n\t<script type=\"application\/ld+json\">\n\t{\n\t\t\"@context\": \"http:\/\/schema.org\",\n\t\t\"@type\"   : \"ImageGallery\",\n\t\t\"id\"      : \"https:\/\/mwb.com.pl\/autyzm\/en\/about-the-project-2\/\",\n\t\t\"url\"     : \"https:\/\/mwb.com.pl\/autyzm\/en\/about-the-project-2\/\"\n\t}\n\n\t<\/script>\n\n\t\n<\/div>\n\t\t\t\t\t\t\t\t<\/div>\n\t\t\t\t<\/div>\n\t\t\t\t\t<\/div>\n\t\t<\/div>\n\t\t\t\t<div class=\"elementor-column elementor-col-33 elementor-top-column elementor-element elementor-element-8a1ecad\" data-id=\"8a1ecad\" data-element_type=\"column\" data-e-type=\"column\">\n\t\t\t<div class=\"elementor-widget-wrap\">\n\t\t\t\t\t\t\t<\/div>\n\t\t<\/div>\n\t\t\t\t\t<\/div>\n\t\t<\/section>\n\t\t\t\t<\/div>\n\t\t","protected":false},"excerpt":{"rendered":"<p>\u00a0 ABOUT THE PROJECT The project Autism closer. Adapting the educational and cultural offer of the Army Museum in Bia\u0142ystok to the needs of people with autism was implemented with the financial suport from the Ministry of Culture and National Heritage within the framework of the Culture Accessible programme. The aim of the project was [&hellip;]<\/p>\n","protected":false},"author":1,"featured_media":0,"parent":0,"menu_order":0,"comment_status":"closed","ping_status":"closed","template":"page-templates\/page_front-page.php","meta":{"h5ap_radio_sources":[],"footnotes":""},"class_list":["post-639","page","type-page","status-publish","hentry"],"_links":{"self":[{"href":"https:\/\/mwb.com.pl\/autyzm\/wp-json\/wp\/v2\/pages\/639","targetHints":{"allow":["GET"]}}],"collection":[{"href":"https:\/\/mwb.com.pl\/autyzm\/wp-json\/wp\/v2\/pages"}],"about":[{"href":"https:\/\/mwb.com.pl\/autyzm\/wp-json\/wp\/v2\/types\/page"}],"author":[{"embeddable":true,"href":"https:\/\/mwb.com.pl\/autyzm\/wp-json\/wp\/v2\/users\/1"}],"replies":[{"embeddable":true,"href":"https:\/\/mwb.com.pl\/autyzm\/wp-json\/wp\/v2\/comments?post=639"}],"version-history":[{"count":8,"href":"https:\/\/mwb.com.pl\/autyzm\/wp-json\/wp\/v2\/pages\/639\/revisions"}],"predecessor-version":[{"id":649,"href":"https:\/\/mwb.com.pl\/autyzm\/wp-json\/wp\/v2\/pages\/639\/revisions\/649"}],"wp:attachment":[{"href":"https:\/\/mwb.com.pl\/autyzm\/wp-json\/wp\/v2\/media?parent=639"}],"curies":[{"name":"wp","href":"https:\/\/api.w.org\/{rel}","templated":true}]}}