{"id":6,"date":"2020-09-09T14:08:35","date_gmt":"2020-09-09T12:08:35","guid":{"rendered":"https:\/\/mwb.com.pl\/autyzm\/?page_id=6"},"modified":"2022-03-04T13:44:37","modified_gmt":"2022-03-04T12:44:37","slug":"o-projekcie","status":"publish","type":"page","link":"https:\/\/mwb.com.pl\/autyzm\/","title":{"rendered":"O projekcie"},"content":{"rendered":"\t\t<div data-elementor-type=\"wp-page\" data-elementor-id=\"6\" class=\"elementor elementor-6\">\n\t\t\t\t\t\t<section class=\"elementor-section elementor-top-section elementor-element elementor-element-fe75f13 elementor-section-boxed elementor-section-height-default elementor-section-height-default\" data-id=\"fe75f13\" data-element_type=\"section\" data-e-type=\"section\">\n\t\t\t\t\t\t<div class=\"elementor-container elementor-column-gap-default\">\n\t\t\t\t\t<div class=\"elementor-column elementor-col-100 elementor-top-column elementor-element elementor-element-f5d3122\" data-id=\"f5d3122\" data-element_type=\"column\" data-e-type=\"column\">\n\t\t\t<div class=\"elementor-widget-wrap elementor-element-populated\">\n\t\t\t\t\t\t<div class=\"elementor-element elementor-element-a239110 elementor-widget elementor-widget-text-editor\" data-id=\"a239110\" data-element_type=\"widget\" data-e-type=\"widget\" data-widget_type=\"text-editor.default\">\n\t\t\t\t<div class=\"elementor-widget-container\">\n\t\t\t\t\t\t\t\t\t\n<h4 style=\"color: #1f2493; text-align: center;\">O PROJEKCIE<\/h4>\t\t\t\t\t\t\t\t<\/div>\n\t\t\t\t<\/div>\n\t\t\t\t\t<\/div>\n\t\t<\/div>\n\t\t\t\t\t<\/div>\n\t\t<\/section>\n\t\t\t\t<section class=\"elementor-section elementor-top-section elementor-element elementor-element-9ba72d2 elementor-section-boxed elementor-section-height-default elementor-section-height-default\" data-id=\"9ba72d2\" data-element_type=\"section\" data-e-type=\"section\">\n\t\t\t\t\t\t<div class=\"elementor-container elementor-column-gap-default\">\n\t\t\t\t\t<div class=\"elementor-column elementor-col-100 elementor-top-column elementor-element elementor-element-f519223\" data-id=\"f519223\" data-element_type=\"column\" data-e-type=\"column\">\n\t\t\t<div class=\"elementor-widget-wrap elementor-element-populated\">\n\t\t\t\t\t\t<div class=\"elementor-element elementor-element-e525fbb elementor-widget elementor-widget-text-editor\" data-id=\"e525fbb\" data-element_type=\"widget\" data-e-type=\"widget\" data-widget_type=\"text-editor.default\">\n\t\t\t\t<div class=\"elementor-widget-container\">\n\t\t\t\t\t\t\t\t\t<div align=\"center\">\n<a href=\"https:\/\/mwb.com.pl\/autyzm\/wp-content\/uploads\/jezyk_prosty\/autyzm_prosty.pdf\" target=\"_blank\" rel=\"noopener noreferrer\"><img decoding=\"async\" src=\"https:\/\/mwb.com.pl\/autyzm\/wp-content\/uploads\/jezyk_prosty\/baner_jezyk_prosty.jpg\" alt=\"tekst \u0142atwy do czytania i rozumienia\" \/><\/a>\n<\/div>\t\t\t\t\t\t\t\t<\/div>\n\t\t\t\t<\/div>\n\t\t\t\t\t<\/div>\n\t\t<\/div>\n\t\t\t\t\t<\/div>\n\t\t<\/section>\n\t\t\t\t<section class=\"elementor-section elementor-top-section elementor-element elementor-element-7ef469b9 elementor-section-boxed elementor-section-height-default elementor-section-height-default\" data-id=\"7ef469b9\" data-element_type=\"section\" data-e-type=\"section\">\n\t\t\t\t\t\t<div class=\"elementor-container elementor-column-gap-default\">\n\t\t\t\t\t<div class=\"elementor-column elementor-col-100 elementor-top-column elementor-element elementor-element-6a50ab3\" data-id=\"6a50ab3\" data-element_type=\"column\" data-e-type=\"column\">\n\t\t\t<div class=\"elementor-widget-wrap elementor-element-populated\">\n\t\t\t\t\t\t<div class=\"elementor-element elementor-element-21d11307 elementor-widget elementor-widget-text-editor\" data-id=\"21d11307\" data-element_type=\"widget\" data-e-type=\"widget\" data-widget_type=\"text-editor.default\">\n\t\t\t\t<div class=\"elementor-widget-container\">\n\t\t\t\t\t\t\t\t\t<p>Projekt <strong>\u201eAutyzm bli\u017cej. Dostosowanie oferty edukacyjnej i kulturalnej Muzeum Wojska w Bia\u0142ymstoku do potrzeb os\u00f3b z autyzmem\u201d<\/strong> by\u0142 realizowany dzi\u0119ki dofinansowaniu Ministra Kultury i Dziedzictwa Narodowego w ramach programu Kultura Dost\u0119pna.<br>Celem zadania by\u0142o w\u0142\u0105czenie os\u00f3b postrzegaj\u0105cych \u015bwiat przez pryzmat autyzmu do grona naszych odbiorc\u00f3w. G\u0142\u00f3wne dzia\u0142ania projektowe obejmowa\u0142y:<\/p>\n<p>\u2013 Cykl szkoleniowy dla pracownik\u00f3w Dzia\u0142u Edukacji i Wystaw. Na drodze warsztat\u00f3w eksperckich i spotka\u0144 z praktykami poznali\u015bmy potrzeby os\u00f3b ze spektrum autyzmu, a tak\u017ce przyk\u0142ady skutecznych dzia\u0142a\u0144 z tymi odbiorcami. Wi\u0119cej: <a href=\"https:\/\/mwb.com.pl\/autyzm\/materialy\/\">Materia\u0142y<\/a>.<br>\u2013 Opracowanie oferty edukacyjnej i kulturalnej dla os\u00f3b z autyzmem. Adresatami naszych propozycji by\u0142y osoby z autyzmem w ka\u017cdym wieku, w szczeg\u00f3lno\u015bci grupy zorganizowane oraz rodziny z dzie\u0107mi ze spektrum. Wi\u0119cej: Oferta edukacyjna. <br>\u2013 Warsztaty, kt\u00f3re pozwoli\u0142y nam dotrze\u0107 z tematyk\u0105 muzealnych wystaw do odbiorc\u00f3w w Bia\u0142ymstoku, jak i w wojew\u00f3dztwie podlaskim. <br>\u2013 Wydanie drukowanego pakietu edukacyjnego, czyli zestawu \u0107wicze\u0144 i materia\u0142\u00f3w opracowanych w oparciu o muzealne zbiory. Wydawnictwo zosta\u0142o rozes\u0142ane do szk\u00f3\u0142, bibliotek i instytucji kultury na Podlasiu. Elektroniczna wersja pakietu dost\u0119pna w: Materia\u0142y.<\/p>\n<p>Partnerem merytorycznym zadania by\u0142o Krajowe Towarzystwo Autyzmu Oddzia\u0142 w Bia\u0142ymstoku. <br><\/p><p>Partnerzy w wojew\u00f3dztwie podlaskim: Niepubliczna Terapeutyczna Szko\u0142a Podstawowa \u201eBajka\u201d w Suwa\u0142kach, Zesp\u00f3\u0142 Szk\u00f3\u0142 Specjalnych w Augustowie, Szko\u0142a Podstawowa dla Dzieci z Autyzmem i Niepe\u0142nosprawno\u015bciami Sprz\u0119\u017conymi w \u0141om\u017cy, Szko\u0142a Podstawowa nr 2 im. W\u0142adys\u0142awa Jagie\u0142\u0142y w Hajn\u00f3wce, Zesp\u00f3\u0142 Szk\u00f3\u0142 Specjalnych im. Jana Paw\u0142a II w Grajewie.<\/p>\n<p><\/p>\t\t\t\t\t\t\t\t<\/div>\n\t\t\t\t<\/div>\n\t\t\t\t\t<\/div>\n\t\t<\/div>\n\t\t\t\t\t<\/div>\n\t\t<\/section>\n\t\t\t\t<section class=\"elementor-section elementor-top-section elementor-element elementor-element-1158109 elementor-section-boxed elementor-section-height-default elementor-section-height-default\" data-id=\"1158109\" data-element_type=\"section\" data-e-type=\"section\">\n\t\t\t\t\t\t<div class=\"elementor-container elementor-column-gap-default\">\n\t\t\t\t\t<div class=\"elementor-column elementor-col-33 elementor-top-column elementor-element elementor-element-5c8685b\" data-id=\"5c8685b\" data-element_type=\"column\" data-e-type=\"column\">\n\t\t\t<div class=\"elementor-widget-wrap\">\n\t\t\t\t\t\t\t<\/div>\n\t\t<\/div>\n\t\t\t\t<div class=\"elementor-column elementor-col-33 elementor-top-column elementor-element elementor-element-45ebd37\" data-id=\"45ebd37\" data-element_type=\"column\" data-e-type=\"column\">\n\t\t\t<div class=\"elementor-widget-wrap elementor-element-populated\">\n\t\t\t\t\t\t<div class=\"elementor-element elementor-element-ef8933e gallery-spacing-custom elementor-widget elementor-widget-image-gallery\" data-id=\"ef8933e\" data-element_type=\"widget\" data-e-type=\"widget\" data-widget_type=\"image-gallery.default\">\n\t\t\t\t<div class=\"elementor-widget-container\">\n\t\t\t\t\t\t\t<div class=\"elementor-image-gallery\">\n\t\t\t<div id='gallery-1' class='gallery galleryid-6 gallery-columns-5 gallery-size-thumbnail'><figure class='gallery-item'>\n\t\t\t<div class='gallery-icon landscape'>\n\t\t\t\t<a data-elementor-open-lightbox=\"yes\" data-elementor-lightbox-slideshow=\"ef8933e\" data-elementor-lightbox-title=\"R\u0119ka trzymaj\u0105ca roz\u0142o\u017cone karty.\" data-e-action-hash=\"#elementor-action%3Aaction%3Dlightbox%26settings%3DeyJpZCI6NTE3LCJ1cmwiOiJodHRwczpcL1wvbXdiLmNvbS5wbFwvYXV0eXptXC93cC1jb250ZW50XC91cGxvYWRzXC8yMDIwXC8xMlwva2FydHlfZG9fcGFraWV0dS5qcGciLCJzbGlkZXNob3ciOiJlZjg5MzNlIn0%3D\" href='https:\/\/mwb.com.pl\/autyzm\/wp-content\/uploads\/2020\/12\/karty_do_pakietu.jpg'><img decoding=\"async\" width=\"150\" height=\"150\" src=\"https:\/\/mwb.com.pl\/autyzm\/wp-content\/uploads\/2020\/12\/karty_do_pakietu-150x150.jpg\" class=\"attachment-thumbnail size-thumbnail\" alt=\"R\u0119ka trzymaj\u0105ca roz\u0142o\u017cone karty.\" \/><\/a>\n\t\t\t<\/div><\/figure><figure class='gallery-item'>\n\t\t\t<div class='gallery-icon landscape'>\n\t\t\t\t<a data-elementor-open-lightbox=\"yes\" data-elementor-lightbox-slideshow=\"ef8933e\" data-elementor-lightbox-title=\"Trzy stoj\u0105ce na stole teczki z napisem pakiet edukacyjny i logotypem projektu.\" data-e-action-hash=\"#elementor-action%3Aaction%3Dlightbox%26settings%3DeyJpZCI6NTE4LCJ1cmwiOiJodHRwczpcL1wvbXdiLmNvbS5wbFwvYXV0eXptXC93cC1jb250ZW50XC91cGxvYWRzXC8yMDIwXC8xMlwvcGFraWV0X2VkdWthY3lqbnlfd3lkcnVrb3dhbnkuanBnIiwic2xpZGVzaG93IjoiZWY4OTMzZSJ9\" href='https:\/\/mwb.com.pl\/autyzm\/wp-content\/uploads\/2020\/12\/pakiet_edukacyjny_wydrukowany.jpg'><img decoding=\"async\" width=\"150\" height=\"150\" src=\"https:\/\/mwb.com.pl\/autyzm\/wp-content\/uploads\/2020\/12\/pakiet_edukacyjny_wydrukowany-150x150.jpg\" class=\"attachment-thumbnail size-thumbnail\" alt=\"Trzy stoj\u0105ce na stole teczki z napisem pakiet edukacyjny i logotypem projektu.\" \/><\/a>\n\t\t\t<\/div><\/figure><figure class='gallery-item'>\n\t\t\t<div class='gallery-icon landscape'>\n\t\t\t\t<a data-elementor-open-lightbox=\"yes\" data-elementor-lightbox-slideshow=\"ef8933e\" data-elementor-lightbox-title=\"Edukatorka pokazuje dzieciom mena\u017ck\u0119.\" data-e-action-hash=\"#elementor-action%3Aaction%3Dlightbox%26settings%3DeyJpZCI6NTE5LCJ1cmwiOiJodHRwczpcL1wvbXdiLmNvbS5wbFwvYXV0eXptXC93cC1jb250ZW50XC91cGxvYWRzXC8yMDIwXC8xMlwvd2Fyc3p0YXR5LmpwZyIsInNsaWRlc2hvdyI6ImVmODkzM2UifQ%3D%3D\" href='https:\/\/mwb.com.pl\/autyzm\/wp-content\/uploads\/2020\/12\/warsztaty.jpg'><img decoding=\"async\" width=\"150\" height=\"150\" src=\"https:\/\/mwb.com.pl\/autyzm\/wp-content\/uploads\/2020\/12\/warsztaty-150x150.jpg\" class=\"attachment-thumbnail size-thumbnail\" alt=\"Edukatorka pokazuje dzieciom mena\u017ck\u0119.\" \/><\/a>\n\t\t\t<\/div><\/figure><figure class='gallery-item'>\n\t\t\t<div class='gallery-icon landscape'>\n\t\t\t\t<a data-elementor-open-lightbox=\"yes\" data-elementor-lightbox-slideshow=\"ef8933e\" data-elementor-lightbox-title=\"Dziewczynka dotyka mena\u017ck\u0119.\" data-e-action-hash=\"#elementor-action%3Aaction%3Dlightbox%26settings%3DeyJpZCI6NTIwLCJ1cmwiOiJodHRwczpcL1wvbXdiLmNvbS5wbFwvYXV0eXptXC93cC1jb250ZW50XC91cGxvYWRzXC8yMDIwXC8xMlwvd2Fyc3p0YXR5XzEuanBnIiwic2xpZGVzaG93IjoiZWY4OTMzZSJ9\" href='https:\/\/mwb.com.pl\/autyzm\/wp-content\/uploads\/2020\/12\/warsztaty_1.jpg'><img loading=\"lazy\" decoding=\"async\" width=\"150\" height=\"150\" src=\"https:\/\/mwb.com.pl\/autyzm\/wp-content\/uploads\/2020\/12\/warsztaty_1-150x150.jpg\" class=\"attachment-thumbnail size-thumbnail\" alt=\"Dziewczynka dotyka mena\u017ck\u0119.\" \/><\/a>\n\t\t\t<\/div><\/figure><figure class='gallery-item'>\n\t\t\t<div class='gallery-icon landscape'>\n\t\t\t\t<a data-elementor-open-lightbox=\"yes\" data-elementor-lightbox-slideshow=\"ef8933e\" data-elementor-lightbox-title=\"Edukatorka pokazuje obrazki z wyposa\u017ceniem \u017co\u0142nierza, przed ni\u0105 le\u017c\u0105 roz\u0142o\u017cone karty i eksponaty.\" data-e-action-hash=\"#elementor-action%3Aaction%3Dlightbox%26settings%3DeyJpZCI6NTIxLCJ1cmwiOiJodHRwczpcL1wvbXdiLmNvbS5wbFwvYXV0eXptXC93cC1jb250ZW50XC91cGxvYWRzXC8yMDIwXC8xMlwvd2Fyc3p0YXR5XzIuanBnIiwic2xpZGVzaG93IjoiZWY4OTMzZSJ9\" href='https:\/\/mwb.com.pl\/autyzm\/wp-content\/uploads\/2020\/12\/warsztaty_2.jpg'><img loading=\"lazy\" decoding=\"async\" width=\"150\" height=\"150\" src=\"https:\/\/mwb.com.pl\/autyzm\/wp-content\/uploads\/2020\/12\/warsztaty_2-150x150.jpg\" class=\"attachment-thumbnail size-thumbnail\" alt=\"Edukatorka pokazuje obrazki z wyposa\u017ceniem \u017co\u0142nierza, przed ni\u0105 le\u017c\u0105 roz\u0142o\u017cone karty i eksponaty.\" \/><\/a>\n\t\t\t<\/div><\/figure><figure class='gallery-item'>\n\t\t\t<div class='gallery-icon landscape'>\n\t\t\t\t<a data-elementor-open-lightbox=\"yes\" data-elementor-lightbox-slideshow=\"ef8933e\" data-elementor-lightbox-title=\"Ch\u0142opiec trzyma racj\u0119 \u017cywno\u015bciow\u0105.\" data-e-action-hash=\"#elementor-action%3Aaction%3Dlightbox%26settings%3DeyJpZCI6NTIyLCJ1cmwiOiJodHRwczpcL1wvbXdiLmNvbS5wbFwvYXV0eXptXC93cC1jb250ZW50XC91cGxvYWRzXC8yMDIwXC8xMlwvd2Fyc3p0YXR5XzMuanBnIiwic2xpZGVzaG93IjoiZWY4OTMzZSJ9\" href='https:\/\/mwb.com.pl\/autyzm\/wp-content\/uploads\/2020\/12\/warsztaty_3.jpg'><img loading=\"lazy\" decoding=\"async\" width=\"150\" height=\"150\" src=\"https:\/\/mwb.com.pl\/autyzm\/wp-content\/uploads\/2020\/12\/warsztaty_3-150x150.jpg\" class=\"attachment-thumbnail size-thumbnail\" alt=\"Ch\u0142opiec trzyma racj\u0119 \u017cywno\u015bciow\u0105.\" \/><\/a>\n\t\t\t<\/div><\/figure><figure class='gallery-item'>\n\t\t\t<div class='gallery-icon landscape'>\n\t\t\t\t<a data-elementor-open-lightbox=\"yes\" data-elementor-lightbox-slideshow=\"ef8933e\" data-elementor-lightbox-title=\"Ch\u0142opiec odkr\u0119ca manierk\u0119.\" data-e-action-hash=\"#elementor-action%3Aaction%3Dlightbox%26settings%3DeyJpZCI6NTIzLCJ1cmwiOiJodHRwczpcL1wvbXdiLmNvbS5wbFwvYXV0eXptXC93cC1jb250ZW50XC91cGxvYWRzXC8yMDIwXC8xMlwvd2Fyc3p0YXR5XzQuanBnIiwic2xpZGVzaG93IjoiZWY4OTMzZSJ9\" href='https:\/\/mwb.com.pl\/autyzm\/wp-content\/uploads\/2020\/12\/warsztaty_4.jpg'><img loading=\"lazy\" decoding=\"async\" width=\"150\" height=\"150\" src=\"https:\/\/mwb.com.pl\/autyzm\/wp-content\/uploads\/2020\/12\/warsztaty_4-150x150.jpg\" class=\"attachment-thumbnail size-thumbnail\" alt=\"Ch\u0142opiec odkr\u0119ca manierk\u0119.\" \/><\/a>\n\t\t\t<\/div><\/figure><figure class='gallery-item'>\n\t\t\t<div class='gallery-icon landscape'>\n\t\t\t\t<a data-elementor-open-lightbox=\"yes\" data-elementor-lightbox-slideshow=\"ef8933e\" data-elementor-lightbox-title=\"Dziewczynka ogl\u0105da manierk\u0119, przed dziewczynk\u0105 le\u017c\u0105 fotografie z potrawami.\" data-e-action-hash=\"#elementor-action%3Aaction%3Dlightbox%26settings%3DeyJpZCI6NTI0LCJ1cmwiOiJodHRwczpcL1wvbXdiLmNvbS5wbFwvYXV0eXptXC93cC1jb250ZW50XC91cGxvYWRzXC8yMDIwXC8xMlwvd2Fyc3p0YXR5XzUuanBnIiwic2xpZGVzaG93IjoiZWY4OTMzZSJ9\" href='https:\/\/mwb.com.pl\/autyzm\/wp-content\/uploads\/2020\/12\/warsztaty_5.jpg'><img loading=\"lazy\" decoding=\"async\" width=\"150\" height=\"150\" src=\"https:\/\/mwb.com.pl\/autyzm\/wp-content\/uploads\/2020\/12\/warsztaty_5-150x150.jpg\" class=\"attachment-thumbnail size-thumbnail\" alt=\"Dziewczynka ogl\u0105da manierk\u0119, przed dziewczynk\u0105 le\u017c\u0105 fotografie z potrawami.\" \/><\/a>\n\t\t\t<\/div><\/figure><figure class='gallery-item'>\n\t\t\t<div class='gallery-icon portrait'>\n\t\t\t\t<a data-elementor-open-lightbox=\"yes\" data-elementor-lightbox-slideshow=\"ef8933e\" data-elementor-lightbox-title=\"Ch\u0142opiec pochylony nad czarn\u0105 kartk\u0105, wykonuje prac\u0119 plastyczn\u0105.\" data-e-action-hash=\"#elementor-action%3Aaction%3Dlightbox%26settings%3DeyJpZCI6NTI1LCJ1cmwiOiJodHRwczpcL1wvbXdiLmNvbS5wbFwvYXV0eXptXC93cC1jb250ZW50XC91cGxvYWRzXC8yMDIwXC8xMlwvd2Fyc3p0YXR5XzYuanBnIiwic2xpZGVzaG93IjoiZWY4OTMzZSJ9\" href='https:\/\/mwb.com.pl\/autyzm\/wp-content\/uploads\/2020\/12\/warsztaty_6.jpg'><img loading=\"lazy\" decoding=\"async\" width=\"150\" height=\"150\" src=\"https:\/\/mwb.com.pl\/autyzm\/wp-content\/uploads\/2020\/12\/warsztaty_6-150x150.jpg\" class=\"attachment-thumbnail size-thumbnail\" alt=\"Ch\u0142opiec pochylony nad czarn\u0105 kartk\u0105, wykonuje prac\u0119 plastyczn\u0105.\" \/><\/a>\n\t\t\t<\/div><\/figure><figure class='gallery-item'>\n\t\t\t<div class='gallery-icon landscape'>\n\t\t\t\t<a data-elementor-open-lightbox=\"yes\" data-elementor-lightbox-slideshow=\"ef8933e\" data-elementor-lightbox-title=\"D\u0142onie dziecka wyklejaj\u0105 drzewo z zielonego sznurka i patyczk\u00f3w.\" data-e-action-hash=\"#elementor-action%3Aaction%3Dlightbox%26settings%3DeyJpZCI6NTI2LCJ1cmwiOiJodHRwczpcL1wvbXdiLmNvbS5wbFwvYXV0eXptXC93cC1jb250ZW50XC91cGxvYWRzXC8yMDIwXC8xMlwvd2Fyc3p0YXR5XzcuanBnIiwic2xpZGVzaG93IjoiZWY4OTMzZSJ9\" href='https:\/\/mwb.com.pl\/autyzm\/wp-content\/uploads\/2020\/12\/warsztaty_7.jpg'><img loading=\"lazy\" decoding=\"async\" width=\"150\" height=\"150\" src=\"https:\/\/mwb.com.pl\/autyzm\/wp-content\/uploads\/2020\/12\/warsztaty_7-150x150.jpg\" class=\"attachment-thumbnail size-thumbnail\" alt=\"D\u0142onie dziecka wyklejaj\u0105 drzewo z zielonego sznurka i patyczk\u00f3w.\" \/><\/a>\n\t\t\t<\/div><\/figure>\n\t\t<\/div>\n\t\t<\/div>\n\t\t\t\t\t\t<\/div>\n\t\t\t\t<\/div>\n\t\t\t\t\t<\/div>\n\t\t<\/div>\n\t\t\t\t<div class=\"elementor-column elementor-col-33 elementor-top-column elementor-element elementor-element-7abcac7\" data-id=\"7abcac7\" data-element_type=\"column\" data-e-type=\"column\">\n\t\t\t<div class=\"elementor-widget-wrap\">\n\t\t\t\t\t\t\t<\/div>\n\t\t<\/div>\n\t\t\t\t\t<\/div>\n\t\t<\/section>\n\t\t\t\t<\/div>\n\t\t","protected":false},"excerpt":{"rendered":"<p>O PROJEKCIE Projekt \u201eAutyzm bli\u017cej. Dostosowanie oferty edukacyjnej i kulturalnej Muzeum Wojska w Bia\u0142ymstoku do potrzeb os\u00f3b z autyzmem\u201d by\u0142 realizowany dzi\u0119ki dofinansowaniu Ministra Kultury i Dziedzictwa Narodowego w ramach programu Kultura Dost\u0119pna.Celem zadania by\u0142o w\u0142\u0105czenie os\u00f3b postrzegaj\u0105cych \u015bwiat przez pryzmat autyzmu do grona naszych odbiorc\u00f3w. G\u0142\u00f3wne dzia\u0142ania projektowe obejmowa\u0142y: \u2013 Cykl szkoleniowy dla pracownik\u00f3w [&hellip;]<\/p>\n","protected":false},"author":1,"featured_media":0,"parent":0,"menu_order":0,"comment_status":"closed","ping_status":"closed","template":"page-templates\/page_front-page.php","meta":{"h5ap_radio_sources":[],"footnotes":""},"class_list":["post-6","page","type-page","status-publish","hentry"],"_links":{"self":[{"href":"https:\/\/mwb.com.pl\/autyzm\/wp-json\/wp\/v2\/pages\/6","targetHints":{"allow":["GET"]}}],"collection":[{"href":"https:\/\/mwb.com.pl\/autyzm\/wp-json\/wp\/v2\/pages"}],"about":[{"href":"https:\/\/mwb.com.pl\/autyzm\/wp-json\/wp\/v2\/types\/page"}],"author":[{"embeddable":true,"href":"https:\/\/mwb.com.pl\/autyzm\/wp-json\/wp\/v2\/users\/1"}],"replies":[{"embeddable":true,"href":"https:\/\/mwb.com.pl\/autyzm\/wp-json\/wp\/v2\/comments?post=6"}],"version-history":[{"count":80,"href":"https:\/\/mwb.com.pl\/autyzm\/wp-json\/wp\/v2\/pages\/6\/revisions"}],"predecessor-version":[{"id":693,"href":"https:\/\/mwb.com.pl\/autyzm\/wp-json\/wp\/v2\/pages\/6\/revisions\/693"}],"wp:attachment":[{"href":"https:\/\/mwb.com.pl\/autyzm\/wp-json\/wp\/v2\/media?parent=6"}],"curies":[{"name":"wp","href":"https:\/\/api.w.org\/{rel}","templated":true}]}}