{"id":299,"date":"2020-12-02T10:14:27","date_gmt":"2020-12-02T09:14:27","guid":{"rendered":"https:\/\/mwb.com.pl\/autyzm\/?page_id=299"},"modified":"2022-02-14T11:41:36","modified_gmt":"2022-02-14T10:41:36","slug":"materialy","status":"publish","type":"page","link":"https:\/\/mwb.com.pl\/autyzm\/materialy\/","title":{"rendered":"Materia\u0142y"},"content":{"rendered":"\t\t<div data-elementor-type=\"wp-page\" data-elementor-id=\"299\" class=\"elementor elementor-299\">\n\t\t\t\t\t\t<section class=\"elementor-section elementor-top-section elementor-element elementor-element-5a71f12b elementor-section-boxed elementor-section-height-default elementor-section-height-default\" data-id=\"5a71f12b\" data-element_type=\"section\" data-e-type=\"section\">\n\t\t\t\t\t\t<div class=\"elementor-container elementor-column-gap-default\">\n\t\t\t\t\t<div class=\"elementor-column elementor-col-100 elementor-top-column elementor-element elementor-element-79e3f397\" data-id=\"79e3f397\" data-element_type=\"column\" data-e-type=\"column\">\n\t\t\t<div class=\"elementor-widget-wrap elementor-element-populated\">\n\t\t\t\t\t\t<div class=\"elementor-element elementor-element-76add17e elementor-widget elementor-widget-text-editor\" data-id=\"76add17e\" data-element_type=\"widget\" data-e-type=\"widget\" data-widget_type=\"text-editor.default\">\n\t\t\t\t<div class=\"elementor-widget-container\">\n\t\t\t\t\t\t\t\t\t\n<h4 style=\"color: #1f2493; text-align: center;\">\u00a0MATERIA\u0141Y<\/h4>\t\t\t\t\t\t\t\t<\/div>\n\t\t\t\t<\/div>\n\t\t\t\t\t<\/div>\n\t\t<\/div>\n\t\t\t\t\t<\/div>\n\t\t<\/section>\n\t\t\t\t<section class=\"elementor-section elementor-top-section elementor-element elementor-element-65b18f2 elementor-section-boxed elementor-section-height-default elementor-section-height-default\" data-id=\"65b18f2\" data-element_type=\"section\" data-e-type=\"section\">\n\t\t\t\t\t\t<div class=\"elementor-container elementor-column-gap-default\">\n\t\t\t\t\t<div class=\"elementor-column elementor-col-50 elementor-top-column elementor-element elementor-element-ba17d60\" data-id=\"ba17d60\" data-element_type=\"column\" data-e-type=\"column\">\n\t\t\t<div class=\"elementor-widget-wrap elementor-element-populated\">\n\t\t\t\t\t\t<div class=\"elementor-element elementor-element-e31a6e5 elementor-widget elementor-widget-image\" data-id=\"e31a6e5\" data-element_type=\"widget\" data-e-type=\"widget\" data-widget_type=\"image.default\">\n\t\t\t\t<div class=\"elementor-widget-container\">\n\t\t\t\t\t\t\t\t\t\t\t\t\t\t\t<img fetchpriority=\"high\" decoding=\"async\" width=\"951\" height=\"426\" src=\"https:\/\/mwb.com.pl\/autyzm\/wp-content\/uploads\/2021\/01\/webinarium.jpg\" class=\"attachment-large size-large wp-image-599\" alt=\"baner webinarium\" srcset=\"https:\/\/mwb.com.pl\/autyzm\/wp-content\/uploads\/2021\/01\/webinarium.jpg 951w, https:\/\/mwb.com.pl\/autyzm\/wp-content\/uploads\/2021\/01\/webinarium-300x134.jpg 300w, https:\/\/mwb.com.pl\/autyzm\/wp-content\/uploads\/2021\/01\/webinarium-768x344.jpg 768w, https:\/\/mwb.com.pl\/autyzm\/wp-content\/uploads\/2021\/01\/webinarium-830x372.jpg 830w, https:\/\/mwb.com.pl\/autyzm\/wp-content\/uploads\/2021\/01\/webinarium-230x103.jpg 230w, https:\/\/mwb.com.pl\/autyzm\/wp-content\/uploads\/2021\/01\/webinarium-350x157.jpg 350w, https:\/\/mwb.com.pl\/autyzm\/wp-content\/uploads\/2021\/01\/webinarium-480x215.jpg 480w\" sizes=\"(max-width: 951px) 100vw, 951px\" \/>\t\t\t\t\t\t\t\t\t\t\t\t\t\t\t<\/div>\n\t\t\t\t<\/div>\n\t\t\t\t\t<\/div>\n\t\t<\/div>\n\t\t\t\t<div class=\"elementor-column elementor-col-50 elementor-top-column elementor-element elementor-element-7119c22\" data-id=\"7119c22\" data-element_type=\"column\" data-e-type=\"column\">\n\t\t\t<div class=\"elementor-widget-wrap elementor-element-populated\">\n\t\t\t\t\t\t<div class=\"elementor-element elementor-element-2b5b922 elementor-widget elementor-widget-text-editor\" data-id=\"2b5b922\" data-element_type=\"widget\" data-e-type=\"widget\" data-widget_type=\"text-editor.default\">\n\t\t\t\t<div class=\"elementor-widget-container\">\n\t\t\t\t\t\t\t\t\t<p><strong>Nagranie z webinarium podsumowuj\u0105cego projekt<\/strong><br \/>Zapraszamy do wys\u0142uchania webinarium podsumowuj\u0105cego projekt \u201eAutyzm bli\u017cej. Dostosowanie oferty edukacyjnej i kulturalnej Muzeum Wojska w Bia\u0142ymstoku do potrzeb os\u00f3b z autyzmem\u201d. Koordynatorki projektu opowiadaj\u0105 o efektach dzia\u0142a\u0144 projektowych oraz o specyfice pracy z osobami z autyzmem.<br \/><a href=\"https:\/\/www.youtube.com\/watch?v=QS69cr9nz9s\">Wi\u0119cej\u2026 <\/a><\/p>\t\t\t\t\t\t\t\t<\/div>\n\t\t\t\t<\/div>\n\t\t\t\t\t<\/div>\n\t\t<\/div>\n\t\t\t\t\t<\/div>\n\t\t<\/section>\n\t\t\t\t<section class=\"elementor-section elementor-top-section elementor-element elementor-element-48c873d elementor-section-boxed elementor-section-height-default elementor-section-height-default\" data-id=\"48c873d\" data-element_type=\"section\" data-e-type=\"section\">\n\t\t\t\t\t\t<div class=\"elementor-container elementor-column-gap-default\">\n\t\t\t\t\t<div class=\"elementor-column elementor-col-50 elementor-top-column elementor-element elementor-element-d8fa4a5\" data-id=\"d8fa4a5\" data-element_type=\"column\" data-e-type=\"column\">\n\t\t\t<div class=\"elementor-widget-wrap elementor-element-populated\">\n\t\t\t\t\t\t<div class=\"elementor-element elementor-element-61c5663 elementor-widget elementor-widget-image\" data-id=\"61c5663\" data-element_type=\"widget\" data-e-type=\"widget\" data-widget_type=\"image.default\">\n\t\t\t\t<div class=\"elementor-widget-container\">\n\t\t\t\t\t\t\t\t\t\t\t\t\t\t\t<img decoding=\"async\" width=\"651\" height=\"326\" src=\"https:\/\/mwb.com.pl\/autyzm\/wp-content\/uploads\/2020\/12\/650x325_pakiet.jpg\" class=\"attachment-large size-large wp-image-409\" alt=\"Pakiet edukacyjny\" srcset=\"https:\/\/mwb.com.pl\/autyzm\/wp-content\/uploads\/2020\/12\/650x325_pakiet.jpg 651w, https:\/\/mwb.com.pl\/autyzm\/wp-content\/uploads\/2020\/12\/650x325_pakiet-300x150.jpg 300w, https:\/\/mwb.com.pl\/autyzm\/wp-content\/uploads\/2020\/12\/650x325_pakiet-230x115.jpg 230w, https:\/\/mwb.com.pl\/autyzm\/wp-content\/uploads\/2020\/12\/650x325_pakiet-350x175.jpg 350w, https:\/\/mwb.com.pl\/autyzm\/wp-content\/uploads\/2020\/12\/650x325_pakiet-480x240.jpg 480w\" sizes=\"(max-width: 651px) 100vw, 651px\" \/>\t\t\t\t\t\t\t\t\t\t\t\t\t\t\t<\/div>\n\t\t\t\t<\/div>\n\t\t\t\t\t<\/div>\n\t\t<\/div>\n\t\t\t\t<div class=\"elementor-column elementor-col-50 elementor-top-column elementor-element elementor-element-9c95dc7\" data-id=\"9c95dc7\" data-element_type=\"column\" data-e-type=\"column\">\n\t\t\t<div class=\"elementor-widget-wrap elementor-element-populated\">\n\t\t\t\t\t\t<div class=\"elementor-element elementor-element-649e173 elementor-widget elementor-widget-text-editor\" data-id=\"649e173\" data-element_type=\"widget\" data-e-type=\"widget\" data-widget_type=\"text-editor.default\">\n\t\t\t\t<div class=\"elementor-widget-container\">\n\t\t\t\t\t\t\t\t\t<p><strong>Bezp\u0142atny Pakiet Edukacyjny do pobrania<\/strong><br \/>Zapraszamy do zapoznania si\u0119 z tre\u015bciami Pakietu Edukacyjnego przygotowanego przez zesp\u00f3\u0142 edukator\u00f3w Muzeum. Celem autor\u00f3w by\u0142o opracowanie \u0107wicze\u0144 pozwalaj\u0105cych na wykorzystanie obiekt\u00f3w muzealnych do pracy z osobami ze spektrum autyzmu, w zakresie edukacji historycznej, jak i kulturalnej. Scenariusze zaj\u0119\u0107 oraz materia\u0142y niezb\u0119dne do ich realizacji zosta\u0142y udost\u0119pnione bezp\u0142atnie na licencji CC-BY-NC-ND.<br \/><a href=\"https:\/\/mwb.com.pl\/autyzm\/pakiet-edukacyjny\/\">Wi\u0119cej\u2026 <\/a><\/p>\t\t\t\t\t\t\t\t<\/div>\n\t\t\t\t<\/div>\n\t\t\t\t\t<\/div>\n\t\t<\/div>\n\t\t\t\t\t<\/div>\n\t\t<\/section>\n\t\t\t\t<section class=\"elementor-section elementor-top-section elementor-element elementor-element-a85cc2e elementor-section-boxed elementor-section-height-default elementor-section-height-default\" data-id=\"a85cc2e\" data-element_type=\"section\" data-e-type=\"section\">\n\t\t\t\t\t\t<div class=\"elementor-container elementor-column-gap-default\">\n\t\t\t\t\t<div class=\"elementor-column elementor-col-50 elementor-top-column elementor-element elementor-element-2c47fbf\" data-id=\"2c47fbf\" data-element_type=\"column\" data-e-type=\"column\">\n\t\t\t<div class=\"elementor-widget-wrap elementor-element-populated\">\n\t\t\t\t\t\t<div class=\"elementor-element elementor-element-f83f278 elementor-widget elementor-widget-image\" data-id=\"f83f278\" data-element_type=\"widget\" data-e-type=\"widget\" data-widget_type=\"image.default\">\n\t\t\t\t<div class=\"elementor-widget-container\">\n\t\t\t\t\t\t\t\t\t\t\t\t\t\t\t<img decoding=\"async\" width=\"651\" height=\"326\" src=\"https:\/\/mwb.com.pl\/autyzm\/wp-content\/uploads\/2020\/12\/filmy_650x325.jpg\" class=\"attachment-large size-large wp-image-486\" alt=\"filmy\" srcset=\"https:\/\/mwb.com.pl\/autyzm\/wp-content\/uploads\/2020\/12\/filmy_650x325.jpg 651w, https:\/\/mwb.com.pl\/autyzm\/wp-content\/uploads\/2020\/12\/filmy_650x325-300x150.jpg 300w, https:\/\/mwb.com.pl\/autyzm\/wp-content\/uploads\/2020\/12\/filmy_650x325-230x115.jpg 230w, https:\/\/mwb.com.pl\/autyzm\/wp-content\/uploads\/2020\/12\/filmy_650x325-350x175.jpg 350w, https:\/\/mwb.com.pl\/autyzm\/wp-content\/uploads\/2020\/12\/filmy_650x325-480x240.jpg 480w\" sizes=\"(max-width: 651px) 100vw, 651px\" \/>\t\t\t\t\t\t\t\t\t\t\t\t\t\t\t<\/div>\n\t\t\t\t<\/div>\n\t\t\t\t\t<\/div>\n\t\t<\/div>\n\t\t\t\t<div class=\"elementor-column elementor-col-50 elementor-top-column elementor-element elementor-element-cdd3106\" data-id=\"cdd3106\" data-element_type=\"column\" data-e-type=\"column\">\n\t\t\t<div class=\"elementor-widget-wrap elementor-element-populated\">\n\t\t\t\t\t\t<div class=\"elementor-element elementor-element-1752b98 elementor-widget elementor-widget-text-editor\" data-id=\"1752b98\" data-element_type=\"widget\" data-e-type=\"widget\" data-widget_type=\"text-editor.default\">\n\t\t\t\t<div class=\"elementor-widget-container\">\n\t\t\t\t\t\t\t\t\t<strong>Materia\u0142y filmowe<\/strong><br>\nPolecamy materia\u0142y filmowe uzupe\u0142niaj\u0105ce tre\u015bci pakietu edukacyjnego. S\u0105 to instrukcje prowadzenia warsztat\u00f3w wed\u0142ug muzealnych scenariuszy, a tak\u017ce fragmenty \u015bcie\u017cki oprowadzania po wystawach sta\u0142ych. Pokazane zosta\u0142y zbiory znajduj\u0105ce si\u0119 na ekspozycjach, dzi\u0119ki czemu filmy mog\u0105 by\u0107 prezentowane w trakcie lekcji lub zaj\u0119\u0107 edukacyjnych.<br>\n<a href=\"https:\/\/mwb.com.pl\/autyzm\/filmy\/\" target=\"_blank\" rel=\"noopener noreferrer\">Wi\u0119cej\u2026<\/a>\t\t\t\t\t\t\t\t<\/div>\n\t\t\t\t<\/div>\n\t\t\t\t\t<\/div>\n\t\t<\/div>\n\t\t\t\t\t<\/div>\n\t\t<\/section>\n\t\t\t\t<section class=\"elementor-section elementor-top-section elementor-element elementor-element-366e4dd elementor-section-boxed elementor-section-height-default elementor-section-height-default\" data-id=\"366e4dd\" data-element_type=\"section\" data-e-type=\"section\">\n\t\t\t\t\t\t<div class=\"elementor-container elementor-column-gap-default\">\n\t\t\t\t\t\t<\/div>\n\t\t<\/section>\n\t\t\t\t<section class=\"elementor-section elementor-top-section elementor-element elementor-element-9be9f2e elementor-section-boxed elementor-section-height-default elementor-section-height-default\" data-id=\"9be9f2e\" data-element_type=\"section\" data-e-type=\"section\">\n\t\t\t\t\t\t<div class=\"elementor-container elementor-column-gap-default\">\n\t\t\t\t\t<div class=\"elementor-column elementor-col-50 elementor-top-column elementor-element elementor-element-7a2c316\" data-id=\"7a2c316\" data-element_type=\"column\" data-e-type=\"column\">\n\t\t\t<div class=\"elementor-widget-wrap elementor-element-populated\">\n\t\t\t\t\t\t<div class=\"elementor-element elementor-element-67837ba elementor-widget elementor-widget-image\" data-id=\"67837ba\" data-element_type=\"widget\" data-e-type=\"widget\" data-widget_type=\"image.default\">\n\t\t\t\t<div class=\"elementor-widget-container\">\n\t\t\t\t\t\t\t\t\t\t\t\t\t\t\t<img loading=\"lazy\" decoding=\"async\" width=\"651\" height=\"326\" src=\"https:\/\/mwb.com.pl\/autyzm\/wp-content\/uploads\/2020\/12\/przewodnik_650x325.jpg\" class=\"attachment-large size-large wp-image-564\" alt=\"Przewodnik po metodzie\" srcset=\"https:\/\/mwb.com.pl\/autyzm\/wp-content\/uploads\/2020\/12\/przewodnik_650x325.jpg 651w, https:\/\/mwb.com.pl\/autyzm\/wp-content\/uploads\/2020\/12\/przewodnik_650x325-300x150.jpg 300w, https:\/\/mwb.com.pl\/autyzm\/wp-content\/uploads\/2020\/12\/przewodnik_650x325-230x115.jpg 230w, https:\/\/mwb.com.pl\/autyzm\/wp-content\/uploads\/2020\/12\/przewodnik_650x325-350x175.jpg 350w, https:\/\/mwb.com.pl\/autyzm\/wp-content\/uploads\/2020\/12\/przewodnik_650x325-480x240.jpg 480w\" sizes=\"(max-width: 651px) 100vw, 651px\" \/>\t\t\t\t\t\t\t\t\t\t\t\t\t\t\t<\/div>\n\t\t\t\t<\/div>\n\t\t\t\t\t<\/div>\n\t\t<\/div>\n\t\t\t\t<div class=\"elementor-column elementor-col-50 elementor-top-column elementor-element elementor-element-687f0e6\" data-id=\"687f0e6\" data-element_type=\"column\" data-e-type=\"column\">\n\t\t\t<div class=\"elementor-widget-wrap elementor-element-populated\">\n\t\t\t\t\t\t<div class=\"elementor-element elementor-element-6cc7ff9 elementor-widget elementor-widget-text-editor\" data-id=\"6cc7ff9\" data-element_type=\"widget\" data-e-type=\"widget\" data-widget_type=\"text-editor.default\">\n\t\t\t\t<div class=\"elementor-widget-container\">\n\t\t\t\t\t\t\t\t\t<strong>Przewodnik po metodzie<\/strong><\/br>\nZapraszamy do zapoznania si\u0119 z przewodnikiem po metodzie, w kt\u00f3rym prezentujemy efekty projektu &#8222;Autyzm bli\u017cej. Dostosowanie oferty edukacyjnej i kulturalnej Muzeum Wojska w Bia\u0142ymstoku do potrzeb os\u00f3b z autyzmem&#8221;. Tekst &#8211; Marzena Wilczko, opracowanie graficzne &#8211; Barbara Bielawiec.\n<\/br>\n<a href=\"https:\/\/mwb.com.pl\/autyzm\/\/wp-content\/uploads\/przewodnik\/przewodnik.pdf\" rel=\"noopener noreferrer\" target=\"_blank\">Wi\u0119cej\u2026 <\/a>\t\t\t\t\t\t\t\t<\/div>\n\t\t\t\t<\/div>\n\t\t\t\t\t<\/div>\n\t\t<\/div>\n\t\t\t\t\t<\/div>\n\t\t<\/section>\n\t\t\t\t<section class=\"elementor-section elementor-top-section elementor-element elementor-element-dfb51b4 elementor-section-boxed elementor-section-height-default elementor-section-height-default\" data-id=\"dfb51b4\" data-element_type=\"section\" data-e-type=\"section\">\n\t\t\t\t\t\t<div class=\"elementor-container elementor-column-gap-default\">\n\t\t\t\t\t<div class=\"elementor-column elementor-col-50 elementor-top-column elementor-element elementor-element-1383b99\" data-id=\"1383b99\" data-element_type=\"column\" data-e-type=\"column\">\n\t\t\t<div class=\"elementor-widget-wrap elementor-element-populated\">\n\t\t\t\t\t\t<div class=\"elementor-element elementor-element-d178e8d elementor-widget elementor-widget-image\" data-id=\"d178e8d\" data-element_type=\"widget\" data-e-type=\"widget\" data-widget_type=\"image.default\">\n\t\t\t\t<div class=\"elementor-widget-container\">\n\t\t\t\t\t\t\t\t\t\t\t\t\t\t\t<img loading=\"lazy\" decoding=\"async\" width=\"651\" height=\"326\" src=\"https:\/\/mwb.com.pl\/autyzm\/wp-content\/uploads\/2020\/12\/650x325_materialy.jpg\" class=\"attachment-large size-large wp-image-419\" alt=\"\" srcset=\"https:\/\/mwb.com.pl\/autyzm\/wp-content\/uploads\/2020\/12\/650x325_materialy.jpg 651w, https:\/\/mwb.com.pl\/autyzm\/wp-content\/uploads\/2020\/12\/650x325_materialy-300x150.jpg 300w, https:\/\/mwb.com.pl\/autyzm\/wp-content\/uploads\/2020\/12\/650x325_materialy-230x115.jpg 230w, https:\/\/mwb.com.pl\/autyzm\/wp-content\/uploads\/2020\/12\/650x325_materialy-350x175.jpg 350w, https:\/\/mwb.com.pl\/autyzm\/wp-content\/uploads\/2020\/12\/650x325_materialy-480x240.jpg 480w\" sizes=\"(max-width: 651px) 100vw, 651px\" \/>\t\t\t\t\t\t\t\t\t\t\t\t\t\t\t<\/div>\n\t\t\t\t<\/div>\n\t\t\t\t\t<\/div>\n\t\t<\/div>\n\t\t\t\t<div class=\"elementor-column elementor-col-50 elementor-top-column elementor-element elementor-element-9b9c4c3\" data-id=\"9b9c4c3\" data-element_type=\"column\" data-e-type=\"column\">\n\t\t\t<div class=\"elementor-widget-wrap elementor-element-populated\">\n\t\t\t\t\t\t<div class=\"elementor-element elementor-element-340a21c elementor-widget elementor-widget-text-editor\" data-id=\"340a21c\" data-element_type=\"widget\" data-e-type=\"widget\" data-widget_type=\"text-editor.default\">\n\t\t\t\t<div class=\"elementor-widget-container\">\n\t\t\t\t\t\t\t\t\t<p><strong>Materia\u0142y szkoleniowe: praca z osobami z autyzmem<\/strong><br \/>Dost\u0119pne nagrania pochodz\u0105 z webinari\u00f3w, w kt\u00f3rych wzi\u0119li udzia\u0142 pracownicy Dzia\u0142u Edukacji i Wystaw Muzeum Wojska w Bia\u0142ymstoku. Szkolenia odby\u0142y si\u0119 w maju i czerwcu 2020 r. Stanowi\u0142y g\u0142\u00f3wn\u0105 cz\u0119\u015b\u0107 cyklu szkoleniowego, maj\u0105cego na celu podniesienie kompetencji pracownik\u00f3w Muzeum w zakresie pracy z osobami z autyzmem.<br \/><a href=\"https:\/\/mwb.com.pl\/autyzm\/materialy-szkoleniowe\/\">Wi\u0119cej\u2026 <\/a><\/p>\t\t\t\t\t\t\t\t<\/div>\n\t\t\t\t<\/div>\n\t\t\t\t\t<\/div>\n\t\t<\/div>\n\t\t\t\t\t<\/div>\n\t\t<\/section>\n\t\t\t\t<section class=\"elementor-section elementor-top-section elementor-element elementor-element-e3f1e5b elementor-section-boxed elementor-section-height-default elementor-section-height-default\" data-id=\"e3f1e5b\" data-element_type=\"section\" data-e-type=\"section\">\n\t\t\t\t\t\t<div class=\"elementor-container elementor-column-gap-default\">\n\t\t\t\t\t\t<\/div>\n\t\t<\/section>\n\t\t\t\t<\/div>\n\t\t","protected":false},"excerpt":{"rendered":"<p>\u00a0MATERIA\u0141Y Nagranie z webinarium podsumowuj\u0105cego projektZapraszamy do wys\u0142uchania webinarium podsumowuj\u0105cego projekt \u201eAutyzm bli\u017cej. Dostosowanie oferty edukacyjnej i kulturalnej Muzeum Wojska w Bia\u0142ymstoku do potrzeb os\u00f3b z autyzmem\u201d. Koordynatorki projektu opowiadaj\u0105 o efektach dzia\u0142a\u0144 projektowych oraz o specyfice pracy z osobami z autyzmem.Wi\u0119cej\u2026 Bezp\u0142atny Pakiet Edukacyjny do pobraniaZapraszamy do zapoznania si\u0119 z tre\u015bciami Pakietu Edukacyjnego przygotowanego [&hellip;]<\/p>\n","protected":false},"author":1,"featured_media":0,"parent":0,"menu_order":0,"comment_status":"closed","ping_status":"closed","template":"page-templates\/page_front-page.php","meta":{"h5ap_radio_sources":[],"footnotes":""},"class_list":["post-299","page","type-page","status-publish","hentry"],"_links":{"self":[{"href":"https:\/\/mwb.com.pl\/autyzm\/wp-json\/wp\/v2\/pages\/299","targetHints":{"allow":["GET"]}}],"collection":[{"href":"https:\/\/mwb.com.pl\/autyzm\/wp-json\/wp\/v2\/pages"}],"about":[{"href":"https:\/\/mwb.com.pl\/autyzm\/wp-json\/wp\/v2\/types\/page"}],"author":[{"embeddable":true,"href":"https:\/\/mwb.com.pl\/autyzm\/wp-json\/wp\/v2\/users\/1"}],"replies":[{"embeddable":true,"href":"https:\/\/mwb.com.pl\/autyzm\/wp-json\/wp\/v2\/comments?post=299"}],"version-history":[{"count":75,"href":"https:\/\/mwb.com.pl\/autyzm\/wp-json\/wp\/v2\/pages\/299\/revisions"}],"predecessor-version":[{"id":668,"href":"https:\/\/mwb.com.pl\/autyzm\/wp-json\/wp\/v2\/pages\/299\/revisions\/668"}],"wp:attachment":[{"href":"https:\/\/mwb.com.pl\/autyzm\/wp-json\/wp\/v2\/media?parent=299"}],"curies":[{"name":"wp","href":"https:\/\/api.w.org\/{rel}","templated":true}]}}