{"id":14,"date":"2020-09-09T14:14:43","date_gmt":"2020-09-09T12:14:43","guid":{"rendered":"https:\/\/mwb.com.pl\/autyzm\/?page_id=14"},"modified":"2022-02-14T11:47:56","modified_gmt":"2022-02-14T10:47:56","slug":"kontakt","status":"publish","type":"page","link":"https:\/\/mwb.com.pl\/autyzm\/kontakt\/","title":{"rendered":"Kontakt"},"content":{"rendered":"<h5>&nbsp;<\/h5>\n<h4 style=\"color: #1f2493; text-align: center;\">KONTAKT<\/h4>\n<p style=\"text-align: center;\">Koordynacja projektu i kontakt:<\/p>\n<p style=\"text-align: center;\">Marzena Wilczko, mwilczko@mwb.com.pl, tel. 536 123 424<br \/>\nEwelina Sarosiek, esarosiek@mwb.com.pl, tel. 85 741 64 49 wew. 13.<\/p>\n<p style=\"text-align: center;\"><strong>Muzeum Wojska w Bia\u0142ymstoku<\/strong><br \/>\nul. Jana Kili\u0144skiego 7<br \/>\n15-089 Bia\u0142ystok<\/p>\n","protected":false},"excerpt":{"rendered":"<p>&nbsp; KONTAKT Koordynacja projektu i kontakt: Marzena Wilczko, mwilczko@mwb.com.pl, tel. 536 123 424 Ewelina Sarosiek, esarosiek@mwb.com.pl, tel. 85 741 64 49 wew. 13. Muzeum Wojska w Bia\u0142ymstoku ul. Jana Kili\u0144skiego 7 15-089 Bia\u0142ystok<\/p>\n","protected":false},"author":1,"featured_media":0,"parent":0,"menu_order":0,"comment_status":"closed","ping_status":"closed","template":"page-templates\/page_front-page.php","meta":{"h5ap_radio_sources":[],"footnotes":""},"class_list":["post-14","page","type-page","status-publish","hentry"],"_links":{"self":[{"href":"https:\/\/mwb.com.pl\/autyzm\/wp-json\/wp\/v2\/pages\/14","targetHints":{"allow":["GET"]}}],"collection":[{"href":"https:\/\/mwb.com.pl\/autyzm\/wp-json\/wp\/v2\/pages"}],"about":[{"href":"https:\/\/mwb.com.pl\/autyzm\/wp-json\/wp\/v2\/types\/page"}],"author":[{"embeddable":true,"href":"https:\/\/mwb.com.pl\/autyzm\/wp-json\/wp\/v2\/users\/1"}],"replies":[{"embeddable":true,"href":"https:\/\/mwb.com.pl\/autyzm\/wp-json\/wp\/v2\/comments?post=14"}],"version-history":[{"count":12,"href":"https:\/\/mwb.com.pl\/autyzm\/wp-json\/wp\/v2\/pages\/14\/revisions"}],"predecessor-version":[{"id":672,"href":"https:\/\/mwb.com.pl\/autyzm\/wp-json\/wp\/v2\/pages\/14\/revisions\/672"}],"wp:attachment":[{"href":"https:\/\/mwb.com.pl\/autyzm\/wp-json\/wp\/v2\/media?parent=14"}],"curies":[{"name":"wp","href":"https:\/\/api.w.org\/{rel}","templated":true}]}}