{"id":181,"date":"2020-10-22T09:11:11","date_gmt":"2020-10-22T07:11:11","guid":{"rendered":"https:\/\/mwb.com.pl\/aprowizacja\/?page_id=181"},"modified":"2020-10-27T12:10:54","modified_gmt":"2020-10-27T11:10:54","slug":"spoldzielnie-zolnierskie","status":"publish","type":"page","link":"https:\/\/mwb.com.pl\/aprowizacja\/spoldzielnie-zolnierskie\/","title":{"rendered":"Sp\u00f3\u0142dzielnie \u017co\u0142nierskie"},"content":{"rendered":"<div id=\"pl-181\"  class=\"panel-layout\" ><div id=\"pg-181-0\"  class=\"panel-grid panel-no-style\" ><div id=\"pgc-181-0-0\"  class=\"panel-grid-cell\" ><div id=\"panel-181-0-0-0\" class=\"so-panel widget widget_text panel-first-child panel-last-child\" data-index=\"0\" ><h3 class=\"widget-title\">Sp\u00f3\u0142dzielnie \u017co\u0142nierskie<\/h3>\t\t\t<div class=\"textwidget\"><p>Od 1919 roku na terenach koszar, z inicjatywy dow\u00f3dc\u00f3w pu\u0142ku lub korpusu oficerskiego, zacz\u0119to zak\u0142ada\u0107 pu\u0142kowe sp\u00f3\u0142dzielnie wojskowe. Wzorowane by\u0142y na sp\u00f3\u0142dzielniach istniej\u0105cych w armii francuskiej i rosyjskiej. Ich funkcjonowanie zosta\u0142o oparte o ustaw\u0119 z 29 pa\u017adziernika 1920 roku. W zarz\u0105dzie funkcjonowa\u0142 zwykle dow\u00f3dca lub inny wyznaczony oficer z pu\u0142ku. W 1923 roku istnia\u0142y 289 sp\u00f3\u0142dzielnie wojskowe. G\u0142\u00f3wnym zadaniem powo\u0142anych sp\u00f3\u0142dzielni by\u0142o zapewnienie \u017co\u0142nierzom mo\u017cliwo\u015bci zakupu artyku\u0142\u00f3w nieobj\u0119tych zaopatrzeniem intendenckim. W prowadzonych przez sp\u00f3\u0142dzielnie sklepach na terenie koszar \u017co\u0142nierz m\u00f3g\u0142 zaopatrzy\u0107 si\u0119 w papierosy, zapa\u0142ki oraz dodatkow\u0105 \u017cywno\u015b\u0107. Poza prowadzeniem sklepu, sp\u00f3\u0142dzielnie u\u017cytkowa\u0142y gospodarstwa rolne zapewniaj\u0105ce kwatermistrzom jednostek dodatkowe produkty spo\u017cywcze. Emitowa\u0142y tak\u017ce w\u0142asne pieni\u0105dze w postaci monet zast\u0119pczych. By\u0142a to forma udzielenia kredytu na poczet kolejnych pobor\u00f3w, kt\u00f3ry m\u00f3g\u0142 by\u0107 wydany jedynie w sp\u00f3\u0142dzielni.<\/p>\n<\/div>\n\t\t<\/div><\/div><\/div><div id=\"pg-181-1\"  class=\"panel-grid panel-no-style\" ><div id=\"pgc-181-1-0\"  class=\"panel-grid-cell\" ><div id=\"panel-181-1-0-0\" class=\"widget_text so-panel widget widget_custom_html panel-first-child panel-last-child\" data-index=\"1\" ><div id=\"Spoldzielnie_zdjecia\" class=\"widget_text panel-widget-style panel-widget-style-for-181-1-0-0\" ><div class=\"textwidget custom-html-widget\">\n<div class=\"vp-portfolio vp-uid-9cea487f vp-id-634 \"\n\tdata-vp-layout=\"masonry\" data-vp-content-source=\"post-based\" data-vp-items-style=\"fade\" data-vp-items-click-action=\"url\" data-vp-items-gap=\"15\" data-vp-items-gap-vertical=\"\" data-vp-pagination=\"infinite\" data-vp-next-page-url=\"https:\/\/mwb.com.pl\/aprowizacja\/wp-json\/wp\/v2\/pages\/181?vp_page=2\" data-vp-masonry-columns=\"3\" >\n\t<div class=\"vp-portfolio__preloader-wrap\">\n\t\t<div class=\"vp-portfolio__preloader\">\n\t\t\t<img decoding=\"async\" loading=\"eager\" src=\"https:\/\/mwb.com.pl\/aprowizacja\/wp-content\/plugins\/visual-portfolio\/assets\/images\/logo-dark.svg\" alt=\"Wizualne portfolio, wpisy i galeria obrazk\u00f3w dla WordPressa\" width=\"20\" height=\"20\" data-skip-lazy>\n\t\t<\/div>\n\t<\/div>\n\t\t<div class=\"vp-portfolio__items-wrap\">\n\t\t\t\n<div class=\"vp-portfolio__items vp-portfolio__items-style-fade vp-portfolio__items-show-overlay-hover\">\n\n\t\t<article\t\tclass=\"vp-portfolio__item-wrap post-474 portfolio type-portfolio status-publish format-standard has-post-thumbnail hentry portfolio_category-spoldzielnie vp-portfolio__item-uid-f5e125bb\" data-vp-filter=\"spoldzielnie\" \t\t>\n\t\t\t\t\t\t\t\t\t<figure class=\"vp-portfolio__item\">\n\t\t\t\t\n<div class=\"vp-portfolio__item-img-wrap\">\n\t<div class=\"vp-portfolio__item-img\">\n\t\t\t<a\n\t\thref=\"https:\/\/mwb.com.pl\/aprowizacja\/portfolio\/spoldzielnie-zolnierskie-zdjecie-1\/\"\n\t\taria-label=\"Sp\u00f3\u0142dzielnie \u017co\u0142nierskie &#8211; zdj\u0119cie 1\" \t>\n\t\n\t\t<noscript><img loading=\"lazy\" decoding=\"async\" width=\"832\" height=\"600\" data-skip-lazy src=\"https:\/\/mwb.com.pl\/aprowizacja\/wp-content\/uploads\/2020\/10\/Spoldzielnie1.jpg\" class=\"wp-image-475\" alt=\"Sklep garnizonowy prowadzony przez sp\u00f3\u0142dzielnie \u017co\u0142niersk\u0105, \u0141uck lata 20. \u2013 30. XX w. (MWB\/D\/5331)\" srcset=\"https:\/\/mwb.com.pl\/aprowizacja\/wp-content\/uploads\/2020\/10\/Spoldzielnie1.jpg 832w, https:\/\/mwb.com.pl\/aprowizacja\/wp-content\/uploads\/2020\/10\/Spoldzielnie1-300x216.jpg 300w, https:\/\/mwb.com.pl\/aprowizacja\/wp-content\/uploads\/2020\/10\/Spoldzielnie1-768x554.jpg 768w, https:\/\/mwb.com.pl\/aprowizacja\/wp-content\/uploads\/2020\/10\/Spoldzielnie1-500x361.jpg 500w, https:\/\/mwb.com.pl\/aprowizacja\/wp-content\/uploads\/2020\/10\/Spoldzielnie1-800x577.jpg 800w\" sizes=\"auto, (max-width: 832px) 100vw, 832px\" \/><\/noscript><img fetchpriority=\"high\" decoding=\"async\" width=\"832\" height=\"600\" src=\"https:\/\/mwb.com.pl\/aprowizacja\/wp-content\/uploads\/2020\/10\/Spoldzielnie1.jpg\" class=\"wp-image-475 vp-lazyload\" alt=\"Sklep garnizonowy prowadzony przez sp\u00f3\u0142dzielnie \u017co\u0142niersk\u0105, \u0141uck lata 20. \u2013 30. XX w. (MWB\/D\/5331)\" srcset=\"data:image\/svg+xml;base64,PHN2ZyB3aWR0aD0iODMyIiBoZWlnaHQ9IjYwMCIgdmlld0JveD0iMCAwIDgzMiA2MDAiIGZpbGw9Im5vbmUiIHhtbG5zPSJodHRwOi8vd3d3LnczLm9yZy8yMDAwL3N2ZyI+PC9zdmc+\" data-src=\"https:\/\/mwb.com.pl\/aprowizacja\/wp-content\/uploads\/2020\/10\/Spoldzielnie1.jpg\" data-srcset=\"https:\/\/mwb.com.pl\/aprowizacja\/wp-content\/uploads\/2020\/10\/Spoldzielnie1.jpg 832w, https:\/\/mwb.com.pl\/aprowizacja\/wp-content\/uploads\/2020\/10\/Spoldzielnie1-300x216.jpg 300w, https:\/\/mwb.com.pl\/aprowizacja\/wp-content\/uploads\/2020\/10\/Spoldzielnie1-768x554.jpg 768w, https:\/\/mwb.com.pl\/aprowizacja\/wp-content\/uploads\/2020\/10\/Spoldzielnie1-500x361.jpg 500w, https:\/\/mwb.com.pl\/aprowizacja\/wp-content\/uploads\/2020\/10\/Spoldzielnie1-800x577.jpg 800w\" data-sizes=\"auto\" loading=\"eager\">\n\t\t<\/a>\t<\/div>\n<\/div>\n\t<figcaption class=\"vp-portfolio__item-overlay vp-portfolio__item-overlay-text-align-center\">\n\t\t<div class=\"vp-portfolio__item-meta-wrap vp-portfolio__custom-scrollbar\">\n\t\t\t\t<a\n\t\thref=\"https:\/\/mwb.com.pl\/aprowizacja\/portfolio\/spoldzielnie-zolnierskie-zdjecie-1\/\"\n\t\ttabindex=\"-1\" class=\"vp-portfolio__item-meta\" aria-label=\"Sp\u00f3\u0142dzielnie \u017co\u0142nierskie &#8211; zdj\u0119cie 1\" \t>\n\t\n<div class=\"vp-portfolio__item-meta-excerpt\">\n\t<div>\n\t\tSklep garnizonowy prowadzony przez sp\u00f3\u0142dzielnie \u017co\u0142niersk\u0105, \u0141uck lata 20. \u2013 30. XX w. (MWB\/D\/5331)\t<\/div>\n<\/div>\n<\/a>\t\t<\/div>\n\t<\/figcaption>\n\t\t\t<\/figure>\n\t\t\t\t\t<\/article>\n\t\t\n\t\t<article\t\tclass=\"vp-portfolio__item-wrap post-477 portfolio type-portfolio status-publish format-standard has-post-thumbnail hentry portfolio_category-spoldzielnie vp-portfolio__item-uid-6ce87401\" data-vp-filter=\"spoldzielnie\" \t\t>\n\t\t\t\t\t\t\t\t\t<figure class=\"vp-portfolio__item\">\n\t\t\t\t\n<div class=\"vp-portfolio__item-img-wrap\">\n\t<div class=\"vp-portfolio__item-img\">\n\t\t\t<a\n\t\thref=\"https:\/\/mwb.com.pl\/aprowizacja\/portfolio\/spoldzielnie-zolnierskie-zdjecie-2\/\"\n\t\taria-label=\"Sp\u00f3\u0142dzielnie \u017co\u0142nierskie &#8211; zdj\u0119cie 2\" \t>\n\t\n\t\t<noscript><img loading=\"lazy\" decoding=\"async\" width=\"600\" height=\"909\" data-skip-lazy src=\"https:\/\/mwb.com.pl\/aprowizacja\/wp-content\/uploads\/2020\/10\/Spoldzielnie2.jpg\" class=\"wp-image-478\" alt=\"Podr\u0119cznik \u201eJak za\u0142o\u017cy\u0107 i prowadzi\u0107 Sp\u00f3\u0142dzielni\u0119 \u017bo\u0142niersk\u0105\u201d, 1921 r.\" srcset=\"https:\/\/mwb.com.pl\/aprowizacja\/wp-content\/uploads\/2020\/10\/Spoldzielnie2.jpg 600w, https:\/\/mwb.com.pl\/aprowizacja\/wp-content\/uploads\/2020\/10\/Spoldzielnie2-198x300.jpg 198w, https:\/\/mwb.com.pl\/aprowizacja\/wp-content\/uploads\/2020\/10\/Spoldzielnie2-500x758.jpg 500w\" sizes=\"auto, (max-width: 600px) 100vw, 600px\" \/><\/noscript><img decoding=\"async\" width=\"600\" height=\"909\" src=\"https:\/\/mwb.com.pl\/aprowizacja\/wp-content\/uploads\/2020\/10\/Spoldzielnie2.jpg\" class=\"wp-image-478 vp-lazyload\" alt=\"Podr\u0119cznik \u201eJak za\u0142o\u017cy\u0107 i prowadzi\u0107 Sp\u00f3\u0142dzielni\u0119 \u017bo\u0142niersk\u0105\u201d, 1921 r.\" srcset=\"data:image\/svg+xml;base64,PHN2ZyB3aWR0aD0iNjAwIiBoZWlnaHQ9IjkwOSIgdmlld0JveD0iMCAwIDYwMCA5MDkiIGZpbGw9Im5vbmUiIHhtbG5zPSJodHRwOi8vd3d3LnczLm9yZy8yMDAwL3N2ZyI+PC9zdmc+\" data-src=\"https:\/\/mwb.com.pl\/aprowizacja\/wp-content\/uploads\/2020\/10\/Spoldzielnie2.jpg\" data-srcset=\"https:\/\/mwb.com.pl\/aprowizacja\/wp-content\/uploads\/2020\/10\/Spoldzielnie2.jpg 600w, https:\/\/mwb.com.pl\/aprowizacja\/wp-content\/uploads\/2020\/10\/Spoldzielnie2-198x300.jpg 198w, https:\/\/mwb.com.pl\/aprowizacja\/wp-content\/uploads\/2020\/10\/Spoldzielnie2-500x758.jpg 500w\" data-sizes=\"auto\" loading=\"eager\">\n\t\t<\/a>\t<\/div>\n<\/div>\n\t<figcaption class=\"vp-portfolio__item-overlay vp-portfolio__item-overlay-text-align-center\">\n\t\t<div class=\"vp-portfolio__item-meta-wrap vp-portfolio__custom-scrollbar\">\n\t\t\t\t<a\n\t\thref=\"https:\/\/mwb.com.pl\/aprowizacja\/portfolio\/spoldzielnie-zolnierskie-zdjecie-2\/\"\n\t\ttabindex=\"-1\" class=\"vp-portfolio__item-meta\" aria-label=\"Sp\u00f3\u0142dzielnie \u017co\u0142nierskie &#8211; zdj\u0119cie 2\" \t>\n\t\n<div class=\"vp-portfolio__item-meta-excerpt\">\n\t<div>\n\t\tPodr\u0119cznik \u201eJak za\u0142o\u017cy\u0107 i prowadzi\u0107 Sp\u00f3\u0142dzielni\u0119 \u017bo\u0142niersk\u0105\u201d, 1921 r.\t<\/div>\n<\/div>\n<\/a>\t\t<\/div>\n\t<\/figcaption>\n\t\t\t<\/figure>\n\t\t\t\t\t<\/article>\n\t\t\n\t\t<article\t\tclass=\"vp-portfolio__item-wrap post-481 portfolio type-portfolio status-publish format-standard has-post-thumbnail hentry portfolio_category-spoldzielnie vp-portfolio__item-uid-0213cdfb\" data-vp-filter=\"spoldzielnie\" \t\t>\n\t\t\t\t\t\t\t\t\t<figure class=\"vp-portfolio__item\">\n\t\t\t\t\n<div class=\"vp-portfolio__item-img-wrap\">\n\t<div class=\"vp-portfolio__item-img\">\n\t\t\t<a\n\t\thref=\"https:\/\/mwb.com.pl\/aprowizacja\/portfolio\/spoldzielnie-zolnierskie-zdjecie-5\/\"\n\t\taria-label=\"Sp\u00f3\u0142dzielnie \u017co\u0142nierskie &#8211; zdj\u0119cie 5\" \t>\n\t\n\t\t<noscript><img loading=\"lazy\" decoding=\"async\" width=\"600\" height=\"605\" data-skip-lazy src=\"https:\/\/mwb.com.pl\/aprowizacja\/wp-content\/uploads\/2020\/10\/Spoldzielnie5.jpg\" class=\"wp-image-482\" alt=\"Awers monety zast\u0119pczej sp\u00f3\u0142dzielni \u017co\u0142nierskiej 42. pu\u0142ku piechoty o nominale 20 gr, Bia\u0142ystok lata 20. \u2013 30. XX w.\" srcset=\"https:\/\/mwb.com.pl\/aprowizacja\/wp-content\/uploads\/2020\/10\/Spoldzielnie5.jpg 600w, https:\/\/mwb.com.pl\/aprowizacja\/wp-content\/uploads\/2020\/10\/Spoldzielnie5-298x300.jpg 298w, https:\/\/mwb.com.pl\/aprowizacja\/wp-content\/uploads\/2020\/10\/Spoldzielnie5-150x150.jpg 150w, https:\/\/mwb.com.pl\/aprowizacja\/wp-content\/uploads\/2020\/10\/Spoldzielnie5-500x504.jpg 500w\" sizes=\"auto, (max-width: 600px) 100vw, 600px\" \/><\/noscript><img decoding=\"async\" width=\"600\" height=\"605\" src=\"https:\/\/mwb.com.pl\/aprowizacja\/wp-content\/uploads\/2020\/10\/Spoldzielnie5.jpg\" class=\"wp-image-482 vp-lazyload\" alt=\"Awers monety zast\u0119pczej sp\u00f3\u0142dzielni \u017co\u0142nierskiej 42. pu\u0142ku piechoty o nominale 20 gr, Bia\u0142ystok lata 20. \u2013 30. XX w.\" srcset=\"data:image\/svg+xml;base64,PHN2ZyB3aWR0aD0iNjAwIiBoZWlnaHQ9IjYwNSIgdmlld0JveD0iMCAwIDYwMCA2MDUiIGZpbGw9Im5vbmUiIHhtbG5zPSJodHRwOi8vd3d3LnczLm9yZy8yMDAwL3N2ZyI+PC9zdmc+\" data-src=\"https:\/\/mwb.com.pl\/aprowizacja\/wp-content\/uploads\/2020\/10\/Spoldzielnie5.jpg\" data-srcset=\"https:\/\/mwb.com.pl\/aprowizacja\/wp-content\/uploads\/2020\/10\/Spoldzielnie5.jpg 600w, https:\/\/mwb.com.pl\/aprowizacja\/wp-content\/uploads\/2020\/10\/Spoldzielnie5-298x300.jpg 298w, https:\/\/mwb.com.pl\/aprowizacja\/wp-content\/uploads\/2020\/10\/Spoldzielnie5-150x150.jpg 150w, https:\/\/mwb.com.pl\/aprowizacja\/wp-content\/uploads\/2020\/10\/Spoldzielnie5-500x504.jpg 500w\" data-sizes=\"auto\" loading=\"eager\">\n\t\t<\/a>\t<\/div>\n<\/div>\n\t<figcaption class=\"vp-portfolio__item-overlay vp-portfolio__item-overlay-text-align-center\">\n\t\t<div class=\"vp-portfolio__item-meta-wrap vp-portfolio__custom-scrollbar\">\n\t\t\t\t<a\n\t\thref=\"https:\/\/mwb.com.pl\/aprowizacja\/portfolio\/spoldzielnie-zolnierskie-zdjecie-5\/\"\n\t\ttabindex=\"-1\" class=\"vp-portfolio__item-meta\" aria-label=\"Sp\u00f3\u0142dzielnie \u017co\u0142nierskie &#8211; zdj\u0119cie 5\" \t>\n\t\n<div class=\"vp-portfolio__item-meta-excerpt\">\n\t<div>\n\t\tAwers monety zast\u0119pczej sp\u00f3\u0142dzielni \u017co\u0142nierskiej 42. pu\u0142ku piechoty o nominale 20 gr, Bia\u0142ystok lata 20....\t<\/div>\n<\/div>\n<\/a>\t\t<\/div>\n\t<\/figcaption>\n\t\t\t<\/figure>\n\t\t\t\t\t<\/article>\n\t\t\n\t\t<article\t\tclass=\"vp-portfolio__item-wrap post-484 portfolio type-portfolio status-publish format-standard has-post-thumbnail hentry portfolio_category-spoldzielnie vp-portfolio__item-uid-72793974\" data-vp-filter=\"spoldzielnie\" \t\t>\n\t\t\t\t\t\t\t\t\t<figure class=\"vp-portfolio__item\">\n\t\t\t\t\n<div class=\"vp-portfolio__item-img-wrap\">\n\t<div class=\"vp-portfolio__item-img\">\n\t\t\t<a\n\t\thref=\"https:\/\/mwb.com.pl\/aprowizacja\/portfolio\/spoldzielnie-zolnierskie-zdjecie-6\/\"\n\t\taria-label=\"Sp\u00f3\u0142dzielnie \u017co\u0142nierskie &#8211; zdj\u0119cie 6\" \t>\n\t\n\t\t<noscript><img loading=\"lazy\" decoding=\"async\" width=\"600\" height=\"605\" data-skip-lazy src=\"https:\/\/mwb.com.pl\/aprowizacja\/wp-content\/uploads\/2020\/10\/Spoldzielnie6.jpg\" class=\"wp-image-485\" alt=\"Rewers monety zast\u0119pczej sp\u00f3\u0142dzielni \u017co\u0142nierskiej 42. pu\u0142ku piechoty o nominale 20 gr, Bia\u0142ystok lata 20. \u2013 30. XX w.\" srcset=\"https:\/\/mwb.com.pl\/aprowizacja\/wp-content\/uploads\/2020\/10\/Spoldzielnie6.jpg 600w, https:\/\/mwb.com.pl\/aprowizacja\/wp-content\/uploads\/2020\/10\/Spoldzielnie6-298x300.jpg 298w, https:\/\/mwb.com.pl\/aprowizacja\/wp-content\/uploads\/2020\/10\/Spoldzielnie6-150x150.jpg 150w, https:\/\/mwb.com.pl\/aprowizacja\/wp-content\/uploads\/2020\/10\/Spoldzielnie6-500x504.jpg 500w\" sizes=\"auto, (max-width: 600px) 100vw, 600px\" \/><\/noscript><img decoding=\"async\" width=\"600\" height=\"605\" src=\"https:\/\/mwb.com.pl\/aprowizacja\/wp-content\/uploads\/2020\/10\/Spoldzielnie6.jpg\" class=\"wp-image-485 vp-lazyload\" alt=\"Rewers monety zast\u0119pczej sp\u00f3\u0142dzielni \u017co\u0142nierskiej 42. pu\u0142ku piechoty o nominale 20 gr, Bia\u0142ystok lata 20. \u2013 30. XX w.\" srcset=\"data:image\/svg+xml;base64,PHN2ZyB3aWR0aD0iNjAwIiBoZWlnaHQ9IjYwNSIgdmlld0JveD0iMCAwIDYwMCA2MDUiIGZpbGw9Im5vbmUiIHhtbG5zPSJodHRwOi8vd3d3LnczLm9yZy8yMDAwL3N2ZyI+PC9zdmc+\" data-src=\"https:\/\/mwb.com.pl\/aprowizacja\/wp-content\/uploads\/2020\/10\/Spoldzielnie6.jpg\" data-srcset=\"https:\/\/mwb.com.pl\/aprowizacja\/wp-content\/uploads\/2020\/10\/Spoldzielnie6.jpg 600w, https:\/\/mwb.com.pl\/aprowizacja\/wp-content\/uploads\/2020\/10\/Spoldzielnie6-298x300.jpg 298w, https:\/\/mwb.com.pl\/aprowizacja\/wp-content\/uploads\/2020\/10\/Spoldzielnie6-150x150.jpg 150w, https:\/\/mwb.com.pl\/aprowizacja\/wp-content\/uploads\/2020\/10\/Spoldzielnie6-500x504.jpg 500w\" data-sizes=\"auto\" loading=\"eager\">\n\t\t<\/a>\t<\/div>\n<\/div>\n\t<figcaption class=\"vp-portfolio__item-overlay vp-portfolio__item-overlay-text-align-center\">\n\t\t<div class=\"vp-portfolio__item-meta-wrap vp-portfolio__custom-scrollbar\">\n\t\t\t\t<a\n\t\thref=\"https:\/\/mwb.com.pl\/aprowizacja\/portfolio\/spoldzielnie-zolnierskie-zdjecie-6\/\"\n\t\ttabindex=\"-1\" class=\"vp-portfolio__item-meta\" aria-label=\"Sp\u00f3\u0142dzielnie \u017co\u0142nierskie &#8211; zdj\u0119cie 6\" \t>\n\t\n<div class=\"vp-portfolio__item-meta-excerpt\">\n\t<div>\n\t\tRewers monety zast\u0119pczej sp\u00f3\u0142dzielni \u017co\u0142nierskiej 42. pu\u0142ku piechoty o nominale 20 gr, Bia\u0142ystok lata 20....\t<\/div>\n<\/div>\n<\/a>\t\t<\/div>\n\t<\/figcaption>\n\t\t\t<\/figure>\n\t\t\t\t\t<\/article>\n\t\t\n\t\t<article\t\tclass=\"vp-portfolio__item-wrap post-488 portfolio type-portfolio status-publish format-standard has-post-thumbnail hentry portfolio_category-spoldzielnie vp-portfolio__item-uid-7bcf755f\" data-vp-filter=\"spoldzielnie\" \t\t>\n\t\t\t\t\t\t\t\t\t<figure class=\"vp-portfolio__item\">\n\t\t\t\t\n<div class=\"vp-portfolio__item-img-wrap\">\n\t<div class=\"vp-portfolio__item-img\">\n\t\t\t<a\n\t\thref=\"https:\/\/mwb.com.pl\/aprowizacja\/portfolio\/spoldzielnie-zolnierskie-zdjecie-7\/\"\n\t\taria-label=\"Sp\u00f3\u0142dzielnie \u017co\u0142nierskie &#8211; zdj\u0119cie 7\" \t>\n\t\n\t\t<noscript><img loading=\"lazy\" decoding=\"async\" width=\"600\" height=\"600\" data-skip-lazy src=\"https:\/\/mwb.com.pl\/aprowizacja\/wp-content\/uploads\/2020\/10\/Spoldzielnie7.jpg\" class=\"wp-image-489\" alt=\"Awers monety zast\u0119pczej sp\u00f3\u0142dzielni \u017co\u0142nierskiej 42. pu\u0142ku piechoty o nominale 1 z\u0142, Bia\u0142ystok lata 20. \u2013 30. XX w.\" srcset=\"https:\/\/mwb.com.pl\/aprowizacja\/wp-content\/uploads\/2020\/10\/Spoldzielnie7.jpg 600w, https:\/\/mwb.com.pl\/aprowizacja\/wp-content\/uploads\/2020\/10\/Spoldzielnie7-300x300.jpg 300w, https:\/\/mwb.com.pl\/aprowizacja\/wp-content\/uploads\/2020\/10\/Spoldzielnie7-150x150.jpg 150w, https:\/\/mwb.com.pl\/aprowizacja\/wp-content\/uploads\/2020\/10\/Spoldzielnie7-500x500.jpg 500w, https:\/\/mwb.com.pl\/aprowizacja\/wp-content\/uploads\/2020\/10\/Spoldzielnie7-480x480.jpg 480w\" sizes=\"auto, (max-width: 600px) 100vw, 600px\" \/><\/noscript><img decoding=\"async\" width=\"600\" height=\"600\" src=\"https:\/\/mwb.com.pl\/aprowizacja\/wp-content\/uploads\/2020\/10\/Spoldzielnie7.jpg\" class=\"wp-image-489 vp-lazyload\" alt=\"Awers monety zast\u0119pczej sp\u00f3\u0142dzielni \u017co\u0142nierskiej 42. pu\u0142ku piechoty o nominale 1 z\u0142, Bia\u0142ystok lata 20. \u2013 30. XX w.\" srcset=\"data:image\/svg+xml;base64,PHN2ZyB3aWR0aD0iNjAwIiBoZWlnaHQ9IjYwMCIgdmlld0JveD0iMCAwIDYwMCA2MDAiIGZpbGw9Im5vbmUiIHhtbG5zPSJodHRwOi8vd3d3LnczLm9yZy8yMDAwL3N2ZyI+PC9zdmc+\" data-src=\"https:\/\/mwb.com.pl\/aprowizacja\/wp-content\/uploads\/2020\/10\/Spoldzielnie7.jpg\" data-srcset=\"https:\/\/mwb.com.pl\/aprowizacja\/wp-content\/uploads\/2020\/10\/Spoldzielnie7.jpg 600w, https:\/\/mwb.com.pl\/aprowizacja\/wp-content\/uploads\/2020\/10\/Spoldzielnie7-300x300.jpg 300w, https:\/\/mwb.com.pl\/aprowizacja\/wp-content\/uploads\/2020\/10\/Spoldzielnie7-150x150.jpg 150w, https:\/\/mwb.com.pl\/aprowizacja\/wp-content\/uploads\/2020\/10\/Spoldzielnie7-500x500.jpg 500w, https:\/\/mwb.com.pl\/aprowizacja\/wp-content\/uploads\/2020\/10\/Spoldzielnie7-480x480.jpg 480w\" data-sizes=\"auto\" loading=\"eager\">\n\t\t<\/a>\t<\/div>\n<\/div>\n\t<figcaption class=\"vp-portfolio__item-overlay vp-portfolio__item-overlay-text-align-center\">\n\t\t<div class=\"vp-portfolio__item-meta-wrap vp-portfolio__custom-scrollbar\">\n\t\t\t\t<a\n\t\thref=\"https:\/\/mwb.com.pl\/aprowizacja\/portfolio\/spoldzielnie-zolnierskie-zdjecie-7\/\"\n\t\ttabindex=\"-1\" class=\"vp-portfolio__item-meta\" aria-label=\"Sp\u00f3\u0142dzielnie \u017co\u0142nierskie &#8211; zdj\u0119cie 7\" \t>\n\t\n<div class=\"vp-portfolio__item-meta-excerpt\">\n\t<div>\n\t\tAwers monety zast\u0119pczej sp\u00f3\u0142dzielni \u017co\u0142nierskiej 42. pu\u0142ku piechoty o nominale 1 z\u0142, Bia\u0142ystok lata 20....\t<\/div>\n<\/div>\n<\/a>\t\t<\/div>\n\t<\/figcaption>\n\t\t\t<\/figure>\n\t\t\t\t\t<\/article>\n\t\t\n\t\t<article\t\tclass=\"vp-portfolio__item-wrap post-491 portfolio type-portfolio status-publish format-standard has-post-thumbnail hentry portfolio_category-spoldzielnie vp-portfolio__item-uid-1b08fcba\" data-vp-filter=\"spoldzielnie\" \t\t>\n\t\t\t\t\t\t\t\t\t<figure class=\"vp-portfolio__item\">\n\t\t\t\t\n<div class=\"vp-portfolio__item-img-wrap\">\n\t<div class=\"vp-portfolio__item-img\">\n\t\t\t<a\n\t\thref=\"https:\/\/mwb.com.pl\/aprowizacja\/portfolio\/spoldzielnie-zolnierskie-zdjecie-8\/\"\n\t\taria-label=\"Sp\u00f3\u0142dzielnie \u017co\u0142nierskie &#8211; zdj\u0119cie 8\" \t>\n\t\n\t\t<noscript><img loading=\"lazy\" decoding=\"async\" width=\"600\" height=\"600\" data-skip-lazy src=\"https:\/\/mwb.com.pl\/aprowizacja\/wp-content\/uploads\/2020\/10\/Spoldzielnie8.jpg\" class=\"wp-image-492\" alt=\"Rewers monety zast\u0119pczej sp\u00f3\u0142dzielni \u017co\u0142nierskiej 42. pu\u0142ku piechoty o nominale 1 z\u0142, Bia\u0142ystok lata 20. \u2013 30. XX w.\" srcset=\"https:\/\/mwb.com.pl\/aprowizacja\/wp-content\/uploads\/2020\/10\/Spoldzielnie8.jpg 600w, https:\/\/mwb.com.pl\/aprowizacja\/wp-content\/uploads\/2020\/10\/Spoldzielnie8-300x300.jpg 300w, https:\/\/mwb.com.pl\/aprowizacja\/wp-content\/uploads\/2020\/10\/Spoldzielnie8-150x150.jpg 150w, https:\/\/mwb.com.pl\/aprowizacja\/wp-content\/uploads\/2020\/10\/Spoldzielnie8-500x500.jpg 500w, https:\/\/mwb.com.pl\/aprowizacja\/wp-content\/uploads\/2020\/10\/Spoldzielnie8-480x480.jpg 480w\" sizes=\"auto, (max-width: 600px) 100vw, 600px\" \/><\/noscript><img decoding=\"async\" width=\"600\" height=\"600\" src=\"https:\/\/mwb.com.pl\/aprowizacja\/wp-content\/uploads\/2020\/10\/Spoldzielnie8.jpg\" class=\"wp-image-492 vp-lazyload\" alt=\"Rewers monety zast\u0119pczej sp\u00f3\u0142dzielni \u017co\u0142nierskiej 42. pu\u0142ku piechoty o nominale 1 z\u0142, Bia\u0142ystok lata 20. \u2013 30. XX w.\" srcset=\"data:image\/svg+xml;base64,PHN2ZyB3aWR0aD0iNjAwIiBoZWlnaHQ9IjYwMCIgdmlld0JveD0iMCAwIDYwMCA2MDAiIGZpbGw9Im5vbmUiIHhtbG5zPSJodHRwOi8vd3d3LnczLm9yZy8yMDAwL3N2ZyI+PC9zdmc+\" data-src=\"https:\/\/mwb.com.pl\/aprowizacja\/wp-content\/uploads\/2020\/10\/Spoldzielnie8.jpg\" data-srcset=\"https:\/\/mwb.com.pl\/aprowizacja\/wp-content\/uploads\/2020\/10\/Spoldzielnie8.jpg 600w, https:\/\/mwb.com.pl\/aprowizacja\/wp-content\/uploads\/2020\/10\/Spoldzielnie8-300x300.jpg 300w, https:\/\/mwb.com.pl\/aprowizacja\/wp-content\/uploads\/2020\/10\/Spoldzielnie8-150x150.jpg 150w, https:\/\/mwb.com.pl\/aprowizacja\/wp-content\/uploads\/2020\/10\/Spoldzielnie8-500x500.jpg 500w, https:\/\/mwb.com.pl\/aprowizacja\/wp-content\/uploads\/2020\/10\/Spoldzielnie8-480x480.jpg 480w\" data-sizes=\"auto\" loading=\"eager\">\n\t\t<\/a>\t<\/div>\n<\/div>\n\t<figcaption class=\"vp-portfolio__item-overlay vp-portfolio__item-overlay-text-align-center\">\n\t\t<div class=\"vp-portfolio__item-meta-wrap vp-portfolio__custom-scrollbar\">\n\t\t\t\t<a\n\t\thref=\"https:\/\/mwb.com.pl\/aprowizacja\/portfolio\/spoldzielnie-zolnierskie-zdjecie-8\/\"\n\t\ttabindex=\"-1\" class=\"vp-portfolio__item-meta\" aria-label=\"Sp\u00f3\u0142dzielnie \u017co\u0142nierskie &#8211; zdj\u0119cie 8\" \t>\n\t\n<div class=\"vp-portfolio__item-meta-excerpt\">\n\t<div>\n\t\tRewers monety zast\u0119pczej sp\u00f3\u0142dzielni \u017co\u0142nierskiej 42. pu\u0142ku piechoty o nominale 1 z\u0142, Bia\u0142ystok lata 20....\t<\/div>\n<\/div>\n<\/a>\t\t<\/div>\n\t<\/figcaption>\n\t\t\t<\/figure>\n\t\t\t\t\t<\/article>\n\t\t\n<\/div>\n\t\t<\/div>\n\t\t\t\t<div class=\"vp-portfolio__layout-elements vp-portfolio__layout-elements-bottom vp-portfolio__layout-elements-align-center\">\n\t\t\t\t<div class=\"vp-portfolio__pagination-wrap\">\n\t\t\n<div class=\"vp-pagination vp-pagination__style-minimal\" data-vp-pagination-type=\"infinite\">\n\t<div class=\"vp-pagination__item\">\n\t\t<a class=\"vp-pagination__load-more\" href=\"https:\/\/mwb.com.pl\/aprowizacja\/wp-json\/wp\/v2\/pages\/181?vp_page=2\">\n\t\t\t<span>Wi\u0119cej<\/span>\n\t\t\t<span class=\"vp-pagination__load-more-loading\"><span class=\"vp-spinner\"><\/span><span class=\"vp-screen-reader-text\"> Wi\u0119cej...<\/span><\/span>\n\t\t\t<span class=\"vp-pagination__load-more-no-more\">Koniec<\/span>\n\t\t<\/a>\n\t<\/div>\n<\/div>\n\t\t<\/div>\n\t\t\t\t<\/div>\n\t\t\n<\/div>\n<\/div><\/div><\/div><\/div><\/div><\/div>","protected":false},"excerpt":{"rendered":"<p class=\"excerpt\">Sp\u00f3\u0142dzielnie \u017co\u0142nierskie Od 1919 roku na terenach koszar, z inicjatywy dow\u00f3dc\u00f3w pu\u0142ku lub korpusu oficerskiego, zacz\u0119to zak\u0142ada\u0107 pu\u0142kowe sp\u00f3\u0142dzielnie wojskowe. Wzorowane by\u0142y na sp\u00f3\u0142dzielniach istniej\u0105cych w armii francuskiej i rosyjskiej. Ich funkcjonowanie zosta\u0142o oparte o ustaw\u0119 z 29 pa\u017adziernika 1920 roku. W zarz\u0105dzie funkcjonowa\u0142 zwykle dow\u00f3dca lub inny wyznaczony oficer z pu\u0142ku. W 1923 roku [&hellip;]<\/p>\n","protected":false},"author":1,"featured_media":0,"parent":0,"menu_order":0,"comment_status":"closed","ping_status":"closed","template":"","meta":{"_vp_format_video_url":"","_vp_image_focal_point":[],"footnotes":""},"class_list":["post-181","page","type-page","status-publish","hentry"],"_links":{"self":[{"href":"https:\/\/mwb.com.pl\/aprowizacja\/wp-json\/wp\/v2\/pages\/181","targetHints":{"allow":["GET"]}}],"collection":[{"href":"https:\/\/mwb.com.pl\/aprowizacja\/wp-json\/wp\/v2\/pages"}],"about":[{"href":"https:\/\/mwb.com.pl\/aprowizacja\/wp-json\/wp\/v2\/types\/page"}],"author":[{"embeddable":true,"href":"https:\/\/mwb.com.pl\/aprowizacja\/wp-json\/wp\/v2\/users\/1"}],"replies":[{"embeddable":true,"href":"https:\/\/mwb.com.pl\/aprowizacja\/wp-json\/wp\/v2\/comments?post=181"}],"version-history":[{"count":4,"href":"https:\/\/mwb.com.pl\/aprowizacja\/wp-json\/wp\/v2\/pages\/181\/revisions"}],"predecessor-version":[{"id":637,"href":"https:\/\/mwb.com.pl\/aprowizacja\/wp-json\/wp\/v2\/pages\/181\/revisions\/637"}],"wp:attachment":[{"href":"https:\/\/mwb.com.pl\/aprowizacja\/wp-json\/wp\/v2\/media?parent=181"}],"curies":[{"name":"wp","href":"https:\/\/api.w.org\/{rel}","templated":true}]}}