{"id":179,"date":"2020-10-22T09:09:14","date_gmt":"2020-10-22T07:09:14","guid":{"rendered":"https:\/\/mwb.com.pl\/aprowizacja\/?page_id=179"},"modified":"2020-10-27T12:03:37","modified_gmt":"2020-10-27T11:03:37","slug":"konserwy","status":"publish","type":"page","link":"https:\/\/mwb.com.pl\/aprowizacja\/konserwy\/","title":{"rendered":"Konserwy"},"content":{"rendered":"<div id=\"pl-179\"  class=\"panel-layout\" ><div id=\"pg-179-0\"  class=\"panel-grid panel-no-style\" ><div id=\"pgc-179-0-0\"  class=\"panel-grid-cell\" ><div id=\"panel-179-0-0-0\" class=\"so-panel widget widget_text panel-first-child panel-last-child\" data-index=\"0\" ><h3 class=\"widget-title\">Konserwy<\/h3>\t\t\t<div class=\"textwidget\"><p><strong>Konserwy kawowe<\/strong><\/p>\n<p>Konserwy kawowe wyrabiane by\u0142y w wojskowej wytw\u00f3rni konserw kawowych w Warszawie, mieszcz\u0105cej si\u0119 przy sk\u0142adnicy materia\u0142u intendenckiego nr 1, kt\u00f3rej wydajno\u015b\u0107 si\u0119ga\u0142a 1\u00a0000\u00a0000 porcji (25 g) miesi\u0119cznie. W czasie wojny zapotrzebowanie miesi\u0119czne wynosi\u0142o 42\u00a0800\u00a0000 porcji po 50 g. Poza gotowymi wyrobami, zmagazynowane zosta\u0142y surowce do produkcji konserw kawowych. Plan mobilizacyjny przewidywa\u0142 r\u00f3wnie\u017c wykorzystanie prywatnych wytw\u00f3rc\u00f3w np.: sp\u00f3\u0142ki Franciszek Fuchs i Synowie (3\u00a0000\u00a0000 porcji miesi\u0119cznie), Parowej Fabryki Cukr\u00f3w i Czekolady \u201ePost\u0119p\u201d we Lwowie (4\u00a0500\u00a0000 porcji miesi\u0119cznie), Fabryki \u015arodk\u00f3w Kawowych Henryka Francka i Syn\u00f3w SA (10\u00a0000\u00a0000 porcji miesi\u0119cznie).<\/p>\n<p>Konserwa wchodzi\u0142a w sk\u0142ad nale\u017cno\u015bci \u017cywno\u015bciowej wojennej \u201e<strong>W<\/strong>\u201d, rezerwowej \u201e<strong>R<\/strong>\u201d a tak\u017ce innych nale\u017cnych dodatk\u00f3w. Mia\u0142a ona form\u0119 sprasowanej kostki o wymiarach 46 x 46 x 22 mm i masie 50 g, przy czym dzielona by\u0142a na dwie porcje po 25 g. Wykonana by\u0142a z j\u0119czmienia palonego i mielonego (9 g), pszenicy palonej i mielonej (5 g), cukru (32 g) oraz palonej cykorii (4 g).<\/p>\n<p>&nbsp;<\/p>\n<p><strong>Konserwy<\/strong><\/p>\n<p>Miesi\u0119czne zapotrzebowanie wojska na konserwy mi\u0119sne zamyka\u0142o si\u0119 w liczbie 2\u00a0750\u00a0000\u00a0200-gramowych puszek. Podczas wojny liczba ta mia\u0142a wzrosn\u0105\u0107 do 3\u00a0300\u00a0000 puszek. Armia nie posiada\u0142a w\u0142asnych wytw\u00f3rni konserw, st\u0105d te\u017c ca\u0142a produkcja opiera\u0142a si\u0119 na prywatnych wytw\u00f3rniach np.: Fabryce Konserw Zygmunta Ruckera we Lwowie (1\u00a0500\u00a0000 puszek miesi\u0119cznie), Fabryce Konserw Mi\u0119snych w D\u0119bicy (1\u00a0100\u00a0000 puszek miesi\u0119cznie), rze\u017ani miejskiej w Lublinie (700\u00a0000 puszek miesi\u0119cznie). Wojsko dokonywa\u0142o zakupu konserw zar\u00f3wno w puszkach produkowanych dla wojska, jak i puszkach z rynku cywilnego. Wojskowe puszki mia\u0142y kszta\u0142t walca o wkl\u0119s\u0142ym wieczku i denku, wykonanego z blachy. Na wieczkach umieszczano napisy oznaczaj\u0105ce zawarto\u015b\u0107 puszki, miesi\u0105c i rok wyrobu oraz skr\u00f3con\u0105 nazw\u0119 firmy. Poza konserwami mi\u0119snymi wyst\u0119powa\u0142y r\u00f3wnie\u017c: konserwy mi\u0119sno jarzynowe, jarzynowe, owocowe, rybne i mleczne.<\/p>\n<\/div>\n\t\t<\/div><\/div><\/div><div id=\"pg-179-1\"  class=\"panel-grid panel-has-style\" ><div id=\"Konserwy_zdjecia\" class=\"panel-row-style panel-row-style-for-179-1\" ><div id=\"pgc-179-1-0\"  class=\"panel-grid-cell\" ><div id=\"panel-179-1-0-0\" class=\"widget_text so-panel widget widget_custom_html panel-first-child panel-last-child\" data-index=\"1\" ><div class=\"textwidget custom-html-widget\">\n<div class=\"vp-portfolio vp-uid-9b878c66 vp-id-630 \"\n\tdata-vp-layout=\"justified\" data-vp-content-source=\"post-based\" data-vp-items-style=\"fade\" data-vp-items-click-action=\"url\" data-vp-items-gap=\"15\" data-vp-items-gap-vertical=\"\" data-vp-pagination=\"load-more\" data-vp-next-page-url=\"\" data-vp-justified-row-height=\"300\" data-vp-justified-row-height-tolerance=\"0.25\" data-vp-justified-max-rows-count=\"0\" data-vp-justified-last-row=\"left\" >\n\t<div class=\"vp-portfolio__preloader-wrap\">\n\t\t<div class=\"vp-portfolio__preloader\">\n\t\t\t<img decoding=\"async\" loading=\"eager\" src=\"https:\/\/mwb.com.pl\/aprowizacja\/wp-content\/plugins\/visual-portfolio\/assets\/images\/logo-dark.svg\" alt=\"Wizualne portfolio, wpisy i galeria obrazk\u00f3w dla WordPressa\" width=\"20\" height=\"20\" data-skip-lazy>\n\t\t<\/div>\n\t<\/div>\n\t\t<div class=\"vp-portfolio__items-wrap\">\n\t\t\t\n<div class=\"vp-portfolio__items vp-portfolio__items-style-fade vp-portfolio__items-show-overlay-hover\">\n\n\t\t<article\t\tclass=\"vp-portfolio__item-wrap post-466 portfolio type-portfolio status-publish format-standard has-post-thumbnail hentry portfolio_category-konserwy vp-portfolio__item-uid-02f475d6\" data-vp-filter=\"konserwy\" \t\t>\n\t\t\t\t\t\t\t\t\t<figure class=\"vp-portfolio__item\">\n\t\t\t\t\n<div class=\"vp-portfolio__item-img-wrap\">\n\t<div class=\"vp-portfolio__item-img\">\n\t\t\t<a\n\t\thref=\"https:\/\/mwb.com.pl\/aprowizacja\/portfolio\/konserwy-zdjecie-5\/\"\n\t\taria-label=\"Konserwy &#8211; zdj\u0119cie 5\" \t>\n\t\n\t\t<noscript><img loading=\"lazy\" decoding=\"async\" width=\"600\" height=\"855\" data-skip-lazy src=\"https:\/\/mwb.com.pl\/aprowizacja\/wp-content\/uploads\/2020\/10\/Konserwy5.jpg\" class=\"wp-image-468\" alt=\"Reklama przyprawy do kawy w kostkach Karo Franck\" srcset=\"https:\/\/mwb.com.pl\/aprowizacja\/wp-content\/uploads\/2020\/10\/Konserwy5.jpg 600w, https:\/\/mwb.com.pl\/aprowizacja\/wp-content\/uploads\/2020\/10\/Konserwy5-211x300.jpg 211w, https:\/\/mwb.com.pl\/aprowizacja\/wp-content\/uploads\/2020\/10\/Konserwy5-500x713.jpg 500w\" sizes=\"auto, (max-width: 600px) 100vw, 600px\" \/><\/noscript><img fetchpriority=\"high\" decoding=\"async\" width=\"600\" height=\"855\" src=\"https:\/\/mwb.com.pl\/aprowizacja\/wp-content\/uploads\/2020\/10\/Konserwy5.jpg\" class=\"wp-image-468 vp-lazyload\" alt=\"Reklama przyprawy do kawy w kostkach Karo Franck\" srcset=\"data:image\/svg+xml;base64,PHN2ZyB3aWR0aD0iNjAwIiBoZWlnaHQ9Ijg1NSIgdmlld0JveD0iMCAwIDYwMCA4NTUiIGZpbGw9Im5vbmUiIHhtbG5zPSJodHRwOi8vd3d3LnczLm9yZy8yMDAwL3N2ZyI+PC9zdmc+\" data-src=\"https:\/\/mwb.com.pl\/aprowizacja\/wp-content\/uploads\/2020\/10\/Konserwy5.jpg\" data-srcset=\"https:\/\/mwb.com.pl\/aprowizacja\/wp-content\/uploads\/2020\/10\/Konserwy5.jpg 600w, https:\/\/mwb.com.pl\/aprowizacja\/wp-content\/uploads\/2020\/10\/Konserwy5-211x300.jpg 211w, https:\/\/mwb.com.pl\/aprowizacja\/wp-content\/uploads\/2020\/10\/Konserwy5-500x713.jpg 500w\" data-sizes=\"auto\" loading=\"eager\">\n\t\t<\/a>\t<\/div>\n<\/div>\n\t<figcaption class=\"vp-portfolio__item-overlay vp-portfolio__item-overlay-text-align-center\">\n\t\t<div class=\"vp-portfolio__item-meta-wrap vp-portfolio__custom-scrollbar\">\n\t\t\t\t<a\n\t\thref=\"https:\/\/mwb.com.pl\/aprowizacja\/portfolio\/konserwy-zdjecie-5\/\"\n\t\ttabindex=\"-1\" class=\"vp-portfolio__item-meta\" aria-label=\"Konserwy &#8211; zdj\u0119cie 5\" \t>\n\t\n<div class=\"vp-portfolio__item-meta-excerpt\">\n\t<div>\n\t\tReklama przyprawy do kawy w kostkach Karo Franck\t<\/div>\n<\/div>\n<\/a>\t\t<\/div>\n\t<\/figcaption>\n\t\t\t<\/figure>\n\t\t\t\t\t<\/article>\n\t\t\n\t\t<article\t\tclass=\"vp-portfolio__item-wrap post-470 portfolio type-portfolio status-publish format-standard has-post-thumbnail hentry portfolio_category-konserwy vp-portfolio__item-uid-f28ce1a2\" data-vp-filter=\"konserwy\" \t\t>\n\t\t\t\t\t\t\t\t\t<figure class=\"vp-portfolio__item\">\n\t\t\t\t\n<div class=\"vp-portfolio__item-img-wrap\">\n\t<div class=\"vp-portfolio__item-img\">\n\t\t\t<a\n\t\thref=\"https:\/\/mwb.com.pl\/aprowizacja\/portfolio\/konserwy-zdjecie-8\/\"\n\t\taria-label=\"Konserwy &#8211; zdj\u0119cie 8\" \t>\n\t\n\t\t<noscript><img loading=\"lazy\" decoding=\"async\" width=\"600\" height=\"710\" data-skip-lazy src=\"https:\/\/mwb.com.pl\/aprowizacja\/wp-content\/uploads\/2020\/10\/Konserwy8.jpg\" class=\"wp-image-471\" alt=\"Reklama kawy Kneippa, 1936 r.\" srcset=\"https:\/\/mwb.com.pl\/aprowizacja\/wp-content\/uploads\/2020\/10\/Konserwy8.jpg 600w, https:\/\/mwb.com.pl\/aprowizacja\/wp-content\/uploads\/2020\/10\/Konserwy8-254x300.jpg 254w, https:\/\/mwb.com.pl\/aprowizacja\/wp-content\/uploads\/2020\/10\/Konserwy8-500x592.jpg 500w\" sizes=\"auto, (max-width: 600px) 100vw, 600px\" \/><\/noscript><img decoding=\"async\" width=\"600\" height=\"710\" src=\"https:\/\/mwb.com.pl\/aprowizacja\/wp-content\/uploads\/2020\/10\/Konserwy8.jpg\" class=\"wp-image-471 vp-lazyload\" alt=\"Reklama kawy Kneippa, 1936 r.\" srcset=\"data:image\/svg+xml;base64,PHN2ZyB3aWR0aD0iNjAwIiBoZWlnaHQ9IjcxMCIgdmlld0JveD0iMCAwIDYwMCA3MTAiIGZpbGw9Im5vbmUiIHhtbG5zPSJodHRwOi8vd3d3LnczLm9yZy8yMDAwL3N2ZyI+PC9zdmc+\" data-src=\"https:\/\/mwb.com.pl\/aprowizacja\/wp-content\/uploads\/2020\/10\/Konserwy8.jpg\" data-srcset=\"https:\/\/mwb.com.pl\/aprowizacja\/wp-content\/uploads\/2020\/10\/Konserwy8.jpg 600w, https:\/\/mwb.com.pl\/aprowizacja\/wp-content\/uploads\/2020\/10\/Konserwy8-254x300.jpg 254w, https:\/\/mwb.com.pl\/aprowizacja\/wp-content\/uploads\/2020\/10\/Konserwy8-500x592.jpg 500w\" data-sizes=\"auto\" loading=\"eager\">\n\t\t<\/a>\t<\/div>\n<\/div>\n\t<figcaption class=\"vp-portfolio__item-overlay vp-portfolio__item-overlay-text-align-center\">\n\t\t<div class=\"vp-portfolio__item-meta-wrap vp-portfolio__custom-scrollbar\">\n\t\t\t\t<a\n\t\thref=\"https:\/\/mwb.com.pl\/aprowizacja\/portfolio\/konserwy-zdjecie-8\/\"\n\t\ttabindex=\"-1\" class=\"vp-portfolio__item-meta\" aria-label=\"Konserwy &#8211; zdj\u0119cie 8\" \t>\n\t\n<div class=\"vp-portfolio__item-meta-excerpt\">\n\t<div>\n\t\tReklama kawy Kneippa, 1936 r.\t<\/div>\n<\/div>\n<\/a>\t\t<\/div>\n\t<\/figcaption>\n\t\t\t<\/figure>\n\t\t\t\t\t<\/article>\n\t\t\n<\/div>\n\t\t<\/div>\n\t\t\t\t<div class=\"vp-portfolio__layout-elements vp-portfolio__layout-elements-bottom vp-portfolio__layout-elements-align-center\">\n\t\t\t\t<div class=\"vp-portfolio__pagination-wrap\">\n\t\t\n<div class=\"vp-pagination vp-pagination__no-more vp-pagination__style-minimal\" data-vp-pagination-type=\"load-more\">\n\t<div class=\"vp-pagination__item\">\n\t\t<a class=\"vp-pagination__load-more\" href=\"\">\n\t\t\t<span>Wi\u0119cej<\/span>\n\t\t\t<span class=\"vp-pagination__load-more-loading\"><span class=\"vp-spinner\"><\/span><span class=\"vp-screen-reader-text\"> Wi\u0119cej...<\/span><\/span>\n\t\t\t<span class=\"vp-pagination__load-more-no-more\">Koniec<\/span>\n\t\t<\/a>\n\t<\/div>\n<\/div>\n\t\t<\/div>\n\t\t\t\t<\/div>\n\t\t\n<\/div>\n<\/div><\/div><\/div><\/div><\/div><\/div>","protected":false},"excerpt":{"rendered":"<p class=\"excerpt\">Konserwy Konserwy kawowe Konserwy kawowe wyrabiane by\u0142y w wojskowej wytw\u00f3rni konserw kawowych w Warszawie, mieszcz\u0105cej si\u0119 przy sk\u0142adnicy materia\u0142u intendenckiego nr 1, kt\u00f3rej wydajno\u015b\u0107 si\u0119ga\u0142a 1\u00a0000\u00a0000 porcji (25 g) miesi\u0119cznie. W czasie wojny zapotrzebowanie miesi\u0119czne wynosi\u0142o 42\u00a0800\u00a0000 porcji po 50 g. Poza gotowymi wyrobami, zmagazynowane zosta\u0142y surowce do produkcji konserw kawowych. Plan mobilizacyjny przewidywa\u0142 r\u00f3wnie\u017c [&hellip;]<\/p>\n","protected":false},"author":1,"featured_media":0,"parent":0,"menu_order":0,"comment_status":"closed","ping_status":"closed","template":"","meta":{"_vp_format_video_url":"","_vp_image_focal_point":[],"footnotes":""},"class_list":["post-179","page","type-page","status-publish","hentry"],"_links":{"self":[{"href":"https:\/\/mwb.com.pl\/aprowizacja\/wp-json\/wp\/v2\/pages\/179","targetHints":{"allow":["GET"]}}],"collection":[{"href":"https:\/\/mwb.com.pl\/aprowizacja\/wp-json\/wp\/v2\/pages"}],"about":[{"href":"https:\/\/mwb.com.pl\/aprowizacja\/wp-json\/wp\/v2\/types\/page"}],"author":[{"embeddable":true,"href":"https:\/\/mwb.com.pl\/aprowizacja\/wp-json\/wp\/v2\/users\/1"}],"replies":[{"embeddable":true,"href":"https:\/\/mwb.com.pl\/aprowizacja\/wp-json\/wp\/v2\/comments?post=179"}],"version-history":[{"count":3,"href":"https:\/\/mwb.com.pl\/aprowizacja\/wp-json\/wp\/v2\/pages\/179\/revisions"}],"predecessor-version":[{"id":633,"href":"https:\/\/mwb.com.pl\/aprowizacja\/wp-json\/wp\/v2\/pages\/179\/revisions\/633"}],"wp:attachment":[{"href":"https:\/\/mwb.com.pl\/aprowizacja\/wp-json\/wp\/v2\/media?parent=179"}],"curies":[{"name":"wp","href":"https:\/\/api.w.org\/{rel}","templated":true}]}}