{"id":172,"date":"2020-10-22T08:58:01","date_gmt":"2020-10-22T06:58:01","guid":{"rendered":"https:\/\/mwb.com.pl\/aprowizacja\/?page_id=172"},"modified":"2020-11-04T12:33:43","modified_gmt":"2020-11-04T11:33:43","slug":"polska","status":"publish","type":"page","link":"https:\/\/mwb.com.pl\/aprowizacja\/polska\/","title":{"rendered":"Polska"},"content":{"rendered":"<div id=\"pl-172\"  class=\"panel-layout\"><div id=\"pg-172-0\"  class=\"panel-grid panel-no-style\"><div id=\"pgc-172-0-0\"  class=\"panel-grid-cell\"><div id=\"panel-172-0-0-0\" class=\"so-panel widget widget_text panel-first-child panel-last-child\" data-index=\"0\"><div class=\"panel-widget-style panel-widget-style-for-172-0-0-0\"><h3 class=\"widget-title\">Polska<\/h3>\t\t\t<div class=\"textwidget\"><p>W 1937 roku wydano przepis pod nazw\u0105 \u201eNale\u017cno\u015bci \u017cywno\u015bciowe na czas pokoju\u201d (w skr\u00f3cie N.\u017b.1). Charakterystyczne dla jego zapis\u00f3w by\u0142o zr\u00f3\u017cnicowanie wy\u017cywienia \u017co\u0142nierza w zale\u017cno\u015bci od rodzaju pracy, stanu zdrowia i warunk\u00f3w zewn\u0119trznych w jakich przebywa\u0142. Obok przepisu N.\u017b.1, obowi\u0105zuj\u0105cego w czasie pokoju, w 1938 roku wydano odr\u0119bny przepis na czas wojny \u201eNale\u017cno\u015bci \u017cywno\u015bciowe na czas wojny\u201d (N.\u017b.2).<\/p>\n<p>Uprawnienie do pobierania nale\u017cno\u015bci \u017cywno\u015bciowych by\u0142o zale\u017cne od stopnia oraz rodzaju s\u0142u\u017cby. Na koszt skarbu pa\u0144stwa nale\u017cno\u015bci \u017cywno\u015bciowe pobierali: szeregowi i podoficerowie pe\u0142ni\u0105cy zasadnicz\u0105 s\u0142u\u017cb\u0119 wojskow\u0105, powo\u0142ani do s\u0142u\u017cby rezerwi\u015bci i pospolite ruszenie, uczniowie szk\u00f3\u0142 wojskowych, korpus kadet\u00f3w, elewowie orkiestr etatowych, je\u0144cy wojenni, s\u0142u\u017cba pomocnicza, uczestnicy kurs\u00f3w przysposobienia wojskowego, cywilny personel wojska. Ponadto na koszt pa\u0144stwa \u017cywili si\u0119 oficerowie i podoficerowie zawodowi podczas przebywania w wojskowych zak\u0142adach leczniczych, zak\u0142adach karnych i aresztach.<\/p>\n<p>Nale\u017cno\u015bci \u017cywno\u015bciowe za zwrotem koszt\u00f3w otrzymanego wy\u017cywienia, przys\u0142ugiwa\u0142y oficerom s\u0142u\u017cby sta\u0142ej i powo\u0142anym do czynnej s\u0142u\u017cby oficerom rezerwy i pospolitego ruszenia, podoficerom zawodowym, weteranom powsta\u0144 narodowych, cz\u0142onkom rodzin oficer\u00f3w i podoficer\u00f3w, sanitariuszkom oraz osobom cywilnym powo\u0142anych do s\u0142u\u017cby.<\/p>\n<p>&nbsp;<\/p>\n<p>W czasie pokoju ka\u017cdemu \u017co\u0142nierzowi przys\u0142ugiwa\u0142a dziennie racja \u017cywno\u015bciowa \u201e<strong>N<\/strong>\u201d, sk\u0142adaj\u0105ca si\u0119 z chleba, mi\u0119sa, jarzyn s\u0142oniny i cukru. Przyj\u0119te ilo\u015bci zapewnia\u0142y przygotowanie trzech posi\u0142k\u00f3w dziennie: \u015bniadania, obiadu i kolacji. Na \u015bniadanie wydawano najcz\u0119\u015bciej kaw\u0119 i chleb z obk\u0142adem lub zup\u0119 (np. ziemniaczan\u0105, jarzynow\u0105, krupnik). Obiad sk\u0142ada\u0142 si\u0119 z dw\u00f3ch da\u0144 w tym zupy i dania mi\u0119snego z ziemniakami oraz du\u017c\u0105 ilo\u015bci\u0105 warzyw (kapusta kiszona, pomidory, og\u00f3rk\u00f3w, sa\u0142aty). Wieczerza (kolacja) mia\u0142a stanowi\u0107 r\u00f3wnie\u017c tre\u015bciwy posi\u0142ek. Oficerowie korzystaj\u0105cy z nale\u017cno\u015bci \u201eN\u201d otrzymywali dodatkowo 20 sztuk papieros\u00f3w i p\u00f3\u0142 pude\u0142ka zapa\u0142ek na dzie\u0144. Podoficerowie zawodowi otrzymywali po 10 sztuk papieros\u00f3w dziennie i 1 pude\u0142ko zapa\u0142ek na 5 dni.<\/p>\n<p>&nbsp;<\/p>\n<table>\n<tbody>\n<tr>\n<td colspan=\"2\" width=\"1170\"><strong>Nale\u017cno\u015b\u0107 \u017cywno\u015bciowa \u201eN\u201d w 1939 r. na czas pokoju<\/strong><\/td>\n<\/tr>\n<tr>\n<td width=\"896\"><strong>Artyku\u0142 spo\u017cywczy<\/strong><\/td>\n<td width=\"274\"><strong>Norma<\/strong><\/td>\n<\/tr>\n<tr>\n<td width=\"896\">Chleb \u017co\u0142nierski<\/td>\n<td width=\"274\">800 g<\/td>\n<\/tr>\n<tr>\n<td width=\"896\">Konserwy kawowe<\/td>\n<td width=\"274\">50 g<\/td>\n<\/tr>\n<tr>\n<td width=\"896\">Mi\u0119so wo\u0142owe<\/td>\n<td width=\"274\">250 g<\/td>\n<\/tr>\n<tr>\n<td width=\"896\">Jarzyny \u015bwie\u017ce<\/td>\n<td width=\"274\">200 g<\/td>\n<\/tr>\n<tr>\n<td width=\"896\">Jarzyny twarde<\/td>\n<td width=\"274\">150 g<\/td>\n<\/tr>\n<tr>\n<td width=\"896\">Ziemniaki<\/td>\n<td width=\"274\">700 g<\/td>\n<\/tr>\n<tr>\n<td width=\"896\">S\u0142onina<\/td>\n<td width=\"274\">40 g<\/td>\n<\/tr>\n<tr>\n<td width=\"896\">Cukier<\/td>\n<td width=\"274\">20 g<\/td>\n<\/tr>\n<tr>\n<td width=\"896\">M\u0105ka do przypraw<\/td>\n<td width=\"274\">10 g<\/td>\n<\/tr>\n<tr>\n<td width=\"896\">S\u00f3l<\/td>\n<td width=\"274\">22 g<\/td>\n<\/tr>\n<tr>\n<td width=\"896\">Cebula \u015bwie\u017ca<\/td>\n<td width=\"274\">15 g<\/td>\n<\/tr>\n<tr>\n<td width=\"896\">W\u0142oszczyzna suszona<\/td>\n<td width=\"274\">1 g<\/td>\n<\/tr>\n<tr>\n<td width=\"896\">Korzenie<\/td>\n<td width=\"274\">0,5 g<\/td>\n<\/tr>\n<tr>\n<td width=\"896\">Ocet<\/td>\n<td width=\"274\">5 ml<\/td>\n<\/tr>\n<\/tbody>\n<\/table>\n<p><\/p><\/div><\/div><\/div><\/div><\/div><\/div><p> <a href=\"https:\/\/mwb.com.pl\/aprowizacja\/polska\/#more-172\" class=\"more-link\">Read More<\/a><\/p>","protected":false},"excerpt":{"rendered":"<p class=\"excerpt\">W 1937 roku wydano przepis pod nazw\u0105 \u201eNale\u017cno\u015bci \u017cywno\u015bciowe na czas pokoju\u201d (w skr\u00f3cie N.\u017b.1). Charakterystyczne dla jego zapis\u00f3w by\u0142o zr\u00f3\u017cnicowanie wy\u017cywienia \u017co\u0142nierza w zale\u017cno\u015bci od rodzaju pracy, stanu zdrowia i warunk\u00f3w zewn\u0119trznych w jakich przebywa\u0142. Obok przepisu N.\u017b.1, obowi\u0105zuj\u0105cego w czasie pokoju, w 1938 roku wydano odr\u0119bny przepis na czas wojny \u201eNale\u017cno\u015bci \u017cywno\u015bciowe na [&hellip;]<\/p>\n","protected":false},"author":1,"featured_media":0,"parent":0,"menu_order":0,"comment_status":"closed","ping_status":"closed","template":"","meta":{"_vp_format_video_url":"","_vp_image_focal_point":[],"footnotes":""},"class_list":["post-172","page","type-page","status-publish","hentry"],"_links":{"self":[{"href":"https:\/\/mwb.com.pl\/aprowizacja\/wp-json\/wp\/v2\/pages\/172","targetHints":{"allow":["GET"]}}],"collection":[{"href":"https:\/\/mwb.com.pl\/aprowizacja\/wp-json\/wp\/v2\/pages"}],"about":[{"href":"https:\/\/mwb.com.pl\/aprowizacja\/wp-json\/wp\/v2\/types\/page"}],"author":[{"embeddable":true,"href":"https:\/\/mwb.com.pl\/aprowizacja\/wp-json\/wp\/v2\/users\/1"}],"replies":[{"embeddable":true,"href":"https:\/\/mwb.com.pl\/aprowizacja\/wp-json\/wp\/v2\/comments?post=172"}],"version-history":[{"count":26,"href":"https:\/\/mwb.com.pl\/aprowizacja\/wp-json\/wp\/v2\/pages\/172\/revisions"}],"predecessor-version":[{"id":920,"href":"https:\/\/mwb.com.pl\/aprowizacja\/wp-json\/wp\/v2\/pages\/172\/revisions\/920"}],"wp:attachment":[{"href":"https:\/\/mwb.com.pl\/aprowizacja\/wp-json\/wp\/v2\/media?parent=172"}],"curies":[{"name":"wp","href":"https:\/\/api.w.org\/{rel}","templated":true}]}}