{"id":170,"date":"2020-10-22T08:56:43","date_gmt":"2020-10-22T06:56:43","guid":{"rendered":"https:\/\/mwb.com.pl\/aprowizacja\/?page_id=170"},"modified":"2020-10-27T11:54:49","modified_gmt":"2020-10-27T10:54:49","slug":"stany-zjednoczone-ameryki","status":"publish","type":"page","link":"https:\/\/mwb.com.pl\/aprowizacja\/stany-zjednoczone-ameryki\/","title":{"rendered":"Stany Zjednoczone Ameryki"},"content":{"rendered":"<div id=\"pl-170\"  class=\"panel-layout\" ><div id=\"pg-170-0\"  class=\"panel-grid panel-no-style\" ><div id=\"pgc-170-0-0\"  class=\"panel-grid-cell\" ><div id=\"panel-170-0-0-0\" class=\"so-panel widget widget_text panel-first-child panel-last-child\" data-index=\"0\" ><h3 class=\"widget-title\">USA<\/h3>\t\t\t<div class=\"textwidget\"><p>Podczas I wojny \u015bwiatowej wojska ameryka\u0144skie zacz\u0119\u0142y stosowa\u0107 trzy rodzaje racji \u017cywno\u015bciowych: racj\u0119 rezerwow\u0105, racj\u0119 okopow\u0105 i racj\u0119 awaryjn\u0105 (znan\u0105 r\u00f3wnie\u017c jako racj\u0119 \u017celazn\u0105).<\/p>\n<p>&nbsp;<\/p>\n<p><strong>Racja rezerwowa<\/strong><\/p>\n<p>Racj\u0119 rezerwow\u0105 wydano po raz pierwszy w po\u0142owie I wojny \u015bwiatowej, aby wy\u017cywi\u0107 \u017co\u0142nierzy, kt\u00f3rzy znajdowali si\u0119 z dala od garnizonu lub nie mieli mo\u017cliwo\u015bci skorzystania z kuchni polowej. Pierwotnie sk\u0142ada\u0142a si\u0119 z 340 g \u015bwie\u017cego bekonu lub 500 g konserw mi\u0119snych, zwanych racj\u0105 mi\u0119sn\u0105 (zwykle wo\u0142owiny peklowanej). Dodatkowo wydano dwie 227-gramowe puszki twardego chleba lub suchar\u00f3w, paczk\u0119 33 g kawy mielonej, paczk\u0119 68 g cukru pudru i paczk\u0119 4,5 g soli. Istnia\u0142a r\u00f3wnie\u017c oddzielna \u201eracja tytoniowa\u201d w wysoko\u015bci 11 g tytoniu i 10 bibu\u0142ek papierosowych, kt\u00f3re p\u00f3\u017aniej zosta\u0142y zast\u0105pione markowymi papierosami skr\u0119canymi maszynowo.<\/p>\n<p>&nbsp;<\/p>\n<p><strong>Racja okopowa<\/strong><\/p>\n<p>Racja okopowa zosta\u0142a wprowadzona na pocz\u0105tku wojny. Przys\u0142ugiwa\u0142a \u017co\u0142nierzom walcz\u0105cym na froncie, gdzie nie by\u0142o mo\u017cliwo\u015bci korzystania z dziennych racji wydawanych z kuchni polowych (np. w wyniku ataku gazowego). Jej g\u0142\u00f3wn\u0105 cz\u0119\u015bci\u0105 by\u0142y konserwy mi\u0119sne i rybne (\u0142oso\u015b, peklowana wo\u0142owina, sardynki itp.), pochodz\u0105ce z rynku cywilnego i zapakowane w du\u017ce blaszane pude\u0142ko przykryte p\u0142\u00f3tnem. Racja by\u0142a ci\u0119\u017cka i niepor\u0119czna. Wkr\u00f3tce ze wzgl\u0119du na monotonno\u015b\u0107 ograniczonego menu \u017co\u0142nierze zacz\u0119li narzeka\u0107 na serwowany sk\u0142ad, co w przysz\u0142o\u015bci przyczyni\u0142o si\u0119 do zast\u0105pienia jej przez racj\u0119 rezerwow\u0105.<\/p>\n<p>&nbsp;<\/p>\n<p><strong>Racja \u017celazna<\/strong><\/p>\n<p>Pierwsz\u0105 pr\u00f3b\u0105 ustalenia indywidualnej racji \u017cywno\u015bciowej dla \u017co\u0142nierzy w terenie by\u0142a \u201eracja \u017celazna\u201d, wprowadzona po raz pierwszy w 1907 r. Sk\u0142ada\u0142a si\u0119 z trzech 85-gramowych ciastek (sporz\u0105dzonych z mikstury z bulionu wo\u0142owego w proszku oraz pra\u017conej i gotowanej pszenicy), trzech 28-gramowych baton\u00f3w s\u0142odzonej czekolady oraz paczki soli i pieprzu, zapakowanych w metalow\u0105 puszk\u0119, wa\u017c\u0105c\u0105 500 g. Zosta\u0142a zaprojektowana do u\u017cytku w sytuacjach awaryjnych, gdy \u017co\u0142nierzom nie mo\u017cna by\u0142o zapewni\u0107 \u017cywno\u015bci.<\/p>\n<\/div>\n\t\t<\/div><\/div><\/div><div id=\"pg-170-1\"  class=\"panel-grid panel-has-style\" ><div id=\"USA_zdjecia\" class=\"panel-row-style panel-row-style-for-170-1\" ><div id=\"pgc-170-1-0\"  class=\"panel-grid-cell\" ><div id=\"panel-170-1-0-0\" class=\"widget_text so-panel widget widget_custom_html panel-first-child panel-last-child\" data-index=\"1\" ><div class=\"textwidget custom-html-widget\">\n<div class=\"vp-portfolio vp-uid-6bff1812 vp-id-626 \"\n\tdata-vp-layout=\"masonry\" data-vp-content-source=\"post-based\" data-vp-items-style=\"fade\" data-vp-items-click-action=\"url\" data-vp-items-gap=\"15\" data-vp-items-gap-vertical=\"\" data-vp-pagination=\"load-more\" data-vp-next-page-url=\"\" data-vp-masonry-columns=\"3\" >\n\t<div class=\"vp-portfolio__preloader-wrap\">\n\t\t<div class=\"vp-portfolio__preloader\">\n\t\t\t<img decoding=\"async\" loading=\"eager\" src=\"https:\/\/mwb.com.pl\/aprowizacja\/wp-content\/plugins\/visual-portfolio\/assets\/images\/logo-dark.svg\" alt=\"Wizualne portfolio, wpisy i galeria obrazk\u00f3w dla WordPressa\" width=\"20\" height=\"20\" data-skip-lazy>\n\t\t<\/div>\n\t<\/div>\n\t\t<div class=\"vp-portfolio__items-wrap\">\n\t\t\t\n<div class=\"vp-portfolio__items vp-portfolio__items-style-fade vp-portfolio__items-show-overlay-hover\">\n\n\t\t<article\t\tclass=\"vp-portfolio__item-wrap post-460 portfolio type-portfolio status-publish format-standard has-post-thumbnail hentry portfolio_category-usa vp-portfolio__item-uid-eb97d0e3\" data-vp-filter=\"usa\" \t\t>\n\t\t\t\t\t\t\t\t\t<figure class=\"vp-portfolio__item\">\n\t\t\t\t\n<div class=\"vp-portfolio__item-img-wrap\">\n\t<div class=\"vp-portfolio__item-img\">\n\t\t\t<a\n\t\thref=\"https:\/\/mwb.com.pl\/aprowizacja\/portfolio\/usa-zdjecie-8\/\"\n\t\taria-label=\"USA &#8211; zdj\u0119cie 8\" \t>\n\t\n\t\t<noscript><img loading=\"lazy\" decoding=\"async\" width=\"600\" height=\"600\" data-skip-lazy src=\"https:\/\/mwb.com.pl\/aprowizacja\/wp-content\/uploads\/2020\/10\/USA8.jpg\" class=\"wp-image-461\" alt=\"Ameryka\u0144ska racja ze stycznia 1910 r.\" srcset=\"https:\/\/mwb.com.pl\/aprowizacja\/wp-content\/uploads\/2020\/10\/USA8.jpg 600w, https:\/\/mwb.com.pl\/aprowizacja\/wp-content\/uploads\/2020\/10\/USA8-300x300.jpg 300w, https:\/\/mwb.com.pl\/aprowizacja\/wp-content\/uploads\/2020\/10\/USA8-150x150.jpg 150w, https:\/\/mwb.com.pl\/aprowizacja\/wp-content\/uploads\/2020\/10\/USA8-500x500.jpg 500w, https:\/\/mwb.com.pl\/aprowizacja\/wp-content\/uploads\/2020\/10\/USA8-480x480.jpg 480w\" sizes=\"auto, (max-width: 600px) 100vw, 600px\" \/><\/noscript><img fetchpriority=\"high\" decoding=\"async\" width=\"600\" height=\"600\" src=\"https:\/\/mwb.com.pl\/aprowizacja\/wp-content\/uploads\/2020\/10\/USA8.jpg\" class=\"wp-image-461 vp-lazyload\" alt=\"Ameryka\u0144ska racja ze stycznia 1910 r.\" srcset=\"data:image\/svg+xml;base64,PHN2ZyB3aWR0aD0iNjAwIiBoZWlnaHQ9IjYwMCIgdmlld0JveD0iMCAwIDYwMCA2MDAiIGZpbGw9Im5vbmUiIHhtbG5zPSJodHRwOi8vd3d3LnczLm9yZy8yMDAwL3N2ZyI+PC9zdmc+\" data-src=\"https:\/\/mwb.com.pl\/aprowizacja\/wp-content\/uploads\/2020\/10\/USA8.jpg\" data-srcset=\"https:\/\/mwb.com.pl\/aprowizacja\/wp-content\/uploads\/2020\/10\/USA8.jpg 600w, https:\/\/mwb.com.pl\/aprowizacja\/wp-content\/uploads\/2020\/10\/USA8-300x300.jpg 300w, https:\/\/mwb.com.pl\/aprowizacja\/wp-content\/uploads\/2020\/10\/USA8-150x150.jpg 150w, https:\/\/mwb.com.pl\/aprowizacja\/wp-content\/uploads\/2020\/10\/USA8-500x500.jpg 500w, https:\/\/mwb.com.pl\/aprowizacja\/wp-content\/uploads\/2020\/10\/USA8-480x480.jpg 480w\" data-sizes=\"auto\" loading=\"eager\">\n\t\t<\/a>\t<\/div>\n<\/div>\n\t<figcaption class=\"vp-portfolio__item-overlay vp-portfolio__item-overlay-text-align-center\">\n\t\t<div class=\"vp-portfolio__item-meta-wrap vp-portfolio__custom-scrollbar\">\n\t\t\t\t<a\n\t\thref=\"https:\/\/mwb.com.pl\/aprowizacja\/portfolio\/usa-zdjecie-8\/\"\n\t\ttabindex=\"-1\" class=\"vp-portfolio__item-meta\" aria-label=\"USA &#8211; zdj\u0119cie 8\" \t>\n\t\n<div class=\"vp-portfolio__item-meta-excerpt\">\n\t<div>\n\t\tAmeryka\u0144ska racja ze stycznia 1910 r.\t<\/div>\n<\/div>\n<\/a>\t\t<\/div>\n\t<\/figcaption>\n\t\t\t<\/figure>\n\t\t\t\t\t<\/article>\n\t\t\n\t\t<article\t\tclass=\"vp-portfolio__item-wrap post-463 portfolio type-portfolio status-publish format-standard has-post-thumbnail hentry portfolio_category-usa vp-portfolio__item-uid-729e8159\" data-vp-filter=\"usa\" \t\t>\n\t\t\t\t\t\t\t\t\t<figure class=\"vp-portfolio__item\">\n\t\t\t\t\n<div class=\"vp-portfolio__item-img-wrap\">\n\t<div class=\"vp-portfolio__item-img\">\n\t\t\t<a\n\t\thref=\"https:\/\/mwb.com.pl\/aprowizacja\/portfolio\/usa-zdjecie-9\/\"\n\t\taria-label=\"USA &#8211; zdj\u0119cie 9\" \t>\n\t\n\t\t<noscript><img loading=\"lazy\" decoding=\"async\" width=\"900\" height=\"600\" data-skip-lazy src=\"https:\/\/mwb.com.pl\/aprowizacja\/wp-content\/uploads\/2020\/10\/USA9.jpg\" class=\"wp-image-464\" alt=\"Manierka\" srcset=\"https:\/\/mwb.com.pl\/aprowizacja\/wp-content\/uploads\/2020\/10\/USA9.jpg 900w, https:\/\/mwb.com.pl\/aprowizacja\/wp-content\/uploads\/2020\/10\/USA9-300x200.jpg 300w, https:\/\/mwb.com.pl\/aprowizacja\/wp-content\/uploads\/2020\/10\/USA9-768x512.jpg 768w, https:\/\/mwb.com.pl\/aprowizacja\/wp-content\/uploads\/2020\/10\/USA9-500x333.jpg 500w, https:\/\/mwb.com.pl\/aprowizacja\/wp-content\/uploads\/2020\/10\/USA9-800x533.jpg 800w, https:\/\/mwb.com.pl\/aprowizacja\/wp-content\/uploads\/2020\/10\/USA9-272x182.jpg 272w\" sizes=\"auto, (max-width: 900px) 100vw, 900px\" \/><\/noscript><img decoding=\"async\" width=\"900\" height=\"600\" src=\"https:\/\/mwb.com.pl\/aprowizacja\/wp-content\/uploads\/2020\/10\/USA9.jpg\" class=\"wp-image-464 vp-lazyload\" alt=\"Manierka\" srcset=\"data:image\/svg+xml;base64,PHN2ZyB3aWR0aD0iOTAwIiBoZWlnaHQ9IjYwMCIgdmlld0JveD0iMCAwIDkwMCA2MDAiIGZpbGw9Im5vbmUiIHhtbG5zPSJodHRwOi8vd3d3LnczLm9yZy8yMDAwL3N2ZyI+PC9zdmc+\" data-src=\"https:\/\/mwb.com.pl\/aprowizacja\/wp-content\/uploads\/2020\/10\/USA9.jpg\" data-srcset=\"https:\/\/mwb.com.pl\/aprowizacja\/wp-content\/uploads\/2020\/10\/USA9.jpg 900w, https:\/\/mwb.com.pl\/aprowizacja\/wp-content\/uploads\/2020\/10\/USA9-300x200.jpg 300w, https:\/\/mwb.com.pl\/aprowizacja\/wp-content\/uploads\/2020\/10\/USA9-768x512.jpg 768w, https:\/\/mwb.com.pl\/aprowizacja\/wp-content\/uploads\/2020\/10\/USA9-500x333.jpg 500w, https:\/\/mwb.com.pl\/aprowizacja\/wp-content\/uploads\/2020\/10\/USA9-800x533.jpg 800w, https:\/\/mwb.com.pl\/aprowizacja\/wp-content\/uploads\/2020\/10\/USA9-272x182.jpg 272w\" data-sizes=\"auto\" loading=\"eager\">\n\t\t<\/a>\t<\/div>\n<\/div>\n\t<figcaption class=\"vp-portfolio__item-overlay vp-portfolio__item-overlay-text-align-center\">\n\t\t<div class=\"vp-portfolio__item-meta-wrap vp-portfolio__custom-scrollbar\">\n\t\t\t\t<a\n\t\thref=\"https:\/\/mwb.com.pl\/aprowizacja\/portfolio\/usa-zdjecie-9\/\"\n\t\ttabindex=\"-1\" class=\"vp-portfolio__item-meta\" aria-label=\"USA &#8211; zdj\u0119cie 9\" \t>\n\t\n<div class=\"vp-portfolio__item-meta-excerpt\">\n\t<div>\n\t\tManierka\t<\/div>\n<\/div>\n<\/a>\t\t<\/div>\n\t<\/figcaption>\n\t\t\t<\/figure>\n\t\t\t\t\t<\/article>\n\t\t\n\t\t<article\t\tclass=\"vp-portfolio__item-wrap post-454 portfolio type-portfolio status-publish format-standard has-post-thumbnail hentry portfolio_category-usa vp-portfolio__item-uid-c7d74739\" data-vp-filter=\"usa\" \t\t>\n\t\t\t\t\t\t\t\t\t<figure class=\"vp-portfolio__item\">\n\t\t\t\t\n<div class=\"vp-portfolio__item-img-wrap\">\n\t<div class=\"vp-portfolio__item-img\">\n\t\t\t<a\n\t\thref=\"https:\/\/mwb.com.pl\/aprowizacja\/portfolio\/usa-zdjecie-1\/\"\n\t\taria-label=\"USA &#8211; zdj\u0119cie 1\" \t>\n\t\n\t\t<noscript><img loading=\"lazy\" decoding=\"async\" width=\"839\" height=\"600\" data-skip-lazy src=\"https:\/\/mwb.com.pl\/aprowizacja\/wp-content\/uploads\/2020\/10\/USA1.jpg\" class=\"wp-image-455\" alt=\"\u017belazna racja z 1906 r.\" srcset=\"https:\/\/mwb.com.pl\/aprowizacja\/wp-content\/uploads\/2020\/10\/USA1.jpg 839w, https:\/\/mwb.com.pl\/aprowizacja\/wp-content\/uploads\/2020\/10\/USA1-300x215.jpg 300w, https:\/\/mwb.com.pl\/aprowizacja\/wp-content\/uploads\/2020\/10\/USA1-768x549.jpg 768w, https:\/\/mwb.com.pl\/aprowizacja\/wp-content\/uploads\/2020\/10\/USA1-500x358.jpg 500w, https:\/\/mwb.com.pl\/aprowizacja\/wp-content\/uploads\/2020\/10\/USA1-800x572.jpg 800w\" sizes=\"auto, (max-width: 839px) 100vw, 839px\" \/><\/noscript><img decoding=\"async\" width=\"839\" height=\"600\" src=\"https:\/\/mwb.com.pl\/aprowizacja\/wp-content\/uploads\/2020\/10\/USA1.jpg\" class=\"wp-image-455 vp-lazyload\" alt=\"\u017belazna racja z 1906 r.\" srcset=\"data:image\/svg+xml;base64,PHN2ZyB3aWR0aD0iODM5IiBoZWlnaHQ9IjYwMCIgdmlld0JveD0iMCAwIDgzOSA2MDAiIGZpbGw9Im5vbmUiIHhtbG5zPSJodHRwOi8vd3d3LnczLm9yZy8yMDAwL3N2ZyI+PC9zdmc+\" data-src=\"https:\/\/mwb.com.pl\/aprowizacja\/wp-content\/uploads\/2020\/10\/USA1.jpg\" data-srcset=\"https:\/\/mwb.com.pl\/aprowizacja\/wp-content\/uploads\/2020\/10\/USA1.jpg 839w, https:\/\/mwb.com.pl\/aprowizacja\/wp-content\/uploads\/2020\/10\/USA1-300x215.jpg 300w, https:\/\/mwb.com.pl\/aprowizacja\/wp-content\/uploads\/2020\/10\/USA1-768x549.jpg 768w, https:\/\/mwb.com.pl\/aprowizacja\/wp-content\/uploads\/2020\/10\/USA1-500x358.jpg 500w, https:\/\/mwb.com.pl\/aprowizacja\/wp-content\/uploads\/2020\/10\/USA1-800x572.jpg 800w\" data-sizes=\"auto\" loading=\"eager\">\n\t\t<\/a>\t<\/div>\n<\/div>\n\t<figcaption class=\"vp-portfolio__item-overlay vp-portfolio__item-overlay-text-align-center\">\n\t\t<div class=\"vp-portfolio__item-meta-wrap vp-portfolio__custom-scrollbar\">\n\t\t\t\t<a\n\t\thref=\"https:\/\/mwb.com.pl\/aprowizacja\/portfolio\/usa-zdjecie-1\/\"\n\t\ttabindex=\"-1\" class=\"vp-portfolio__item-meta\" aria-label=\"USA &#8211; zdj\u0119cie 1\" \t>\n\t\n<div class=\"vp-portfolio__item-meta-excerpt\">\n\t<div>\n\t\t\u017belazna racja z 1906 r.\t<\/div>\n<\/div>\n<\/a>\t\t<\/div>\n\t<\/figcaption>\n\t\t\t<\/figure>\n\t\t\t\t\t<\/article>\n\t\t\n\t\t<article\t\tclass=\"vp-portfolio__item-wrap post-457 portfolio type-portfolio status-publish format-standard has-post-thumbnail hentry portfolio_category-usa vp-portfolio__item-uid-5ede1683\" data-vp-filter=\"usa\" \t\t>\n\t\t\t\t\t\t\t\t\t<figure class=\"vp-portfolio__item\">\n\t\t\t\t\n<div class=\"vp-portfolio__item-img-wrap\">\n\t<div class=\"vp-portfolio__item-img\">\n\t\t\t<a\n\t\thref=\"https:\/\/mwb.com.pl\/aprowizacja\/portfolio\/usa-zdjecie-7\/\"\n\t\taria-label=\"USA &#8211; zdj\u0119cie 7\" \t>\n\t\n\t\t<noscript><img loading=\"lazy\" decoding=\"async\" width=\"1067\" height=\"600\" data-skip-lazy src=\"https:\/\/mwb.com.pl\/aprowizacja\/wp-content\/uploads\/2020\/10\/USA7.jpg\" class=\"wp-image-458\" alt=\"Opakowanie suchar\u00f3w\" srcset=\"https:\/\/mwb.com.pl\/aprowizacja\/wp-content\/uploads\/2020\/10\/USA7.jpg 1067w, https:\/\/mwb.com.pl\/aprowizacja\/wp-content\/uploads\/2020\/10\/USA7-300x169.jpg 300w, https:\/\/mwb.com.pl\/aprowizacja\/wp-content\/uploads\/2020\/10\/USA7-1024x576.jpg 1024w, https:\/\/mwb.com.pl\/aprowizacja\/wp-content\/uploads\/2020\/10\/USA7-768x432.jpg 768w, https:\/\/mwb.com.pl\/aprowizacja\/wp-content\/uploads\/2020\/10\/USA7-500x281.jpg 500w, https:\/\/mwb.com.pl\/aprowizacja\/wp-content\/uploads\/2020\/10\/USA7-800x450.jpg 800w\" sizes=\"auto, (max-width: 1067px) 100vw, 1067px\" \/><\/noscript><img decoding=\"async\" width=\"1067\" height=\"600\" src=\"https:\/\/mwb.com.pl\/aprowizacja\/wp-content\/uploads\/2020\/10\/USA7.jpg\" class=\"wp-image-458 vp-lazyload\" alt=\"Opakowanie suchar\u00f3w\" srcset=\"data:image\/svg+xml;base64,PHN2ZyB3aWR0aD0iMTA2NyIgaGVpZ2h0PSI2MDAiIHZpZXdCb3g9IjAgMCAxMDY3IDYwMCIgZmlsbD0ibm9uZSIgeG1sbnM9Imh0dHA6Ly93d3cudzMub3JnLzIwMDAvc3ZnIj48L3N2Zz4=\" data-src=\"https:\/\/mwb.com.pl\/aprowizacja\/wp-content\/uploads\/2020\/10\/USA7.jpg\" data-srcset=\"https:\/\/mwb.com.pl\/aprowizacja\/wp-content\/uploads\/2020\/10\/USA7.jpg 1067w, https:\/\/mwb.com.pl\/aprowizacja\/wp-content\/uploads\/2020\/10\/USA7-300x169.jpg 300w, https:\/\/mwb.com.pl\/aprowizacja\/wp-content\/uploads\/2020\/10\/USA7-1024x576.jpg 1024w, https:\/\/mwb.com.pl\/aprowizacja\/wp-content\/uploads\/2020\/10\/USA7-768x432.jpg 768w, https:\/\/mwb.com.pl\/aprowizacja\/wp-content\/uploads\/2020\/10\/USA7-500x281.jpg 500w, https:\/\/mwb.com.pl\/aprowizacja\/wp-content\/uploads\/2020\/10\/USA7-800x450.jpg 800w\" data-sizes=\"auto\" loading=\"eager\">\n\t\t<\/a>\t<\/div>\n<\/div>\n\t<figcaption class=\"vp-portfolio__item-overlay vp-portfolio__item-overlay-text-align-center\">\n\t\t<div class=\"vp-portfolio__item-meta-wrap vp-portfolio__custom-scrollbar\">\n\t\t\t\t<a\n\t\thref=\"https:\/\/mwb.com.pl\/aprowizacja\/portfolio\/usa-zdjecie-7\/\"\n\t\ttabindex=\"-1\" class=\"vp-portfolio__item-meta\" aria-label=\"USA &#8211; zdj\u0119cie 7\" \t>\n\t\n<div class=\"vp-portfolio__item-meta-excerpt\">\n\t<div>\n\t\tOpakowanie suchar\u00f3w\t<\/div>\n<\/div>\n<\/a>\t\t<\/div>\n\t<\/figcaption>\n\t\t\t<\/figure>\n\t\t\t\t\t<\/article>\n\t\t\n<\/div>\n\t\t<\/div>\n\t\t\t\t<div class=\"vp-portfolio__layout-elements vp-portfolio__layout-elements-bottom vp-portfolio__layout-elements-align-center\">\n\t\t\t\t<div class=\"vp-portfolio__pagination-wrap\">\n\t\t\n<div class=\"vp-pagination vp-pagination__no-more vp-pagination__style-minimal\" data-vp-pagination-type=\"load-more\">\n\t<div class=\"vp-pagination__item\">\n\t\t<a class=\"vp-pagination__load-more\" href=\"\">\n\t\t\t<span>Wi\u0119cej<\/span>\n\t\t\t<span class=\"vp-pagination__load-more-loading\"><span class=\"vp-spinner\"><\/span><span class=\"vp-screen-reader-text\"> Wi\u0119cej...<\/span><\/span>\n\t\t\t<span class=\"vp-pagination__load-more-no-more\">Koniec<\/span>\n\t\t<\/a>\n\t<\/div>\n<\/div>\n\t\t<\/div>\n\t\t\t\t<\/div>\n\t\t\n<\/div>\n<\/div><\/div><\/div><\/div><\/div><\/div>","protected":false},"excerpt":{"rendered":"<p class=\"excerpt\">USA Podczas I wojny \u015bwiatowej wojska ameryka\u0144skie zacz\u0119\u0142y stosowa\u0107 trzy rodzaje racji \u017cywno\u015bciowych: racj\u0119 rezerwow\u0105, racj\u0119 okopow\u0105 i racj\u0119 awaryjn\u0105 (znan\u0105 r\u00f3wnie\u017c jako racj\u0119 \u017celazn\u0105). &nbsp; Racja rezerwowa Racj\u0119 rezerwow\u0105 wydano po raz pierwszy w po\u0142owie I wojny \u015bwiatowej, aby wy\u017cywi\u0107 \u017co\u0142nierzy, kt\u00f3rzy znajdowali si\u0119 z dala od garnizonu lub nie mieli mo\u017cliwo\u015bci skorzystania z [&hellip;]<\/p>\n","protected":false},"author":1,"featured_media":0,"parent":0,"menu_order":0,"comment_status":"closed","ping_status":"closed","template":"","meta":{"_vp_format_video_url":"","_vp_image_focal_point":[],"footnotes":""},"class_list":["post-170","page","type-page","status-publish","hentry"],"_links":{"self":[{"href":"https:\/\/mwb.com.pl\/aprowizacja\/wp-json\/wp\/v2\/pages\/170","targetHints":{"allow":["GET"]}}],"collection":[{"href":"https:\/\/mwb.com.pl\/aprowizacja\/wp-json\/wp\/v2\/pages"}],"about":[{"href":"https:\/\/mwb.com.pl\/aprowizacja\/wp-json\/wp\/v2\/types\/page"}],"author":[{"embeddable":true,"href":"https:\/\/mwb.com.pl\/aprowizacja\/wp-json\/wp\/v2\/users\/1"}],"replies":[{"embeddable":true,"href":"https:\/\/mwb.com.pl\/aprowizacja\/wp-json\/wp\/v2\/comments?post=170"}],"version-history":[{"count":3,"href":"https:\/\/mwb.com.pl\/aprowizacja\/wp-json\/wp\/v2\/pages\/170\/revisions"}],"predecessor-version":[{"id":629,"href":"https:\/\/mwb.com.pl\/aprowizacja\/wp-json\/wp\/v2\/pages\/170\/revisions\/629"}],"wp:attachment":[{"href":"https:\/\/mwb.com.pl\/aprowizacja\/wp-json\/wp\/v2\/media?parent=170"}],"curies":[{"name":"wp","href":"https:\/\/api.w.org\/{rel}","templated":true}]}}