{"id":168,"date":"2020-10-22T08:55:16","date_gmt":"2020-10-22T06:55:16","guid":{"rendered":"https:\/\/mwb.com.pl\/aprowizacja\/?page_id=168"},"modified":"2020-10-27T11:48:04","modified_gmt":"2020-10-27T10:48:04","slug":"chleb-i-suchary","status":"publish","type":"page","link":"https:\/\/mwb.com.pl\/aprowizacja\/chleb-i-suchary\/","title":{"rendered":"Chleb i suchary"},"content":{"rendered":"<div id=\"pl-168\"  class=\"panel-layout\" ><div id=\"pg-168-0\"  class=\"panel-grid panel-no-style\" ><div id=\"pgc-168-0-0\"  class=\"panel-grid-cell\" ><div id=\"panel-168-0-0-0\" class=\"so-panel widget widget_text panel-first-child panel-last-child\" data-index=\"0\" ><h3 class=\"widget-title\">Chleb i suchary<\/h3>\t\t\t<div class=\"textwidget\"><p><strong>Chleb<\/strong><\/p>\n<p>Wypiek chleba dokonywany by\u0142 w piekarniach wojskowych, kt\u00f3re pokrywa\u0142y 70% zaopatrzenia. Reszta wypieku powierzona by\u0142a przedsi\u0119biorcom prywatnym na podstawie um\u00f3w \u2013 powodem takiego stanu rzeczy by\u0142a niewystarczaj\u0105ca ilo\u015b\u0107 piekar\u0144 oraz nieop\u0142acalno\u015b\u0107 dowozu do odleg\u0142ych garnizon\u00f3w. \u0141\u0105cznie wojsko posiada\u0142o 33 piekarnie mieszcz\u0105ce si\u0119 w: Baranowiczach, Bia\u0142ymstoku, Warszawie, Lublinie, Kowlu, Che\u0142mie, Wilnie, Grodnie, Wo\u0142kowysku, \u0141odzi, Krakowie, Stanis\u0142awowie, Z\u0142oczowie, Poznaniu, Gnie\u017anie, Toruniu, Brze\u015bciu nad Bugiem, Przemy\u015blu, Rzeszowie, Kielcach, z czego 18 z nich znajdowa\u0142o si\u0119 przy sk\u0142adnicach materia\u0142owych intendentury, a 15 poza nimi, jako ich eksponowane pododdzia\u0142y. Wojenna, dzienna wydajno\u015b\u0107 piekarni wynosi\u0142a 1\u00a0600\u00a0000 800-gramowych porcji chleba. W czasie wojny dodatkowym wsparciem mia\u0142y by\u0107 sk\u0142adane piekarnie wyposa\u017cone w piece Payera oraz 14 piekarni na ko\u0142ach. Jeden piec Payera m\u00f3g\u0142 wyprodukowa\u0107 750 porcji chleba na dob\u0119, za\u015b jedna piekarnia na ko\u0142ach 15\u00a0000 porcji. Sk\u0142adane piekarnie w liczbie 40 sztuk zmagazynowane by\u0142y w Bia\u0142ymstoku, 80 \u2013 w Brze\u015bciu nad Bugiem, 100 \u2013 w Kowlu i 20 \u2013 w Przemy\u015blu. Piece z wyposa\u017cenia ko\u0142owych piekarni nale\u017c\u0105ce do typ\u00f3w: austrow\u0119gierskie Manfred Weiss (2 odmiany) oraz niemieckie Grove, magazynowane by\u0142y w sk\u0142adnicach materia\u0142\u00f3w intendenckich w Krakowie, \u0141odzi, Przemy\u015blu i Warszawie. Wszystkie piekarnie polowe mog\u0142y wyprodukowa\u0107 390\u00a0000 porcji chleba na dob\u0119. Polski chleb wojskowy mia\u0142 ustalon\u0105 trwa\u0142o\u015b\u0107 na 8 dni, jednak i po tym terminie wykazywa\u0142 wszelkie dodatnie w\u0142asno\u015bci smakowe i spo\u017cywcze. Wypiekany by\u0142 z m\u0105ki \u017cytniej lub pszennej.<\/p>\n<p><strong>Suchary<\/strong><\/p>\n<p>Wojsko posiada\u0142o r\u00f3wnie\u017c dwie w\u0142asne piekarnie sucharowe mieszcz\u0105ce si\u0119 w Krakowie o dziennej wydajno\u015bci 192\u00a0000 kg i Jaros\u0142awiu 477\u00a0000 kg, kt\u00f3re pokrywa\u0142y ca\u0142kowicie potrzeby zwi\u0105zane z utrzymaniem w czasie pokoju pe\u0142nego zapasu mobilizacyjnego suchar\u00f3w, od\u015bwie\u017canego przez coroczne spo\u017cycie 50% posiadanych w magazynach ilo\u015bci. W rezerwie produkcyjnej znajdowa\u0142y si\u0119 prywatne piekarnie: fabryka Gurgul w Jaros\u0142awiu, fabryka Fuks w Warszawie i w Toruniu. Suchar wojskowy mia\u0142 form\u0119 kwadratu o wymiarach 10 x 10 cm i grubo\u015bci do 0,5 cm. Przewo\u017cony by\u0142 w paczkach po 10 sztuk w opakowaniu z bia\u0142ej bibu\u0142y, a opakowania w drewnianych skrzyniach.<\/p>\n<p>Przedmiotem rocznych zakup\u00f3w, dokonywanych przez s\u0142u\u017cby intendentury na potrzeby bie\u017c\u0105ce, by\u0142o ok.: 51\u00a0000 t \u017cyta, 76\u00a0000 t owsa oraz 2\u00a0000 t surowc\u00f3w do wyrobu konserw kawowych (cukier, j\u0119czmie\u0144, pszenica, cykoria), co stanowi\u0142o og\u00f3\u0142em ok. 130\u00a0000 t (w przybli\u017ceniu zawarto\u015b\u0107 260 poci\u0105g\u00f3w 50-wagonowych).<\/p>\n<\/div>\n\t\t<\/div><\/div><\/div><div id=\"pg-168-1\"  class=\"panel-grid panel-has-style\" ><div id=\"Pieczywo_zdjecia\" class=\"panel-row-style panel-row-style-for-168-1\" ><div id=\"pgc-168-1-0\"  class=\"panel-grid-cell\" ><div id=\"panel-168-1-0-0\" class=\"widget_text so-panel widget widget_custom_html panel-first-child panel-last-child\" data-index=\"1\" ><div class=\"textwidget custom-html-widget\">\n<div class=\"vp-portfolio vp-uid-f59b8db1 vp-id-621 \"\n\tdata-vp-layout=\"masonry\" data-vp-content-source=\"post-based\" data-vp-items-style=\"fade\" data-vp-items-click-action=\"url\" data-vp-items-gap=\"15\" data-vp-items-gap-vertical=\"\" data-vp-pagination=\"load-more\" data-vp-next-page-url=\"\" data-vp-masonry-columns=\"3\" >\n\t<div class=\"vp-portfolio__preloader-wrap\">\n\t\t<div class=\"vp-portfolio__preloader\">\n\t\t\t<img decoding=\"async\" loading=\"eager\" src=\"https:\/\/mwb.com.pl\/aprowizacja\/wp-content\/plugins\/visual-portfolio\/assets\/images\/logo-dark.svg\" alt=\"Wizualne portfolio, wpisy i galeria obrazk\u00f3w dla WordPressa\" width=\"20\" height=\"20\" data-skip-lazy>\n\t\t<\/div>\n\t<\/div>\n\t\t<div class=\"vp-portfolio__items-wrap\">\n\t\t\t\n<div class=\"vp-portfolio__items vp-portfolio__items-style-fade vp-portfolio__items-show-overlay-hover\">\n\n\t\t<article\t\tclass=\"vp-portfolio__item-wrap post-442 portfolio type-portfolio status-publish format-standard has-post-thumbnail hentry portfolio_category-pieczywo vp-portfolio__item-uid-37afd34d\" data-vp-filter=\"pieczywo\" \t\t>\n\t\t\t\t\t\t\t\t\t<figure class=\"vp-portfolio__item\">\n\t\t\t\t\n<div class=\"vp-portfolio__item-img-wrap\">\n\t<div class=\"vp-portfolio__item-img\">\n\t\t\t<a\n\t\thref=\"https:\/\/mwb.com.pl\/aprowizacja\/portfolio\/pieczywo-zdjecie-1\/\"\n\t\taria-label=\"Pieczywo &#8211; zdj\u0119cie 1\" \t>\n\t\n\t\t<noscript><img loading=\"lazy\" decoding=\"async\" width=\"600\" height=\"719\" data-skip-lazy src=\"https:\/\/mwb.com.pl\/aprowizacja\/wp-content\/uploads\/2020\/10\/Pieczywo1.jpg\" class=\"wp-image-443\" alt=\"Replika opakowania przedwojennych suchar\u00f3w, lata 30. XX w\" srcset=\"https:\/\/mwb.com.pl\/aprowizacja\/wp-content\/uploads\/2020\/10\/Pieczywo1.jpg 600w, https:\/\/mwb.com.pl\/aprowizacja\/wp-content\/uploads\/2020\/10\/Pieczywo1-250x300.jpg 250w, https:\/\/mwb.com.pl\/aprowizacja\/wp-content\/uploads\/2020\/10\/Pieczywo1-500x599.jpg 500w\" sizes=\"auto, (max-width: 600px) 100vw, 600px\" \/><\/noscript><img fetchpriority=\"high\" decoding=\"async\" width=\"600\" height=\"719\" src=\"https:\/\/mwb.com.pl\/aprowizacja\/wp-content\/uploads\/2020\/10\/Pieczywo1.jpg\" class=\"wp-image-443 vp-lazyload\" alt=\"Replika opakowania przedwojennych suchar\u00f3w, lata 30. XX w\" srcset=\"data:image\/svg+xml;base64,PHN2ZyB3aWR0aD0iNjAwIiBoZWlnaHQ9IjcxOSIgdmlld0JveD0iMCAwIDYwMCA3MTkiIGZpbGw9Im5vbmUiIHhtbG5zPSJodHRwOi8vd3d3LnczLm9yZy8yMDAwL3N2ZyI+PC9zdmc+\" data-src=\"https:\/\/mwb.com.pl\/aprowizacja\/wp-content\/uploads\/2020\/10\/Pieczywo1.jpg\" data-srcset=\"https:\/\/mwb.com.pl\/aprowizacja\/wp-content\/uploads\/2020\/10\/Pieczywo1.jpg 600w, https:\/\/mwb.com.pl\/aprowizacja\/wp-content\/uploads\/2020\/10\/Pieczywo1-250x300.jpg 250w, https:\/\/mwb.com.pl\/aprowizacja\/wp-content\/uploads\/2020\/10\/Pieczywo1-500x599.jpg 500w\" data-sizes=\"auto\" loading=\"eager\">\n\t\t<\/a>\t<\/div>\n<\/div>\n\t<figcaption class=\"vp-portfolio__item-overlay vp-portfolio__item-overlay-text-align-center\">\n\t\t<div class=\"vp-portfolio__item-meta-wrap vp-portfolio__custom-scrollbar\">\n\t\t\t\t<a\n\t\thref=\"https:\/\/mwb.com.pl\/aprowizacja\/portfolio\/pieczywo-zdjecie-1\/\"\n\t\ttabindex=\"-1\" class=\"vp-portfolio__item-meta\" aria-label=\"Pieczywo &#8211; zdj\u0119cie 1\" \t>\n\t\n<div class=\"vp-portfolio__item-meta-excerpt\">\n\t<div>\n\t\tReplika opakowania przedwojennych suchar\u00f3w, lata 30. XX w.\t<\/div>\n<\/div>\n<\/a>\t\t<\/div>\n\t<\/figcaption>\n\t\t\t<\/figure>\n\t\t\t\t\t<\/article>\n\t\t\n\t\t<article\t\tclass=\"vp-portfolio__item-wrap post-445 portfolio type-portfolio status-publish format-standard has-post-thumbnail hentry portfolio_category-pieczywo vp-portfolio__item-uid-a9cb46ee\" data-vp-filter=\"pieczywo\" \t\t>\n\t\t\t\t\t\t\t\t\t<figure class=\"vp-portfolio__item\">\n\t\t\t\t\n<div class=\"vp-portfolio__item-img-wrap\">\n\t<div class=\"vp-portfolio__item-img\">\n\t\t\t<a\n\t\thref=\"https:\/\/mwb.com.pl\/aprowizacja\/portfolio\/pieczywo-zdjecie-2\/\"\n\t\taria-label=\"Pieczywo &#8211; zdj\u0119cie 2\" \t>\n\t\n\t\t<noscript><img loading=\"lazy\" decoding=\"async\" width=\"799\" height=\"600\" data-skip-lazy src=\"https:\/\/mwb.com.pl\/aprowizacja\/wp-content\/uploads\/2020\/10\/Pieczywo2.jpg\" class=\"wp-image-446\" alt=\"Replika woreczka na suchary, lata 30. XX w\" srcset=\"https:\/\/mwb.com.pl\/aprowizacja\/wp-content\/uploads\/2020\/10\/Pieczywo2.jpg 799w, https:\/\/mwb.com.pl\/aprowizacja\/wp-content\/uploads\/2020\/10\/Pieczywo2-300x225.jpg 300w, https:\/\/mwb.com.pl\/aprowizacja\/wp-content\/uploads\/2020\/10\/Pieczywo2-768x577.jpg 768w, https:\/\/mwb.com.pl\/aprowizacja\/wp-content\/uploads\/2020\/10\/Pieczywo2-500x375.jpg 500w\" sizes=\"auto, (max-width: 799px) 100vw, 799px\" \/><\/noscript><img decoding=\"async\" width=\"799\" height=\"600\" src=\"https:\/\/mwb.com.pl\/aprowizacja\/wp-content\/uploads\/2020\/10\/Pieczywo2.jpg\" class=\"wp-image-446 vp-lazyload\" alt=\"Replika woreczka na suchary, lata 30. XX w\" srcset=\"data:image\/svg+xml;base64,PHN2ZyB3aWR0aD0iNzk5IiBoZWlnaHQ9IjYwMCIgdmlld0JveD0iMCAwIDc5OSA2MDAiIGZpbGw9Im5vbmUiIHhtbG5zPSJodHRwOi8vd3d3LnczLm9yZy8yMDAwL3N2ZyI+PC9zdmc+\" data-src=\"https:\/\/mwb.com.pl\/aprowizacja\/wp-content\/uploads\/2020\/10\/Pieczywo2.jpg\" data-srcset=\"https:\/\/mwb.com.pl\/aprowizacja\/wp-content\/uploads\/2020\/10\/Pieczywo2.jpg 799w, https:\/\/mwb.com.pl\/aprowizacja\/wp-content\/uploads\/2020\/10\/Pieczywo2-300x225.jpg 300w, https:\/\/mwb.com.pl\/aprowizacja\/wp-content\/uploads\/2020\/10\/Pieczywo2-768x577.jpg 768w, https:\/\/mwb.com.pl\/aprowizacja\/wp-content\/uploads\/2020\/10\/Pieczywo2-500x375.jpg 500w\" data-sizes=\"auto\" loading=\"eager\">\n\t\t<\/a>\t<\/div>\n<\/div>\n\t<figcaption class=\"vp-portfolio__item-overlay vp-portfolio__item-overlay-text-align-center\">\n\t\t<div class=\"vp-portfolio__item-meta-wrap vp-portfolio__custom-scrollbar\">\n\t\t\t\t<a\n\t\thref=\"https:\/\/mwb.com.pl\/aprowizacja\/portfolio\/pieczywo-zdjecie-2\/\"\n\t\ttabindex=\"-1\" class=\"vp-portfolio__item-meta\" aria-label=\"Pieczywo &#8211; zdj\u0119cie 2\" \t>\n\t\n<div class=\"vp-portfolio__item-meta-excerpt\">\n\t<div>\n\t\tReplika woreczka na suchary, lata 30. XX w.\t<\/div>\n<\/div>\n<\/a>\t\t<\/div>\n\t<\/figcaption>\n\t\t\t<\/figure>\n\t\t\t\t\t<\/article>\n\t\t\n\t\t<article\t\tclass=\"vp-portfolio__item-wrap post-448 portfolio type-portfolio status-publish format-standard has-post-thumbnail hentry portfolio_category-pieczywo vp-portfolio__item-uid-d77a3a53\" data-vp-filter=\"pieczywo\" \t\t>\n\t\t\t\t\t\t\t\t\t<figure class=\"vp-portfolio__item\">\n\t\t\t\t\n<div class=\"vp-portfolio__item-img-wrap\">\n\t<div class=\"vp-portfolio__item-img\">\n\t\t\t<a\n\t\thref=\"https:\/\/mwb.com.pl\/aprowizacja\/portfolio\/pieczywo-zdjecie-3\/\"\n\t\taria-label=\"Pieczywo &#8211; zdj\u0119cie 3\" \t>\n\t\n\t\t<noscript><img loading=\"lazy\" decoding=\"async\" width=\"799\" height=\"600\" data-skip-lazy src=\"https:\/\/mwb.com.pl\/aprowizacja\/wp-content\/uploads\/2020\/10\/Pieczywo3.jpg\" class=\"wp-image-449\" alt=\"Skrzynia na 300 suchar\u00f3w wojskowych z piekarni sucharowej przy Sk\u0142adnicy Materia\u0142u Intendenckiego w Krakowie, 1933 r.\" srcset=\"https:\/\/mwb.com.pl\/aprowizacja\/wp-content\/uploads\/2020\/10\/Pieczywo3.jpg 799w, https:\/\/mwb.com.pl\/aprowizacja\/wp-content\/uploads\/2020\/10\/Pieczywo3-300x225.jpg 300w, https:\/\/mwb.com.pl\/aprowizacja\/wp-content\/uploads\/2020\/10\/Pieczywo3-768x577.jpg 768w, https:\/\/mwb.com.pl\/aprowizacja\/wp-content\/uploads\/2020\/10\/Pieczywo3-500x375.jpg 500w\" sizes=\"auto, (max-width: 799px) 100vw, 799px\" \/><\/noscript><img decoding=\"async\" width=\"799\" height=\"600\" src=\"https:\/\/mwb.com.pl\/aprowizacja\/wp-content\/uploads\/2020\/10\/Pieczywo3.jpg\" class=\"wp-image-449 vp-lazyload\" alt=\"Skrzynia na 300 suchar\u00f3w wojskowych z piekarni sucharowej przy Sk\u0142adnicy Materia\u0142u Intendenckiego w Krakowie, 1933 r.\" srcset=\"data:image\/svg+xml;base64,PHN2ZyB3aWR0aD0iNzk5IiBoZWlnaHQ9IjYwMCIgdmlld0JveD0iMCAwIDc5OSA2MDAiIGZpbGw9Im5vbmUiIHhtbG5zPSJodHRwOi8vd3d3LnczLm9yZy8yMDAwL3N2ZyI+PC9zdmc+\" data-src=\"https:\/\/mwb.com.pl\/aprowizacja\/wp-content\/uploads\/2020\/10\/Pieczywo3.jpg\" data-srcset=\"https:\/\/mwb.com.pl\/aprowizacja\/wp-content\/uploads\/2020\/10\/Pieczywo3.jpg 799w, https:\/\/mwb.com.pl\/aprowizacja\/wp-content\/uploads\/2020\/10\/Pieczywo3-300x225.jpg 300w, https:\/\/mwb.com.pl\/aprowizacja\/wp-content\/uploads\/2020\/10\/Pieczywo3-768x577.jpg 768w, https:\/\/mwb.com.pl\/aprowizacja\/wp-content\/uploads\/2020\/10\/Pieczywo3-500x375.jpg 500w\" data-sizes=\"auto\" loading=\"eager\">\n\t\t<\/a>\t<\/div>\n<\/div>\n\t<figcaption class=\"vp-portfolio__item-overlay vp-portfolio__item-overlay-text-align-center\">\n\t\t<div class=\"vp-portfolio__item-meta-wrap vp-portfolio__custom-scrollbar\">\n\t\t\t\t<a\n\t\thref=\"https:\/\/mwb.com.pl\/aprowizacja\/portfolio\/pieczywo-zdjecie-3\/\"\n\t\ttabindex=\"-1\" class=\"vp-portfolio__item-meta\" aria-label=\"Pieczywo &#8211; zdj\u0119cie 3\" \t>\n\t\n<div class=\"vp-portfolio__item-meta-excerpt\">\n\t<div>\n\t\tSkrzynia na 300 suchar\u00f3w wojskowych z piekarni sucharowej przy Sk\u0142adnicy Materia\u0142u Intendenckiego w Krakowie, 1933...\t<\/div>\n<\/div>\n<\/a>\t\t<\/div>\n\t<\/figcaption>\n\t\t\t<\/figure>\n\t\t\t\t\t<\/article>\n\t\t\n\t\t<article\t\tclass=\"vp-portfolio__item-wrap post-451 portfolio type-portfolio status-publish format-standard has-post-thumbnail hentry portfolio_category-pieczywo vp-portfolio__item-uid-b7bdb3b6\" data-vp-filter=\"pieczywo\" \t\t>\n\t\t\t\t\t\t\t\t\t<figure class=\"vp-portfolio__item\">\n\t\t\t\t\n<div class=\"vp-portfolio__item-img-wrap\">\n\t<div class=\"vp-portfolio__item-img\">\n\t\t\t<a\n\t\thref=\"https:\/\/mwb.com.pl\/aprowizacja\/portfolio\/pieczywo-zdjecie-4\/\"\n\t\taria-label=\"Pieczywo &#8211; zdj\u0119cie 4\" \t>\n\t\n\t\t<noscript><img loading=\"lazy\" decoding=\"async\" width=\"738\" height=\"600\" data-skip-lazy src=\"https:\/\/mwb.com.pl\/aprowizacja\/wp-content\/uploads\/2020\/10\/Pieczywo4.jpg\" class=\"wp-image-452\" alt=\"Opis zawarto\u015bci skrzyni, 1933 r.\" srcset=\"https:\/\/mwb.com.pl\/aprowizacja\/wp-content\/uploads\/2020\/10\/Pieczywo4.jpg 738w, https:\/\/mwb.com.pl\/aprowizacja\/wp-content\/uploads\/2020\/10\/Pieczywo4-300x244.jpg 300w, https:\/\/mwb.com.pl\/aprowizacja\/wp-content\/uploads\/2020\/10\/Pieczywo4-500x407.jpg 500w\" sizes=\"auto, (max-width: 738px) 100vw, 738px\" \/><\/noscript><img decoding=\"async\" width=\"738\" height=\"600\" src=\"https:\/\/mwb.com.pl\/aprowizacja\/wp-content\/uploads\/2020\/10\/Pieczywo4.jpg\" class=\"wp-image-452 vp-lazyload\" alt=\"Opis zawarto\u015bci skrzyni, 1933 r.\" srcset=\"data:image\/svg+xml;base64,PHN2ZyB3aWR0aD0iNzM4IiBoZWlnaHQ9IjYwMCIgdmlld0JveD0iMCAwIDczOCA2MDAiIGZpbGw9Im5vbmUiIHhtbG5zPSJodHRwOi8vd3d3LnczLm9yZy8yMDAwL3N2ZyI+PC9zdmc+\" data-src=\"https:\/\/mwb.com.pl\/aprowizacja\/wp-content\/uploads\/2020\/10\/Pieczywo4.jpg\" data-srcset=\"https:\/\/mwb.com.pl\/aprowizacja\/wp-content\/uploads\/2020\/10\/Pieczywo4.jpg 738w, https:\/\/mwb.com.pl\/aprowizacja\/wp-content\/uploads\/2020\/10\/Pieczywo4-300x244.jpg 300w, https:\/\/mwb.com.pl\/aprowizacja\/wp-content\/uploads\/2020\/10\/Pieczywo4-500x407.jpg 500w\" data-sizes=\"auto\" loading=\"eager\">\n\t\t<\/a>\t<\/div>\n<\/div>\n\t<figcaption class=\"vp-portfolio__item-overlay vp-portfolio__item-overlay-text-align-center\">\n\t\t<div class=\"vp-portfolio__item-meta-wrap vp-portfolio__custom-scrollbar\">\n\t\t\t\t<a\n\t\thref=\"https:\/\/mwb.com.pl\/aprowizacja\/portfolio\/pieczywo-zdjecie-4\/\"\n\t\ttabindex=\"-1\" class=\"vp-portfolio__item-meta\" aria-label=\"Pieczywo &#8211; zdj\u0119cie 4\" \t>\n\t\n<div class=\"vp-portfolio__item-meta-excerpt\">\n\t<div>\n\t\tOpis zawarto\u015bci skrzyni, 1933 r.\t<\/div>\n<\/div>\n<\/a>\t\t<\/div>\n\t<\/figcaption>\n\t\t\t<\/figure>\n\t\t\t\t\t<\/article>\n\t\t\n<\/div>\n\t\t<\/div>\n\t\t\t\t<div class=\"vp-portfolio__layout-elements vp-portfolio__layout-elements-bottom vp-portfolio__layout-elements-align-center\">\n\t\t\t\t<div class=\"vp-portfolio__pagination-wrap\">\n\t\t\n<div class=\"vp-pagination vp-pagination__no-more vp-pagination__style-minimal\" data-vp-pagination-type=\"load-more\">\n\t<div class=\"vp-pagination__item\">\n\t\t<a class=\"vp-pagination__load-more\" href=\"\">\n\t\t\t<span>Wi\u0119cej<\/span>\n\t\t\t<span class=\"vp-pagination__load-more-loading\"><span class=\"vp-spinner\"><\/span><span class=\"vp-screen-reader-text\"> Wi\u0119cej...<\/span><\/span>\n\t\t\t<span class=\"vp-pagination__load-more-no-more\">Koniec<\/span>\n\t\t<\/a>\n\t<\/div>\n<\/div>\n\t\t<\/div>\n\t\t\t\t<\/div>\n\t\t\n<\/div>\n<\/div><\/div><\/div><\/div><\/div><\/div>","protected":false},"excerpt":{"rendered":"<p class=\"excerpt\">Chleb i suchary Chleb Wypiek chleba dokonywany by\u0142 w piekarniach wojskowych, kt\u00f3re pokrywa\u0142y 70% zaopatrzenia. Reszta wypieku powierzona by\u0142a przedsi\u0119biorcom prywatnym na podstawie um\u00f3w \u2013 powodem takiego stanu rzeczy by\u0142a niewystarczaj\u0105ca ilo\u015b\u0107 piekar\u0144 oraz nieop\u0142acalno\u015b\u0107 dowozu do odleg\u0142ych garnizon\u00f3w. \u0141\u0105cznie wojsko posiada\u0142o 33 piekarnie mieszcz\u0105ce si\u0119 w: Baranowiczach, Bia\u0142ymstoku, Warszawie, Lublinie, Kowlu, Che\u0142mie, Wilnie, Grodnie, [&hellip;]<\/p>\n","protected":false},"author":1,"featured_media":0,"parent":0,"menu_order":0,"comment_status":"closed","ping_status":"closed","template":"","meta":{"_vp_format_video_url":"","_vp_image_focal_point":[],"footnotes":""},"class_list":["post-168","page","type-page","status-publish","hentry"],"_links":{"self":[{"href":"https:\/\/mwb.com.pl\/aprowizacja\/wp-json\/wp\/v2\/pages\/168","targetHints":{"allow":["GET"]}}],"collection":[{"href":"https:\/\/mwb.com.pl\/aprowizacja\/wp-json\/wp\/v2\/pages"}],"about":[{"href":"https:\/\/mwb.com.pl\/aprowizacja\/wp-json\/wp\/v2\/types\/page"}],"author":[{"embeddable":true,"href":"https:\/\/mwb.com.pl\/aprowizacja\/wp-json\/wp\/v2\/users\/1"}],"replies":[{"embeddable":true,"href":"https:\/\/mwb.com.pl\/aprowizacja\/wp-json\/wp\/v2\/comments?post=168"}],"version-history":[{"count":3,"href":"https:\/\/mwb.com.pl\/aprowizacja\/wp-json\/wp\/v2\/pages\/168\/revisions"}],"predecessor-version":[{"id":625,"href":"https:\/\/mwb.com.pl\/aprowizacja\/wp-json\/wp\/v2\/pages\/168\/revisions\/625"}],"wp:attachment":[{"href":"https:\/\/mwb.com.pl\/aprowizacja\/wp-json\/wp\/v2\/media?parent=168"}],"curies":[{"name":"wp","href":"https:\/\/api.w.org\/{rel}","templated":true}]}}