{"id":166,"date":"2020-10-22T08:53:09","date_gmt":"2020-10-22T06:53:09","guid":{"rendered":"https:\/\/mwb.com.pl\/aprowizacja\/?page_id=166"},"modified":"2020-10-26T14:28:58","modified_gmt":"2020-10-26T13:28:58","slug":"niemcy","status":"publish","type":"page","link":"https:\/\/mwb.com.pl\/aprowizacja\/niemcy\/","title":{"rendered":"Niemcy"},"content":{"rendered":"<div id=\"pl-166\"  class=\"panel-layout\" ><div id=\"pg-166-0\"  class=\"panel-grid panel-no-style\" ><div id=\"pgc-166-0-0\"  class=\"panel-grid-cell\" ><div id=\"panel-166-0-0-0\" class=\"so-panel widget widget_text panel-first-child panel-last-child\" data-index=\"0\" ><h3 class=\"widget-title\">Niemcy<\/h3>\t\t\t<div class=\"textwidget\"><p>Przed wojn\u0105 francusko-prusk\u0105 1870 \u2013 1871 nie istnia\u0142a jeszcze, jako taka, standardowa racja \u017cywno\u015bciowa.\u00a0 Walcz\u0105cym \u017co\u0142nierzom pruskim wydawano jednak prowiant obejmuj\u0105cy: plastry bekonu, suszon\u0105 fasol\u0119, twardy chleb, ser, s\u00f3l, cukier i drobne ilo\u015bci kawy. Zapasy te \u017co\u0142nierz mia\u0142 nosi\u0107 ze sob\u0105 w czasie walki, podczas kt\u00f3rej regularne zaopatrzenie by\u0142oby niemo\u017cliwe. Po wojnie grupa badawcza Armii Kr\u00f3lestwa Prus poszukuj\u0105ca standardowego trwa\u0142ego produktu \u017cywno\u015bciowego natkn\u0119\u0142a si\u0119 na patent na prasowan\u0105 zup\u0119 <em>Erbswurst<\/em> (dos\u0142. kie\u0142basa grochowa). <em>Erbswurst<\/em> nie jest kie\u0142bas\u0105 <em>per se<\/em>. Jest to rolka w kszta\u0142cie kie\u0142basy wy\u0142o\u017cona foli\u0105 lub papierem woskowanym, kt\u00f3ra zawiera 6 tabletek sprasowanej zupy grochowej. W jej sk\u0142ad wchodz\u0105 mielony groszek, boczek i przyprawy. Ka\u017cda z tabletek by\u0142a rozrabiana w 0,4-litrowej porcji wody i gotowana przez kr\u00f3tki czas w celu uzyskania po\u017cywnej zupy. Wraz z nimi wydawano twarde biszkopty (<em>hartkeks<\/em>) oraz okazjonalnie konserwy mi\u0119sne. W 1888 roku cesarska komisja odpowiedzialna za wyposa\u017cenie i racje \u017cywno\u015bciowe dokona\u0142a przegl\u0105du istniej\u0105cych zapas\u00f3w. Efektem jej pracy by\u0142o opracowanie indywidualnej racji \u017cywno\u015bciowej, lepiej dostosowanej do d\u0142ugotrwa\u0142ego spo\u017cycia i upodoba\u0144 \u017co\u0142nierzy. W rekomendacji komisji znalaz\u0142y si\u0119 produkty u\u017cywane a\u017c do I wojny \u015bwiatowej:<\/p>\n<p>&#8211; 130 g <em>Erbswurstu<\/em> (dwie sztuki),<\/p>\n<p>&#8211; 125 g twardego chleba (dwa bochenki),<\/p>\n<p>&#8211; 150 g boczku,<\/p>\n<p>&#8211; 25 g kawy lub 3 g herbaty,<\/p>\n<p>&#8211; 25 g cukru,<\/p>\n<p>&#8211; 25 g soli.<\/p>\n<p><strong>Racja dzienna z 1914 roku<\/strong><br \/>\n&#8211; 750 g chleba lub 500 g herbatnika polowego, lub 400 g herbatnika jajecznego,<\/p>\n<p>&#8211; 375 g \u015bwie\u017cego lub mro\u017conego mi\u0119sa, lub 200 g konserwowanego mi\u0119sa,<\/p>\n<p>&#8211; 1500 g ziemniak\u00f3w lub 125-250 g warzyw, lub 60 g suszonych warzyw, lub 600 g mieszanki ziemniak\u00f3w i suszonych warzyw,<\/p>\n<p>&#8211; 25 g kawy lub 3 g herbaty,<\/p>\n<p>&#8211; 20 g cukru,<\/p>\n<p>&#8211; 25 g soli,<\/p>\n<p>&#8211; dwa cygara i dwa papierosy lub 28,3 g tytoniu fajkowego, lub 25,5 g tytoniu do \u017cucia, lub 42,5 g tabaki,<\/p>\n<p>&#8211; wed\u0142ug uznania dow\u00f3dcy: 0,17 kufla w\u00f3dki, 0,44 kufla wina, 0,88 kufla piwa.<\/p>\n<p>W czasie wojny racje mi\u0119sa by\u0142y stopniowo zmniejszane, a od czerwca 1916 roku wprowadzano jeden bezmi\u0119sny dzie\u0144 w tygodniu. Pod koniec tego roku na racje mi\u0119sne sk\u0142ada\u0142o si\u0119 250 g \u015bwie\u017cego mi\u0119sa lub 150 g konserw, lub 200 g \u015bwie\u017cego mi\u0119sa dla personelu pomocniczego i szkoleniowego. W tym samym czasie racja cukru wynosi\u0142a zaledwie 17 g.<\/p>\n<p><strong>\u017belazna racja<\/strong><br \/>\n&#8211; 250 g suchar\u00f3w,<\/p>\n<p>&#8211; 200 g konserwowanego mi\u0119sa lub 170 g boczku,<\/p>\n<p>&#8211; 150 g konserwowanych warzyw,<\/p>\n<p>&#8211; 25 g kawy,<\/p>\n<p>&#8211; 25 g soli.<\/p>\n<\/div>\n\t\t<\/div><\/div><\/div><div id=\"pg-166-1\"  class=\"panel-grid panel-has-style\" ><div id=\"Niemcyi_zdjecia\" class=\"panel-row-style panel-row-style-for-166-1\" ><div id=\"pgc-166-1-0\"  class=\"panel-grid-cell\" ><div id=\"panel-166-1-0-0\" class=\"widget_text so-panel widget widget_custom_html panel-first-child panel-last-child\" data-index=\"1\" ><div class=\"textwidget custom-html-widget\">\n<div class=\"vp-portfolio vp-uid-d9db1a6b vp-id-615 \"\n\tdata-vp-layout=\"masonry\" data-vp-content-source=\"post-based\" data-vp-items-style=\"fade\" data-vp-items-click-action=\"url\" data-vp-items-gap=\"15\" data-vp-items-gap-vertical=\"\" data-vp-pagination=\"load-more\" data-vp-next-page-url=\"\" data-vp-masonry-columns=\"3\" >\n\t<div class=\"vp-portfolio__preloader-wrap\">\n\t\t<div class=\"vp-portfolio__preloader\">\n\t\t\t<img decoding=\"async\" loading=\"eager\" src=\"https:\/\/mwb.com.pl\/aprowizacja\/wp-content\/plugins\/visual-portfolio\/assets\/images\/logo-dark.svg\" alt=\"Wizualne portfolio, wpisy i galeria obrazk\u00f3w dla WordPressa\" width=\"20\" height=\"20\" data-skip-lazy>\n\t\t<\/div>\n\t<\/div>\n\t\t<div class=\"vp-portfolio__items-wrap\">\n\t\t\t\n<div class=\"vp-portfolio__items vp-portfolio__items-style-fade vp-portfolio__items-show-overlay-hover\">\n\n\t\t<article\t\tclass=\"vp-portfolio__item-wrap post-426 portfolio type-portfolio status-publish format-standard has-post-thumbnail hentry portfolio_category-niemcyi vp-portfolio__item-uid-6698b0d2\" data-vp-filter=\"niemcyi\" \t\t>\n\t\t\t\t\t\t\t\t\t<figure class=\"vp-portfolio__item\">\n\t\t\t\t\n<div class=\"vp-portfolio__item-img-wrap\">\n\t<div class=\"vp-portfolio__item-img\">\n\t\t\t<a\n\t\thref=\"https:\/\/mwb.com.pl\/aprowizacja\/portfolio\/niemcy-i-zdjecie-1\/\"\n\t\taria-label=\"Niemcy I &#8211; zdj\u0119cie 1\" \t>\n\t\n\t\t<noscript><img loading=\"lazy\" decoding=\"async\" width=\"927\" height=\"600\" data-skip-lazy src=\"https:\/\/mwb.com.pl\/aprowizacja\/wp-content\/uploads\/2020\/10\/NiemcyI1.jpg\" class=\"wp-image-427\" alt=\"Wydawanie chleba rosyjskim je\u0144com, Augustowo 1915 r. (MWB\/D\/52)\" srcset=\"https:\/\/mwb.com.pl\/aprowizacja\/wp-content\/uploads\/2020\/10\/NiemcyI1.jpg 927w, https:\/\/mwb.com.pl\/aprowizacja\/wp-content\/uploads\/2020\/10\/NiemcyI1-300x194.jpg 300w, https:\/\/mwb.com.pl\/aprowizacja\/wp-content\/uploads\/2020\/10\/NiemcyI1-768x497.jpg 768w, https:\/\/mwb.com.pl\/aprowizacja\/wp-content\/uploads\/2020\/10\/NiemcyI1-500x324.jpg 500w, https:\/\/mwb.com.pl\/aprowizacja\/wp-content\/uploads\/2020\/10\/NiemcyI1-800x518.jpg 800w\" sizes=\"auto, (max-width: 927px) 100vw, 927px\" \/><\/noscript><img fetchpriority=\"high\" decoding=\"async\" width=\"927\" height=\"600\" src=\"https:\/\/mwb.com.pl\/aprowizacja\/wp-content\/uploads\/2020\/10\/NiemcyI1.jpg\" class=\"wp-image-427 vp-lazyload\" alt=\"Wydawanie chleba rosyjskim je\u0144com, Augustowo 1915 r. (MWB\/D\/52)\" srcset=\"data:image\/svg+xml;base64,PHN2ZyB3aWR0aD0iOTI3IiBoZWlnaHQ9IjYwMCIgdmlld0JveD0iMCAwIDkyNyA2MDAiIGZpbGw9Im5vbmUiIHhtbG5zPSJodHRwOi8vd3d3LnczLm9yZy8yMDAwL3N2ZyI+PC9zdmc+\" data-src=\"https:\/\/mwb.com.pl\/aprowizacja\/wp-content\/uploads\/2020\/10\/NiemcyI1.jpg\" data-srcset=\"https:\/\/mwb.com.pl\/aprowizacja\/wp-content\/uploads\/2020\/10\/NiemcyI1.jpg 927w, https:\/\/mwb.com.pl\/aprowizacja\/wp-content\/uploads\/2020\/10\/NiemcyI1-300x194.jpg 300w, https:\/\/mwb.com.pl\/aprowizacja\/wp-content\/uploads\/2020\/10\/NiemcyI1-768x497.jpg 768w, https:\/\/mwb.com.pl\/aprowizacja\/wp-content\/uploads\/2020\/10\/NiemcyI1-500x324.jpg 500w, https:\/\/mwb.com.pl\/aprowizacja\/wp-content\/uploads\/2020\/10\/NiemcyI1-800x518.jpg 800w\" data-sizes=\"auto\" loading=\"eager\">\n\t\t<\/a>\t<\/div>\n<\/div>\n\t<figcaption class=\"vp-portfolio__item-overlay vp-portfolio__item-overlay-text-align-center\">\n\t\t<div class=\"vp-portfolio__item-meta-wrap vp-portfolio__custom-scrollbar\">\n\t\t\t\t<a\n\t\thref=\"https:\/\/mwb.com.pl\/aprowizacja\/portfolio\/niemcy-i-zdjecie-1\/\"\n\t\ttabindex=\"-1\" class=\"vp-portfolio__item-meta\" aria-label=\"Niemcy I &#8211; zdj\u0119cie 1\" \t>\n\t\n<div class=\"vp-portfolio__item-meta-excerpt\">\n\t<div>\n\t\tWydawanie chleba rosyjskim je\u0144com, Augustowo 1915 r. (MWB\/D\/52)\t<\/div>\n<\/div>\n<\/a>\t\t<\/div>\n\t<\/figcaption>\n\t\t\t<\/figure>\n\t\t\t\t\t<\/article>\n\t\t\n\t\t<article\t\tclass=\"vp-portfolio__item-wrap post-438 portfolio type-portfolio status-publish format-standard has-post-thumbnail hentry portfolio_category-niemcyi vp-portfolio__item-uid-983bac94\" data-vp-filter=\"niemcyi\" \t\t>\n\t\t\t\t\t\t\t\t\t<figure class=\"vp-portfolio__item\">\n\t\t\t\t\n<div class=\"vp-portfolio__item-img-wrap\">\n\t<div class=\"vp-portfolio__item-img\">\n\t\t\t<a\n\t\thref=\"https:\/\/mwb.com.pl\/aprowizacja\/portfolio\/niemcy-i-zdjecie-5\/\"\n\t\taria-label=\"Niemcy I &#8211; zdj\u0119cie 5\" \t>\n\t\n\t\t<noscript><img loading=\"lazy\" decoding=\"async\" width=\"600\" height=\"900\" data-skip-lazy src=\"https:\/\/mwb.com.pl\/aprowizacja\/wp-content\/uploads\/2020\/10\/NiemcyI5.jpg\" class=\"wp-image-439\" alt=\"Niemiecki ekwipunek z okresu I wojny \u015awiatowej (mena\u017cka M 1915\/17, manierka M 1915 oraz kubek M 1916)\" srcset=\"https:\/\/mwb.com.pl\/aprowizacja\/wp-content\/uploads\/2020\/10\/NiemcyI5.jpg 600w, https:\/\/mwb.com.pl\/aprowizacja\/wp-content\/uploads\/2020\/10\/NiemcyI5-200x300.jpg 200w, https:\/\/mwb.com.pl\/aprowizacja\/wp-content\/uploads\/2020\/10\/NiemcyI5-500x750.jpg 500w\" sizes=\"auto, (max-width: 600px) 100vw, 600px\" \/><\/noscript><img decoding=\"async\" width=\"600\" height=\"900\" src=\"https:\/\/mwb.com.pl\/aprowizacja\/wp-content\/uploads\/2020\/10\/NiemcyI5.jpg\" class=\"wp-image-439 vp-lazyload\" alt=\"Niemiecki ekwipunek z okresu I wojny \u015awiatowej (mena\u017cka M 1915\/17, manierka M 1915 oraz kubek M 1916)\" srcset=\"data:image\/svg+xml;base64,PHN2ZyB3aWR0aD0iNjAwIiBoZWlnaHQ9IjkwMCIgdmlld0JveD0iMCAwIDYwMCA5MDAiIGZpbGw9Im5vbmUiIHhtbG5zPSJodHRwOi8vd3d3LnczLm9yZy8yMDAwL3N2ZyI+PC9zdmc+\" data-src=\"https:\/\/mwb.com.pl\/aprowizacja\/wp-content\/uploads\/2020\/10\/NiemcyI5.jpg\" data-srcset=\"https:\/\/mwb.com.pl\/aprowizacja\/wp-content\/uploads\/2020\/10\/NiemcyI5.jpg 600w, https:\/\/mwb.com.pl\/aprowizacja\/wp-content\/uploads\/2020\/10\/NiemcyI5-200x300.jpg 200w, https:\/\/mwb.com.pl\/aprowizacja\/wp-content\/uploads\/2020\/10\/NiemcyI5-500x750.jpg 500w\" data-sizes=\"auto\" loading=\"eager\">\n\t\t<\/a>\t<\/div>\n<\/div>\n\t<figcaption class=\"vp-portfolio__item-overlay vp-portfolio__item-overlay-text-align-center\">\n\t\t<div class=\"vp-portfolio__item-meta-wrap vp-portfolio__custom-scrollbar\">\n\t\t\t\t<a\n\t\thref=\"https:\/\/mwb.com.pl\/aprowizacja\/portfolio\/niemcy-i-zdjecie-5\/\"\n\t\ttabindex=\"-1\" class=\"vp-portfolio__item-meta\" aria-label=\"Niemcy I &#8211; zdj\u0119cie 5\" \t>\n\t\n<div class=\"vp-portfolio__item-meta-excerpt\">\n\t<div>\n\t\tNiemiecki ekwipunek z okresu I wojny \u015awiatowej (mena\u017cka M 1915\/17, manierka M 1915 oraz kubek...\t<\/div>\n<\/div>\n<\/a>\t\t<\/div>\n\t<\/figcaption>\n\t\t\t<\/figure>\n\t\t\t\t\t<\/article>\n\t\t\n\t\t<article\t\tclass=\"vp-portfolio__item-wrap post-429 portfolio type-portfolio status-publish format-standard has-post-thumbnail hentry portfolio_category-niemcyi vp-portfolio__item-uid-f627ad43\" data-vp-filter=\"niemcyi\" \t\t>\n\t\t\t\t\t\t\t\t\t<figure class=\"vp-portfolio__item\">\n\t\t\t\t\n<div class=\"vp-portfolio__item-img-wrap\">\n\t<div class=\"vp-portfolio__item-img\">\n\t\t\t<a\n\t\thref=\"https:\/\/mwb.com.pl\/aprowizacja\/portfolio\/niemcy-i-zdjecie-2\/\"\n\t\taria-label=\"Niemcy I &#8211; zdj\u0119cie 2\" \t>\n\t\n\t\t<noscript><img loading=\"lazy\" decoding=\"async\" width=\"600\" height=\"926\" data-skip-lazy src=\"https:\/\/mwb.com.pl\/aprowizacja\/wp-content\/uploads\/2020\/10\/NiemcyI2.jpg\" class=\"wp-image-430\" alt=\"Niemiecka rze\u017ania polowa, I wojna \u015bwiatowa (MWB\/D\/53)\" srcset=\"https:\/\/mwb.com.pl\/aprowizacja\/wp-content\/uploads\/2020\/10\/NiemcyI2.jpg 600w, https:\/\/mwb.com.pl\/aprowizacja\/wp-content\/uploads\/2020\/10\/NiemcyI2-194x300.jpg 194w, https:\/\/mwb.com.pl\/aprowizacja\/wp-content\/uploads\/2020\/10\/NiemcyI2-500x772.jpg 500w\" sizes=\"auto, (max-width: 600px) 100vw, 600px\" \/><\/noscript><img decoding=\"async\" width=\"600\" height=\"926\" src=\"https:\/\/mwb.com.pl\/aprowizacja\/wp-content\/uploads\/2020\/10\/NiemcyI2.jpg\" class=\"wp-image-430 vp-lazyload\" alt=\"Niemiecka rze\u017ania polowa, I wojna \u015bwiatowa (MWB\/D\/53)\" srcset=\"data:image\/svg+xml;base64,PHN2ZyB3aWR0aD0iNjAwIiBoZWlnaHQ9IjkyNiIgdmlld0JveD0iMCAwIDYwMCA5MjYiIGZpbGw9Im5vbmUiIHhtbG5zPSJodHRwOi8vd3d3LnczLm9yZy8yMDAwL3N2ZyI+PC9zdmc+\" data-src=\"https:\/\/mwb.com.pl\/aprowizacja\/wp-content\/uploads\/2020\/10\/NiemcyI2.jpg\" data-srcset=\"https:\/\/mwb.com.pl\/aprowizacja\/wp-content\/uploads\/2020\/10\/NiemcyI2.jpg 600w, https:\/\/mwb.com.pl\/aprowizacja\/wp-content\/uploads\/2020\/10\/NiemcyI2-194x300.jpg 194w, https:\/\/mwb.com.pl\/aprowizacja\/wp-content\/uploads\/2020\/10\/NiemcyI2-500x772.jpg 500w\" data-sizes=\"auto\" loading=\"eager\">\n\t\t<\/a>\t<\/div>\n<\/div>\n\t<figcaption class=\"vp-portfolio__item-overlay vp-portfolio__item-overlay-text-align-center\">\n\t\t<div class=\"vp-portfolio__item-meta-wrap vp-portfolio__custom-scrollbar\">\n\t\t\t\t<a\n\t\thref=\"https:\/\/mwb.com.pl\/aprowizacja\/portfolio\/niemcy-i-zdjecie-2\/\"\n\t\ttabindex=\"-1\" class=\"vp-portfolio__item-meta\" aria-label=\"Niemcy I &#8211; zdj\u0119cie 2\" \t>\n\t\n<div class=\"vp-portfolio__item-meta-excerpt\">\n\t<div>\n\t\tNiemiecka rze\u017ania polowa, I wojna \u015bwiatowa (MWB\/D\/53)\t<\/div>\n<\/div>\n<\/a>\t\t<\/div>\n\t<\/figcaption>\n\t\t\t<\/figure>\n\t\t\t\t\t<\/article>\n\t\t\n\t\t<article\t\tclass=\"vp-portfolio__item-wrap post-432 portfolio type-portfolio status-publish format-standard has-post-thumbnail hentry portfolio_category-niemcyi vp-portfolio__item-uid-78ee458a\" data-vp-filter=\"niemcyi\" \t\t>\n\t\t\t\t\t\t\t\t\t<figure class=\"vp-portfolio__item\">\n\t\t\t\t\n<div class=\"vp-portfolio__item-img-wrap\">\n\t<div class=\"vp-portfolio__item-img\">\n\t\t\t<a\n\t\thref=\"https:\/\/mwb.com.pl\/aprowizacja\/portfolio\/niemcy-i-zdjecie-3\/\"\n\t\taria-label=\"Niemcy I &#8211; zdj\u0119cie 3\" \t>\n\t\n\t\t<noscript><img loading=\"lazy\" decoding=\"async\" width=\"900\" height=\"600\" data-skip-lazy src=\"https:\/\/mwb.com.pl\/aprowizacja\/wp-content\/uploads\/2020\/10\/NiemcyI3.jpg\" class=\"wp-image-433\" alt=\"Niemieccy kucharze na tle budynku koszarowego, pocz. XX w. (MWB\/D\/2502)\" srcset=\"https:\/\/mwb.com.pl\/aprowizacja\/wp-content\/uploads\/2020\/10\/NiemcyI3.jpg 900w, https:\/\/mwb.com.pl\/aprowizacja\/wp-content\/uploads\/2020\/10\/NiemcyI3-300x200.jpg 300w, https:\/\/mwb.com.pl\/aprowizacja\/wp-content\/uploads\/2020\/10\/NiemcyI3-768x512.jpg 768w, https:\/\/mwb.com.pl\/aprowizacja\/wp-content\/uploads\/2020\/10\/NiemcyI3-500x333.jpg 500w, https:\/\/mwb.com.pl\/aprowizacja\/wp-content\/uploads\/2020\/10\/NiemcyI3-800x533.jpg 800w, https:\/\/mwb.com.pl\/aprowizacja\/wp-content\/uploads\/2020\/10\/NiemcyI3-272x182.jpg 272w\" sizes=\"auto, (max-width: 900px) 100vw, 900px\" \/><\/noscript><img decoding=\"async\" width=\"900\" height=\"600\" src=\"https:\/\/mwb.com.pl\/aprowizacja\/wp-content\/uploads\/2020\/10\/NiemcyI3.jpg\" class=\"wp-image-433 vp-lazyload\" alt=\"Niemieccy kucharze na tle budynku koszarowego, pocz. XX w. (MWB\/D\/2502)\" srcset=\"data:image\/svg+xml;base64,PHN2ZyB3aWR0aD0iOTAwIiBoZWlnaHQ9IjYwMCIgdmlld0JveD0iMCAwIDkwMCA2MDAiIGZpbGw9Im5vbmUiIHhtbG5zPSJodHRwOi8vd3d3LnczLm9yZy8yMDAwL3N2ZyI+PC9zdmc+\" data-src=\"https:\/\/mwb.com.pl\/aprowizacja\/wp-content\/uploads\/2020\/10\/NiemcyI3.jpg\" data-srcset=\"https:\/\/mwb.com.pl\/aprowizacja\/wp-content\/uploads\/2020\/10\/NiemcyI3.jpg 900w, https:\/\/mwb.com.pl\/aprowizacja\/wp-content\/uploads\/2020\/10\/NiemcyI3-300x200.jpg 300w, https:\/\/mwb.com.pl\/aprowizacja\/wp-content\/uploads\/2020\/10\/NiemcyI3-768x512.jpg 768w, https:\/\/mwb.com.pl\/aprowizacja\/wp-content\/uploads\/2020\/10\/NiemcyI3-500x333.jpg 500w, https:\/\/mwb.com.pl\/aprowizacja\/wp-content\/uploads\/2020\/10\/NiemcyI3-800x533.jpg 800w, https:\/\/mwb.com.pl\/aprowizacja\/wp-content\/uploads\/2020\/10\/NiemcyI3-272x182.jpg 272w\" data-sizes=\"auto\" loading=\"eager\">\n\t\t<\/a>\t<\/div>\n<\/div>\n\t<figcaption class=\"vp-portfolio__item-overlay vp-portfolio__item-overlay-text-align-center\">\n\t\t<div class=\"vp-portfolio__item-meta-wrap vp-portfolio__custom-scrollbar\">\n\t\t\t\t<a\n\t\thref=\"https:\/\/mwb.com.pl\/aprowizacja\/portfolio\/niemcy-i-zdjecie-3\/\"\n\t\ttabindex=\"-1\" class=\"vp-portfolio__item-meta\" aria-label=\"Niemcy I &#8211; zdj\u0119cie 3\" \t>\n\t\n<div class=\"vp-portfolio__item-meta-excerpt\">\n\t<div>\n\t\tNiemieccy kucharze na tle budynku koszarowego, pocz. XX w. (MWB\/D\/2502)\t<\/div>\n<\/div>\n<\/a>\t\t<\/div>\n\t<\/figcaption>\n\t\t\t<\/figure>\n\t\t\t\t\t<\/article>\n\t\t\n\t\t<article\t\tclass=\"vp-portfolio__item-wrap post-435 portfolio type-portfolio status-publish format-standard has-post-thumbnail hentry portfolio_category-niemcyi vp-portfolio__item-uid-e68ad029\" data-vp-filter=\"niemcyi\" \t\t>\n\t\t\t\t\t\t\t\t\t<figure class=\"vp-portfolio__item\">\n\t\t\t\t\n<div class=\"vp-portfolio__item-img-wrap\">\n\t<div class=\"vp-portfolio__item-img\">\n\t\t\t<a\n\t\thref=\"https:\/\/mwb.com.pl\/aprowizacja\/portfolio\/niemcy-i-zdjecie-4\/\"\n\t\taria-label=\"Niemcy I &#8211; zdj\u0119cie 4\" \t>\n\t\n\t\t<noscript><img loading=\"lazy\" decoding=\"async\" width=\"938\" height=\"600\" data-skip-lazy src=\"https:\/\/mwb.com.pl\/aprowizacja\/wp-content\/uploads\/2020\/10\/NiemcyI4.jpg\" class=\"wp-image-436\" alt=\"\u017bo\u0142nierze niemieccy podczas posi\u0142ku w przerwie mi\u0119dzy \u0107wiczeniami. Jedzenie jest spo\u017cywane z misek i mena\u017cek (najprawdopodobniej M 1887), pocz. XX w. (MWB\/D\/2503)\" srcset=\"https:\/\/mwb.com.pl\/aprowizacja\/wp-content\/uploads\/2020\/10\/NiemcyI4.jpg 938w, https:\/\/mwb.com.pl\/aprowizacja\/wp-content\/uploads\/2020\/10\/NiemcyI4-300x192.jpg 300w, https:\/\/mwb.com.pl\/aprowizacja\/wp-content\/uploads\/2020\/10\/NiemcyI4-768x491.jpg 768w, https:\/\/mwb.com.pl\/aprowizacja\/wp-content\/uploads\/2020\/10\/NiemcyI4-500x320.jpg 500w, https:\/\/mwb.com.pl\/aprowizacja\/wp-content\/uploads\/2020\/10\/NiemcyI4-800x512.jpg 800w\" sizes=\"auto, (max-width: 938px) 100vw, 938px\" \/><\/noscript><img decoding=\"async\" width=\"938\" height=\"600\" src=\"https:\/\/mwb.com.pl\/aprowizacja\/wp-content\/uploads\/2020\/10\/NiemcyI4.jpg\" class=\"wp-image-436 vp-lazyload\" alt=\"\u017bo\u0142nierze niemieccy podczas posi\u0142ku w przerwie mi\u0119dzy \u0107wiczeniami. Jedzenie jest spo\u017cywane z misek i mena\u017cek (najprawdopodobniej M 1887), pocz. XX w. (MWB\/D\/2503)\" srcset=\"data:image\/svg+xml;base64,PHN2ZyB3aWR0aD0iOTM4IiBoZWlnaHQ9IjYwMCIgdmlld0JveD0iMCAwIDkzOCA2MDAiIGZpbGw9Im5vbmUiIHhtbG5zPSJodHRwOi8vd3d3LnczLm9yZy8yMDAwL3N2ZyI+PC9zdmc+\" data-src=\"https:\/\/mwb.com.pl\/aprowizacja\/wp-content\/uploads\/2020\/10\/NiemcyI4.jpg\" data-srcset=\"https:\/\/mwb.com.pl\/aprowizacja\/wp-content\/uploads\/2020\/10\/NiemcyI4.jpg 938w, https:\/\/mwb.com.pl\/aprowizacja\/wp-content\/uploads\/2020\/10\/NiemcyI4-300x192.jpg 300w, https:\/\/mwb.com.pl\/aprowizacja\/wp-content\/uploads\/2020\/10\/NiemcyI4-768x491.jpg 768w, https:\/\/mwb.com.pl\/aprowizacja\/wp-content\/uploads\/2020\/10\/NiemcyI4-500x320.jpg 500w, https:\/\/mwb.com.pl\/aprowizacja\/wp-content\/uploads\/2020\/10\/NiemcyI4-800x512.jpg 800w\" data-sizes=\"auto\" loading=\"eager\">\n\t\t<\/a>\t<\/div>\n<\/div>\n\t<figcaption class=\"vp-portfolio__item-overlay vp-portfolio__item-overlay-text-align-center\">\n\t\t<div class=\"vp-portfolio__item-meta-wrap vp-portfolio__custom-scrollbar\">\n\t\t\t\t<a\n\t\thref=\"https:\/\/mwb.com.pl\/aprowizacja\/portfolio\/niemcy-i-zdjecie-4\/\"\n\t\ttabindex=\"-1\" class=\"vp-portfolio__item-meta\" aria-label=\"Niemcy I &#8211; zdj\u0119cie 4\" \t>\n\t\n<div class=\"vp-portfolio__item-meta-excerpt\">\n\t<div>\n\t\t\u017bo\u0142nierze niemieccy podczas posi\u0142ku w przerwie mi\u0119dzy \u0107wiczeniami. Jedzenie jest spo\u017cywane z misek i mena\u017cek...\t<\/div>\n<\/div>\n<\/a>\t\t<\/div>\n\t<\/figcaption>\n\t\t\t<\/figure>\n\t\t\t\t\t<\/article>\n\t\t\n<\/div>\n\t\t<\/div>\n\t\t\t\t<div class=\"vp-portfolio__layout-elements vp-portfolio__layout-elements-bottom vp-portfolio__layout-elements-align-center\">\n\t\t\t\t<div class=\"vp-portfolio__pagination-wrap\">\n\t\t\n<div class=\"vp-pagination vp-pagination__no-more vp-pagination__style-minimal\" data-vp-pagination-type=\"load-more\">\n\t<div class=\"vp-pagination__item\">\n\t\t<a class=\"vp-pagination__load-more\" href=\"\">\n\t\t\t<span>Wi\u0119cej<\/span>\n\t\t\t<span class=\"vp-pagination__load-more-loading\"><span class=\"vp-spinner\"><\/span><span class=\"vp-screen-reader-text\"> Wi\u0119cej...<\/span><\/span>\n\t\t\t<span class=\"vp-pagination__load-more-no-more\">Koniec<\/span>\n\t\t<\/a>\n\t<\/div>\n<\/div>\n\t\t<\/div>\n\t\t\t\t<\/div>\n\t\t\n<\/div>\n<\/div><\/div><\/div><\/div><\/div><\/div>","protected":false},"excerpt":{"rendered":"<p class=\"excerpt\">Niemcy Przed wojn\u0105 francusko-prusk\u0105 1870 \u2013 1871 nie istnia\u0142a jeszcze, jako taka, standardowa racja \u017cywno\u015bciowa.\u00a0 Walcz\u0105cym \u017co\u0142nierzom pruskim wydawano jednak prowiant obejmuj\u0105cy: plastry bekonu, suszon\u0105 fasol\u0119, twardy chleb, ser, s\u00f3l, cukier i drobne ilo\u015bci kawy. Zapasy te \u017co\u0142nierz mia\u0142 nosi\u0107 ze sob\u0105 w czasie walki, podczas kt\u00f3rej regularne zaopatrzenie by\u0142oby niemo\u017cliwe. Po wojnie grupa badawcza [&hellip;]<\/p>\n","protected":false},"author":1,"featured_media":0,"parent":0,"menu_order":0,"comment_status":"closed","ping_status":"closed","template":"","meta":{"_vp_format_video_url":"","_vp_image_focal_point":[],"footnotes":""},"class_list":["post-166","page","type-page","status-publish","hentry"],"_links":{"self":[{"href":"https:\/\/mwb.com.pl\/aprowizacja\/wp-json\/wp\/v2\/pages\/166","targetHints":{"allow":["GET"]}}],"collection":[{"href":"https:\/\/mwb.com.pl\/aprowizacja\/wp-json\/wp\/v2\/pages"}],"about":[{"href":"https:\/\/mwb.com.pl\/aprowizacja\/wp-json\/wp\/v2\/types\/page"}],"author":[{"embeddable":true,"href":"https:\/\/mwb.com.pl\/aprowizacja\/wp-json\/wp\/v2\/users\/1"}],"replies":[{"embeddable":true,"href":"https:\/\/mwb.com.pl\/aprowizacja\/wp-json\/wp\/v2\/comments?post=166"}],"version-history":[{"count":4,"href":"https:\/\/mwb.com.pl\/aprowizacja\/wp-json\/wp\/v2\/pages\/166\/revisions"}],"predecessor-version":[{"id":619,"href":"https:\/\/mwb.com.pl\/aprowizacja\/wp-json\/wp\/v2\/pages\/166\/revisions\/619"}],"wp:attachment":[{"href":"https:\/\/mwb.com.pl\/aprowizacja\/wp-json\/wp\/v2\/media?parent=166"}],"curies":[{"name":"wp","href":"https:\/\/api.w.org\/{rel}","templated":true}]}}