{"id":164,"date":"2020-10-22T08:51:39","date_gmt":"2020-10-22T06:51:39","guid":{"rendered":"https:\/\/mwb.com.pl\/aprowizacja\/?page_id=164"},"modified":"2020-10-26T14:04:27","modified_gmt":"2020-10-26T13:04:27","slug":"francja","status":"publish","type":"page","link":"https:\/\/mwb.com.pl\/aprowizacja\/francja\/","title":{"rendered":"Francja"},"content":{"rendered":"<div id=\"pl-164\"  class=\"panel-layout\" ><div id=\"pg-164-0\"  class=\"panel-grid panel-no-style\" ><div id=\"pgc-164-0-0\"  class=\"panel-grid-cell\" ><div id=\"panel-164-0-0-0\" class=\"so-panel widget widget_text panel-first-child panel-last-child\" data-index=\"0\" ><h3 class=\"widget-title\">Francja<\/h3>\t\t\t<div class=\"textwidget\"><p>Na pocz\u0105tku wojny, walcz\u0105ca o przetrwanie armia francuska nie mia\u0142a opracowanego sprawnego systemu zaopatrzenia. Dopiero w 1915 roku francuscy plani\u015bci w Ministerstwie Wojny mieli wreszcie odrobin\u0119 swobody, w efekcie czego opracowano trzy rodzaje racji \u017cywno\u015bciowych:<\/p>\n<ol>\n<li><strong>Racja standardowa<\/strong> sk\u0142adaj\u0105ca si\u0119 z 14-dniowego menu z mi\u0119sem, warzywami, deserami, pieczywem i innymi wypiekami oraz winem. W zasadzie by\u0142a to racja garnizonowa serwowana w sto\u0142\u00f3wkach rozlokowanych przy g\u0142\u00f3wnych szlakach zaopatrzeniowych frontu oraz przy innych obiektach, takich jak plac\u00f3wki medyczne, obozy wypoczynkowe i obiekty szkoleniowe. Ze wzgl\u0119du na przed\u0142u\u017caj\u0105c\u0105 si\u0119 s\u0142u\u017cb\u0119 w okopach, oddzia\u0142y bojowe rzadko mia\u0142y okazj\u0119 z nich korzysta\u0107.<\/li>\n<li><strong>Racja polowa<\/strong> sk\u0142ada\u0142a si\u0119 ze skr\u00f3conego menu i by\u0142a g\u0142\u00f3wnym rodzajem pokarmu przewidzianego dla \u017co\u0142nierzy. Na zapleczu frontu ustawiano kuchnie polowe, przygotowuj\u0105ce ciep\u0142e posi\u0142ki, kt\u00f3re nast\u0119pnie by\u0142y donoszone przez wyznaczonych \u017co\u0142nierzy na pierwsz\u0105 linie.<\/li>\n<li><strong>\u017bywno\u015b\u0107 rezerwowa<\/strong> (<em>vivres de r\u00e9serve<\/em>) od 1915 roku by\u0142a standardowo na wyposa\u017ceniu ka\u017cdego \u017co\u0142nierza francuskiego. W jej sk\u0142ad wchodzi\u0142y:<\/li>\n<\/ol>\n<p>&#8211; 2 puszki gotowanej lub peklowanej wo\u0142owiny;<\/p>\n<p>&#8211; 12 herbatnik\u00f3w,<\/p>\n<p>&#8211; 2 opakowania suszonej zupy,<\/p>\n<p>&#8211; puszka kawy,<\/p>\n<p>&#8211; 2 porcje cukru.<\/p>\n<p>Istnia\u0142a r\u00f3wnie\u017c mo\u017cliwo\u015b\u0107 otrzymania przez \u017co\u0142nierzy dodatkowych racji przesy\u0142anych z domu najcz\u0119\u015bciej przez rodzin\u0119 oraz przyjaci\u00f3\u0142, organizacje charytatywne, szko\u0142y czy zakupionych w wyniku prowadzonych zbi\u00f3rek pieni\u0119\u017cnych. Najcz\u0119\u015bciej ich zawarto\u015b\u0107 obejmowa\u0142a produkty o wy\u017cszej jako\u015bci: prawdziw\u0105 kaw\u0119, czekolad\u0119, lepsze gatunkowo konserwy mi\u0119sne i rybne, alkohol i tyto\u0144.<\/p>\n<\/div>\n\t\t<\/div><\/div><\/div><div id=\"pg-164-1\"  class=\"panel-grid panel-no-style\" ><div id=\"pgc-164-1-0\"  class=\"panel-grid-cell\" ><div id=\"panel-164-1-0-0\" class=\"widget_text so-panel widget widget_custom_html panel-first-child panel-last-child\" data-index=\"1\" ><div id=\"Francja_zdjecia\" class=\"widget_text panel-widget-style panel-widget-style-for-164-1-0-0\" ><div class=\"textwidget custom-html-widget\">\n<div class=\"vp-portfolio vp-uid-a9b1eee4 vp-id-610 \"\n\tdata-vp-layout=\"justified\" data-vp-content-source=\"post-based\" data-vp-items-style=\"fade\" data-vp-items-click-action=\"url\" data-vp-items-gap=\"15\" data-vp-items-gap-vertical=\"\" data-vp-pagination=\"load-more\" data-vp-next-page-url=\"\" data-vp-justified-row-height=\"300\" data-vp-justified-row-height-tolerance=\"0.25\" data-vp-justified-max-rows-count=\"0\" data-vp-justified-last-row=\"left\" >\n\t<div class=\"vp-portfolio__preloader-wrap\">\n\t\t<div class=\"vp-portfolio__preloader\">\n\t\t\t<img decoding=\"async\" loading=\"eager\" src=\"https:\/\/mwb.com.pl\/aprowizacja\/wp-content\/plugins\/visual-portfolio\/assets\/images\/logo-dark.svg\" alt=\"Wizualne portfolio, wpisy i galeria obrazk\u00f3w dla WordPressa\" width=\"20\" height=\"20\" data-skip-lazy>\n\t\t<\/div>\n\t<\/div>\n\t\t<div class=\"vp-portfolio__items-wrap\">\n\t\t\t\n<div class=\"vp-portfolio__items vp-portfolio__items-style-fade vp-portfolio__items-show-overlay-hover\">\n\n\t\t<article\t\tclass=\"vp-portfolio__item-wrap post-419 portfolio type-portfolio status-publish format-standard has-post-thumbnail hentry portfolio_category-francja vp-portfolio__item-uid-dd0afe80\" data-vp-filter=\"francja\" \t\t>\n\t\t\t\t\t\t\t\t\t<figure class=\"vp-portfolio__item\">\n\t\t\t\t\n<div class=\"vp-portfolio__item-img-wrap\">\n\t<div class=\"vp-portfolio__item-img\">\n\t\t\t<a\n\t\thref=\"https:\/\/mwb.com.pl\/aprowizacja\/portfolio\/francja-zdjecie-8\/\"\n\t\taria-label=\"Francja &#8211; zdj\u0119cie 8\" \t>\n\t\n\t\t<noscript><img loading=\"lazy\" decoding=\"async\" width=\"600\" height=\"697\" data-skip-lazy src=\"https:\/\/mwb.com.pl\/aprowizacja\/wp-content\/uploads\/2020\/10\/Francja8.jpg\" class=\"wp-image-420\" alt=\"Francuski ekwipunek z I wojny \u015bwiatowej manierka mle. 1877, kubek mle. 1865 i mena\u017cka (Marmite dit Bouth\u00e9on)\" srcset=\"https:\/\/mwb.com.pl\/aprowizacja\/wp-content\/uploads\/2020\/10\/Francja8.jpg 600w, https:\/\/mwb.com.pl\/aprowizacja\/wp-content\/uploads\/2020\/10\/Francja8-258x300.jpg 258w, https:\/\/mwb.com.pl\/aprowizacja\/wp-content\/uploads\/2020\/10\/Francja8-500x581.jpg 500w\" sizes=\"auto, (max-width: 600px) 100vw, 600px\" \/><\/noscript><img fetchpriority=\"high\" decoding=\"async\" width=\"600\" height=\"697\" src=\"https:\/\/mwb.com.pl\/aprowizacja\/wp-content\/uploads\/2020\/10\/Francja8.jpg\" class=\"wp-image-420 vp-lazyload\" alt=\"Francuski ekwipunek z I wojny \u015bwiatowej manierka mle. 1877, kubek mle. 1865 i mena\u017cka (Marmite dit Bouth\u00e9on)\" srcset=\"data:image\/svg+xml;base64,PHN2ZyB3aWR0aD0iNjAwIiBoZWlnaHQ9IjY5NyIgdmlld0JveD0iMCAwIDYwMCA2OTciIGZpbGw9Im5vbmUiIHhtbG5zPSJodHRwOi8vd3d3LnczLm9yZy8yMDAwL3N2ZyI+PC9zdmc+\" data-src=\"https:\/\/mwb.com.pl\/aprowizacja\/wp-content\/uploads\/2020\/10\/Francja8.jpg\" data-srcset=\"https:\/\/mwb.com.pl\/aprowizacja\/wp-content\/uploads\/2020\/10\/Francja8.jpg 600w, https:\/\/mwb.com.pl\/aprowizacja\/wp-content\/uploads\/2020\/10\/Francja8-258x300.jpg 258w, https:\/\/mwb.com.pl\/aprowizacja\/wp-content\/uploads\/2020\/10\/Francja8-500x581.jpg 500w\" data-sizes=\"auto\" loading=\"eager\">\n\t\t<\/a>\t<\/div>\n<\/div>\n\t<figcaption class=\"vp-portfolio__item-overlay vp-portfolio__item-overlay-text-align-center\">\n\t\t<div class=\"vp-portfolio__item-meta-wrap vp-portfolio__custom-scrollbar\">\n\t\t\t\t<a\n\t\thref=\"https:\/\/mwb.com.pl\/aprowizacja\/portfolio\/francja-zdjecie-8\/\"\n\t\ttabindex=\"-1\" class=\"vp-portfolio__item-meta\" aria-label=\"Francja &#8211; zdj\u0119cie 8\" \t>\n\t\n<div class=\"vp-portfolio__item-meta-excerpt\">\n\t<div>\n\t\tFrancuski ekwipunek z I wojny \u015bwiatowej manierka mle. 1877, kubek mle. 1865 i mena\u017cka (Marmite...\t<\/div>\n<\/div>\n<\/a>\t\t<\/div>\n\t<\/figcaption>\n\t\t\t<\/figure>\n\t\t\t\t\t<\/article>\n\t\t\n\t\t<article\t\tclass=\"vp-portfolio__item-wrap post-422 portfolio type-portfolio status-publish format-standard has-post-thumbnail hentry portfolio_category-francja vp-portfolio__item-uid-61f574cb\" data-vp-filter=\"francja\" \t\t>\n\t\t\t\t\t\t\t\t\t<figure class=\"vp-portfolio__item\">\n\t\t\t\t\n<div class=\"vp-portfolio__item-img-wrap\">\n\t<div class=\"vp-portfolio__item-img\">\n\t\t\t<a\n\t\thref=\"https:\/\/mwb.com.pl\/aprowizacja\/portfolio\/francja-zdjecie-9\/\"\n\t\taria-label=\"Francja &#8211; zdj\u0119cie 9\" \t>\n\t\n\t\t<noscript><img loading=\"lazy\" decoding=\"async\" width=\"900\" height=\"600\" data-skip-lazy src=\"https:\/\/mwb.com.pl\/aprowizacja\/wp-content\/uploads\/2020\/10\/Francja9.jpg\" class=\"wp-image-423\" alt=\"Francuski ekwipunek z I wojny \u015bwiatowej manierka mle. 1877\" srcset=\"https:\/\/mwb.com.pl\/aprowizacja\/wp-content\/uploads\/2020\/10\/Francja9.jpg 900w, https:\/\/mwb.com.pl\/aprowizacja\/wp-content\/uploads\/2020\/10\/Francja9-300x200.jpg 300w, https:\/\/mwb.com.pl\/aprowizacja\/wp-content\/uploads\/2020\/10\/Francja9-768x512.jpg 768w, https:\/\/mwb.com.pl\/aprowizacja\/wp-content\/uploads\/2020\/10\/Francja9-500x333.jpg 500w, https:\/\/mwb.com.pl\/aprowizacja\/wp-content\/uploads\/2020\/10\/Francja9-800x533.jpg 800w, https:\/\/mwb.com.pl\/aprowizacja\/wp-content\/uploads\/2020\/10\/Francja9-272x182.jpg 272w\" sizes=\"auto, (max-width: 900px) 100vw, 900px\" \/><\/noscript><img decoding=\"async\" width=\"900\" height=\"600\" src=\"https:\/\/mwb.com.pl\/aprowizacja\/wp-content\/uploads\/2020\/10\/Francja9.jpg\" class=\"wp-image-423 vp-lazyload\" alt=\"Francuski ekwipunek z I wojny \u015bwiatowej manierka mle. 1877\" srcset=\"data:image\/svg+xml;base64,PHN2ZyB3aWR0aD0iOTAwIiBoZWlnaHQ9IjYwMCIgdmlld0JveD0iMCAwIDkwMCA2MDAiIGZpbGw9Im5vbmUiIHhtbG5zPSJodHRwOi8vd3d3LnczLm9yZy8yMDAwL3N2ZyI+PC9zdmc+\" data-src=\"https:\/\/mwb.com.pl\/aprowizacja\/wp-content\/uploads\/2020\/10\/Francja9.jpg\" data-srcset=\"https:\/\/mwb.com.pl\/aprowizacja\/wp-content\/uploads\/2020\/10\/Francja9.jpg 900w, https:\/\/mwb.com.pl\/aprowizacja\/wp-content\/uploads\/2020\/10\/Francja9-300x200.jpg 300w, https:\/\/mwb.com.pl\/aprowizacja\/wp-content\/uploads\/2020\/10\/Francja9-768x512.jpg 768w, https:\/\/mwb.com.pl\/aprowizacja\/wp-content\/uploads\/2020\/10\/Francja9-500x333.jpg 500w, https:\/\/mwb.com.pl\/aprowizacja\/wp-content\/uploads\/2020\/10\/Francja9-800x533.jpg 800w, https:\/\/mwb.com.pl\/aprowizacja\/wp-content\/uploads\/2020\/10\/Francja9-272x182.jpg 272w\" data-sizes=\"auto\" loading=\"eager\">\n\t\t<\/a>\t<\/div>\n<\/div>\n\t<figcaption class=\"vp-portfolio__item-overlay vp-portfolio__item-overlay-text-align-center\">\n\t\t<div class=\"vp-portfolio__item-meta-wrap vp-portfolio__custom-scrollbar\">\n\t\t\t\t<a\n\t\thref=\"https:\/\/mwb.com.pl\/aprowizacja\/portfolio\/francja-zdjecie-9\/\"\n\t\ttabindex=\"-1\" class=\"vp-portfolio__item-meta\" aria-label=\"Francja &#8211; zdj\u0119cie 9\" \t>\n\t\n<div class=\"vp-portfolio__item-meta-excerpt\">\n\t<div>\n\t\tFrancuski ekwipunek z I wojny \u015bwiatowej manierka mle. 1877\t<\/div>\n<\/div>\n<\/a>\t\t<\/div>\n\t<\/figcaption>\n\t\t\t<\/figure>\n\t\t\t\t\t<\/article>\n\t\t\n<\/div>\n\t\t<\/div>\n\t\t\t\t<div class=\"vp-portfolio__layout-elements vp-portfolio__layout-elements-bottom vp-portfolio__layout-elements-align-center\">\n\t\t\t\t<div class=\"vp-portfolio__pagination-wrap\">\n\t\t\n<div class=\"vp-pagination vp-pagination__no-more vp-pagination__style-minimal\" data-vp-pagination-type=\"load-more\">\n\t<div class=\"vp-pagination__item\">\n\t\t<a class=\"vp-pagination__load-more\" href=\"\">\n\t\t\t<span>Wi\u0119cej<\/span>\n\t\t\t<span class=\"vp-pagination__load-more-loading\"><span class=\"vp-spinner\"><\/span><span class=\"vp-screen-reader-text\"> Wi\u0119cej...<\/span><\/span>\n\t\t\t<span class=\"vp-pagination__load-more-no-more\">Koniec<\/span>\n\t\t<\/a>\n\t<\/div>\n<\/div>\n\t\t<\/div>\n\t\t\t\t<\/div>\n\t\t\n<\/div>\n<\/div><\/div><\/div><\/div><\/div><\/div>","protected":false},"excerpt":{"rendered":"<p class=\"excerpt\">Francja Na pocz\u0105tku wojny, walcz\u0105ca o przetrwanie armia francuska nie mia\u0142a opracowanego sprawnego systemu zaopatrzenia. Dopiero w 1915 roku francuscy plani\u015bci w Ministerstwie Wojny mieli wreszcie odrobin\u0119 swobody, w efekcie czego opracowano trzy rodzaje racji \u017cywno\u015bciowych: Racja standardowa sk\u0142adaj\u0105ca si\u0119 z 14-dniowego menu z mi\u0119sem, warzywami, deserami, pieczywem i innymi wypiekami oraz winem. W zasadzie [&hellip;]<\/p>\n","protected":false},"author":1,"featured_media":0,"parent":0,"menu_order":0,"comment_status":"closed","ping_status":"closed","template":"","meta":{"_vp_format_video_url":"","_vp_image_focal_point":[],"footnotes":""},"class_list":["post-164","page","type-page","status-publish","hentry"],"_links":{"self":[{"href":"https:\/\/mwb.com.pl\/aprowizacja\/wp-json\/wp\/v2\/pages\/164","targetHints":{"allow":["GET"]}}],"collection":[{"href":"https:\/\/mwb.com.pl\/aprowizacja\/wp-json\/wp\/v2\/pages"}],"about":[{"href":"https:\/\/mwb.com.pl\/aprowizacja\/wp-json\/wp\/v2\/types\/page"}],"author":[{"embeddable":true,"href":"https:\/\/mwb.com.pl\/aprowizacja\/wp-json\/wp\/v2\/users\/1"}],"replies":[{"embeddable":true,"href":"https:\/\/mwb.com.pl\/aprowizacja\/wp-json\/wp\/v2\/comments?post=164"}],"version-history":[{"count":3,"href":"https:\/\/mwb.com.pl\/aprowizacja\/wp-json\/wp\/v2\/pages\/164\/revisions"}],"predecessor-version":[{"id":613,"href":"https:\/\/mwb.com.pl\/aprowizacja\/wp-json\/wp\/v2\/pages\/164\/revisions\/613"}],"wp:attachment":[{"href":"https:\/\/mwb.com.pl\/aprowizacja\/wp-json\/wp\/v2\/media?parent=164"}],"curies":[{"name":"wp","href":"https:\/\/api.w.org\/{rel}","templated":true}]}}