{"id":162,"date":"2020-10-22T08:49:06","date_gmt":"2020-10-22T06:49:06","guid":{"rendered":"https:\/\/mwb.com.pl\/aprowizacja\/?page_id=162"},"modified":"2020-10-26T13:53:30","modified_gmt":"2020-10-26T12:53:30","slug":"rosja","status":"publish","type":"page","link":"https:\/\/mwb.com.pl\/aprowizacja\/rosja\/","title":{"rendered":"Rosja"},"content":{"rendered":"<div id=\"pl-162\"  class=\"panel-layout\" ><div id=\"pg-162-0\"  class=\"panel-grid panel-no-style\" ><div id=\"pgc-162-0-0\"  class=\"panel-grid-cell\" ><div id=\"panel-162-0-0-0\" class=\"so-panel widget widget_text panel-first-child panel-last-child\" data-index=\"0\" ><h3 class=\"widget-title\">Rosja<\/h3>\t\t\t<div class=\"textwidget\"><p><strong>Codzienna dieta \u017co\u0142nierza armii rosyjskiej na pocz\u0105tku I wojny \u015bwiatowej<\/strong><\/p>\n<p>&#8211; 700 g krakers\u00f3w \u017cytnich lub kilogram chleba \u017cytniego,<\/p>\n<p>&#8211; 100 g zb\u00f3\u017c (w trudnych warunkach Syberii lub p\u00f3\u0142nocy \u2013 200 g),<\/p>\n<p>&#8211; 400 g \u015bwie\u017cego mi\u0119sa lub 300 g konserw mi\u0119snych,<\/p>\n<p>&#8211; 20 g mas\u0142a lub smalcu,<\/p>\n<p>&#8211; 17 g m\u0105ki francuskiej,<\/p>\n<p>&#8211; 6,4 g herbaty,<\/p>\n<p>&#8211; 20 g cukru,<\/p>\n<p>&#8211; 0,7 g pieprzu,<\/p>\n<p>&#8211; 250 g \u015bwie\u017cych lub ok. 20 g warzyw suszonych.<\/p>\n<p>Mieszanka suszonych warzyw (kapusta, marchew, buraki, rzepa, cebula, seler i pietruszka) przeznaczona by\u0142a do przyrz\u0105dzania zup. Ziemniaki by\u0142y uwa\u017cane za warzywa do zupy i nie by\u0142y w u\u017cytku powszechnym. Ry\u017c jako produkt \u201eutrwalaj\u0105cy\u201d by\u0142 obj\u0119ty niewypowiedzianym zakazem i wydawano go w skrajnych przypadkach. Podczas post\u00f3w religijnych mi\u0119so w armii rosyjskiej zast\u0119powano rybami (przewa\u017cnie rzecznymi, cz\u0119sto w postaci suszu) lub grzybami (w kapu\u015bniaku), a mas\u0142o \u2013 warzywami. W czasie postu zwi\u0119kszano do 200 g racj\u0119 zbo\u017cowe, a do chudych pierwszych da\u0144 dodawano zbo\u017ca, niezale\u017cnie od tego, czy by\u0142 to kapu\u015bniak czy zupa ziemniaczana. \u0141\u0105czna waga wszystkich produkt\u00f3w spo\u017cywanych dziennie przez \u017co\u0142nierza zbli\u017ca\u0142a si\u0119 do dw\u00f3ch kilogram\u00f3w, a kaloryczno\u015b\u0107 wynosi\u0142a ponad 4300 kcal. Na przyk\u0142ad w armii niemieckiej racje wynosi\u0142y tylko 3500 kcal, natomiast w armii Imperium Brytyjskiego \u2013 ponad 4500.<\/p>\n<p>Z pocz\u0105tkiem wojny zwi\u0119kszono racje \u017co\u0142nierskie, szczeg\u00f3lnie w przypadku mi\u0119sa do 615 g dziennie. Przed\u0142u\u017caj\u0105cy si\u0119 konflikt ju\u017c w 1915 roku spowodowa\u0142 cofni\u0119cie wielko\u015bci racji do poprzedniego poziomu, a z czasem dalsze obni\u017cenia zar\u00f3wno ich ilo\u015bci, jak i jako\u015bci. K\u0142opoty z dostarczeniem na front \u015bwie\u017cych produkt\u00f3w spo\u017cywczych wynika\u0142y ze s\u0142abo rozwini\u0119tych linii zaopatrzenia (niewydolna ilo\u015b\u0107 po\u0142\u0105cze\u0144 kolejowych i s\u0142aba jako\u015b\u0107 dr\u00f3g).\u00a0 Rosjanie zostali zmuszeni do zast\u0105pienia \u015bwie\u017cego uboju wo\u0142owin\u0105 peklowan\u0105. Na potrzeby wojska przemys\u0142 rozpocz\u0105\u0142 produkcj\u0119 kilku odmian konserw w cylindrycznych puszkach: \u201ewo\u0142owina sma\u017cona\u201d, \u201egulasz wo\u0142owy\u201d, \u201ekapu\u015bniak z mi\u0119sem i kasz\u0105\u201d, \u201egroszek z mi\u0119sem\u201d. Z czasem pogarsza\u0142a si\u0119 warto\u015b\u0107 i jako\u015b\u0107 racji \u017cywno\u015bciowej. Warto\u015b\u0107 energetyczna dobowej poda\u017cy \u017cywno\u015bci ni\u017cszego rz\u0119du spad\u0142a do 3150 kalorii i z ka\u017cdym rokiem wojny stale mala\u0142a. Od kwietnia 1916 roku racja mi\u0119sa wynosi\u0142a 250 g mi\u0119sa, przy czym wolno by\u0142o zalicza\u0107 ryby i odpadki mi\u0119sne jako mi\u0119so.<\/p>\n<\/div>\n\t\t<\/div><\/div><\/div><div id=\"pg-162-1\"  class=\"panel-grid panel-no-style\" ><div id=\"pgc-162-1-0\"  class=\"panel-grid-cell\" ><div id=\"panel-162-1-0-0\" class=\"widget_text so-panel widget widget_custom_html panel-first-child panel-last-child\" data-index=\"1\" ><div id=\"Rosja_zdjecia\" class=\"widget_text panel-widget-style panel-widget-style-for-162-1-0-0\" ><div class=\"textwidget custom-html-widget\">\t\n<div class=\"vp-portfolio vp-uid-29a38e1f vp-id-603 \"\n\tdata-vp-layout=\"justified\" data-vp-content-source=\"post-based\" data-vp-items-style=\"fade\" data-vp-items-click-action=\"url\" data-vp-items-gap=\"15\" data-vp-items-gap-vertical=\"\" data-vp-pagination=\"load-more\" data-vp-next-page-url=\"\" data-vp-justified-row-height=\"300\" data-vp-justified-row-height-tolerance=\"0.25\" data-vp-justified-max-rows-count=\"0\" data-vp-justified-last-row=\"left\" >\n\t<div class=\"vp-portfolio__preloader-wrap\">\n\t\t<div class=\"vp-portfolio__preloader\">\n\t\t\t<img decoding=\"async\" loading=\"eager\" src=\"https:\/\/mwb.com.pl\/aprowizacja\/wp-content\/plugins\/visual-portfolio\/assets\/images\/logo-dark.svg\" alt=\"Wizualne portfolio, wpisy i galeria obrazk\u00f3w dla WordPressa\" width=\"20\" height=\"20\" data-skip-lazy>\n\t\t<\/div>\n\t<\/div>\n\t\t<div class=\"vp-portfolio__items-wrap\">\n\t\t\t\n<div class=\"vp-portfolio__items vp-portfolio__items-style-fade vp-portfolio__items-show-overlay-hover\">\n\n\t\t<article\t\tclass=\"vp-portfolio__item-wrap post-412 portfolio type-portfolio status-publish format-standard has-post-thumbnail hentry portfolio_category-rosja vp-portfolio__item-uid-4ad82708\" data-vp-filter=\"rosja\" \t\t>\n\t\t\t\t\t\t\t\t\t<figure class=\"vp-portfolio__item\">\n\t\t\t\t\n<div class=\"vp-portfolio__item-img-wrap\">\n\t<div class=\"vp-portfolio__item-img\">\n\t\t\t<a\n\t\thref=\"https:\/\/mwb.com.pl\/aprowizacja\/portfolio\/rosja-zdjecie-3\/\"\n\t\taria-label=\"Rosja &#8211; zdj\u0119cie 3\" \t>\n\t\n\t\t<noscript><img loading=\"lazy\" decoding=\"async\" width=\"900\" height=\"600\" data-skip-lazy src=\"https:\/\/mwb.com.pl\/aprowizacja\/wp-content\/uploads\/2020\/10\/Rosja3.jpg\" class=\"wp-image-413\" alt=\"Standardowe wyposa\u017cenie rosyjskiego piechura z ko\u0144ca XIX wieku (kocio\u0142ek wz. 1889, manierka wz. 1889 i czarka na wino wz. 1882\/1901)\" srcset=\"https:\/\/mwb.com.pl\/aprowizacja\/wp-content\/uploads\/2020\/10\/Rosja3.jpg 900w, https:\/\/mwb.com.pl\/aprowizacja\/wp-content\/uploads\/2020\/10\/Rosja3-300x200.jpg 300w, https:\/\/mwb.com.pl\/aprowizacja\/wp-content\/uploads\/2020\/10\/Rosja3-768x512.jpg 768w, https:\/\/mwb.com.pl\/aprowizacja\/wp-content\/uploads\/2020\/10\/Rosja3-500x333.jpg 500w, https:\/\/mwb.com.pl\/aprowizacja\/wp-content\/uploads\/2020\/10\/Rosja3-800x533.jpg 800w, https:\/\/mwb.com.pl\/aprowizacja\/wp-content\/uploads\/2020\/10\/Rosja3-272x182.jpg 272w\" sizes=\"auto, (max-width: 900px) 100vw, 900px\" \/><\/noscript><img fetchpriority=\"high\" decoding=\"async\" width=\"900\" height=\"600\" src=\"https:\/\/mwb.com.pl\/aprowizacja\/wp-content\/uploads\/2020\/10\/Rosja3.jpg\" class=\"wp-image-413 vp-lazyload\" alt=\"Standardowe wyposa\u017cenie rosyjskiego piechura z ko\u0144ca XIX wieku (kocio\u0142ek wz. 1889, manierka wz. 1889 i czarka na wino wz. 1882\/1901)\" srcset=\"data:image\/svg+xml;base64,PHN2ZyB3aWR0aD0iOTAwIiBoZWlnaHQ9IjYwMCIgdmlld0JveD0iMCAwIDkwMCA2MDAiIGZpbGw9Im5vbmUiIHhtbG5zPSJodHRwOi8vd3d3LnczLm9yZy8yMDAwL3N2ZyI+PC9zdmc+\" data-src=\"https:\/\/mwb.com.pl\/aprowizacja\/wp-content\/uploads\/2020\/10\/Rosja3.jpg\" data-srcset=\"https:\/\/mwb.com.pl\/aprowizacja\/wp-content\/uploads\/2020\/10\/Rosja3.jpg 900w, https:\/\/mwb.com.pl\/aprowizacja\/wp-content\/uploads\/2020\/10\/Rosja3-300x200.jpg 300w, https:\/\/mwb.com.pl\/aprowizacja\/wp-content\/uploads\/2020\/10\/Rosja3-768x512.jpg 768w, https:\/\/mwb.com.pl\/aprowizacja\/wp-content\/uploads\/2020\/10\/Rosja3-500x333.jpg 500w, https:\/\/mwb.com.pl\/aprowizacja\/wp-content\/uploads\/2020\/10\/Rosja3-800x533.jpg 800w, https:\/\/mwb.com.pl\/aprowizacja\/wp-content\/uploads\/2020\/10\/Rosja3-272x182.jpg 272w\" data-sizes=\"auto\" loading=\"eager\">\n\t\t<\/a>\t<\/div>\n<\/div>\n\t<figcaption class=\"vp-portfolio__item-overlay vp-portfolio__item-overlay-text-align-center\">\n\t\t<div class=\"vp-portfolio__item-meta-wrap vp-portfolio__custom-scrollbar\">\n\t\t\t\t<a\n\t\thref=\"https:\/\/mwb.com.pl\/aprowizacja\/portfolio\/rosja-zdjecie-3\/\"\n\t\ttabindex=\"-1\" class=\"vp-portfolio__item-meta\" aria-label=\"Rosja &#8211; zdj\u0119cie 3\" \t>\n\t\n<div class=\"vp-portfolio__item-meta-excerpt\">\n\t<div>\n\t\tStandardowe wyposa\u017cenie rosyjskiego piechura z ko\u0144ca XIX wieku (kocio\u0142ek wz. 1889, manierka wz. 1889 i...\t<\/div>\n<\/div>\n<\/a>\t\t<\/div>\n\t<\/figcaption>\n\t\t\t<\/figure>\n\t\t\t\t\t<\/article>\n\t\t\n\t\t<article\t\tclass=\"vp-portfolio__item-wrap post-415 portfolio type-portfolio status-publish format-standard has-post-thumbnail hentry portfolio_category-rosja vp-portfolio__item-uid-d4bcb2ab\" data-vp-filter=\"rosja\" \t\t>\n\t\t\t\t\t\t\t\t\t<figure class=\"vp-portfolio__item\">\n\t\t\t\t\n<div class=\"vp-portfolio__item-img-wrap\">\n\t<div class=\"vp-portfolio__item-img\">\n\t\t\t<a\n\t\thref=\"https:\/\/mwb.com.pl\/aprowizacja\/portfolio\/rosja-zdjecie-4\/\"\n\t\taria-label=\"Rosja &#8211; zdj\u0119cie 4\" \t>\n\t\n\t\t<noscript><img loading=\"lazy\" decoding=\"async\" width=\"900\" height=\"600\" data-skip-lazy src=\"https:\/\/mwb.com.pl\/aprowizacja\/wp-content\/uploads\/2020\/10\/Rosja4.jpg\" class=\"wp-image-416\" alt=\"Rosyjskie otwieracze do konserw\" srcset=\"https:\/\/mwb.com.pl\/aprowizacja\/wp-content\/uploads\/2020\/10\/Rosja4.jpg 900w, https:\/\/mwb.com.pl\/aprowizacja\/wp-content\/uploads\/2020\/10\/Rosja4-300x200.jpg 300w, https:\/\/mwb.com.pl\/aprowizacja\/wp-content\/uploads\/2020\/10\/Rosja4-768x512.jpg 768w, https:\/\/mwb.com.pl\/aprowizacja\/wp-content\/uploads\/2020\/10\/Rosja4-500x333.jpg 500w, https:\/\/mwb.com.pl\/aprowizacja\/wp-content\/uploads\/2020\/10\/Rosja4-800x533.jpg 800w, https:\/\/mwb.com.pl\/aprowizacja\/wp-content\/uploads\/2020\/10\/Rosja4-272x182.jpg 272w\" sizes=\"auto, (max-width: 900px) 100vw, 900px\" \/><\/noscript><img decoding=\"async\" width=\"900\" height=\"600\" src=\"https:\/\/mwb.com.pl\/aprowizacja\/wp-content\/uploads\/2020\/10\/Rosja4.jpg\" class=\"wp-image-416 vp-lazyload\" alt=\"Rosyjskie otwieracze do konserw\" srcset=\"data:image\/svg+xml;base64,PHN2ZyB3aWR0aD0iOTAwIiBoZWlnaHQ9IjYwMCIgdmlld0JveD0iMCAwIDkwMCA2MDAiIGZpbGw9Im5vbmUiIHhtbG5zPSJodHRwOi8vd3d3LnczLm9yZy8yMDAwL3N2ZyI+PC9zdmc+\" data-src=\"https:\/\/mwb.com.pl\/aprowizacja\/wp-content\/uploads\/2020\/10\/Rosja4.jpg\" data-srcset=\"https:\/\/mwb.com.pl\/aprowizacja\/wp-content\/uploads\/2020\/10\/Rosja4.jpg 900w, https:\/\/mwb.com.pl\/aprowizacja\/wp-content\/uploads\/2020\/10\/Rosja4-300x200.jpg 300w, https:\/\/mwb.com.pl\/aprowizacja\/wp-content\/uploads\/2020\/10\/Rosja4-768x512.jpg 768w, https:\/\/mwb.com.pl\/aprowizacja\/wp-content\/uploads\/2020\/10\/Rosja4-500x333.jpg 500w, https:\/\/mwb.com.pl\/aprowizacja\/wp-content\/uploads\/2020\/10\/Rosja4-800x533.jpg 800w, https:\/\/mwb.com.pl\/aprowizacja\/wp-content\/uploads\/2020\/10\/Rosja4-272x182.jpg 272w\" data-sizes=\"auto\" loading=\"eager\">\n\t\t<\/a>\t<\/div>\n<\/div>\n\t<figcaption class=\"vp-portfolio__item-overlay vp-portfolio__item-overlay-text-align-center\">\n\t\t<div class=\"vp-portfolio__item-meta-wrap vp-portfolio__custom-scrollbar\">\n\t\t\t\t<a\n\t\thref=\"https:\/\/mwb.com.pl\/aprowizacja\/portfolio\/rosja-zdjecie-4\/\"\n\t\ttabindex=\"-1\" class=\"vp-portfolio__item-meta\" aria-label=\"Rosja &#8211; zdj\u0119cie 4\" \t>\n\t\n<div class=\"vp-portfolio__item-meta-excerpt\">\n\t<div>\n\t\tRosyjskie otwieracze do konserw\t<\/div>\n<\/div>\n<\/a>\t\t<\/div>\n\t<\/figcaption>\n\t\t\t<\/figure>\n\t\t\t\t\t<\/article>\n\t\t\n<\/div>\n\t\t<\/div>\n\t\t\t\t<div class=\"vp-portfolio__layout-elements vp-portfolio__layout-elements-bottom vp-portfolio__layout-elements-align-center\">\n\t\t\t\t<div class=\"vp-portfolio__pagination-wrap\">\n\t\t\n<div class=\"vp-pagination vp-pagination__no-more vp-pagination__style-minimal\" data-vp-pagination-type=\"load-more\">\n\t<div class=\"vp-pagination__item\">\n\t\t<a class=\"vp-pagination__load-more\" href=\"\">\n\t\t\t<span>Wi\u0119cej<\/span>\n\t\t\t<span class=\"vp-pagination__load-more-loading\"><span class=\"vp-spinner\"><\/span><span class=\"vp-screen-reader-text\"> Wi\u0119cej...<\/span><\/span>\n\t\t\t<span class=\"vp-pagination__load-more-no-more\">Koniec<\/span>\n\t\t<\/a>\n\t<\/div>\n<\/div>\n\t\t<\/div>\n\t\t\t\t<\/div>\n\t\t\n<\/div>\n<\/div><\/div><\/div><\/div><\/div><\/div>","protected":false},"excerpt":{"rendered":"<p class=\"excerpt\">Rosja Codzienna dieta \u017co\u0142nierza armii rosyjskiej na pocz\u0105tku I wojny \u015bwiatowej &#8211; 700 g krakers\u00f3w \u017cytnich lub kilogram chleba \u017cytniego, &#8211; 100 g zb\u00f3\u017c (w trudnych warunkach Syberii lub p\u00f3\u0142nocy \u2013 200 g), &#8211; 400 g \u015bwie\u017cego mi\u0119sa lub 300 g konserw mi\u0119snych, &#8211; 20 g mas\u0142a lub smalcu, &#8211; 17 g m\u0105ki francuskiej, &#8211; [&hellip;]<\/p>\n","protected":false},"author":1,"featured_media":0,"parent":0,"menu_order":0,"comment_status":"closed","ping_status":"closed","template":"","meta":{"_vp_format_video_url":"","_vp_image_focal_point":[],"footnotes":""},"class_list":["post-162","page","type-page","status-publish","hentry"],"_links":{"self":[{"href":"https:\/\/mwb.com.pl\/aprowizacja\/wp-json\/wp\/v2\/pages\/162","targetHints":{"allow":["GET"]}}],"collection":[{"href":"https:\/\/mwb.com.pl\/aprowizacja\/wp-json\/wp\/v2\/pages"}],"about":[{"href":"https:\/\/mwb.com.pl\/aprowizacja\/wp-json\/wp\/v2\/types\/page"}],"author":[{"embeddable":true,"href":"https:\/\/mwb.com.pl\/aprowizacja\/wp-json\/wp\/v2\/users\/1"}],"replies":[{"embeddable":true,"href":"https:\/\/mwb.com.pl\/aprowizacja\/wp-json\/wp\/v2\/comments?post=162"}],"version-history":[{"count":5,"href":"https:\/\/mwb.com.pl\/aprowizacja\/wp-json\/wp\/v2\/pages\/162\/revisions"}],"predecessor-version":[{"id":608,"href":"https:\/\/mwb.com.pl\/aprowizacja\/wp-json\/wp\/v2\/pages\/162\/revisions\/608"}],"wp:attachment":[{"href":"https:\/\/mwb.com.pl\/aprowizacja\/wp-json\/wp\/v2\/media?parent=162"}],"curies":[{"name":"wp","href":"https:\/\/api.w.org\/{rel}","templated":true}]}}