{"id":149,"date":"2020-10-20T14:26:41","date_gmt":"2020-10-20T12:26:41","guid":{"rendered":"https:\/\/mwb.com.pl\/aprowizacja\/?page_id=149"},"modified":"2020-10-22T11:37:55","modified_gmt":"2020-10-22T09:37:55","slug":"wspolpraca","status":"publish","type":"page","link":"https:\/\/mwb.com.pl\/aprowizacja\/wspolpraca\/","title":{"rendered":"Wsp\u00f3\u0142praca"},"content":{"rendered":"<div id=\"pl-149\"  class=\"panel-layout\" ><div id=\"pg-149-0\"  class=\"panel-grid panel-no-style\" ><div id=\"pgc-149-0-0\"  class=\"panel-grid-cell\" ><div id=\"panel-149-0-0-0\" class=\"so-panel widget widget_text panel-first-child panel-last-child\" data-index=\"0\" ><h3 class=\"widget-title\">Wsp\u00f3\u0142praca<\/h3>\t\t\t<div class=\"textwidget\"><p>Wystawa powsta\u0142a przy pomocy:<\/p>\n<p>&#8211; 18. pu\u0142k rozpoznawczy<\/p>\n<p>&#8211; 25. Wojskowy Oddzia\u0142 Gospodarczy<\/p>\n<p>&#8211; Stowarzyszenie Pasjonat\u00f3w Historii Ziemi Podlaskiej oraz Kolekcjoner\u00f3w Militari\u00f3w \u201eGrupa Wsch\u00f3d\u201d<\/p>\n<p>&#8211; Firma \u201eHANDMET MILITARY\u201d z Gostynia<\/p>\n<p>&#8211; Osoby prywatne wsp\u00f3\u0142pracuj\u0105ce z Muzeum Wojska w Bia\u0142ymstoku<\/p>\n<\/div>\n\t\t<\/div><\/div><\/div><div id=\"pg-149-1\"  class=\"panel-grid panel-no-style\" ><div id=\"pgc-149-1-0\"  class=\"panel-grid-cell\" ><div id=\"panel-149-1-0-0\" class=\"widget_text so-panel widget widget_custom_html panel-first-child panel-last-child\" data-index=\"1\" ><div class=\"textwidget custom-html-widget\"><img decoding=\"async\" class=\"image\" style=\"max-width: 100%; height: auto;\" src=\"https:\/\/mwb.com.pl\/aprowizacja\/wp-content\/uploads\/logo\/mwb.jpg\" alt=\"Muzeum Wojska w Bia\u0142ymstoku\" height=\"200\" \/><\/div><\/div><\/div><div id=\"pgc-149-1-1\"  class=\"panel-grid-cell\" ><div id=\"panel-149-1-1-0\" class=\"widget_text so-panel widget widget_custom_html panel-first-child panel-last-child\" data-index=\"2\" ><div class=\"textwidget custom-html-widget\"><img decoding=\"async\" class=\"image\" style=\"max-width: 100%; height: auto;\" src=\"https:\/\/mwb.com.pl\/aprowizacja\/wp-content\/uploads\/logo\/bialystok.jpg\" alt=\"Miasto Bia\u0142ystok\" height=\"200\" \/><\/div><\/div><\/div><div id=\"pgc-149-1-2\"  class=\"panel-grid-cell\" ><div id=\"panel-149-1-2-0\" class=\"widget_text so-panel widget widget_custom_html panel-first-child panel-last-child\" data-index=\"3\" ><div class=\"textwidget custom-html-widget\"><img decoding=\"async\" class=\"image\" style=\"max-width: 100%; height: auto;\" src=\"https:\/\/mwb.com.pl\/aprowizacja\/wp-content\/uploads\/logo\/18pr.jpg\" alt=\"18. Pu\u0142k Rozpoznawczy\" height=\"200\" \/><\/div><\/div><\/div><div id=\"pgc-149-1-3\"  class=\"panel-grid-cell\" ><div id=\"panel-149-1-3-0\" class=\"widget_text so-panel widget widget_custom_html panel-first-child panel-last-child\" data-index=\"4\" ><div class=\"textwidget custom-html-widget\"><img decoding=\"async\" class=\"image\" style=\"max-width: 100%; height: auto;\" src=\"https:\/\/mwb.com.pl\/aprowizacja\/wp-content\/uploads\/logo\/wog.jpg\" alt=\"25. WOG\" height=\"200\" \/><\/div><\/div><\/div><div id=\"pgc-149-1-4\"  class=\"panel-grid-cell\" ><div id=\"panel-149-1-4-0\" class=\"widget_text so-panel widget widget_custom_html panel-first-child panel-last-child\" data-index=\"5\" ><div class=\"textwidget custom-html-widget\"><img decoding=\"async\" class=\"image\" style=\"max-width: 100%; height: auto;\" src=\"https:\/\/mwb.com.pl\/aprowizacja\/wp-content\/uploads\/logo\/grupa.JPG\" alt=\"Stowarzyszenie Grupa Wsch\u00f3d\" height=\"200\" \/><\/div><\/div><\/div><div id=\"pgc-149-1-5\"  class=\"panel-grid-cell\" ><div id=\"panel-149-1-5-0\" class=\"widget_text so-panel widget widget_custom_html panel-first-child panel-last-child\" data-index=\"6\" ><div class=\"textwidget custom-html-widget\"><img decoding=\"async\" class=\"image\" style=\"max-width: 100%; height: auto;\" src=\"https:\/\/mwb.com.pl\/aprowizacja\/wp-content\/uploads\/logo\/handmet.jpg\" alt=\"Handmet Military\" height=\"200\" \/><\/div><\/div><\/div><\/div><\/div>","protected":false},"excerpt":{"rendered":"<p class=\"excerpt\">Wystawa powsta\u0142a przy pomocy: &#8211; 18. pu\u0142k rozpoznawczy &#8211; 25. Wojskowy Oddzia\u0142 Gospodarczy &#8211; Stowarzyszenie Pasjonat\u00f3w Historii Ziemi Podlaskiej oraz Kolekcjoner\u00f3w Militari\u00f3w \u201eGrupa Wsch\u00f3d\u201d &#8211; Firma \u201eHANDMET MILITARY\u201d z Gostynia &#8211; Osoby prywatne wsp\u00f3\u0142pracuj\u0105ce z Muzeum Wojska w Bia\u0142ymstoku<\/p>\n","protected":false},"author":1,"featured_media":0,"parent":0,"menu_order":0,"comment_status":"closed","ping_status":"closed","template":"","meta":{"_vp_format_video_url":"","_vp_image_focal_point":[],"footnotes":""},"class_list":["post-149","page","type-page","status-publish","hentry"],"_links":{"self":[{"href":"https:\/\/mwb.com.pl\/aprowizacja\/wp-json\/wp\/v2\/pages\/149","targetHints":{"allow":["GET"]}}],"collection":[{"href":"https:\/\/mwb.com.pl\/aprowizacja\/wp-json\/wp\/v2\/pages"}],"about":[{"href":"https:\/\/mwb.com.pl\/aprowizacja\/wp-json\/wp\/v2\/types\/page"}],"author":[{"embeddable":true,"href":"https:\/\/mwb.com.pl\/aprowizacja\/wp-json\/wp\/v2\/users\/1"}],"replies":[{"embeddable":true,"href":"https:\/\/mwb.com.pl\/aprowizacja\/wp-json\/wp\/v2\/comments?post=149"}],"version-history":[{"count":8,"href":"https:\/\/mwb.com.pl\/aprowizacja\/wp-json\/wp\/v2\/pages\/149\/revisions"}],"predecessor-version":[{"id":209,"href":"https:\/\/mwb.com.pl\/aprowizacja\/wp-json\/wp\/v2\/pages\/149\/revisions\/209"}],"wp:attachment":[{"href":"https:\/\/mwb.com.pl\/aprowizacja\/wp-json\/wp\/v2\/media?parent=149"}],"curies":[{"name":"wp","href":"https:\/\/api.w.org\/{rel}","templated":true}]}}