{"id":625,"date":"2026-02-19T12:59:16","date_gmt":"2026-02-19T11:59:16","guid":{"rendered":"https:\/\/mwb.com.pl\/ankiety\/?page_id=625"},"modified":"2026-02-19T12:59:16","modified_gmt":"2026-02-19T11:59:16","slug":"warsztaty-z-malowania-witrazy","status":"publish","type":"page","link":"https:\/\/mwb.com.pl\/ankiety\/warsztaty-z-malowania-witrazy\/","title":{"rendered":"Warsztaty z malowania witra\u017cy"},"content":{"rendered":"<script>\n                            if (window.qmn_quiz_data === undefined) {\n                                    window.qmn_quiz_data = new Object();\n                            }\n                    <\/script><p>Zosta\u0142 wyczerpany limit zapis\u00f3w na zaj\u0119cia drog\u0105 elektroniczn\u0105. Prosimy o ewentualny kontakt telefoniczny.<\/p><br><script>window.qmn_quiz_data[\"25\"] = {\"quiz_id\":\"25\",\"quiz_name\":\"Warsztaty z malowania witra\\u017cy\",\"disable_answer\":0,\"ajax_show_correct\":0,\"progress_bar\":\"0\",\"contact_info_location\":0,\"qpages\":{\"1\":{\"id\":\"1\",\"quizID\":\"25\",\"pagekey\":\"IW2p47bY\",\"hide_prevbtn\":\"0\"}},\"skip_validation_time_expire\":0,\"timer_limit_val\":0,\"disable_scroll_next_previous_click\":0,\"disable_scroll_on_result\":0,\"disable_first_page\":0,\"enable_result_after_timer_end\":0,\"enable_quick_result_mc\":0,\"end_quiz_if_wrong\":0,\"form_disable_autofill\":0,\"disable_mathjax\":0,\"enable_quick_correct_answer_info\":\"0\",\"quick_result_correct_answer_text\":\"Correct! You have selected correct answer.\",\"quick_result_wrong_answer_text\":\"Wrong! You have selected wrong answer.\",\"quiz_processing_message\":\"\",\"quiz_limit_choice\":\"Limit of choice is reached.\",\"not_allow_after_expired_time\":\"1\",\"scheduled_time_end\":1772359260,\"prevent_reload\":\"\",\"limit_email_based_submission\":0,\"total_user_tries\":0,\"is_logged_in\":false,\"questions_settings\":[]}\n                    <\/script><div style=\"display: none;\" class=\"qsm-popup qsm-popup-slide\" id=\"modal-4\" aria-hidden=\"false\"><div class=\"qsm-popup__overlay\" tabindex=\"-1\" data-micromodal-close=\"\"><div class=\"qsm-popup__container qmn_quiz_container\" role=\"dialog\" aria-modal=\"true\"><div class=\"qsm-popup__content\"><img decoding=\"async\" src=\"https:\/\/mwb.com.pl\/ankiety\/wp-content\/plugins\/quiz-master-next\/assets\/clock.png\" alt=\"clock.png\"\/><p class=\"qsm-time-up-text\"> Time's up<\/p><\/div><footer class=\"qsm-popup__footer\"><button class=\"qsm-popup-secondary-button qmn_btn\" data-micromodal-close=\"\" aria-label=\"Close this dialog window\" onclick=\"location.reload();\">Cancel<\/button><\/footer><\/div><\/div><\/div>\n","protected":false},"excerpt":{"rendered":"","protected":false},"author":1,"featured_media":0,"parent":0,"menu_order":0,"comment_status":"closed","ping_status":"closed","template":"","meta":{"footnotes":""},"class_list":["post-625","page","type-page","status-publish","hentry"],"_links":{"self":[{"href":"https:\/\/mwb.com.pl\/ankiety\/wp-json\/wp\/v2\/pages\/625","targetHints":{"allow":["GET"]}}],"collection":[{"href":"https:\/\/mwb.com.pl\/ankiety\/wp-json\/wp\/v2\/pages"}],"about":[{"href":"https:\/\/mwb.com.pl\/ankiety\/wp-json\/wp\/v2\/types\/page"}],"author":[{"embeddable":true,"href":"https:\/\/mwb.com.pl\/ankiety\/wp-json\/wp\/v2\/users\/1"}],"replies":[{"embeddable":true,"href":"https:\/\/mwb.com.pl\/ankiety\/wp-json\/wp\/v2\/comments?post=625"}],"version-history":[{"count":1,"href":"https:\/\/mwb.com.pl\/ankiety\/wp-json\/wp\/v2\/pages\/625\/revisions"}],"predecessor-version":[{"id":626,"href":"https:\/\/mwb.com.pl\/ankiety\/wp-json\/wp\/v2\/pages\/625\/revisions\/626"}],"wp:attachment":[{"href":"https:\/\/mwb.com.pl\/ankiety\/wp-json\/wp\/v2\/media?parent=625"}],"curies":[{"name":"wp","href":"https:\/\/api.w.org\/{rel}","templated":true}]}}