{"id":46,"date":"2017-09-18T13:48:53","date_gmt":"2017-09-18T11:48:53","guid":{"rendered":"http:\/\/mwb.com.pl\/ankiety\/?page_id=46"},"modified":"2017-09-19T10:20:58","modified_gmt":"2017-09-19T08:20:58","slug":"ankieta-dla-nauczycieli","status":"publish","type":"page","link":"https:\/\/mwb.com.pl\/ankiety\/ankieta-dla-nauczycieli\/","title":{"rendered":"Ankieta dla nauczycieli"},"content":{"rendered":"<script>\n                            if (window.qmn_quiz_data === undefined) {\n                                    window.qmn_quiz_data = new Object();\n                            }\n                    <\/script><script>window.qmn_quiz_data[\"3\"] = {\"quiz_id\":\"3\",\"quiz_name\":\"Ankieta dla nauczycieli\",\"disable_answer\":\"0\",\"ajax_show_correct\":\"0\",\"progress_bar\":0,\"contact_info_location\":\"0\",\"qpages\":{\"1\":{\"id\":\"1\",\"quizID\":\"3\",\"pagekey\":\"5f57707144de4\",\"hide_prevbtn\":\"0\"}},\"skip_validation_time_expire\":1,\"timer_limit_val\":0,\"disable_scroll_next_previous_click\":0,\"disable_scroll_on_result\":0,\"disable_first_page\":0,\"enable_result_after_timer_end\":0,\"enable_quick_result_mc\":0,\"end_quiz_if_wrong\":0,\"form_disable_autofill\":0,\"disable_mathjax\":0,\"enable_quick_correct_answer_info\":0,\"quick_result_correct_answer_text\":\"Correct! You have selected correct answer.\",\"quick_result_wrong_answer_text\":\"Wrong! You have selected wrong answer.\",\"quiz_processing_message\":\"\",\"quiz_limit_choice\":\"Limit of choice is reached.\",\"not_allow_after_expired_time\":0,\"scheduled_time_end\":false,\"prevent_reload\":0,\"limit_email_based_submission\":0,\"total_user_tries\":0,\"is_logged_in\":false,\"error_messages\":{\"email_error_text\":\"Not a valid e-mail address!\",\"number_error_text\":\"This field must be a number!\",\"incorrect_error_text\":\"Wprowadzony tekst nie jest poprawny.\",\"empty_error_text\":\"Prosz\\u0119 wype\\u0142ni\\u0107 wszystkie wymagane pola\",\"contact_field_required_error_text\":\"Please complete all required fields!\",\"url_error_text\":\"The entered URL is not valid!\",\"minlength_error_text\":\"Required atleast %minlength% characters.\",\"maxlength_error_text\":\"Maximum %maxlength% characters allowed.\",\"recaptcha_error_text\":\"ReCaptcha is missing\",\"phone_error_text\":\"Phone number is invalid\"},\"first_page\":false,\"questions_settings\":[]}\n                    <\/script><style type='text\/css' id='qmn_quiz_template-css'>.mlw_qmn_quiz label {\r\n\t\t\t\tdisplay: inline;\r\n\t\t\t}\r\n\t\t\t.ui-tooltip\r\n\t\t\t{\r\n\t\t\t\tmax-width: 500px !important;\r\n\t\t\t}\r\n\t\t\t.ui-tooltip-content\r\n\t\t\t{\r\n\t\t\t\tmax-width: 500px !important;\r\n\t\t\t}\r\n\t\t\t.qmn_error, .qmn_page_error_message\r\n\t\t\t{\r\n\t\t\t\tcolor: red;\r\n\t\t\t}\r\n\t\t\t.mlw_qmn_hint_link\r\n\t\t\t{\r\n\t\t\ttext-decoration:underline;\r\n\t\t\tcolor:rgb(0,0,255);\r\n\t\t\t}\r\n\t\t\t.mlw_qmn_quiz_link\r\n\t\t\t{\r\n\t\t\t\tdisplay: inline;\r\n\t\t\t\tvertical-align:top !important;\r\n\t\t\t\ttext-decoration: none;\r\n\t\t\t}\r\n\t\t\tdiv.mlw_qmn_quiz input[type=radio],\r\n\t\t\tdiv.mlw_qmn_quiz input[type=submit],\r\n\t\t\tdiv.mlw_qmn_quiz label {\r\n\t\t\t\tcursor: pointer;\r\n\t\t\t}\r\n\t\t\tdiv.mlw_qmn_quiz input:not([type=submit]):focus,\r\n\t\t\tdiv.mlw_qmn_quiz textarea:focus {\r\n\t\t\t\tbackground: #eaeaea;\r\n\t\t\t}\r\n\t\t\tdiv.mlw_qmn_quiz {\r\n\t\t\t\ttext-align: left;\r\n\t\t\t}\r\n\t\t\tdiv.quiz_section {\r\n\r\n\t\t\t}\r\n\t\t\t.mlw_horizontal_choice\r\n\t\t\t{\r\n\t\t\t\tmargin-right: 20px;\r\n\t\t\t}\r\n\t\t\tdiv.mlw_qmn_timer {\r\n\t\t\t\tposition:fixed;\r\n\t\t\t\ttop:200px;\r\n\t\t\t\tright:0px;\r\n\t\t\t\twidth:130px;\r\n\t\t\t\tcolor:#00CCFF;\r\n\t\t\t\tborder-radius: 15px;\r\n\t\t\t\tbackground:#000000;\r\n\t\t\t\ttext-align: center;\r\n\t\t\t\tpadding: 15px 15px 15px 15px\r\n\t\t\t}\r\n\t\t\tdiv.mlw_qmn_quiz input[type=submit],\r\n\t\t\ta.mlw_qmn_quiz_link\r\n\t\t\t{\r\n\t\t\t\tborder-radius: 4px;\r\n\t\t\t\tposition: relative;\r\n\t\t\t\tbackground-image: linear-gradient(#fff,#dedede);\r\n\t\t\t\tbackground-color: #eee;\r\n\t\t\t\tborder: #ccc solid 1px;\r\n\t\t\t\tcolor: #333;\r\n\t\t\t\ttext-shadow: 0 1px 0 rgba(255,255,255,.5);\r\n\t\t\t\tbox-sizing: border-box;\r\n\t\t\t\tdisplay: inline-block;\r\n\t\t\t\tpadding: 7px 7px 7px 7px;\r\n\t\t\t\tmargin: auto;\r\n\t\t\t\tfont-weight: bold;\r\n\t\t\t\tcursor: pointer;\r\n\t\t\t}\r\n\t\t\t.mlw_qmn_question, .mlw_qmn_question_number, .mlw_qmn_comment_section_text\r\n\t\t\t{\r\n\t\t\t\tfont-weight: bold;\r\n\t\t\t}\r\n\t\t\t.mlw_next\r\n\t\t\t{\r\n\t\t\t\tfloat: right;\r\n\t\t\t}\r\n\t\t\t.mlw_previous\r\n\t\t\t{\r\n\t\t\t\tfloat: left;\r\n\t\t\t}\r\n\t\t\t.mlw_qmn_question_comment, .mlw_answer_open_text, .qmn_comment_section {\r\n\t\t\t\twidth: 100%;\r\n\t\t\t\tborder-radius: 7px;\r\n\t\t\t\tpadding: 2px 10px;\r\n\t\t\t\t-webkit-box-shadow: inset 0 3px 3px rgba(0,0,0,.075);\r\n\t\t\t\tbox-shadow: inset 0 3px 3px rgba(0,0,0,.075);\r\n\t\t\t\tborder: 1px solid #ccc;\r\n\t\t\t}\r\n\t\t<\/style>\t\t<div class='qsm-quiz-container qsm-quiz-container-3 qmn_quiz_container mlw_qmn_quiz  quiz_theme_default  '>\n\t\t\t\t\t\t\t\t<form name=\"quizForm3\" id=\"quizForm3\" action=\"\/ankiety\/wp-json\/wp\/v2\/pages\/46\" method=\"POST\" class=\"qsm-quiz-form qmn_quiz_form mlw_quiz_form\" novalidate enctype=\"multipart\/form-data\">\n\t\t\t\t<input type=\"hidden\" name=\"qsm_hidden_questions\" id=\"qsm_hidden_questions\" value=\"\">\n\t\t\t\t<input type=\"hidden\" name=\"qsm_nonce\" id=\"qsm_nonce_3\" value=\"941134733c\">\n\t\t\t\t<input type=\"hidden\" name=\"qsm_unique_key\" id=\"qsm_unique_key_3\" value=\"69d3fc7a79af1\">\n\t\t\t\t<div id=\"mlw_error_message\" class=\"qsm-error-message qmn_error_message_section\"><\/div>\n\t\t\t\t<span id=\"mlw_top_of_quiz\"><\/span>\n\t\t\t\t\t\t\t<section class=\"qsm-page \">\n\t\t\t\t\t\t\t\t<div class=\"quiz_section quiz_begin\">\n\t\t\t\t\t\t<div class='qsm-before-message mlw_qmn_message_before'>\n\t\t\t\t<p>Szanowni Pa\u0144stwo,<\/p>\n<p>Zapraszamy do wype\u0142nienia ankiety dotycz\u0105cej prowadzonych w muzeum zaj\u0119\u0107.<\/p>\n<p>Ankieta nie zawiera danych osobowych. Wyniki bada\u0144 b\u0119d\u0105 pokazywane w formie zbiorowej, a nie pojedynczych arkuszy. Zebrane informacje pos\u0142u\u017c\u0105 celom statystycznym.<br \/>\nWype\u0142nienie ankiety jest r\u00f3wnoznaczne z wyra\u017ceniem zgody na przetwarzanie danych w celach bada\u0144 Muzeum Wojska w Bia\u0142ymstoku.<br \/>\nCelem Ankiety jest poznanie preferencji naszych odwiedzaj\u0105cych. Pa\u0144stwa opinie zostan\u0105 wykorzystane w procesie doskonalenia poziomu us\u0142ug \u015bwiadczonych przez nasze muzeum.<\/p>\n\t\t\t\t\t\t<\/div>\n\t\t\t\t\t\t\t\t\t<\/div>\n\t\t\t\t\t\t\t\t\t<div class=\"quiz_section qsm-question-wrapper question-type-0 question-section-id-19 \" data-qid=\"19\">\n\t\t\t\t\t<div class='mlw_qmn_question ' >\n\t\t<p>1. Prosz\u0119 wskaza\u0107 przedzia\u0142 wiekowy Pana\/Pani grupy:<\/p>\n\t<\/div>\n\t\t<fieldset>\n\t\t<legend><\/legend>\n\t<div class='qmn_radio_answers '>\n\t\t\t\t\t\t\t\t<div class=\"qmn_mc_answer_wrap  mrq_checkbox_class\" id=\"question19-1 \">\n\t\t\t\t\t\t\t\t\t\t\t<input type='radio' class='qmn_quiz_radio qmn-multiple-choice-input ' name=\"question19\" id=\"question19_1\" value=\"0\" \/>\n\t\t\t\t\t<label class=\"qsm-input-label\" for=\"question19_1\">\n\t\t\t\t\t4-6 lat\t\t\t\t\t<\/label>\n\t\t\t\t\t \t\t\t\t<\/div>\n\t\t\t\t\t\t\t\t\t\t\t<div class=\"qmn_mc_answer_wrap  mrq_checkbox_class\" id=\"question19-2 \">\n\t\t\t\t\t\t\t\t\t\t\t<input type='radio' class='qmn_quiz_radio qmn-multiple-choice-input ' name=\"question19\" id=\"question19_2\" value=\"1\" \/>\n\t\t\t\t\t<label class=\"qsm-input-label\" for=\"question19_2\">\n\t\t\t\t\t7-9 lat\t\t\t\t\t<\/label>\n\t\t\t\t\t \t\t\t\t<\/div>\n\t\t\t\t\t\t\t\t\t\t\t<div class=\"qmn_mc_answer_wrap  mrq_checkbox_class\" id=\"question19-3 \">\n\t\t\t\t\t\t\t\t\t\t\t<input type='radio' class='qmn_quiz_radio qmn-multiple-choice-input ' name=\"question19\" id=\"question19_3\" value=\"2\" \/>\n\t\t\t\t\t<label class=\"qsm-input-label\" for=\"question19_3\">\n\t\t\t\t\t10-12 lat\t\t\t\t\t<\/label>\n\t\t\t\t\t \t\t\t\t<\/div>\n\t\t\t\t\t\t\t\t\t\t\t<div class=\"qmn_mc_answer_wrap  mrq_checkbox_class\" id=\"question19-4 \">\n\t\t\t\t\t\t\t\t\t\t\t<input type='radio' class='qmn_quiz_radio qmn-multiple-choice-input ' name=\"question19\" id=\"question19_4\" value=\"3\" \/>\n\t\t\t\t\t<label class=\"qsm-input-label\" for=\"question19_4\">\n\t\t\t\t\t13-15 lat\t\t\t\t\t<\/label>\n\t\t\t\t\t \t\t\t\t<\/div>\n\t\t\t\t\t\t\t\t\t\t\t<div class=\"qmn_mc_answer_wrap  mrq_checkbox_class\" id=\"question19-5 \">\n\t\t\t\t\t\t\t\t\t\t\t<input type='radio' class='qmn_quiz_radio qmn-multiple-choice-input ' name=\"question19\" id=\"question19_5\" value=\"4\" \/>\n\t\t\t\t\t<label class=\"qsm-input-label\" for=\"question19_5\">\n\t\t\t\t\t16+ lat\t\t\t\t\t<\/label>\n\t\t\t\t\t \t\t\t\t<\/div>\n\t\t\t\t\t \t\t\t<label style=\"display: none !important;\" for=\"question19_none\">None<\/label>\n\t\t\t<input type=\"radio\" style=\"display: none;\" name=\"question19\" id=\"question19_none\" checked=\"checked\" value=\"\" \/>\n\t\t\t\t<\/div>\n\t<\/fieldset>\n\t<input type=\"hidden\" name=\"answer_limit_keys_19\" value=\"\" \/>\n\t\t\t\t\t\t<\/div>\n\t\t\t\t\t\t\t\t\t<div class=\"quiz_section qsm-question-wrapper question-type-4 question-section-id-20 \" data-qid=\"20\">\n\t\t\t\t\t<div class='mlw_qmn_question ' >\n\t\t<p>2. Sk\u0105d dowiedzia\u0142\/a si\u0119 Pan\/Pani o ofercie Muzeum Wojska w Bia\u0142ymstoku?<\/p>\n\t<\/div>\n\t\t<fieldset>\n\t\t<legend><\/legend>\n\t<div class=\"qmn_check_answers \">\n\t\t\t\t\t\t\t<div class=\"qsm_check_answer  mrq_checkbox_class\">\n\t\t\t\t\t\t<input type=\"checkbox\" class=\"qsm-multiple-response-input\"  name=\"question20[]\" id=\"question20_1\" value=\"0\" \/>\n\t\t\t\t\t\t<label class=\"qsm-input-label\" for=\"question20_1\">\n\t\t\t\t\t\t\tTelewizja\t\t\t\t\t\t<\/label>\n\t\t\t\t\t<\/div>\n\t\t\t\t\t\t\t\t\t\t<div class=\"qsm_check_answer  mrq_checkbox_class\">\n\t\t\t\t\t\t<input type=\"checkbox\" class=\"qsm-multiple-response-input\"  name=\"question20[]\" id=\"question20_2\" value=\"1\" \/>\n\t\t\t\t\t\t<label class=\"qsm-input-label\" for=\"question20_2\">\n\t\t\t\t\t\t\tNauczyciele\t\t\t\t\t\t<\/label>\n\t\t\t\t\t<\/div>\n\t\t\t\t\t\t\t\t\t\t<div class=\"qsm_check_answer  mrq_checkbox_class\">\n\t\t\t\t\t\t<input type=\"checkbox\" class=\"qsm-multiple-response-input\"  name=\"question20[]\" id=\"question20_3\" value=\"2\" \/>\n\t\t\t\t\t\t<label class=\"qsm-input-label\" for=\"question20_3\">\n\t\t\t\t\t\t\tPrasa\t\t\t\t\t\t<\/label>\n\t\t\t\t\t<\/div>\n\t\t\t\t\t\t\t\t\t\t<div class=\"qsm_check_answer  mrq_checkbox_class\">\n\t\t\t\t\t\t<input type=\"checkbox\" class=\"qsm-multiple-response-input\"  name=\"question20[]\" id=\"question20_4\" value=\"3\" \/>\n\t\t\t\t\t\t<label class=\"qsm-input-label\" for=\"question20_4\">\n\t\t\t\t\t\t\tBezpo\u015brednie zaproszenie Muzeum\t\t\t\t\t\t<\/label>\n\t\t\t\t\t<\/div>\n\t\t\t\t\t\t\t\t\t\t<div class=\"qsm_check_answer  mrq_checkbox_class\">\n\t\t\t\t\t\t<input type=\"checkbox\" class=\"qsm-multiple-response-input\"  name=\"question20[]\" id=\"question20_5\" value=\"4\" \/>\n\t\t\t\t\t\t<label class=\"qsm-input-label\" for=\"question20_5\">\n\t\t\t\t\t\t\tInternet\t\t\t\t\t\t<\/label>\n\t\t\t\t\t<\/div>\n\t\t\t\t\t\t\t\t\t\t<div class=\"qsm_check_answer  mrq_checkbox_class\">\n\t\t\t\t\t\t<input type=\"checkbox\" class=\"qsm-multiple-response-input\"  name=\"question20[]\" id=\"question20_6\" value=\"5\" \/>\n\t\t\t\t\t\t<label class=\"qsm-input-label\" for=\"question20_6\">\n\t\t\t\t\t\t\tRodzice uczni\u00f3w\t\t\t\t\t\t<\/label>\n\t\t\t\t\t<\/div>\n\t\t\t\t\t\t<\/div>\n\t<\/fieldset>\n\t<input type=\"hidden\" name=\"answer_limit_keys_20\" value=\"\" \/>\n\t\t\t\t\t\t<\/div>\n\t\t\t\t\t\t\t\t\t<div class=\"quiz_section qsm-question-wrapper question-type-3 question-section-id-21 \" data-qid=\"21\">\n\t\t\t\t\t<div class='mlw_qmn_question ' >\n\t\t<p>Inne - jakie? &nbsp;&nbsp;<\/p>\n\t<\/div>\n\t\t<input  type=\"text\" class=\"mlw_answer_open_text \" id=\"question21\" name=\"question21\"   Placeholder=\"\" \/>\n\t\t\t\t\t\t<\/div>\n\t\t\t\t\t\t\t\t\t<div class=\"quiz_section qsm-question-wrapper question-type-4 question-section-id-22 \" data-qid=\"22\">\n\t\t\t\t\t<div class='mlw_qmn_question ' >\n\t\t<p>3. Jak ocenia Pan\/Pani warto\u015b\u0107 merytoryczn\u0105 zaj\u0119\u0107?<\/p>\n\t<\/div>\n\t\t<fieldset>\n\t\t<legend><\/legend>\n\t<div class=\"qmn_check_answers \">\n\t\t\t\t\t\t\t<div class=\"qsm_check_answer  mrq_checkbox_class\">\n\t\t\t\t\t\t<input type=\"checkbox\" class=\"qsm-multiple-response-input\"  name=\"question22[]\" id=\"question22_1\" value=\"0\" \/>\n\t\t\t\t\t\t<label class=\"qsm-input-label\" for=\"question22_1\">\n\t\t\t\t\t\t\tBardzo ciekawe zaj\u0119cia\t\t\t\t\t\t<\/label>\n\t\t\t\t\t<\/div>\n\t\t\t\t\t\t\t\t\t\t<div class=\"qsm_check_answer  mrq_checkbox_class\">\n\t\t\t\t\t\t<input type=\"checkbox\" class=\"qsm-multiple-response-input\"  name=\"question22[]\" id=\"question22_2\" value=\"1\" \/>\n\t\t\t\t\t\t<label class=\"qsm-input-label\" for=\"question22_2\">\n\t\t\t\t\t\t\tOferta Muzeum niczym nie zaskakuje\t\t\t\t\t\t<\/label>\n\t\t\t\t\t<\/div>\n\t\t\t\t\t\t\t\t\t\t<div class=\"qsm_check_answer  mrq_checkbox_class\">\n\t\t\t\t\t\t<input type=\"checkbox\" class=\"qsm-multiple-response-input\"  name=\"question22[]\" id=\"question22_3\" value=\"2\" \/>\n\t\t\t\t\t\t<label class=\"qsm-input-label\" for=\"question22_3\">\n\t\t\t\t\t\t\tUczniowie nabyli szerok\u0105 wiedz\u0119 historyczn\u0105\t\t\t\t\t\t<\/label>\n\t\t\t\t\t<\/div>\n\t\t\t\t\t\t\t\t\t\t<div class=\"qsm_check_answer  mrq_checkbox_class\">\n\t\t\t\t\t\t<input type=\"checkbox\" class=\"qsm-multiple-response-input\"  name=\"question22[]\" id=\"question22_4\" value=\"3\" \/>\n\t\t\t\t\t\t<label class=\"qsm-input-label\" for=\"question22_4\">\n\t\t\t\t\t\t\tTre\u015b\u0107 nie zaciekawi\u0142a uczni\u00f3w\t\t\t\t\t\t<\/label>\n\t\t\t\t\t<\/div>\n\t\t\t\t\t\t\t\t\t\t<div class=\"qsm_check_answer  mrq_checkbox_class\">\n\t\t\t\t\t\t<input type=\"checkbox\" class=\"qsm-multiple-response-input\"  name=\"question22[]\" id=\"question22_5\" value=\"4\" \/>\n\t\t\t\t\t\t<label class=\"qsm-input-label\" for=\"question22_5\">\n\t\t\t\t\t\t\tWiedza zostanie przez uczni\u00f3w wykorzystana na zaj\u0119ciach w szkole\t\t\t\t\t\t<\/label>\n\t\t\t\t\t<\/div>\n\t\t\t\t\t\t\t\t\t\t<div class=\"qsm_check_answer  mrq_checkbox_class\">\n\t\t\t\t\t\t<input type=\"checkbox\" class=\"qsm-multiple-response-input\"  name=\"question22[]\" id=\"question22_6\" value=\"5\" \/>\n\t\t\t\t\t\t<label class=\"qsm-input-label\" for=\"question22_6\">\n\t\t\t\t\t\t\tForma zach\u0119caj\u0105ca uczni\u00f3w do poznawania tematu\t\t\t\t\t\t<\/label>\n\t\t\t\t\t<\/div>\n\t\t\t\t\t\t\t\t\t\t<div class=\"qsm_check_answer  mrq_checkbox_class\">\n\t\t\t\t\t\t<input type=\"checkbox\" class=\"qsm-multiple-response-input\"  name=\"question22[]\" id=\"question22_7\" value=\"6\" \/>\n\t\t\t\t\t\t<label class=\"qsm-input-label\" for=\"question22_7\">\n\t\t\t\t\t\t\tProwadz\u0105cy niewystarczaj\u0105co zaciekawi\u0142 uczni\u00f3w tematem\t\t\t\t\t\t<\/label>\n\t\t\t\t\t<\/div>\n\t\t\t\t\t\t\t\t\t\t<div class=\"qsm_check_answer  mrq_checkbox_class\">\n\t\t\t\t\t\t<input type=\"checkbox\" class=\"qsm-multiple-response-input\"  name=\"question22[]\" id=\"question22_8\" value=\"7\" \/>\n\t\t\t\t\t\t<label class=\"qsm-input-label\" for=\"question22_8\">\n\t\t\t\t\t\t\tMonotonne zaj\u0119cia\t\t\t\t\t\t<\/label>\n\t\t\t\t\t<\/div>\n\t\t\t\t\t\t<\/div>\n\t<\/fieldset>\n\t<input type=\"hidden\" name=\"answer_limit_keys_22\" value=\"\" \/>\n\t\t\t\t\t\t<\/div>\n\t\t\t\t\t\t\t\t\t<div class=\"quiz_section qsm-question-wrapper question-type-3 question-section-id-23 \" data-qid=\"23\">\n\t\t\t\t\t<div class='mlw_qmn_question ' >\n\t\t<p>Inne - jakie? &nbsp;&nbsp;<\/p>\n\t<\/div>\n\t\t<input  type=\"text\" class=\"mlw_answer_open_text \" id=\"question23\" name=\"question23\"   Placeholder=\"\" \/>\n\t\t\t\t\t\t<\/div>\n\t\t\t\t\t\t\t\t\t<div class=\"quiz_section qsm-question-wrapper question-type-1 question-section-id-28 \" data-qid=\"28\">\n\t\t\t\t\t<div class='mlw_qmn_question ' >\n\t\t<p>4. Jak oceni\u0142\/aby Pan\/Pani zaj\u0119cia w muzeum? Prosz\u0119 poda\u0107 liczb\u0119 od 1 do 5 \u2013 przy czym 1 to bardzo \u017ale, a 5 bardzo dobrze.<\/p>\n\t<\/div>\n\t\t<fieldset>\n\t\t<legend><\/legend>\n\t<div class=\"qmn_radio_answers qmn_radio_horizontal_answers \">\n\t\t\t\t\t\t\t<span class=\"mlw_horizontal_choice  mrq_checkbox_class\">\n\t\t\t\t\t\t<input type=\"radio\" class=\"qmn_quiz_radio qmn-multiple-choice-input \" name=\"question28\" id=\"question28_1\" value=\"0\" \/>\n\t\t\t\t\t\t<label class=\"qsm-input-label\" for=\"question28_1\">\n\t\t\t\t\t\t\t1\t\t\t\t\t\t<\/label>\n\t\t\t\t\t\t\t\t\t\t\t<\/span>\n\t\t\t\t\t\t\t\t\t\t<span class=\"mlw_horizontal_choice  mrq_checkbox_class\">\n\t\t\t\t\t\t<input type=\"radio\" class=\"qmn_quiz_radio qmn-multiple-choice-input \" name=\"question28\" id=\"question28_2\" value=\"1\" \/>\n\t\t\t\t\t\t<label class=\"qsm-input-label\" for=\"question28_2\">\n\t\t\t\t\t\t\t2\t\t\t\t\t\t<\/label>\n\t\t\t\t\t\t\t\t\t\t\t<\/span>\n\t\t\t\t\t\t\t\t\t\t<span class=\"mlw_horizontal_choice  mrq_checkbox_class\">\n\t\t\t\t\t\t<input type=\"radio\" class=\"qmn_quiz_radio qmn-multiple-choice-input \" name=\"question28\" id=\"question28_3\" value=\"2\" \/>\n\t\t\t\t\t\t<label class=\"qsm-input-label\" for=\"question28_3\">\n\t\t\t\t\t\t\t3\t\t\t\t\t\t<\/label>\n\t\t\t\t\t\t\t\t\t\t\t<\/span>\n\t\t\t\t\t\t\t\t\t\t<span class=\"mlw_horizontal_choice  mrq_checkbox_class\">\n\t\t\t\t\t\t<input type=\"radio\" class=\"qmn_quiz_radio qmn-multiple-choice-input \" name=\"question28\" id=\"question28_4\" value=\"3\" \/>\n\t\t\t\t\t\t<label class=\"qsm-input-label\" for=\"question28_4\">\n\t\t\t\t\t\t\t4\t\t\t\t\t\t<\/label>\n\t\t\t\t\t\t\t\t\t\t\t<\/span>\n\t\t\t\t\t\t\t\t\t\t<span class=\"mlw_horizontal_choice  mrq_checkbox_class\">\n\t\t\t\t\t\t<input type=\"radio\" class=\"qmn_quiz_radio qmn-multiple-choice-input \" name=\"question28\" id=\"question28_5\" value=\"4\" \/>\n\t\t\t\t\t\t<label class=\"qsm-input-label\" for=\"question28_5\">\n\t\t\t\t\t\t\t5\t\t\t\t\t\t<\/label>\n\t\t\t\t\t\t\t\t\t\t\t<\/span>\n\t\t\t\t\t\t\t\t<label style=\"display: none !important;\" for=\"question28_none\">None<\/label>\n\t\t\t<input type=\"radio\" style=\"display: none;\" name=\"question28\" id=\"question28_none\" checked=\"checked\" value=\"\" \/>\n\t\t\t\t<\/div>\n\t<\/fieldset>\n\t<input type=\"hidden\" name=\"answer_limit_keys_28\" value=\"\" \/>\n\t\t\t\t\t\t<\/div>\n\t\t\t\t\t\t\t\t\t<div class=\"quiz_section qsm-question-wrapper question-type-5 question-section-id-32 \" data-qid=\"32\">\n\t\t\t\t\t\t<div class='mlw_qmn_new_question'><label class=\"qsm-question-title-label\" for=\"question32\">5. Jaka tematyka zaj\u0119\u0107 mog\u0142aby zainteresowa\u0107 Pana\/Pani\u0105 i Pana\/Pani podopiecznych? <\/label><\/div>\n\t\t\t<div class='mlw_qmn_question  qsm_remove_bold' >\n\t\t<p><\/p>\n\t<\/div>\n\t\t<textarea class=\"mlw_answer_open_text \" cols=\"70\" rows=\"5\" id=\"question32\" name=\"question32\"   placeholder=\"\" \/><\/textarea>\n\t\t\t\t\t\t<\/div>\n\t\t\t\t\t\t\t\t\t<div class=\"quiz_section qsm-question-wrapper question-type-0 question-section-id-29 \" data-qid=\"29\">\n\t\t\t\t\t<div class='mlw_qmn_question ' >\n\t\t<p>6. Czy w Pana\/Pani odczuciu tre\u015b\u0107 odbytych zaj\u0119\u0107 jest korelatywna z ich opisem w przedstawionej ofercie edukacyjnej?<\/p>\n\t<\/div>\n\t\t<fieldset>\n\t\t<legend><\/legend>\n\t<div class='qmn_radio_answers '>\n\t\t\t\t\t\t\t\t<div class=\"qmn_mc_answer_wrap  mrq_checkbox_class\" id=\"question29-1 \">\n\t\t\t\t\t\t\t\t\t\t\t<input type='radio' class='qmn_quiz_radio qmn-multiple-choice-input ' name=\"question29\" id=\"question29_1\" value=\"0\" \/>\n\t\t\t\t\t<label class=\"qsm-input-label\" for=\"question29_1\">\n\t\t\t\t\tTak\t\t\t\t\t<\/label>\n\t\t\t\t\t \t\t\t\t<\/div>\n\t\t\t\t\t\t\t\t\t\t\t<div class=\"qmn_mc_answer_wrap  mrq_checkbox_class\" id=\"question29-2 \">\n\t\t\t\t\t\t\t\t\t\t\t<input type='radio' class='qmn_quiz_radio qmn-multiple-choice-input ' name=\"question29\" id=\"question29_2\" value=\"1\" \/>\n\t\t\t\t\t<label class=\"qsm-input-label\" for=\"question29_2\">\n\t\t\t\t\tNie\t\t\t\t\t<\/label>\n\t\t\t\t\t \t\t\t\t<\/div>\n\t\t\t\t\t\t\t\t\t\t\t<div class=\"qmn_mc_answer_wrap  mrq_checkbox_class\" id=\"question29-3 \">\n\t\t\t\t\t\t\t\t\t\t\t<input type='radio' class='qmn_quiz_radio qmn-multiple-choice-input ' name=\"question29\" id=\"question29_3\" value=\"2\" \/>\n\t\t\t\t\t<label class=\"qsm-input-label\" for=\"question29_3\">\n\t\t\t\t\tNie mam zdania\t\t\t\t\t<\/label>\n\t\t\t\t\t \t\t\t\t<\/div>\n\t\t\t\t\t \t\t\t<label style=\"display: none !important;\" for=\"question29_none\">None<\/label>\n\t\t\t<input type=\"radio\" style=\"display: none;\" name=\"question29\" id=\"question29_none\" checked=\"checked\" value=\"\" \/>\n\t\t\t\t<\/div>\n\t<\/fieldset>\n\t<input type=\"hidden\" name=\"answer_limit_keys_29\" value=\"\" \/>\n\t\t\t\t\t\t<\/div>\n\t\t\t\t\t\t\t\t\t<div class=\"quiz_section qsm-question-wrapper question-type-9 question-section-id-31 \" data-qid=\"31\">\n\t\t\t\t\t<span class=\"mlw_qmn_question\">\n\t\t<div class='mlw_qmn_question ' >\n\t\t<p>Prosimy o przepisanie podanego tekstu (wymagane jako zabezpieczenie przed robotami spamuj\u0105cymi):<\/p>\n\t<\/div>\n\t\t<\/span>\n\t<div class=\"mlw_captchaWrap\">\n\t\t<canvas alt=\"\" id=\"mlw_captcha\" class=\"mlw_captcha\" width=\"100\" height=\"50\"><\/canvas>\n\t<\/div>\n\t<input type=\"text\" class=\"mlw_answer_open_text mlwRequiredCaptcha\" id=\"mlw_captcha_text\" name=\"mlw_user_captcha\"\/>\n\t<input type=\"hidden\" name=\"mlw_code_captcha\" id=\"mlw_code_captcha\" value=\"none\" \/>\n\t\t\t\t\t\t<\/div>\n\t\t\t\t\t\t\t<\/section>\n\t\t\t\t\t<input type=\"hidden\" name=\"qmn_question_list\" value=\"19Q20Q21Q22Q23Q28Q32Q29Q31Q\" \/>\n\t\t\t\t\t\t\t<div id=\"mlw_error_message_bottom\" class=\"qsm-error-message qmn_error_message_section\"><\/div>\n\t\t\t\t\t<input type=\"hidden\" name=\"qmn_all_questions_count\" id=\"qmn_all_questions_count\" value=\"9\" \/>\n\t\t\t\t\t<input type=\"hidden\" name=\"total_questions\" id=\"total_questions\" value=\"8\" \/>\n\t\t\t\t\t<input type=\"hidden\" name=\"timer\" id=\"timer\" value=\"0\" \/>\n\t\t\t\t\t<input type=\"hidden\" name=\"timer_ms\" id=\"timer_ms\" value=\"0\"\/>\n\t\t\t\t\t<input type=\"hidden\" class=\"qmn_quiz_id\" name=\"qmn_quiz_id\" id=\"qmn_quiz_id\" value=\"3\" \/>\n\t\t\t\t\t<input type='hidden' name='complete_quiz' value='confirmation' \/>\n\t\t\t\t\t\t\t\t\t<\/form>\n\t\t\t\t\t\t<\/div>\n\t\t<div style=\"display: none;\" class=\"qsm-popup qsm-popup-slide\" id=\"modal-4\" aria-hidden=\"false\"><div class=\"qsm-popup__overlay\" tabindex=\"-1\" data-micromodal-close=\"\"><div class=\"qsm-popup__container qmn_quiz_container\" role=\"dialog\" aria-modal=\"true\"><div class=\"qsm-popup__content\"><img decoding=\"async\" src=\"https:\/\/mwb.com.pl\/ankiety\/wp-content\/plugins\/quiz-master-next\/assets\/clock.png\" alt=\"clock.png\"\/><p class=\"qsm-time-up-text\"> Time's up<\/p><\/div><footer class=\"qsm-popup__footer\"><button class=\"qsm-popup-secondary-button qmn_btn\" data-micromodal-close=\"\" aria-label=\"Close this dialog window\" onclick=\"location.reload();\">Cancel<\/button><\/footer><\/div><\/div><\/div>\n","protected":false},"excerpt":{"rendered":"","protected":false},"author":2,"featured_media":0,"parent":0,"menu_order":0,"comment_status":"closed","ping_status":"closed","template":"","meta":{"footnotes":""},"class_list":["post-46","page","type-page","status-publish","hentry"],"_links":{"self":[{"href":"https:\/\/mwb.com.pl\/ankiety\/wp-json\/wp\/v2\/pages\/46","targetHints":{"allow":["GET"]}}],"collection":[{"href":"https:\/\/mwb.com.pl\/ankiety\/wp-json\/wp\/v2\/pages"}],"about":[{"href":"https:\/\/mwb.com.pl\/ankiety\/wp-json\/wp\/v2\/types\/page"}],"author":[{"embeddable":true,"href":"https:\/\/mwb.com.pl\/ankiety\/wp-json\/wp\/v2\/users\/2"}],"replies":[{"embeddable":true,"href":"https:\/\/mwb.com.pl\/ankiety\/wp-json\/wp\/v2\/comments?post=46"}],"version-history":[{"count":1,"href":"https:\/\/mwb.com.pl\/ankiety\/wp-json\/wp\/v2\/pages\/46\/revisions"}],"predecessor-version":[{"id":47,"href":"https:\/\/mwb.com.pl\/ankiety\/wp-json\/wp\/v2\/pages\/46\/revisions\/47"}],"wp:attachment":[{"href":"https:\/\/mwb.com.pl\/ankiety\/wp-json\/wp\/v2\/media?parent=46"}],"curies":[{"name":"wp","href":"https:\/\/api.w.org\/{rel}","templated":true}]}}