{"id":129,"date":"2017-09-28T10:05:02","date_gmt":"2017-09-28T08:05:02","guid":{"rendered":"http:\/\/mwb.com.pl\/ankiety\/?page_id=129"},"modified":"2026-02-05T09:56:29","modified_gmt":"2026-02-05T08:56:29","slug":"deklaracja-dostepnosci","status":"publish","type":"page","link":"https:\/\/mwb.com.pl\/ankiety\/deklaracja-dostepnosci\/","title":{"rendered":"Deklaracja dost\u0119pno\u015bci"},"content":{"rendered":"<p><strong>1. Wst\u0119p<\/strong><\/p>\n<p>Muzeum Wojska w Bia\u0142ymstoku zobowi\u0105zuje si\u0119 zapewni\u0107 dost\u0119pno\u015b\u0107 strony internetowej mwb.com.pl zgodnie z ustaw\u0105 z dnia 4 kwietnia 2019 r. o dost\u0119pno\u015bci cyfrowej stron internetowych i aplikacji mobilnych podmiot\u00f3w publicznych.<\/p>\n<p>O\u015bwiadczenie w sprawie dost\u0119pno\u015bci ma zastosowanie do strony mwb.com.pl i wszystkich podstron.<\/p>\n<p>Data publikacji strony internetowej: 28.09.2017 r.<br \/>\nData ostatniej du\u017cej aktualizacji: 31.01.2023 r.<br \/>\nData ostatniego przegl\u0105du: 05.02.2026 r.<\/p>\n<p>Strona internetowa jest zgodna z ustaw\u0105 o dost\u0119pno\u015bci cyfrowej stron internetowych i aplikacji mobilnych podmiot\u00f3w publicznych.<\/p>\n<p>O\u015bwiadczenie sporz\u0105dzono: 27.01.2020 r.<\/p>\n<p>Deklaracj\u0119 sporz\u0105dzono na podstawie samooceny przeprowadzonej przez podmiot publiczny.<br \/>\nZale\u017cy nam, aby ka\u017cdy Internauta mia\u0142 pe\u0142ny dost\u0119p do zamieszczanych materia\u0142\u00f3w i funkcjonalno\u015bci, a serwis by\u0142 zgodny z mi\u0119dzynarodowymi Wytycznymi dla dost\u0119pno\u015bci tre\u015bci internetowych 2.0 (WCAG 2.0)<\/p>\n<p><strong>2. Dost\u0119pna strona<\/strong><\/p>\n<p><strong>Nawigacja<\/strong><\/p>\n<p>Na stronie internetowej mo\u017cna korzysta\u0107 ze standardowych skr\u00f3t\u00f3w klawiaturowych.<br \/>\nNasze strony powinno da\u0107 si\u0119 znacz\u0105co powi\u0119kszy\u0107 dost\u0119pnymi narz\u0119dziami przegl\u0105darki.<\/p>\n<p><strong>Dokumenty<\/strong><\/p>\n<p>Na stronie w kilku miejscach znajduj\u0105 si\u0119 pliki do pobrania w formie pdf.<br \/>\nW miar\u0119 mo\u017cliwo\u015bci publikujemy tak\u017ce ich dost\u0119pne wersje alternatywne.<\/p>\n<p><strong>Opisy alternatywne grafik i zdj\u0119\u0107<\/strong><\/p>\n<p>Pami\u0119tamy, aby do grafik i zdj\u0119\u0107, prezentuj\u0105cych istotne informacje, doda\u0107 opisy alternatywne.<br \/>\nPrzyciski i pola formularzy s\u0105 w\u0142a\u015bciwie opisane.<\/p>\n<p><strong>Powi\u0119kszanie strony<\/strong><\/p>\n<p>Serwis zosta\u0142 wyposa\u017cony w narz\u0119dzie powi\u0119kszania tekstu, przegl\u0105darki internetowe za pomoc\u0105 skr\u00f3t\u00f3w klawiaturowych lub odpowiednich ustawie\u0144 r\u00f3wnie\u017c umo\u017cliwiaj\u0105 powi\u0119kszenie strony.<\/p>\n<p><strong>Kontrast<\/strong><\/p>\n<p>Serwis zosta\u0142 wyposa\u017cony w narz\u0119dzie zmiany kontrastu. Kontrast kolorystyczny element\u00f3w przekazuj\u0105cych tre\u015bci ma stosunek jasno\u015bci tekstu do t\u0142a co najmniej 4,5 do 1.<\/p>\n<p><strong>Multimedia<\/strong><\/p>\n<p>Do umieszczanych materia\u0142\u00f3w filmowych dodajemy napisy. Cz\u0119\u015b\u0107 materia\u0142\u00f3w jest opatrzona audiodeskrypcj\u0105.<br \/>\nZrozumia\u0142o\u015b\u0107 i czytelno\u015b\u0107 tre\u015bci<br \/>\nStaramy si\u0119, aby nasze tre\u015bci by\u0142y zrozumia\u0142e, a spos\u00f3b ich prezentowania wp\u0142ywa\u0142 na lepsz\u0105 czytelno\u015b\u0107 materia\u0142\u00f3w i pomaga\u0142 w odbiorze informacji.<\/p>\n<p>Zapewnienie dost\u0119pno\u015bci serwis\u00f3w to proces ci\u0105g\u0142y.<br \/>\nStaramy si\u0119 zapewni\u0107 dost\u0119pno\u015b\u0107 naszych serwis\u00f3w, jednak je\u017celi znajdziesz b\u0142\u0119dy, masz uwagi lub chcesz nam pom\u00f3c poprawi\u0107 nasze strony prosimy o kontakt pod adres e-mail: blewoc@mwb.com.pl.<\/p>\n<p><strong>Informacje zwrotne i dane kontaktowe<\/strong><\/p>\n<p>W przypadku problem\u00f3w z dost\u0119pno\u015bci\u0105 strony internetowej prosimy o kontakt pod adresem poczty elektronicznej: biuro@mwb.com.pl<br \/>\nT\u0105 sam\u0105 drog\u0105 mo\u017cna sk\u0142ada\u0107 wnioski o udost\u0119pnienie informacji niedost\u0119pnej oraz sk\u0142ada\u0107 skargi na brak zapewnienia dost\u0119pno\u015bci.<\/p>\n<p><strong>Procedura<\/strong><\/p>\n<p>Ka\u017cdy ma prawo do wyst\u0105pienia z \u017c\u0105daniem zapewnienia dost\u0119pno\u015bci cyfrowej strony internetowej, aplikacji mobilnej lub jakiego\u015b ich elementu. Mo\u017cna tak\u017ce za\u017c\u0105da\u0107 udost\u0119pnienia informacji w formach alternatywnych, na przyk\u0142ad odczytanie niedost\u0119pnego cyfrowo dokumentu, opisania zawarto\u015bci filmu bez audiodeskrypcji itp. \u017b\u0105danie powinno zawiera\u0107 dane osoby zg\u0142aszaj\u0105cej \u017c\u0105danie, wskazanie, o kt\u00f3r\u0105 stron\u0119 internetow\u0105 lub aplikacj\u0119 mobiln\u0105 chodzi oraz spos\u00f3b kontaktu. Je\u017celi osoba \u017c\u0105daj\u0105ca zg\u0142asza potrzeb\u0119 otrzymania informacji w formie alternatywnej, powinna tak\u017ce okre\u015bli\u0107 form\u0119 tej informacji.<\/p>\n<p>Podmiot publiczny powinien zrealizowa\u0107 \u017c\u0105danie niezw\u0142ocznie i nie p\u00f3\u017aniej, ni\u017c w ci\u0105gu 7 dni. Je\u017celi dotrzymanie tego terminu nie jest mo\u017cliwe, podmiot publiczny niezw\u0142ocznie informuje o tym, kiedy realizacja \u017c\u0105dania b\u0119dzie mo\u017cliwa, przy czym termin ten nie mo\u017ce by\u0107 d\u0142u\u017cszy ni\u017c 2 miesi\u0105ce. Je\u017celi zapewnienie dost\u0119pno\u015bci nie jest mo\u017cliwe, podmiot publiczny mo\u017ce zaproponowa\u0107 alternatywny spos\u00f3b dost\u0119pu do informacji.<br \/>\nW przypadku, gdy podmiot odm\u00f3wi realizacji \u017c\u0105dania zapewnienia dost\u0119pno\u015bci lub alternatywnego dost\u0119pu do informacji, mo\u017cna z\u0142o\u017cy\u0107 skarg\u0119 na takie dzia\u0142anie.<\/p>\n<p>Po wyczerpaniu wszystkich mo\u017cliwo\u015bci skarg\u0119 mo\u017cna przes\u0142a\u0107 tak\u017ce do <strong>Rzecznika Praw Obywatelskich<\/strong>.<\/p>\n<p><strong>3. Dost\u0119pno\u015b\u0107 architektoniczna<\/strong><\/p>\n<p>Budynek: Muzeum Wojska w Bia\u0142ymstoku, ul. Jana Kili\u0144skiego 7, 15-089 Bia\u0142ystok<\/p>\n<p>Do budynku prowadz\u0105 2 wej\u015bcia \u2013 od ul. Kili\u0144skiego i od ul. Legionowej. Dla go\u015bci przeznaczone jest wej\u015bcie od ul. Kili\u0144skiego, do kt\u00f3rego nie prowadz\u0105 schody.<\/p>\n<p>Punkt kasowy znajduje si\u0119 po lewej stronie od wej\u015bcia dla go\u015bci. Wej\u015bcie na ekspozycje wymaga pokonania schod\u00f3w.<br \/>\nDla os\u00f3b na w\u00f3zkach dost\u0119pny jest tylko korytarz i pomieszczenia na parterze. W budynku nie ma windy oraz toalety dla os\u00f3b niepe\u0142nosprawnych.<\/p>\n<p>W punkcie kasowym mo\u017cna bezp\u0142atnie wypo\u017cyczy\u0107 urz\u0105dzenia z audiodeskrypcj\u0105 dla os\u00f3b niewidz\u0105cych. Z ich pomoc\u0105 mo\u017cna zwiedzi\u0107 sale ekspozycji sta\u0142ej nr 1 i 3.<br \/>\nW budynku zamontowano udogodnienia dla os\u00f3b s\u0142abo widz\u0105cych i niewidomych. Schody prowadz\u0105ce do szatni i na pi\u0119tro ekspozycyjne maj\u0105 jaskrawe oznaczenie kraw\u0119dzi. Przed schodami zamontowano r\u00f3wnie\u017c pola uwagi. Szatnia oraz toalety oznaczone s\u0105 wypuk\u0142ymi piktogramami oraz informacj\u0105 w pi\u015bmie Brailla. Po prawej stronie wej\u015bcia znajduje si\u0119 tyfloplan przedstawiaj\u0105cy parter budynku. Drugi tyfloplan znajduje si\u0119 na pierwszym pi\u0119trze po prawej stronie wej\u015bcia na sal\u0119 wystawiennicz\u0105.<\/p>\n<p>Do budynku i wszystkich jego pomieszcze\u0144 mo\u017cna wej\u015b\u0107 z psem asystuj\u0105cym i psem przewodnikiem.<br \/>\nW muzeum zainstalowano przy kasie p\u0119tl\u0119 indukcyjn\u0105. W razie zwiedzania grupowego dost\u0119pne s\u0105 urz\u0105dzenia FM sprz\u0119\u017cone z mikrofonem obs\u0142ugiwanym przez przewodnika.<br \/>\nZwiedzanie muzeum przez osoby g\u0142uche z asyst\u0105 t\u0142umacza j\u0119zyka migowego jest mo\u017cliwe po uprzednim zg\u0142oszeniu takiej potrzeby w punkcie kasowym i um\u00f3wieniu si\u0119 na konkretny termin. Muzeum wsp\u00f3\u0142pracuje w tym zakresie z t\u0142umaczem zewn\u0119trznym.<\/p>\n","protected":false},"excerpt":{"rendered":"<p>1. Wst\u0119p Muzeum Wojska w Bia\u0142ymstoku zobowi\u0105zuje si\u0119 zapewni\u0107 dost\u0119pno\u015b\u0107 strony internetowej mwb.com.pl zgodnie z ustaw\u0105 z dnia 4 kwietnia 2019 r. o dost\u0119pno\u015bci cyfrowej stron internetowych i aplikacji mobilnych podmiot\u00f3w publicznych. O\u015bwiadczenie w sprawie dost\u0119pno\u015bci ma zastosowanie do strony mwb.com.pl i wszystkich podstron. Data publikacji strony internetowej: 28.09.2017 r. Data ostatniej du\u017cej aktualizacji: 31.01.2023 r. Data ostatniego przegl\u0105du: 05.02.2026 r. Strona internetowa jest zgodna z ustaw\u0105 o dost\u0119pno\u015bci cyfrowej stron internetowych i aplikacji mobilnych podmiot\u00f3w publicznych. O\u015bwiadczenie sporz\u0105dzono: 27.01.2020 r. Deklaracj\u0119 sporz\u0105dzono na podstawie samooceny przeprowadzonej przez podmiot publiczny. Zale\u017cy nam, aby ka\u017cdy Internauta mia\u0142 pe\u0142ny dost\u0119p do zamieszczanych materia\u0142\u00f3w i funkcjonalno\u015bci, a serwis by\u0142 zgodny z mi\u0119dzynarodowymi Wytycznymi dla dost\u0119pno\u015bci tre\u015bci internetowych 2.0 (WCAG 2.0) 2. Dost\u0119pna strona Nawigacja Na stronie internetowej mo\u017cna korzysta\u0107 ze standardowych skr\u00f3t\u00f3w klawiaturowych. Nasze strony powinno da\u0107 si\u0119 znacz\u0105co powi\u0119kszy\u0107 dost\u0119pnymi narz\u0119dziami przegl\u0105darki. Dokumenty Na stronie w kilku miejscach znajduj\u0105 si\u0119 pliki do pobrania w formie pdf. W miar\u0119 mo\u017cliwo\u015bci publikujemy tak\u017ce ich dost\u0119pne wersje alternatywne. Opisy alternatywne grafik i zdj\u0119\u0107 Pami\u0119tamy, aby do grafik i zdj\u0119\u0107, prezentuj\u0105cych istotne informacje, doda\u0107 opisy alternatywne. Przyciski i pola formularzy s\u0105 w\u0142a\u015bciwie opisane. Powi\u0119kszanie strony Serwis zosta\u0142 wyposa\u017cony w narz\u0119dzie powi\u0119kszania tekstu, przegl\u0105darki internetowe za pomoc\u0105 skr\u00f3t\u00f3w klawiaturowych lub odpowiednich ustawie\u0144 r\u00f3wnie\u017c umo\u017cliwiaj\u0105 powi\u0119kszenie strony. Kontrast Serwis zosta\u0142 wyposa\u017cony w narz\u0119dzie zmiany kontrastu. Kontrast kolorystyczny element\u00f3w przekazuj\u0105cych tre\u015bci ma stosunek jasno\u015bci tekstu do t\u0142a co najmniej 4,5 do 1. Multimedia Do umieszczanych materia\u0142\u00f3w filmowych dodajemy napisy. Cz\u0119\u015b\u0107 materia\u0142\u00f3w jest opatrzona audiodeskrypcj\u0105. Zrozumia\u0142o\u015b\u0107 i czytelno\u015b\u0107 tre\u015bci Staramy si\u0119, aby nasze tre\u015bci by\u0142y zrozumia\u0142e, a spos\u00f3b ich prezentowania wp\u0142ywa\u0142 na lepsz\u0105 czytelno\u015b\u0107 materia\u0142\u00f3w i pomaga\u0142 w odbiorze informacji. Zapewnienie dost\u0119pno\u015bci serwis\u00f3w to proces ci\u0105g\u0142y. Staramy si\u0119 zapewni\u0107 dost\u0119pno\u015b\u0107 naszych serwis\u00f3w, jednak je\u017celi znajdziesz b\u0142\u0119dy, masz uwagi lub chcesz nam pom\u00f3c poprawi\u0107 nasze strony prosimy o kontakt pod adres e-mail: blewoc@mwb.com.pl. Informacje zwrotne i dane kontaktowe W przypadku problem\u00f3w z dost\u0119pno\u015bci\u0105 strony internetowej prosimy o kontakt pod adresem poczty elektronicznej: biuro@mwb.com.pl T\u0105 sam\u0105 drog\u0105 mo\u017cna sk\u0142ada\u0107 wnioski o udost\u0119pnienie informacji niedost\u0119pnej oraz sk\u0142ada\u0107 skargi na brak zapewnienia dost\u0119pno\u015bci. Procedura Ka\u017cdy ma prawo do wyst\u0105pienia z \u017c\u0105daniem zapewnienia dost\u0119pno\u015bci cyfrowej strony internetowej, aplikacji mobilnej lub jakiego\u015b ich elementu. Mo\u017cna tak\u017ce za\u017c\u0105da\u0107 udost\u0119pnienia informacji w formach alternatywnych, na przyk\u0142ad odczytanie niedost\u0119pnego cyfrowo dokumentu, opisania zawarto\u015bci filmu bez audiodeskrypcji itp. \u017b\u0105danie powinno zawiera\u0107 dane osoby zg\u0142aszaj\u0105cej \u017c\u0105danie, wskazanie, o kt\u00f3r\u0105 stron\u0119 internetow\u0105 lub aplikacj\u0119 mobiln\u0105 chodzi oraz spos\u00f3b kontaktu. Je\u017celi osoba \u017c\u0105daj\u0105ca <a href=\"https:\/\/mwb.com.pl\/ankiety\/deklaracja-dostepnosci\/\" class=\"read-more\">Czytaj wi\u0119cej&#8230;<\/a><\/p>\n","protected":false},"author":1,"featured_media":0,"parent":0,"menu_order":0,"comment_status":"closed","ping_status":"closed","template":"","meta":{"footnotes":""},"class_list":["post-129","page","type-page","status-publish","hentry"],"_links":{"self":[{"href":"https:\/\/mwb.com.pl\/ankiety\/wp-json\/wp\/v2\/pages\/129","targetHints":{"allow":["GET"]}}],"collection":[{"href":"https:\/\/mwb.com.pl\/ankiety\/wp-json\/wp\/v2\/pages"}],"about":[{"href":"https:\/\/mwb.com.pl\/ankiety\/wp-json\/wp\/v2\/types\/page"}],"author":[{"embeddable":true,"href":"https:\/\/mwb.com.pl\/ankiety\/wp-json\/wp\/v2\/users\/1"}],"replies":[{"embeddable":true,"href":"https:\/\/mwb.com.pl\/ankiety\/wp-json\/wp\/v2\/comments?post=129"}],"version-history":[{"count":7,"href":"https:\/\/mwb.com.pl\/ankiety\/wp-json\/wp\/v2\/pages\/129\/revisions"}],"predecessor-version":[{"id":618,"href":"https:\/\/mwb.com.pl\/ankiety\/wp-json\/wp\/v2\/pages\/129\/revisions\/618"}],"wp:attachment":[{"href":"https:\/\/mwb.com.pl\/ankiety\/wp-json\/wp\/v2\/media?parent=129"}],"curies":[{"name":"wp","href":"https:\/\/api.w.org\/{rel}","templated":true}]}}