{"id":16,"date":"2024-10-23T13:53:07","date_gmt":"2024-10-23T11:53:07","guid":{"rendered":"https:\/\/mwb.com.pl\/1939\/?page_id=16"},"modified":"2025-01-02T09:49:58","modified_gmt":"2025-01-02T08:49:58","slug":"galeria","status":"publish","type":"page","link":"https:\/\/mwb.com.pl\/1939\/galeria\/","title":{"rendered":"Galeria"},"content":{"rendered":"\t\t<div data-elementor-type=\"wp-page\" data-elementor-id=\"16\" class=\"elementor elementor-16\">\n\t\t\t\t<div class=\"elementor-element elementor-element-3366545 elementor-hidden-mobile elementor-hidden-tablet e-flex e-con-boxed e-con e-parent\" data-id=\"3366545\" data-element_type=\"container\" data-e-type=\"container\">\n\t\t\t\t\t<div class=\"e-con-inner\">\n\t\t\t\t<div class=\"elementor-element elementor-element-d94fdc3 elementor-widget elementor-widget-heading\" data-id=\"d94fdc3\" data-element_type=\"widget\" data-e-type=\"widget\" data-widget_type=\"heading.default\">\n\t\t\t\t<div class=\"elementor-widget-container\">\n\t\t\t\t\t<h4 class=\"elementor-heading-title elementor-size-default\">Galeria<\/h4>\t\t\t\t<\/div>\n\t\t\t\t<\/div>\n\t\t\t\t<div class=\"elementor-element elementor-element-95e6330 elementor-widget-divider--view-line elementor-widget elementor-widget-divider\" data-id=\"95e6330\" data-element_type=\"widget\" data-e-type=\"widget\" data-widget_type=\"divider.default\">\n\t\t\t\t<div class=\"elementor-widget-container\">\n\t\t\t\t\t\t\t<div class=\"elementor-divider\">\n\t\t\t<span class=\"elementor-divider-separator\">\n\t\t\t\t\t\t<\/span>\n\t\t<\/div>\n\t\t\t\t\t\t<\/div>\n\t\t\t\t<\/div>\n\t\t\t\t\t<\/div>\n\t\t\t\t<\/div>\n\t\t<div class=\"elementor-element elementor-element-bf18b1b e-flex e-con-boxed e-con e-parent\" data-id=\"bf18b1b\" data-element_type=\"container\" data-e-type=\"container\">\n\t\t\t\t\t<div class=\"e-con-inner\">\n\t\t\t\t<div class=\"elementor-element elementor-element-78db98a elementor-widget elementor-widget-spacer\" data-id=\"78db98a\" data-element_type=\"widget\" data-e-type=\"widget\" data-widget_type=\"spacer.default\">\n\t\t\t\t<div class=\"elementor-widget-container\">\n\t\t\t\t\t\t\t<div class=\"elementor-spacer\">\n\t\t\t<div class=\"elementor-spacer-inner\"><\/div>\n\t\t<\/div>\n\t\t\t\t\t\t<\/div>\n\t\t\t\t<\/div>\n\t\t\t\t\t<\/div>\n\t\t\t\t<\/div>\n\t\t<div class=\"elementor-element elementor-element-9324307 e-flex e-con-boxed e-con e-parent\" data-id=\"9324307\" data-element_type=\"container\" data-e-type=\"container\">\n\t\t\t\t\t<div class=\"e-con-inner\">\n\t\t\t\t<div class=\"elementor-element elementor-element-bfc4b39 gallery-spacing-custom elementor-widget elementor-widget-image-gallery\" data-id=\"bfc4b39\" data-element_type=\"widget\" data-e-type=\"widget\" data-widget_type=\"image-gallery.default\">\n\t\t\t\t<div class=\"elementor-widget-container\">\n\t\t\t\t\t\t\t<div class=\"elementor-image-gallery\">\n\t\t\t<div id='gallery-1' class='gallery galleryid-16 gallery-columns-7 gallery-size-thumbnail'><figure class='gallery-item'>\n\t\t\t<div class='gallery-icon landscape'>\n\t\t\t\t<a data-elementor-open-lightbox=\"yes\" data-elementor-lightbox-slideshow=\"bfc4b39\" data-elementor-lightbox-title=\"Szkolenia dla pracownik\u00f3w Muzeum Wojska w Bia\u0142ymstoku\" data-e-action-hash=\"#elementor-action%3Aaction%3Dlightbox%26settings%3DeyJpZCI6MTExNiwidXJsIjoiaHR0cHM6XC9cL213Yi5jb20ucGxcLzE5MzlcL3dwLWNvbnRlbnRcL3VwbG9hZHNcLzIwMjVcLzAxXC8xLmpwZyIsInNsaWRlc2hvdyI6ImJmYzRiMzkifQ%3D%3D\" href='https:\/\/mwb.com.pl\/1939\/wp-content\/uploads\/2025\/01\/1.jpg'><img decoding=\"async\" width=\"150\" height=\"150\" src=\"https:\/\/mwb.com.pl\/1939\/wp-content\/uploads\/2025\/01\/1-150x150.jpg\" class=\"attachment-thumbnail size-thumbnail\" alt=\"M\u0119\u017cczyzna siedzi za sto\u0142em i prowadzi szkolenie.\" aria-describedby=\"gallery-1-1116\" \/><\/a>\n\t\t\t<\/div>\n\t\t\t\t<figcaption class='wp-caption-text gallery-caption' id='gallery-1-1116'>\n\t\t\t\tSzkolenia dla pracownik\u00f3w Muzeum Wojska w Bia\u0142ymstoku\n\t\t\t\t<\/figcaption><\/figure><figure class='gallery-item'>\n\t\t\t<div class='gallery-icon landscape'>\n\t\t\t\t<a data-elementor-open-lightbox=\"yes\" data-elementor-lightbox-slideshow=\"bfc4b39\" data-elementor-lightbox-title=\"Szkolenia dla pracownik\u00f3w Muzeum Wojska w Bia\u0142ymstoku\" data-e-action-hash=\"#elementor-action%3Aaction%3Dlightbox%26settings%3DeyJpZCI6MTExNywidXJsIjoiaHR0cHM6XC9cL213Yi5jb20ucGxcLzE5MzlcL3dwLWNvbnRlbnRcL3VwbG9hZHNcLzIwMjVcLzAxXC8yLmpwZyIsInNsaWRlc2hvdyI6ImJmYzRiMzkifQ%3D%3D\" href='https:\/\/mwb.com.pl\/1939\/wp-content\/uploads\/2025\/01\/2.jpg'><img decoding=\"async\" width=\"150\" height=\"150\" src=\"https:\/\/mwb.com.pl\/1939\/wp-content\/uploads\/2025\/01\/2-150x150.jpg\" class=\"attachment-thumbnail size-thumbnail\" alt=\"Kobieta siedzi przy stole i s\u0142ucha prowadz\u0105cego.\" aria-describedby=\"gallery-1-1117\" \/><\/a>\n\t\t\t<\/div>\n\t\t\t\t<figcaption class='wp-caption-text gallery-caption' id='gallery-1-1117'>\n\t\t\t\tSzkolenia dla pracownik\u00f3w Muzeum Wojska w Bia\u0142ymstoku\n\t\t\t\t<\/figcaption><\/figure><figure class='gallery-item'>\n\t\t\t<div class='gallery-icon landscape'>\n\t\t\t\t<a data-elementor-open-lightbox=\"yes\" data-elementor-lightbox-slideshow=\"bfc4b39\" data-elementor-lightbox-title=\"Szkolenia dla pracownik\u00f3w Muzeum Wojska w Bia\u0142ymstoku\" data-e-action-hash=\"#elementor-action%3Aaction%3Dlightbox%26settings%3DeyJpZCI6MTExOCwidXJsIjoiaHR0cHM6XC9cL213Yi5jb20ucGxcLzE5MzlcL3dwLWNvbnRlbnRcL3VwbG9hZHNcLzIwMjVcLzAxXC8zLmpwZyIsInNsaWRlc2hvdyI6ImJmYzRiMzkifQ%3D%3D\" href='https:\/\/mwb.com.pl\/1939\/wp-content\/uploads\/2025\/01\/3.jpg'><img decoding=\"async\" width=\"150\" height=\"150\" src=\"https:\/\/mwb.com.pl\/1939\/wp-content\/uploads\/2025\/01\/3-150x150.jpg\" class=\"attachment-thumbnail size-thumbnail\" alt=\"M\u0119\u017cczyzna siedzi przy stole, obok monitor z prezentacj\u0105.\" aria-describedby=\"gallery-1-1118\" \/><\/a>\n\t\t\t<\/div>\n\t\t\t\t<figcaption class='wp-caption-text gallery-caption' id='gallery-1-1118'>\n\t\t\t\tSzkolenia dla pracownik\u00f3w Muzeum Wojska w Bia\u0142ymstoku\n\t\t\t\t<\/figcaption><\/figure><figure class='gallery-item'>\n\t\t\t<div class='gallery-icon landscape'>\n\t\t\t\t<a data-elementor-open-lightbox=\"yes\" data-elementor-lightbox-slideshow=\"bfc4b39\" data-elementor-lightbox-title=\"Szkolenia dla pracownik\u00f3w Muzeum Wojska w Bia\u0142ymstoku\" data-e-action-hash=\"#elementor-action%3Aaction%3Dlightbox%26settings%3DeyJpZCI6MTExOSwidXJsIjoiaHR0cHM6XC9cL213Yi5jb20ucGxcLzE5MzlcL3dwLWNvbnRlbnRcL3VwbG9hZHNcLzIwMjVcLzAxXC80LmpwZyIsInNsaWRlc2hvdyI6ImJmYzRiMzkifQ%3D%3D\" href='https:\/\/mwb.com.pl\/1939\/wp-content\/uploads\/2025\/01\/4.jpg'><img loading=\"lazy\" decoding=\"async\" width=\"150\" height=\"150\" src=\"https:\/\/mwb.com.pl\/1939\/wp-content\/uploads\/2025\/01\/4-150x150.jpg\" class=\"attachment-thumbnail size-thumbnail\" alt=\"Grupa ludzi siedzi przy sto\u0142ach ustawionych w liter\u0119 U, s\u0142ucha prowadz\u0105cej szkolenie.\" aria-describedby=\"gallery-1-1119\" \/><\/a>\n\t\t\t<\/div>\n\t\t\t\t<figcaption class='wp-caption-text gallery-caption' id='gallery-1-1119'>\n\t\t\t\tSzkolenia dla pracownik\u00f3w Muzeum Wojska w Bia\u0142ymstoku\n\t\t\t\t<\/figcaption><\/figure><figure class='gallery-item'>\n\t\t\t<div class='gallery-icon landscape'>\n\t\t\t\t<a data-elementor-open-lightbox=\"yes\" data-elementor-lightbox-slideshow=\"bfc4b39\" data-elementor-lightbox-title=\"Szkolenia dla pracownik\u00f3w Muzeum Wojska w Bia\u0142ymstoku\" data-e-action-hash=\"#elementor-action%3Aaction%3Dlightbox%26settings%3DeyJpZCI6MTEyMCwidXJsIjoiaHR0cHM6XC9cL213Yi5jb20ucGxcLzE5MzlcL3dwLWNvbnRlbnRcL3VwbG9hZHNcLzIwMjVcLzAxXC81LmpwZyIsInNsaWRlc2hvdyI6ImJmYzRiMzkifQ%3D%3D\" href='https:\/\/mwb.com.pl\/1939\/wp-content\/uploads\/2025\/01\/5.jpg'><img loading=\"lazy\" decoding=\"async\" width=\"150\" height=\"150\" src=\"https:\/\/mwb.com.pl\/1939\/wp-content\/uploads\/2025\/01\/5-150x150.jpg\" class=\"attachment-thumbnail size-thumbnail\" alt=\"Kobieta pracuje na komputerze.\" aria-describedby=\"gallery-1-1120\" \/><\/a>\n\t\t\t<\/div>\n\t\t\t\t<figcaption class='wp-caption-text gallery-caption' id='gallery-1-1120'>\n\t\t\t\tSzkolenia dla pracownik\u00f3w Muzeum Wojska w Bia\u0142ymstoku\n\t\t\t\t<\/figcaption><\/figure><figure class='gallery-item'>\n\t\t\t<div class='gallery-icon landscape'>\n\t\t\t\t<a data-elementor-open-lightbox=\"yes\" data-elementor-lightbox-slideshow=\"bfc4b39\" data-elementor-lightbox-title=\"Szkolenia dla pracownik\u00f3w Muzeum Wojska w Bia\u0142ymstoku\" data-e-action-hash=\"#elementor-action%3Aaction%3Dlightbox%26settings%3DeyJpZCI6MTEyMSwidXJsIjoiaHR0cHM6XC9cL213Yi5jb20ucGxcLzE5MzlcL3dwLWNvbnRlbnRcL3VwbG9hZHNcLzIwMjVcLzAxXC82LmpwZyIsInNsaWRlc2hvdyI6ImJmYzRiMzkifQ%3D%3D\" href='https:\/\/mwb.com.pl\/1939\/wp-content\/uploads\/2025\/01\/6.jpg'><img loading=\"lazy\" decoding=\"async\" width=\"150\" height=\"150\" src=\"https:\/\/mwb.com.pl\/1939\/wp-content\/uploads\/2025\/01\/6-150x150.jpg\" class=\"attachment-thumbnail size-thumbnail\" alt=\"Kobieta i m\u0119\u017cczyzna przygl\u0105daj\u0105 si\u0119 tre\u015bciom w tablecie.\" aria-describedby=\"gallery-1-1121\" \/><\/a>\n\t\t\t<\/div>\n\t\t\t\t<figcaption class='wp-caption-text gallery-caption' id='gallery-1-1121'>\n\t\t\t\tSzkolenia dla pracownik\u00f3w Muzeum Wojska w Bia\u0142ymstoku\n\t\t\t\t<\/figcaption><\/figure><figure class='gallery-item'>\n\t\t\t<div class='gallery-icon landscape'>\n\t\t\t\t<a data-elementor-open-lightbox=\"yes\" data-elementor-lightbox-slideshow=\"bfc4b39\" data-elementor-lightbox-title=\"Szkolenia dla pracownik\u00f3w Muzeum Wojska w Bia\u0142ymstoku\" data-e-action-hash=\"#elementor-action%3Aaction%3Dlightbox%26settings%3DeyJpZCI6MTEyMiwidXJsIjoiaHR0cHM6XC9cL213Yi5jb20ucGxcLzE5MzlcL3dwLWNvbnRlbnRcL3VwbG9hZHNcLzIwMjVcLzAxXC83LmpwZyIsInNsaWRlc2hvdyI6ImJmYzRiMzkifQ%3D%3D\" href='https:\/\/mwb.com.pl\/1939\/wp-content\/uploads\/2025\/01\/7.jpg'><img loading=\"lazy\" decoding=\"async\" width=\"150\" height=\"150\" src=\"https:\/\/mwb.com.pl\/1939\/wp-content\/uploads\/2025\/01\/7-150x150.jpg\" class=\"attachment-thumbnail size-thumbnail\" alt=\"Dwie kobiety rozmawiaj\u0105 patrz\u0105c na monitor laptopa.\" aria-describedby=\"gallery-1-1122\" \/><\/a>\n\t\t\t<\/div>\n\t\t\t\t<figcaption class='wp-caption-text gallery-caption' id='gallery-1-1122'>\n\t\t\t\tSzkolenia dla pracownik\u00f3w Muzeum Wojska w Bia\u0142ymstoku\n\t\t\t\t<\/figcaption><\/figure><figure class='gallery-item'>\n\t\t\t<div class='gallery-icon landscape'>\n\t\t\t\t<a data-elementor-open-lightbox=\"yes\" data-elementor-lightbox-slideshow=\"bfc4b39\" data-elementor-lightbox-title=\"Szkolenia dla pracownik\u00f3w Muzeum Wojska w Bia\u0142ymstoku\" data-e-action-hash=\"#elementor-action%3Aaction%3Dlightbox%26settings%3DeyJpZCI6MTEyMywidXJsIjoiaHR0cHM6XC9cL213Yi5jb20ucGxcLzE5MzlcL3dwLWNvbnRlbnRcL3VwbG9hZHNcLzIwMjVcLzAxXC84LmpwZyIsInNsaWRlc2hvdyI6ImJmYzRiMzkifQ%3D%3D\" href='https:\/\/mwb.com.pl\/1939\/wp-content\/uploads\/2025\/01\/8.jpg'><img loading=\"lazy\" decoding=\"async\" width=\"150\" height=\"150\" src=\"https:\/\/mwb.com.pl\/1939\/wp-content\/uploads\/2025\/01\/8-150x150.jpg\" class=\"attachment-thumbnail size-thumbnail\" alt=\"M\u0119\u017cczyzna m\u00f3wi do grupy s\u0142uchaczy siedz\u0105cych przy sto\u0142ach.\" aria-describedby=\"gallery-1-1123\" \/><\/a>\n\t\t\t<\/div>\n\t\t\t\t<figcaption class='wp-caption-text gallery-caption' id='gallery-1-1123'>\n\t\t\t\tSzkolenia dla pracownik\u00f3w Muzeum Wojska w Bia\u0142ymstoku\n\t\t\t\t<\/figcaption><\/figure><figure class='gallery-item'>\n\t\t\t<div class='gallery-icon landscape'>\n\t\t\t\t<a data-elementor-open-lightbox=\"yes\" data-elementor-lightbox-slideshow=\"bfc4b39\" data-elementor-lightbox-title=\"Szkolenia dla pracownik\u00f3w Muzeum Wojska w Bia\u0142ymstoku\" data-e-action-hash=\"#elementor-action%3Aaction%3Dlightbox%26settings%3DeyJpZCI6MTEyNCwidXJsIjoiaHR0cHM6XC9cL213Yi5jb20ucGxcLzE5MzlcL3dwLWNvbnRlbnRcL3VwbG9hZHNcLzIwMjVcLzAxXC85LmpwZyIsInNsaWRlc2hvdyI6ImJmYzRiMzkifQ%3D%3D\" href='https:\/\/mwb.com.pl\/1939\/wp-content\/uploads\/2025\/01\/9.jpg'><img loading=\"lazy\" decoding=\"async\" width=\"150\" height=\"150\" src=\"https:\/\/mwb.com.pl\/1939\/wp-content\/uploads\/2025\/01\/9-150x150.jpg\" class=\"attachment-thumbnail size-thumbnail\" alt=\"M\u0119\u017cczyzna rozmawia z kobiet\u0105.\" aria-describedby=\"gallery-1-1124\" \/><\/a>\n\t\t\t<\/div>\n\t\t\t\t<figcaption class='wp-caption-text gallery-caption' id='gallery-1-1124'>\n\t\t\t\tSzkolenia dla pracownik\u00f3w Muzeum Wojska w Bia\u0142ymstoku\n\t\t\t\t<\/figcaption><\/figure><figure class='gallery-item'>\n\t\t\t<div class='gallery-icon landscape'>\n\t\t\t\t<a data-elementor-open-lightbox=\"yes\" data-elementor-lightbox-slideshow=\"bfc4b39\" data-elementor-lightbox-title=\"Warsztaty dla uczni\u00f3w z podlaskich szk\u00f3\u0142\" data-e-action-hash=\"#elementor-action%3Aaction%3Dlightbox%26settings%3DeyJpZCI6MTEyNSwidXJsIjoiaHR0cHM6XC9cL213Yi5jb20ucGxcLzE5MzlcL3dwLWNvbnRlbnRcL3VwbG9hZHNcLzIwMjVcLzAxXC8xMC5qcGciLCJzbGlkZXNob3ciOiJiZmM0YjM5In0%3D\" href='https:\/\/mwb.com.pl\/1939\/wp-content\/uploads\/2025\/01\/10.jpg'><img loading=\"lazy\" decoding=\"async\" width=\"150\" height=\"150\" src=\"https:\/\/mwb.com.pl\/1939\/wp-content\/uploads\/2025\/01\/10-150x150.jpg\" class=\"attachment-thumbnail size-thumbnail\" alt=\"Widok na kontent tabletu trzymanego w r\u0119kach ch\u0142opaka.\" aria-describedby=\"gallery-1-1125\" \/><\/a>\n\t\t\t<\/div>\n\t\t\t\t<figcaption class='wp-caption-text gallery-caption' id='gallery-1-1125'>\n\t\t\t\tWarsztaty dla uczni\u00f3w z podlaskich szk\u00f3\u0142\n\t\t\t\t<\/figcaption><\/figure><figure class='gallery-item'>\n\t\t\t<div class='gallery-icon landscape'>\n\t\t\t\t<a data-elementor-open-lightbox=\"yes\" data-elementor-lightbox-slideshow=\"bfc4b39\" data-elementor-lightbox-title=\"Warsztaty dla uczni\u00f3w z podlaskich szk\u00f3\u0142\" data-e-action-hash=\"#elementor-action%3Aaction%3Dlightbox%26settings%3DeyJpZCI6MTEyNiwidXJsIjoiaHR0cHM6XC9cL213Yi5jb20ucGxcLzE5MzlcL3dwLWNvbnRlbnRcL3VwbG9hZHNcLzIwMjVcLzAxXC8xMS5qcGciLCJzbGlkZXNob3ciOiJiZmM0YjM5In0%3D\" href='https:\/\/mwb.com.pl\/1939\/wp-content\/uploads\/2025\/01\/11.jpg'><img loading=\"lazy\" decoding=\"async\" width=\"150\" height=\"150\" src=\"https:\/\/mwb.com.pl\/1939\/wp-content\/uploads\/2025\/01\/11-150x150.jpg\" class=\"attachment-thumbnail size-thumbnail\" alt=\"Tablet w d\u0142oni ch\u0142opaka.\" aria-describedby=\"gallery-1-1126\" \/><\/a>\n\t\t\t<\/div>\n\t\t\t\t<figcaption class='wp-caption-text gallery-caption' id='gallery-1-1126'>\n\t\t\t\tWarsztaty dla uczni\u00f3w z podlaskich szk\u00f3\u0142\n\t\t\t\t<\/figcaption><\/figure><figure class='gallery-item'>\n\t\t\t<div class='gallery-icon landscape'>\n\t\t\t\t<a data-elementor-open-lightbox=\"yes\" data-elementor-lightbox-slideshow=\"bfc4b39\" data-elementor-lightbox-title=\"Warsztaty dla uczni\u00f3w z podlaskich szk\u00f3\u0142\" data-e-action-hash=\"#elementor-action%3Aaction%3Dlightbox%26settings%3DeyJpZCI6MTEyNywidXJsIjoiaHR0cHM6XC9cL213Yi5jb20ucGxcLzE5MzlcL3dwLWNvbnRlbnRcL3VwbG9hZHNcLzIwMjVcLzAxXC8xMi5qcGciLCJzbGlkZXNob3ciOiJiZmM0YjM5In0%3D\" href='https:\/\/mwb.com.pl\/1939\/wp-content\/uploads\/2025\/01\/12.jpg'><img loading=\"lazy\" decoding=\"async\" width=\"150\" height=\"150\" src=\"https:\/\/mwb.com.pl\/1939\/wp-content\/uploads\/2025\/01\/12-150x150.jpg\" class=\"attachment-thumbnail size-thumbnail\" alt=\"Grupa m\u0142odzie\u017cy zwiedzaj\u0105ca wystaw\u0119 muzealn\u0105.\" aria-describedby=\"gallery-1-1127\" \/><\/a>\n\t\t\t<\/div>\n\t\t\t\t<figcaption class='wp-caption-text gallery-caption' id='gallery-1-1127'>\n\t\t\t\tWarsztaty dla uczni\u00f3w z podlaskich szk\u00f3\u0142\n\t\t\t\t<\/figcaption><\/figure><figure class='gallery-item'>\n\t\t\t<div class='gallery-icon landscape'>\n\t\t\t\t<a data-elementor-open-lightbox=\"yes\" data-elementor-lightbox-slideshow=\"bfc4b39\" data-elementor-lightbox-title=\"Warsztaty dla uczni\u00f3w z podlaskich szk\u00f3\u0142\" data-e-action-hash=\"#elementor-action%3Aaction%3Dlightbox%26settings%3DeyJpZCI6MTEyOCwidXJsIjoiaHR0cHM6XC9cL213Yi5jb20ucGxcLzE5MzlcL3dwLWNvbnRlbnRcL3VwbG9hZHNcLzIwMjVcLzAxXC8xMy5qcGciLCJzbGlkZXNob3ciOiJiZmM0YjM5In0%3D\" href='https:\/\/mwb.com.pl\/1939\/wp-content\/uploads\/2025\/01\/13.jpg'><img loading=\"lazy\" decoding=\"async\" width=\"150\" height=\"150\" src=\"https:\/\/mwb.com.pl\/1939\/wp-content\/uploads\/2025\/01\/13-150x150.jpg\" class=\"attachment-thumbnail size-thumbnail\" alt=\"Kobieta czyta z tabletu.\" aria-describedby=\"gallery-1-1128\" \/><\/a>\n\t\t\t<\/div>\n\t\t\t\t<figcaption class='wp-caption-text gallery-caption' id='gallery-1-1128'>\n\t\t\t\tWarsztaty dla uczni\u00f3w z podlaskich szk\u00f3\u0142\n\t\t\t\t<\/figcaption><\/figure><figure class='gallery-item'>\n\t\t\t<div class='gallery-icon landscape'>\n\t\t\t\t<a data-elementor-open-lightbox=\"yes\" data-elementor-lightbox-slideshow=\"bfc4b39\" data-elementor-lightbox-title=\"Warsztaty dla uczni\u00f3w z podlaskich szk\u00f3\u0142\" data-e-action-hash=\"#elementor-action%3Aaction%3Dlightbox%26settings%3DeyJpZCI6MTEyOSwidXJsIjoiaHR0cHM6XC9cL213Yi5jb20ucGxcLzE5MzlcL3dwLWNvbnRlbnRcL3VwbG9hZHNcLzIwMjVcLzAxXC8xNC5qcGciLCJzbGlkZXNob3ciOiJiZmM0YjM5In0%3D\" href='https:\/\/mwb.com.pl\/1939\/wp-content\/uploads\/2025\/01\/14.jpg'><img loading=\"lazy\" decoding=\"async\" width=\"150\" height=\"150\" src=\"https:\/\/mwb.com.pl\/1939\/wp-content\/uploads\/2025\/01\/14-150x150.jpg\" class=\"attachment-thumbnail size-thumbnail\" alt=\"Grupa m\u0142odzie\u017cy siedzi w kr\u0119gu, s\u0142ucha prowadz\u0105cego warsztaty.\" aria-describedby=\"gallery-1-1129\" \/><\/a>\n\t\t\t<\/div>\n\t\t\t\t<figcaption class='wp-caption-text gallery-caption' id='gallery-1-1129'>\n\t\t\t\tWarsztaty dla uczni\u00f3w z podlaskich szk\u00f3\u0142\n\t\t\t\t<\/figcaption><\/figure><figure class='gallery-item'>\n\t\t\t<div class='gallery-icon landscape'>\n\t\t\t\t<a data-elementor-open-lightbox=\"yes\" data-elementor-lightbox-slideshow=\"bfc4b39\" data-elementor-lightbox-title=\"Warsztaty dla uczni\u00f3w z podlaskich szk\u00f3\u0142\" data-e-action-hash=\"#elementor-action%3Aaction%3Dlightbox%26settings%3DeyJpZCI6MTEzMCwidXJsIjoiaHR0cHM6XC9cL213Yi5jb20ucGxcLzE5MzlcL3dwLWNvbnRlbnRcL3VwbG9hZHNcLzIwMjVcLzAxXC8xNS5qcGciLCJzbGlkZXNob3ciOiJiZmM0YjM5In0%3D\" href='https:\/\/mwb.com.pl\/1939\/wp-content\/uploads\/2025\/01\/15.jpg'><img loading=\"lazy\" decoding=\"async\" width=\"150\" height=\"150\" src=\"https:\/\/mwb.com.pl\/1939\/wp-content\/uploads\/2025\/01\/15-150x150.jpg\" class=\"attachment-thumbnail size-thumbnail\" alt=\"Dziewczyna ogl\u0105da model 3d na tablecie.\" aria-describedby=\"gallery-1-1130\" \/><\/a>\n\t\t\t<\/div>\n\t\t\t\t<figcaption class='wp-caption-text gallery-caption' id='gallery-1-1130'>\n\t\t\t\tWarsztaty dla uczni\u00f3w z podlaskich szk\u00f3\u0142\n\t\t\t\t<\/figcaption><\/figure><figure class='gallery-item'>\n\t\t\t<div class='gallery-icon landscape'>\n\t\t\t\t<a data-elementor-open-lightbox=\"yes\" data-elementor-lightbox-slideshow=\"bfc4b39\" data-elementor-lightbox-title=\"Warsztaty dla uczni\u00f3w z podlaskich szk\u00f3\u0142\" data-e-action-hash=\"#elementor-action%3Aaction%3Dlightbox%26settings%3DeyJpZCI6MTEzMSwidXJsIjoiaHR0cHM6XC9cL213Yi5jb20ucGxcLzE5MzlcL3dwLWNvbnRlbnRcL3VwbG9hZHNcLzIwMjVcLzAxXC8xNi5qcGciLCJzbGlkZXNob3ciOiJiZmM0YjM5In0%3D\" href='https:\/\/mwb.com.pl\/1939\/wp-content\/uploads\/2025\/01\/16.jpg'><img loading=\"lazy\" decoding=\"async\" width=\"150\" height=\"150\" src=\"https:\/\/mwb.com.pl\/1939\/wp-content\/uploads\/2025\/01\/16-150x150.jpg\" class=\"attachment-thumbnail size-thumbnail\" alt=\"Ch\u0142opak skanuje kod qr za pomoc\u0105 tabletu.\" aria-describedby=\"gallery-1-1131\" \/><\/a>\n\t\t\t<\/div>\n\t\t\t\t<figcaption class='wp-caption-text gallery-caption' id='gallery-1-1131'>\n\t\t\t\tWarsztaty dla uczni\u00f3w z podlaskich szk\u00f3\u0142\n\t\t\t\t<\/figcaption><\/figure><figure class='gallery-item'>\n\t\t\t<div class='gallery-icon landscape'>\n\t\t\t\t<a data-elementor-open-lightbox=\"yes\" data-elementor-lightbox-slideshow=\"bfc4b39\" data-elementor-lightbox-title=\"Warsztaty dla uczni\u00f3w z podlaskich szk\u00f3\u0142\" data-e-action-hash=\"#elementor-action%3Aaction%3Dlightbox%26settings%3DeyJpZCI6MTEzMiwidXJsIjoiaHR0cHM6XC9cL213Yi5jb20ucGxcLzE5MzlcL3dwLWNvbnRlbnRcL3VwbG9hZHNcLzIwMjVcLzAxXC8xNy5qcGciLCJzbGlkZXNob3ciOiJiZmM0YjM5In0%3D\" href='https:\/\/mwb.com.pl\/1939\/wp-content\/uploads\/2025\/01\/17.jpg'><img loading=\"lazy\" decoding=\"async\" width=\"150\" height=\"150\" src=\"https:\/\/mwb.com.pl\/1939\/wp-content\/uploads\/2025\/01\/17-150x150.jpg\" class=\"attachment-thumbnail size-thumbnail\" alt=\"Kobieta pokazuje grafiki umieszczone na \u015bcianie.\" aria-describedby=\"gallery-1-1132\" \/><\/a>\n\t\t\t<\/div>\n\t\t\t\t<figcaption class='wp-caption-text gallery-caption' id='gallery-1-1132'>\n\t\t\t\tWarsztaty dla uczni\u00f3w z podlaskich szk\u00f3\u0142\n\t\t\t\t<\/figcaption><\/figure><figure class='gallery-item'>\n\t\t\t<div class='gallery-icon landscape'>\n\t\t\t\t<a data-elementor-open-lightbox=\"yes\" data-elementor-lightbox-slideshow=\"bfc4b39\" data-elementor-lightbox-title=\"Warsztaty dla uczni\u00f3w z podlaskich szk\u00f3\u0142\" data-e-action-hash=\"#elementor-action%3Aaction%3Dlightbox%26settings%3DeyJpZCI6MTEzMywidXJsIjoiaHR0cHM6XC9cL213Yi5jb20ucGxcLzE5MzlcL3dwLWNvbnRlbnRcL3VwbG9hZHNcLzIwMjVcLzAxXC8xOC5qcGciLCJzbGlkZXNob3ciOiJiZmM0YjM5In0%3D\" href='https:\/\/mwb.com.pl\/1939\/wp-content\/uploads\/2025\/01\/18.jpg'><img loading=\"lazy\" decoding=\"async\" width=\"150\" height=\"150\" src=\"https:\/\/mwb.com.pl\/1939\/wp-content\/uploads\/2025\/01\/18-150x150.jpg\" class=\"attachment-thumbnail size-thumbnail\" alt=\"Dziewczyna trzyma tablet w d\u0142oni.\" aria-describedby=\"gallery-1-1133\" \/><\/a>\n\t\t\t<\/div>\n\t\t\t\t<figcaption class='wp-caption-text gallery-caption' id='gallery-1-1133'>\n\t\t\t\tWarsztaty dla uczni\u00f3w z podlaskich szk\u00f3\u0142\n\t\t\t\t<\/figcaption><\/figure><figure class='gallery-item'>\n\t\t\t<div class='gallery-icon landscape'>\n\t\t\t\t<a data-elementor-open-lightbox=\"yes\" data-elementor-lightbox-slideshow=\"bfc4b39\" data-elementor-lightbox-title=\"Warsztaty dla uczni\u00f3w z podlaskich szk\u00f3\u0142\" data-e-action-hash=\"#elementor-action%3Aaction%3Dlightbox%26settings%3DeyJpZCI6MTEzNCwidXJsIjoiaHR0cHM6XC9cL213Yi5jb20ucGxcLzE5MzlcL3dwLWNvbnRlbnRcL3VwbG9hZHNcLzIwMjVcLzAxXC8xOS5qcGciLCJzbGlkZXNob3ciOiJiZmM0YjM5In0%3D\" href='https:\/\/mwb.com.pl\/1939\/wp-content\/uploads\/2025\/01\/19.jpg'><img loading=\"lazy\" decoding=\"async\" width=\"150\" height=\"150\" src=\"https:\/\/mwb.com.pl\/1939\/wp-content\/uploads\/2025\/01\/19-150x150.jpg\" class=\"attachment-thumbnail size-thumbnail\" alt=\"Widok na tablet na kt\u00f3rym widoczny jest model 3d obiektu muzealnego.\" aria-describedby=\"gallery-1-1134\" \/><\/a>\n\t\t\t<\/div>\n\t\t\t\t<figcaption class='wp-caption-text gallery-caption' id='gallery-1-1134'>\n\t\t\t\tWarsztaty dla uczni\u00f3w z podlaskich szk\u00f3\u0142\n\t\t\t\t<\/figcaption><\/figure><figure class='gallery-item'>\n\t\t\t<div class='gallery-icon landscape'>\n\t\t\t\t<a data-elementor-open-lightbox=\"yes\" data-elementor-lightbox-slideshow=\"bfc4b39\" data-elementor-lightbox-title=\"Warsztaty dla uczni\u00f3w z podlaskich szk\u00f3\u0142\" data-e-action-hash=\"#elementor-action%3Aaction%3Dlightbox%26settings%3DeyJpZCI6MTEzNSwidXJsIjoiaHR0cHM6XC9cL213Yi5jb20ucGxcLzE5MzlcL3dwLWNvbnRlbnRcL3VwbG9hZHNcLzIwMjVcLzAxXC8yMC5qcGciLCJzbGlkZXNob3ciOiJiZmM0YjM5In0%3D\" href='https:\/\/mwb.com.pl\/1939\/wp-content\/uploads\/2025\/01\/20.jpg'><img loading=\"lazy\" decoding=\"async\" width=\"150\" height=\"150\" src=\"https:\/\/mwb.com.pl\/1939\/wp-content\/uploads\/2025\/01\/20-150x150.jpg\" class=\"attachment-thumbnail size-thumbnail\" alt=\"Grupa m\u0142odzie\u017cy siedzi na pod\u0142odze podczas warsztat\u00f3w.\" aria-describedby=\"gallery-1-1135\" \/><\/a>\n\t\t\t<\/div>\n\t\t\t\t<figcaption class='wp-caption-text gallery-caption' id='gallery-1-1135'>\n\t\t\t\tWarsztaty dla uczni\u00f3w z podlaskich szk\u00f3\u0142\n\t\t\t\t<\/figcaption><\/figure>\n\t\t<\/div>\n\t\t<\/div>\n\t\t\t\t\t\t<\/div>\n\t\t\t\t<\/div>\n\t\t\t\t\t<\/div>\n\t\t\t\t<\/div>\n\t\t\t\t<\/div>\n\t\t","protected":false},"excerpt":{"rendered":"<p>Galeria Szkolenia dla pracownik\u00f3w Muzeum Wojska w Bia\u0142ymstoku Szkolenia dla pracownik\u00f3w Muzeum Wojska w Bia\u0142ymstoku Szkolenia dla pracownik\u00f3w Muzeum Wojska w Bia\u0142ymstoku [&hellip;]<\/p>\n","protected":false},"author":1,"featured_media":0,"parent":0,"menu_order":0,"comment_status":"closed","ping_status":"closed","template":"elementor_header_footer","meta":{"footnotes":""},"class_list":["post-16","page","type-page","status-publish","hentry"],"_links":{"self":[{"href":"https:\/\/mwb.com.pl\/1939\/wp-json\/wp\/v2\/pages\/16","targetHints":{"allow":["GET"]}}],"collection":[{"href":"https:\/\/mwb.com.pl\/1939\/wp-json\/wp\/v2\/pages"}],"about":[{"href":"https:\/\/mwb.com.pl\/1939\/wp-json\/wp\/v2\/types\/page"}],"author":[{"embeddable":true,"href":"https:\/\/mwb.com.pl\/1939\/wp-json\/wp\/v2\/users\/1"}],"replies":[{"embeddable":true,"href":"https:\/\/mwb.com.pl\/1939\/wp-json\/wp\/v2\/comments?post=16"}],"version-history":[{"count":34,"href":"https:\/\/mwb.com.pl\/1939\/wp-json\/wp\/v2\/pages\/16\/revisions"}],"predecessor-version":[{"id":1168,"href":"https:\/\/mwb.com.pl\/1939\/wp-json\/wp\/v2\/pages\/16\/revisions\/1168"}],"wp:attachment":[{"href":"https:\/\/mwb.com.pl\/1939\/wp-json\/wp\/v2\/media?parent=16"}],"curies":[{"name":"wp","href":"https:\/\/api.w.org\/{rel}","templated":true}]}}