{"id":14,"date":"2024-10-23T13:52:48","date_gmt":"2024-10-23T11:52:48","guid":{"rendered":"https:\/\/mwb.com.pl\/1939\/?page_id=14"},"modified":"2024-11-19T07:49:16","modified_gmt":"2024-11-19T06:49:16","slug":"warsztaty","status":"publish","type":"page","link":"https:\/\/mwb.com.pl\/1939\/warsztaty\/","title":{"rendered":"Warsztaty"},"content":{"rendered":"\t\t<div data-elementor-type=\"wp-page\" data-elementor-id=\"14\" class=\"elementor elementor-14\">\n\t\t\t\t<div class=\"elementor-element elementor-element-c7c4bb8 elementor-hidden-mobile elementor-hidden-tablet e-flex e-con-boxed e-con e-parent\" data-id=\"c7c4bb8\" data-element_type=\"container\" data-e-type=\"container\">\n\t\t\t\t\t<div class=\"e-con-inner\">\n\t\t\t\t<div class=\"elementor-element elementor-element-958f823 elementor-widget elementor-widget-heading\" data-id=\"958f823\" data-element_type=\"widget\" data-e-type=\"widget\" data-widget_type=\"heading.default\">\n\t\t\t\t<div class=\"elementor-widget-container\">\n\t\t\t\t\t<h4 class=\"elementor-heading-title elementor-size-default\">Warsztaty<\/h4>\t\t\t\t<\/div>\n\t\t\t\t<\/div>\n\t\t\t\t<div class=\"elementor-element elementor-element-90ab1a2 elementor-widget-divider--view-line elementor-widget elementor-widget-divider\" data-id=\"90ab1a2\" data-element_type=\"widget\" data-e-type=\"widget\" data-widget_type=\"divider.default\">\n\t\t\t\t<div class=\"elementor-widget-container\">\n\t\t\t\t\t\t\t<div class=\"elementor-divider\">\n\t\t\t<span class=\"elementor-divider-separator\">\n\t\t\t\t\t\t<\/span>\n\t\t<\/div>\n\t\t\t\t\t\t<\/div>\n\t\t\t\t<\/div>\n\t\t\t\t\t<\/div>\n\t\t\t\t<\/div>\n\t\t<div class=\"elementor-element elementor-element-5d54e51 e-flex e-con-boxed e-con e-parent\" data-id=\"5d54e51\" data-element_type=\"container\" data-e-type=\"container\">\n\t\t\t\t\t<div class=\"e-con-inner\">\n\t\t\t\t<div class=\"elementor-element elementor-element-e032dce elementor-widget elementor-widget-spacer\" data-id=\"e032dce\" data-element_type=\"widget\" data-e-type=\"widget\" data-widget_type=\"spacer.default\">\n\t\t\t\t<div class=\"elementor-widget-container\">\n\t\t\t\t\t\t\t<div class=\"elementor-spacer\">\n\t\t\t<div class=\"elementor-spacer-inner\"><\/div>\n\t\t<\/div>\n\t\t\t\t\t\t<\/div>\n\t\t\t\t<\/div>\n\t\t\t\t\t<\/div>\n\t\t\t\t<\/div>\n\t\t<div class=\"elementor-element elementor-element-fe9e940 e-flex e-con-boxed e-con e-parent\" data-id=\"fe9e940\" data-element_type=\"container\" data-e-type=\"container\">\n\t\t\t\t\t<div class=\"e-con-inner\">\n\t\t\t\t<div class=\"elementor-element elementor-element-6cbed58 elementor-widget elementor-widget-eael-interactive-circle\" data-id=\"6cbed58\" data-element_type=\"widget\" data-e-type=\"widget\" data-widget_type=\"eael-interactive-circle.default\">\n\t\t\t\t<div class=\"elementor-widget-container\">\n\t\t\t\t\t        <div id=\"eael-interactive-circle-6cbed58\" class=\"eael-interactive-circle\" data-tabid=\"6cbed58\">\n\t\t\t                <div class=\"eael-circle-wrapper eael-interactive-circle-preset-1 eael-interactive-circle-event-click eael-circle-responsive-view\" data-appearance=\"eael-interactive-circle-animation-0\" data-autoplay=\"0\" data-autoplay-interval=\"2000\">\n                    <div class=\"eael-circle-info\" data-items=\"6\">\n                        <div class=\"eael-circle-inner\">\n\t\t\t\t\t\t\t                                <div class=\"eael-circle-item elementor-repeater-item-2201701\">\n                                    <div aria-controls=\"eael-interactive-1\" tabindex=\"0\" class=\"eael-circle-btn active\" id=\"eael-circle-item-1\">\n\t\t\t\t\t\t\t\t\t\t\n\t\t\t\t\t\t\t\t\t\t<!-- Start URL support -->\n\t\t\t\t\t\t\t\t\t\t\t\t\t\t\t\t\t\t\t\t\t<div class=\"eael-circle-btn-icon \">\n\t\t\t\t\t\t\t\t\t\t\t\t<div class=\"eael-circle-icon-inner\">\n\t\t\t\t\t\t\t\t\t\t\t\t\t<svg class=\"e-font-icon-svg e-fas-comment\" viewBox=\"0 0 512 512\" xmlns=\"http:\/\/www.w3.org\/2000\/svg\"><path d=\"M256 32C114.6 32 0 125.1 0 240c0 49.6 21.4 95 57 130.7C44.5 421.1 2.7 466 2.2 466.5c-2.2 2.3-2.8 5.7-1.5 8.7S4.8 480 8 480c66.3 0 116-31.8 140.6-51.4 32.7 12.3 69 19.4 107.4 19.4 141.4 0 256-93.1 256-208S397.4 32 256 32z\"><\/path><\/svg><span class=\"eael-circle-btn-txt\">Zaproszenie<\/span>\t\t\t\t\t\t\t\t\t\t\t\t<\/div>\n                                        \t<\/div>\n\t\t\t\t\t\t\t\t\t\t\t\t\t\t\t\t\t\t\t\t\t<!-- End URL support -->\n                                        \n                                    <\/div>\n                                    <div id=\"eael-interactive-1\" aria-labelledby=\"eael-circle-item-1\" class=\"eael-circle-btn-content eael-circle-item-1 active\">\n                                        <div class=\"eael-circle-content\">\n\t\t\t\t\t\t\t\t\t\t\t<p>Zapraszamy nauczycieli szk\u00f3\u0142 podstawowych (klasy 6-8) oraz szk\u00f3\u0142 ponadpodstawowych do zg\u0142oszenia swoich uczni\u00f3w na warsztaty historyczne <strong>\u201eWrzesie\u0144 1939 wirtualnie&#8221;<\/strong>.<\/p>                                        <\/div>\n                                    <\/div>\n                                <\/div>\n\n\t\t\t\t\t\t\t                                <div class=\"eael-circle-item elementor-repeater-item-2a37750\">\n                                    <div aria-controls=\"eael-interactive-2\" tabindex=\"0\" class=\"eael-circle-btn \" id=\"eael-circle-item-2\">\n\t\t\t\t\t\t\t\t\t\t\n\t\t\t\t\t\t\t\t\t\t<!-- Start URL support -->\n\t\t\t\t\t\t\t\t\t\t\t\t\t\t\t\t\t\t\t\t\t<div class=\"eael-circle-btn-icon \">\n\t\t\t\t\t\t\t\t\t\t\t\t<div class=\"eael-circle-icon-inner\">\n\t\t\t\t\t\t\t\t\t\t\t\t\t<svg class=\"e-font-icon-svg e-fas-grin\" viewBox=\"0 0 496 512\" xmlns=\"http:\/\/www.w3.org\/2000\/svg\"><path d=\"M248 8C111 8 0 119 0 256s111 248 248 248 248-111 248-248S385 8 248 8zm80 168c17.7 0 32 14.3 32 32s-14.3 32-32 32-32-14.3-32-32 14.3-32 32-32zm-160 0c17.7 0 32 14.3 32 32s-14.3 32-32 32-32-14.3-32-32 14.3-32 32-32zm80 256c-60.6 0-134.5-38.3-143.8-93.3-2-11.8 9.3-21.6 20.7-17.9C155.1 330.5 200 336 248 336s92.9-5.5 123.1-15.2c11.3-3.7 22.6 6.1 20.7 17.9-9.3 55-83.2 93.3-143.8 93.3z\"><\/path><\/svg><span class=\"eael-circle-btn-txt\">Dlaczego warto?<\/span>\t\t\t\t\t\t\t\t\t\t\t\t<\/div>\n                                        \t<\/div>\n\t\t\t\t\t\t\t\t\t\t\t\t\t\t\t\t\t\t\t\t\t<!-- End URL support -->\n                                        \n                                    <\/div>\n                                    <div id=\"eael-interactive-2\" aria-labelledby=\"eael-circle-item-2\" class=\"eael-circle-btn-content eael-circle-item-2 \">\n                                        <div class=\"eael-circle-content\">\n\t\t\t\t\t\t\t\t\t\t\t<strong>Nowoczesna forma nauki:<\/strong> Uczniowie przyjrz\u0105 si\u0119 z bliska oryginalnym przedmiotom z okresu wojny, korzystaj\u0105c z modeli 3D. Rozwi\u0105zuj\u0105c interaktywne zadania poznaj\u0105 wa\u017cne wydarzenia i postaci.<\/br>\n<strong>Poznawanie lokalnej historii:<\/strong>Uczniowie odkryj\u0105 nieznane fakty o\u00a0wydarzeniach z wrze\u015bnia 1939 roku na\u00a0Podlasiu.                                        <\/div>\n                                    <\/div>\n                                <\/div>\n\n\t\t\t\t\t\t\t                                <div class=\"eael-circle-item elementor-repeater-item-2cf7016\">\n                                    <div aria-controls=\"eael-interactive-3\" tabindex=\"0\" class=\"eael-circle-btn \" id=\"eael-circle-item-3\">\n\t\t\t\t\t\t\t\t\t\t\n\t\t\t\t\t\t\t\t\t\t<!-- Start URL support -->\n\t\t\t\t\t\t\t\t\t\t\t\t\t\t\t\t\t\t\t\t\t<div class=\"eael-circle-btn-icon \">\n\t\t\t\t\t\t\t\t\t\t\t\t<div class=\"eael-circle-icon-inner\">\n\t\t\t\t\t\t\t\t\t\t\t\t\t<svg class=\"e-font-icon-svg e-fas-tag\" viewBox=\"0 0 512 512\" xmlns=\"http:\/\/www.w3.org\/2000\/svg\"><path d=\"M0 252.118V48C0 21.49 21.49 0 48 0h204.118a48 48 0 0 1 33.941 14.059l211.882 211.882c18.745 18.745 18.745 49.137 0 67.882L293.823 497.941c-18.745 18.745-49.137 18.745-67.882 0L14.059 286.059A48 48 0 0 1 0 252.118zM112 64c-26.51 0-48 21.49-48 48s21.49 48 48 48 48-21.49 48-48-21.49-48-48-48z\"><\/path><\/svg><span class=\"eael-circle-btn-txt\">Dlaczego warto?<\/span>\t\t\t\t\t\t\t\t\t\t\t\t<\/div>\n                                        \t<\/div>\n\t\t\t\t\t\t\t\t\t\t\t\t\t\t\t\t\t\t\t\t\t<!-- End URL support -->\n                                        \n                                    <\/div>\n                                    <div id=\"eael-interactive-3\" aria-labelledby=\"eael-circle-item-3\" class=\"eael-circle-btn-content eael-circle-item-3 \">\n                                        <div class=\"eael-circle-content\">\n\t\t\t\t\t\t\t\t\t\t\t<strong>Rozw\u00f3j kompetencji cyfrowych:<\/strong>\nUczniowie naucz\u0105 si\u0119\n<\/br>korzysta\u0107 z nowoczesnych technologii w spos\u00f3b kreatywny.\n<strong>Budowanie zainteresowania histori\u0105:<\/strong>Warsztaty pobudz\u0105 ciekawo\u015b\u0107 i ch\u0119\u0107 dalszego zg\u0142\u0119biania wiedzy o przesz\u0142o\u015bci.\n<strong>Bezp\u0142atny udzia\u0142:<\/strong> Udzia\u0142 w warsztatach\n<\/br>jest ca\u0142kowicie darmowy!                                        <\/div>\n                                    <\/div>\n                                <\/div>\n\n\t\t\t\t\t\t\t                                <div class=\"eael-circle-item elementor-repeater-item-838be0e\">\n                                    <div aria-controls=\"eael-interactive-4\" tabindex=\"0\" class=\"eael-circle-btn \" id=\"eael-circle-item-4\">\n\t\t\t\t\t\t\t\t\t\t\n\t\t\t\t\t\t\t\t\t\t<!-- Start URL support -->\n\t\t\t\t\t\t\t\t\t\t\t\t\t\t\t\t\t\t\t\t\t<div class=\"eael-circle-btn-icon \">\n\t\t\t\t\t\t\t\t\t\t\t\t<div class=\"eael-circle-icon-inner\">\n\t\t\t\t\t\t\t\t\t\t\t\t\t<svg class=\"e-font-icon-svg e-fas-laptop-house\" viewBox=\"0 0 640 512\" xmlns=\"http:\/\/www.w3.org\/2000\/svg\"><path d=\"M272,288H208a16,16,0,0,1-16-16V208a16,16,0,0,1,16-16h64a16,16,0,0,1,16,16v37.12C299.11,232.24,315,224,332.8,224H469.74l6.65-7.53A16.51,16.51,0,0,0,480,207a16.31,16.31,0,0,0-4.75-10.61L416,144V48a16,16,0,0,0-16-16H368a16,16,0,0,0-16,16V87.3L263.5,8.92C258,4,247.45,0,240.05,0s-17.93,4-23.47,8.92L4.78,196.42A16.15,16.15,0,0,0,0,207a16.4,16.4,0,0,0,3.55,9.39L22.34,237.7A16.22,16.22,0,0,0,33,242.48,16.51,16.51,0,0,0,42.34,239L64,219.88V384a32,32,0,0,0,32,32H272ZM629.33,448H592V288c0-17.67-12.89-32-28.8-32H332.8c-15.91,0-28.8,14.33-28.8,32V448H266.67A10.67,10.67,0,0,0,256,458.67v10.66A42.82,42.82,0,0,0,298.6,512H597.4A42.82,42.82,0,0,0,640,469.33V458.67A10.67,10.67,0,0,0,629.33,448ZM544,448H352V304H544Z\"><\/path><\/svg><span class=\"eael-circle-btn-txt\">Co oferujemy?<\/span>\t\t\t\t\t\t\t\t\t\t\t\t<\/div>\n                                        \t<\/div>\n\t\t\t\t\t\t\t\t\t\t\t\t\t\t\t\t\t\t\t\t\t<!-- End URL support -->\n                                        \n                                    <\/div>\n                                    <div id=\"eael-interactive-4\" aria-labelledby=\"eael-circle-item-4\" class=\"eael-circle-btn-content eael-circle-item-4 \">\n                                        <div class=\"eael-circle-content\">\n\t\t\t\t\t\t\t\t\t\t\t<strong>Dwie formy udzia\u0142u:<\/strong><\/br>\nwarsztaty b\u0119d\u0105 realizowane zar\u00f3wno stacjonarnie w siedzibie Muzeum, jak i online, dzi\u0119ki czemu mog\u0105 wzi\u0105\u0107 w nich udzia\u0142 uczniowie z ca\u0142ego regionu.                                        <\/div>\n                                    <\/div>\n                                <\/div>\n\n\t\t\t\t\t\t\t                                <div class=\"eael-circle-item elementor-repeater-item-c743c47\">\n                                    <div aria-controls=\"eael-interactive-5\" tabindex=\"0\" class=\"eael-circle-btn \" id=\"eael-circle-item-5\">\n\t\t\t\t\t\t\t\t\t\t\n\t\t\t\t\t\t\t\t\t\t<!-- Start URL support -->\n\t\t\t\t\t\t\t\t\t\t\t\t\t\t\t\t\t\t\t\t\t<div class=\"eael-circle-btn-icon \">\n\t\t\t\t\t\t\t\t\t\t\t\t<div class=\"eael-circle-icon-inner\">\n\t\t\t\t\t\t\t\t\t\t\t\t\t<svg class=\"e-font-icon-svg e-fas-clock\" viewBox=\"0 0 512 512\" xmlns=\"http:\/\/www.w3.org\/2000\/svg\"><path d=\"M256,8C119,8,8,119,8,256S119,504,256,504,504,393,504,256,393,8,256,8Zm92.49,313h0l-20,25a16,16,0,0,1-22.49,2.5h0l-67-49.72a40,40,0,0,1-15-31.23V112a16,16,0,0,1,16-16h32a16,16,0,0,1,16,16V256l58,42.5A16,16,0,0,1,348.49,321Z\"><\/path><\/svg><span class=\"eael-circle-btn-txt\">Kiedy?<\/span>\t\t\t\t\t\t\t\t\t\t\t\t<\/div>\n                                        \t<\/div>\n\t\t\t\t\t\t\t\t\t\t\t\t\t\t\t\t\t\t\t\t\t<!-- End URL support -->\n                                        \n                                    <\/div>\n                                    <div id=\"eael-interactive-5\" aria-labelledby=\"eael-circle-item-5\" class=\"eael-circle-btn-content eael-circle-item-5 \">\n                                        <div class=\"eael-circle-content\">\n\t\t\t\t\t\t\t\t\t\t\t<p>Od 12 listopada do 20 grudnia 2024 r.,od poniedzia\u0142ku do pi\u0105tku, w godz. 8.00-15.30.<\/p>                                        <\/div>\n                                    <\/div>\n                                <\/div>\n\n\t\t\t\t\t\t\t                                <div class=\"eael-circle-item elementor-repeater-item-ee8301e\">\n                                    <div aria-controls=\"eael-interactive-6\" tabindex=\"0\" class=\"eael-circle-btn \" id=\"eael-circle-item-6\">\n\t\t\t\t\t\t\t\t\t\t\n\t\t\t\t\t\t\t\t\t\t<!-- Start URL support -->\n\t\t\t\t\t\t\t\t\t\t\t\t\t\t\t\t\t\t\t\t\t<div class=\"eael-circle-btn-icon \">\n\t\t\t\t\t\t\t\t\t\t\t\t<div class=\"eael-circle-icon-inner\">\n\t\t\t\t\t\t\t\t\t\t\t\t\t<svg class=\"e-font-icon-svg e-fas-map-marker-alt\" viewBox=\"0 0 384 512\" xmlns=\"http:\/\/www.w3.org\/2000\/svg\"><path d=\"M172.268 501.67C26.97 291.031 0 269.413 0 192 0 85.961 85.961 0 192 0s192 85.961 192 192c0 77.413-26.97 99.031-172.268 309.67-9.535 13.774-29.93 13.773-39.464 0zM192 272c44.183 0 80-35.817 80-80s-35.817-80-80-80-80 35.817-80 80 35.817 80 80 80z\"><\/path><\/svg><span class=\"eael-circle-btn-txt\">Gdzie?<\/span>\t\t\t\t\t\t\t\t\t\t\t\t<\/div>\n                                        \t<\/div>\n\t\t\t\t\t\t\t\t\t\t\t\t\t\t\t\t\t\t\t\t\t<!-- End URL support -->\n                                        \n                                    <\/div>\n                                    <div id=\"eael-interactive-6\" aria-labelledby=\"eael-circle-item-6\" class=\"eael-circle-btn-content eael-circle-item-6 \">\n                                        <div class=\"eael-circle-content\">\n\t\t\t\t\t\t\t\t\t\t\t<strong>Bia\u0142ystok:<\/strong>siedziba Muzeum Wojska w Bia\u0142ymstoku, ul.\u00a0Jana Kili\u0144skiego 7\n\n<strong>Ca\u0142e Podlasie:<\/strong>online, organizator zapewnia bezp\u0142atny i\u00a0wygodny dost\u0119p do platformy Clickmeeting.                                        <\/div>\n                                    <\/div>\n                                <\/div>\n\n\t\t\t\t\t\t\t\n                        <\/div>\n                    <\/div>\n                <\/div>\n\n\t\t\t\n        <\/div>\n\t\t\t\t\t<\/div>\n\t\t\t\t<\/div>\n\t\t\t\t\t<\/div>\n\t\t\t\t<\/div>\n\t\t<div class=\"elementor-element elementor-element-31e5013 e-flex e-con-boxed e-con e-parent\" data-id=\"31e5013\" data-element_type=\"container\" data-e-type=\"container\">\n\t\t\t\t\t<div class=\"e-con-inner\">\n\t\t\t\t<div class=\"elementor-element elementor-element-1d7852e elementor-widget elementor-widget-text-editor\" data-id=\"1d7852e\" data-element_type=\"widget\" data-e-type=\"widget\" data-widget_type=\"text-editor.default\">\n\t\t\t\t<div class=\"elementor-widget-container\">\n\t\t\t\t\t\t\t\t\t<p><strong>Liczba miejsc ograniczona! Decyduje kolejno\u015b\u0107 zg\u0142osze\u0144.<\/strong><\/p><p>Zapraszamy do zapis\u00f3w pod numerem telefonu <strong>536 123 424<\/strong> lub drog\u0105 mailow\u0105 na adres <strong>mwilczko@mwb.com.pl<\/strong><\/p>\t\t\t\t\t\t\t\t<\/div>\n\t\t\t\t<\/div>\n\t\t\t\t\t<\/div>\n\t\t\t\t<\/div>\n\t\t\t\t<\/div>\n\t\t","protected":false},"excerpt":{"rendered":"<p>Warsztaty Zaproszenie Zapraszamy nauczycieli szk\u00f3\u0142 podstawowych (klasy 6-8) oraz szk\u00f3\u0142 ponadpodstawowych do zg\u0142oszenia swoich uczni\u00f3w na warsztaty historyczne \u201eWrzesie\u0144 1939 wirtualnie&#8221;. Dlaczego [&hellip;]<\/p>\n","protected":false},"author":1,"featured_media":0,"parent":0,"menu_order":0,"comment_status":"closed","ping_status":"closed","template":"elementor_header_footer","meta":{"footnotes":""},"class_list":["post-14","page","type-page","status-publish","hentry"],"_links":{"self":[{"href":"https:\/\/mwb.com.pl\/1939\/wp-json\/wp\/v2\/pages\/14","targetHints":{"allow":["GET"]}}],"collection":[{"href":"https:\/\/mwb.com.pl\/1939\/wp-json\/wp\/v2\/pages"}],"about":[{"href":"https:\/\/mwb.com.pl\/1939\/wp-json\/wp\/v2\/types\/page"}],"author":[{"embeddable":true,"href":"https:\/\/mwb.com.pl\/1939\/wp-json\/wp\/v2\/users\/1"}],"replies":[{"embeddable":true,"href":"https:\/\/mwb.com.pl\/1939\/wp-json\/wp\/v2\/comments?post=14"}],"version-history":[{"count":76,"href":"https:\/\/mwb.com.pl\/1939\/wp-json\/wp\/v2\/pages\/14\/revisions"}],"predecessor-version":[{"id":1013,"href":"https:\/\/mwb.com.pl\/1939\/wp-json\/wp\/v2\/pages\/14\/revisions\/1013"}],"wp:attachment":[{"href":"https:\/\/mwb.com.pl\/1939\/wp-json\/wp\/v2\/media?parent=14"}],"curies":[{"name":"wp","href":"https:\/\/api.w.org\/{rel}","templated":true}]}}