{"id":10,"date":"2024-10-23T13:52:11","date_gmt":"2024-10-23T11:52:11","guid":{"rendered":"https:\/\/mwb.com.pl\/1939\/?page_id=10"},"modified":"2025-01-07T09:56:30","modified_gmt":"2025-01-07T08:56:30","slug":"o-projekcie","status":"publish","type":"page","link":"https:\/\/mwb.com.pl\/1939\/","title":{"rendered":"O projekcie"},"content":{"rendered":"\t\t<div data-elementor-type=\"wp-page\" data-elementor-id=\"10\" class=\"elementor elementor-10\">\n\t\t\t\t<div class=\"elementor-element elementor-element-37046cd elementor-hidden-mobile elementor-hidden-tablet e-flex e-con-boxed e-con e-parent\" data-id=\"37046cd\" data-element_type=\"container\" data-e-type=\"container\">\n\t\t\t\t\t<div class=\"e-con-inner\">\n\t\t\t\t<div class=\"elementor-element elementor-element-62ee881 elementor-widget elementor-widget-heading\" data-id=\"62ee881\" data-element_type=\"widget\" data-e-type=\"widget\" data-widget_type=\"heading.default\">\n\t\t\t\t<div class=\"elementor-widget-container\">\n\t\t\t\t\t<h4 class=\"elementor-heading-title elementor-size-default\">O projekcie<\/h4>\t\t\t\t<\/div>\n\t\t\t\t<\/div>\n\t\t\t\t<div class=\"elementor-element elementor-element-f805a30 elementor-widget-divider--view-line elementor-widget elementor-widget-divider\" data-id=\"f805a30\" data-element_type=\"widget\" data-e-type=\"widget\" data-widget_type=\"divider.default\">\n\t\t\t\t<div class=\"elementor-widget-container\">\n\t\t\t\t\t\t\t<div class=\"elementor-divider\">\n\t\t\t<span class=\"elementor-divider-separator\">\n\t\t\t\t\t\t<\/span>\n\t\t<\/div>\n\t\t\t\t\t\t<\/div>\n\t\t\t\t<\/div>\n\t\t\t\t\t<\/div>\n\t\t\t\t<\/div>\n\t\t<div class=\"elementor-element elementor-element-8462acb e-flex e-con-boxed e-con e-parent\" data-id=\"8462acb\" data-element_type=\"container\" data-e-type=\"container\">\n\t\t\t\t\t<div class=\"e-con-inner\">\n\t\t\t\t<div class=\"elementor-element elementor-element-fd58cf9 elementor-widget elementor-widget-spacer\" data-id=\"fd58cf9\" data-element_type=\"widget\" data-e-type=\"widget\" data-widget_type=\"spacer.default\">\n\t\t\t\t<div class=\"elementor-widget-container\">\n\t\t\t\t\t\t\t<div class=\"elementor-spacer\">\n\t\t\t<div class=\"elementor-spacer-inner\"><\/div>\n\t\t<\/div>\n\t\t\t\t\t\t<\/div>\n\t\t\t\t<\/div>\n\t\t\t\t\t<\/div>\n\t\t\t\t<\/div>\n\t\t<div class=\"elementor-element elementor-element-15b87f0 e-flex e-con-boxed e-con e-parent\" data-id=\"15b87f0\" data-element_type=\"container\" data-e-type=\"container\">\n\t\t\t\t\t<div class=\"e-con-inner\">\n\t\t\t\t<div class=\"elementor-element elementor-element-5bc1c9f elementor-widget elementor-widget-text-editor\" data-id=\"5bc1c9f\" data-element_type=\"widget\" data-e-type=\"widget\" data-widget_type=\"text-editor.default\">\n\t\t\t\t<div class=\"elementor-widget-container\">\n\t\t\t\t\t\t\t\t\t<p>W 2024 r. Muzeum Wojska w Bia\u0142ymstoku zrealizowa\u0142o przedsi\u0119wzi\u0119cie maj\u0105ce na celu wdro\u017cenie nowych rozwi\u0105za\u0144 technologicznych do dzia\u0142alno\u015bci edukacyjnej plac\u00f3wki. Realizacja projektu pn. \u201eWirtualna edukacja w Muzeum Wojska w Bia\u0142ymstoku\u201d by\u0142a mo\u017cliwa dzi\u0119ki wsparciu z Programu Krajowego Planu Odbudowy i Zwi\u0119kszania Odporno\u015bci.<\/p><p>Istot\u0105 projektu by\u0142 wielopoziomowy proces budowania kompetencji zespo\u0142u Muzeum w zakresie prezentacji obiekt\u00f3w muzealnych za pomoc\u0105 narz\u0119dzi internetowych. Jego elementami by\u0142y: cykl szkoleniowy, zastosowanie nowej wiedzy w procesie projektowania i testowania warsztat\u00f3w, ewaluacja i wdro\u017cenie do oferty sta\u0142ej opracowanych rozwi\u0105za\u0144.<\/p><p>G\u0142\u00f3wnym dzia\u0142aniem projektowym by\u0142y warsztaty historyczne dla m\u0142odzie\u017cy z Bia\u0142egostoku i regionu. Tematem tych spotka\u0144 by\u0142y losy \u017co\u0142nierzy z Podlasia podczas walk obronnych we wrze\u015bniu 1939 r. Dzi\u0119ki wizualizacjom 3D obiekt\u00f3w muzealnych oraz interaktywnym \u0107wiczeniom uczestnicy zyskali tylko now\u0105 wiedz\u0105 w zakresie historii lokalnej, ale tak\u017ce uczyli si\u0119 korzystania z nowych technologii w spos\u00f3b kreatywny. Warsztaty by\u0142y prowadzone w formule offline w siedzibie Muzeum Wojska, a tak\u017ce w trybie online dla odbiorc\u00f3w z wojew\u00f3dztwa podlaskiego.<\/p><p>Warsztaty s\u0105 nadal realizowane w ramach sta\u0142ej oferty edukacyjnej Muzeum Wojska w Bia\u0142ymstoku.<\/p>\t\t\t\t\t\t\t\t<\/div>\n\t\t\t\t<\/div>\n\t\t\t\t\t<\/div>\n\t\t\t\t<\/div>\n\t\t\t\t<\/div>\n\t\t","protected":false},"excerpt":{"rendered":"<p>O projekcie W 2024 r. Muzeum Wojska w Bia\u0142ymstoku zrealizowa\u0142o przedsi\u0119wzi\u0119cie maj\u0105ce na celu wdro\u017cenie nowych rozwi\u0105za\u0144 technologicznych do dzia\u0142alno\u015bci edukacyjnej plac\u00f3wki. [&hellip;]<\/p>\n","protected":false},"author":1,"featured_media":0,"parent":0,"menu_order":0,"comment_status":"closed","ping_status":"closed","template":"elementor_header_footer","meta":{"footnotes":""},"class_list":["post-10","page","type-page","status-publish","hentry"],"_links":{"self":[{"href":"https:\/\/mwb.com.pl\/1939\/wp-json\/wp\/v2\/pages\/10","targetHints":{"allow":["GET"]}}],"collection":[{"href":"https:\/\/mwb.com.pl\/1939\/wp-json\/wp\/v2\/pages"}],"about":[{"href":"https:\/\/mwb.com.pl\/1939\/wp-json\/wp\/v2\/types\/page"}],"author":[{"embeddable":true,"href":"https:\/\/mwb.com.pl\/1939\/wp-json\/wp\/v2\/users\/1"}],"replies":[{"embeddable":true,"href":"https:\/\/mwb.com.pl\/1939\/wp-json\/wp\/v2\/comments?post=10"}],"version-history":[{"count":19,"href":"https:\/\/mwb.com.pl\/1939\/wp-json\/wp\/v2\/pages\/10\/revisions"}],"predecessor-version":[{"id":1258,"href":"https:\/\/mwb.com.pl\/1939\/wp-json\/wp\/v2\/pages\/10\/revisions\/1258"}],"wp:attachment":[{"href":"https:\/\/mwb.com.pl\/1939\/wp-json\/wp\/v2\/media?parent=10"}],"curies":[{"name":"wp","href":"https:\/\/api.w.org\/{rel}","templated":true}]}}