{"id":38,"date":"2021-02-09T12:28:39","date_gmt":"2021-02-09T11:28:39","guid":{"rendered":"https:\/\/mwb.com.pl\/18pulk\/?page_id=38"},"modified":"2022-03-03T11:05:17","modified_gmt":"2022-03-03T10:05:17","slug":"coin","status":"publish","type":"page","link":"https:\/\/mwb.com.pl\/18pulk\/symbole-i-barwy\/coin\/","title":{"rendered":"Coin"},"content":{"rendered":"\t\t<div data-elementor-type=\"wp-page\" data-elementor-id=\"38\" class=\"elementor elementor-38\">\n\t\t\t\t\t\t<section class=\"elementor-section elementor-top-section elementor-element elementor-element-4af572e elementor-section-boxed elementor-section-height-default elementor-section-height-default\" data-id=\"4af572e\" data-element_type=\"section\" data-e-type=\"section\" data-settings=\"{&quot;background_background&quot;:&quot;classic&quot;}\">\n\t\t\t\t\t\t<div class=\"elementor-container elementor-column-gap-default\">\n\t\t\t\t\t<div class=\"elementor-column elementor-col-100 elementor-top-column elementor-element elementor-element-9e2ea58\" data-id=\"9e2ea58\" data-element_type=\"column\" data-e-type=\"column\">\n\t\t\t<div class=\"elementor-widget-wrap elementor-element-populated\">\n\t\t\t\t\t\t<div class=\"elementor-element elementor-element-c9fff25 elementor-widget elementor-widget-heading\" data-id=\"c9fff25\" data-element_type=\"widget\" data-e-type=\"widget\" data-widget_type=\"heading.default\">\n\t\t\t\t<div class=\"elementor-widget-container\">\n\t\t\t\t\t<h2 class=\"elementor-heading-title elementor-size-default\">COIN 18. BIA\u0141OSTOCKIEGO PU\u0141KU ROZPOZNAWCZEGO<\/h2>\t\t\t\t<\/div>\n\t\t\t\t<\/div>\n\t\t\t\t\t<\/div>\n\t\t<\/div>\n\t\t\t\t\t<\/div>\n\t\t<\/section>\n\t\t\t\t<section class=\"elementor-section elementor-top-section elementor-element elementor-element-aa996df elementor-section-boxed elementor-section-height-default elementor-section-height-default\" data-id=\"aa996df\" data-element_type=\"section\" data-e-type=\"section\" data-settings=\"{&quot;background_background&quot;:&quot;classic&quot;}\">\n\t\t\t\t\t\t<div class=\"elementor-container elementor-column-gap-default\">\n\t\t\t\t\t<div class=\"elementor-column elementor-col-100 elementor-top-column elementor-element elementor-element-7c39ca5\" data-id=\"7c39ca5\" data-element_type=\"column\" data-e-type=\"column\">\n\t\t\t<div class=\"elementor-widget-wrap elementor-element-populated\">\n\t\t\t\t\t\t<div class=\"elementor-element elementor-element-cff16bd elementor-widget elementor-widget-text-editor\" data-id=\"cff16bd\" data-element_type=\"widget\" data-e-type=\"widget\" data-widget_type=\"text-editor.default\">\n\t\t\t\t<div class=\"elementor-widget-container\">\n\t\t\t\t\t\t\t\t\t<p>Wbrew zaczerpni\u0119tej z j\u0119zyka angielskiego nazwie, \u201ecoin\u201d nie jest monet\u0105, lecz odlewanym b\u0105d\u017a wybijanym kr\u0105\u017ckiem metalu, na kt\u00f3rym umieszczane s\u0105 symbole danej jednostki wojskowej, jej motto, czy inne charakterystyczne elementy. Nie jest to r\u00f3wnie\u017c medal ani odznaczenie, lecz rodzaj nieformalnej odznaki symbolizuj\u0105cej przywi\u0105zanie do jednostki. \u201eCoiny\u201d bywaj\u0105 wr\u0119czane przez dow\u00f3dc\u00f3w jednostek w dow\u00f3d uznania i braterstwa \u017co\u0142nierzom, przyjacio\u0142om lub innym osobom zas\u0142u\u017conym dla dalej formacji. Niekt\u00f3re jednostki dysponuj\u0105 r\u00f3wnie\u017c \u201ecoinami\u201d okoliczno\u015bciowymi, wybijanymi z okazji \u015bwi\u0105t, jubileuszy czy misji zagranicznych. W tym miejscu nale\u017cy zaznaczy\u0107, \u017ce \u201ecoiny\u201d nie podlegaj\u0105 zatwierdzeniu przez Ministerstwo Obrony Narodowej. Wybijane s\u0105 ze \u015brodk\u00f3w w\u0142asnych danej jednostki wojskowej i rozdawane wedle uznania.<\/p><p>Zwyczaj wr\u0119czania \u201ecoin\u00f3w\u201d przej\u0119ty zosta\u0142 z armii zachodnich, gdzie tradycja wr\u0119czania nagr\u00f3d pami\u0105tkowych w zawodach sportowych (challange coin) istnia\u0142a ju\u017c w okresie I wojny \u015bwiatowej. Zwyczaj wybijania i wr\u0119czania \u201ecoin\u00f3w\u201d rozprzestrzeni\u0142 si\u0119 w Wojsku Polskim po wst\u0105pieniu Rzeczypospolitej do NATO w 1999 r.<\/p><p>18. Bia\u0142ostocki Pu\u0142k Rozpoznawczy r\u00f3wnie\u017c posiada w\u0142asne \u201ecoiny\u201d. Wykorzystywana jest na nich symbolika charakterystyczna dla jednostki, a wi\u0119c wizerunek rysia, znany z oznaki rozpoznawczej, odznaki pu\u0142kowej czy oznaki rozpoznania og\u00f3lnowojskowego. Umieszczone na niej zosta\u0142o tak\u017ce motto \u201eZwiad wytycza szlak\u201d. Kolejny typ \u201ecoinu\u201d 18. pu\u0142ku rozpoznawczego zosta\u0142 zaprojektowany i wybity na pami\u0105tk\u0119 otrzymania przez jednostk\u0119 honorowego tytu\u0142u przoduj\u0105cego oddzia\u0142u Wojska Polskiego w 2015 r., a kolejny \u2013 z okazji jubileuszu 5-lecia jednostki.<\/p>\t\t\t\t\t\t\t\t<\/div>\n\t\t\t\t<\/div>\n\t\t\t\t\t<\/div>\n\t\t<\/div>\n\t\t\t\t\t<\/div>\n\t\t<\/section>\n\t\t\t\t<section class=\"elementor-section elementor-top-section elementor-element elementor-element-4fc6b10 elementor-section-boxed elementor-section-height-default elementor-section-height-default\" data-id=\"4fc6b10\" data-element_type=\"section\" data-e-type=\"section\" data-settings=\"{&quot;background_background&quot;:&quot;classic&quot;}\">\n\t\t\t\t\t\t<div class=\"elementor-container elementor-column-gap-default\">\n\t\t\t\t\t<div class=\"elementor-column elementor-col-50 elementor-top-column elementor-element elementor-element-fbc1b4c\" data-id=\"fbc1b4c\" data-element_type=\"column\" data-e-type=\"column\">\n\t\t\t<div class=\"elementor-widget-wrap elementor-element-populated\">\n\t\t\t\t\t\t<div class=\"elementor-element elementor-element-8a3a0f2 elementor-position-top elementor-widget elementor-widget-image-box\" data-id=\"8a3a0f2\" data-element_type=\"widget\" data-e-type=\"widget\" data-widget_type=\"image-box.default\">\n\t\t\t\t<div class=\"elementor-widget-container\">\n\t\t\t\t\t<div class=\"elementor-image-box-wrapper\"><figure class=\"elementor-image-box-img\"><a href=\"https:\/\/mwb.com.pl\/18pulk\/wp-content\/uploads\/2021\/02\/coin1.jpg\" tabindex=\"-1\"><img fetchpriority=\"high\" decoding=\"async\" width=\"607\" height=\"600\" src=\"https:\/\/mwb.com.pl\/18pulk\/wp-content\/uploads\/2021\/02\/coin1.jpg\" class=\"attachment-full size-full wp-image-496\" alt=\"\u201eCoin\u201d 18. Bia\u0142ostockiego Pu\u0142ku Rozpoznawczego wydany z okazji wyr\u00f3\u017cnienia pu\u0142ku tytu\u0142em honorowym \u201ePrzoduj\u0105cego Oddzia\u0142u Wojska Polskiego\u201d (zbiory prywatne)\" srcset=\"https:\/\/mwb.com.pl\/18pulk\/wp-content\/uploads\/2021\/02\/coin1.jpg 607w, https:\/\/mwb.com.pl\/18pulk\/wp-content\/uploads\/2021\/02\/coin1-300x297.jpg 300w, https:\/\/mwb.com.pl\/18pulk\/wp-content\/uploads\/2021\/02\/coin1-230x227.jpg 230w, https:\/\/mwb.com.pl\/18pulk\/wp-content\/uploads\/2021\/02\/coin1-350x346.jpg 350w, https:\/\/mwb.com.pl\/18pulk\/wp-content\/uploads\/2021\/02\/coin1-480x474.jpg 480w\" sizes=\"(max-width: 607px) 100vw, 607px\" \/><\/a><\/figure><div class=\"elementor-image-box-content\"><p class=\"elementor-image-box-description\">\u201eCoin\u201d 18. Bia\u0142ostockiego Pu\u0142ku Rozpoznawczego wydany z okazji wyr\u00f3\u017cnienia pu\u0142ku tytu\u0142em honorowym \u201ePrzoduj\u0105cego Oddzia\u0142u Wojska Polskiego\u201d (zbiory prywatne)<\/p><\/div><\/div>\t\t\t\t<\/div>\n\t\t\t\t<\/div>\n\t\t\t\t\t<\/div>\n\t\t<\/div>\n\t\t\t\t<div class=\"elementor-column elementor-col-50 elementor-top-column elementor-element elementor-element-2971d69\" data-id=\"2971d69\" data-element_type=\"column\" data-e-type=\"column\">\n\t\t\t<div class=\"elementor-widget-wrap elementor-element-populated\">\n\t\t\t\t\t\t<div class=\"elementor-element elementor-element-70fe347 elementor-position-top elementor-widget elementor-widget-image-box\" data-id=\"70fe347\" data-element_type=\"widget\" data-e-type=\"widget\" data-widget_type=\"image-box.default\">\n\t\t\t\t<div class=\"elementor-widget-container\">\n\t\t\t\t\t<div class=\"elementor-image-box-wrapper\"><figure class=\"elementor-image-box-img\"><a href=\"https:\/\/mwb.com.pl\/18pulk\/wp-content\/uploads\/2021\/02\/coin2.jpg\" tabindex=\"-1\"><img decoding=\"async\" width=\"607\" height=\"600\" src=\"https:\/\/mwb.com.pl\/18pulk\/wp-content\/uploads\/2021\/02\/coin2.jpg\" class=\"attachment-full size-full wp-image-513\" alt=\"\u201eCoin\u201d 18. Bia\u0142ostockiego Pu\u0142ku Rozpoznawczego wydany z okazji wyr\u00f3\u017cnienia pu\u0142ku tytu\u0142em honorowym \u201ePrzoduj\u0105cego Oddzia\u0142u Wojska Polskiego\u201d (zbiory prywatne)\" srcset=\"https:\/\/mwb.com.pl\/18pulk\/wp-content\/uploads\/2021\/02\/coin2.jpg 607w, https:\/\/mwb.com.pl\/18pulk\/wp-content\/uploads\/2021\/02\/coin2-300x297.jpg 300w, https:\/\/mwb.com.pl\/18pulk\/wp-content\/uploads\/2021\/02\/coin2-230x227.jpg 230w, https:\/\/mwb.com.pl\/18pulk\/wp-content\/uploads\/2021\/02\/coin2-350x346.jpg 350w, https:\/\/mwb.com.pl\/18pulk\/wp-content\/uploads\/2021\/02\/coin2-480x474.jpg 480w\" sizes=\"(max-width: 607px) 100vw, 607px\" \/><\/a><\/figure><div class=\"elementor-image-box-content\"><p class=\"elementor-image-box-description\">\u201eCoin\u201d 18. Bia\u0142ostockiego Pu\u0142ku Rozpoznawczego wydany z okazji wyr\u00f3\u017cnienia pu\u0142ku tytu\u0142em honorowym \u201ePrzoduj\u0105cego Oddzia\u0142u Wojska Polskiego\u201d (zbiory prywatne)<\/p><\/div><\/div>\t\t\t\t<\/div>\n\t\t\t\t<\/div>\n\t\t\t\t\t<\/div>\n\t\t<\/div>\n\t\t\t\t\t<\/div>\n\t\t<\/section>\n\t\t\t\t<\/div>\n\t\t","protected":false},"excerpt":{"rendered":"<p>COIN 18. BIA\u0141OSTOCKIEGO PU\u0141KU ROZPOZNAWCZEGO Wbrew zaczerpni\u0119tej z j\u0119zyka angielskiego nazwie, \u201ecoin\u201d nie jest monet\u0105, lecz odlewanym b\u0105d\u017a wybijanym kr\u0105\u017ckiem metalu, na kt\u00f3rym umieszczane s\u0105 symbole danej jednostki wojskowej, jej motto, czy inne charakterystyczne elementy. Nie jest to r\u00f3wnie\u017c medal ani odznaczenie, lecz rodzaj nieformalnej odznaki symbolizuj\u0105cej przywi\u0105zanie do jednostki. \u201eCoiny\u201d bywaj\u0105 wr\u0119czane przez dow\u00f3dc\u00f3w [&hellip;]<\/p>\n","protected":false},"author":1,"featured_media":0,"parent":18,"menu_order":0,"comment_status":"closed","ping_status":"closed","template":"page-templates\/page_front-page.php","meta":{"footnotes":""},"class_list":["post-38","page","type-page","status-publish","hentry"],"_links":{"self":[{"href":"https:\/\/mwb.com.pl\/18pulk\/wp-json\/wp\/v2\/pages\/38","targetHints":{"allow":["GET"]}}],"collection":[{"href":"https:\/\/mwb.com.pl\/18pulk\/wp-json\/wp\/v2\/pages"}],"about":[{"href":"https:\/\/mwb.com.pl\/18pulk\/wp-json\/wp\/v2\/types\/page"}],"author":[{"embeddable":true,"href":"https:\/\/mwb.com.pl\/18pulk\/wp-json\/wp\/v2\/users\/1"}],"replies":[{"embeddable":true,"href":"https:\/\/mwb.com.pl\/18pulk\/wp-json\/wp\/v2\/comments?post=38"}],"version-history":[{"count":31,"href":"https:\/\/mwb.com.pl\/18pulk\/wp-json\/wp\/v2\/pages\/38\/revisions"}],"predecessor-version":[{"id":2031,"href":"https:\/\/mwb.com.pl\/18pulk\/wp-json\/wp\/v2\/pages\/38\/revisions\/2031"}],"up":[{"embeddable":true,"href":"https:\/\/mwb.com.pl\/18pulk\/wp-json\/wp\/v2\/pages\/18"}],"wp:attachment":[{"href":"https:\/\/mwb.com.pl\/18pulk\/wp-json\/wp\/v2\/media?parent=38"}],"curies":[{"name":"wp","href":"https:\/\/api.w.org\/{rel}","templated":true}]}}