{"id":36,"date":"2021-02-09T12:28:15","date_gmt":"2021-02-09T11:28:15","guid":{"rendered":"https:\/\/mwb.com.pl\/18pulk\/?page_id=36"},"modified":"2022-03-03T11:08:31","modified_gmt":"2022-03-03T10:08:31","slug":"proporczyk","status":"publish","type":"page","link":"https:\/\/mwb.com.pl\/18pulk\/symbole-i-barwy\/proporczyk\/","title":{"rendered":"Proporczyk"},"content":{"rendered":"\t\t<div data-elementor-type=\"wp-page\" data-elementor-id=\"36\" class=\"elementor elementor-36\">\n\t\t\t\t\t\t<section class=\"elementor-section elementor-top-section elementor-element elementor-element-853bb6a elementor-section-boxed elementor-section-height-default elementor-section-height-default\" data-id=\"853bb6a\" data-element_type=\"section\" data-e-type=\"section\" data-settings=\"{&quot;background_background&quot;:&quot;classic&quot;}\">\n\t\t\t\t\t\t<div class=\"elementor-container elementor-column-gap-default\">\n\t\t\t\t\t<div class=\"elementor-column elementor-col-100 elementor-top-column elementor-element elementor-element-46d336a\" data-id=\"46d336a\" data-element_type=\"column\" data-e-type=\"column\">\n\t\t\t<div class=\"elementor-widget-wrap elementor-element-populated\">\n\t\t\t\t\t\t<div class=\"elementor-element elementor-element-5bd5597 elementor-widget elementor-widget-heading\" data-id=\"5bd5597\" data-element_type=\"widget\" data-e-type=\"widget\" data-widget_type=\"heading.default\">\n\t\t\t\t<div class=\"elementor-widget-container\">\n\t\t\t\t\t<h2 class=\"elementor-heading-title elementor-size-default\">PROPORCZYK NA BERET<\/h2>\t\t\t\t<\/div>\n\t\t\t\t<\/div>\n\t\t\t\t\t<\/div>\n\t\t<\/div>\n\t\t\t\t\t<\/div>\n\t\t<\/section>\n\t\t\t\t<section class=\"elementor-section elementor-top-section elementor-element elementor-element-e2f2efc elementor-section-boxed elementor-section-height-default elementor-section-height-default\" data-id=\"e2f2efc\" data-element_type=\"section\" data-e-type=\"section\" data-settings=\"{&quot;background_background&quot;:&quot;classic&quot;}\">\n\t\t\t\t\t\t<div class=\"elementor-container elementor-column-gap-default\">\n\t\t\t\t\t<div class=\"elementor-column elementor-col-100 elementor-top-column elementor-element elementor-element-3fff115\" data-id=\"3fff115\" data-element_type=\"column\" data-e-type=\"column\">\n\t\t\t<div class=\"elementor-widget-wrap elementor-element-populated\">\n\t\t\t\t\t\t<div class=\"elementor-element elementor-element-76af268 elementor-widget elementor-widget-text-editor\" data-id=\"76af268\" data-element_type=\"widget\" data-e-type=\"widget\" data-widget_type=\"text-editor.default\">\n\t\t\t\t<div class=\"elementor-widget-container\">\n\t\t\t\t\t\t\t\t\t<p>We wsp\u00f3\u0142czesnym Wojsku Polskim proporczyk na beret stanowi \u2013 obok oznaki \u2013 znak rozpoznawczy jednostki. Proporczyk 18. pr zosta\u0142 zaczerpni\u0119ty z tradycji U\u0142an\u00f3w Karpackich: dwubarwny, b\u0142\u0119kitno-czerwony proporzec zdobi\u0105 palmy i p\u00f3\u0142ksi\u0119\u017cyc.<\/p><p>Geneza proporczyka Pu\u0142ku U\u0142an\u00f3w Karpackich si\u0119ga 1942 r. W okresie od 2 lipca do 1 pa\u017adziernika jednostka stanowi\u0142a za\u0142og\u0119 chroni\u0105c\u0105 zapory wodne w Delcie Nilu. Tradycyjne barwy kawaleryjskie (amarant i granat) zast\u0105piono w\u00f3wczas kolorami czerwonym i niebieskim, a na nie na\u0142o\u017cono palmy i p\u00f3\u0142ksi\u0119\u017cyc. Wz\u00f3r proporczyka wdro\u017cono w jednostce pa\u017adzierniku 1943 r.<\/p><p>Proporczyk 18. Bia\u0142ostockiego Pu\u0142ku Rozpoznawczego wyst\u0119puje w dw\u00f3ch wersjach \u2013 haftowanej i metalowej. Noszony jest przez \u017co\u0142nierzy pu\u0142ku na zielonym berecie Wojsk L\u0105dowych, na lewo od or\u0142a i plakiety ze stopniem wojskowym, czyli na wysoko\u015bci skroni.<\/p><p>Podobne proporczyki u\u017cytkowane by\u0142o r\u00f3wnie\u017c w 73. Pu\u0142ku Zmechanizowanym U\u0142an\u00f3w Karpackich. R\u00f3\u017cnic\u0105 w stosunku do proporczyk\u00f3w 18. pr by\u0142o skierowanie pochylenia palm w stron\u0119 b\u0142\u0119kitnego, a nie czerwonego pola proporczyka.<\/p>\t\t\t\t\t\t\t\t<\/div>\n\t\t\t\t<\/div>\n\t\t\t\t\t<\/div>\n\t\t<\/div>\n\t\t\t\t\t<\/div>\n\t\t<\/section>\n\t\t\t\t<section class=\"elementor-section elementor-top-section elementor-element elementor-element-6799671 elementor-section-boxed elementor-section-height-default elementor-section-height-default\" data-id=\"6799671\" data-element_type=\"section\" data-e-type=\"section\" data-settings=\"{&quot;background_background&quot;:&quot;classic&quot;}\">\n\t\t\t\t\t\t<div class=\"elementor-container elementor-column-gap-default\">\n\t\t\t\t\t<div class=\"elementor-column elementor-col-33 elementor-top-column elementor-element elementor-element-e90006b\" data-id=\"e90006b\" data-element_type=\"column\" data-e-type=\"column\">\n\t\t\t<div class=\"elementor-widget-wrap elementor-element-populated\">\n\t\t\t\t\t\t<div class=\"elementor-element elementor-element-ded8252 elementor-position-top elementor-widget elementor-widget-image-box\" data-id=\"ded8252\" data-element_type=\"widget\" data-e-type=\"widget\" data-widget_type=\"image-box.default\">\n\t\t\t\t<div class=\"elementor-widget-container\">\n\t\t\t\t\t<div class=\"elementor-image-box-wrapper\"><figure class=\"elementor-image-box-img\"><a href=\"https:\/\/mwb.com.pl\/18pulk\/wp-content\/uploads\/2021\/02\/2.jpg\" tabindex=\"-1\"><img fetchpriority=\"high\" decoding=\"async\" width=\"600\" height=\"1397\" src=\"https:\/\/mwb.com.pl\/18pulk\/wp-content\/uploads\/2021\/02\/2.jpg\" class=\"attachment-full size-full wp-image-440\" alt=\"Metalowy proporczyk 18. Bia\u0142ostockiego Pu\u0142ku Rozpoznawczego (MWB\/6242)\" srcset=\"https:\/\/mwb.com.pl\/18pulk\/wp-content\/uploads\/2021\/02\/2.jpg 600w, https:\/\/mwb.com.pl\/18pulk\/wp-content\/uploads\/2021\/02\/2-129x300.jpg 129w, https:\/\/mwb.com.pl\/18pulk\/wp-content\/uploads\/2021\/02\/2-440x1024.jpg 440w, https:\/\/mwb.com.pl\/18pulk\/wp-content\/uploads\/2021\/02\/2-230x536.jpg 230w, https:\/\/mwb.com.pl\/18pulk\/wp-content\/uploads\/2021\/02\/2-350x815.jpg 350w, https:\/\/mwb.com.pl\/18pulk\/wp-content\/uploads\/2021\/02\/2-480x1118.jpg 480w\" sizes=\"(max-width: 600px) 100vw, 600px\" \/><\/a><\/figure><div class=\"elementor-image-box-content\"><p class=\"elementor-image-box-description\">Metalowy proporczyk 18. Bia\u0142ostockiego Pu\u0142ku Rozpoznawczego (MWB\/6242)<\/p><\/div><\/div>\t\t\t\t<\/div>\n\t\t\t\t<\/div>\n\t\t\t\t\t<\/div>\n\t\t<\/div>\n\t\t\t\t<div class=\"elementor-column elementor-col-33 elementor-top-column elementor-element elementor-element-02874f7\" data-id=\"02874f7\" data-element_type=\"column\" data-e-type=\"column\">\n\t\t\t<div class=\"elementor-widget-wrap elementor-element-populated\">\n\t\t\t\t\t\t<div class=\"elementor-element elementor-element-543db51 elementor-position-top elementor-widget elementor-widget-image-box\" data-id=\"543db51\" data-element_type=\"widget\" data-e-type=\"widget\" data-widget_type=\"image-box.default\">\n\t\t\t\t<div class=\"elementor-widget-container\">\n\t\t\t\t\t<div class=\"elementor-image-box-wrapper\"><figure class=\"elementor-image-box-img\"><a href=\"https:\/\/mwb.com.pl\/18pulk\/wp-content\/uploads\/2021\/02\/1-1.jpg\" tabindex=\"-1\"><img decoding=\"async\" width=\"600\" height=\"1161\" src=\"https:\/\/mwb.com.pl\/18pulk\/wp-content\/uploads\/2021\/02\/1-1.jpg\" class=\"attachment-full size-full wp-image-436\" alt=\"Haftowany proporczyk 18. Bia\u0142ostockiego Pu\u0142ku Rozpoznawczego\" srcset=\"https:\/\/mwb.com.pl\/18pulk\/wp-content\/uploads\/2021\/02\/1-1.jpg 600w, https:\/\/mwb.com.pl\/18pulk\/wp-content\/uploads\/2021\/02\/1-1-155x300.jpg 155w, https:\/\/mwb.com.pl\/18pulk\/wp-content\/uploads\/2021\/02\/1-1-529x1024.jpg 529w, https:\/\/mwb.com.pl\/18pulk\/wp-content\/uploads\/2021\/02\/1-1-230x445.jpg 230w, https:\/\/mwb.com.pl\/18pulk\/wp-content\/uploads\/2021\/02\/1-1-350x677.jpg 350w, https:\/\/mwb.com.pl\/18pulk\/wp-content\/uploads\/2021\/02\/1-1-480x929.jpg 480w\" sizes=\"(max-width: 600px) 100vw, 600px\" \/><\/a><\/figure><div class=\"elementor-image-box-content\"><p class=\"elementor-image-box-description\">Haftowany proporczyk 18. Bia\u0142ostockiego Pu\u0142ku Rozpoznawczego<\/p><\/div><\/div>\t\t\t\t<\/div>\n\t\t\t\t<\/div>\n\t\t\t\t\t<\/div>\n\t\t<\/div>\n\t\t\t\t<div class=\"elementor-column elementor-col-33 elementor-top-column elementor-element elementor-element-bc2691c\" data-id=\"bc2691c\" data-element_type=\"column\" data-e-type=\"column\">\n\t\t\t<div class=\"elementor-widget-wrap elementor-element-populated\">\n\t\t\t\t\t\t<section class=\"elementor-section elementor-inner-section elementor-element elementor-element-872ec32 elementor-section-boxed elementor-section-height-default elementor-section-height-default\" data-id=\"872ec32\" data-element_type=\"section\" data-e-type=\"section\">\n\t\t\t\t\t\t<div class=\"elementor-container elementor-column-gap-default\">\n\t\t\t\t\t<div class=\"elementor-column elementor-col-50 elementor-inner-column elementor-element elementor-element-7d45e30\" data-id=\"7d45e30\" data-element_type=\"column\" data-e-type=\"column\">\n\t\t\t<div class=\"elementor-widget-wrap elementor-element-populated\">\n\t\t\t\t\t\t<div class=\"elementor-element elementor-element-2c028ff elementor-position-top elementor-widget elementor-widget-image-box\" data-id=\"2c028ff\" data-element_type=\"widget\" data-e-type=\"widget\" data-widget_type=\"image-box.default\">\n\t\t\t\t<div class=\"elementor-widget-container\">\n\t\t\t\t\t<div class=\"elementor-image-box-wrapper\"><figure class=\"elementor-image-box-img\"><a href=\"https:\/\/mwb.com.pl\/18pulk\/wp-content\/uploads\/2021\/02\/3-1.jpg\" tabindex=\"-1\"><img decoding=\"async\" width=\"600\" height=\"1368\" src=\"https:\/\/mwb.com.pl\/18pulk\/wp-content\/uploads\/2021\/02\/3-1.jpg\" class=\"attachment-full size-full wp-image-450\" alt=\"Metalowy proporczyk 73. Pu\u0142ku Zmechanizowanego Pu\u0142ku U\u0142an\u00f3w Kaprackich. (zbiory prywatne)\" srcset=\"https:\/\/mwb.com.pl\/18pulk\/wp-content\/uploads\/2021\/02\/3-1.jpg 600w, https:\/\/mwb.com.pl\/18pulk\/wp-content\/uploads\/2021\/02\/3-1-132x300.jpg 132w, https:\/\/mwb.com.pl\/18pulk\/wp-content\/uploads\/2021\/02\/3-1-449x1024.jpg 449w, https:\/\/mwb.com.pl\/18pulk\/wp-content\/uploads\/2021\/02\/3-1-230x524.jpg 230w, https:\/\/mwb.com.pl\/18pulk\/wp-content\/uploads\/2021\/02\/3-1-350x798.jpg 350w, https:\/\/mwb.com.pl\/18pulk\/wp-content\/uploads\/2021\/02\/3-1-480x1094.jpg 480w\" sizes=\"(max-width: 600px) 100vw, 600px\" \/><\/a><\/figure><\/div>\t\t\t\t<\/div>\n\t\t\t\t<\/div>\n\t\t\t\t\t<\/div>\n\t\t<\/div>\n\t\t\t\t<div class=\"elementor-column elementor-col-50 elementor-inner-column elementor-element elementor-element-578cd88\" data-id=\"578cd88\" data-element_type=\"column\" data-e-type=\"column\">\n\t\t\t<div class=\"elementor-widget-wrap elementor-element-populated\">\n\t\t\t\t\t\t<div class=\"elementor-element elementor-element-a9a77a8 elementor-position-top elementor-widget elementor-widget-image-box\" data-id=\"a9a77a8\" data-element_type=\"widget\" data-e-type=\"widget\" data-widget_type=\"image-box.default\">\n\t\t\t\t<div class=\"elementor-widget-container\">\n\t\t\t\t\t<div class=\"elementor-image-box-wrapper\"><figure class=\"elementor-image-box-img\"><a href=\"https:\/\/mwb.com.pl\/18pulk\/wp-content\/uploads\/2021\/02\/4-2.jpg\" tabindex=\"-1\"><img loading=\"lazy\" decoding=\"async\" width=\"600\" height=\"1328\" src=\"https:\/\/mwb.com.pl\/18pulk\/wp-content\/uploads\/2021\/02\/4-2.jpg\" class=\"attachment-full size-full wp-image-454\" alt=\"Metalowy proporczyk 73. Zmechanizowanego Pu\u0142ku U\u0142an\u00f3w Karpackich. (zbiory prywatne)\" srcset=\"https:\/\/mwb.com.pl\/18pulk\/wp-content\/uploads\/2021\/02\/4-2.jpg 600w, https:\/\/mwb.com.pl\/18pulk\/wp-content\/uploads\/2021\/02\/4-2-136x300.jpg 136w, https:\/\/mwb.com.pl\/18pulk\/wp-content\/uploads\/2021\/02\/4-2-463x1024.jpg 463w, https:\/\/mwb.com.pl\/18pulk\/wp-content\/uploads\/2021\/02\/4-2-230x509.jpg 230w, https:\/\/mwb.com.pl\/18pulk\/wp-content\/uploads\/2021\/02\/4-2-350x775.jpg 350w, https:\/\/mwb.com.pl\/18pulk\/wp-content\/uploads\/2021\/02\/4-2-480x1062.jpg 480w\" sizes=\"(max-width: 600px) 100vw, 600px\" \/><\/a><\/figure><\/div>\t\t\t\t<\/div>\n\t\t\t\t<\/div>\n\t\t\t\t\t<\/div>\n\t\t<\/div>\n\t\t\t\t\t<\/div>\n\t\t<\/section>\n\t\t\t\t<section class=\"elementor-section elementor-inner-section elementor-element elementor-element-076c145 elementor-section-boxed elementor-section-height-default elementor-section-height-default\" data-id=\"076c145\" data-element_type=\"section\" data-e-type=\"section\">\n\t\t\t\t\t\t<div class=\"elementor-container elementor-column-gap-default\">\n\t\t\t\t\t<div class=\"elementor-column elementor-col-100 elementor-inner-column elementor-element elementor-element-ce5952c\" data-id=\"ce5952c\" data-element_type=\"column\" data-e-type=\"column\">\n\t\t\t<div class=\"elementor-widget-wrap elementor-element-populated\">\n\t\t\t\t\t\t<div class=\"elementor-element elementor-element-a15282f elementor-widget elementor-widget-text-editor\" data-id=\"a15282f\" data-element_type=\"widget\" data-e-type=\"widget\" data-widget_type=\"text-editor.default\">\n\t\t\t\t<div class=\"elementor-widget-container\">\n\t\t\t\t\t\t\t\t\tMetalowe proporczyki 73. Pu\u0142ku Zmechanizowanego U\u0142an\u00f3w Karpackich<br> (zbiory prywatne)\t\t\t\t\t\t\t\t<\/div>\n\t\t\t\t<\/div>\n\t\t\t\t\t<\/div>\n\t\t<\/div>\n\t\t\t\t\t<\/div>\n\t\t<\/section>\n\t\t\t\t\t<\/div>\n\t\t<\/div>\n\t\t\t\t\t<\/div>\n\t\t<\/section>\n\t\t\t\t<section class=\"elementor-section elementor-top-section elementor-element elementor-element-83927ad elementor-section-boxed elementor-section-height-default elementor-section-height-default\" data-id=\"83927ad\" data-element_type=\"section\" data-e-type=\"section\" data-settings=\"{&quot;background_background&quot;:&quot;classic&quot;}\">\n\t\t\t\t\t\t<div class=\"elementor-container elementor-column-gap-default\">\n\t\t\t\t\t<div class=\"elementor-column elementor-col-50 elementor-top-column elementor-element elementor-element-7f53157\" data-id=\"7f53157\" data-element_type=\"column\" data-e-type=\"column\">\n\t\t\t<div class=\"elementor-widget-wrap elementor-element-populated\">\n\t\t\t\t\t\t<div class=\"elementor-element elementor-element-35aafd9 elementor-position-top elementor-widget elementor-widget-image-box\" data-id=\"35aafd9\" data-element_type=\"widget\" data-e-type=\"widget\" data-widget_type=\"image-box.default\">\n\t\t\t\t<div class=\"elementor-widget-container\">\n\t\t\t\t\t<div class=\"elementor-image-box-wrapper\"><figure class=\"elementor-image-box-img\"><a href=\"https:\/\/mwb.com.pl\/18pulk\/wp-content\/uploads\/2021\/02\/5-2.jpg\" tabindex=\"-1\"><img loading=\"lazy\" decoding=\"async\" width=\"900\" height=\"600\" src=\"https:\/\/mwb.com.pl\/18pulk\/wp-content\/uploads\/2021\/02\/5-2.jpg\" class=\"attachment-full size-full wp-image-461\" alt=\"Beret Wojsk L\u0105dowych wz. 2001 dow\u00f3dcy 18. pr p\u0142k. dypl. Wies\u0142awa Podleckiego (MWB\/5828)\" srcset=\"https:\/\/mwb.com.pl\/18pulk\/wp-content\/uploads\/2021\/02\/5-2.jpg 900w, https:\/\/mwb.com.pl\/18pulk\/wp-content\/uploads\/2021\/02\/5-2-300x200.jpg 300w, https:\/\/mwb.com.pl\/18pulk\/wp-content\/uploads\/2021\/02\/5-2-768x512.jpg 768w, https:\/\/mwb.com.pl\/18pulk\/wp-content\/uploads\/2021\/02\/5-2-830x553.jpg 830w, https:\/\/mwb.com.pl\/18pulk\/wp-content\/uploads\/2021\/02\/5-2-230x153.jpg 230w, https:\/\/mwb.com.pl\/18pulk\/wp-content\/uploads\/2021\/02\/5-2-350x233.jpg 350w, https:\/\/mwb.com.pl\/18pulk\/wp-content\/uploads\/2021\/02\/5-2-480x320.jpg 480w\" sizes=\"(max-width: 900px) 100vw, 900px\" \/><\/a><\/figure><div class=\"elementor-image-box-content\"><p class=\"elementor-image-box-description\">Beret Wojsk L\u0105dowych wz. 2001 dow\u00f3dcy 18. pr p\u0142k. dypl. Wies\u0142awa Podleckiego (MWB\/5828)<\/p><\/div><\/div>\t\t\t\t<\/div>\n\t\t\t\t<\/div>\n\t\t\t\t\t<\/div>\n\t\t<\/div>\n\t\t\t\t<div class=\"elementor-column elementor-col-50 elementor-top-column elementor-element elementor-element-91d0fc4\" data-id=\"91d0fc4\" data-element_type=\"column\" data-e-type=\"column\">\n\t\t\t<div class=\"elementor-widget-wrap elementor-element-populated\">\n\t\t\t\t\t\t<div class=\"elementor-element elementor-element-708d7b0 elementor-position-top elementor-widget elementor-widget-image-box\" data-id=\"708d7b0\" data-element_type=\"widget\" data-e-type=\"widget\" data-widget_type=\"image-box.default\">\n\t\t\t\t<div class=\"elementor-widget-container\">\n\t\t\t\t\t<div class=\"elementor-image-box-wrapper\"><figure class=\"elementor-image-box-img\"><a href=\"https:\/\/mwb.com.pl\/18pulk\/wp-content\/uploads\/2021\/02\/6-2.jpg\" tabindex=\"-1\"><img loading=\"lazy\" decoding=\"async\" width=\"900\" height=\"600\" src=\"https:\/\/mwb.com.pl\/18pulk\/wp-content\/uploads\/2021\/02\/6-2.jpg\" class=\"attachment-full size-full wp-image-462\" alt=\"Dow\u00f3dca 18. Bia\u0142ostockiego Pu\u0142ku Rozpoznawczego \u2013 p\u0142k. Pawe\u0142 Lachowski\" srcset=\"https:\/\/mwb.com.pl\/18pulk\/wp-content\/uploads\/2021\/02\/6-2.jpg 900w, https:\/\/mwb.com.pl\/18pulk\/wp-content\/uploads\/2021\/02\/6-2-300x200.jpg 300w, https:\/\/mwb.com.pl\/18pulk\/wp-content\/uploads\/2021\/02\/6-2-768x512.jpg 768w, https:\/\/mwb.com.pl\/18pulk\/wp-content\/uploads\/2021\/02\/6-2-830x553.jpg 830w, https:\/\/mwb.com.pl\/18pulk\/wp-content\/uploads\/2021\/02\/6-2-230x153.jpg 230w, https:\/\/mwb.com.pl\/18pulk\/wp-content\/uploads\/2021\/02\/6-2-350x233.jpg 350w, https:\/\/mwb.com.pl\/18pulk\/wp-content\/uploads\/2021\/02\/6-2-480x320.jpg 480w\" sizes=\"(max-width: 900px) 100vw, 900px\" \/><\/a><\/figure><div class=\"elementor-image-box-content\"><p class=\"elementor-image-box-description\">Dow\u00f3dca 18. Bia\u0142ostockiego Pu\u0142ku Rozpoznawczego \u2013 p\u0142k Pawe\u0142 Adam Lachowski. Fotografia dobrze ukazuje prawid\u0142owe u\u0142o\u017cenie beretu oraz rozmieszczenie god\u0142a Wojsk L\u0105dowych, plakiety ze stopniem oraz proporczyka pu\u0142ku (archiwum 18. pr)<\/p><\/div><\/div>\t\t\t\t<\/div>\n\t\t\t\t<\/div>\n\t\t\t\t\t<\/div>\n\t\t<\/div>\n\t\t\t\t\t<\/div>\n\t\t<\/section>\n\t\t\t\t<\/div>\n\t\t","protected":false},"excerpt":{"rendered":"<p>PROPORCZYK NA BERET We wsp\u00f3\u0142czesnym Wojsku Polskim proporczyk na beret stanowi \u2013 obok oznaki \u2013 znak rozpoznawczy jednostki. Proporczyk 18. pr zosta\u0142 zaczerpni\u0119ty z tradycji U\u0142an\u00f3w Karpackich: dwubarwny, b\u0142\u0119kitno-czerwony proporzec zdobi\u0105 palmy i p\u00f3\u0142ksi\u0119\u017cyc. Geneza proporczyka Pu\u0142ku U\u0142an\u00f3w Karpackich si\u0119ga 1942 r. W okresie od 2 lipca do 1 pa\u017adziernika jednostka stanowi\u0142a za\u0142og\u0119 chroni\u0105c\u0105 zapory [&hellip;]<\/p>\n","protected":false},"author":1,"featured_media":0,"parent":18,"menu_order":0,"comment_status":"closed","ping_status":"closed","template":"page-templates\/page_front-page.php","meta":{"footnotes":""},"class_list":["post-36","page","type-page","status-publish","hentry"],"_links":{"self":[{"href":"https:\/\/mwb.com.pl\/18pulk\/wp-json\/wp\/v2\/pages\/36","targetHints":{"allow":["GET"]}}],"collection":[{"href":"https:\/\/mwb.com.pl\/18pulk\/wp-json\/wp\/v2\/pages"}],"about":[{"href":"https:\/\/mwb.com.pl\/18pulk\/wp-json\/wp\/v2\/types\/page"}],"author":[{"embeddable":true,"href":"https:\/\/mwb.com.pl\/18pulk\/wp-json\/wp\/v2\/users\/1"}],"replies":[{"embeddable":true,"href":"https:\/\/mwb.com.pl\/18pulk\/wp-json\/wp\/v2\/comments?post=36"}],"version-history":[{"count":85,"href":"https:\/\/mwb.com.pl\/18pulk\/wp-json\/wp\/v2\/pages\/36\/revisions"}],"predecessor-version":[{"id":2043,"href":"https:\/\/mwb.com.pl\/18pulk\/wp-json\/wp\/v2\/pages\/36\/revisions\/2043"}],"up":[{"embeddable":true,"href":"https:\/\/mwb.com.pl\/18pulk\/wp-json\/wp\/v2\/pages\/18"}],"wp:attachment":[{"href":"https:\/\/mwb.com.pl\/18pulk\/wp-json\/wp\/v2\/media?parent=36"}],"curies":[{"name":"wp","href":"https:\/\/api.w.org\/{rel}","templated":true}]}}