{"id":32,"date":"2021-02-09T12:27:36","date_gmt":"2021-02-09T11:27:36","guid":{"rendered":"https:\/\/mwb.com.pl\/18pulk\/?page_id=32"},"modified":"2022-03-03T11:06:39","modified_gmt":"2022-03-03T10:06:39","slug":"oznaka-rozpoznawcza","status":"publish","type":"page","link":"https:\/\/mwb.com.pl\/18pulk\/symbole-i-barwy\/oznaka-rozpoznawcza\/","title":{"rendered":"Oznaka rozpoznawcza"},"content":{"rendered":"\t\t<div data-elementor-type=\"wp-page\" data-elementor-id=\"32\" class=\"elementor elementor-32\">\n\t\t\t\t\t\t<section class=\"elementor-section elementor-top-section elementor-element elementor-element-dbde49b elementor-section-boxed elementor-section-height-default elementor-section-height-default\" data-id=\"dbde49b\" data-element_type=\"section\" data-e-type=\"section\" data-settings=\"{&quot;background_background&quot;:&quot;classic&quot;}\">\n\t\t\t\t\t\t<div class=\"elementor-container elementor-column-gap-default\">\n\t\t\t\t\t<div class=\"elementor-column elementor-col-100 elementor-top-column elementor-element elementor-element-c0688f1\" data-id=\"c0688f1\" data-element_type=\"column\" data-e-type=\"column\">\n\t\t\t<div class=\"elementor-widget-wrap elementor-element-populated\">\n\t\t\t\t\t\t<div class=\"elementor-element elementor-element-03d977f elementor-widget elementor-widget-heading\" data-id=\"03d977f\" data-element_type=\"widget\" data-e-type=\"widget\" data-widget_type=\"heading.default\">\n\t\t\t\t<div class=\"elementor-widget-container\">\n\t\t\t\t\t<h2 class=\"elementor-heading-title elementor-size-default\">OZNAKA ROZPOZNAWCZA<\/h2>\t\t\t\t<\/div>\n\t\t\t\t<\/div>\n\t\t\t\t\t<\/div>\n\t\t<\/div>\n\t\t\t\t\t<\/div>\n\t\t<\/section>\n\t\t\t\t<section class=\"elementor-section elementor-top-section elementor-element elementor-element-6826f48 elementor-section-boxed elementor-section-height-default elementor-section-height-default\" data-id=\"6826f48\" data-element_type=\"section\" data-e-type=\"section\" data-settings=\"{&quot;background_background&quot;:&quot;classic&quot;}\">\n\t\t\t\t\t\t<div class=\"elementor-container elementor-column-gap-default\">\n\t\t\t\t\t<div class=\"elementor-column elementor-col-100 elementor-top-column elementor-element elementor-element-96bbc7a\" data-id=\"96bbc7a\" data-element_type=\"column\" data-e-type=\"column\">\n\t\t\t<div class=\"elementor-widget-wrap elementor-element-populated\">\n\t\t\t\t\t\t<div class=\"elementor-element elementor-element-7be1ff3 elementor-widget elementor-widget-text-editor\" data-id=\"7be1ff3\" data-element_type=\"widget\" data-e-type=\"widget\" data-widget_type=\"text-editor.default\">\n\t\t\t\t<div class=\"elementor-widget-container\">\n\t\t\t\t\t\t\t\t\t<p>Oznaki rozpoznawcze s\u0105 elementem umundurowania wojskowego i podobnie jak odznaki pami\u0105tkowe \u015bwiadcz\u0105 o przynale\u017cno\u015bci do danego oddzia\u0142u. Jej wz\u00f3r nawi\u0105zuje do historii, tradycji oraz charakteru jednostki. Ze wzgl\u0119du na kolorystyczne i graficzne bogactwo mo\u017cna j\u0105 w zasadzie uzna\u0107 za ubogacenie munduru.<\/p><p>Tradycja noszenia oznak rozpoznawczych w Wojsku Polskim jest stosunkowo m\u0142oda, pojawi\u0142a si\u0119 bowiem podczas II wojny \u015bwiatowej w Polskich Si\u0142ach Zbrojnych na Zachodzie. \u017bo\u0142nierze polscy \u00a0tych formacji nosili umundurowanie wzoru brytyjskiego, zachowuj\u0105c w\u0142asne stopnie oraz wyr\u00f3\u017cniki. Od oddzia\u0142\u00f3w Wsp\u00f3lnoty Brytyjskiej przej\u0119to w\u00f3wczas naramienne, naszywane znaki rozpoznawcze, umieszczane pod naszywk\u0105 POLAND.<\/p><p>Oznaka 18. Bia\u0142ostockiego Pu\u0142ku Rozpoznawczego ma kszta\u0142t tarczy w barwach miasta Bia\u0142egostoku \u2013 bieli, \u017c\u00f3\u0142ci i czerwieni. Na polu tarczowym umieszczono sylwetk\u0119 skacz\u0105cego rysia oraz skrzy\u017cowane no\u017ce szturmowe. Ry\u015b oraz no\u017ce symbolizuj\u0105 charakter 18. pr. Ry\u015b jest zwierz\u0119ciem, kt\u00f3re poluje skrycie i atakuje z\u00a0zaskoczenia \u2013 czyli tak, jak powinien dzia\u0142a\u0107 \u017co\u0142nierz rozpoznania, natomiast no\u017ce nawi\u0105zuj\u0105 do cichego sposobu dzia\u0142ania zwiadowc\u00f3w. Pomara\u0144czowa obw\u00f3dka z kolei, nawi\u0105zuje do koloru otoku rogatywki wojsk rozpoznawczych. W dolnej cz\u0119\u015bci tarczy widnieje czarna cyfra 18. Wersja monochromatyczna na mundur polowy ma ten sam kszta\u0142t i elementy graficzne, z tym \u017ce kolorystyka jest \u201ezgaszona\u201d, utrzymana o odcieniach zieleni i czerni. W odmianie pustynnej, u\u017cywanej w\u00a0misjach w ramach Polskich Kontyngent\u00f3w Wojskowych poza granicami kraju, wykorzystano odcienie br\u0105zu. Pomys\u0142odawc\u0105 oznaki rozpoznawczej by\u0142 kpt.\/mjr\u00a0Jan\u00a0Bus\u0142owicz, \u00f3wczesny oficer Sekcji Wychowawczej 18. pr, natomiast za wykonanie projektu graficznego odpowiada\u0142 plut. Robert Babi\u0144ski.<\/p>\t\t\t\t\t\t\t\t<\/div>\n\t\t\t\t<\/div>\n\t\t\t\t\t<\/div>\n\t\t<\/div>\n\t\t\t\t\t<\/div>\n\t\t<\/section>\n\t\t\t\t<section class=\"elementor-section elementor-top-section elementor-element elementor-element-f57b6ac elementor-section-boxed elementor-section-height-default elementor-section-height-default\" data-id=\"f57b6ac\" data-element_type=\"section\" data-e-type=\"section\" data-settings=\"{&quot;background_background&quot;:&quot;classic&quot;}\">\n\t\t\t\t\t\t<div class=\"elementor-container elementor-column-gap-default\">\n\t\t\t\t\t<div class=\"elementor-column elementor-col-50 elementor-top-column elementor-element elementor-element-d9beae0\" data-id=\"d9beae0\" data-element_type=\"column\" data-e-type=\"column\">\n\t\t\t<div class=\"elementor-widget-wrap elementor-element-populated\">\n\t\t\t\t\t\t<div class=\"elementor-element elementor-element-f9d3460 elementor-position-top elementor-widget elementor-widget-image-box\" data-id=\"f9d3460\" data-element_type=\"widget\" data-e-type=\"widget\" data-widget_type=\"image-box.default\">\n\t\t\t\t<div class=\"elementor-widget-container\">\n\t\t\t\t\t<div class=\"elementor-image-box-wrapper\"><figure class=\"elementor-image-box-img\"><a href=\"https:\/\/mwb.com.pl\/18pulk\/wp-content\/uploads\/2021\/02\/17a.jpg\" tabindex=\"-1\"><img fetchpriority=\"high\" decoding=\"async\" width=\"600\" height=\"773\" src=\"https:\/\/mwb.com.pl\/18pulk\/wp-content\/uploads\/2021\/02\/17a.jpg\" class=\"attachment-full size-full wp-image-421\" alt=\"Oznaka rozpoznawcza 18. Bia\u0142ostockiego Pu\u0142ku Rozpoznawczego (zbiory prywatne)\" srcset=\"https:\/\/mwb.com.pl\/18pulk\/wp-content\/uploads\/2021\/02\/17a.jpg 600w, https:\/\/mwb.com.pl\/18pulk\/wp-content\/uploads\/2021\/02\/17a-233x300.jpg 233w, https:\/\/mwb.com.pl\/18pulk\/wp-content\/uploads\/2021\/02\/17a-230x296.jpg 230w, https:\/\/mwb.com.pl\/18pulk\/wp-content\/uploads\/2021\/02\/17a-350x451.jpg 350w, https:\/\/mwb.com.pl\/18pulk\/wp-content\/uploads\/2021\/02\/17a-480x618.jpg 480w\" sizes=\"(max-width: 600px) 100vw, 600px\" \/><\/a><\/figure><div class=\"elementor-image-box-content\"><p class=\"elementor-image-box-description\">Oznaka rozpoznawcza 18. Bia\u0142ostockiego Pu\u0142ku Rozpoznawczego <br>(zbiory prywatne)<\/p><\/div><\/div>\t\t\t\t<\/div>\n\t\t\t\t<\/div>\n\t\t\t\t\t<\/div>\n\t\t<\/div>\n\t\t\t\t<div class=\"elementor-column elementor-col-50 elementor-top-column elementor-element elementor-element-cda3f77\" data-id=\"cda3f77\" data-element_type=\"column\" data-e-type=\"column\">\n\t\t\t<div class=\"elementor-widget-wrap elementor-element-populated\">\n\t\t\t\t\t\t<div class=\"elementor-element elementor-element-c84f80e elementor-position-top elementor-widget elementor-widget-image-box\" data-id=\"c84f80e\" data-element_type=\"widget\" data-e-type=\"widget\" data-widget_type=\"image-box.default\">\n\t\t\t\t<div class=\"elementor-widget-container\">\n\t\t\t\t\t<div class=\"elementor-image-box-wrapper\"><figure class=\"elementor-image-box-img\"><a href=\"https:\/\/mwb.com.pl\/18pulk\/wp-content\/uploads\/2021\/02\/17b.jpg\" tabindex=\"-1\"><img decoding=\"async\" width=\"600\" height=\"751\" src=\"https:\/\/mwb.com.pl\/18pulk\/wp-content\/uploads\/2021\/02\/17b.jpg\" class=\"attachment-full size-full wp-image-1039\" alt=\"Oznaka rozpoznawcza 18. Bia\u0142ostockiego Pu\u0142ku Rozpoznawczego p\u0142k. dypl. Wies\u0142awa Podleckiego \u2013 wersja polowa (MWB\/5287\/1)\" srcset=\"https:\/\/mwb.com.pl\/18pulk\/wp-content\/uploads\/2021\/02\/17b.jpg 600w, https:\/\/mwb.com.pl\/18pulk\/wp-content\/uploads\/2021\/02\/17b-240x300.jpg 240w, https:\/\/mwb.com.pl\/18pulk\/wp-content\/uploads\/2021\/02\/17b-230x288.jpg 230w, https:\/\/mwb.com.pl\/18pulk\/wp-content\/uploads\/2021\/02\/17b-350x438.jpg 350w, https:\/\/mwb.com.pl\/18pulk\/wp-content\/uploads\/2021\/02\/17b-480x601.jpg 480w\" sizes=\"(max-width: 600px) 100vw, 600px\" \/><\/a><\/figure><div class=\"elementor-image-box-content\"><p class=\"elementor-image-box-description\">Oznaka rozpoznawcza 18. Bia\u0142ostockiego Pu\u0142ku Rozpoznawczego p\u0142k.&nbsp;dypl.&nbsp;Wies\u0142awa&nbsp;Podleckiego \u2013 wersja \u201egaszona\u201d na mundur polowy (MWB\/5287\/1)<\/p><\/div><\/div>\t\t\t\t<\/div>\n\t\t\t\t<\/div>\n\t\t\t\t\t<\/div>\n\t\t<\/div>\n\t\t\t\t\t<\/div>\n\t\t<\/section>\n\t\t\t\t<\/div>\n\t\t","protected":false},"excerpt":{"rendered":"<p>OZNAKA ROZPOZNAWCZA Oznaki rozpoznawcze s\u0105 elementem umundurowania wojskowego i podobnie jak odznaki pami\u0105tkowe \u015bwiadcz\u0105 o przynale\u017cno\u015bci do danego oddzia\u0142u. Jej wz\u00f3r nawi\u0105zuje do historii, tradycji oraz charakteru jednostki. Ze wzgl\u0119du na kolorystyczne i graficzne bogactwo mo\u017cna j\u0105 w zasadzie uzna\u0107 za ubogacenie munduru. Tradycja noszenia oznak rozpoznawczych w Wojsku Polskim jest stosunkowo m\u0142oda, pojawi\u0142a si\u0119 [&hellip;]<\/p>\n","protected":false},"author":1,"featured_media":0,"parent":18,"menu_order":0,"comment_status":"closed","ping_status":"closed","template":"page-templates\/page_front-page.php","meta":{"footnotes":""},"class_list":["post-32","page","type-page","status-publish","hentry"],"_links":{"self":[{"href":"https:\/\/mwb.com.pl\/18pulk\/wp-json\/wp\/v2\/pages\/32","targetHints":{"allow":["GET"]}}],"collection":[{"href":"https:\/\/mwb.com.pl\/18pulk\/wp-json\/wp\/v2\/pages"}],"about":[{"href":"https:\/\/mwb.com.pl\/18pulk\/wp-json\/wp\/v2\/types\/page"}],"author":[{"embeddable":true,"href":"https:\/\/mwb.com.pl\/18pulk\/wp-json\/wp\/v2\/users\/1"}],"replies":[{"embeddable":true,"href":"https:\/\/mwb.com.pl\/18pulk\/wp-json\/wp\/v2\/comments?post=32"}],"version-history":[{"count":45,"href":"https:\/\/mwb.com.pl\/18pulk\/wp-json\/wp\/v2\/pages\/32\/revisions"}],"predecessor-version":[{"id":2037,"href":"https:\/\/mwb.com.pl\/18pulk\/wp-json\/wp\/v2\/pages\/32\/revisions\/2037"}],"up":[{"embeddable":true,"href":"https:\/\/mwb.com.pl\/18pulk\/wp-json\/wp\/v2\/pages\/18"}],"wp:attachment":[{"href":"https:\/\/mwb.com.pl\/18pulk\/wp-json\/wp\/v2\/media?parent=32"}],"curies":[{"name":"wp","href":"https:\/\/api.w.org\/{rel}","templated":true}]}}